{"id":19168,"date":"2015-06-07T09:40:33","date_gmt":"2015-06-07T09:40:33","guid":{"rendered":"https:\/\/www.urlaubcornwall.de\/blog\/?page_id=19168"},"modified":"2024-05-29T07:36:04","modified_gmt":"2024-05-29T07:36:04","slug":"uebernachten-im-schloss-schlosshotels-in-england-schottland-und-wales","status":"publish","type":"page","link":"https:\/\/www.urlaubcornwall.de\/blog\/uebernachten-im-schloss-schlosshotels-in-england-schottland-und-wales\/","title":{"rendered":"\u00dcbernachten im Schloss: Schlosshotels in England, Schottland und Wales."},"content":{"rendered":"<p><strong>Leben wie ein K\u00f6nig (oder eine K\u00f6nigin!) <\/strong>Machen Sie eine Zeitreise zur\u00fcck in jene Tage der Ritter und M\u00e4gde als Schl\u00f6sser eine Hauptrolle spielten in der Verteidigung eines K\u00f6nigreiches. Historische Schl\u00f6sser zu besuchen, ist zweifelsohne ein H\u00f6hepunkt jeder Reise nach Gro\u00dfbritannien. Doch wenn Sie tats\u00e4chlich Gro\u00dfbritanniens Erbe nacherleben wollen, weshalb \u00fcbernachten Sie dann nicht im Schloss?<\/p>\n<h1><span style=\"text-decoration: underline;\"><a href=\"https:\/\/www.urlaubcornwall.de\/blog\/wunderschoenen-englischen-schlosshotel\/\"><strong>Verbringen Sie Ihren Urlaub in einem englischen Schloss &#8211; unsere Top 6<\/strong><\/a><\/span><\/h1>\n<p><img loading=\"lazy\" class=\"aligncenter size-full wp-image-24625\" src=\"https:\/\/www.urlaubcornwall.de\/blog\/wp-content\/uploads\/2016\/06\/hever-schloss-kent.jpg\" alt=\"hever schlosshotel kent\" width=\"745\" height=\"402\" srcset=\"https:\/\/www.urlaubcornwall.de\/blog\/wp-content\/uploads\/2016\/06\/hever-schloss-kent.jpg 745w, https:\/\/www.urlaubcornwall.de\/blog\/wp-content\/uploads\/2016\/06\/hever-schloss-kent-300x162.jpg 300w\" sizes=\"(max-width: 745px) 100vw, 745px\" \/><\/p>\n<p>Falls Sie nach einer ganz besonderen Unterkunft suchen, so ist unsere Auswahl an Schlosshotels in England bestimmt etwas f\u00fcr Sie. Voller Geschichte und stilvollem Charme gew\u00e4hren diese Ihnen nicht nur einen luxuri\u00f6sen Aufenthalt&#8230;.<a href=\"https:\/\/www.urlaubcornwall.de\/blog\/wunderschoenen-englischen-schlosshotel\/\">[ Mehr ]<\/a><\/p>\n<h1><span style=\"text-decoration: underline;\"><a href=\"https:\/\/www.urlaubcornwall.de\/blog\/wunderschoenen-schottischen-schlosshotel\/\"><strong>\u00dcbernachten Sie in einem wundersch\u00f6nen schottischen Schlosshotel \u2013 unsere Top 5<\/strong><\/a><\/span><\/h1>\n<p><img loading=\"lazy\" class=\"aligncenter size-full wp-image-47829\" src=\"https:\/\/www.urlaubcornwall.de\/blog\/wp-content\/uploads\/2024\/03\/eilean-donan-schloss.jpg\" alt=\"eilean donan schloss\" width=\"750\" height=\"497\" srcset=\"https:\/\/www.urlaubcornwall.de\/blog\/wp-content\/uploads\/2024\/03\/eilean-donan-schloss.jpg 750w, https:\/\/www.urlaubcornwall.de\/blog\/wp-content\/uploads\/2024\/03\/eilean-donan-schloss-300x199.jpg 300w\" sizes=\"(max-width: 750px) 100vw, 750px\" \/><\/p>\n<p>Wer wollte nicht in einem Schloss wohnen und sich wie eine k\u00f6nigliche Hoheit f\u00fchlen, wenn er k\u00f6nnte? Die Schlosshotels der schottischen Highlands sind einzigartige Zeugen der Geschichte, die nun eine der luxuri\u00f6sten Unterk\u00fcnfte des Landes bieten&#8230;.<a href=\"https:\/\/www.urlaubcornwall.de\/blog\/wunderschoenen-schottischen-schlosshotel\/\">[ Mehr ]<\/a><\/p>\n<h1><span style=\"text-decoration: underline;\"><a href=\"https:\/\/www.urlaubcornwall.de\/blog\/landhaushotels-herrenhaeuser-wales-auf-dem-lande-und-der-kueste\/\"><strong>Landhaus Hotels &amp; Herrenh\u00e4user in Wales<\/strong><\/a><\/span><\/h1>\n<p>Von der <a href=\"https:\/\/www.urlaubcornwall.de\/reiseziel\/wales.php\">Insel Anglesey bis zur K\u00fcste Pembrokeshires<\/a> hei\u00dfen wir Sie hier willkommen zu unserer Auswahl historischer ubd Romantische Landhaushotels in Wales. Sie bieten feines Speiseerlebnis, herrlichen Blick auf die Landschaft; verf\u00fcgen \u00fcber Spas auf dem Grundst\u00fcck, Wellness und Reiten, Schie\u00dfen, Wandern, Angeln und weitere Freizeitm\u00f6glichkeiten&#8230;.<a href=\"https:\/\/www.urlaubcornwall.de\/blog\/landhaushotels-herrenhaeuser-wales-auf-dem-lande-und-der-kueste\/\">[ Mehr ]<\/a><\/p>\n<p>In einem Schloss zu wohnen ist eine Erfahrung, die Sie nie vergessen werden. Stellen Sie sich vor, ein K\u00f6nig oder eine K\u00f6nigin, ein Lord oder eine Lady zu sein. Sie k\u00f6nnen in einem Appartement in Hampton Court wohnen, dem Palast von Heinrich VIII an den Ufern der Thames. Oder Sie verbringen eine Nacht im Gartenhaus des Schlosses Powis, einem spektakul\u00e4ren mittelalterlichen Schloss, das das Zuhause walisischer Prinzen war. Beweisen Sie Ihre K\u00f6nigstreue n\u00f6rdlich der Grenze und wohnen Sie im Schloss Traquair, Schottlands \u00e4ltestem bewohnten Haus, das urspr\u00fcnglich im Besitz der K\u00f6nige Schottlands war.<\/p>\n<p>Wir sind in der Lage, einen Urlaub oder eine Rundreise durch Gro\u00dfbritannien zu gestalten, wobei Sie die M\u00f6glichkeit haben, in einigen der faszinierendsten historischen Geb\u00e4ude zu wohnen, von denen viele nun zu Luxushotels und Luxusunterk\u00fcnften umgestaltet wurden. Wir legen Wert auf Qualit\u00e4t und ein Preis-Leistungsverh\u00e4ltnis, so dass Sie das Beste aus Ihrem Urlaub machen k\u00f6nnen.<\/p>\n<p><script async src=\"https:\/\/pagead2.googlesyndication.com\/pagead\/js\/adsbygoogle.js?client=ca-pub-3901089389175725\"\n     crossorigin=\"anonymous\"><\/script><br \/>\n<!-- New UC --><br \/>\n<ins class=\"adsbygoogle\"\n     style=\"display:block\"\n     data-ad-client=\"ca-pub-3901089389175725\"\n     data-ad-slot=\"8080314818\"\n     data-ad-format=\"auto\"\n     data-full-width-responsive=\"true\"><\/ins><br \/>\n<script>\n     (adsbygoogle = window.adsbygoogle || []).push({});\n<\/script><\/p>\n","protected":false},"excerpt":{"rendered":"<p>Leben wie ein K\u00f6nig (oder eine K\u00f6nigin!) Machen Sie eine Zeitreise zur\u00fcck in jene Tage der Ritter und M\u00e4gde als Schl\u00f6sser eine Hauptrolle spielten in der Verteidigung eines K\u00f6nigreiches. Historische Schl\u00f6sser zu besuchen, ist zweifelsohne ein H\u00f6hepunkt jeder Reise nach Gro\u00dfbritannien. Doch wenn Sie tats\u00e4chlich Gro\u00dfbritanniens Erbe nacherleben wollen, weshalb \u00fcbernachten Sie dann nicht im [&hellip;]<\/p>\n","protected":false},"author":1,"featured_media":0,"parent":0,"menu_order":0,"comment_status":"closed","ping_status":"closed","template":"single-two.php","meta":[],"acf":[],"yoast_head":"<!-- This site is optimized with the Yoast SEO plugin v19.4 - https:\/\/yoast.com\/wordpress\/plugins\/seo\/ -->\n<title>\u00dcbernachten im Schloss: Schlosshotels in England, Schottland und Wales. - Urlaub &amp; Reisen<\/title>\n<meta name=\"robots\" content=\"index, follow, max-snippet:-1, max-image-preview:large, max-video-preview:-1\" \/>\n<link rel=\"canonical\" href=\"https:\/\/www.urlaubcornwall.de\/blog\/uebernachten-im-schloss-schlosshotels-in-england-schottland-und-wales\/\" \/>\n<meta property=\"og:locale\" content=\"en_US\" \/>\n<meta property=\"og:type\" content=\"article\" \/>\n<meta property=\"og:title\" content=\"\u00dcbernachten im Schloss: Schlosshotels in England, Schottland und Wales. - Urlaub &amp; Reisen\" \/>\n<meta property=\"og:description\" content=\"Leben wie ein K\u00f6nig (oder eine K\u00f6nigin!) Machen Sie eine Zeitreise zur\u00fcck in jene Tage der Ritter und M\u00e4gde als Schl\u00f6sser eine Hauptrolle spielten in der Verteidigung eines K\u00f6nigreiches. Historische Schl\u00f6sser zu besuchen, ist zweifelsohne ein H\u00f6hepunkt jeder Reise nach Gro\u00dfbritannien. Doch wenn Sie tats\u00e4chlich Gro\u00dfbritanniens Erbe nacherleben wollen, weshalb \u00fcbernachten Sie dann nicht im [&hellip;]\" \/>\n<meta property=\"og:url\" content=\"https:\/\/www.urlaubcornwall.de\/blog\/uebernachten-im-schloss-schlosshotels-in-england-schottland-und-wales\/\" \/>\n<meta property=\"og:site_name\" content=\"Urlaub &amp; Reisen\" \/>\n<meta property=\"article:modified_time\" content=\"2024-05-29T07:36:04+00:00\" \/>\n<meta property=\"og:image\" content=\"https:\/\/www.urlaubcornwall.de\/blog\/wp-content\/uploads\/2016\/06\/hever-schloss-kent.jpg\" \/>\n<meta name=\"twitter:card\" content=\"summary\" \/>\n<meta name=\"twitter:label1\" content=\"Est. reading time\" \/>\n\t<meta name=\"twitter:data1\" content=\"2 minutes\" \/>\n<script type=\"application\/ld+json\" class=\"yoast-schema-graph\">{\"@context\":\"https:\/\/schema.org\",\"@graph\":[{\"@type\":\"WebSite\",\"@id\":\"https:\/\/www.urlaubcornwall.de\/blog\/#website\",\"url\":\"https:\/\/www.urlaubcornwall.de\/blog\/\",\"name\":\"Urlaub &amp; Reisen\",\"description\":\"Urlaub, Reisen, Cornwall und S\u00fcdengland: eine perfekte Kombination\",\"potentialAction\":[{\"@type\":\"SearchAction\",\"target\":{\"@type\":\"EntryPoint\",\"urlTemplate\":\"https:\/\/www.urlaubcornwall.de\/blog\/?s={search_term_string}\"},\"query-input\":\"required name=search_term_string\"}],\"inLanguage\":\"en-US\"},{\"@type\":\"WebPage\",\"@id\":\"https:\/\/www.urlaubcornwall.de\/blog\/uebernachten-im-schloss-schlosshotels-in-england-schottland-und-wales\/\",\"url\":\"https:\/\/www.urlaubcornwall.de\/blog\/uebernachten-im-schloss-schlosshotels-in-england-schottland-und-wales\/\",\"name\":\"\u00dcbernachten im Schloss: Schlosshotels in England, Schottland und Wales. - Urlaub &amp; Reisen\",\"isPartOf\":{\"@id\":\"https:\/\/www.urlaubcornwall.de\/blog\/#website\"},\"datePublished\":\"2015-06-07T09:40:33+00:00\",\"dateModified\":\"2024-05-29T07:36:04+00:00\",\"breadcrumb\":{\"@id\":\"https:\/\/www.urlaubcornwall.de\/blog\/uebernachten-im-schloss-schlosshotels-in-england-schottland-und-wales\/#breadcrumb\"},\"inLanguage\":\"en-US\",\"potentialAction\":[{\"@type\":\"ReadAction\",\"target\":[\"https:\/\/www.urlaubcornwall.de\/blog\/uebernachten-im-schloss-schlosshotels-in-england-schottland-und-wales\/\"]}]},{\"@type\":\"BreadcrumbList\",\"@id\":\"https:\/\/www.urlaubcornwall.de\/blog\/uebernachten-im-schloss-schlosshotels-in-england-schottland-und-wales\/#breadcrumb\",\"itemListElement\":[{\"@type\":\"ListItem\",\"position\":1,\"name\":\"Home\",\"item\":\"https:\/\/www.urlaubcornwall.de\/blog\/\"},{\"@type\":\"ListItem\",\"position\":2,\"name\":\"\u00dcbernachten im Schloss: Schlosshotels in England, Schottland und Wales.\"}]}]}<\/script>\n<!-- \/ Yoast SEO plugin. -->","yoast_head_json":{"title":"\u00dcbernachten im Schloss: Schlosshotels in England, Schottland und Wales. - Urlaub &amp; Reisen","robots":{"index":"index","follow":"follow","max-snippet":"max-snippet:-1","max-image-preview":"max-image-preview:large","max-video-preview":"max-video-preview:-1"},"canonical":"https:\/\/www.urlaubcornwall.de\/blog\/uebernachten-im-schloss-schlosshotels-in-england-schottland-und-wales\/","og_locale":"en_US","og_type":"article","og_title":"\u00dcbernachten im Schloss: Schlosshotels in England, Schottland und Wales. - Urlaub &amp; Reisen","og_description":"Leben wie ein K\u00f6nig (oder eine K\u00f6nigin!) Machen Sie eine Zeitreise zur\u00fcck in jene Tage der Ritter und M\u00e4gde als Schl\u00f6sser eine Hauptrolle spielten in der Verteidigung eines K\u00f6nigreiches. Historische Schl\u00f6sser zu besuchen, ist zweifelsohne ein H\u00f6hepunkt jeder Reise nach Gro\u00dfbritannien. Doch wenn Sie tats\u00e4chlich Gro\u00dfbritanniens Erbe nacherleben wollen, weshalb \u00fcbernachten Sie dann nicht im [&hellip;]","og_url":"https:\/\/www.urlaubcornwall.de\/blog\/uebernachten-im-schloss-schlosshotels-in-england-schottland-und-wales\/","og_site_name":"Urlaub &amp; Reisen","article_modified_time":"2024-05-29T07:36:04+00:00","og_image":[{"url":"https:\/\/www.urlaubcornwall.de\/blog\/wp-content\/uploads\/2016\/06\/hever-schloss-kent.jpg"}],"twitter_card":"summary","twitter_misc":{"Est. reading time":"2 minutes"},"schema":{"@context":"https:\/\/schema.org","@graph":[{"@type":"WebSite","@id":"https:\/\/www.urlaubcornwall.de\/blog\/#website","url":"https:\/\/www.urlaubcornwall.de\/blog\/","name":"Urlaub &amp; Reisen","description":"Urlaub, Reisen, Cornwall und S\u00fcdengland: eine perfekte Kombination","potentialAction":[{"@type":"SearchAction","target":{"@type":"EntryPoint","urlTemplate":"https:\/\/www.urlaubcornwall.de\/blog\/?s={search_term_string}"},"query-input":"required name=search_term_string"}],"inLanguage":"en-US"},{"@type":"WebPage","@id":"https:\/\/www.urlaubcornwall.de\/blog\/uebernachten-im-schloss-schlosshotels-in-england-schottland-und-wales\/","url":"https:\/\/www.urlaubcornwall.de\/blog\/uebernachten-im-schloss-schlosshotels-in-england-schottland-und-wales\/","name":"\u00dcbernachten im Schloss: Schlosshotels in England, Schottland und Wales. - Urlaub &amp; Reisen","isPartOf":{"@id":"https:\/\/www.urlaubcornwall.de\/blog\/#website"},"datePublished":"2015-06-07T09:40:33+00:00","dateModified":"2024-05-29T07:36:04+00:00","breadcrumb":{"@id":"https:\/\/www.urlaubcornwall.de\/blog\/uebernachten-im-schloss-schlosshotels-in-england-schottland-und-wales\/#breadcrumb"},"inLanguage":"en-US","potentialAction":[{"@type":"ReadAction","target":["https:\/\/www.urlaubcornwall.de\/blog\/uebernachten-im-schloss-schlosshotels-in-england-schottland-und-wales\/"]}]},{"@type":"BreadcrumbList","@id":"https:\/\/www.urlaubcornwall.de\/blog\/uebernachten-im-schloss-schlosshotels-in-england-schottland-und-wales\/#breadcrumb","itemListElement":[{"@type":"ListItem","position":1,"name":"Home","item":"https:\/\/www.urlaubcornwall.de\/blog\/"},{"@type":"ListItem","position":2,"name":"\u00dcbernachten im Schloss: Schlosshotels in England, Schottland und Wales."}]}]}},"_links":{"self":[{"href":"https:\/\/www.urlaubcornwall.de\/blog\/wp-json\/wp\/v2\/pages\/19168"}],"collection":[{"href":"https:\/\/www.urlaubcornwall.de\/blog\/wp-json\/wp\/v2\/pages"}],"about":[{"href":"https:\/\/www.urlaubcornwall.de\/blog\/wp-json\/wp\/v2\/types\/page"}],"author":[{"embeddable":true,"href":"https:\/\/www.urlaubcornwall.de\/blog\/wp-json\/wp\/v2\/users\/1"}],"replies":[{"embeddable":true,"href":"https:\/\/www.urlaubcornwall.de\/blog\/wp-json\/wp\/v2\/comments?post=19168"}],"version-history":[{"count":10,"href":"https:\/\/www.urlaubcornwall.de\/blog\/wp-json\/wp\/v2\/pages\/19168\/revisions"}],"predecessor-version":[{"id":50515,"href":"https:\/\/www.urlaubcornwall.de\/blog\/wp-json\/wp\/v2\/pages\/19168\/revisions\/50515"}],"wp:attachment":[{"href":"https:\/\/www.urlaubcornwall.de\/blog\/wp-json\/wp\/v2\/media?parent=19168"}],"curies":[{"name":"wp","href":"https:\/\/api.w.org\/{rel}","templated":true}]}}