{"id":19156,"date":"2015-06-06T08:49:54","date_gmt":"2015-06-06T08:49:54","guid":{"rendered":"https:\/\/www.urlaubcornwall.de\/blog\/?page_id=19156"},"modified":"2024-05-31T11:43:56","modified_gmt":"2024-05-31T11:43:56","slug":"legenden-und-geschichte-cornwalls","status":"publish","type":"page","link":"https:\/\/www.urlaubcornwall.de\/blog\/legenden-und-geschichte-cornwalls\/","title":{"rendered":"Legenden und Geschichte Cornwalls"},"content":{"rendered":"<p>Sie regen die Fantasie an, gehen zu Herzen und lassen Sie mystisch \u00fcber den Wahrheitsgehalt nachdenken \u2013 doch vielleicht am aufregendsten ist, dass <a href=\"https:\/\/www.urlaubcornwall.de\/reiseziel\/cornwall.php\">Cornwalls<\/a> zahlreiche und variantenreiche Legenden ein ganz neues Licht werfen auf beliebte Ortschaften.<\/p>\n<p><strong>Nordcornwall \u2013 K\u00f6nig Arthur <\/strong><br \/>\n<img loading=\"lazy\" class=\"aligncenter size-full wp-image-50931\" src=\"https:\/\/www.urlaubcornwall.de\/blog\/wp-content\/uploads\/2024\/05\/tintagel_bridge.jpg\" alt=\"tintagel_bridge\" width=\"750\" height=\"643\" srcset=\"https:\/\/www.urlaubcornwall.de\/blog\/wp-content\/uploads\/2024\/05\/tintagel_bridge.jpg 750w, https:\/\/www.urlaubcornwall.de\/blog\/wp-content\/uploads\/2024\/05\/tintagel_bridge-300x257.jpg 300w\" sizes=\"(max-width: 750px) 100vw, 750px\" \/><\/p>\n<p>Zweifelsohne Cornwalls ber\u00fchmteste Legende. Viele Teile Cornwalls haben Verbindungen zur Artussage, doch keiner mehr als Nordcornwall. Als legend\u00e4rer Geburtsort von K\u00f6nig Artus ist die Burg Tintagel die erste Anlaufstelle auf dem Artuspfad. Doch der Pfad hat zahlreiche Biegungen und Abzweigungen und nimmt Sie mit auf eine Reise durch St Nectans Glen, Slaughterbridge (Metzelbr\u00fccke) \u2013 dem Ort des Artussteins, welcher den Ort des letzten Gefechts von Camlann markiert \u2013 und weiter zum Bodmin Moor. Hier ist die wilde und zerkl\u00fcftete Landschaft gespickt mit Geschichten von den Abenteuern Artus, und am mythenhaften Dozmary Pool werden selbst die skeptischsten Zweifler von der Atmosph\u00e4re gefangen sein und sich dabei ertappen, wie sie sehns\u00fcchtig nach Excalibur Ausschau halten, von dem es hei\u00dft, dass es hierher zur Dame des Sees zur\u00fcckgekommen ist.<\/p>\n<p><strong>Zennor \u2013 Die Meerjungfrau von Zennor<\/strong><\/p>\n<p>Wohl die romantischste aller cornischen Legenden, betont die Liebesgeschichte der Meerjungfrau von Zennor Cornwalls Verbindung zum Meer und beschreibt eine wundersch\u00f6ne Meerjungfrau, die das Herz eines Chormitglieds raubt. Indem er sich von der Liebe f\u00fchren l\u00e4sst, entscheidet er sich f\u00fcr ein Leben im Meer und hinterl\u00e4sst die Dorfbewohner von Zennor, die um ihn trauern. Als unverg\u00e4ngliches Erinnerungsst\u00fcck schnitzen sie einen h\u00f6lzernen Meerjungfrauenstuhl, der noch immer in der St Senara Kirche zu sehen ist und wohl \u00fcber 600 Jahre alt ist. Lauschen Sie bed\u00e4chtig, wenn Sie das n\u00e4chste Mal Zennor besuchen \u2013 man erz\u00e4hlt sich, dass man an einem Sommerabend die Liebenden miteinander singen h\u00f6ren kann.<\/p>\n<p><strong>St Michaels Mount \u2013 Riese Cormoran <\/strong><br \/>\n<a href=\"https:\/\/www.urlaubcornwall.de\/blog\/wp-content\/uploads\/2024\/03\/michaels-mount.jpg\"><img loading=\"lazy\" class=\"aligncenter size-full wp-image-47787\" src=\"https:\/\/www.urlaubcornwall.de\/blog\/wp-content\/uploads\/2024\/03\/michaels-mount.jpg\" alt=\"st michaels mount\" width=\"749\" height=\"450\" srcset=\"https:\/\/www.urlaubcornwall.de\/blog\/wp-content\/uploads\/2024\/03\/michaels-mount.jpg 749w, https:\/\/www.urlaubcornwall.de\/blog\/wp-content\/uploads\/2024\/03\/michaels-mount-300x180.jpg 300w\" sizes=\"(max-width: 749px) 100vw, 749px\" \/><\/a><\/p>\n<p>Ob per Boot oder zu Fu\u00df, die Reise zum St Michaels Mount ist ein kleines Abenteuer an sich. Auf Sie wartet eine Welt fantasievoller Geschichten voller Mut und Heldentum. Sobald Sie den Mount erreichen, der sich dramatisch von der Bucht abhebt, werden Sie ein Land entdecken, in dem einst Riesen umher spazierten, und wie die Legende erz\u00e4hlt, insbesondere ein spezieller Riese namens Cormoran. Mit knurrendem Magen watete er an Land und verspeiste gen\u00fcsslich K\u00fche und Schafe, die er den Dorfbewohnern gestohlen hatte. Doch hat er nicht mit dem Jungen Jack aus dem Dorf gerechnet, der eine tiefe Grube grub, in der Cormoran zu Tode kam. Und die Geschichte geht weiter \u2013 Besucher, die heute zum Mount kommen, k\u00f6nnen den Fu\u00dfspuren Jacks folgen und sich auf die Suche nach Cormorans Herz machen, das sich auf dem Pfad verbirgt.<\/p>\n<div class=\"snippet\"> <a class=\"featured-item\" href=\"https:\/\/www.urlaubcornwall.de\/ferienhaeuser\/cornwall.php\"> <span class=\"image-holder\" style=\"background-image: url('https:\/\/www.urlaubcornwall.de\/blog\/wp-content\/uploads\/2018\/12\/ferienhaus-cornwall-mit-hund.jpg');\"><\/span> <span class=\"featured-content\"> \n<h2 class=\"featured-title\">Ferienh\u00e4user in Cornwall<\/h2>\n<p class=\"featured-body\">Cornwall besitzt mehr K\u00fcstenlinien als jede andere Grafschaft und bietet einige der besten Str\u00e4nde, K\u00fcstenwanderwege und Klippenlandschaften, die man \u00fcberhaupt finden kann&#8230; <\/p><\/span> <span class=\"featured-link-holder\"> <span class=\"featured-extra-info\"> \n<p>F\u00fcr Paare, Familien &#038; Gruppen<\/p>\n<\/span> \n<p class=\"featured-link\">DETAILS<\/p>\n<\/span> <\/a><\/div>\n<p><strong>Portreath \u2013 Riese Wrath<\/strong><br \/>\n<img loading=\"lazy\" class=\"aligncenter size-full wp-image-24202\" src=\"https:\/\/www.urlaubcornwall.de\/blog\/wp-content\/uploads\/2016\/05\/portreath.jpg\" alt=\"portreath\" width=\"748\" height=\"384\"\/><\/p>\n<p>In Portreath sehen Sie die \u00dcberbleibsel von Pflastersteinen, von denen erz\u00e4hlt wird, dass sie die Waffen eines furchterregenden Riesen namens \u2018Ralph the Wrath\u2019 (der grimmige Ralph) waren, der in einer zusammengebrochenen H\u00f6hle am Meer wohnte. Ihm schmeckten Seefahrer, zudem liebte er ihre Sch\u00e4tze, und somit griff er vor\u00fcberfahrende Schiffe an und f\u00fcllte seine H\u00f6hle, bekannt bei den Einheimischen als \u00b4Ralphs Schrank`, mit seiner Beute.<\/p>\n<p><strong>St Agnes \u2013 Riese Bolster<\/strong><br \/>\n<img loading=\"lazy\" class=\"aligncenter size-full wp-image-50761\" src=\"https:\/\/www.urlaubcornwall.de\/blog\/wp-content\/uploads\/2024\/05\/wheal-coates_st-agnes.jpg\" alt=\"wheal coates_st agnes\" width=\"750\" height=\"540\" srcset=\"https:\/\/www.urlaubcornwall.de\/blog\/wp-content\/uploads\/2024\/05\/wheal-coates_st-agnes.jpg 750w, https:\/\/www.urlaubcornwall.de\/blog\/wp-content\/uploads\/2024\/05\/wheal-coates_st-agnes-300x216.jpg 300w\" sizes=\"(max-width: 750px) 100vw, 750px\" \/><\/p>\n<p>Ein weiterer ber\u00fchmter cornischer Riese, Bolster, unterwarf sich die furchtsamen Dorfbewohner von St Agnes. Doch er fiel der Liebe zum Opfer. Indem er eine Wette einging, um St Agnes zu gewinnen, ein h\u00fcbsches Dorfm\u00e4dchen, wurde er Beute ihrer klugen Taktik und versuchte, seine Liebe zu ihr zu beweisen, indem er ein Loch bei Chapel Porth mit seinem Blut f\u00fcllte; nicht ahnend, dass das Loch bodenlos war. Bevor er dies erkannte, war es zu sp\u00e4t, und Bolster hatte zu viel Blut verloren. Als Beweis seiner liebestrunkenen Geschichte, ist noch immer ein Hauch von Rot an den Klippen von Chapel Porth zu sehen. Um Bolsters Niederlage zu feiern, gibt es jedes Jahr im April \/ Mai das St Agnes Bolster Fest.<\/p>\n<p><strong>Cornwalls verlorene Ruinen und antike Steinkreise: <\/strong>Im gesamten Cornwall verstreut, befinden sich Tausende faszinierender antiker Monumente; und hier sind unsere Lieblingsst\u00fccke&#8230;. <a href=\"https:\/\/www.urlaubcornwall.de\/blog\/cornwalls-verlorene-ruinen-und-antike-steinkreise\/\"><span style=\"text-decoration: underline;\"><strong>[Mehr]<br \/>\n<\/strong><\/span><\/a><\/p>\n<h2 style=\"text-align: center;\">Unser Rundreisenservice<\/h2>\n<p style=\"text-align: center;\"><a href=\"http:\/\/urlaubcornwall.de\/\">UrlaubCornwall.de<\/a> hat seinen Firmensitz in Cornwall in S\u00fcdwestengland und bietet Kunden im Deutsch sprechenden Europa Hilfe im Erstellen der perfekten Urlaubserfahrung hier.<\/p>\n<p style=\"text-align: center;\">Wir haben <a href=\"http:\/\/www.urlaubcornwall.de\/rundreisenservice.php\">ein Team Deutsch sprechender Experten<\/a>, so dass wir eine individuelle Rundreise durch Cornwall, S\u00fcdengland und nun auch durch den Rest Gro\u00dfbritanniens und Irlands anbieten k\u00f6nnen.<\/p>\n","protected":false},"excerpt":{"rendered":"<p>Sie regen die Fantasie an, gehen zu Herzen und lassen Sie mystisch \u00fcber den Wahrheitsgehalt nachdenken \u2013 doch vielleicht am aufregendsten ist, dass Cornwalls zahlreiche und variantenreiche Legenden ein ganz neues Licht werfen auf beliebte Ortschaften. Nordcornwall \u2013 K\u00f6nig Arthur Zweifelsohne Cornwalls ber\u00fchmteste Legende. Viele Teile Cornwalls haben Verbindungen zur Artussage, doch keiner mehr als [&hellip;]<\/p>\n","protected":false},"author":1,"featured_media":0,"parent":0,"menu_order":0,"comment_status":"closed","ping_status":"closed","template":"single-four.php","meta":[],"acf":[],"yoast_head":"<!-- This site is optimized with the Yoast SEO plugin v19.4 - https:\/\/yoast.com\/wordpress\/plugins\/seo\/ -->\n<title>Legenden und Geschichte Cornwalls - Urlaub &amp; Reisen<\/title>\n<meta name=\"robots\" content=\"index, follow, max-snippet:-1, max-image-preview:large, max-video-preview:-1\" \/>\n<link rel=\"canonical\" href=\"https:\/\/www.urlaubcornwall.de\/blog\/legenden-und-geschichte-cornwalls\/\" \/>\n<meta property=\"og:locale\" content=\"en_US\" \/>\n<meta property=\"og:type\" content=\"article\" \/>\n<meta property=\"og:title\" content=\"Legenden und Geschichte Cornwalls - Urlaub &amp; Reisen\" \/>\n<meta property=\"og:description\" content=\"Sie regen die Fantasie an, gehen zu Herzen und lassen Sie mystisch \u00fcber den Wahrheitsgehalt nachdenken \u2013 doch vielleicht am aufregendsten ist, dass Cornwalls zahlreiche und variantenreiche Legenden ein ganz neues Licht werfen auf beliebte Ortschaften. Nordcornwall \u2013 K\u00f6nig Arthur Zweifelsohne Cornwalls ber\u00fchmteste Legende. Viele Teile Cornwalls haben Verbindungen zur Artussage, doch keiner mehr als [&hellip;]\" \/>\n<meta property=\"og:url\" content=\"https:\/\/www.urlaubcornwall.de\/blog\/legenden-und-geschichte-cornwalls\/\" \/>\n<meta property=\"og:site_name\" content=\"Urlaub &amp; Reisen\" \/>\n<meta property=\"article:modified_time\" content=\"2024-05-31T11:43:56+00:00\" \/>\n<meta property=\"og:image\" content=\"https:\/\/www.urlaubcornwall.de\/blog\/wp-content\/uploads\/2024\/05\/tintagel_bridge.jpg\" \/>\n<meta name=\"twitter:card\" content=\"summary\" \/>\n<meta name=\"twitter:label1\" content=\"Est. reading time\" \/>\n\t<meta name=\"twitter:data1\" content=\"4 minutes\" \/>\n<script type=\"application\/ld+json\" class=\"yoast-schema-graph\">{\"@context\":\"https:\/\/schema.org\",\"@graph\":[{\"@type\":\"WebSite\",\"@id\":\"https:\/\/www.urlaubcornwall.de\/blog\/#website\",\"url\":\"https:\/\/www.urlaubcornwall.de\/blog\/\",\"name\":\"Urlaub &amp; Reisen\",\"description\":\"Urlaub, Reisen, Cornwall und S\u00fcdengland: eine perfekte Kombination\",\"potentialAction\":[{\"@type\":\"SearchAction\",\"target\":{\"@type\":\"EntryPoint\",\"urlTemplate\":\"https:\/\/www.urlaubcornwall.de\/blog\/?s={search_term_string}\"},\"query-input\":\"required name=search_term_string\"}],\"inLanguage\":\"en-US\"},{\"@type\":\"WebPage\",\"@id\":\"https:\/\/www.urlaubcornwall.de\/blog\/legenden-und-geschichte-cornwalls\/\",\"url\":\"https:\/\/www.urlaubcornwall.de\/blog\/legenden-und-geschichte-cornwalls\/\",\"name\":\"Legenden und Geschichte Cornwalls - Urlaub &amp; Reisen\",\"isPartOf\":{\"@id\":\"https:\/\/www.urlaubcornwall.de\/blog\/#website\"},\"datePublished\":\"2015-06-06T08:49:54+00:00\",\"dateModified\":\"2024-05-31T11:43:56+00:00\",\"breadcrumb\":{\"@id\":\"https:\/\/www.urlaubcornwall.de\/blog\/legenden-und-geschichte-cornwalls\/#breadcrumb\"},\"inLanguage\":\"en-US\",\"potentialAction\":[{\"@type\":\"ReadAction\",\"target\":[\"https:\/\/www.urlaubcornwall.de\/blog\/legenden-und-geschichte-cornwalls\/\"]}]},{\"@type\":\"BreadcrumbList\",\"@id\":\"https:\/\/www.urlaubcornwall.de\/blog\/legenden-und-geschichte-cornwalls\/#breadcrumb\",\"itemListElement\":[{\"@type\":\"ListItem\",\"position\":1,\"name\":\"Home\",\"item\":\"https:\/\/www.urlaubcornwall.de\/blog\/\"},{\"@type\":\"ListItem\",\"position\":2,\"name\":\"Legenden und Geschichte Cornwalls\"}]}]}<\/script>\n<!-- \/ Yoast SEO plugin. -->","yoast_head_json":{"title":"Legenden und Geschichte Cornwalls - Urlaub &amp; Reisen","robots":{"index":"index","follow":"follow","max-snippet":"max-snippet:-1","max-image-preview":"max-image-preview:large","max-video-preview":"max-video-preview:-1"},"canonical":"https:\/\/www.urlaubcornwall.de\/blog\/legenden-und-geschichte-cornwalls\/","og_locale":"en_US","og_type":"article","og_title":"Legenden und Geschichte Cornwalls - Urlaub &amp; Reisen","og_description":"Sie regen die Fantasie an, gehen zu Herzen und lassen Sie mystisch \u00fcber den Wahrheitsgehalt nachdenken \u2013 doch vielleicht am aufregendsten ist, dass Cornwalls zahlreiche und variantenreiche Legenden ein ganz neues Licht werfen auf beliebte Ortschaften. Nordcornwall \u2013 K\u00f6nig Arthur Zweifelsohne Cornwalls ber\u00fchmteste Legende. Viele Teile Cornwalls haben Verbindungen zur Artussage, doch keiner mehr als [&hellip;]","og_url":"https:\/\/www.urlaubcornwall.de\/blog\/legenden-und-geschichte-cornwalls\/","og_site_name":"Urlaub &amp; Reisen","article_modified_time":"2024-05-31T11:43:56+00:00","og_image":[{"url":"https:\/\/www.urlaubcornwall.de\/blog\/wp-content\/uploads\/2024\/05\/tintagel_bridge.jpg"}],"twitter_card":"summary","twitter_misc":{"Est. reading time":"4 minutes"},"schema":{"@context":"https:\/\/schema.org","@graph":[{"@type":"WebSite","@id":"https:\/\/www.urlaubcornwall.de\/blog\/#website","url":"https:\/\/www.urlaubcornwall.de\/blog\/","name":"Urlaub &amp; Reisen","description":"Urlaub, Reisen, Cornwall und S\u00fcdengland: eine perfekte Kombination","potentialAction":[{"@type":"SearchAction","target":{"@type":"EntryPoint","urlTemplate":"https:\/\/www.urlaubcornwall.de\/blog\/?s={search_term_string}"},"query-input":"required name=search_term_string"}],"inLanguage":"en-US"},{"@type":"WebPage","@id":"https:\/\/www.urlaubcornwall.de\/blog\/legenden-und-geschichte-cornwalls\/","url":"https:\/\/www.urlaubcornwall.de\/blog\/legenden-und-geschichte-cornwalls\/","name":"Legenden und Geschichte Cornwalls - Urlaub &amp; Reisen","isPartOf":{"@id":"https:\/\/www.urlaubcornwall.de\/blog\/#website"},"datePublished":"2015-06-06T08:49:54+00:00","dateModified":"2024-05-31T11:43:56+00:00","breadcrumb":{"@id":"https:\/\/www.urlaubcornwall.de\/blog\/legenden-und-geschichte-cornwalls\/#breadcrumb"},"inLanguage":"en-US","potentialAction":[{"@type":"ReadAction","target":["https:\/\/www.urlaubcornwall.de\/blog\/legenden-und-geschichte-cornwalls\/"]}]},{"@type":"BreadcrumbList","@id":"https:\/\/www.urlaubcornwall.de\/blog\/legenden-und-geschichte-cornwalls\/#breadcrumb","itemListElement":[{"@type":"ListItem","position":1,"name":"Home","item":"https:\/\/www.urlaubcornwall.de\/blog\/"},{"@type":"ListItem","position":2,"name":"Legenden und Geschichte Cornwalls"}]}]}},"_links":{"self":[{"href":"https:\/\/www.urlaubcornwall.de\/blog\/wp-json\/wp\/v2\/pages\/19156"}],"collection":[{"href":"https:\/\/www.urlaubcornwall.de\/blog\/wp-json\/wp\/v2\/pages"}],"about":[{"href":"https:\/\/www.urlaubcornwall.de\/blog\/wp-json\/wp\/v2\/types\/page"}],"author":[{"embeddable":true,"href":"https:\/\/www.urlaubcornwall.de\/blog\/wp-json\/wp\/v2\/users\/1"}],"replies":[{"embeddable":true,"href":"https:\/\/www.urlaubcornwall.de\/blog\/wp-json\/wp\/v2\/comments?post=19156"}],"version-history":[{"count":20,"href":"https:\/\/www.urlaubcornwall.de\/blog\/wp-json\/wp\/v2\/pages\/19156\/revisions"}],"predecessor-version":[{"id":51323,"href":"https:\/\/www.urlaubcornwall.de\/blog\/wp-json\/wp\/v2\/pages\/19156\/revisions\/51323"}],"wp:attachment":[{"href":"https:\/\/www.urlaubcornwall.de\/blog\/wp-json\/wp\/v2\/media?parent=19156"}],"curies":[{"name":"wp","href":"https:\/\/api.w.org\/{rel}","templated":true}]}}