{"id":19133,"date":"2015-05-29T15:12:13","date_gmt":"2015-05-29T15:12:13","guid":{"rendered":"https:\/\/www.urlaubcornwall.de\/blog\/?page_id=19133"},"modified":"2024-05-27T08:30:24","modified_gmt":"2024-05-27T08:30:24","slug":"flugpauschalreise-england-idyllisches-suedengland-8-tage","status":"publish","type":"page","link":"https:\/\/www.urlaubcornwall.de\/blog\/flugpauschalreise-england-idyllisches-suedengland-8-tage\/","title":{"rendered":"Flug Pauschalreise England: &#8220;Idyllisches S\u00fcdengland&#8221; &#8211; Busreisen 8 Tage"},"content":{"rendered":"<p><a href=\"https:\/\/www.urlaubcornwall.de\/blog\/wp-content\/uploads\/2014\/07\/st-ives.jpg\"><img loading=\"lazy\" class=\"aligncenter size-full wp-image-18935\" src=\"https:\/\/www.urlaubcornwall.de\/blog\/wp-content\/uploads\/2014\/07\/st-ives.jpg\" alt=\"st ives\" width=\"748\" height=\"412\"\/><\/a><\/p>\n<p style=\"text-align: center;\">\n\t\t<strong><br \/>\n                        <a href=\"#tourbeschreibung\" title=\"Tourbeschreibung\">Tourbeschreibung<\/a> |<br \/>\n\t\t\t<a href=\"#preise\" title=\"Termine\/Preise\">Termine\/Preise<\/a> |<br \/>\n\t\t\t<a href=\"#eingeschlossene\" title=\"Eingeschlossene Leistungen\">Eingeschlossene Leistungen<\/a><br \/>\n\t\t\t<\/strong>\n\t<\/p>\n<p style=\"text-align: left;\">Diese Flug Pauschalreise England f\u00fchrt Sie ins idyllische S\u00fcdengland. Lassen Sie sich von der reizvollen Landschaft Cornwalls mit den entz\u00fcckenden D\u00f6rfern und den stattgr\u00fcnen H\u00fcgeln sowie sch\u00f6nen Sandst\u00e4nden verzaubern. Selbstverst\u00e4ndlich wird Ihnen auch etwas Kultur geboten. Entdecken Sie die Sehensw\u00fcrdigketen von Winchester, Exeter und London, die einst mit einer \u00fcberwaltigenden Raffinesse gebaut wurden.<\/p>\n<p style=\"text-align: center;\"><strong>Highlights: London, Brighton, Southampton, Stonehenge, Exeter, Cornwall<\/strong> <\/p>\n<p style=\"text-align: center;\">8 Tage \/ 7 N\u00e4chte | deutschsprachige Termine<\/p>\n<p><\n\n<\/p><p style=\"text-align: center;\"><a class=\"tidycta\" href=\"http:\/\/www.urlaubcornwall.de\/anfrage.php?tourcode=Busrundreise\">Anfrage \/ Buchung<\/a><\/p>\n<h2 id=\"tourbeschreibung\">Tourbeschreibung<\/h2>\n<p><strong>1. Tag: Anreise<\/strong><\/p>\n<p>Flug mit Eurowings (oder \u00e4hnliches) von K\u00f6ln direkt nach London. Nach Ankunft werden Sie am Flughafen in Empfang genommen und in Ihr Hotel nach London gefahren. Der restliche Tag steht Ihnen zur freien Verf\u00fcgung. \u00dcbernachtung in London.<br \/>\n<img loading=\"lazy\" class=\"aligncenter size-full wp-image-48029\" src=\"https:\/\/www.urlaubcornwall.de\/blog\/wp-content\/uploads\/2024\/03\/pavillion-brighton.jpg\" alt=\"pavillion brighton\" width=\"750\" height=\"563\" srcset=\"https:\/\/www.urlaubcornwall.de\/blog\/wp-content\/uploads\/2024\/03\/pavillion-brighton.jpg 750w, https:\/\/www.urlaubcornwall.de\/blog\/wp-content\/uploads\/2024\/03\/pavillion-brighton-300x225.jpg 300w\" sizes=\"(max-width: 750px) 100vw, 750px\" \/><\/p>\n<p><strong>2. Tag:&nbsp; London \u2013 Brighton \u2013 Portsmouth\/Southampton\/Chichester (ca. 170 km)<\/strong><\/p>\n<p>Heute entdecken Sie die lebendige K\u00fcstenstadt Brighton, das gr\u00f6\u00dfte und bekannteste Seebad in Gro\u00dfbritannien. Auf Wunsch besichtigen Sie den faszinierenden Royal Pavillion (ca. 12 GBP pro Person, vor Ort buchbar). Wussten Sie, dass dieser beeindruckende Palast im indischen Stil erbaut wurde? Bei einem Bummel durch die verschiedenen Gassen der Altstadt finden Sie sicherlich ein sch\u00f6nes Souvenir. Inmitten einer idyllischen Landschaft liegt das Dorf Arundel. Hier haben Sie die M\u00f6glichkeit, die imposante Burg mit dem wundersch\u00f6nen Garten zu erkunden (ca. 16 GBP pro Person, vor Ort buchbar). Das Abendessen und die \u00dcbernachtung erfolgt in der Region Portsmouth\/Southampton\/Chichester.<\/p>\n<p><strong>3. Tag: Salisbury &#8211;&nbsp; Stonehenge (ca. 175 km)<\/strong><\/p>\n<p>Am Morgen fahren Sie nach Winchester, der ehemaligen Hauptstadt des englischen K\u00f6nigreiches. Die kulturelle und politische Bedeutung dieser eindrucksvollen Stadt spiegelt sich in den Ruinen der Burgfestung sowie den zahlreichen, mittelalterlichen Bauwerken wieder. Die faszinierende Atmosph\u00e4re versetzt Sie zur\u00fcck in eine l\u00e4ngst vergangene Zeit. Werfen Sie einen Blick in eine der gr\u00f6\u00dften Kathedralen Gro\u00dfbritanniens, der Winchester Cathedral (ca. 6 GBP, vor Ort buchbar). Danach geht es weiter nach Salisbury. Wollten Sie schon immer die beeindruckenden Steinformationen von Stonehenge entdecken? Im Rahmen des Ausflugspakets besichtigen Sie die faszinierende Grabst\u00e4tte. Im Anschluss erkunden Sie bei einem gem\u00fctlichen Spaziergang durch Salisbury die fr\u00fchgotische Kathedrale (Eintritt nicht inklusive). H\u00e4tten Sie gedacht, dass Sie den h\u00f6chsten Kirchturm Englands besitzt? Das Abendessen und die \u00dcbernachtung erfolgen in Ihrem Hotel in der Region Portsmouth\/Southampton\/Chichester.<\/p>\n<p><strong>4. Tag:&nbsp;Isle of Wight (ca. 100 km)<\/strong><\/p>\n<p>Der heutige Tag steht Ihnen zur freien Verf\u00fcgung. Erkunden Sie z. B. die Stadt Portsmouth mit ihrem gro\u00dfen Naturhafen. Wussten Sie, dass hier das Hauptquartier der k\u00f6niglichen Marine war? Vom Spinnacker Tower aus (Eintritt ca. 9.50 GBP pro Person, vor Ort buchbar) k\u00f6nnen Sie die malerische Bucht bestaunen und Ihren Blick \u00fcber die Weite der K\u00fcsten schweifen lassen. Was f\u00fcr ein atemberaubender Ausblick! Im Rahmen des Ausflugspakets entdecken Sie die beeindruckende Isle of Wight (ca. 100 km). Mit einer F\u00e4hre setzen Sie auf die \u201eInsel der Blumen\u201c \u00fcber. Dort erwartet Sie bereits das faszinierende Grundst\u00fcck des Osborne Hauses. Inmitten einer wundersch\u00f6nen Gartenanlage liegt die im italienischen Stil gebaute Villa, die zahlreiche Sch\u00e4tze beherbergt. Kein Wunder, dass dieses eindrucksvolle Anwesen die bevorzugte Residenz von K\u00f6nigin Victoria war. In Shanklin schlendern Sie durch die Gassen der Altstadt. Die h\u00fcbschen Cottages werden Sie ins Staunen versetzen. Gegen Abend machen Sie sich auf den Weg zur\u00fcck aufs Festland.<\/p>\n<p><strong>5. Tag: Portsmouth\/Southampton &#8211; Abbotsbury &#8211; Exeter\/Torquay (ca. 210 km)<\/strong><\/p>\n<p>Am Morgen fahren Sie entlang des wundersch\u00f6nen K\u00fcstenabschnittes von Dorset nach Abbotsbury. Das idyllische Dorf ist \u00fcbers\u00e4t mit Reet gedeckten H\u00e4usern. Lassen Sie sich vom Charme der malerischen Landschaft verzaubern. Schon von weitem sehen Sie die imposante Kathedrale in Exeter. Majest\u00e4tisch thront Sie auf einem H\u00fcgel. Lassen Sie Ihren Blick entlang der aufw\u00e4ndigen Fassade empor wandern, ehe Sie das prunkvolle Innere betreten. Spazieren Sie durch die Stadt und finden Sie Ihr ganz pers\u00f6nliches Lieblingspl\u00e4tzchen. Das Abendessen und die \u00dcbernachtung erfolgen in der Region Exeter.<\/p>\n<p><strong>6. Tag: Exeter\/Torquay &#8211; Cornwall &#8211; Exeter\/Torquay (ca. 400 km)<\/strong><\/p>\n<p>Am heutigen Tag erkunden Sie die malerische Landschaft Cornwalls. Genie\u00dfen Sie den herrlichen Blick auf die Klosterfestung St. Michaels Mount, die vor der Bucht von Penzance auf einem Felsen thront. Sie besuchen den Hafenort St. Ives mit seinen bunten H\u00e4usern. Die h\u00fcbschen Sandstr\u00e4nde ziehen sich entlang der K\u00fcste. Ein herrlicher Ort zum Entspannen! Anschlie\u00dfend fahren Sie zur\u00fcck in die Region Exeter, wo das Abendessen und die \u00dcbernachtung erfolgen.<\/p>\n<p><strong>7. Tag: Exeter\/Torquay &#8211; London (ca. 320 km)<\/strong><\/p>\n<p><img loading=\"lazy\" class=\"aligncenter size-full wp-image-47815\" src=\"https:\/\/www.urlaubcornwall.de\/blog\/wp-content\/uploads\/2024\/03\/exeter-cathedral.jpg\" alt=\"exeter cathedral\" width=\"750\" height=\"422\" srcset=\"https:\/\/www.urlaubcornwall.de\/blog\/wp-content\/uploads\/2024\/03\/exeter-cathedral.jpg 750w, https:\/\/www.urlaubcornwall.de\/blog\/wp-content\/uploads\/2024\/03\/exeter-cathedral-300x169.jpg 300w\" sizes=\"(max-width: 750px) 100vw, 750px\" \/><\/p>\n<p>Nach dem Fr\u00fchst\u00fcck erwartet Sie die Hauptstadt Gro\u00dfbritanniens! Bei einer Stadtrundfahrt entdecken Sie die ber\u00fchmten Sehensw\u00fcrdigkeiten dieser imposanten Metropole. Sie bestaunen u. a. die St. Paul\u2019s Cathedral, Westminster Abbey und den bekannten Picadilly Circus. Anschlie\u00dfend beziehen Sie Ihre Zimmer in Ihrem Hotel in einem Vorort von London. Der Abend steht Ihnen zur freien Verf\u00fcgung. Wie w\u00e4re es mit einem beliebten \u201eFish &amp; Chips\u201c? Ein gelungener Abschluss einer eindrucksvollen Reise.<\/p>\n<p><strong>8. Tag: Abreise<\/strong><\/p>\n<p>Auf Wiedersehen England! Transfer zum Flughafen und R\u00fcckflug nach K\u00f6ln, Ende der <a href=\"https:\/\/www.urlaubcornwall.de\/blog\/reiseplanung-fuer-gruppen-durch-cornwall-suedengland-und-london\/\">Busrundreise England<\/a>.<\/p>\n<h2 id=\"eingeschlossene\">Eingeschlossene Leistungen<\/h2>\n<p>Linienflug von Frankfurt oder M\u00fcnchen direkt nach London und zur\u00fcck in der Economy Class<\/p>\n<p>Flughafensteuern und Sicherheitsgeb\u00fchren  <\/p>\n<p>Zug zum Flug 2. Klasse inklusive ICE-Nutzung<\/p>\n<p>Transfers und Rundreise im modernen Reisebus gem\u00e4\u00df Reiseverlauf inkl. Eintrittsgelder<\/p>\n<p>Deutschsprachige Reiseleitung<\/p>\n<p>7 \u00dcbernachtungen in Mittelklassehotels<\/p>\n<p>7 x Fr\u00fchst\u00fcck&#038; 6 x Abendessen (Tag 1 &#8211; 6)<\/p>\n<p>1 Reisef\u00fchrer S\u00fcdengland<\/p>\n<p><strong>Nicht eingeschlossene Leistungen:<\/strong><\/p>\n<p>Ausflugspaket (Besuch Stonehenge, Isle of Wight und Eintritt Osborne House): \u20ac 69,- pro Person<\/p>\n<p>Weitere Mahlzeiten\/Trinkgelder<\/p>\n<p>Pers\u00f6nliche Ausgaben<\/p>\n<p style=\"text-align: center;\"><a class=\"tidycta\" href=\"http:\/\/www.urlaubcornwall.de\/anfrage.php?tourcode=Busrundreise\">Anfrage \/ Buchung<\/a><\/p>\n<p style=\"text-align: center;\">UrlaubCornwall haben Touren im Angebot f\u00fcr Individualreisende. Hier finden Sie unsere Auswahl an fantastischen <a href=\"http:\/\/www.urlaubcornwall.de\/gruppenreisen.php\"><span style=\"text-decoration: underline;\">Busreisen in England. <\/span><\/a>Unsere Websitedetails zeigen lediglich eine kleine Auswahl dessen, was wir anbieten k\u00f6nnen. Wir stellen Ihnen gerne ein <a href=\"http:\/\/www.urlaubcornwall.de\/anfrage.php\"><span style=\"text-decoration: underline;\">unverbindliches Angebot<\/span><\/a> mit allen Fl\u00fcgen und Transfers f\u00fcr Ihre Grossbritannien Reise zusammen.<\/p>\n","protected":false},"excerpt":{"rendered":"<p>Tourbeschreibung | Termine\/Preise | Eingeschlossene Leistungen Diese Flug Pauschalreise England f\u00fchrt Sie ins idyllische S\u00fcdengland. Lassen Sie sich von der reizvollen Landschaft Cornwalls mit den entz\u00fcckenden D\u00f6rfern und den stattgr\u00fcnen H\u00fcgeln sowie sch\u00f6nen Sandst\u00e4nden verzaubern. Selbstverst\u00e4ndlich wird Ihnen auch etwas Kultur geboten. Entdecken Sie die Sehensw\u00fcrdigketen von Winchester, Exeter und London, die einst mit einer [&hellip;]<\/p>\n","protected":false},"author":1,"featured_media":0,"parent":0,"menu_order":0,"comment_status":"closed","ping_status":"closed","template":"single-four.php","meta":[],"acf":[],"yoast_head":"<!-- This site is optimized with the Yoast SEO plugin v19.4 - https:\/\/yoast.com\/wordpress\/plugins\/seo\/ -->\n<title>Flug Pauschalreise England: &quot;Idyllisches S\u00fcdengland&quot; - Busreisen 8 Tage - Urlaub &amp; Reisen<\/title>\n<meta name=\"robots\" content=\"index, follow, max-snippet:-1, max-image-preview:large, max-video-preview:-1\" \/>\n<link rel=\"canonical\" href=\"https:\/\/www.urlaubcornwall.de\/blog\/flugpauschalreise-england-idyllisches-suedengland-8-tage\/\" \/>\n<meta property=\"og:locale\" content=\"en_US\" \/>\n<meta property=\"og:type\" content=\"article\" \/>\n<meta property=\"og:title\" content=\"Flug Pauschalreise England: &quot;Idyllisches S\u00fcdengland&quot; - Busreisen 8 Tage - Urlaub &amp; Reisen\" \/>\n<meta property=\"og:description\" content=\"Tourbeschreibung | Termine\/Preise | Eingeschlossene Leistungen Diese Flug Pauschalreise England f\u00fchrt Sie ins idyllische S\u00fcdengland. Lassen Sie sich von der reizvollen Landschaft Cornwalls mit den entz\u00fcckenden D\u00f6rfern und den stattgr\u00fcnen H\u00fcgeln sowie sch\u00f6nen Sandst\u00e4nden verzaubern. Selbstverst\u00e4ndlich wird Ihnen auch etwas Kultur geboten. Entdecken Sie die Sehensw\u00fcrdigketen von Winchester, Exeter und London, die einst mit einer [&hellip;]\" \/>\n<meta property=\"og:url\" content=\"https:\/\/www.urlaubcornwall.de\/blog\/flugpauschalreise-england-idyllisches-suedengland-8-tage\/\" \/>\n<meta property=\"og:site_name\" content=\"Urlaub &amp; Reisen\" \/>\n<meta property=\"article:modified_time\" content=\"2024-05-27T08:30:24+00:00\" \/>\n<meta property=\"og:image\" content=\"https:\/\/www.urlaubcornwall.de\/blog\/wp-content\/uploads\/2014\/07\/st-ives.jpg\" \/>\n<meta name=\"twitter:card\" content=\"summary\" \/>\n<meta name=\"twitter:label1\" content=\"Est. reading time\" \/>\n\t<meta name=\"twitter:data1\" content=\"5 minutes\" \/>\n<script type=\"application\/ld+json\" class=\"yoast-schema-graph\">{\"@context\":\"https:\/\/schema.org\",\"@graph\":[{\"@type\":\"WebSite\",\"@id\":\"https:\/\/www.urlaubcornwall.de\/blog\/#website\",\"url\":\"https:\/\/www.urlaubcornwall.de\/blog\/\",\"name\":\"Urlaub &amp; Reisen\",\"description\":\"Urlaub, Reisen, Cornwall und S\u00fcdengland: eine perfekte Kombination\",\"potentialAction\":[{\"@type\":\"SearchAction\",\"target\":{\"@type\":\"EntryPoint\",\"urlTemplate\":\"https:\/\/www.urlaubcornwall.de\/blog\/?s={search_term_string}\"},\"query-input\":\"required name=search_term_string\"}],\"inLanguage\":\"en-US\"},{\"@type\":\"WebPage\",\"@id\":\"https:\/\/www.urlaubcornwall.de\/blog\/flugpauschalreise-england-idyllisches-suedengland-8-tage\/\",\"url\":\"https:\/\/www.urlaubcornwall.de\/blog\/flugpauschalreise-england-idyllisches-suedengland-8-tage\/\",\"name\":\"Flug Pauschalreise England: \\\"Idyllisches S\u00fcdengland\\\" - Busreisen 8 Tage - Urlaub &amp; Reisen\",\"isPartOf\":{\"@id\":\"https:\/\/www.urlaubcornwall.de\/blog\/#website\"},\"datePublished\":\"2015-05-29T15:12:13+00:00\",\"dateModified\":\"2024-05-27T08:30:24+00:00\",\"breadcrumb\":{\"@id\":\"https:\/\/www.urlaubcornwall.de\/blog\/flugpauschalreise-england-idyllisches-suedengland-8-tage\/#breadcrumb\"},\"inLanguage\":\"en-US\",\"potentialAction\":[{\"@type\":\"ReadAction\",\"target\":[\"https:\/\/www.urlaubcornwall.de\/blog\/flugpauschalreise-england-idyllisches-suedengland-8-tage\/\"]}]},{\"@type\":\"BreadcrumbList\",\"@id\":\"https:\/\/www.urlaubcornwall.de\/blog\/flugpauschalreise-england-idyllisches-suedengland-8-tage\/#breadcrumb\",\"itemListElement\":[{\"@type\":\"ListItem\",\"position\":1,\"name\":\"Home\",\"item\":\"https:\/\/www.urlaubcornwall.de\/blog\/\"},{\"@type\":\"ListItem\",\"position\":2,\"name\":\"Flug Pauschalreise England: &#8220;Idyllisches S\u00fcdengland&#8221; &#8211; Busreisen 8 Tage\"}]}]}<\/script>\n<!-- \/ Yoast SEO plugin. -->","yoast_head_json":{"title":"Flug Pauschalreise England: \"Idyllisches S\u00fcdengland\" - Busreisen 8 Tage - Urlaub &amp; Reisen","robots":{"index":"index","follow":"follow","max-snippet":"max-snippet:-1","max-image-preview":"max-image-preview:large","max-video-preview":"max-video-preview:-1"},"canonical":"https:\/\/www.urlaubcornwall.de\/blog\/flugpauschalreise-england-idyllisches-suedengland-8-tage\/","og_locale":"en_US","og_type":"article","og_title":"Flug Pauschalreise England: \"Idyllisches S\u00fcdengland\" - Busreisen 8 Tage - Urlaub &amp; Reisen","og_description":"Tourbeschreibung | Termine\/Preise | Eingeschlossene Leistungen Diese Flug Pauschalreise England f\u00fchrt Sie ins idyllische S\u00fcdengland. Lassen Sie sich von der reizvollen Landschaft Cornwalls mit den entz\u00fcckenden D\u00f6rfern und den stattgr\u00fcnen H\u00fcgeln sowie sch\u00f6nen Sandst\u00e4nden verzaubern. Selbstverst\u00e4ndlich wird Ihnen auch etwas Kultur geboten. Entdecken Sie die Sehensw\u00fcrdigketen von Winchester, Exeter und London, die einst mit einer [&hellip;]","og_url":"https:\/\/www.urlaubcornwall.de\/blog\/flugpauschalreise-england-idyllisches-suedengland-8-tage\/","og_site_name":"Urlaub &amp; Reisen","article_modified_time":"2024-05-27T08:30:24+00:00","og_image":[{"url":"https:\/\/www.urlaubcornwall.de\/blog\/wp-content\/uploads\/2014\/07\/st-ives.jpg"}],"twitter_card":"summary","twitter_misc":{"Est. reading time":"5 minutes"},"schema":{"@context":"https:\/\/schema.org","@graph":[{"@type":"WebSite","@id":"https:\/\/www.urlaubcornwall.de\/blog\/#website","url":"https:\/\/www.urlaubcornwall.de\/blog\/","name":"Urlaub &amp; Reisen","description":"Urlaub, Reisen, Cornwall und S\u00fcdengland: eine perfekte Kombination","potentialAction":[{"@type":"SearchAction","target":{"@type":"EntryPoint","urlTemplate":"https:\/\/www.urlaubcornwall.de\/blog\/?s={search_term_string}"},"query-input":"required name=search_term_string"}],"inLanguage":"en-US"},{"@type":"WebPage","@id":"https:\/\/www.urlaubcornwall.de\/blog\/flugpauschalreise-england-idyllisches-suedengland-8-tage\/","url":"https:\/\/www.urlaubcornwall.de\/blog\/flugpauschalreise-england-idyllisches-suedengland-8-tage\/","name":"Flug Pauschalreise England: \"Idyllisches S\u00fcdengland\" - Busreisen 8 Tage - Urlaub &amp; Reisen","isPartOf":{"@id":"https:\/\/www.urlaubcornwall.de\/blog\/#website"},"datePublished":"2015-05-29T15:12:13+00:00","dateModified":"2024-05-27T08:30:24+00:00","breadcrumb":{"@id":"https:\/\/www.urlaubcornwall.de\/blog\/flugpauschalreise-england-idyllisches-suedengland-8-tage\/#breadcrumb"},"inLanguage":"en-US","potentialAction":[{"@type":"ReadAction","target":["https:\/\/www.urlaubcornwall.de\/blog\/flugpauschalreise-england-idyllisches-suedengland-8-tage\/"]}]},{"@type":"BreadcrumbList","@id":"https:\/\/www.urlaubcornwall.de\/blog\/flugpauschalreise-england-idyllisches-suedengland-8-tage\/#breadcrumb","itemListElement":[{"@type":"ListItem","position":1,"name":"Home","item":"https:\/\/www.urlaubcornwall.de\/blog\/"},{"@type":"ListItem","position":2,"name":"Flug Pauschalreise England: &#8220;Idyllisches S\u00fcdengland&#8221; &#8211; Busreisen 8 Tage"}]}]}},"_links":{"self":[{"href":"https:\/\/www.urlaubcornwall.de\/blog\/wp-json\/wp\/v2\/pages\/19133"}],"collection":[{"href":"https:\/\/www.urlaubcornwall.de\/blog\/wp-json\/wp\/v2\/pages"}],"about":[{"href":"https:\/\/www.urlaubcornwall.de\/blog\/wp-json\/wp\/v2\/types\/page"}],"author":[{"embeddable":true,"href":"https:\/\/www.urlaubcornwall.de\/blog\/wp-json\/wp\/v2\/users\/1"}],"replies":[{"embeddable":true,"href":"https:\/\/www.urlaubcornwall.de\/blog\/wp-json\/wp\/v2\/comments?post=19133"}],"version-history":[{"count":35,"href":"https:\/\/www.urlaubcornwall.de\/blog\/wp-json\/wp\/v2\/pages\/19133\/revisions"}],"predecessor-version":[{"id":50234,"href":"https:\/\/www.urlaubcornwall.de\/blog\/wp-json\/wp\/v2\/pages\/19133\/revisions\/50234"}],"wp:attachment":[{"href":"https:\/\/www.urlaubcornwall.de\/blog\/wp-json\/wp\/v2\/media?parent=19133"}],"curies":[{"name":"wp","href":"https:\/\/api.w.org\/{rel}","templated":true}]}}