{"id":19070,"date":"2015-05-05T12:50:43","date_gmt":"2015-05-05T12:50:43","guid":{"rendered":"https:\/\/www.urlaubcornwall.de\/blog\/?page_id=19070"},"modified":"2021-09-02T10:54:02","modified_gmt":"2021-09-02T10:54:02","slug":"ferienhaus-devon-mit-meerblick-spring-tide-bigbury-on-sea","status":"publish","type":"page","link":"https:\/\/www.urlaubcornwall.de\/blog\/ferienhaus-devon-mit-meerblick-spring-tide-bigbury-on-sea\/","title":{"rendered":"Ferienhaus Devon mit Meerblick : Spring Tide, Bigbury on Sea"},"content":{"rendered":"<p><strong>Schlafplatz f\u00fcr 6 + Kinderbett, 3 Schlafzimmer, leider keine Haustiere erlaubt, Ferienhaus mit Meerblick 8.2 Kilometer W von Kingsbridge, S\u00fcd-Devon.<\/strong> <strong>Preisspanne Q (\u00a3579 &#8211; \u00a31614)<\/strong><\/p>\n<p>Welch ein Ferienhaus \u2013 und welch ein Blick! Sie haben von Spring Tide aus tats\u00e4chlich einen spektakul\u00e4ren Blick. Es handelt sich um ein Paar zeitgen\u00f6ssischer Geb\u00e4ude, nach den h\u00f6chsten Standards gebaut und gelegen im Dorf Bigbury-on-Sea. Das Wohnzimmer im ersten Stock verf\u00fcgt \u00fcber Glast\u00fcren vom Fu\u00dfboden bis zur Decke und einem Balkon, so dass Sie die wundervolle Sicht in vollen Z\u00fcgen genie\u00dfen k\u00f6nnen. Mit einer bis ins Detail ausgestatteten K\u00fcche, Holzb\u00f6den, Fu\u00dfbodenheizung (teilweise durch Solarpanelen betrieben), stilvoller moderner Einrichtung und einem umfassenden Sky TV Paket, ist dies ein Haus, wo Sie sich zur\u00fccklehnen, entspannen und genie\u00dfen k\u00f6nnen. Spring Tide hat einen terrassenf\u00f6rmig angelegten hinteren Garten, sowie den Balkon auf dem ersten Stock und bietet ein perfektes Schlupfloch f\u00fcr Familien oder Freunde, die diese beliebte Gegend erkunden wollen.<\/p>\n<p style=\"text-align: center;\"><a class=\"tidycta\" href=\"https:\/\/www.urlaubcornwall.de\/ferienhaeuser-fewos\/eng\/devon\/devon.html\">Suche Ferienh\u00e4user Devon<\/a><\/p>\n<p><strong>Erdgeschoss<\/strong><\/p>\n<p>Diele<br \/>\nSchlafzimmer 1 mit Doppelbett (5&#8242;) und En-Suite-Duschraum mit Dusche, WC und Wasch-becken<br \/>\nSchlafzimmer 2 mit Zwillingsbetten<br \/>\nSchlafzimmer 3 mit Stockbetten<br \/>\nBadezimmer mit Badewanne einschlie\u00dflich einer Handdusche, WC und Waschbecken<\/p>\n<p><strong>Erster Stock<\/strong><\/p>\n<p>Offener Wohnbereich mit K\u00fcche und Essbereich, TV, DVD Player, CD Player, iPod-Ladestation und Balkon; elektrischer Herd, elektrischer Backofen, Mikrowelle, K\u00fchl-\/ Gefrierschrank, Waschmaschine, Trockner und Geschirrsp\u00fclmaschine.<\/p>\n<p><strong>Eigenschaften<\/strong><\/p>\n<p>vollst\u00e4ndige Fu\u00dfbodenheizung<br \/>\n\u2022\u00a0Kinderreisebett<br \/>\n\u2022\u00a0WiFi<br \/>\n\u2022\u00a0private Parkm\u00f6glichkeit f\u00fcr 2 Autos<br \/>\n\u2022\u00a0Gartenm\u00f6bel<br \/>\n\u2022\u00a0Kneipe 1Meile<br \/>\n\u2022\u00a0Nichtraucher<br \/>\n\u2022\u00a0bedauerlicherweise keine Haustiere<br \/>\n\u2022\u00a0Ankunft\/Abreise Samstag<\/p>\n<p style=\"text-align: center;\"><a class=\"tidycta\" href=\"https:\/\/www.urlaubcornwall.de\/ferienhaeuser-fewos\/eng\/devon\/devon.html\">Suche Ferienh\u00e4user Devon<\/a><\/p>\n<p>Um UrlaubCornwall.de einzigartige Kollektion nach Ihrem idealen Ferienhaus zu durchsuchen. <a href=\"https:\/\/www.urlaubcornwall.de\/ferienhaeuser\/cornwall.php\"><span style=\"text-decoration: underline;\">Klicken Sie hier<\/span> &gt;&gt;<\/a><\/p>\n","protected":false},"excerpt":{"rendered":"<p>Schlafplatz f\u00fcr 6 + Kinderbett, 3 Schlafzimmer, leider keine Haustiere erlaubt, Ferienhaus mit Meerblick 8.2 Kilometer W von Kingsbridge, S\u00fcd-Devon. Preisspanne Q (\u00a3579 &#8211; \u00a31614) Welch ein Ferienhaus \u2013 und welch ein Blick! Sie haben von Spring Tide aus tats\u00e4chlich einen spektakul\u00e4ren Blick. Es handelt sich um ein Paar zeitgen\u00f6ssischer Geb\u00e4ude, nach den h\u00f6chsten Standards [&hellip;]<\/p>\n","protected":false},"author":1,"featured_media":0,"parent":0,"menu_order":0,"comment_status":"closed","ping_status":"closed","template":"single-two.php","meta":[],"acf":[],"yoast_head":"<!-- This site is optimized with the Yoast SEO plugin v19.4 - https:\/\/yoast.com\/wordpress\/plugins\/seo\/ -->\n<title>Ferienhaus Devon mit Meerblick : Spring Tide, Bigbury on Sea - Urlaub &amp; Reisen<\/title>\n<meta name=\"robots\" content=\"index, follow, max-snippet:-1, max-image-preview:large, max-video-preview:-1\" \/>\n<link rel=\"canonical\" href=\"https:\/\/www.urlaubcornwall.de\/blog\/ferienhaus-devon-mit-meerblick-spring-tide-bigbury-on-sea\/\" \/>\n<meta property=\"og:locale\" content=\"en_US\" \/>\n<meta property=\"og:type\" content=\"article\" \/>\n<meta property=\"og:title\" content=\"Ferienhaus Devon mit Meerblick : Spring Tide, Bigbury on Sea - Urlaub &amp; Reisen\" \/>\n<meta property=\"og:description\" content=\"Schlafplatz f\u00fcr 6 + Kinderbett, 3 Schlafzimmer, leider keine Haustiere erlaubt, Ferienhaus mit Meerblick 8.2 Kilometer W von Kingsbridge, S\u00fcd-Devon. Preisspanne Q (\u00a3579 &#8211; \u00a31614) Welch ein Ferienhaus \u2013 und welch ein Blick! Sie haben von Spring Tide aus tats\u00e4chlich einen spektakul\u00e4ren Blick. Es handelt sich um ein Paar zeitgen\u00f6ssischer Geb\u00e4ude, nach den h\u00f6chsten Standards [&hellip;]\" \/>\n<meta property=\"og:url\" content=\"https:\/\/www.urlaubcornwall.de\/blog\/ferienhaus-devon-mit-meerblick-spring-tide-bigbury-on-sea\/\" \/>\n<meta property=\"og:site_name\" content=\"Urlaub &amp; Reisen\" \/>\n<meta property=\"article:modified_time\" content=\"2021-09-02T10:54:02+00:00\" \/>\n<meta name=\"twitter:card\" content=\"summary\" \/>\n<meta name=\"twitter:label1\" content=\"Est. reading time\" \/>\n\t<meta name=\"twitter:data1\" content=\"1 minute\" \/>\n<script type=\"application\/ld+json\" class=\"yoast-schema-graph\">{\"@context\":\"https:\/\/schema.org\",\"@graph\":[{\"@type\":\"WebSite\",\"@id\":\"https:\/\/www.urlaubcornwall.de\/blog\/#website\",\"url\":\"https:\/\/www.urlaubcornwall.de\/blog\/\",\"name\":\"Urlaub &amp; Reisen\",\"description\":\"Urlaub, Reisen, Cornwall und S\u00fcdengland: eine perfekte Kombination\",\"potentialAction\":[{\"@type\":\"SearchAction\",\"target\":{\"@type\":\"EntryPoint\",\"urlTemplate\":\"https:\/\/www.urlaubcornwall.de\/blog\/?s={search_term_string}\"},\"query-input\":\"required name=search_term_string\"}],\"inLanguage\":\"en-US\"},{\"@type\":\"WebPage\",\"@id\":\"https:\/\/www.urlaubcornwall.de\/blog\/ferienhaus-devon-mit-meerblick-spring-tide-bigbury-on-sea\/\",\"url\":\"https:\/\/www.urlaubcornwall.de\/blog\/ferienhaus-devon-mit-meerblick-spring-tide-bigbury-on-sea\/\",\"name\":\"Ferienhaus Devon mit Meerblick : Spring Tide, Bigbury on Sea - Urlaub &amp; Reisen\",\"isPartOf\":{\"@id\":\"https:\/\/www.urlaubcornwall.de\/blog\/#website\"},\"datePublished\":\"2015-05-05T12:50:43+00:00\",\"dateModified\":\"2021-09-02T10:54:02+00:00\",\"breadcrumb\":{\"@id\":\"https:\/\/www.urlaubcornwall.de\/blog\/ferienhaus-devon-mit-meerblick-spring-tide-bigbury-on-sea\/#breadcrumb\"},\"inLanguage\":\"en-US\",\"potentialAction\":[{\"@type\":\"ReadAction\",\"target\":[\"https:\/\/www.urlaubcornwall.de\/blog\/ferienhaus-devon-mit-meerblick-spring-tide-bigbury-on-sea\/\"]}]},{\"@type\":\"BreadcrumbList\",\"@id\":\"https:\/\/www.urlaubcornwall.de\/blog\/ferienhaus-devon-mit-meerblick-spring-tide-bigbury-on-sea\/#breadcrumb\",\"itemListElement\":[{\"@type\":\"ListItem\",\"position\":1,\"name\":\"Home\",\"item\":\"https:\/\/www.urlaubcornwall.de\/blog\/\"},{\"@type\":\"ListItem\",\"position\":2,\"name\":\"Ferienhaus Devon mit Meerblick : Spring Tide, Bigbury on Sea\"}]}]}<\/script>\n<!-- \/ Yoast SEO plugin. -->","yoast_head_json":{"title":"Ferienhaus Devon mit Meerblick : Spring Tide, Bigbury on Sea - Urlaub &amp; Reisen","robots":{"index":"index","follow":"follow","max-snippet":"max-snippet:-1","max-image-preview":"max-image-preview:large","max-video-preview":"max-video-preview:-1"},"canonical":"https:\/\/www.urlaubcornwall.de\/blog\/ferienhaus-devon-mit-meerblick-spring-tide-bigbury-on-sea\/","og_locale":"en_US","og_type":"article","og_title":"Ferienhaus Devon mit Meerblick : Spring Tide, Bigbury on Sea - Urlaub &amp; Reisen","og_description":"Schlafplatz f\u00fcr 6 + Kinderbett, 3 Schlafzimmer, leider keine Haustiere erlaubt, Ferienhaus mit Meerblick 8.2 Kilometer W von Kingsbridge, S\u00fcd-Devon. Preisspanne Q (\u00a3579 &#8211; \u00a31614) Welch ein Ferienhaus \u2013 und welch ein Blick! Sie haben von Spring Tide aus tats\u00e4chlich einen spektakul\u00e4ren Blick. Es handelt sich um ein Paar zeitgen\u00f6ssischer Geb\u00e4ude, nach den h\u00f6chsten Standards [&hellip;]","og_url":"https:\/\/www.urlaubcornwall.de\/blog\/ferienhaus-devon-mit-meerblick-spring-tide-bigbury-on-sea\/","og_site_name":"Urlaub &amp; Reisen","article_modified_time":"2021-09-02T10:54:02+00:00","twitter_card":"summary","twitter_misc":{"Est. reading time":"1 minute"},"schema":{"@context":"https:\/\/schema.org","@graph":[{"@type":"WebSite","@id":"https:\/\/www.urlaubcornwall.de\/blog\/#website","url":"https:\/\/www.urlaubcornwall.de\/blog\/","name":"Urlaub &amp; Reisen","description":"Urlaub, Reisen, Cornwall und S\u00fcdengland: eine perfekte Kombination","potentialAction":[{"@type":"SearchAction","target":{"@type":"EntryPoint","urlTemplate":"https:\/\/www.urlaubcornwall.de\/blog\/?s={search_term_string}"},"query-input":"required name=search_term_string"}],"inLanguage":"en-US"},{"@type":"WebPage","@id":"https:\/\/www.urlaubcornwall.de\/blog\/ferienhaus-devon-mit-meerblick-spring-tide-bigbury-on-sea\/","url":"https:\/\/www.urlaubcornwall.de\/blog\/ferienhaus-devon-mit-meerblick-spring-tide-bigbury-on-sea\/","name":"Ferienhaus Devon mit Meerblick : Spring Tide, Bigbury on Sea - Urlaub &amp; Reisen","isPartOf":{"@id":"https:\/\/www.urlaubcornwall.de\/blog\/#website"},"datePublished":"2015-05-05T12:50:43+00:00","dateModified":"2021-09-02T10:54:02+00:00","breadcrumb":{"@id":"https:\/\/www.urlaubcornwall.de\/blog\/ferienhaus-devon-mit-meerblick-spring-tide-bigbury-on-sea\/#breadcrumb"},"inLanguage":"en-US","potentialAction":[{"@type":"ReadAction","target":["https:\/\/www.urlaubcornwall.de\/blog\/ferienhaus-devon-mit-meerblick-spring-tide-bigbury-on-sea\/"]}]},{"@type":"BreadcrumbList","@id":"https:\/\/www.urlaubcornwall.de\/blog\/ferienhaus-devon-mit-meerblick-spring-tide-bigbury-on-sea\/#breadcrumb","itemListElement":[{"@type":"ListItem","position":1,"name":"Home","item":"https:\/\/www.urlaubcornwall.de\/blog\/"},{"@type":"ListItem","position":2,"name":"Ferienhaus Devon mit Meerblick : Spring Tide, Bigbury on Sea"}]}]}},"_links":{"self":[{"href":"https:\/\/www.urlaubcornwall.de\/blog\/wp-json\/wp\/v2\/pages\/19070"}],"collection":[{"href":"https:\/\/www.urlaubcornwall.de\/blog\/wp-json\/wp\/v2\/pages"}],"about":[{"href":"https:\/\/www.urlaubcornwall.de\/blog\/wp-json\/wp\/v2\/types\/page"}],"author":[{"embeddable":true,"href":"https:\/\/www.urlaubcornwall.de\/blog\/wp-json\/wp\/v2\/users\/1"}],"replies":[{"embeddable":true,"href":"https:\/\/www.urlaubcornwall.de\/blog\/wp-json\/wp\/v2\/comments?post=19070"}],"version-history":[{"count":5,"href":"https:\/\/www.urlaubcornwall.de\/blog\/wp-json\/wp\/v2\/pages\/19070\/revisions"}],"predecessor-version":[{"id":42483,"href":"https:\/\/www.urlaubcornwall.de\/blog\/wp-json\/wp\/v2\/pages\/19070\/revisions\/42483"}],"wp:attachment":[{"href":"https:\/\/www.urlaubcornwall.de\/blog\/wp-json\/wp\/v2\/media?parent=19070"}],"curies":[{"name":"wp","href":"https:\/\/api.w.org\/{rel}","templated":true}]}}