{"id":18985,"date":"2015-04-17T10:26:32","date_gmt":"2015-04-17T10:26:32","guid":{"rendered":"https:\/\/www.urlaubcornwall.de\/blog\/?page_id=18985"},"modified":"2024-05-29T08:34:38","modified_gmt":"2024-05-29T08:34:38","slug":"hotels-in-zentrallondon-mit-parkmoeglichkeit","status":"publish","type":"page","link":"https:\/\/www.urlaubcornwall.de\/blog\/hotels-in-zentrallondon-mit-parkmoeglichkeit\/","title":{"rendered":"Hotels in Zentral London mit Parkm\u00f6glichkeit"},"content":{"rendered":"<p><a href=\"https:\/\/www.urlaubcornwall.de\/blog\/wp-content\/uploads\/2024\/03\/london-park.jpg\"><img loading=\"lazy\" src=\"https:\/\/www.urlaubcornwall.de\/blog\/wp-content\/uploads\/2024\/03\/london-park.jpg\" alt=\"london park\" width=\"750\" height=\"500\" class=\"alignnone size-full wp-image-47843\" srcset=\"https:\/\/www.urlaubcornwall.de\/blog\/wp-content\/uploads\/2024\/03\/london-park.jpg 750w, https:\/\/www.urlaubcornwall.de\/blog\/wp-content\/uploads\/2024\/03\/london-park-300x200.jpg 300w\" sizes=\"(max-width: 750px) 100vw, 750px\" \/><\/a><\/p>\n<p style=\"text-align: left;\"><strong>Bei uns finden Sie Hotels zum Verlieben &#8211; so einfach ist das!<\/strong> Falls Sie sich auf einer Rundreise durch England befinden, so ist einfaches und sicheres Parken wichtig, besonders wenn Sie in einem Hotel in London untergebracht sind. Seit 1997 gestalten wir pers\u00f6nliche Touren f\u00fcr unsere Kunden und bieten eine Auswahl an Hotels mit Parkm\u00f6glichkeiten, sowohl in Zentrallondon als auch au\u00dferhalb des gesch\u00e4ftigen Innenkerns.<\/p>\n<p><ins class=\"bookingaff\" data-aid=\"1702083\" data-target_aid=\"1702083\" data-prod=\"map\" data-width=\"100%\" data-height=\"590\" data-lang=\"ualng\" data-dest_id=\"0\" data-dest_type=\"landmark\" data-latitude=\"51.5073509\" data-longitude=\"-0.1277583\" data-mwhsb=\"1\"><br \/>\n    <!-- Anything inside will go away once widget is loaded. --><br \/>\n        <a href=\"\/\/www.booking.com?aid=1702083\"rel=\"nofollow\">Booking.com<\/a><br \/>\n<\/ins><br \/>\n<script type=\"text\/javascript\">\n    (function(d, sc, u) {\n      var s = d.createElement(sc), p = d.getElementsByTagName(sc)[0];\n      s.type = 'text\/javascript';\n      s.async = true;\n      s.src = u + '?v=' + (+new Date());\n      p.parentNode.insertBefore(s,p);\n      })(document, 'script', '\/\/aff.bstatic.com\/static\/affiliate_base\/js\/flexiproduct.js');\n<\/script><\/p>\n<h3><\/h3>\n<p><ins class=\"bookingaff\" data-aid=\"1714158\" data-target_aid=\"1714158\" data-prod=\"nsb\" data-width=\"100%\" data-height=\"auto\" data-lang=\"en\"><br \/>\n    <!-- Anything inside will go away once widget is loaded. --><br \/>\n        <a href=\"\/\/www.booking.com?aid=1714158\"rel=\"nofollow\">Booking.com<\/a><br \/>\n<\/ins><br \/>\n<script type=\"text\/javascript\">\n    (function(d, sc, u) {\n      var s = d.createElement(sc), p = d.getElementsByTagName(sc)[0];\n      s.type = 'text\/javascript';\n      s.async = true;\n      s.src = u + '?v=' + (+new Date());\n      p.parentNode.insertBefore(s,p);\n      })(document, 'script', '\/\/aff.bstatic.com\/static\/affiliate_base\/js\/flexiproduct.js');\n<\/script><\/p>\n<p style=\"text-align: left;\"><strong>Unterk\u00fcnften mit<\/strong><span class=\"Apple-converted-space\">&nbsp;<\/span><strong>Parkm\u00f6glichkeit:<\/strong> Wir haben bereits Tausenden Familien und Paaren dabei geholfen, die perfekte Unterkunft zu finden. Sie werden von <a href=\"https:\/\/www.urlaubcornwall.de\/blog\/urlaub-oder-rundreisen-in-london-und-suedengland-hotels-bbs\/\"><span style=\"text-decoration: underline;\">unserem Team an London-Experten<\/span><\/a> h\u00f6ren, das Sie pers\u00f6nlich durch die Organisation Ihres Urlaubs leiten wird. Ob Sie nun eine Familie mit Kindern sind, die finanziell planen muss oder die Luxuserfahrung eines Hotels schlechthin suchen anl\u00e4sslich einer besonderen Gelegenheit oder als Traumurlaub, so haben wir die Antwort f\u00fcr Sie.<\/p>\n<p style=\"text-align: left;\">Wir bieten Ihnen unsere Tipps und unseren Rat, wie auch einen Service, der ein gro\u00dfartiges Preis-Leistungsverh\u00e4ltnis in <a href=\"https:\/\/www.urlaubcornwall.de\/blog\/handverlesene-hotels-in-london\/\"><span style=\"text-decoration: underline;\">den besten Hotels<\/span><\/a> garantiert.<\/p>\n<p style=\"text-align: left;\"><strong>Wir freuen uns auf<\/strong> <a href=\"http:\/\/www.urlaubcornwall.de\/anfrage.php\"><span style=\"text-decoration: underline;\"><strong>Ihre Anfrage<\/strong><\/span>.<\/a><\/p>\n","protected":false},"excerpt":{"rendered":"<p>Bei uns finden Sie Hotels zum Verlieben &#8211; so einfach ist das! Falls Sie sich auf einer Rundreise durch England befinden, so ist einfaches und sicheres Parken wichtig, besonders wenn Sie in einem Hotel in London untergebracht sind. Seit 1997 gestalten wir pers\u00f6nliche Touren f\u00fcr unsere Kunden und bieten eine Auswahl an Hotels mit Parkm\u00f6glichkeiten, [&hellip;]<\/p>\n","protected":false},"author":1,"featured_media":0,"parent":0,"menu_order":0,"comment_status":"closed","ping_status":"closed","template":"single-four.php","meta":[],"acf":[],"yoast_head":"<!-- This site is optimized with the Yoast SEO plugin v19.4 - https:\/\/yoast.com\/wordpress\/plugins\/seo\/ -->\n<title>Hotels in Zentral London mit Parkm\u00f6glichkeit - Urlaub &amp; Reisen<\/title>\n<meta name=\"robots\" content=\"index, follow, max-snippet:-1, max-image-preview:large, max-video-preview:-1\" \/>\n<link rel=\"canonical\" href=\"https:\/\/www.urlaubcornwall.de\/blog\/hotels-in-zentrallondon-mit-parkmoeglichkeit\/\" \/>\n<meta property=\"og:locale\" content=\"en_US\" \/>\n<meta property=\"og:type\" content=\"article\" \/>\n<meta property=\"og:title\" content=\"Hotels in Zentral London mit Parkm\u00f6glichkeit - Urlaub &amp; Reisen\" \/>\n<meta property=\"og:description\" content=\"Bei uns finden Sie Hotels zum Verlieben &#8211; so einfach ist das! Falls Sie sich auf einer Rundreise durch England befinden, so ist einfaches und sicheres Parken wichtig, besonders wenn Sie in einem Hotel in London untergebracht sind. Seit 1997 gestalten wir pers\u00f6nliche Touren f\u00fcr unsere Kunden und bieten eine Auswahl an Hotels mit Parkm\u00f6glichkeiten, [&hellip;]\" \/>\n<meta property=\"og:url\" content=\"https:\/\/www.urlaubcornwall.de\/blog\/hotels-in-zentrallondon-mit-parkmoeglichkeit\/\" \/>\n<meta property=\"og:site_name\" content=\"Urlaub &amp; Reisen\" \/>\n<meta property=\"article:modified_time\" content=\"2024-05-29T08:34:38+00:00\" \/>\n<meta property=\"og:image\" content=\"https:\/\/www.urlaubcornwall.de\/blog\/wp-content\/uploads\/2024\/03\/london-park.jpg\" \/>\n<meta name=\"twitter:card\" content=\"summary\" \/>\n<meta name=\"twitter:label1\" content=\"Est. reading time\" \/>\n\t<meta name=\"twitter:data1\" content=\"2 minutes\" \/>\n<script type=\"application\/ld+json\" class=\"yoast-schema-graph\">{\"@context\":\"https:\/\/schema.org\",\"@graph\":[{\"@type\":\"WebSite\",\"@id\":\"https:\/\/www.urlaubcornwall.de\/blog\/#website\",\"url\":\"https:\/\/www.urlaubcornwall.de\/blog\/\",\"name\":\"Urlaub &amp; Reisen\",\"description\":\"Urlaub, Reisen, Cornwall und S\u00fcdengland: eine perfekte Kombination\",\"potentialAction\":[{\"@type\":\"SearchAction\",\"target\":{\"@type\":\"EntryPoint\",\"urlTemplate\":\"https:\/\/www.urlaubcornwall.de\/blog\/?s={search_term_string}\"},\"query-input\":\"required name=search_term_string\"}],\"inLanguage\":\"en-US\"},{\"@type\":\"WebPage\",\"@id\":\"https:\/\/www.urlaubcornwall.de\/blog\/hotels-in-zentrallondon-mit-parkmoeglichkeit\/\",\"url\":\"https:\/\/www.urlaubcornwall.de\/blog\/hotels-in-zentrallondon-mit-parkmoeglichkeit\/\",\"name\":\"Hotels in Zentral London mit Parkm\u00f6glichkeit - Urlaub &amp; Reisen\",\"isPartOf\":{\"@id\":\"https:\/\/www.urlaubcornwall.de\/blog\/#website\"},\"datePublished\":\"2015-04-17T10:26:32+00:00\",\"dateModified\":\"2024-05-29T08:34:38+00:00\",\"breadcrumb\":{\"@id\":\"https:\/\/www.urlaubcornwall.de\/blog\/hotels-in-zentrallondon-mit-parkmoeglichkeit\/#breadcrumb\"},\"inLanguage\":\"en-US\",\"potentialAction\":[{\"@type\":\"ReadAction\",\"target\":[\"https:\/\/www.urlaubcornwall.de\/blog\/hotels-in-zentrallondon-mit-parkmoeglichkeit\/\"]}]},{\"@type\":\"BreadcrumbList\",\"@id\":\"https:\/\/www.urlaubcornwall.de\/blog\/hotels-in-zentrallondon-mit-parkmoeglichkeit\/#breadcrumb\",\"itemListElement\":[{\"@type\":\"ListItem\",\"position\":1,\"name\":\"Home\",\"item\":\"https:\/\/www.urlaubcornwall.de\/blog\/\"},{\"@type\":\"ListItem\",\"position\":2,\"name\":\"Hotels in Zentral London mit Parkm\u00f6glichkeit\"}]}]}<\/script>\n<!-- \/ Yoast SEO plugin. -->","yoast_head_json":{"title":"Hotels in Zentral London mit Parkm\u00f6glichkeit - Urlaub &amp; Reisen","robots":{"index":"index","follow":"follow","max-snippet":"max-snippet:-1","max-image-preview":"max-image-preview:large","max-video-preview":"max-video-preview:-1"},"canonical":"https:\/\/www.urlaubcornwall.de\/blog\/hotels-in-zentrallondon-mit-parkmoeglichkeit\/","og_locale":"en_US","og_type":"article","og_title":"Hotels in Zentral London mit Parkm\u00f6glichkeit - Urlaub &amp; Reisen","og_description":"Bei uns finden Sie Hotels zum Verlieben &#8211; so einfach ist das! Falls Sie sich auf einer Rundreise durch England befinden, so ist einfaches und sicheres Parken wichtig, besonders wenn Sie in einem Hotel in London untergebracht sind. Seit 1997 gestalten wir pers\u00f6nliche Touren f\u00fcr unsere Kunden und bieten eine Auswahl an Hotels mit Parkm\u00f6glichkeiten, [&hellip;]","og_url":"https:\/\/www.urlaubcornwall.de\/blog\/hotels-in-zentrallondon-mit-parkmoeglichkeit\/","og_site_name":"Urlaub &amp; Reisen","article_modified_time":"2024-05-29T08:34:38+00:00","og_image":[{"url":"https:\/\/www.urlaubcornwall.de\/blog\/wp-content\/uploads\/2024\/03\/london-park.jpg"}],"twitter_card":"summary","twitter_misc":{"Est. reading time":"2 minutes"},"schema":{"@context":"https:\/\/schema.org","@graph":[{"@type":"WebSite","@id":"https:\/\/www.urlaubcornwall.de\/blog\/#website","url":"https:\/\/www.urlaubcornwall.de\/blog\/","name":"Urlaub &amp; Reisen","description":"Urlaub, Reisen, Cornwall und S\u00fcdengland: eine perfekte Kombination","potentialAction":[{"@type":"SearchAction","target":{"@type":"EntryPoint","urlTemplate":"https:\/\/www.urlaubcornwall.de\/blog\/?s={search_term_string}"},"query-input":"required name=search_term_string"}],"inLanguage":"en-US"},{"@type":"WebPage","@id":"https:\/\/www.urlaubcornwall.de\/blog\/hotels-in-zentrallondon-mit-parkmoeglichkeit\/","url":"https:\/\/www.urlaubcornwall.de\/blog\/hotels-in-zentrallondon-mit-parkmoeglichkeit\/","name":"Hotels in Zentral London mit Parkm\u00f6glichkeit - Urlaub &amp; Reisen","isPartOf":{"@id":"https:\/\/www.urlaubcornwall.de\/blog\/#website"},"datePublished":"2015-04-17T10:26:32+00:00","dateModified":"2024-05-29T08:34:38+00:00","breadcrumb":{"@id":"https:\/\/www.urlaubcornwall.de\/blog\/hotels-in-zentrallondon-mit-parkmoeglichkeit\/#breadcrumb"},"inLanguage":"en-US","potentialAction":[{"@type":"ReadAction","target":["https:\/\/www.urlaubcornwall.de\/blog\/hotels-in-zentrallondon-mit-parkmoeglichkeit\/"]}]},{"@type":"BreadcrumbList","@id":"https:\/\/www.urlaubcornwall.de\/blog\/hotels-in-zentrallondon-mit-parkmoeglichkeit\/#breadcrumb","itemListElement":[{"@type":"ListItem","position":1,"name":"Home","item":"https:\/\/www.urlaubcornwall.de\/blog\/"},{"@type":"ListItem","position":2,"name":"Hotels in Zentral London mit Parkm\u00f6glichkeit"}]}]}},"_links":{"self":[{"href":"https:\/\/www.urlaubcornwall.de\/blog\/wp-json\/wp\/v2\/pages\/18985"}],"collection":[{"href":"https:\/\/www.urlaubcornwall.de\/blog\/wp-json\/wp\/v2\/pages"}],"about":[{"href":"https:\/\/www.urlaubcornwall.de\/blog\/wp-json\/wp\/v2\/types\/page"}],"author":[{"embeddable":true,"href":"https:\/\/www.urlaubcornwall.de\/blog\/wp-json\/wp\/v2\/users\/1"}],"replies":[{"embeddable":true,"href":"https:\/\/www.urlaubcornwall.de\/blog\/wp-json\/wp\/v2\/comments?post=18985"}],"version-history":[{"count":12,"href":"https:\/\/www.urlaubcornwall.de\/blog\/wp-json\/wp\/v2\/pages\/18985\/revisions"}],"predecessor-version":[{"id":50538,"href":"https:\/\/www.urlaubcornwall.de\/blog\/wp-json\/wp\/v2\/pages\/18985\/revisions\/50538"}],"wp:attachment":[{"href":"https:\/\/www.urlaubcornwall.de\/blog\/wp-json\/wp\/v2\/media?parent=18985"}],"curies":[{"name":"wp","href":"https:\/\/api.w.org\/{rel}","templated":true}]}}