{"id":18982,"date":"2015-04-17T10:23:44","date_gmt":"2015-04-17T10:23:44","guid":{"rendered":"https:\/\/www.urlaubcornwall.de\/blog\/?page_id=18982"},"modified":"2021-11-10T12:27:49","modified_gmt":"2021-11-10T12:27:49","slug":"romantische-hotels-fuer-paare","status":"publish","type":"page","link":"https:\/\/www.urlaubcornwall.de\/blog\/romantische-hotels-fuer-paare\/","title":{"rendered":"Romantische London Hotels f\u00fcr Paare"},"content":{"rendered":"<p><a href=\"https:\/\/www.urlaubcornwall.de\/blog\/wp-content\/uploads\/2015\/02\/incentive-reisen-england.jpg\"><img loading=\"lazy\" class=\"aligncenter size-full wp-image-35327\" src=\"https:\/\/www.urlaubcornwall.de\/blog\/wp-content\/uploads\/2019\/01\/urlaub-london.jpg\" alt=\"tower bridge Romantische London Hotels f\u00fcr Paare\" width=\"747\" height=\"381\" srcset=\"https:\/\/www.urlaubcornwall.de\/blog\/wp-content\/uploads\/2019\/01\/urlaub-london.jpg 747w, https:\/\/www.urlaubcornwall.de\/blog\/wp-content\/uploads\/2019\/01\/urlaub-london-300x153.jpg 300w\" sizes=\"(max-width: 747px) 100vw, 747px\" \/><\/a><\/p>\n<p style=\"text-align: left;\">Bei uns finden Sie Hotels in London zum Verlieben &#8211; so einfach ist das! London ist das perfekte Ziel f\u00fcr einen romantischen Urlaub oder Kurzurlaub. Es ist voller Kultur, Tradition und bietet einige der weltbesten Hotels.<\/p>\n<p style=\"text-align: left;\">Suchen Sie nach einer sowohl stilvollen als auch anspruchsvollen Unterkunft mit pers\u00f6nlichem Touch, dann bleiben Sie doch in einem unserer handverlesenen besten romantischen Hotels Londons. <\/p>\n<p><strong>Suche Hotels in London<\/strong><\/p>\n<p><a href=\"https:\/\/www.booking.com\/hotel\/gb\/londonguardshotel.en.html?aid=1320750&#038;no_rooms=1&#038;group_adults=2\" rel=\"nofollow\">Signature Townhouse London Hyde Park<\/a> &#8211; Mit Aussicht auf den Hyde Park empf\u00e4ngt Sie das wundersch\u00f6n restaurierte Signature Townhouse London Hyde Park in einem Stadthaus aus dem 19. Jahrhundert. Sie wohnen 5 Gehminuten vom U-Bahnhof Lancaster Gate und nur 2 U-Bahnhaltestellen von den Gesch\u00e4ften rund um den Oxford Circus entfernt.<\/p>\n<p><a href=\"https:\/\/www.booking.com\/hotel\/gb\/montagueredcarnations.en.html?aid=1320750&#038;no_rooms=1&#038;group_adults=2\" rel=\"nofollow\">The Montague On The Gardens<\/a> &#8211; Dieses 4-Sterne-Luxushotel mit Aussicht auf abgeschiedene G\u00e4rten verf\u00fcgt \u00fcber 2 Restaurants, 1 Fitnessstudio und 2 Winterg\u00e4rten. Den U-Bahnhof Russell Square erreichen Sie in 4 Gehminuten. In diesem Boutique-Hotel erwarten Sie luxuri\u00f6se, individuell eingerichtete Zimmer mit Sat-TV und Filmen. Einige Zimmer bestechen zudem mit einem sch\u00f6nen Marmorbad.<\/p>\n<p><a href=\"https:\/\/www.booking.com\/hotel\/gb\/landmarklondonld.en.html?aid=1320750&#038;no_rooms=1&#038;group_adults=2\" rel=\"nofollow\">The Landmark London<\/a> &#8211; Im Herzen des angesagten Viertels Marylebone in London empf\u00e4ngt Sie dieses Luxushotel mit einem atemberaubenden 8-st\u00f6ckigen Atrium mit gro\u00dfen Palmen und einem Glasdach, einem preisgekr\u00f6nten Restaurant, luxuri\u00f6sen Zimmern sowie einem Innenpool und einem Wellnessbereich.<\/p>\n<p><ins class=\"bookingaff\" data-aid=\"1702083\" data-target_aid=\"1702083\" data-prod=\"map\" data-width=\"100%\" data-height=\"590\" data-lang=\"ualng\" data-dest_id=\"0\" data-dest_type=\"landmark\" data-latitude=\"51.5073509\" data-longitude=\"-0.1277583\" data-mwhsb=\"0\" data-address=\"London, UK\"><br \/>\n    <!-- Anything inside will go away once widget is loaded. --><br \/>\n        <a href=\"\/\/www.booking.com?aid=1702083\" rel=\"nofollow\">Booking.com<\/a><br \/>\n<\/ins><br \/>\n<script type=\"text\/javascript\">\n    (function(d, sc, u) {\n      var s = d.createElement(sc), p = d.getElementsByTagName(sc)[0];\n      s.type = 'text\/javascript';\n      s.async = true;\n      s.src = u + '?v=' + (+new Date());\n      p.parentNode.insertBefore(s,p);\n      })(document, 'script', '\/\/aff.bstatic.com\/static\/affiliate_base\/js\/flexiproduct.js');\n<\/script><\/p>\n<p style=\"text-align: left;\">W\u00e4hlen Sie ein modernes Boutique Hotel mit fantastischer Liebe zum Detail, oder vielleicht bevorzugen Sie ja eine traditionelle englische Erfahrung mit altmodischem Charme. Wir werden Ihnen mit Tipps und Rat zur Seite stehen und einem sehr pers\u00f6nlichen Service, welcher ein gro\u00dfartiges Preis-Leistungsverh\u00e4ltnis in <a href=\"https:\/\/www.urlaubcornwall.de\/blog\/handverlesene-hotels-in-london\/\"><span style=\"text-decoration: underline;\"><strong>den besten Hotels<\/strong><\/span> <\/a>garantiert.<\/p>\n<p style=\"text-align: left;\"><strong>Wir freuen uns auf<\/strong> <a href=\"http:\/\/www.urlaubcornwall.de\/anfrage.php\"><span style=\"text-decoration: underline;\"><strong>Ihre Anfrage<\/strong><\/span>.<\/a><\/p>\n<p>UrlaubCornwall&#8217;de verf\u00fcgt Ferienh\u00e4user und Ferienwohnungen in S\u00fcdengland. Unterk\u00fcnfte der Spitzenklasse f\u00fcr 2 Personen, Familien und Gruppen mit 4, 6, 8, 10 oder 12 G\u00e4sten.<\/p>\n<p style=\"text-align: center;\"><a class=\"tidycta\" href=\"https:\/\/www.urlaubcornwall.de\/ferienhaeuser\/suedengland.php\">Ferienh\u00e4user S\u00fcdengland<\/a><\/p>\n<p><a href=\"http:\/\/www.urlaubcornwall.de\/\">UrlaubCornwall.de<\/a> ist ein in Cornwall ans\u00e4ssiges Unternehmen k\u00f6nnen wir uns mit 20 Jahren Erfahrung in der Organisation von Rundreisen durch S\u00fcdwest und S\u00fcdengland r\u00fchmen. Erfahren Sie mehr \u00fcber <a href=\"https:\/\/www.urlaubcornwall.de\/hotels.php\">unsere Hotels in Cornwall<\/a>.<\/p>\n","protected":false},"excerpt":{"rendered":"<p>Bei uns finden Sie Hotels in London zum Verlieben &#8211; so einfach ist das! London ist das perfekte Ziel f\u00fcr einen romantischen Urlaub oder Kurzurlaub. Es ist voller Kultur, Tradition und bietet einige der weltbesten Hotels. Suchen Sie nach einer sowohl stilvollen als auch anspruchsvollen Unterkunft mit pers\u00f6nlichem Touch, dann bleiben Sie doch in einem [&hellip;]<\/p>\n","protected":false},"author":1,"featured_media":0,"parent":0,"menu_order":0,"comment_status":"closed","ping_status":"closed","template":"single-four.php","meta":[],"acf":[],"yoast_head":"<!-- This site is optimized with the Yoast SEO plugin v19.4 - https:\/\/yoast.com\/wordpress\/plugins\/seo\/ -->\n<title>Romantische London Hotels f\u00fcr Paare - Urlaub &amp; Reisen<\/title>\n<meta name=\"description\" content=\"London ist das perfekte Ziel f\u00fcr einen romantischen Urlaub oder Kurzurlaub. Es ist voller Kultur, Tradition\" \/>\n<meta name=\"robots\" content=\"index, follow, max-snippet:-1, max-image-preview:large, max-video-preview:-1\" \/>\n<link rel=\"canonical\" href=\"https:\/\/www.urlaubcornwall.de\/blog\/romantische-hotels-fuer-paare\/\" \/>\n<meta property=\"og:locale\" content=\"en_US\" \/>\n<meta property=\"og:type\" content=\"article\" \/>\n<meta property=\"og:title\" content=\"Romantische London Hotels f\u00fcr Paare - Urlaub &amp; Reisen\" \/>\n<meta property=\"og:description\" content=\"London ist das perfekte Ziel f\u00fcr einen romantischen Urlaub oder Kurzurlaub. Es ist voller Kultur, Tradition\" \/>\n<meta property=\"og:url\" content=\"https:\/\/www.urlaubcornwall.de\/blog\/romantische-hotels-fuer-paare\/\" \/>\n<meta property=\"og:site_name\" content=\"Urlaub &amp; Reisen\" \/>\n<meta property=\"article:modified_time\" content=\"2021-11-10T12:27:49+00:00\" \/>\n<meta property=\"og:image\" content=\"https:\/\/www.urlaubcornwall.de\/blog\/wp-content\/uploads\/2019\/01\/urlaub-london.jpg\" \/>\n<meta name=\"twitter:card\" content=\"summary\" \/>\n<meta name=\"twitter:label1\" content=\"Est. reading time\" \/>\n\t<meta name=\"twitter:data1\" content=\"2 minutes\" \/>\n<script type=\"application\/ld+json\" class=\"yoast-schema-graph\">{\"@context\":\"https:\/\/schema.org\",\"@graph\":[{\"@type\":\"WebSite\",\"@id\":\"https:\/\/www.urlaubcornwall.de\/blog\/#website\",\"url\":\"https:\/\/www.urlaubcornwall.de\/blog\/\",\"name\":\"Urlaub &amp; Reisen\",\"description\":\"Urlaub, Reisen, Cornwall und S\u00fcdengland: eine perfekte Kombination\",\"potentialAction\":[{\"@type\":\"SearchAction\",\"target\":{\"@type\":\"EntryPoint\",\"urlTemplate\":\"https:\/\/www.urlaubcornwall.de\/blog\/?s={search_term_string}\"},\"query-input\":\"required name=search_term_string\"}],\"inLanguage\":\"en-US\"},{\"@type\":\"WebPage\",\"@id\":\"https:\/\/www.urlaubcornwall.de\/blog\/romantische-hotels-fuer-paare\/\",\"url\":\"https:\/\/www.urlaubcornwall.de\/blog\/romantische-hotels-fuer-paare\/\",\"name\":\"Romantische London Hotels f\u00fcr Paare - Urlaub &amp; Reisen\",\"isPartOf\":{\"@id\":\"https:\/\/www.urlaubcornwall.de\/blog\/#website\"},\"datePublished\":\"2015-04-17T10:23:44+00:00\",\"dateModified\":\"2021-11-10T12:27:49+00:00\",\"description\":\"London ist das perfekte Ziel f\u00fcr einen romantischen Urlaub oder Kurzurlaub. Es ist voller Kultur, Tradition\",\"breadcrumb\":{\"@id\":\"https:\/\/www.urlaubcornwall.de\/blog\/romantische-hotels-fuer-paare\/#breadcrumb\"},\"inLanguage\":\"en-US\",\"potentialAction\":[{\"@type\":\"ReadAction\",\"target\":[\"https:\/\/www.urlaubcornwall.de\/blog\/romantische-hotels-fuer-paare\/\"]}]},{\"@type\":\"BreadcrumbList\",\"@id\":\"https:\/\/www.urlaubcornwall.de\/blog\/romantische-hotels-fuer-paare\/#breadcrumb\",\"itemListElement\":[{\"@type\":\"ListItem\",\"position\":1,\"name\":\"Home\",\"item\":\"https:\/\/www.urlaubcornwall.de\/blog\/\"},{\"@type\":\"ListItem\",\"position\":2,\"name\":\"Romantische London Hotels f\u00fcr Paare\"}]}]}<\/script>\n<!-- \/ Yoast SEO plugin. -->","yoast_head_json":{"title":"Romantische London Hotels f\u00fcr Paare - Urlaub &amp; Reisen","description":"London ist das perfekte Ziel f\u00fcr einen romantischen Urlaub oder Kurzurlaub. Es ist voller Kultur, Tradition","robots":{"index":"index","follow":"follow","max-snippet":"max-snippet:-1","max-image-preview":"max-image-preview:large","max-video-preview":"max-video-preview:-1"},"canonical":"https:\/\/www.urlaubcornwall.de\/blog\/romantische-hotels-fuer-paare\/","og_locale":"en_US","og_type":"article","og_title":"Romantische London Hotels f\u00fcr Paare - Urlaub &amp; Reisen","og_description":"London ist das perfekte Ziel f\u00fcr einen romantischen Urlaub oder Kurzurlaub. Es ist voller Kultur, Tradition","og_url":"https:\/\/www.urlaubcornwall.de\/blog\/romantische-hotels-fuer-paare\/","og_site_name":"Urlaub &amp; Reisen","article_modified_time":"2021-11-10T12:27:49+00:00","og_image":[{"url":"https:\/\/www.urlaubcornwall.de\/blog\/wp-content\/uploads\/2019\/01\/urlaub-london.jpg"}],"twitter_card":"summary","twitter_misc":{"Est. reading time":"2 minutes"},"schema":{"@context":"https:\/\/schema.org","@graph":[{"@type":"WebSite","@id":"https:\/\/www.urlaubcornwall.de\/blog\/#website","url":"https:\/\/www.urlaubcornwall.de\/blog\/","name":"Urlaub &amp; Reisen","description":"Urlaub, Reisen, Cornwall und S\u00fcdengland: eine perfekte Kombination","potentialAction":[{"@type":"SearchAction","target":{"@type":"EntryPoint","urlTemplate":"https:\/\/www.urlaubcornwall.de\/blog\/?s={search_term_string}"},"query-input":"required name=search_term_string"}],"inLanguage":"en-US"},{"@type":"WebPage","@id":"https:\/\/www.urlaubcornwall.de\/blog\/romantische-hotels-fuer-paare\/","url":"https:\/\/www.urlaubcornwall.de\/blog\/romantische-hotels-fuer-paare\/","name":"Romantische London Hotels f\u00fcr Paare - Urlaub &amp; Reisen","isPartOf":{"@id":"https:\/\/www.urlaubcornwall.de\/blog\/#website"},"datePublished":"2015-04-17T10:23:44+00:00","dateModified":"2021-11-10T12:27:49+00:00","description":"London ist das perfekte Ziel f\u00fcr einen romantischen Urlaub oder Kurzurlaub. Es ist voller Kultur, Tradition","breadcrumb":{"@id":"https:\/\/www.urlaubcornwall.de\/blog\/romantische-hotels-fuer-paare\/#breadcrumb"},"inLanguage":"en-US","potentialAction":[{"@type":"ReadAction","target":["https:\/\/www.urlaubcornwall.de\/blog\/romantische-hotels-fuer-paare\/"]}]},{"@type":"BreadcrumbList","@id":"https:\/\/www.urlaubcornwall.de\/blog\/romantische-hotels-fuer-paare\/#breadcrumb","itemListElement":[{"@type":"ListItem","position":1,"name":"Home","item":"https:\/\/www.urlaubcornwall.de\/blog\/"},{"@type":"ListItem","position":2,"name":"Romantische London Hotels f\u00fcr Paare"}]}]}},"_links":{"self":[{"href":"https:\/\/www.urlaubcornwall.de\/blog\/wp-json\/wp\/v2\/pages\/18982"}],"collection":[{"href":"https:\/\/www.urlaubcornwall.de\/blog\/wp-json\/wp\/v2\/pages"}],"about":[{"href":"https:\/\/www.urlaubcornwall.de\/blog\/wp-json\/wp\/v2\/types\/page"}],"author":[{"embeddable":true,"href":"https:\/\/www.urlaubcornwall.de\/blog\/wp-json\/wp\/v2\/users\/1"}],"replies":[{"embeddable":true,"href":"https:\/\/www.urlaubcornwall.de\/blog\/wp-json\/wp\/v2\/comments?post=18982"}],"version-history":[{"count":16,"href":"https:\/\/www.urlaubcornwall.de\/blog\/wp-json\/wp\/v2\/pages\/18982\/revisions"}],"predecessor-version":[{"id":43876,"href":"https:\/\/www.urlaubcornwall.de\/blog\/wp-json\/wp\/v2\/pages\/18982\/revisions\/43876"}],"wp:attachment":[{"href":"https:\/\/www.urlaubcornwall.de\/blog\/wp-json\/wp\/v2\/media?parent=18982"}],"curies":[{"name":"wp","href":"https:\/\/api.w.org\/{rel}","templated":true}]}}