{"id":18974,"date":"2015-04-17T10:25:53","date_gmt":"2015-04-17T10:25:53","guid":{"rendered":"https:\/\/www.urlaubcornwall.de\/blog\/?page_id=18974"},"modified":"2019-02-18T10:56:33","modified_gmt":"2019-02-18T10:56:33","slug":"handverlesene-hotels-in-london","status":"publish","type":"page","link":"https:\/\/www.urlaubcornwall.de\/blog\/handverlesene-hotels-in-london\/","title":{"rendered":"Handverlesene Hotels in London"},"content":{"rendered":"<p style=\"text-align: center;\"><a href=\"https:\/\/www.urlaubcornwall.de\/blog\/wp-content\/uploads\/2015\/02\/incentive-reisen-england.jpg\"><img loading=\"lazy\" class=\"aligncenter size-full wp-image-18145\" src=\"https:\/\/www.urlaubcornwall.de\/blog\/wp-content\/uploads\/2015\/02\/incentive-reisen-england.jpg\" alt=\"hotels in London\" width=\"748\" height=\"271\" \/><\/a><\/p>\n<p><strong>Bei uns finden Sie Hotels zum Verlieben &#8211; so einfach ist das!<\/strong><\/p>\n<p>London ist das ikonische Urlaubsziel schlechthin voller Energie, Kultur und Tradition mit einigen der weltbesten Hotels. Mit einer F\u00fclle an Wissen und Erfahrung haben wir eine Reihe an pers\u00f6nlich ausgew\u00e4hlten Hotels zusammengestellt, um Ihren Bed\u00fcrfnissen gerecht zu werden. Wir haben eine gro\u00dfartige Auswahl f\u00fcr Familien, Paare, ob sie nun finanziell planen oder nach etwas Au\u00dfergew\u00f6hnlichem oder Luxuri\u00f6sem suchen. Wir garantieren ein gro\u00dfartigen Preis-Leistungsverh\u00e4ltnis, sowie einige wahrhaft besondere Angebote.<br \/>\n<ins class=\"bookingaff\" data-aid=\"1702083\" data-target_aid=\"1702083\" data-prod=\"map\" data-width=\"100%\" data-height=\"590\" data-lang=\"ualng\" data-dest_id=\"0\" data-dest_type=\"landmark\" data-latitude=\"51.5073509\" data-longitude=\"-0.1277583\" data-mwhsb=\"1\"><br \/>\n    <!-- Anything inside will go away once widget is loaded. --><br \/>\n        <a href=\"\/\/www.booking.com?aid=1702083\"rel=\"nofollow\">Booking.com<\/a><br \/>\n<\/ins><br \/>\n<script type=\"text\/javascript\">\n    (function(d, sc, u) {\n      var s = d.createElement(sc), p = d.getElementsByTagName(sc)[0];\n      s.type = 'text\/javascript';\n      s.async = true;\n      s.src = u + '?v=' + (+new Date());\n      p.parentNode.insertBefore(s,p);\n      })(document, 'script', '\/\/aff.bstatic.com\/static\/affiliate_base\/js\/flexiproduct.js');\n<\/script><br \/>\n<ins class=\"bookingaff\" data-aid=\"1358105\" data-target_aid=\"1358105\" data-prod=\"nsb\" data-width=\"100%\" data-height=\"auto\" data-lang=\"de\" data-dest_id=\"-2601889\" data-dest_type=\"city\"><br \/>\n    <!-- Anything inside will go away once widget is loaded. --><br \/>\n        <a href=\"\/\/www.booking.com?aid=1358105\"rel=\"nofollow\">Booking.com<\/a><br \/>\n<\/ins><br \/>\n<script type=\"text\/javascript\">\n    (function(d, sc, u) {\n      var s = d.createElement(sc), p = d.getElementsByTagName(sc)[0];\n      s.type = 'text\/javascript';\n      s.async = true;\n      s.src = u + '?v=' + (+new Date());\n      p.parentNode.insertBefore(s,p);\n      })(document, 'script', '\/\/aff.bstatic.com\/static\/affiliate_base\/js\/flexiproduct.js');\n<\/script><\/p>\n<h3><\/h3>\n<p style=\"text-align: center;\"><strong>Wir freuen uns auf <a href=\"http:\/\/www.urlaubcornwall.de\/anfrage.php\"><span style=\"text-decoration: underline;\">Ihre Anfrage<\/span>.<\/a><\/strong><\/p>\n<h3><\/h3>\n<h2 style=\"text-align: center;\"><strong>Familienfreundliche Hotels in London<\/strong><\/h2>\n<h3><\/h3>\n<table>\n<tbody>\n<tr>\n<td><img loading=\"lazy\" class=\"aligncenter size-full wp-image-7090\" style=\"border: 0pt none; padding: 0px;\" src=\" https:\/\/www.urlaubcornwall.de\/blog\/wp-content\/uploads\/2015\/04\/Fowey-Hall-1.jpg\" alt=\"familienfreundliche-hotels-in-london\" width=\"148\" height=\"98\" \/><\/td>\n<td>\n<h3><\/h3>\n<p>Viele Hotels in London haben besondere Dienstleistungen und spezifische Eigenschaften, die f\u00fcr Familien hilfreich sind&#8230;&#8230;.<\/p>\n<h3><\/h3>\n<p><a href=\"https:\/\/www.urlaubcornwall.de\/blog\/handverlesene-familienfreundliche-hotels-in-london\/\"><strong>[ <span style=\"text-decoration: underline;\">Mehr<\/span> ]<\/strong><\/a><\/p><\/td>\n<\/tr>\n<\/tbody>\n<\/table>\n<h3><\/h3>\n<h2 style=\"text-align: center;\"><strong>Romantische Hotels f\u00fcr Paare<\/strong><\/h2>\n<h3><\/h3>\n<table>\n<tbody>\n<tr>\n<td><img loading=\"lazy\" class=\"aligncenter size-full wp-image-7090\" style=\"border: 0pt none; padding: 0px;\" src=\" https:\/\/www.urlaubcornwall.de\/blog\/wp-content\/uploads\/2015\/04\/London-hotels.jpg \" alt=\"romantische-hotels-fuer-paare\" width=\"148\" height=\"98\" \/><\/td>\n<td>W\u00e4hlen Sie ein modernes Boutique Hotel mit fantastischer Liebe zum Detail, oder vielleicht bevorzugen Sie ja eine traditionelle englische Erfahrung mit altmodischem Charme&#8230;\n<h3><\/h3>\n<p><a href=\"https:\/\/www.urlaubcornwall.de\/blog\/romantische-hotels-fuer-paare\/\"><strong>[ <span style=\"text-decoration: underline;\">Mehr<\/span> ]<\/strong><\/a><\/p><\/td>\n<\/tr>\n<\/tbody>\n<\/table>\n<h3><\/h3>\n<h2 style=\"text-align: center;\"><strong>Hotels in Zentrallondon mit Parkm\u00f6glichkeit<\/strong><\/h2>\n<h3><\/h3>\n<table>\n<tbody>\n<tr>\n<td><img loading=\"lazy\" class=\"aligncenter size-full wp-image-7090\" style=\"border: 0pt none; padding: 0px;\" src=\"  https:\/\/www.urlaubcornwall.de\/blog\/wp-content\/uploads\/2015\/04\/IMGA0001.jpg\" alt=\"hotels-in-zentrallondon-mit-parkmoeglichkeit\" width=\"148\" height=\"98\" \/><\/td>\n<td>Falls Sie sich auf einer Rundreise durch England befinden, so ist einfaches und sicheres Parken wichtig, besonders wenn Sie in einem Hotel in London untergebracht sind&#8230;.\n<h3><\/h3>\n<p><a href=\"https:\/\/www.urlaubcornwall.de\/blog\/hotels-in-zentrallondon-mit-parkmoeglichkeit\/\"><strong>[ <span style=\"text-decoration: underline;\">Mehr<\/span> ]<\/strong><\/a><\/p><\/td>\n<\/tr>\n<\/tbody>\n<\/table>\n<h3><\/h3>\n<h2 style=\"text-align: center;\"><strong>Luxushotels in London<br \/>\n<\/strong><\/h2>\n<h3><\/h3>\n<table>\n<tbody>\n<tr>\n<td><img loading=\"lazy\" class=\"aligncenter size-full wp-image-7090\" style=\"border: 0pt none; padding: 0px;\" src=\" https:\/\/www.urlaubcornwall.de\/blog\/wp-content\/uploads\/2015\/01\/croppedimage153104-Browns-ClassicDbl1.jpg\" alt=\"luxushotel london\" width=\"148\" height=\"98\" \/><\/td>\n<td>\n<h3><\/h3>\n<p><strong>Suchen Sie das perfekte Luxushotel London? <\/strong>Da es derart zahlreiche M\u00f6glichkeiten gibt, kam uns unsere knapp 20j\u00e4hrige Erfahrung in der Organisation von Urlauben in London zugute&#8230;..<\/p>\n<h3><\/h3>\n<p><a href=\"https:\/\/www.urlaubcornwall.de\/blog\/eine-auswahl-an-luxus-boutique-und-designhotels-fuer-ihren-urlaub-in-london\/\"><strong>[ <span style=\"text-decoration: underline;\">Mehr<\/span> ]<\/strong><\/a><\/p>\n<h3><\/h3>\n<\/td>\n<\/tr>\n<\/tbody>\n<\/table>\n<p style=\"text-align: center;\"><span style=\"text-decoration: underline;\"><strong><a title=\"\u00dcber uns\" href=\"https:\/\/www.urlaubcornwall.de\/blog\/2012\/01\/ueber-uns\/\">\u00dcber uns<\/a><\/strong><\/span><\/p>\n<p style=\"text-align: center;\">Wir wissen, dass es schwierig sein kann, das richtige Hotel zu finden, doch stehen wir Ihnen mit Rat zur Seite bez\u00fcglich des perfekten Hotels mit gro\u00dfartigen Einrichtungen, dazu g\u00fcnstig gelegen. W\u00e4ren sie gerne im Herzen der Stadt? Wir haben Hotels in Zentrallondon, doch wenn Sie es bevorzugen, nicht gar so nahe an der Gesch\u00e4ftigkeit zu wohnen, k\u00f6nnen wir Ihnen eine Anzahl an Hotels anbieten, die sich eher etwas abgelegen befinden.<\/p>\n<p style=\"text-align: center;\">Sie werden eine einzigartige Auswahl an familienfreundlichen, romantischen und 5-Sterne-Luxushotels vorfinden, wie auch preislich etwas moderatere. Wenn Sie sich auf einer Rundreise durch England befinden und ein Hotel mit Parkm\u00f6glichkeit suchen, so k\u00f6nnen wir Ihnen auch dabei behilflich sein mit einem Hotel in Zentrallondon und dar\u00fcber hinaus.<\/p>\n<p style=\"text-align: center;\"><span style=\"text-decoration: underline;\"><strong><a href=\"https:\/\/www.urlaubcornwall.de\/blog\/rundreise-durch-cornwall-and-suedenengland-2013\/\">Rundreisen in London, S\u00fcdengland &amp; Cornwall<\/a><\/strong><\/span><\/p>\n","protected":false},"excerpt":{"rendered":"<p>Bei uns finden Sie Hotels zum Verlieben &#8211; so einfach ist das! London ist das ikonische Urlaubsziel schlechthin voller Energie, Kultur und Tradition mit einigen der weltbesten Hotels. Mit einer F\u00fclle an Wissen und Erfahrung haben wir eine Reihe an pers\u00f6nlich ausgew\u00e4hlten Hotels zusammengestellt, um Ihren Bed\u00fcrfnissen gerecht zu werden. Wir haben eine gro\u00dfartige Auswahl [&hellip;]<\/p>\n","protected":false},"author":1,"featured_media":0,"parent":0,"menu_order":0,"comment_status":"closed","ping_status":"closed","template":"single-four.php","meta":[],"acf":[],"yoast_head":"<!-- This site is optimized with the Yoast SEO plugin v19.4 - https:\/\/yoast.com\/wordpress\/plugins\/seo\/ -->\n<title>Handverlesene Hotels in London - Urlaub &amp; Reisen<\/title>\n<meta name=\"robots\" content=\"index, follow, max-snippet:-1, max-image-preview:large, max-video-preview:-1\" \/>\n<link rel=\"canonical\" href=\"https:\/\/www.urlaubcornwall.de\/blog\/handverlesene-hotels-in-london\/\" \/>\n<meta property=\"og:locale\" content=\"en_US\" \/>\n<meta property=\"og:type\" content=\"article\" \/>\n<meta property=\"og:title\" content=\"Handverlesene Hotels in London - Urlaub &amp; Reisen\" \/>\n<meta property=\"og:description\" content=\"Bei uns finden Sie Hotels zum Verlieben &#8211; so einfach ist das! London ist das ikonische Urlaubsziel schlechthin voller Energie, Kultur und Tradition mit einigen der weltbesten Hotels. Mit einer F\u00fclle an Wissen und Erfahrung haben wir eine Reihe an pers\u00f6nlich ausgew\u00e4hlten Hotels zusammengestellt, um Ihren Bed\u00fcrfnissen gerecht zu werden. Wir haben eine gro\u00dfartige Auswahl [&hellip;]\" \/>\n<meta property=\"og:url\" content=\"https:\/\/www.urlaubcornwall.de\/blog\/handverlesene-hotels-in-london\/\" \/>\n<meta property=\"og:site_name\" content=\"Urlaub &amp; Reisen\" \/>\n<meta property=\"article:modified_time\" content=\"2019-02-18T10:56:33+00:00\" \/>\n<meta property=\"og:image\" content=\"https:\/\/www.urlaubcornwall.de\/blog\/wp-content\/uploads\/2015\/02\/incentive-reisen-england.jpg\" \/>\n<meta name=\"twitter:card\" content=\"summary\" \/>\n<meta name=\"twitter:label1\" content=\"Est. reading time\" \/>\n\t<meta name=\"twitter:data1\" content=\"2 minutes\" \/>\n<script type=\"application\/ld+json\" class=\"yoast-schema-graph\">{\"@context\":\"https:\/\/schema.org\",\"@graph\":[{\"@type\":\"WebSite\",\"@id\":\"https:\/\/www.urlaubcornwall.de\/blog\/#website\",\"url\":\"https:\/\/www.urlaubcornwall.de\/blog\/\",\"name\":\"Urlaub &amp; Reisen\",\"description\":\"Urlaub, Reisen, Cornwall und S\u00fcdengland: eine perfekte Kombination\",\"potentialAction\":[{\"@type\":\"SearchAction\",\"target\":{\"@type\":\"EntryPoint\",\"urlTemplate\":\"https:\/\/www.urlaubcornwall.de\/blog\/?s={search_term_string}\"},\"query-input\":\"required name=search_term_string\"}],\"inLanguage\":\"en-US\"},{\"@type\":\"WebPage\",\"@id\":\"https:\/\/www.urlaubcornwall.de\/blog\/handverlesene-hotels-in-london\/\",\"url\":\"https:\/\/www.urlaubcornwall.de\/blog\/handverlesene-hotels-in-london\/\",\"name\":\"Handverlesene Hotels in London - Urlaub &amp; Reisen\",\"isPartOf\":{\"@id\":\"https:\/\/www.urlaubcornwall.de\/blog\/#website\"},\"datePublished\":\"2015-04-17T10:25:53+00:00\",\"dateModified\":\"2019-02-18T10:56:33+00:00\",\"breadcrumb\":{\"@id\":\"https:\/\/www.urlaubcornwall.de\/blog\/handverlesene-hotels-in-london\/#breadcrumb\"},\"inLanguage\":\"en-US\",\"potentialAction\":[{\"@type\":\"ReadAction\",\"target\":[\"https:\/\/www.urlaubcornwall.de\/blog\/handverlesene-hotels-in-london\/\"]}]},{\"@type\":\"BreadcrumbList\",\"@id\":\"https:\/\/www.urlaubcornwall.de\/blog\/handverlesene-hotels-in-london\/#breadcrumb\",\"itemListElement\":[{\"@type\":\"ListItem\",\"position\":1,\"name\":\"Home\",\"item\":\"https:\/\/www.urlaubcornwall.de\/blog\/\"},{\"@type\":\"ListItem\",\"position\":2,\"name\":\"Handverlesene Hotels in London\"}]}]}<\/script>\n<!-- \/ Yoast SEO plugin. -->","yoast_head_json":{"title":"Handverlesene Hotels in London - Urlaub &amp; Reisen","robots":{"index":"index","follow":"follow","max-snippet":"max-snippet:-1","max-image-preview":"max-image-preview:large","max-video-preview":"max-video-preview:-1"},"canonical":"https:\/\/www.urlaubcornwall.de\/blog\/handverlesene-hotels-in-london\/","og_locale":"en_US","og_type":"article","og_title":"Handverlesene Hotels in London - Urlaub &amp; Reisen","og_description":"Bei uns finden Sie Hotels zum Verlieben &#8211; so einfach ist das! London ist das ikonische Urlaubsziel schlechthin voller Energie, Kultur und Tradition mit einigen der weltbesten Hotels. Mit einer F\u00fclle an Wissen und Erfahrung haben wir eine Reihe an pers\u00f6nlich ausgew\u00e4hlten Hotels zusammengestellt, um Ihren Bed\u00fcrfnissen gerecht zu werden. Wir haben eine gro\u00dfartige Auswahl [&hellip;]","og_url":"https:\/\/www.urlaubcornwall.de\/blog\/handverlesene-hotels-in-london\/","og_site_name":"Urlaub &amp; Reisen","article_modified_time":"2019-02-18T10:56:33+00:00","og_image":[{"url":"https:\/\/www.urlaubcornwall.de\/blog\/wp-content\/uploads\/2015\/02\/incentive-reisen-england.jpg"}],"twitter_card":"summary","twitter_misc":{"Est. reading time":"2 minutes"},"schema":{"@context":"https:\/\/schema.org","@graph":[{"@type":"WebSite","@id":"https:\/\/www.urlaubcornwall.de\/blog\/#website","url":"https:\/\/www.urlaubcornwall.de\/blog\/","name":"Urlaub &amp; Reisen","description":"Urlaub, Reisen, Cornwall und S\u00fcdengland: eine perfekte Kombination","potentialAction":[{"@type":"SearchAction","target":{"@type":"EntryPoint","urlTemplate":"https:\/\/www.urlaubcornwall.de\/blog\/?s={search_term_string}"},"query-input":"required name=search_term_string"}],"inLanguage":"en-US"},{"@type":"WebPage","@id":"https:\/\/www.urlaubcornwall.de\/blog\/handverlesene-hotels-in-london\/","url":"https:\/\/www.urlaubcornwall.de\/blog\/handverlesene-hotels-in-london\/","name":"Handverlesene Hotels in London - Urlaub &amp; Reisen","isPartOf":{"@id":"https:\/\/www.urlaubcornwall.de\/blog\/#website"},"datePublished":"2015-04-17T10:25:53+00:00","dateModified":"2019-02-18T10:56:33+00:00","breadcrumb":{"@id":"https:\/\/www.urlaubcornwall.de\/blog\/handverlesene-hotels-in-london\/#breadcrumb"},"inLanguage":"en-US","potentialAction":[{"@type":"ReadAction","target":["https:\/\/www.urlaubcornwall.de\/blog\/handverlesene-hotels-in-london\/"]}]},{"@type":"BreadcrumbList","@id":"https:\/\/www.urlaubcornwall.de\/blog\/handverlesene-hotels-in-london\/#breadcrumb","itemListElement":[{"@type":"ListItem","position":1,"name":"Home","item":"https:\/\/www.urlaubcornwall.de\/blog\/"},{"@type":"ListItem","position":2,"name":"Handverlesene Hotels in London"}]}]}},"_links":{"self":[{"href":"https:\/\/www.urlaubcornwall.de\/blog\/wp-json\/wp\/v2\/pages\/18974"}],"collection":[{"href":"https:\/\/www.urlaubcornwall.de\/blog\/wp-json\/wp\/v2\/pages"}],"about":[{"href":"https:\/\/www.urlaubcornwall.de\/blog\/wp-json\/wp\/v2\/types\/page"}],"author":[{"embeddable":true,"href":"https:\/\/www.urlaubcornwall.de\/blog\/wp-json\/wp\/v2\/users\/1"}],"replies":[{"embeddable":true,"href":"https:\/\/www.urlaubcornwall.de\/blog\/wp-json\/wp\/v2\/comments?post=18974"}],"version-history":[{"count":15,"href":"https:\/\/www.urlaubcornwall.de\/blog\/wp-json\/wp\/v2\/pages\/18974\/revisions"}],"predecessor-version":[{"id":36377,"href":"https:\/\/www.urlaubcornwall.de\/blog\/wp-json\/wp\/v2\/pages\/18974\/revisions\/36377"}],"wp:attachment":[{"href":"https:\/\/www.urlaubcornwall.de\/blog\/wp-json\/wp\/v2\/media?parent=18974"}],"curies":[{"name":"wp","href":"https:\/\/api.w.org\/{rel}","templated":true}]}}