{"id":18880,"date":"2015-04-12T14:38:18","date_gmt":"2015-04-12T14:38:18","guid":{"rendered":"https:\/\/www.urlaubcornwall.de\/blog\/?page_id=18880"},"modified":"2024-05-29T08:36:02","modified_gmt":"2024-05-29T08:36:02","slug":"england-rundreise-bus-die-magie-englands-8-tage-suedengland","status":"publish","type":"page","link":"https:\/\/www.urlaubcornwall.de\/blog\/england-rundreise-bus-die-magie-englands-8-tage-suedengland\/","title":{"rendered":"England Rundreise Bus: &#8220;Die Magie Englands&#8221; &#8211; 8 Tage S\u00fcdengland"},"content":{"rendered":"<h2 style=\"text-align: center;\"><a href=\"https:\/\/www.urlaubcornwall.de\/blog\/wp-content\/uploads\/2015\/04\/Bath2.jpg\"><img loading=\"lazy\" class=\"aligncenter size-full wp-image-18924\" src=\"https:\/\/www.urlaubcornwall.de\/blog\/wp-content\/uploads\/2015\/04\/Bath2.jpg\" alt=\"Bath\" width=\"748\" height=\"373\"\/><\/a><\/h2>\n<h2 style=\"text-align: center;\">Highlights: Windsor Castle, Portsmouth, Isle of Wight, Jurassic Coast, Bath, Stratford upon Avon, Oxford<\/h2>\n<p>Folgen Sie mit uns den Spuren Rosamunde Pilchers und entdecken Sie den einzigartigen Charme S\u00fcdenglands und Cornwalls. Auf unserer 7-t\u00e4gigen Busrundreise f\u00fchren wir Sie an die absoluten Highlights dieser Region: Brighton, Stonehenge, Dartmoor Nationalpark, Land&#8217;s End, Glastonbury, Bath und Lanhydrock House. Natur- und Kulturliebhaber kommen auf dieser wunderbaren Rundreise voll und ganz auf Ihre Kosten. Das Besondere ist hierbei auch, dass wir Sie in Deutschland zuhause abholen und auch wieder zur\u00fcckbringen. Sie brauchen sich also um die komplette An- und Abreise nicht zu k\u00fcmmern, denn auch die F\u00e4hr\u00fcberfahrt nach Dover ist bereits inkludiert.<\/p>\n<p><strong>Tourbeschreibung: England Rundreise Bus &#8211; &#8220;Die Magie Englands&#8221; &#8211; 8 Tage<\/strong><\/p>\n<p><strong>8 Tage \/ 7 N\u00e4chte <\/strong><\/p>\n<p>deutschsprachige Termine<\/p>\n<p>mind. 15 und max. 30 Reiseteilnehmer<\/p>\n<p><strong>Tourbeschreibung<\/strong><\/p>\n<p><a href=\"https:\/\/www.urlaubcornwall.de\/blog\/wp-content\/uploads\/2015\/04\/12107118_m.jpg\"><img loading=\"lazy\" class=\"aligncenter size-full wp-image-18916\" src=\"https:\/\/www.urlaubcornwall.de\/blog\/wp-content\/uploads\/2015\/04\/12107118_m.jpg\" alt=\"12107118_m\" width=\"750\" height=\"398\"\/><\/a><\/p>\n<p>1. Tag: Anreise<\/p>\n<p>Heute beginnt Ihre einzigartige Rundreise durch S\u00fcdengland und Cornwall. Fr\u00fch morgens werden Sie zuhause abgeholt und nach Calais\/ D\u00fcnkirchen zur F\u00e4hr\u00fcberfahrt nach Dover gebracht. Nachdem wir in Dover angekommen sind, fahren wir zu unserem Hotel in Kent. Anschlie\u00dfend gemeinsames Abendessen im Hotel.<\/p>\n<p>2. Tag: Brighton \u2013 Royal Pavillon<\/p>\n<p>An dem heutigen Tag erkunden wir das mond\u00e4ne Seebad Brighton. Dort erwartet Sie ein Stadtrundgang mit \u00f6rtlicher Reiseleitung und eine Besichtigung des Royal Pavillons. Dieser erinnert wahrlich an einen M\u00e4rchenpalast im orientalischen Stil, bevor wir weiter zu unserem Hotel im Raum Southampton\/ Portsmouth\/ Chichester fahren, bleibt Ihnen noch etwas Zeit f\u00fcr eigene Unternehmungen. Im Hotel angekommen essen wir gemeinsam zu Abend.<\/p>\n<p>3. Tag: Salisbury \u2013 Stonehenge \u2013 Dartmoor Nationalpark<\/p>\n<p>Der erste Stopp unseres heutigen Tages ist Salisbury. Hier werden wir die wundersch\u00f6ne Kathedrale, welche den h\u00f6chsten Kirchturm Englands besitzt, besichtigen. Danach fahren wir weiter zum wohl ber\u00fchmtesten Steinkreis Stonehenge. Dessen Entstehung und Nutzen gibt noch heute Wissenschaftlern R\u00e4tsel auf. Anschlie\u00dfend geht unsere Fahrt weiter durch den Dartmoor Nationalpark, welcher eine beeindruckende, wildromantische Heide- und Moorlandschaft mit freiweidenden Dartmoor Ponys bietet. Nach der Besichtigung des Dartmoor Nationalparks fahren wir nach Plymouth zu unserem Copthome Hotel und essen gemeinsam zu Abend.<\/p>\n<p>4. Tag: Michael\u2019s Mount \u2013 Land\u2019s End \u2013 Lanhydrock \u2013 Cream Tea \u2013 Garten des Lanhydrock House<\/p>\n<p>Heute unternehmen wir einen Ausflug in den Westen Cornwalls. Bei der Klostersiedlung St. Michael\u2019s Mount werden wir einen kurzen Fotostopp einlegen. Danach geht unsere Fahrt weiter zu der zerkl\u00fcfteten Steilk\u00fcste von Land\u2019s End. Anschlie\u00dfend besuchen wir das atemberaubende Landhydrock House mit seiner kostbaren Einrichtung. Hier haben Sie die einmalige Gelegenheit den traditionellen Cream Tea in stilvoller Atmosph\u00e4re zu kosten. Bevor wir wieder zur\u00fcck zum Hotel fahren und unser Abendessen einnehmen, besuchen wir noch den liebevoll angelegten Park.<\/p>\n<p>5. Tag: Glastonbury \u2013 Wells<\/p>\n<p>Nach dem Fr\u00fchst\u00fcck fahren wir heute in die Grafschaft Sommerset und besuchen den mystischen Ort Glastonbury. Glastonbury ist bekannt f\u00fcr eine der \u00e4ltesten Abteien des Landes, in welcher K\u00f6nig Artus\u2019s \u00dcberreste begraben sein sollen. Im Anschluss fahren wir in das Marktst\u00e4dtchen Wells, in welcher wir die Kathedrale mit einzigartigen bemalten Glasfenstern besichtigen werden. Danach fahren wir weiter nach Newport, wo wir die heutige Nacht verbringen werden. Anschlie\u00dfend Abendessen im Hotel.<\/p>\n<p>6. Tag: Seebad Bath<\/p>\n<p>Nach einem ausgiebigen Fr\u00fchst\u00fcck unternehmen wir einen Ausflug nach Bath. Besonders beeindruckend ist hier die wundersch\u00f6ne Abtei und die schmucken H\u00e4user der Altstadt. Die r\u00f6mischen B\u00e4der der Stadt Bath werden Ihnen interessante Einblicke in die Vergangenheit liefern. Danach fahren wir weiter in den Raum Kent zu unserem Hotel. Dort angekommen werden wir zu Abend essen.<\/p>\n<p>7. Tag: Heimreise<\/p>\n<p>Nach einer ereignisreichen und aufregenden Woche in England wird es nach dem Fr\u00fchst\u00fcck leider schon wieder Zeit sich auf den Heimweg zu machen. Anschlie\u00dfend F\u00e4hr\u00fcberfahrt via Dover nach Calais\/ D\u00fcnkirchen. Von dort aus werden Sie mit unserem Shuttle zur\u00fcck bis zu Ihrer Haust\u00fcr gebracht. Ende der England Busrundreise.<\/p>\n<p><strong>Eingeschlossene Leistungen<\/strong><\/p>\n<p>Abholservice vor Ihrer Haust\u00fcr<\/p>\n<p>Fahrt in einem modernen Reisebus<\/p>\n<p>6 x \u00dcbernachtung im TOP-Vertragshotel laut Ausschreibung<\/p>\n<p>6 x Fr\u00fchst\u00fcck<\/p>\n<p>6 x Abendessen<\/p>\n<p>F\u00e4hr\u00fcberfahrt Calais &#8211; Dover &#8211; Calais<\/p>\n<p><strong>Ausflug nach Brighton<\/strong><\/p>\n<p>Stadtrundgang in Brighton mit \u00f6rtlicher Reiseleitung<\/p>\n<p>Besuch und Eintritt des Royal Pavillons<\/p>\n<p>Ausflug nach Stonehenge<\/p>\n<p>Ausflug nach Salisbury<\/p>\n<p>Besichtigung des Dartmoor Nationalparks<\/p>\n<p>Ausflug nach Cornwall inklusive St. Michael&#8217;s Mount und Land&#8217;s End<\/p>\n<p>Eintritt und Besichtigung des Lanhydrock House sowie der Parkanlagen<\/p>\n<p>Tea-Time im Lanhydrock House mit Kosten des Cream Teas<\/p>\n<p>Ausflug nach Glastonbury und Wells<\/p>\n<p>Ausflug nach Bath und Kent<\/p>\n<p>Shuttleservice zur\u00fcck bis zu Ihrer Haust\u00fcr<\/p>\n<p>Nicht eingeschlossene Leistungen:<\/p>\n<p>Pers\u00f6nliche Ausgaben aller Art<\/p>\n<p>Weitere Mahlzeiten<\/p>\n<p style=\"text-align: center;\"><a class=\"tidycta\" href=\"http:\/\/www.urlaubcornwall.de\/anfrage.php?tourcode=ENGRUND-6\">Anfrage \/ Buchung<\/a><\/p>\n<p style=\"text-align: center;\">UrlaubCornwall haben Touren im Angebot f\u00fcr Individualreisende. Hier finden Sie unsere Auswahl an fantastischen <a href=\"http:\/\/www.urlaubcornwall.de\/gruppenreisen.php\"><span style=\"text-decoration: underline;\">Busreisen in England<\/span><\/a><\/p>\n","protected":false},"excerpt":{"rendered":"<p>Highlights: Windsor Castle, Portsmouth, Isle of Wight, Jurassic Coast, Bath, Stratford upon Avon, Oxford Folgen Sie mit uns den Spuren Rosamunde Pilchers und entdecken Sie den einzigartigen Charme S\u00fcdenglands und Cornwalls. Auf unserer 7-t\u00e4gigen Busrundreise f\u00fchren wir Sie an die absoluten Highlights dieser Region: Brighton, Stonehenge, Dartmoor Nationalpark, Land&#8217;s End, Glastonbury, Bath und Lanhydrock House. [&hellip;]<\/p>\n","protected":false},"author":1,"featured_media":0,"parent":0,"menu_order":0,"comment_status":"closed","ping_status":"closed","template":"single-four.php","meta":[],"acf":[],"yoast_head":"<!-- This site is optimized with the Yoast SEO plugin v19.4 - https:\/\/yoast.com\/wordpress\/plugins\/seo\/ -->\n<title>England Rundreise Bus: &quot;Die Magie Englands&quot; - 8 Tage S\u00fcdengland - Urlaub &amp; Reisen<\/title>\n<meta name=\"robots\" content=\"index, follow, max-snippet:-1, max-image-preview:large, max-video-preview:-1\" \/>\n<link rel=\"canonical\" href=\"https:\/\/www.urlaubcornwall.de\/blog\/england-rundreise-bus-die-magie-englands-8-tage-suedengland\/\" \/>\n<meta property=\"og:locale\" content=\"en_US\" \/>\n<meta property=\"og:type\" content=\"article\" \/>\n<meta property=\"og:title\" content=\"England Rundreise Bus: &quot;Die Magie Englands&quot; - 8 Tage S\u00fcdengland - Urlaub &amp; Reisen\" \/>\n<meta property=\"og:description\" content=\"Highlights: Windsor Castle, Portsmouth, Isle of Wight, Jurassic Coast, Bath, Stratford upon Avon, Oxford Folgen Sie mit uns den Spuren Rosamunde Pilchers und entdecken Sie den einzigartigen Charme S\u00fcdenglands und Cornwalls. Auf unserer 7-t\u00e4gigen Busrundreise f\u00fchren wir Sie an die absoluten Highlights dieser Region: Brighton, Stonehenge, Dartmoor Nationalpark, Land&#8217;s End, Glastonbury, Bath und Lanhydrock House. [&hellip;]\" \/>\n<meta property=\"og:url\" content=\"https:\/\/www.urlaubcornwall.de\/blog\/england-rundreise-bus-die-magie-englands-8-tage-suedengland\/\" \/>\n<meta property=\"og:site_name\" content=\"Urlaub &amp; Reisen\" \/>\n<meta property=\"article:modified_time\" content=\"2024-05-29T08:36:02+00:00\" \/>\n<meta property=\"og:image\" content=\"https:\/\/www.urlaubcornwall.de\/blog\/wp-content\/uploads\/2015\/04\/Bath2.jpg\" \/>\n<meta name=\"twitter:card\" content=\"summary\" \/>\n<meta name=\"twitter:label1\" content=\"Est. reading time\" \/>\n\t<meta name=\"twitter:data1\" content=\"4 minutes\" \/>\n<script type=\"application\/ld+json\" class=\"yoast-schema-graph\">{\"@context\":\"https:\/\/schema.org\",\"@graph\":[{\"@type\":\"WebSite\",\"@id\":\"https:\/\/www.urlaubcornwall.de\/blog\/#website\",\"url\":\"https:\/\/www.urlaubcornwall.de\/blog\/\",\"name\":\"Urlaub &amp; Reisen\",\"description\":\"Urlaub, Reisen, Cornwall und S\u00fcdengland: eine perfekte Kombination\",\"potentialAction\":[{\"@type\":\"SearchAction\",\"target\":{\"@type\":\"EntryPoint\",\"urlTemplate\":\"https:\/\/www.urlaubcornwall.de\/blog\/?s={search_term_string}\"},\"query-input\":\"required name=search_term_string\"}],\"inLanguage\":\"en-US\"},{\"@type\":\"WebPage\",\"@id\":\"https:\/\/www.urlaubcornwall.de\/blog\/england-rundreise-bus-die-magie-englands-8-tage-suedengland\/\",\"url\":\"https:\/\/www.urlaubcornwall.de\/blog\/england-rundreise-bus-die-magie-englands-8-tage-suedengland\/\",\"name\":\"England Rundreise Bus: \\\"Die Magie Englands\\\" - 8 Tage S\u00fcdengland - Urlaub &amp; Reisen\",\"isPartOf\":{\"@id\":\"https:\/\/www.urlaubcornwall.de\/blog\/#website\"},\"datePublished\":\"2015-04-12T14:38:18+00:00\",\"dateModified\":\"2024-05-29T08:36:02+00:00\",\"breadcrumb\":{\"@id\":\"https:\/\/www.urlaubcornwall.de\/blog\/england-rundreise-bus-die-magie-englands-8-tage-suedengland\/#breadcrumb\"},\"inLanguage\":\"en-US\",\"potentialAction\":[{\"@type\":\"ReadAction\",\"target\":[\"https:\/\/www.urlaubcornwall.de\/blog\/england-rundreise-bus-die-magie-englands-8-tage-suedengland\/\"]}]},{\"@type\":\"BreadcrumbList\",\"@id\":\"https:\/\/www.urlaubcornwall.de\/blog\/england-rundreise-bus-die-magie-englands-8-tage-suedengland\/#breadcrumb\",\"itemListElement\":[{\"@type\":\"ListItem\",\"position\":1,\"name\":\"Home\",\"item\":\"https:\/\/www.urlaubcornwall.de\/blog\/\"},{\"@type\":\"ListItem\",\"position\":2,\"name\":\"England Rundreise Bus: &#8220;Die Magie Englands&#8221; &#8211; 8 Tage S\u00fcdengland\"}]}]}<\/script>\n<!-- \/ Yoast SEO plugin. -->","yoast_head_json":{"title":"England Rundreise Bus: \"Die Magie Englands\" - 8 Tage S\u00fcdengland - Urlaub &amp; Reisen","robots":{"index":"index","follow":"follow","max-snippet":"max-snippet:-1","max-image-preview":"max-image-preview:large","max-video-preview":"max-video-preview:-1"},"canonical":"https:\/\/www.urlaubcornwall.de\/blog\/england-rundreise-bus-die-magie-englands-8-tage-suedengland\/","og_locale":"en_US","og_type":"article","og_title":"England Rundreise Bus: \"Die Magie Englands\" - 8 Tage S\u00fcdengland - Urlaub &amp; Reisen","og_description":"Highlights: Windsor Castle, Portsmouth, Isle of Wight, Jurassic Coast, Bath, Stratford upon Avon, Oxford Folgen Sie mit uns den Spuren Rosamunde Pilchers und entdecken Sie den einzigartigen Charme S\u00fcdenglands und Cornwalls. Auf unserer 7-t\u00e4gigen Busrundreise f\u00fchren wir Sie an die absoluten Highlights dieser Region: Brighton, Stonehenge, Dartmoor Nationalpark, Land&#8217;s End, Glastonbury, Bath und Lanhydrock House. [&hellip;]","og_url":"https:\/\/www.urlaubcornwall.de\/blog\/england-rundreise-bus-die-magie-englands-8-tage-suedengland\/","og_site_name":"Urlaub &amp; Reisen","article_modified_time":"2024-05-29T08:36:02+00:00","og_image":[{"url":"https:\/\/www.urlaubcornwall.de\/blog\/wp-content\/uploads\/2015\/04\/Bath2.jpg"}],"twitter_card":"summary","twitter_misc":{"Est. reading time":"4 minutes"},"schema":{"@context":"https:\/\/schema.org","@graph":[{"@type":"WebSite","@id":"https:\/\/www.urlaubcornwall.de\/blog\/#website","url":"https:\/\/www.urlaubcornwall.de\/blog\/","name":"Urlaub &amp; Reisen","description":"Urlaub, Reisen, Cornwall und S\u00fcdengland: eine perfekte Kombination","potentialAction":[{"@type":"SearchAction","target":{"@type":"EntryPoint","urlTemplate":"https:\/\/www.urlaubcornwall.de\/blog\/?s={search_term_string}"},"query-input":"required name=search_term_string"}],"inLanguage":"en-US"},{"@type":"WebPage","@id":"https:\/\/www.urlaubcornwall.de\/blog\/england-rundreise-bus-die-magie-englands-8-tage-suedengland\/","url":"https:\/\/www.urlaubcornwall.de\/blog\/england-rundreise-bus-die-magie-englands-8-tage-suedengland\/","name":"England Rundreise Bus: \"Die Magie Englands\" - 8 Tage S\u00fcdengland - Urlaub &amp; Reisen","isPartOf":{"@id":"https:\/\/www.urlaubcornwall.de\/blog\/#website"},"datePublished":"2015-04-12T14:38:18+00:00","dateModified":"2024-05-29T08:36:02+00:00","breadcrumb":{"@id":"https:\/\/www.urlaubcornwall.de\/blog\/england-rundreise-bus-die-magie-englands-8-tage-suedengland\/#breadcrumb"},"inLanguage":"en-US","potentialAction":[{"@type":"ReadAction","target":["https:\/\/www.urlaubcornwall.de\/blog\/england-rundreise-bus-die-magie-englands-8-tage-suedengland\/"]}]},{"@type":"BreadcrumbList","@id":"https:\/\/www.urlaubcornwall.de\/blog\/england-rundreise-bus-die-magie-englands-8-tage-suedengland\/#breadcrumb","itemListElement":[{"@type":"ListItem","position":1,"name":"Home","item":"https:\/\/www.urlaubcornwall.de\/blog\/"},{"@type":"ListItem","position":2,"name":"England Rundreise Bus: &#8220;Die Magie Englands&#8221; &#8211; 8 Tage S\u00fcdengland"}]}]}},"_links":{"self":[{"href":"https:\/\/www.urlaubcornwall.de\/blog\/wp-json\/wp\/v2\/pages\/18880"}],"collection":[{"href":"https:\/\/www.urlaubcornwall.de\/blog\/wp-json\/wp\/v2\/pages"}],"about":[{"href":"https:\/\/www.urlaubcornwall.de\/blog\/wp-json\/wp\/v2\/types\/page"}],"author":[{"embeddable":true,"href":"https:\/\/www.urlaubcornwall.de\/blog\/wp-json\/wp\/v2\/users\/1"}],"replies":[{"embeddable":true,"href":"https:\/\/www.urlaubcornwall.de\/blog\/wp-json\/wp\/v2\/comments?post=18880"}],"version-history":[{"count":14,"href":"https:\/\/www.urlaubcornwall.de\/blog\/wp-json\/wp\/v2\/pages\/18880\/revisions"}],"predecessor-version":[{"id":18913,"href":"https:\/\/www.urlaubcornwall.de\/blog\/wp-json\/wp\/v2\/pages\/18880\/revisions\/18913"}],"wp:attachment":[{"href":"https:\/\/www.urlaubcornwall.de\/blog\/wp-json\/wp\/v2\/media?parent=18880"}],"curies":[{"name":"wp","href":"https:\/\/api.w.org\/{rel}","templated":true}]}}