{"id":18873,"date":"2015-04-12T14:24:16","date_gmt":"2015-04-12T14:24:16","guid":{"rendered":"https:\/\/www.urlaubcornwall.de\/blog\/?page_id=18873"},"modified":"2024-05-26T12:45:00","modified_gmt":"2024-05-26T12:45:00","slug":"busrundreise-suedengland-gaerten-historische-bauwerke-8-tage","status":"publish","type":"page","link":"https:\/\/www.urlaubcornwall.de\/blog\/busrundreise-suedengland-gaerten-historische-bauwerke-8-tage\/","title":{"rendered":"Busrundreise S\u00fcdengland &#038; Isle of Wight &#8211; &#8220;G\u00e4rten &#038; Historische Bauwerke&#8221; 8 Tage"},"content":{"rendered":"<p><a href=\"https:\/\/www.urlaubcornwall.de\/blog\/wp-content\/uploads\/2015\/04\/23501938_m.jpg\"><img loading=\"lazy\" class=\"aligncenter size-full wp-image-18947\" src=\"https:\/\/www.urlaubcornwall.de\/blog\/wp-content\/uploads\/2015\/04\/23501938_m.jpg\" alt=\"23501938_m\" width=\"748\" height=\"397\"\/><\/a><\/p>\n<h2 style=\"text-align: left;\"><strong>Highlights: London, Isle of Wight, Brighton, Rye, Sissinghurst<\/strong><\/h2>\n<p style=\"text-align: left;\">8 Tage \/ 7 N\u00e4chte| deutschsprachige Termine | ab\/bis London<\/p>\n<p style=\"text-align: left;\">Diese Busrundreise Cornwall kombiniert die traumhaften G\u00e4rten sowie die historischen Bauwerke von England, bei denen man die englische Geschicht mit eigenen Augen sehen kann. Besuchen Sie unter anderem Rye, ein St\u00e4dtchen bei dem man in das mittelalterliche England zur\u00fcckversetzt wird, Leeds Castle &#8220;das sch\u00f6nste Castle der Welt&#8221; sowie die West Dean Gardens mit atemberaubender Parkanlage und au\u00dfergew\u00f6hnlichen Gartenanlage. Ein Muss f\u00fcr jeden Natur- und Geschichtsliebhaber.<\/p>\n<p style=\"text-align: center;\"><a class=\"tidycta\" href=\"http:\/\/www.urlaubcornwall.de\/anfrage.php?tourcode=Busrundreise\">Anfrage \/ Buchung<\/a><\/p>\n<p><strong>Tourbeschreibung<\/strong><\/p>\n<p><strong> 1.Tag: London, Rundreise-S\u00fcdengland<\/strong><\/p>\n<p>Flug nach London (bieten wir gerne passend an). Nach Ankunft fahren Sie in Eigenregie in Ihre erste Unterkunft. Beginn der <a href=\"https:\/\/www.urlaubcornwall.de\/blog\/reiseplanung-fuer-gruppen-durch-cornwall-suedengland-und-london\/\">Busrundreise durch S\u00fcdengland<\/a>. \u00dcbernachtung in London.<\/p>\n<p><strong> 2.Tag: London &#8211; Salisbury &#8211; Stonehenge \u2013 Isle of Wight<\/strong><\/p>\n<p>Nach einem ausgiebigen Fr\u00fchst\u00fcck geht es weiter zur Marktstadt Salisbury. Dort erwartet Sie die ber\u00fchmte Kathedrale aus dem 13 Jahrhundert mit dem h\u00f6chsten Turm Englands. In den mittelalterlichen Stra\u00dfen der Stadt k\u00f6nnen Sie Ihre Freizeit in vielen kleinen Gesch\u00e4ften sowie gem\u00fctlichen Pubs und Kaffeeh\u00e4usern verbringen. Unser n\u00e4chster Halt auf Ihrer Busrundreise ist Stonehenge, dem wichtigsten pr\u00e4historischen Monument in Gro\u00dfbritannien. Am Nachmittag bringt uns eine 45-min\u00fctige F\u00e4hr\u00fcberfahrt auf die Isle of Wight. Abendessen und \u00dcbernachtung in Ryde.<\/p>\n<p><strong> 3.Tag: Isle of Wight<\/strong><\/p>\n<p><img loading=\"lazy\" class=\"aligncenter size-full wp-image-50209\" src=\"https:\/\/www.urlaubcornwall.de\/blog\/wp-content\/uploads\/2024\/05\/osborne-house-isle-of-wight.jpg\" alt=\"osborne house isle of wight\" width=\"750\" height=\"500\" srcset=\"https:\/\/www.urlaubcornwall.de\/blog\/wp-content\/uploads\/2024\/05\/osborne-house-isle-of-wight.jpg 750w, https:\/\/www.urlaubcornwall.de\/blog\/wp-content\/uploads\/2024\/05\/osborne-house-isle-of-wight-300x200.jpg 300w\" sizes=\"(max-width: 750px) 100vw, 750px\" \/><\/p>\n<p>Diesen Tag der Rundreise-S\u00fcdengland widmen wir der Isle of Wight, eine wundersch\u00f6ne Ferieninsel. Freuen Sie sich schon jetzt auf eine spannende Erkundungstour, auf eine Dampfzugfahrt und auf den Park von Osborne House. Abendessen und \u00dcbernachtung in Ryde.<\/p>\n<p><strong> 4.Tag: Isle of Wight \u2013 West Dean Gardens \u2013 Arundel \u2013 Brighton \u2013 Ashford<\/strong><\/p>\n<p>F\u00e4hr\u00fcberfahrt zur\u00fcck auf Festland. Heute besuchen Sie die sch\u00f6nen West Dean Gardens. Die au\u00dfergew\u00f6hnliche Park- und Gartenanlage aus der viktorianischen Zeit liegt verborgen in West Sussex und bietet den Besuchern eine Oase der Sch\u00f6nheit und traumhaften Farben. Danach reisen wir weiter nach Arundel, einem Bilderbuchst\u00e4dtchen mit seiner imposanten Burg aus dem 13 Jahrhundert, und nach Brighton. Sehenswert sind die tolle Strandpromenade, \u201aThe Lanes\u2018 und der bekannte Royal Pavillon, eine Art M\u00e4rchenpalast im orientalischen Stil. Abendessen und \u00dcbernachtung in Ashford.<\/p>\n<p><a href=\"https:\/\/www.urlaubcornwall.de\/blog\/wp-content\/uploads\/2015\/04\/16501949_m.jpg\"><img loading=\"lazy\" class=\"aligncenter size-full wp-image-18948\" src=\"https:\/\/www.urlaubcornwall.de\/blog\/wp-content\/uploads\/2015\/04\/16501949_m.jpg\" alt=\"16501949_m\" width=\"748\" height=\"395\"\/><\/a><\/p>\n<p><strong> 5.Tag: Ashford \u2013 Rye \u2013 Hastings \u2013 Sissinghurst \u2013 Ashford<\/strong><\/p>\n<p>Heute fahren wir zun\u00e4chst nach Rye, einem St\u00e4dtchen wo die Zeit stehengeblieben zu sein scheint. In keiner anderen Stadt f\u00fchlt man sich so sehr in das mittelalterliche England zur\u00fcckversetzt wie hier. Danach erreichen wir die K\u00fcstenstadt Hastings, bekannt durch die ,Schlacht von Hastings\u2018. Anschlie\u00dfend Fahrt nach Sissinghurst, wo eine der beliebtesten Gartenanlagen Englands auf uns wartet. Bevor wir ins Hotel zur\u00fcckfahren genie\u00dfen wir noch einen traditionellen Cream Tea. Abendessen und \u00dcbernachtung in Ashford.<\/p>\n<p><strong> 6.Tag: Ashford \u2013 Canterbury \u2013 Leeds Castle \u2013 London<\/strong><\/p>\n<p>Vormittag fahren wir auf unserer S\u00fcdengland-Rundreise durch die Grafschaft Kent, bis wir die Universit\u00e4tsstadt Canterbury, mit der weltber\u00fchmten Canterbury Kathedrale, erreichen. Danach besuchen wir das Leeds Castle mit seinem auf zwei Inseln errichteten Schloss. Sp\u00e4t nachmittags setzen wir unsere Reisen nach London fort. \u00dcbernachtung in London.<\/p>\n<p><strong> 7.Tag: London<\/strong><\/p>\n<p>Bei einer Stadtrundfahrt am Vormittag werden wir London von seiner sch\u00f6nsten Seite kennenlernen. Sie werden die bedeutendsten H\u00f6hepunkte der Stadt sehen: Royal Albert Hall, Marble Arch, Hyde Park, Buckingham Palast, The Houses of Parliament &amp; Big Ben, Westminster Abbey, Tower of London, Tower Bridge und vieles mehr. Der Nachmittag steht Ihnen f\u00fcr Shopping und Sightseeing zur freien Verf\u00fcgung. \u00dcbernachtung in London.<\/p>\n<p><strong> 8.Tag: London, Heimreise<\/strong><\/p>\n<p>Je nach R\u00fcckflug haben Sie noch Zeit f\u00fcr London. Anschlie\u00dfend Fahrt in Eigenregie zum Flughafen. Ende der Rundreise-S\u00fcdengland.<\/p>\n<p><strong>Eingeschlossene Leistungen<\/strong><\/p>\n<p>7 \u00dcbernachtungen in 3-4* Mittelklassehotels<\/p>\n<p>T\u00e4gliches Fr\u00fchst\u00fcck &amp; Abendessen (au\u00dfer London)<\/p>\n<p>Moderner Reisebus und deutschsprachige Reiseleitung (Tag 2 bis 7)<\/p>\n<p>Eintritte: Stonehenge, Salisbury Kathedrale, Osborne House Park, West Dean Gardens, Brighton Royal Pavilion, Sissinghurst Gardens, Canterbury Kathedrale, Leeds Castle<\/p>\n<p>Cream Tea<\/p>\n<p>F\u00e4hr\u00fcberfahrt auf die Isle of Wight<\/p>\n<p>Isle of Wight Damfpzugfahrt<\/p>\n<p>1 Reisef\u00fchrer \u00fcber England<\/p>\n<p><strong>Nicht eingeschlossene Leistungen:<\/strong><\/p>\n<p>Fl\u00fcge nach London (bieten wir Ihnen gerne passend dazu an)<\/p>\n<p>Transfers (bieten wir Ihnen gerne passend an)<\/p>\n<p>Zusatz\u00fcbernachtungen<\/p>\n<p>Trinkgelder<\/p>\n<p>Weitere Mahlzeiten &amp; Eintritte<\/p>\n<p style=\"text-align: center;\"><a class=\"tidycta\" href=\"http:\/\/www.urlaubcornwall.de\/anfrage.php?tourcode=Busrundreise\">Anfrage \/ Buchung<\/a><\/p>\n<p style=\"text-align: center;\">UrlaubCornwall haben Touren im Angebot f\u00fcr Individualreisende. Hier finden Sie unsere Auswahl an fantastischen <a href=\"http:\/\/www.urlaubcornwall.de\/gruppenreisen.php\"><span style=\"text-decoration: underline;\">Busreisen in England. <\/span><\/a>Unsere Websitedetails zeigen lediglich eine kleine Auswahl dessen, was wir anbieten k\u00f6nnen. Wir stellen Ihnen gerne ein <a href=\"http:\/\/www.urlaubcornwall.de\/anfrage.php\"><span style=\"text-decoration: underline;\">unverbindliches Angebot<\/span><\/a> mit allen Fl\u00fcgen und Transfers f\u00fcr Ihre Grossbritannien Reise zusammen.<\/p>\n","protected":false},"excerpt":{"rendered":"<p>Highlights: London, Isle of Wight, Brighton, Rye, Sissinghurst 8 Tage \/ 7 N\u00e4chte| deutschsprachige Termine | ab\/bis London Diese Busrundreise Cornwall kombiniert die traumhaften G\u00e4rten sowie die historischen Bauwerke von England, bei denen man die englische Geschicht mit eigenen Augen sehen kann. Besuchen Sie unter anderem Rye, ein St\u00e4dtchen bei dem man in das mittelalterliche [&hellip;]<\/p>\n","protected":false},"author":1,"featured_media":0,"parent":0,"menu_order":0,"comment_status":"closed","ping_status":"closed","template":"single-four.php","meta":[],"acf":[],"yoast_head":"<!-- This site is optimized with the Yoast SEO plugin v19.4 - https:\/\/yoast.com\/wordpress\/plugins\/seo\/ -->\n<title>Busrundreise S\u00fcdengland &amp; Isle of Wight - &quot;G\u00e4rten &amp; Historische Bauwerke&quot; 8 Tage - Urlaub &amp; Reisen<\/title>\n<meta name=\"robots\" content=\"index, follow, max-snippet:-1, max-image-preview:large, max-video-preview:-1\" \/>\n<link rel=\"canonical\" href=\"https:\/\/www.urlaubcornwall.de\/blog\/busrundreise-suedengland-gaerten-historische-bauwerke-8-tage\/\" \/>\n<meta property=\"og:locale\" content=\"en_US\" \/>\n<meta property=\"og:type\" content=\"article\" \/>\n<meta property=\"og:title\" content=\"Busrundreise S\u00fcdengland &amp; Isle of Wight - &quot;G\u00e4rten &amp; Historische Bauwerke&quot; 8 Tage - Urlaub &amp; Reisen\" \/>\n<meta property=\"og:description\" content=\"Highlights: London, Isle of Wight, Brighton, Rye, Sissinghurst 8 Tage \/ 7 N\u00e4chte| deutschsprachige Termine | ab\/bis London Diese Busrundreise Cornwall kombiniert die traumhaften G\u00e4rten sowie die historischen Bauwerke von England, bei denen man die englische Geschicht mit eigenen Augen sehen kann. Besuchen Sie unter anderem Rye, ein St\u00e4dtchen bei dem man in das mittelalterliche [&hellip;]\" \/>\n<meta property=\"og:url\" content=\"https:\/\/www.urlaubcornwall.de\/blog\/busrundreise-suedengland-gaerten-historische-bauwerke-8-tage\/\" \/>\n<meta property=\"og:site_name\" content=\"Urlaub &amp; Reisen\" \/>\n<meta property=\"article:modified_time\" content=\"2024-05-26T12:45:00+00:00\" \/>\n<meta property=\"og:image\" content=\"https:\/\/www.urlaubcornwall.de\/blog\/wp-content\/uploads\/2015\/04\/23501938_m.jpg\" \/>\n<meta name=\"twitter:card\" content=\"summary\" \/>\n<meta name=\"twitter:label1\" content=\"Est. reading time\" \/>\n\t<meta name=\"twitter:data1\" content=\"4 minutes\" \/>\n<script type=\"application\/ld+json\" class=\"yoast-schema-graph\">{\"@context\":\"https:\/\/schema.org\",\"@graph\":[{\"@type\":\"WebSite\",\"@id\":\"https:\/\/www.urlaubcornwall.de\/blog\/#website\",\"url\":\"https:\/\/www.urlaubcornwall.de\/blog\/\",\"name\":\"Urlaub &amp; Reisen\",\"description\":\"Urlaub, Reisen, Cornwall und S\u00fcdengland: eine perfekte Kombination\",\"potentialAction\":[{\"@type\":\"SearchAction\",\"target\":{\"@type\":\"EntryPoint\",\"urlTemplate\":\"https:\/\/www.urlaubcornwall.de\/blog\/?s={search_term_string}\"},\"query-input\":\"required name=search_term_string\"}],\"inLanguage\":\"en-US\"},{\"@type\":\"WebPage\",\"@id\":\"https:\/\/www.urlaubcornwall.de\/blog\/busrundreise-suedengland-gaerten-historische-bauwerke-8-tage\/\",\"url\":\"https:\/\/www.urlaubcornwall.de\/blog\/busrundreise-suedengland-gaerten-historische-bauwerke-8-tage\/\",\"name\":\"Busrundreise S\u00fcdengland & Isle of Wight - \\\"G\u00e4rten & Historische Bauwerke\\\" 8 Tage - Urlaub &amp; Reisen\",\"isPartOf\":{\"@id\":\"https:\/\/www.urlaubcornwall.de\/blog\/#website\"},\"datePublished\":\"2015-04-12T14:24:16+00:00\",\"dateModified\":\"2024-05-26T12:45:00+00:00\",\"breadcrumb\":{\"@id\":\"https:\/\/www.urlaubcornwall.de\/blog\/busrundreise-suedengland-gaerten-historische-bauwerke-8-tage\/#breadcrumb\"},\"inLanguage\":\"en-US\",\"potentialAction\":[{\"@type\":\"ReadAction\",\"target\":[\"https:\/\/www.urlaubcornwall.de\/blog\/busrundreise-suedengland-gaerten-historische-bauwerke-8-tage\/\"]}]},{\"@type\":\"BreadcrumbList\",\"@id\":\"https:\/\/www.urlaubcornwall.de\/blog\/busrundreise-suedengland-gaerten-historische-bauwerke-8-tage\/#breadcrumb\",\"itemListElement\":[{\"@type\":\"ListItem\",\"position\":1,\"name\":\"Home\",\"item\":\"https:\/\/www.urlaubcornwall.de\/blog\/\"},{\"@type\":\"ListItem\",\"position\":2,\"name\":\"Busrundreise S\u00fcdengland &#038; Isle of Wight &#8211; &#8220;G\u00e4rten &#038; Historische Bauwerke&#8221; 8 Tage\"}]}]}<\/script>\n<!-- \/ Yoast SEO plugin. -->","yoast_head_json":{"title":"Busrundreise S\u00fcdengland & Isle of Wight - \"G\u00e4rten & Historische Bauwerke\" 8 Tage - Urlaub &amp; Reisen","robots":{"index":"index","follow":"follow","max-snippet":"max-snippet:-1","max-image-preview":"max-image-preview:large","max-video-preview":"max-video-preview:-1"},"canonical":"https:\/\/www.urlaubcornwall.de\/blog\/busrundreise-suedengland-gaerten-historische-bauwerke-8-tage\/","og_locale":"en_US","og_type":"article","og_title":"Busrundreise S\u00fcdengland & Isle of Wight - \"G\u00e4rten & Historische Bauwerke\" 8 Tage - Urlaub &amp; Reisen","og_description":"Highlights: London, Isle of Wight, Brighton, Rye, Sissinghurst 8 Tage \/ 7 N\u00e4chte| deutschsprachige Termine | ab\/bis London Diese Busrundreise Cornwall kombiniert die traumhaften G\u00e4rten sowie die historischen Bauwerke von England, bei denen man die englische Geschicht mit eigenen Augen sehen kann. Besuchen Sie unter anderem Rye, ein St\u00e4dtchen bei dem man in das mittelalterliche [&hellip;]","og_url":"https:\/\/www.urlaubcornwall.de\/blog\/busrundreise-suedengland-gaerten-historische-bauwerke-8-tage\/","og_site_name":"Urlaub &amp; Reisen","article_modified_time":"2024-05-26T12:45:00+00:00","og_image":[{"url":"https:\/\/www.urlaubcornwall.de\/blog\/wp-content\/uploads\/2015\/04\/23501938_m.jpg"}],"twitter_card":"summary","twitter_misc":{"Est. reading time":"4 minutes"},"schema":{"@context":"https:\/\/schema.org","@graph":[{"@type":"WebSite","@id":"https:\/\/www.urlaubcornwall.de\/blog\/#website","url":"https:\/\/www.urlaubcornwall.de\/blog\/","name":"Urlaub &amp; Reisen","description":"Urlaub, Reisen, Cornwall und S\u00fcdengland: eine perfekte Kombination","potentialAction":[{"@type":"SearchAction","target":{"@type":"EntryPoint","urlTemplate":"https:\/\/www.urlaubcornwall.de\/blog\/?s={search_term_string}"},"query-input":"required name=search_term_string"}],"inLanguage":"en-US"},{"@type":"WebPage","@id":"https:\/\/www.urlaubcornwall.de\/blog\/busrundreise-suedengland-gaerten-historische-bauwerke-8-tage\/","url":"https:\/\/www.urlaubcornwall.de\/blog\/busrundreise-suedengland-gaerten-historische-bauwerke-8-tage\/","name":"Busrundreise S\u00fcdengland & Isle of Wight - \"G\u00e4rten & Historische Bauwerke\" 8 Tage - Urlaub &amp; Reisen","isPartOf":{"@id":"https:\/\/www.urlaubcornwall.de\/blog\/#website"},"datePublished":"2015-04-12T14:24:16+00:00","dateModified":"2024-05-26T12:45:00+00:00","breadcrumb":{"@id":"https:\/\/www.urlaubcornwall.de\/blog\/busrundreise-suedengland-gaerten-historische-bauwerke-8-tage\/#breadcrumb"},"inLanguage":"en-US","potentialAction":[{"@type":"ReadAction","target":["https:\/\/www.urlaubcornwall.de\/blog\/busrundreise-suedengland-gaerten-historische-bauwerke-8-tage\/"]}]},{"@type":"BreadcrumbList","@id":"https:\/\/www.urlaubcornwall.de\/blog\/busrundreise-suedengland-gaerten-historische-bauwerke-8-tage\/#breadcrumb","itemListElement":[{"@type":"ListItem","position":1,"name":"Home","item":"https:\/\/www.urlaubcornwall.de\/blog\/"},{"@type":"ListItem","position":2,"name":"Busrundreise S\u00fcdengland &#038; Isle of Wight &#8211; &#8220;G\u00e4rten &#038; Historische Bauwerke&#8221; 8 Tage"}]}]}},"_links":{"self":[{"href":"https:\/\/www.urlaubcornwall.de\/blog\/wp-json\/wp\/v2\/pages\/18873"}],"collection":[{"href":"https:\/\/www.urlaubcornwall.de\/blog\/wp-json\/wp\/v2\/pages"}],"about":[{"href":"https:\/\/www.urlaubcornwall.de\/blog\/wp-json\/wp\/v2\/types\/page"}],"author":[{"embeddable":true,"href":"https:\/\/www.urlaubcornwall.de\/blog\/wp-json\/wp\/v2\/users\/1"}],"replies":[{"embeddable":true,"href":"https:\/\/www.urlaubcornwall.de\/blog\/wp-json\/wp\/v2\/comments?post=18873"}],"version-history":[{"count":33,"href":"https:\/\/www.urlaubcornwall.de\/blog\/wp-json\/wp\/v2\/pages\/18873\/revisions"}],"predecessor-version":[{"id":18952,"href":"https:\/\/www.urlaubcornwall.de\/blog\/wp-json\/wp\/v2\/pages\/18873\/revisions\/18952"}],"wp:attachment":[{"href":"https:\/\/www.urlaubcornwall.de\/blog\/wp-json\/wp\/v2\/media?parent=18873"}],"curies":[{"name":"wp","href":"https:\/\/api.w.org\/{rel}","templated":true}]}}