{"id":18857,"date":"2015-04-12T13:35:42","date_gmt":"2015-04-12T13:35:42","guid":{"rendered":"https:\/\/www.urlaubcornwall.de\/blog\/?page_id=18857"},"modified":"2024-05-29T08:53:31","modified_gmt":"2024-05-29T08:53:31","slug":"busrundreise-cornwall-englands-wunderschoene-gaerten-und-cornwall-9-tage","status":"publish","type":"page","link":"https:\/\/www.urlaubcornwall.de\/blog\/busrundreise-cornwall-englands-wunderschoene-gaerten-und-cornwall-9-tage\/","title":{"rendered":"Busrundreise Cornwall &#8211; &#8220;Englands wundersch\u00f6ne G\u00e4rten und Cornwall&#8221; 9 Tage"},"content":{"rendered":"<p><a href=\"https:\/\/www.urlaubcornwall.de\/blog\/wp-content\/uploads\/2024\/05\/Lanhydrock-House-Bodmin.jpg\"><img loading=\"lazy\" src=\"https:\/\/www.urlaubcornwall.de\/blog\/wp-content\/uploads\/2024\/05\/Lanhydrock-House-Bodmin.jpg\" alt=\"Lanhydrock House, Bodmin\" width=\"750\" height=\"417\" class=\"alignnone size-full wp-image-50540\" srcset=\"https:\/\/www.urlaubcornwall.de\/blog\/wp-content\/uploads\/2024\/05\/Lanhydrock-House-Bodmin.jpg 750w, https:\/\/www.urlaubcornwall.de\/blog\/wp-content\/uploads\/2024\/05\/Lanhydrock-House-Bodmin-300x167.jpg 300w\" sizes=\"(max-width: 750px) 100vw, 750px\" \/><\/a><\/p>\n<h2 style=\"text-align: left;\"><strong>Highlights: <\/strong>Stonehenge, Salisbury, Cornwall, Land&#8217;s End, Heligan Garden, Bath, London<\/h2>\n<p>9&nbsp;Tage \/&nbsp;8 N\u00e4chte | viele Termine | deutschsprachige Rundreise | ab\/bis London<\/p>\n<p style=\"text-align: left;\">Zahlreiche Sehensw\u00fcrdigkeiten machen Cornwall-Reisen f\u00fcr Kulturliebhaber interessant. Keltische Siedlungen und H\u00fcnengr\u00e4ber zeugen von l\u00e4ngst vergangenen Epochen. Auch viele stillgelegte Zinn- und Kupferminen wie die Levant oder Geevor Mine, laden auf Cornwall-Reisen zu einem Besuch ein. Aber auch die G\u00e4rten in Cornwall, von denen ein paar der bekanntesten im Tourverlauf eingeschlossen sind, sind absolut sehenswert.<\/p>\n<p style=\"text-align: center;\"><a class=\"tidycta\" href=\"http:\/\/www.urlaubcornwall.de\/anfrage.php?tourcode=Busrundreise\">Anfrage \/ Buchung<\/a><\/p>\n<p><strong>Tourbeschreibung<\/strong><\/p>\n<p><strong>1.Tag:<\/strong> London<\/p>\n<p>Anreise nach London (Fl\u00fcge buchen wir gerne f\u00fcr Sie mit) und Transfer in Eigenregie in das erste Hotel. Der restliche Tag steht Ihnen zur freien Verf\u00fcgung um sich einen ersten Eindruck von der englischen Hauptstadt zu verschaffen. \u00dcbernachtung bei London Heathrow<\/p>\n<p><strong>2.Tag:<\/strong> London \u2013 Winchester Kathedrale \u2013 Bournemouth<\/p>\n<p>Treffpunkt um 07:45 Uhr in der Hotellobby. Danach verlassen wir London und verlassen Winchester, einst die erste britische Hauptstadt Englands. Hier besuchen wir die ber\u00fchmte Kathedrale, die Bischofssitz der Di\u00f6zese von Winchester ist. Das Querschiff der Kathedrale ist mit 168 Meter das gr\u00f6\u00dfte in Europa. Anschlie\u00dfend geht es zum New Forest Nationalpark, wo wir die Exbury G\u00e4rten besuchen. Zu s\u00e4mlichen Jahreszeiten ist die Farbpracht des Gartens wundervoll. Die Rhododendren und Azaleen sind jedoch im April und Mai am sch\u00f6nsten.  Abendessen und \u00dcbernachtung in Bournemouth<\/p>\n<p><strong>3.Tag:<\/strong> Bournemouth  \u2013 Falmouth<\/p>\n<p>Von Bournemouth fahren wir durch die sch\u00f6ne Landschaft Dorsets und halten bei den Abbotsbury Subtropical Gardens. Au\u00dferdem steht das  charmante St\u00e4dtchen Lyme Regis auf dem Programm.  Der freundliche Ort zeichnet sich durch seine vielen sch\u00f6nen H\u00e4uschen, die sich einen Hang hinaufziehen, und ist besonders f\u00fcr \u201eThe Cobb\u201c bekannt,  eine m\u00e4chtige, charakteristische Hafenmauer.  Die einzigartige Landschaft des Dartmoor National Park bietet auf der Weiterfahrt pr\u00e4historische Graniten ,,Tors\u201c (Felsen)  und ist gepr\u00e4gt durch romantische H\u00fcgelketten sowie weite Moorgebiete. Nach kurzer Weiterreise bekommen wir einen ersten richtigen Eindruck von Cornwall. Abendessen und \u00dcbernachtung in Falmouth<\/p>\n<p style=\"text-align: center;\"><strong><a href=\"https:\/\/www.urlaubcornwall.de\/blog\/wp-content\/uploads\/2017\/08\/gyllyngvase-strand-falmouth.jpg\"><img loading=\"lazy\" class=\"aligncenter size-full wp-image-18863\" src=\"https:\/\/www.urlaubcornwall.de\/blog\/wp-content\/uploads\/2017\/08\/gyllyngvase-strand-falmouth.jpg\" alt=\"busreise cornwall\" width=\"748\" height=\"399\"\/><\/a><\/strong><\/p>\n<p><strong>4.Tag:<\/strong> Falmouth  \u2013 Lands End \u2013 Falmouth<\/p>\n<p>Heute besuchen wir das bekannte Eden Project in St Austell. Dieses einmalige Umweltprojekt nutzt ein ehemaliges Lehmabbaugebier und kreiert eine Art \u201eWeltgarten\u201c. Futurisitische Gew\u00e4chsh\u00e4user f\u00fcgen sich in die h\u00fcgelige Landschaft und verbergen eine atemberaubende Artenvielvalt. Danach brechen wir zum Lost Garden og Heligan auf. Abendessen und \u00dcbernachtung in Falmouth<\/p>\n<p><strong>5.Tag:<\/strong> Falmouth  G\u00e4rtenbesuche \u2013 Lands End \u2013 St Ives<\/p>\n<p>Nach dem Fr\u00fchst\u00fcck erkunden wir die subtropischen Trebah G\u00e4ren. Hier findet man exotische, riesige Farne und Palmen neben lokalen B\u00e4umen und B\u00fcschen. Bei einem Fotostopp haben wir einen unglaublichen Blick auf St Michaels Mount, das Wahrzeichen von Cornwall. Weitere Highlight des heutigen Tages sind Lands End, St Ives und Burncoose Nursery.  Abendessen und \u00dcbernachtung in Falmouth<\/p>\n<p><strong>6.Tag:<\/strong> Falmouth \u2013 Bristol<\/p>\n<p>Heute steht eine Fahrt durch die Datmoor Region. Genie\u00dfen Sie die Landschaft mit ihren wildromantischen H\u00fcgelketten und den weiten Moorgebieten. Im Anschluss warten die Walled Gardens of Cannington darauf entdeckt zu werden. Abendessen und \u00dcbernachtung in Bristol<\/p>\n<p style=\"text-align: center;\"><strong><a href=\"https:\/\/www.urlaubcornwall.de\/blog\/wp-content\/uploads\/2013\/03\/Bath.jpg\"><img loading=\"lazy\" class=\"aligncenter size-full wp-image-18863\" src=\"https:\/\/www.urlaubcornwall.de\/blog\/wp-content\/uploads\/2013\/03\/Bath.jpg\" alt=\"Bath England\" width=\"748\" height=\"393\"\/><\/a><\/strong><\/p>\n<p><strong>7. Tag:<\/strong> Bristol \u2013 Bath \u2013 Bristol<\/p>\n<p>Am Morgen besuchen wir die Kurstadt Bath, deren 2000-j\u00e4hrige Geschichte mit der Vorliebe der R\u00f6mer f\u00fcr hei\u00dfe Quellen, den einzigen in Gro\u00dfbritannien, begann. Bei einem Rundgang durch diese historische Stadt entdecken wir unter anderem den malerischen Royal Crescent, eine halbmondf\u00f6rmige H\u00e4userreihe in prachtvoller gregorianischer Architektur, sowie den Queen Square, \u2018The Circus\u2019, die Stadtuniversit\u00e4t und die guterhaltenen r\u00f6mischen B\u00e4der, wo seit \u00fcber 2000 Jahren Millionen von Gallonen hei\u00dfes Quellwasser entspringen Sp\u00e4ter verlassen wir Bath und erreichen die Stourhead Gardens. R\u00fcckkehr nach Bristol. Abendessen und \u00dcbernachtung in Bristol<\/p>\n<p><strong>8. Tag:<\/strong> Kew Gardens \u2013 London<\/p>\n<p>Heute geht die Fahrt weiter nach London. Nur einen Katzensprung von Richmond Park und dem malerischen Stadtteil Richmond entfernt, befinden sich die herrlichen Kew Gardens. Royal Botanic Gardens Kew umfasst als \u00e4ltester botanischer Garten der Welt ein etwa 120 Hektar gro\u00dfes Gel\u00e4nde. Ein Rundgang durch den weitl\u00e4ufigen Park f\u00fchrt, vorbei an B\u00e4umen und Blumen aus aller Welt, zu einem k\u00fcnstlichen See, einer Pagode aus dem 18. Jahrhundert, den Bambusg\u00e4rten, dem Steingarten, Queen Charlotte Cottage und schlie\u00dflich Kew Palace. Anschlie\u00dfend fahren Sie zu Ihrem Hotel im Herzen der Stadt und k\u00f6nnen den Abend stilvoll in einem der vielen Londoner Pubs ausklingen lassen. \u00dcbernachtung in London<\/p>\n<p><strong>9. Tag:<\/strong> London\/Heimreise<\/p>\n<p>Der Tag steht bis zur Abfahrt zur freien Verf\u00fcgung. Ende der Tour \u201e<a href=\"https:\/\/www.urlaubcornwall.de\/blog\/wunderschoene-gaerten-gartenreise-in-cornwall\/\">Wundersch\u00f6ne G\u00e4rten und Cornwall<\/a>\u201c \u2013 eine gef\u00fchrte deutschsprachige Busrundreise durch England.<\/p>\n<p><strong>Eingeschlossene Leistungen:<\/strong><\/p>\n<p>9-t\u00e4gige Rundreise mit deutschsprachiger Reiseleitung lt. Reiseverlauf (Tag 2 bis 7) \/\/ max. 26 Teilnehmer<\/p>\n<p>8 \u00dcbernachtungen in 3-4* Mittelklassehotels<\/p>\n<p>8x Fr\u00fchst\u00fcck &#038; 6x Abendessen (nicht in London)<\/p>\n<p>Eintritte: Winchester Kathedrale, Exbury Gardens, Abbotsbury Subtorpical Gadens &#038; Swannery, Lost Gardens of Heligan, Eden Project, Trebah G\u00e4rten, Burncoose Nursery, Cannington Walles Gardens mit Kaffee und Kuchen, Stourhead Gardens, Royal Botanic Gardens Kew<\/p>\n<p>1 Reisef\u00fchrer \u00fcber England<\/p>\n<p>Nicht eingeschlossene Leistungen:<\/p>\n<p>Fl\u00fcge (bieten wir Ihnen gerne passend dazu an)<\/p>\n<p>Flughafentransfers<\/p>\n<p>Trinkgelder<\/p>\n<p>Pers\u00f6nliche Ausgaben<\/p>\n<p>Weitere Mahlzeiten<\/p>\n<p style=\"text-align: center;\"><a class=\"tidycta\" href=\"http:\/\/www.urlaubcornwall.de\/anfrage.php?tourcode=Busrundreise\">Anfrage \/ Buchung<\/a><\/p>\n<p style=\"text-align: left;\">UrlaubCornwall haben Touren im Angebot f\u00fcr Individualreisende. Hier finden Sie unsere Auswahl an fantastischen <a href=\"http:\/\/www.urlaubcornwall.de\/gruppenreisen.php\"><span style=\"text-decoration: underline;\">Busreisen in England. <\/span><\/a>Unsere Websitedetails zeigen lediglich eine kleine Auswahl dessen, was wir anbieten k\u00f6nnen. Wir stellen Ihnen gerne ein <a href=\"http:\/\/www.urlaubcornwall.de\/anfrage.php\"><span style=\"text-decoration: underline;\">unverbindliches Angebot<\/span><\/a> mit allen Fl\u00fcgen und Transfers f\u00fcr Ihre Grossbritannien Reise zusammen.<\/p>\n\n","protected":false},"excerpt":{"rendered":"<p>Highlights: Stonehenge, Salisbury, Cornwall, Land&#8217;s End, Heligan Garden, Bath, London 9&nbsp;Tage \/&nbsp;8 N\u00e4chte | viele Termine | deutschsprachige Rundreise | ab\/bis London Zahlreiche Sehensw\u00fcrdigkeiten machen Cornwall-Reisen f\u00fcr Kulturliebhaber interessant. Keltische Siedlungen und H\u00fcnengr\u00e4ber zeugen von l\u00e4ngst vergangenen Epochen. Auch viele stillgelegte Zinn- und Kupferminen wie die Levant oder Geevor Mine, laden auf Cornwall-Reisen zu einem [&hellip;]<\/p>\n","protected":false},"author":1,"featured_media":0,"parent":0,"menu_order":0,"comment_status":"closed","ping_status":"closed","template":"single-four.php","meta":[],"acf":[],"yoast_head":"<!-- This site is optimized with the Yoast SEO plugin v19.4 - https:\/\/yoast.com\/wordpress\/plugins\/seo\/ -->\n<title>Busrundreise Cornwall - &quot;Englands wundersch\u00f6ne G\u00e4rten und Cornwall&quot; 9 Tage - Urlaub &amp; Reisen<\/title>\n<meta name=\"robots\" content=\"index, follow, max-snippet:-1, max-image-preview:large, max-video-preview:-1\" \/>\n<link rel=\"canonical\" href=\"https:\/\/www.urlaubcornwall.de\/blog\/busrundreise-cornwall-englands-wunderschoene-gaerten-und-cornwall-9-tage\/\" \/>\n<meta property=\"og:locale\" content=\"en_US\" \/>\n<meta property=\"og:type\" content=\"article\" \/>\n<meta property=\"og:title\" content=\"Busrundreise Cornwall - &quot;Englands wundersch\u00f6ne G\u00e4rten und Cornwall&quot; 9 Tage - Urlaub &amp; Reisen\" \/>\n<meta property=\"og:description\" content=\"Highlights: Stonehenge, Salisbury, Cornwall, Land&#8217;s End, Heligan Garden, Bath, London 9&nbsp;Tage \/&nbsp;8 N\u00e4chte | viele Termine | deutschsprachige Rundreise | ab\/bis London Zahlreiche Sehensw\u00fcrdigkeiten machen Cornwall-Reisen f\u00fcr Kulturliebhaber interessant. Keltische Siedlungen und H\u00fcnengr\u00e4ber zeugen von l\u00e4ngst vergangenen Epochen. Auch viele stillgelegte Zinn- und Kupferminen wie die Levant oder Geevor Mine, laden auf Cornwall-Reisen zu einem [&hellip;]\" \/>\n<meta property=\"og:url\" content=\"https:\/\/www.urlaubcornwall.de\/blog\/busrundreise-cornwall-englands-wunderschoene-gaerten-und-cornwall-9-tage\/\" \/>\n<meta property=\"og:site_name\" content=\"Urlaub &amp; Reisen\" \/>\n<meta property=\"article:modified_time\" content=\"2024-05-29T08:53:31+00:00\" \/>\n<meta property=\"og:image\" content=\"https:\/\/www.urlaubcornwall.de\/blog\/wp-content\/uploads\/2024\/05\/Lanhydrock-House-Bodmin.jpg\" \/>\n<meta name=\"twitter:card\" content=\"summary\" \/>\n<meta name=\"twitter:label1\" content=\"Est. reading time\" \/>\n\t<meta name=\"twitter:data1\" content=\"5 minutes\" \/>\n<script type=\"application\/ld+json\" class=\"yoast-schema-graph\">{\"@context\":\"https:\/\/schema.org\",\"@graph\":[{\"@type\":\"WebSite\",\"@id\":\"https:\/\/www.urlaubcornwall.de\/blog\/#website\",\"url\":\"https:\/\/www.urlaubcornwall.de\/blog\/\",\"name\":\"Urlaub &amp; Reisen\",\"description\":\"Urlaub, Reisen, Cornwall und S\u00fcdengland: eine perfekte Kombination\",\"potentialAction\":[{\"@type\":\"SearchAction\",\"target\":{\"@type\":\"EntryPoint\",\"urlTemplate\":\"https:\/\/www.urlaubcornwall.de\/blog\/?s={search_term_string}\"},\"query-input\":\"required name=search_term_string\"}],\"inLanguage\":\"en-US\"},{\"@type\":\"WebPage\",\"@id\":\"https:\/\/www.urlaubcornwall.de\/blog\/busrundreise-cornwall-englands-wunderschoene-gaerten-und-cornwall-9-tage\/\",\"url\":\"https:\/\/www.urlaubcornwall.de\/blog\/busrundreise-cornwall-englands-wunderschoene-gaerten-und-cornwall-9-tage\/\",\"name\":\"Busrundreise Cornwall - \\\"Englands wundersch\u00f6ne G\u00e4rten und Cornwall\\\" 9 Tage - Urlaub &amp; Reisen\",\"isPartOf\":{\"@id\":\"https:\/\/www.urlaubcornwall.de\/blog\/#website\"},\"datePublished\":\"2015-04-12T13:35:42+00:00\",\"dateModified\":\"2024-05-29T08:53:31+00:00\",\"breadcrumb\":{\"@id\":\"https:\/\/www.urlaubcornwall.de\/blog\/busrundreise-cornwall-englands-wunderschoene-gaerten-und-cornwall-9-tage\/#breadcrumb\"},\"inLanguage\":\"en-US\",\"potentialAction\":[{\"@type\":\"ReadAction\",\"target\":[\"https:\/\/www.urlaubcornwall.de\/blog\/busrundreise-cornwall-englands-wunderschoene-gaerten-und-cornwall-9-tage\/\"]}]},{\"@type\":\"BreadcrumbList\",\"@id\":\"https:\/\/www.urlaubcornwall.de\/blog\/busrundreise-cornwall-englands-wunderschoene-gaerten-und-cornwall-9-tage\/#breadcrumb\",\"itemListElement\":[{\"@type\":\"ListItem\",\"position\":1,\"name\":\"Home\",\"item\":\"https:\/\/www.urlaubcornwall.de\/blog\/\"},{\"@type\":\"ListItem\",\"position\":2,\"name\":\"Busrundreise Cornwall &#8211; &#8220;Englands wundersch\u00f6ne G\u00e4rten und Cornwall&#8221; 9 Tage\"}]}]}<\/script>\n<!-- \/ Yoast SEO plugin. -->","yoast_head_json":{"title":"Busrundreise Cornwall - \"Englands wundersch\u00f6ne G\u00e4rten und Cornwall\" 9 Tage - Urlaub &amp; Reisen","robots":{"index":"index","follow":"follow","max-snippet":"max-snippet:-1","max-image-preview":"max-image-preview:large","max-video-preview":"max-video-preview:-1"},"canonical":"https:\/\/www.urlaubcornwall.de\/blog\/busrundreise-cornwall-englands-wunderschoene-gaerten-und-cornwall-9-tage\/","og_locale":"en_US","og_type":"article","og_title":"Busrundreise Cornwall - \"Englands wundersch\u00f6ne G\u00e4rten und Cornwall\" 9 Tage - Urlaub &amp; Reisen","og_description":"Highlights: Stonehenge, Salisbury, Cornwall, Land&#8217;s End, Heligan Garden, Bath, London 9&nbsp;Tage \/&nbsp;8 N\u00e4chte | viele Termine | deutschsprachige Rundreise | ab\/bis London Zahlreiche Sehensw\u00fcrdigkeiten machen Cornwall-Reisen f\u00fcr Kulturliebhaber interessant. Keltische Siedlungen und H\u00fcnengr\u00e4ber zeugen von l\u00e4ngst vergangenen Epochen. Auch viele stillgelegte Zinn- und Kupferminen wie die Levant oder Geevor Mine, laden auf Cornwall-Reisen zu einem [&hellip;]","og_url":"https:\/\/www.urlaubcornwall.de\/blog\/busrundreise-cornwall-englands-wunderschoene-gaerten-und-cornwall-9-tage\/","og_site_name":"Urlaub &amp; Reisen","article_modified_time":"2024-05-29T08:53:31+00:00","og_image":[{"url":"https:\/\/www.urlaubcornwall.de\/blog\/wp-content\/uploads\/2024\/05\/Lanhydrock-House-Bodmin.jpg"}],"twitter_card":"summary","twitter_misc":{"Est. reading time":"5 minutes"},"schema":{"@context":"https:\/\/schema.org","@graph":[{"@type":"WebSite","@id":"https:\/\/www.urlaubcornwall.de\/blog\/#website","url":"https:\/\/www.urlaubcornwall.de\/blog\/","name":"Urlaub &amp; Reisen","description":"Urlaub, Reisen, Cornwall und S\u00fcdengland: eine perfekte Kombination","potentialAction":[{"@type":"SearchAction","target":{"@type":"EntryPoint","urlTemplate":"https:\/\/www.urlaubcornwall.de\/blog\/?s={search_term_string}"},"query-input":"required name=search_term_string"}],"inLanguage":"en-US"},{"@type":"WebPage","@id":"https:\/\/www.urlaubcornwall.de\/blog\/busrundreise-cornwall-englands-wunderschoene-gaerten-und-cornwall-9-tage\/","url":"https:\/\/www.urlaubcornwall.de\/blog\/busrundreise-cornwall-englands-wunderschoene-gaerten-und-cornwall-9-tage\/","name":"Busrundreise Cornwall - \"Englands wundersch\u00f6ne G\u00e4rten und Cornwall\" 9 Tage - Urlaub &amp; Reisen","isPartOf":{"@id":"https:\/\/www.urlaubcornwall.de\/blog\/#website"},"datePublished":"2015-04-12T13:35:42+00:00","dateModified":"2024-05-29T08:53:31+00:00","breadcrumb":{"@id":"https:\/\/www.urlaubcornwall.de\/blog\/busrundreise-cornwall-englands-wunderschoene-gaerten-und-cornwall-9-tage\/#breadcrumb"},"inLanguage":"en-US","potentialAction":[{"@type":"ReadAction","target":["https:\/\/www.urlaubcornwall.de\/blog\/busrundreise-cornwall-englands-wunderschoene-gaerten-und-cornwall-9-tage\/"]}]},{"@type":"BreadcrumbList","@id":"https:\/\/www.urlaubcornwall.de\/blog\/busrundreise-cornwall-englands-wunderschoene-gaerten-und-cornwall-9-tage\/#breadcrumb","itemListElement":[{"@type":"ListItem","position":1,"name":"Home","item":"https:\/\/www.urlaubcornwall.de\/blog\/"},{"@type":"ListItem","position":2,"name":"Busrundreise Cornwall &#8211; &#8220;Englands wundersch\u00f6ne G\u00e4rten und Cornwall&#8221; 9 Tage"}]}]}},"_links":{"self":[{"href":"https:\/\/www.urlaubcornwall.de\/blog\/wp-json\/wp\/v2\/pages\/18857"}],"collection":[{"href":"https:\/\/www.urlaubcornwall.de\/blog\/wp-json\/wp\/v2\/pages"}],"about":[{"href":"https:\/\/www.urlaubcornwall.de\/blog\/wp-json\/wp\/v2\/types\/page"}],"author":[{"embeddable":true,"href":"https:\/\/www.urlaubcornwall.de\/blog\/wp-json\/wp\/v2\/users\/1"}],"replies":[{"embeddable":true,"href":"https:\/\/www.urlaubcornwall.de\/blog\/wp-json\/wp\/v2\/comments?post=18857"}],"version-history":[{"count":42,"href":"https:\/\/www.urlaubcornwall.de\/blog\/wp-json\/wp\/v2\/pages\/18857\/revisions"}],"predecessor-version":[{"id":18959,"href":"https:\/\/www.urlaubcornwall.de\/blog\/wp-json\/wp\/v2\/pages\/18857\/revisions\/18959"}],"wp:attachment":[{"href":"https:\/\/www.urlaubcornwall.de\/blog\/wp-json\/wp\/v2\/media?parent=18857"}],"curies":[{"name":"wp","href":"https:\/\/api.w.org\/{rel}","templated":true}]}}