{"id":18791,"date":"2015-04-03T13:14:18","date_gmt":"2015-04-03T13:14:18","guid":{"rendered":"https:\/\/www.urlaubcornwall.de\/blog\/?page_id=18791"},"modified":"2022-11-28T12:24:21","modified_gmt":"2022-11-28T12:24:21","slug":"die-residenz-luxus-2-und-3-zimmer-eco-lodges-in-cornwall","status":"publish","type":"page","link":"https:\/\/www.urlaubcornwall.de\/blog\/die-residenz-luxus-2-und-3-zimmer-eco-lodges-in-cornwall\/","title":{"rendered":"Die Residenz &#8211; Luxus 2- und 3-Zimmer Eco-Lodges in Cornwall"},"content":{"rendered":"<p>Entdecken Sie Die Residenz, eine atemberaubende Entwicklung, was umweltfreundliche, zeitgen\u00f6ssische Lodges angeht, im eigenen Bereich der <a href=\"http:\/\/www.urlaubcornwall.de\/ferienparks-und-ferienanlage\/cornwall.php\">Luxusanlage<\/a> gelegen.<\/p>\n<p>Diese modernen Ferienh\u00e4user bringen 5-Sterne-Luxus auf eine weitere Ebene mit stilvollem offenen Wohnbereich und sensationellen Designerelementen. Stellen Sie sich vor, Sie machen es sich vor einem ultramodernen Holzofen gem\u00fctlich oder schwelgen in Luxus im eigenen Hot Tub unter einem sternklaren Himmel.<\/p>\n<p>Jedem noch so kleinen Detail wurde Beachtung gezollt in diesen zeitgen\u00f6ssischen <a href=\"https:\/\/www.urlaubcornwall.de\/ferienhaeuser-fewos\/cornwall.html\">Luxuslodges<\/a> \u2013 alles, vom mit Holzscheiten gef\u00fcllten Korb bis hin zu stimmungsvoller Beleuchtung, DVD, Musikger\u00e4ten und WLAN. Sie werden sogar im Badezimmer einen Plasmafernseher finden. Die umweltfreundlichen Ferienh\u00e4user zeugen rundherum von Stil und Komfort. Diese zeitgen\u00f6ssischen Ferienh\u00e4user; voll ausgestattet mit \u00fcppigen Designerm\u00f6beln und Liegest\u00fchlen auf dem ger\u00e4umigen Freisitz, werden zum perfekten Designerort f\u00fcr Luxusurlaub in Cornwall.<\/p>\n<p>Die Unterk\u00fcnfte r\u00fchmen sich mit Fu\u00dfbodenheizung und Klimaanlage \u2013 so dass Sie, wann immer Sie hier sind, absoluten Komfort erleben werden.<\/p>\n<p>Sie werden hervorragenden Meeresblick und Blick \u00fcber das Tal genie\u00dfen, und all die wundervollen M\u00f6glichkeiten, die es in <a href=\"http:\/\/www.urlaubcornwall.de\/ferienparks-und-ferienanlage\/cornwall.php\">Gwel an Mor<\/a> gibt, befinden sich nur einen Spaziergang entfernt. Dies ist eine F\u00fcnf-Sterne-Unterkunft, die Sie in Ihren wildesten Tr\u00e4umen nicht zu tr\u00e4umen gewagt h\u00e4tten.<\/p>\n<p>Als Teil des Engagement f\u00fcr Nachhaltigkeit wurden die Ferienh\u00e4user so designt, dass sie sich in die \u201egr\u00fcne\u201c Umgebung einf\u00fcgen, erschaffen aus nat\u00fcrlichen Materialien und bepflanzt mit urspr\u00fcnglichen Baumarten und Wildblumenwiesen. Die Bepflanzungen werden Zeit brauchen zum Wachsen, doch wird beabsichtigt, letztendlich eine Waldlandschaft um die Lodges herum zu gewinnen.<\/p>\n<p><a href=\"https:\/\/www.booking.com\/holiday-parks\/region\/gb\/cornwall-county.de.html?aid=1320750\" rel=\"nofollow\">Suche Ferienparks in Cornwall <\/a><\/p>\n<p><strong>Ausstattung &amp; Dienstleistungen<\/strong><\/p>\n<p>Bettw\u00e4sche und Handt\u00fccher inbegriffen | Brennstoff und Strom inbegriffen | Parken<\/p>\n<p>Satellitenfernsehen | DVD | kostenfreies ultraschnelles WLAN<\/p>\n<p>Holzofen | Voll ausgestattete K\u00fcche | Herd | K\u00fchlschrank\/Gefrierschrank<\/p>\n<p>Sp\u00fclmaschine | Mikrowelle | Veranda | BBQ<\/p>\n<p><strong>Aktivit\u00e4ten<\/strong><\/p>\n<p>Tennis | Fahrradverleih | Surfen | Innenschwimmbad<\/p>\n<p>Sauna | Whirlpool | Fitnessstudio |10 min\u00fctiger Spaziergang zum Sandstrand<\/p>\n<p><a href=\"https:\/\/www.booking.com\/holiday-parks\/region\/gb\/cornwall-county.de.html?aid=1320750\" rel=\"nofollow\">Suche Ferienparks in Cornwall <\/a><\/p>\n","protected":false},"excerpt":{"rendered":"<p>Entdecken Sie Die Residenz, eine atemberaubende Entwicklung, was umweltfreundliche, zeitgen\u00f6ssische Lodges angeht, im eigenen Bereich der Luxusanlage gelegen. Diese modernen Ferienh\u00e4user bringen 5-Sterne-Luxus auf eine weitere Ebene mit stilvollem offenen Wohnbereich und sensationellen Designerelementen. Stellen Sie sich vor, Sie machen es sich vor einem ultramodernen Holzofen gem\u00fctlich oder schwelgen in Luxus im eigenen Hot Tub [&hellip;]<\/p>\n","protected":false},"author":1,"featured_media":0,"parent":0,"menu_order":0,"comment_status":"closed","ping_status":"closed","template":"single-two.php","meta":[],"acf":[],"yoast_head":"<!-- This site is optimized with the Yoast SEO plugin v19.4 - https:\/\/yoast.com\/wordpress\/plugins\/seo\/ -->\n<title>Die Residenz - Luxus 2- und 3-Zimmer Eco-Lodges in Cornwall - Urlaub &amp; Reisen<\/title>\n<meta name=\"robots\" content=\"index, follow, max-snippet:-1, max-image-preview:large, max-video-preview:-1\" \/>\n<link rel=\"canonical\" href=\"https:\/\/www.urlaubcornwall.de\/blog\/die-residenz-luxus-2-und-3-zimmer-eco-lodges-in-cornwall\/\" \/>\n<meta property=\"og:locale\" content=\"en_US\" \/>\n<meta property=\"og:type\" content=\"article\" \/>\n<meta property=\"og:title\" content=\"Die Residenz - Luxus 2- und 3-Zimmer Eco-Lodges in Cornwall - Urlaub &amp; Reisen\" \/>\n<meta property=\"og:description\" content=\"Entdecken Sie Die Residenz, eine atemberaubende Entwicklung, was umweltfreundliche, zeitgen\u00f6ssische Lodges angeht, im eigenen Bereich der Luxusanlage gelegen. Diese modernen Ferienh\u00e4user bringen 5-Sterne-Luxus auf eine weitere Ebene mit stilvollem offenen Wohnbereich und sensationellen Designerelementen. Stellen Sie sich vor, Sie machen es sich vor einem ultramodernen Holzofen gem\u00fctlich oder schwelgen in Luxus im eigenen Hot Tub [&hellip;]\" \/>\n<meta property=\"og:url\" content=\"https:\/\/www.urlaubcornwall.de\/blog\/die-residenz-luxus-2-und-3-zimmer-eco-lodges-in-cornwall\/\" \/>\n<meta property=\"og:site_name\" content=\"Urlaub &amp; Reisen\" \/>\n<meta property=\"article:modified_time\" content=\"2022-11-28T12:24:21+00:00\" \/>\n<meta name=\"twitter:card\" content=\"summary\" \/>\n<meta name=\"twitter:label1\" content=\"Est. reading time\" \/>\n\t<meta name=\"twitter:data1\" content=\"2 minutes\" \/>\n<script type=\"application\/ld+json\" class=\"yoast-schema-graph\">{\"@context\":\"https:\/\/schema.org\",\"@graph\":[{\"@type\":\"WebSite\",\"@id\":\"https:\/\/www.urlaubcornwall.de\/blog\/#website\",\"url\":\"https:\/\/www.urlaubcornwall.de\/blog\/\",\"name\":\"Urlaub &amp; Reisen\",\"description\":\"Urlaub, Reisen, Cornwall und S\u00fcdengland: eine perfekte Kombination\",\"potentialAction\":[{\"@type\":\"SearchAction\",\"target\":{\"@type\":\"EntryPoint\",\"urlTemplate\":\"https:\/\/www.urlaubcornwall.de\/blog\/?s={search_term_string}\"},\"query-input\":\"required name=search_term_string\"}],\"inLanguage\":\"en-US\"},{\"@type\":\"WebPage\",\"@id\":\"https:\/\/www.urlaubcornwall.de\/blog\/die-residenz-luxus-2-und-3-zimmer-eco-lodges-in-cornwall\/\",\"url\":\"https:\/\/www.urlaubcornwall.de\/blog\/die-residenz-luxus-2-und-3-zimmer-eco-lodges-in-cornwall\/\",\"name\":\"Die Residenz - Luxus 2- und 3-Zimmer Eco-Lodges in Cornwall - Urlaub &amp; Reisen\",\"isPartOf\":{\"@id\":\"https:\/\/www.urlaubcornwall.de\/blog\/#website\"},\"datePublished\":\"2015-04-03T13:14:18+00:00\",\"dateModified\":\"2022-11-28T12:24:21+00:00\",\"breadcrumb\":{\"@id\":\"https:\/\/www.urlaubcornwall.de\/blog\/die-residenz-luxus-2-und-3-zimmer-eco-lodges-in-cornwall\/#breadcrumb\"},\"inLanguage\":\"en-US\",\"potentialAction\":[{\"@type\":\"ReadAction\",\"target\":[\"https:\/\/www.urlaubcornwall.de\/blog\/die-residenz-luxus-2-und-3-zimmer-eco-lodges-in-cornwall\/\"]}]},{\"@type\":\"BreadcrumbList\",\"@id\":\"https:\/\/www.urlaubcornwall.de\/blog\/die-residenz-luxus-2-und-3-zimmer-eco-lodges-in-cornwall\/#breadcrumb\",\"itemListElement\":[{\"@type\":\"ListItem\",\"position\":1,\"name\":\"Home\",\"item\":\"https:\/\/www.urlaubcornwall.de\/blog\/\"},{\"@type\":\"ListItem\",\"position\":2,\"name\":\"Die Residenz &#8211; Luxus 2- und 3-Zimmer Eco-Lodges in Cornwall\"}]}]}<\/script>\n<!-- \/ Yoast SEO plugin. -->","yoast_head_json":{"title":"Die Residenz - Luxus 2- und 3-Zimmer Eco-Lodges in Cornwall - Urlaub &amp; Reisen","robots":{"index":"index","follow":"follow","max-snippet":"max-snippet:-1","max-image-preview":"max-image-preview:large","max-video-preview":"max-video-preview:-1"},"canonical":"https:\/\/www.urlaubcornwall.de\/blog\/die-residenz-luxus-2-und-3-zimmer-eco-lodges-in-cornwall\/","og_locale":"en_US","og_type":"article","og_title":"Die Residenz - Luxus 2- und 3-Zimmer Eco-Lodges in Cornwall - Urlaub &amp; Reisen","og_description":"Entdecken Sie Die Residenz, eine atemberaubende Entwicklung, was umweltfreundliche, zeitgen\u00f6ssische Lodges angeht, im eigenen Bereich der Luxusanlage gelegen. Diese modernen Ferienh\u00e4user bringen 5-Sterne-Luxus auf eine weitere Ebene mit stilvollem offenen Wohnbereich und sensationellen Designerelementen. Stellen Sie sich vor, Sie machen es sich vor einem ultramodernen Holzofen gem\u00fctlich oder schwelgen in Luxus im eigenen Hot Tub [&hellip;]","og_url":"https:\/\/www.urlaubcornwall.de\/blog\/die-residenz-luxus-2-und-3-zimmer-eco-lodges-in-cornwall\/","og_site_name":"Urlaub &amp; Reisen","article_modified_time":"2022-11-28T12:24:21+00:00","twitter_card":"summary","twitter_misc":{"Est. reading time":"2 minutes"},"schema":{"@context":"https:\/\/schema.org","@graph":[{"@type":"WebSite","@id":"https:\/\/www.urlaubcornwall.de\/blog\/#website","url":"https:\/\/www.urlaubcornwall.de\/blog\/","name":"Urlaub &amp; Reisen","description":"Urlaub, Reisen, Cornwall und S\u00fcdengland: eine perfekte Kombination","potentialAction":[{"@type":"SearchAction","target":{"@type":"EntryPoint","urlTemplate":"https:\/\/www.urlaubcornwall.de\/blog\/?s={search_term_string}"},"query-input":"required name=search_term_string"}],"inLanguage":"en-US"},{"@type":"WebPage","@id":"https:\/\/www.urlaubcornwall.de\/blog\/die-residenz-luxus-2-und-3-zimmer-eco-lodges-in-cornwall\/","url":"https:\/\/www.urlaubcornwall.de\/blog\/die-residenz-luxus-2-und-3-zimmer-eco-lodges-in-cornwall\/","name":"Die Residenz - Luxus 2- und 3-Zimmer Eco-Lodges in Cornwall - Urlaub &amp; Reisen","isPartOf":{"@id":"https:\/\/www.urlaubcornwall.de\/blog\/#website"},"datePublished":"2015-04-03T13:14:18+00:00","dateModified":"2022-11-28T12:24:21+00:00","breadcrumb":{"@id":"https:\/\/www.urlaubcornwall.de\/blog\/die-residenz-luxus-2-und-3-zimmer-eco-lodges-in-cornwall\/#breadcrumb"},"inLanguage":"en-US","potentialAction":[{"@type":"ReadAction","target":["https:\/\/www.urlaubcornwall.de\/blog\/die-residenz-luxus-2-und-3-zimmer-eco-lodges-in-cornwall\/"]}]},{"@type":"BreadcrumbList","@id":"https:\/\/www.urlaubcornwall.de\/blog\/die-residenz-luxus-2-und-3-zimmer-eco-lodges-in-cornwall\/#breadcrumb","itemListElement":[{"@type":"ListItem","position":1,"name":"Home","item":"https:\/\/www.urlaubcornwall.de\/blog\/"},{"@type":"ListItem","position":2,"name":"Die Residenz &#8211; Luxus 2- und 3-Zimmer Eco-Lodges in Cornwall"}]}]}},"_links":{"self":[{"href":"https:\/\/www.urlaubcornwall.de\/blog\/wp-json\/wp\/v2\/pages\/18791"}],"collection":[{"href":"https:\/\/www.urlaubcornwall.de\/blog\/wp-json\/wp\/v2\/pages"}],"about":[{"href":"https:\/\/www.urlaubcornwall.de\/blog\/wp-json\/wp\/v2\/types\/page"}],"author":[{"embeddable":true,"href":"https:\/\/www.urlaubcornwall.de\/blog\/wp-json\/wp\/v2\/users\/1"}],"replies":[{"embeddable":true,"href":"https:\/\/www.urlaubcornwall.de\/blog\/wp-json\/wp\/v2\/comments?post=18791"}],"version-history":[{"count":19,"href":"https:\/\/www.urlaubcornwall.de\/blog\/wp-json\/wp\/v2\/pages\/18791\/revisions"}],"predecessor-version":[{"id":45464,"href":"https:\/\/www.urlaubcornwall.de\/blog\/wp-json\/wp\/v2\/pages\/18791\/revisions\/45464"}],"wp:attachment":[{"href":"https:\/\/www.urlaubcornwall.de\/blog\/wp-json\/wp\/v2\/media?parent=18791"}],"curies":[{"name":"wp","href":"https:\/\/api.w.org\/{rel}","templated":true}]}}