{"id":18782,"date":"2015-04-03T13:00:18","date_gmt":"2015-04-03T13:00:18","guid":{"rendered":"https:\/\/www.urlaubcornwall.de\/blog\/?page_id=18782"},"modified":"2022-11-28T13:42:23","modified_gmt":"2022-11-28T13:42:23","slug":"behindertengerechte-ferienunterkunft-cornwall-betreutes-wohnen-fuer-6-personen","status":"publish","type":"page","link":"https:\/\/www.urlaubcornwall.de\/blog\/behindertengerechte-ferienunterkunft-cornwall-betreutes-wohnen-fuer-6-personen\/","title":{"rendered":"Barrierefrei Ferienh\u00e4user Cornwall \u2013 betreutes Wohnen f\u00fcr 6 Personen"},"content":{"rendered":"<p><strong>Unterkunft<\/strong> &#8211; Die behindertengerechten Ferienh\u00e4user von Gwel an Mor bieten den allerh\u00f6chsten Standard an betreutem Wohnen in einer Ferienwohnung. Mit derselben sorgf\u00e4ltigen Liebe zum Detail und Qualit\u00e4t wie all die anderen Ferienunterk\u00fcnfte von Gwel an Mor, wurden diese Luxuslodges so designt, dass Sie den Bed\u00fcrfnissen von Menschen mit Behinderungen oder eingeschr\u00e4nkter Beweglichkeit entgegenkommen. G\u00e4ste werden dazu ermuntert, besondere Bed\u00fcrfnisse bekanntzugeben, so dass Ferienh\u00e4user entsprechend angepasst werden k\u00f6nnen, falls dies vern\u00fcnftig und praktikabel erscheint. Es kann auch sinnvoll sein, die Angestellten \u00fcber medizinische Konditionen oder Medikamentenbedarf zu informieren, wenn Sie meinen, dies sei relevant.<\/p>\n<p>><a href=\"https:\/\/www.urlaubcornwall.de\/ferienhaeuser-fewos\/cornwall.html\">Barrierefrei Ferienh\u00e4user Cornwall<\/a> &#8211; Sie haben im gesamten Erdgeschoss Rollstuhlzugang. Dort befinden sich auch ein stilvolles und zeitgen\u00f6ssischen Zwillingsschlafzimmer mit elektrischem Bett, ein Badezimmer im Nasszellenstil, ein Wohn- \/Essbereich und eine wundervoll ausgestattete K\u00fcche.<\/p>\n<p>Da sich der Hauptwohnbereich g\u00e4nzlich auf dem Erdgeschoss befindet, sind die Ferienh\u00e4user auch perfekt, wenn ein Familienmitglied Schwierigkeiten beim Treppensteigen hat. Die M\u00f6bel k\u00f6nnen entsprechend angepasst werden, so dass es f\u00fcr Sie so komfortabel wie nur m\u00f6glich sein wird. Im Obergeschoss finden Sie ein King-Size-Hauptschlafzimmer mit en-Suite Badezimmer, ein weiteres Badezimmer und ein Zwillingsschlafzimmer, so dass diese Ferienh\u00e4user absolut ideal sind f\u00fcr Menschen mit Behinderungen, die mit anderen Familienmitgliedern zusammen reisen.<\/p>\n<p>Landal Gwel an Mor ist eine gro\u00dfartige Wahl einer behindertengerechten Ferienunterkunft. Die Luxus-Ferienh\u00e4user sind nicht nur so designt, dass sie den Alltag einfach und angenehm gestalten lassen, auch die \u00fcbrige 5-Sterne-Anlage ist selbstverst\u00e4ndlich mit dem Rollstuhl zug\u00e4nglich, und im Swimmingpool gibt es eine Winde.<\/p>\n<p>Wenn Sie also eine Behinderung haben, suchen Sie nicht weiter nach perfekten Urlaubsunterk\u00fcnften. Cornwall ist eine ideale Urlaubsregion f\u00fcr Menschen mit eingeschr\u00e4nkter Beweglichkeit und verf\u00fcgt \u00fcber eine gro\u00dfe Auswahl an Attraktionen, die mit dem Rollstuhl zug\u00e4nglich sind. Cornwall wartet darauf, Sie willkommen zu hei\u00dfen. Worauf warten Sie also noch?<\/p>\n<p><a href=\"https:\/\/www.booking.com\/holiday-parks\/region\/gb\/cornwall-county.de.html?aid=1320750\" rel=\"nofollow\">Suche Ferienparks in Cornwall <\/a><\/p>\n<p><strong>Ausstattung &amp; Dienstleistungen<\/strong><\/p>\n<p>Bettw\u00e4sche und Handt\u00fccher inbegriffen | Brennstoff und Strom inbegriffen | Parken |  Satellitenfernsehen<\/p>\n<p>DVD | kostenfreies ultraschnelles WLAN | Holzofen | Voll ausgestattete K\u00fcche | Herd<\/p>\n<p>K\u00fchlschrank\/Gefrierschrank | Sp\u00fclmaschine | Mikrowelle | Veranda | BBQ<\/p>\n<p><strong>Aktivit\u00e4ten<\/strong><\/p>\n<p>Tennis | Fahrradverleih | Surfen | Innenschwimmbad | Sauna | Whirlpool |Fitnessstudio<\/p>\n<p><a href=\"https:\/\/www.booking.com\/holiday-parks\/region\/gb\/cornwall-county.de.html?aid=1320750\" rel=\"nofollow\">Suche Ferienparks in Cornwall <\/a><\/p>\n","protected":false},"excerpt":{"rendered":"<p>Unterkunft &#8211; Die behindertengerechten Ferienh\u00e4user von Gwel an Mor bieten den allerh\u00f6chsten Standard an betreutem Wohnen in einer Ferienwohnung. Mit derselben sorgf\u00e4ltigen Liebe zum Detail und Qualit\u00e4t wie all die anderen Ferienunterk\u00fcnfte von Gwel an Mor, wurden diese Luxuslodges so designt, dass Sie den Bed\u00fcrfnissen von Menschen mit Behinderungen oder eingeschr\u00e4nkter Beweglichkeit entgegenkommen. G\u00e4ste werden [&hellip;]<\/p>\n","protected":false},"author":1,"featured_media":0,"parent":0,"menu_order":0,"comment_status":"closed","ping_status":"closed","template":"single-two.php","meta":[],"acf":[],"yoast_head":"<!-- This site is optimized with the Yoast SEO plugin v19.4 - https:\/\/yoast.com\/wordpress\/plugins\/seo\/ -->\n<title>Barrierefrei Ferienh\u00e4user Cornwall \u2013 betreutes Wohnen f\u00fcr 6 Personen - Urlaub &amp; Reisen<\/title>\n<meta name=\"robots\" content=\"index, follow, max-snippet:-1, max-image-preview:large, max-video-preview:-1\" \/>\n<link rel=\"canonical\" href=\"https:\/\/www.urlaubcornwall.de\/blog\/behindertengerechte-ferienunterkunft-cornwall-betreutes-wohnen-fuer-6-personen\/\" \/>\n<meta property=\"og:locale\" content=\"en_US\" \/>\n<meta property=\"og:type\" content=\"article\" \/>\n<meta property=\"og:title\" content=\"Barrierefrei Ferienh\u00e4user Cornwall \u2013 betreutes Wohnen f\u00fcr 6 Personen - Urlaub &amp; Reisen\" \/>\n<meta property=\"og:description\" content=\"Unterkunft &#8211; Die behindertengerechten Ferienh\u00e4user von Gwel an Mor bieten den allerh\u00f6chsten Standard an betreutem Wohnen in einer Ferienwohnung. Mit derselben sorgf\u00e4ltigen Liebe zum Detail und Qualit\u00e4t wie all die anderen Ferienunterk\u00fcnfte von Gwel an Mor, wurden diese Luxuslodges so designt, dass Sie den Bed\u00fcrfnissen von Menschen mit Behinderungen oder eingeschr\u00e4nkter Beweglichkeit entgegenkommen. G\u00e4ste werden [&hellip;]\" \/>\n<meta property=\"og:url\" content=\"https:\/\/www.urlaubcornwall.de\/blog\/behindertengerechte-ferienunterkunft-cornwall-betreutes-wohnen-fuer-6-personen\/\" \/>\n<meta property=\"og:site_name\" content=\"Urlaub &amp; Reisen\" \/>\n<meta property=\"article:modified_time\" content=\"2022-11-28T13:42:23+00:00\" \/>\n<meta name=\"twitter:card\" content=\"summary\" \/>\n<meta name=\"twitter:label1\" content=\"Est. reading time\" \/>\n\t<meta name=\"twitter:data1\" content=\"2 minutes\" \/>\n<script type=\"application\/ld+json\" class=\"yoast-schema-graph\">{\"@context\":\"https:\/\/schema.org\",\"@graph\":[{\"@type\":\"WebSite\",\"@id\":\"https:\/\/www.urlaubcornwall.de\/blog\/#website\",\"url\":\"https:\/\/www.urlaubcornwall.de\/blog\/\",\"name\":\"Urlaub &amp; Reisen\",\"description\":\"Urlaub, Reisen, Cornwall und S\u00fcdengland: eine perfekte Kombination\",\"potentialAction\":[{\"@type\":\"SearchAction\",\"target\":{\"@type\":\"EntryPoint\",\"urlTemplate\":\"https:\/\/www.urlaubcornwall.de\/blog\/?s={search_term_string}\"},\"query-input\":\"required name=search_term_string\"}],\"inLanguage\":\"en-US\"},{\"@type\":\"WebPage\",\"@id\":\"https:\/\/www.urlaubcornwall.de\/blog\/behindertengerechte-ferienunterkunft-cornwall-betreutes-wohnen-fuer-6-personen\/\",\"url\":\"https:\/\/www.urlaubcornwall.de\/blog\/behindertengerechte-ferienunterkunft-cornwall-betreutes-wohnen-fuer-6-personen\/\",\"name\":\"Barrierefrei Ferienh\u00e4user Cornwall \u2013 betreutes Wohnen f\u00fcr 6 Personen - Urlaub &amp; Reisen\",\"isPartOf\":{\"@id\":\"https:\/\/www.urlaubcornwall.de\/blog\/#website\"},\"datePublished\":\"2015-04-03T13:00:18+00:00\",\"dateModified\":\"2022-11-28T13:42:23+00:00\",\"breadcrumb\":{\"@id\":\"https:\/\/www.urlaubcornwall.de\/blog\/behindertengerechte-ferienunterkunft-cornwall-betreutes-wohnen-fuer-6-personen\/#breadcrumb\"},\"inLanguage\":\"en-US\",\"potentialAction\":[{\"@type\":\"ReadAction\",\"target\":[\"https:\/\/www.urlaubcornwall.de\/blog\/behindertengerechte-ferienunterkunft-cornwall-betreutes-wohnen-fuer-6-personen\/\"]}]},{\"@type\":\"BreadcrumbList\",\"@id\":\"https:\/\/www.urlaubcornwall.de\/blog\/behindertengerechte-ferienunterkunft-cornwall-betreutes-wohnen-fuer-6-personen\/#breadcrumb\",\"itemListElement\":[{\"@type\":\"ListItem\",\"position\":1,\"name\":\"Home\",\"item\":\"https:\/\/www.urlaubcornwall.de\/blog\/\"},{\"@type\":\"ListItem\",\"position\":2,\"name\":\"Barrierefrei Ferienh\u00e4user Cornwall \u2013 betreutes Wohnen f\u00fcr 6 Personen\"}]}]}<\/script>\n<!-- \/ Yoast SEO plugin. -->","yoast_head_json":{"title":"Barrierefrei Ferienh\u00e4user Cornwall \u2013 betreutes Wohnen f\u00fcr 6 Personen - Urlaub &amp; Reisen","robots":{"index":"index","follow":"follow","max-snippet":"max-snippet:-1","max-image-preview":"max-image-preview:large","max-video-preview":"max-video-preview:-1"},"canonical":"https:\/\/www.urlaubcornwall.de\/blog\/behindertengerechte-ferienunterkunft-cornwall-betreutes-wohnen-fuer-6-personen\/","og_locale":"en_US","og_type":"article","og_title":"Barrierefrei Ferienh\u00e4user Cornwall \u2013 betreutes Wohnen f\u00fcr 6 Personen - Urlaub &amp; Reisen","og_description":"Unterkunft &#8211; Die behindertengerechten Ferienh\u00e4user von Gwel an Mor bieten den allerh\u00f6chsten Standard an betreutem Wohnen in einer Ferienwohnung. Mit derselben sorgf\u00e4ltigen Liebe zum Detail und Qualit\u00e4t wie all die anderen Ferienunterk\u00fcnfte von Gwel an Mor, wurden diese Luxuslodges so designt, dass Sie den Bed\u00fcrfnissen von Menschen mit Behinderungen oder eingeschr\u00e4nkter Beweglichkeit entgegenkommen. G\u00e4ste werden [&hellip;]","og_url":"https:\/\/www.urlaubcornwall.de\/blog\/behindertengerechte-ferienunterkunft-cornwall-betreutes-wohnen-fuer-6-personen\/","og_site_name":"Urlaub &amp; Reisen","article_modified_time":"2022-11-28T13:42:23+00:00","twitter_card":"summary","twitter_misc":{"Est. reading time":"2 minutes"},"schema":{"@context":"https:\/\/schema.org","@graph":[{"@type":"WebSite","@id":"https:\/\/www.urlaubcornwall.de\/blog\/#website","url":"https:\/\/www.urlaubcornwall.de\/blog\/","name":"Urlaub &amp; Reisen","description":"Urlaub, Reisen, Cornwall und S\u00fcdengland: eine perfekte Kombination","potentialAction":[{"@type":"SearchAction","target":{"@type":"EntryPoint","urlTemplate":"https:\/\/www.urlaubcornwall.de\/blog\/?s={search_term_string}"},"query-input":"required name=search_term_string"}],"inLanguage":"en-US"},{"@type":"WebPage","@id":"https:\/\/www.urlaubcornwall.de\/blog\/behindertengerechte-ferienunterkunft-cornwall-betreutes-wohnen-fuer-6-personen\/","url":"https:\/\/www.urlaubcornwall.de\/blog\/behindertengerechte-ferienunterkunft-cornwall-betreutes-wohnen-fuer-6-personen\/","name":"Barrierefrei Ferienh\u00e4user Cornwall \u2013 betreutes Wohnen f\u00fcr 6 Personen - Urlaub &amp; Reisen","isPartOf":{"@id":"https:\/\/www.urlaubcornwall.de\/blog\/#website"},"datePublished":"2015-04-03T13:00:18+00:00","dateModified":"2022-11-28T13:42:23+00:00","breadcrumb":{"@id":"https:\/\/www.urlaubcornwall.de\/blog\/behindertengerechte-ferienunterkunft-cornwall-betreutes-wohnen-fuer-6-personen\/#breadcrumb"},"inLanguage":"en-US","potentialAction":[{"@type":"ReadAction","target":["https:\/\/www.urlaubcornwall.de\/blog\/behindertengerechte-ferienunterkunft-cornwall-betreutes-wohnen-fuer-6-personen\/"]}]},{"@type":"BreadcrumbList","@id":"https:\/\/www.urlaubcornwall.de\/blog\/behindertengerechte-ferienunterkunft-cornwall-betreutes-wohnen-fuer-6-personen\/#breadcrumb","itemListElement":[{"@type":"ListItem","position":1,"name":"Home","item":"https:\/\/www.urlaubcornwall.de\/blog\/"},{"@type":"ListItem","position":2,"name":"Barrierefrei Ferienh\u00e4user Cornwall \u2013 betreutes Wohnen f\u00fcr 6 Personen"}]}]}},"_links":{"self":[{"href":"https:\/\/www.urlaubcornwall.de\/blog\/wp-json\/wp\/v2\/pages\/18782"}],"collection":[{"href":"https:\/\/www.urlaubcornwall.de\/blog\/wp-json\/wp\/v2\/pages"}],"about":[{"href":"https:\/\/www.urlaubcornwall.de\/blog\/wp-json\/wp\/v2\/types\/page"}],"author":[{"embeddable":true,"href":"https:\/\/www.urlaubcornwall.de\/blog\/wp-json\/wp\/v2\/users\/1"}],"replies":[{"embeddable":true,"href":"https:\/\/www.urlaubcornwall.de\/blog\/wp-json\/wp\/v2\/comments?post=18782"}],"version-history":[{"count":23,"href":"https:\/\/www.urlaubcornwall.de\/blog\/wp-json\/wp\/v2\/pages\/18782\/revisions"}],"predecessor-version":[{"id":45468,"href":"https:\/\/www.urlaubcornwall.de\/blog\/wp-json\/wp\/v2\/pages\/18782\/revisions\/45468"}],"wp:attachment":[{"href":"https:\/\/www.urlaubcornwall.de\/blog\/wp-json\/wp\/v2\/media?parent=18782"}],"curies":[{"name":"wp","href":"https:\/\/api.w.org\/{rel}","templated":true}]}}