{"id":18753,"date":"2015-04-02T12:29:47","date_gmt":"2015-04-02T12:29:47","guid":{"rendered":"https:\/\/www.urlaubcornwall.de\/blog\/?page_id=18753"},"modified":"2022-11-28T12:23:08","modified_gmt":"2022-11-28T12:23:08","slug":"tregea-lodges-fuer-bis-zu-6-personen-ferienanlage-cornwall-am-meer","status":"publish","type":"page","link":"https:\/\/www.urlaubcornwall.de\/blog\/tregea-lodges-fuer-bis-zu-6-personen-ferienanlage-cornwall-am-meer\/","title":{"rendered":"Tregea Lodges- f\u00fcr bis zu 6 Personen-Ferienanlage Cornwall am Meer"},"content":{"rendered":"<p><strong>Unterkunft<\/strong><\/p>\n<p>Cornwall ist eine hei\u00dfe Spur, was umweltfreundlichen Urlaub betrifft, und die Tregea Lodge der 5-Sterne Ferienanlage ist ein brillantes Beispiel daf\u00fcr, was kommen wird.<\/p>\n<p>Mit seinen warmen Holzt\u00f6nen, die sich harmonisch in die nat\u00fcrliche Umgebung einf\u00fcgen, ist dieses Ferienhaus ein Meisterwerk an Design mit inspirierendem Blick \u00fcber die cornische K\u00fcste und das Meer vom h\u00f6lzernen Balkon aus. Die Tregea Lodge ist freistehend und verf\u00fcgt \u00fcber hervorragende Zwillingsschlafzimmer, die sich ein Hauptbadezimmer teilen, wie auch ein eindrucksvolles Hauptschlafzimmer mit en-Suite.<\/p>\n<p>Jedes Haus hat seine eigene Sonnenterrasse, wo Sie eine Mahlzeit im Freien genie\u00dfen k\u00f6nnen. Es kann ein H\u00f6hepunkt eines Selbstversorgerurlaubs sein, Ihre eigene Mahlzeit zuzubereiten und in herrlich wundersch\u00f6ner neuer Lage mit der Familie zu teilen. Cornwall ist reich an frischen \u00f6rtlichen Produkten und Meeresfr\u00fcchten. Daher wird es Ihnen Freude bereiten, Ihre Zutaten ganz in der N\u00e4he einzukaufen.<\/p>\n<p>Im Innern ist das Ferienhaus wundersch\u00f6n eingerichtet mit zeitgen\u00f6ssischen M\u00f6beln und Ausstattung von hoher Qualit\u00e4t. Mit Flachbildfernsehschirm, Freeview-Kan\u00e4len, Breitband (WiFi, sowie drahtverbunden), ist dies wahrhaft cornischer <a href=\"https:\/\/www.booking.com\/holiday-parks\/region\/gb\/cornwall-county.de.html?aid=1320750\" target=\"_blank\" rel=\"nofollow noopener\">Selbstversorgerurlaub<\/a> vom Besten.<\/p>\n<p><a href=\"\"https:\/\/www.booking.com\/holiday-parks\/region\/gb\/cornwall-county.de.html?aid=1320750\" rel=\"nofollow\">Suche Ferienparks in Cornwall <\/a><\/p>\n<p><strong>Ausstattung &amp; Dienstleistungen<\/strong><\/p>\n<p>Bettw\u00e4sche und Handt\u00fccher inbegriffen<br \/>\nBrennstoff und Strom inbegriffen<br \/>\nParken<br \/>\nSatellitenfernsehen<br \/>\nDVD<br \/>\nkostenfreies ultraschnelles WLAN<br \/>\nVoll ausgestattete K\u00fcche<br \/>\nHerd<br \/>\nK\u00fchlschrank\/Gefrierschrank<br \/>\nSp\u00fclmaschine<br \/>\nMikrowelle<br \/>\nVeranda<br \/>\nBBQ<\/p>\n<p><strong>Aktivit\u00e4ten<\/strong><\/p>\n<p>Tennis<br \/>\nFahrradverleih<br \/>\nSurfen<br \/>\nInnenschwimmbad<br \/>\nSauna<br \/>\nWhirlpool<br \/>\nFitnessstudio<br \/>\n10 min\u00fctiger Spaziergang zum Sandstrand<\/p>\n<p><a href=\"https:\/\/www.booking.com\/holiday-parks\/region\/gb\/cornwall-county.de.html?aid=1320750\" rel=\"nofollow\">Suche Ferienparks in Cornwall <\/a><\/p>\n","protected":false},"excerpt":{"rendered":"<p>Unterkunft Cornwall ist eine hei\u00dfe Spur, was umweltfreundlichen Urlaub betrifft, und die Tregea Lodge der 5-Sterne Ferienanlage ist ein brillantes Beispiel daf\u00fcr, was kommen wird. Mit seinen warmen Holzt\u00f6nen, die sich harmonisch in die nat\u00fcrliche Umgebung einf\u00fcgen, ist dieses Ferienhaus ein Meisterwerk an Design mit inspirierendem Blick \u00fcber die cornische K\u00fcste und das Meer vom [&hellip;]<\/p>\n","protected":false},"author":1,"featured_media":0,"parent":0,"menu_order":0,"comment_status":"closed","ping_status":"closed","template":"single-two.php","meta":[],"acf":[],"yoast_head":"<!-- This site is optimized with the Yoast SEO plugin v19.4 - https:\/\/yoast.com\/wordpress\/plugins\/seo\/ -->\n<title>Tregea Lodges- f\u00fcr bis zu 6 Personen-Ferienanlage Cornwall am Meer - Urlaub &amp; Reisen<\/title>\n<meta name=\"robots\" content=\"index, follow, max-snippet:-1, max-image-preview:large, max-video-preview:-1\" \/>\n<link rel=\"canonical\" href=\"https:\/\/www.urlaubcornwall.de\/blog\/tregea-lodges-fuer-bis-zu-6-personen-ferienanlage-cornwall-am-meer\/\" \/>\n<meta property=\"og:locale\" content=\"en_US\" \/>\n<meta property=\"og:type\" content=\"article\" \/>\n<meta property=\"og:title\" content=\"Tregea Lodges- f\u00fcr bis zu 6 Personen-Ferienanlage Cornwall am Meer - Urlaub &amp; Reisen\" \/>\n<meta property=\"og:description\" content=\"Unterkunft Cornwall ist eine hei\u00dfe Spur, was umweltfreundlichen Urlaub betrifft, und die Tregea Lodge der 5-Sterne Ferienanlage ist ein brillantes Beispiel daf\u00fcr, was kommen wird. Mit seinen warmen Holzt\u00f6nen, die sich harmonisch in die nat\u00fcrliche Umgebung einf\u00fcgen, ist dieses Ferienhaus ein Meisterwerk an Design mit inspirierendem Blick \u00fcber die cornische K\u00fcste und das Meer vom [&hellip;]\" \/>\n<meta property=\"og:url\" content=\"https:\/\/www.urlaubcornwall.de\/blog\/tregea-lodges-fuer-bis-zu-6-personen-ferienanlage-cornwall-am-meer\/\" \/>\n<meta property=\"og:site_name\" content=\"Urlaub &amp; Reisen\" \/>\n<meta property=\"article:modified_time\" content=\"2022-11-28T12:23:08+00:00\" \/>\n<meta name=\"twitter:card\" content=\"summary\" \/>\n<meta name=\"twitter:label1\" content=\"Est. reading time\" \/>\n\t<meta name=\"twitter:data1\" content=\"1 minute\" \/>\n<script type=\"application\/ld+json\" class=\"yoast-schema-graph\">{\"@context\":\"https:\/\/schema.org\",\"@graph\":[{\"@type\":\"WebSite\",\"@id\":\"https:\/\/www.urlaubcornwall.de\/blog\/#website\",\"url\":\"https:\/\/www.urlaubcornwall.de\/blog\/\",\"name\":\"Urlaub &amp; Reisen\",\"description\":\"Urlaub, Reisen, Cornwall und S\u00fcdengland: eine perfekte Kombination\",\"potentialAction\":[{\"@type\":\"SearchAction\",\"target\":{\"@type\":\"EntryPoint\",\"urlTemplate\":\"https:\/\/www.urlaubcornwall.de\/blog\/?s={search_term_string}\"},\"query-input\":\"required name=search_term_string\"}],\"inLanguage\":\"en-US\"},{\"@type\":\"WebPage\",\"@id\":\"https:\/\/www.urlaubcornwall.de\/blog\/tregea-lodges-fuer-bis-zu-6-personen-ferienanlage-cornwall-am-meer\/\",\"url\":\"https:\/\/www.urlaubcornwall.de\/blog\/tregea-lodges-fuer-bis-zu-6-personen-ferienanlage-cornwall-am-meer\/\",\"name\":\"Tregea Lodges- f\u00fcr bis zu 6 Personen-Ferienanlage Cornwall am Meer - Urlaub &amp; Reisen\",\"isPartOf\":{\"@id\":\"https:\/\/www.urlaubcornwall.de\/blog\/#website\"},\"datePublished\":\"2015-04-02T12:29:47+00:00\",\"dateModified\":\"2022-11-28T12:23:08+00:00\",\"breadcrumb\":{\"@id\":\"https:\/\/www.urlaubcornwall.de\/blog\/tregea-lodges-fuer-bis-zu-6-personen-ferienanlage-cornwall-am-meer\/#breadcrumb\"},\"inLanguage\":\"en-US\",\"potentialAction\":[{\"@type\":\"ReadAction\",\"target\":[\"https:\/\/www.urlaubcornwall.de\/blog\/tregea-lodges-fuer-bis-zu-6-personen-ferienanlage-cornwall-am-meer\/\"]}]},{\"@type\":\"BreadcrumbList\",\"@id\":\"https:\/\/www.urlaubcornwall.de\/blog\/tregea-lodges-fuer-bis-zu-6-personen-ferienanlage-cornwall-am-meer\/#breadcrumb\",\"itemListElement\":[{\"@type\":\"ListItem\",\"position\":1,\"name\":\"Home\",\"item\":\"https:\/\/www.urlaubcornwall.de\/blog\/\"},{\"@type\":\"ListItem\",\"position\":2,\"name\":\"Tregea Lodges- f\u00fcr bis zu 6 Personen-Ferienanlage Cornwall am Meer\"}]}]}<\/script>\n<!-- \/ Yoast SEO plugin. -->","yoast_head_json":{"title":"Tregea Lodges- f\u00fcr bis zu 6 Personen-Ferienanlage Cornwall am Meer - Urlaub &amp; Reisen","robots":{"index":"index","follow":"follow","max-snippet":"max-snippet:-1","max-image-preview":"max-image-preview:large","max-video-preview":"max-video-preview:-1"},"canonical":"https:\/\/www.urlaubcornwall.de\/blog\/tregea-lodges-fuer-bis-zu-6-personen-ferienanlage-cornwall-am-meer\/","og_locale":"en_US","og_type":"article","og_title":"Tregea Lodges- f\u00fcr bis zu 6 Personen-Ferienanlage Cornwall am Meer - Urlaub &amp; Reisen","og_description":"Unterkunft Cornwall ist eine hei\u00dfe Spur, was umweltfreundlichen Urlaub betrifft, und die Tregea Lodge der 5-Sterne Ferienanlage ist ein brillantes Beispiel daf\u00fcr, was kommen wird. Mit seinen warmen Holzt\u00f6nen, die sich harmonisch in die nat\u00fcrliche Umgebung einf\u00fcgen, ist dieses Ferienhaus ein Meisterwerk an Design mit inspirierendem Blick \u00fcber die cornische K\u00fcste und das Meer vom [&hellip;]","og_url":"https:\/\/www.urlaubcornwall.de\/blog\/tregea-lodges-fuer-bis-zu-6-personen-ferienanlage-cornwall-am-meer\/","og_site_name":"Urlaub &amp; Reisen","article_modified_time":"2022-11-28T12:23:08+00:00","twitter_card":"summary","twitter_misc":{"Est. reading time":"1 minute"},"schema":{"@context":"https:\/\/schema.org","@graph":[{"@type":"WebSite","@id":"https:\/\/www.urlaubcornwall.de\/blog\/#website","url":"https:\/\/www.urlaubcornwall.de\/blog\/","name":"Urlaub &amp; Reisen","description":"Urlaub, Reisen, Cornwall und S\u00fcdengland: eine perfekte Kombination","potentialAction":[{"@type":"SearchAction","target":{"@type":"EntryPoint","urlTemplate":"https:\/\/www.urlaubcornwall.de\/blog\/?s={search_term_string}"},"query-input":"required name=search_term_string"}],"inLanguage":"en-US"},{"@type":"WebPage","@id":"https:\/\/www.urlaubcornwall.de\/blog\/tregea-lodges-fuer-bis-zu-6-personen-ferienanlage-cornwall-am-meer\/","url":"https:\/\/www.urlaubcornwall.de\/blog\/tregea-lodges-fuer-bis-zu-6-personen-ferienanlage-cornwall-am-meer\/","name":"Tregea Lodges- f\u00fcr bis zu 6 Personen-Ferienanlage Cornwall am Meer - Urlaub &amp; Reisen","isPartOf":{"@id":"https:\/\/www.urlaubcornwall.de\/blog\/#website"},"datePublished":"2015-04-02T12:29:47+00:00","dateModified":"2022-11-28T12:23:08+00:00","breadcrumb":{"@id":"https:\/\/www.urlaubcornwall.de\/blog\/tregea-lodges-fuer-bis-zu-6-personen-ferienanlage-cornwall-am-meer\/#breadcrumb"},"inLanguage":"en-US","potentialAction":[{"@type":"ReadAction","target":["https:\/\/www.urlaubcornwall.de\/blog\/tregea-lodges-fuer-bis-zu-6-personen-ferienanlage-cornwall-am-meer\/"]}]},{"@type":"BreadcrumbList","@id":"https:\/\/www.urlaubcornwall.de\/blog\/tregea-lodges-fuer-bis-zu-6-personen-ferienanlage-cornwall-am-meer\/#breadcrumb","itemListElement":[{"@type":"ListItem","position":1,"name":"Home","item":"https:\/\/www.urlaubcornwall.de\/blog\/"},{"@type":"ListItem","position":2,"name":"Tregea Lodges- f\u00fcr bis zu 6 Personen-Ferienanlage Cornwall am Meer"}]}]}},"_links":{"self":[{"href":"https:\/\/www.urlaubcornwall.de\/blog\/wp-json\/wp\/v2\/pages\/18753"}],"collection":[{"href":"https:\/\/www.urlaubcornwall.de\/blog\/wp-json\/wp\/v2\/pages"}],"about":[{"href":"https:\/\/www.urlaubcornwall.de\/blog\/wp-json\/wp\/v2\/types\/page"}],"author":[{"embeddable":true,"href":"https:\/\/www.urlaubcornwall.de\/blog\/wp-json\/wp\/v2\/users\/1"}],"replies":[{"embeddable":true,"href":"https:\/\/www.urlaubcornwall.de\/blog\/wp-json\/wp\/v2\/comments?post=18753"}],"version-history":[{"count":18,"href":"https:\/\/www.urlaubcornwall.de\/blog\/wp-json\/wp\/v2\/pages\/18753\/revisions"}],"predecessor-version":[{"id":45460,"href":"https:\/\/www.urlaubcornwall.de\/blog\/wp-json\/wp\/v2\/pages\/18753\/revisions\/45460"}],"wp:attachment":[{"href":"https:\/\/www.urlaubcornwall.de\/blog\/wp-json\/wp\/v2\/media?parent=18753"}],"curies":[{"name":"wp","href":"https:\/\/api.w.org\/{rel}","templated":true}]}}