{"id":18734,"date":"2015-04-02T12:17:17","date_gmt":"2015-04-02T12:17:17","guid":{"rendered":"https:\/\/www.urlaubcornwall.de\/blog\/?page_id=18734"},"modified":"2022-11-28T12:24:03","modified_gmt":"2022-11-28T12:24:03","slug":"lowena-lodges-fuer-4-oder-5-personen-ferienpark-cornwall-am-meer","status":"publish","type":"page","link":"https:\/\/www.urlaubcornwall.de\/blog\/lowena-lodges-fuer-4-oder-5-personen-ferienpark-cornwall-am-meer\/","title":{"rendered":"Lowena Lodges f\u00fcr 4 oder 5 Personen-Ferienpark Cornwall am Meer"},"content":{"rendered":"<p><strong>Unterkunft<\/strong> &#8211; Cornwall war immer schon ein beliebtes Ziel f\u00fcr <a title=\"Ein Ferienpark in Cornwall\" href=\"http:\/\/www.urlaubcornwall.de\/ferienparks-und-ferienanlage\/cornwall.php\">Selbstversorgerurlaub<\/a>, doch nun k\u00f6nnen Sie wahrhaft stilvoll residieren. Sie werden diese herrliche Urlaubsunterkunft lieben und kaum glauben, dass dies das g\u00fcnstigste Ferienhaus ist.<\/p>\n<p>Der Grund, weshalb es g\u00fcnstiger ist, liegt daran, dass es etwas kleiner ist als die anderen <a href=\"https:\/\/www.urlaubcornwall.de\/ferienhaeuser-fewos\/cornwall.html\">Ferienh\u00e4user<\/a>, doch ist es noch immer der letzte Schrei an Luxus. Absolut kein Kompromiss wird gemacht bez\u00fcglich des Standards hoher Qualit\u00e4t, die Landal Gwel an Mor auszeichnet.<\/p>\n<p>Diese attraktiven Ferienh\u00e4user sind Reihenh\u00e4user oder Doppelhaush\u00e4lften mit luftigem gro\u00dfem Hauptschlafzimmer mit \u00fcbergro\u00dfem Bett und einem en-Suite \u2013Badezimmer. Dieses \u00f6ffnet sich hin zum eigenen Wohnbereich, wo Sie die Wahl haben zwischen Sofabett oder Kinderbett. Das Chalet hat au\u00dferdem ein weiteres Zwillingsschlafzimmer und ein Hauptbadezimmer.<\/p>\n<p>Der lichte und luftige Wohnbereich der Chalets ist ausgestattet mit zeitgen\u00f6ssischer Designereinrichtung. Sie werden es einfach lieben, sich zur\u00fcckzulehnen und auf den gem\u00fctlichen Sofas zu entspannen, mit Blick \u00fcber die herrliche cornische Landschaft bis hin zum Meer.<\/p>\n<p>Selbstverst\u00e4ndlich werden Sie alles hier finden, was Sie von Gwel an Mor erwarten \u2013 Breitband-Internetzugang (sowohl WiFi wie auch drahtverbunden), Flachbildfernsehschirm, eine h\u00fcbsche K\u00fcche, ausgestattet mit allem, was Sie sich m\u00f6glicherweise w\u00fcnschen k\u00f6nnten, bis hin zur Knoblauchpresse.<\/p>\n<p><a href=\"https:\/\/www.booking.com\/holiday-parks\/region\/gb\/cornwall-county.de.html?aid=1320750\" rel=\"nofollow\">Suche Ferienparks in Cornwall <\/a><\/p>\n<p><strong>Ausstattung &amp; Dienstleistungen<\/strong><\/p>\n<p>Bettw\u00e4sche und Handt\u00fccher inbegriffen | Brennstoff und Strom inbegriffen | Parken<\/p>\n<p>Satellitenfernsehen | DVD | kostenfreies ultraschnelles WLAN<\/p>\n<p>Voll ausgestattete K\u00fcche | Herd | K\u00fchlschrank\/Gefrierschrank<\/p>\n<p>Sp\u00fclmaschine | Mikrowelle | Veranda | BBQ<\/p>\n<p><strong>Aktivit\u00e4ten<\/strong><\/p>\n<p>Tennis | Fahrradverleih | Surfen | Innenschwimmbad | Sauna | Whirlpool | Fitnessstudio<\/p>\n<p>10 min\u00fctiger Spaziergang zum Sandstrand<\/p>\n<p><a href=\"https:\/\/www.booking.com\/holiday-parks\/region\/gb\/cornwall-county.de.html?aid=1320750\" rel=\"nofollow\">Suche Ferienparks in Cornwall <\/a><\/p>\n","protected":false},"excerpt":{"rendered":"<p>Unterkunft &#8211; Cornwall war immer schon ein beliebtes Ziel f\u00fcr Selbstversorgerurlaub, doch nun k\u00f6nnen Sie wahrhaft stilvoll residieren. Sie werden diese herrliche Urlaubsunterkunft lieben und kaum glauben, dass dies das g\u00fcnstigste Ferienhaus ist. Der Grund, weshalb es g\u00fcnstiger ist, liegt daran, dass es etwas kleiner ist als die anderen Ferienh\u00e4user, doch ist es noch immer [&hellip;]<\/p>\n","protected":false},"author":1,"featured_media":0,"parent":0,"menu_order":0,"comment_status":"closed","ping_status":"closed","template":"single-two.php","meta":[],"acf":[],"yoast_head":"<!-- This site is optimized with the Yoast SEO plugin v19.4 - https:\/\/yoast.com\/wordpress\/plugins\/seo\/ -->\n<title>Lowena Lodges f\u00fcr 4 oder 5 Personen-Ferienpark Cornwall am Meer - Urlaub &amp; Reisen<\/title>\n<meta name=\"robots\" content=\"index, follow, max-snippet:-1, max-image-preview:large, max-video-preview:-1\" \/>\n<link rel=\"canonical\" href=\"https:\/\/www.urlaubcornwall.de\/blog\/lowena-lodges-fuer-4-oder-5-personen-ferienpark-cornwall-am-meer\/\" \/>\n<meta property=\"og:locale\" content=\"en_US\" \/>\n<meta property=\"og:type\" content=\"article\" \/>\n<meta property=\"og:title\" content=\"Lowena Lodges f\u00fcr 4 oder 5 Personen-Ferienpark Cornwall am Meer - Urlaub &amp; Reisen\" \/>\n<meta property=\"og:description\" content=\"Unterkunft &#8211; Cornwall war immer schon ein beliebtes Ziel f\u00fcr Selbstversorgerurlaub, doch nun k\u00f6nnen Sie wahrhaft stilvoll residieren. Sie werden diese herrliche Urlaubsunterkunft lieben und kaum glauben, dass dies das g\u00fcnstigste Ferienhaus ist. Der Grund, weshalb es g\u00fcnstiger ist, liegt daran, dass es etwas kleiner ist als die anderen Ferienh\u00e4user, doch ist es noch immer [&hellip;]\" \/>\n<meta property=\"og:url\" content=\"https:\/\/www.urlaubcornwall.de\/blog\/lowena-lodges-fuer-4-oder-5-personen-ferienpark-cornwall-am-meer\/\" \/>\n<meta property=\"og:site_name\" content=\"Urlaub &amp; Reisen\" \/>\n<meta property=\"article:modified_time\" content=\"2022-11-28T12:24:03+00:00\" \/>\n<meta name=\"twitter:card\" content=\"summary\" \/>\n<meta name=\"twitter:label1\" content=\"Est. reading time\" \/>\n\t<meta name=\"twitter:data1\" content=\"2 minutes\" \/>\n<script type=\"application\/ld+json\" class=\"yoast-schema-graph\">{\"@context\":\"https:\/\/schema.org\",\"@graph\":[{\"@type\":\"WebSite\",\"@id\":\"https:\/\/www.urlaubcornwall.de\/blog\/#website\",\"url\":\"https:\/\/www.urlaubcornwall.de\/blog\/\",\"name\":\"Urlaub &amp; Reisen\",\"description\":\"Urlaub, Reisen, Cornwall und S\u00fcdengland: eine perfekte Kombination\",\"potentialAction\":[{\"@type\":\"SearchAction\",\"target\":{\"@type\":\"EntryPoint\",\"urlTemplate\":\"https:\/\/www.urlaubcornwall.de\/blog\/?s={search_term_string}\"},\"query-input\":\"required name=search_term_string\"}],\"inLanguage\":\"en-US\"},{\"@type\":\"WebPage\",\"@id\":\"https:\/\/www.urlaubcornwall.de\/blog\/lowena-lodges-fuer-4-oder-5-personen-ferienpark-cornwall-am-meer\/\",\"url\":\"https:\/\/www.urlaubcornwall.de\/blog\/lowena-lodges-fuer-4-oder-5-personen-ferienpark-cornwall-am-meer\/\",\"name\":\"Lowena Lodges f\u00fcr 4 oder 5 Personen-Ferienpark Cornwall am Meer - Urlaub &amp; Reisen\",\"isPartOf\":{\"@id\":\"https:\/\/www.urlaubcornwall.de\/blog\/#website\"},\"datePublished\":\"2015-04-02T12:17:17+00:00\",\"dateModified\":\"2022-11-28T12:24:03+00:00\",\"breadcrumb\":{\"@id\":\"https:\/\/www.urlaubcornwall.de\/blog\/lowena-lodges-fuer-4-oder-5-personen-ferienpark-cornwall-am-meer\/#breadcrumb\"},\"inLanguage\":\"en-US\",\"potentialAction\":[{\"@type\":\"ReadAction\",\"target\":[\"https:\/\/www.urlaubcornwall.de\/blog\/lowena-lodges-fuer-4-oder-5-personen-ferienpark-cornwall-am-meer\/\"]}]},{\"@type\":\"BreadcrumbList\",\"@id\":\"https:\/\/www.urlaubcornwall.de\/blog\/lowena-lodges-fuer-4-oder-5-personen-ferienpark-cornwall-am-meer\/#breadcrumb\",\"itemListElement\":[{\"@type\":\"ListItem\",\"position\":1,\"name\":\"Home\",\"item\":\"https:\/\/www.urlaubcornwall.de\/blog\/\"},{\"@type\":\"ListItem\",\"position\":2,\"name\":\"Lowena Lodges f\u00fcr 4 oder 5 Personen-Ferienpark Cornwall am Meer\"}]}]}<\/script>\n<!-- \/ Yoast SEO plugin. -->","yoast_head_json":{"title":"Lowena Lodges f\u00fcr 4 oder 5 Personen-Ferienpark Cornwall am Meer - Urlaub &amp; Reisen","robots":{"index":"index","follow":"follow","max-snippet":"max-snippet:-1","max-image-preview":"max-image-preview:large","max-video-preview":"max-video-preview:-1"},"canonical":"https:\/\/www.urlaubcornwall.de\/blog\/lowena-lodges-fuer-4-oder-5-personen-ferienpark-cornwall-am-meer\/","og_locale":"en_US","og_type":"article","og_title":"Lowena Lodges f\u00fcr 4 oder 5 Personen-Ferienpark Cornwall am Meer - Urlaub &amp; Reisen","og_description":"Unterkunft &#8211; Cornwall war immer schon ein beliebtes Ziel f\u00fcr Selbstversorgerurlaub, doch nun k\u00f6nnen Sie wahrhaft stilvoll residieren. Sie werden diese herrliche Urlaubsunterkunft lieben und kaum glauben, dass dies das g\u00fcnstigste Ferienhaus ist. Der Grund, weshalb es g\u00fcnstiger ist, liegt daran, dass es etwas kleiner ist als die anderen Ferienh\u00e4user, doch ist es noch immer [&hellip;]","og_url":"https:\/\/www.urlaubcornwall.de\/blog\/lowena-lodges-fuer-4-oder-5-personen-ferienpark-cornwall-am-meer\/","og_site_name":"Urlaub &amp; Reisen","article_modified_time":"2022-11-28T12:24:03+00:00","twitter_card":"summary","twitter_misc":{"Est. reading time":"2 minutes"},"schema":{"@context":"https:\/\/schema.org","@graph":[{"@type":"WebSite","@id":"https:\/\/www.urlaubcornwall.de\/blog\/#website","url":"https:\/\/www.urlaubcornwall.de\/blog\/","name":"Urlaub &amp; Reisen","description":"Urlaub, Reisen, Cornwall und S\u00fcdengland: eine perfekte Kombination","potentialAction":[{"@type":"SearchAction","target":{"@type":"EntryPoint","urlTemplate":"https:\/\/www.urlaubcornwall.de\/blog\/?s={search_term_string}"},"query-input":"required name=search_term_string"}],"inLanguage":"en-US"},{"@type":"WebPage","@id":"https:\/\/www.urlaubcornwall.de\/blog\/lowena-lodges-fuer-4-oder-5-personen-ferienpark-cornwall-am-meer\/","url":"https:\/\/www.urlaubcornwall.de\/blog\/lowena-lodges-fuer-4-oder-5-personen-ferienpark-cornwall-am-meer\/","name":"Lowena Lodges f\u00fcr 4 oder 5 Personen-Ferienpark Cornwall am Meer - Urlaub &amp; Reisen","isPartOf":{"@id":"https:\/\/www.urlaubcornwall.de\/blog\/#website"},"datePublished":"2015-04-02T12:17:17+00:00","dateModified":"2022-11-28T12:24:03+00:00","breadcrumb":{"@id":"https:\/\/www.urlaubcornwall.de\/blog\/lowena-lodges-fuer-4-oder-5-personen-ferienpark-cornwall-am-meer\/#breadcrumb"},"inLanguage":"en-US","potentialAction":[{"@type":"ReadAction","target":["https:\/\/www.urlaubcornwall.de\/blog\/lowena-lodges-fuer-4-oder-5-personen-ferienpark-cornwall-am-meer\/"]}]},{"@type":"BreadcrumbList","@id":"https:\/\/www.urlaubcornwall.de\/blog\/lowena-lodges-fuer-4-oder-5-personen-ferienpark-cornwall-am-meer\/#breadcrumb","itemListElement":[{"@type":"ListItem","position":1,"name":"Home","item":"https:\/\/www.urlaubcornwall.de\/blog\/"},{"@type":"ListItem","position":2,"name":"Lowena Lodges f\u00fcr 4 oder 5 Personen-Ferienpark Cornwall am Meer"}]}]}},"_links":{"self":[{"href":"https:\/\/www.urlaubcornwall.de\/blog\/wp-json\/wp\/v2\/pages\/18734"}],"collection":[{"href":"https:\/\/www.urlaubcornwall.de\/blog\/wp-json\/wp\/v2\/pages"}],"about":[{"href":"https:\/\/www.urlaubcornwall.de\/blog\/wp-json\/wp\/v2\/types\/page"}],"author":[{"embeddable":true,"href":"https:\/\/www.urlaubcornwall.de\/blog\/wp-json\/wp\/v2\/users\/1"}],"replies":[{"embeddable":true,"href":"https:\/\/www.urlaubcornwall.de\/blog\/wp-json\/wp\/v2\/comments?post=18734"}],"version-history":[{"count":25,"href":"https:\/\/www.urlaubcornwall.de\/blog\/wp-json\/wp\/v2\/pages\/18734\/revisions"}],"predecessor-version":[{"id":45463,"href":"https:\/\/www.urlaubcornwall.de\/blog\/wp-json\/wp\/v2\/pages\/18734\/revisions\/45463"}],"wp:attachment":[{"href":"https:\/\/www.urlaubcornwall.de\/blog\/wp-json\/wp\/v2\/media?parent=18734"}],"curies":[{"name":"wp","href":"https:\/\/api.w.org\/{rel}","templated":true}]}}