{"id":18665,"date":"2015-03-24T10:28:20","date_gmt":"2015-03-24T10:28:20","guid":{"rendered":"https:\/\/www.urlaubcornwall.de\/blog\/?page_id=18665"},"modified":"2020-07-03T13:14:03","modified_gmt":"2020-07-03T13:14:03","slug":"beliebte-urlaubsorte-ferienhaeuser-und-ferienwohnungen-sussex","status":"publish","type":"page","link":"https:\/\/www.urlaubcornwall.de\/blog\/beliebte-urlaubsorte-ferienhaeuser-und-ferienwohnungen-sussex\/","title":{"rendered":"Beliebte Urlaubsorte &#8211; Ferienh\u00e4user und Ferienwohnungen Sussex"},"content":{"rendered":"<p><img loading=\"lazy\" class=\"aligncenter size-full wp-image-38137\" src=\"https:\/\/www.urlaubcornwall.de\/blog\/wp-content\/uploads\/2019\/04\/Charmante-D\u00f6rfer-cornwall.jpg\" alt=\"Charmante Ferienhaus sussex\" width=\"749\" height=\"498\"\/><\/p>\n<p><strong>Bei uns finden Sie Ferienh\u00e4user zum Verlieben \u2013 so einfach ist das!<\/strong><\/p>\n<p>UrlaubCornwall.de hat eine einzigartige Sammlung pers\u00f6nlich inspizierter Ferienh\u00e4user und Ferienwohnungen in Sussex, <a href=\"https:\/\/www.urlaubcornwall.de\/ferienhaueser\/suedengland.php\">S\u00fcdengland<\/a> und nun auch im gesamten Gro\u00dfbritannien.<\/p>\n<p style=\"text-align: center;\"><a class=\"tidycta\" href=\"https:\/\/www.urlaubcornwall.de\/ferienhaeuser\/suedengland.php\">Suche Ferienh\u00e4user S\u00fcdengland<\/a><\/p>\n<table width=\"740\">\n<tbody>\n<tr>\n<td width=\"111\"><strong>A<\/strong><\/td>\n<td width=\"108\"><a href=\"https:\/\/www.urlaubcornwall.de\/blog\/ferienhaeuser-und-ferienwohnungen-in-chichester-west-sussex\/\">Chichester<\/a><\/td>\n<td width=\"98\"><a href=\"https:\/\/www.urlaubcornwall.de\/blog\/ferienhaeuser-und-ferienwohnungen-in-herstmonceux-east-sussex\/\">Herstmonceux<\/a><\/td>\n<td width=\"96\"><a href=\"https:\/\/www.urlaubcornwall.de\/blog\/ferienhaeuser-und-ferienwohnungen-in-newhaven-sussex-kueste\/\">Newhaven<\/a><\/td>\n<td width=\"78\"><a href=\"https:\/\/www.urlaubcornwall.de\/blog\/ferienhaeuser-und-ferienwohnungen-in-shoreham-sussex\/\">Shoreham<\/a><\/td>\n<\/tr>\n<tr>\n<td><a href=\"https:\/\/www.urlaubcornwall.de\/blog\/ferienhaeuser-und-ferienwohnungen-in-arundel\/\">Arundel<\/a><\/td>\n<td><strong>E<\/strong><\/td>\n<td><a href=\"https:\/\/www.urlaubcornwall.de\/blog\/ferienhaeuser-ferienwohnungen-horsham-suedost-england\/\">Horsham<\/a><\/td>\n<td><strong>P<\/strong><\/td>\n<td><a href=\"https:\/\/www.urlaubcornwall.de\/blog\/ferienhaeuser-und-ferienwohnungen-in-st-leonards-on-sea-sussex\/\">St Leonards<\/a><\/td>\n<\/tr>\n<tr>\n<td><strong>B<\/strong><\/td>\n<td><a href=\"https:\/\/www.urlaubcornwall.de\/blog\/ferienhaeuser-ferienwohnungen-east-grinstead-suedost-england\/\">East Grinstead<\/a><\/td>\n<td><strong>L<\/strong><\/td>\n<td><a href=\"https:\/\/www.urlaubcornwall.de\/blog\/ferienhaeuser-und-ferienwohnungen-in-petworth-und-midhurst-sussex\/\">Petworth<\/a><\/td>\n<td><a href=\"https:\/\/www.urlaubcornwall.de\/blog\/ferienhaeuser-und-ferienwohnungen-in-storrington-und-steyning-west-sussex\/\">Steyning<\/a><\/td>\n<\/tr>\n<tr>\n<td><a href=\"https:\/\/www.urlaubcornwall.de\/blog\/ferienhaeuser-und-ferienwohnungen-in-battle-east-sussex\/\">Battle<\/a><\/td>\n<td><a href=\"https:\/\/www.urlaubcornwall.de\/blog\/ferienhaeuser-und-ferienwohnungen-in-eastbourne\/\">Eastbourne<\/a><\/td>\n<td><a href=\"https:\/\/www.urlaubcornwall.de\/blog\/ferienhaeuser-und-ferienwohnungen-in-lewes-suedost-england\/\">Lewes<\/a><\/td>\n<td><strong>R<\/strong><\/td>\n<td><a href=\"https:\/\/www.urlaubcornwall.de\/blog\/ferienhaeuser-und-ferienwohnungen-in-storrington-und-steyning-west-sussex\/\">Storrington<\/a><\/td>\n<\/tr>\n<tr>\n<td><a href=\"https:\/\/www.urlaubcornwall.de\/blog\/ferienhaeuser-und-ferienwohnungen-in-bexhill\/\">Bexhill on Sea<\/a><\/td>\n<td><strong>F<\/strong><\/td>\n<td><a href=\"https:\/\/www.urlaubcornwall.de\/blog\/ferienhaeuser-und-ferienwohnungen-in-littlehampton-sussex-suedost-england\/\">Littlehampton<\/a><\/td>\n<td><a href=\"https:\/\/www.urlaubcornwall.de\/blog\/ferienhaeuser-und-ferienwohnungen-in-robertsbridge-sussex-weald\/\">Robertsbridge<\/a><\/td>\n<td><strong>U<\/strong><\/td>\n<\/tr>\n<tr>\n<td><a href=\"https:\/\/www.urlaubcornwall.de\/blog\/ferienhaeuser-und-ferienwohnungen-in-bracklesham-bay-sussex-am-meer\/\">Bracklesham Bay<\/a><\/td>\n<td><a href=\"https:\/\/www.urlaubcornwall.de\/blog\/ferienhaeuser-und-ferienwohnungen-in-forest-row-ashdwon-forest-sussex\/\">Forest Row<\/a><\/td>\n<td><strong>M<\/strong><\/td>\n<td><a href=\"https:\/\/www.urlaubcornwall.de\/blog\/ferienhaeuser-ferienwohnungen-in-rye-suedost-england\/\">Rye<\/a><\/td>\n<td><a href=\"https:\/\/www.urlaubcornwall.de\/blog\/ferienhaeuser-und-ferienwohnungen-in-uckfield-sussex\/\">Uckfield<\/a><\/td>\n<\/tr>\n<tr>\n<td><a href=\"https:\/\/www.urlaubcornwall.de\/blog\/ferienhaeuser-und-ferienwohnungen-brighton-und-hove\/\">Brighton<\/a><\/td>\n<td><strong>H<\/strong><\/td>\n<td><a href=\"https:\/\/www.urlaubcornwall.de\/blog\/ferienhaeuser-und-ferienwohnungen-in-mayfield-sussex\/\">Mayfield<\/a><\/td>\n<td><strong>S<\/strong><\/td>\n<td>&nbsp;<\/td>\n<\/tr>\n<tr>\n<td><strong>C<\/strong><\/td>\n<td><a href=\"https:\/\/www.urlaubcornwall.de\/blog\/ferienhaeuser-ferienwohnungen-in-hastings-suedost-england\/\">Hastings<\/a><\/td>\n<td><a href=\"https:\/\/www.urlaubcornwall.de\/blog\/ferienhaeuser-und-ferienwohnungen-in-petworth-und-midhurst-sussex\/\">Midhurst<\/a><\/td>\n<td><a href=\"https:\/\/www.urlaubcornwall.de\/blog\/ferienhaeuser-und-ferienwohnungen-in-seaford-sussex-kuste\/\">Seaford<\/a><\/td>\n<td>&nbsp;<\/td>\n<\/tr>\n<tr>\n<td><a href=\"https:\/\/www.urlaubcornwall.de\/ferienhaeuser-fewos\/eng\/sussex\/camber.html\">Camber Sands<\/a><\/td>\n<td><a href=\"https:\/\/www.urlaubcornwall.de\/blog\/ferienhaeuser-und-ferienwohnungen-in-haywards-heath-suedost-england\/\">Haywards Heath<\/a><\/td>\n<td><strong>N<\/strong><\/td>\n<td><a href=\"https:\/\/www.urlaubcornwall.de\/blog\/ferienhaeuser-und-ferienwohnungen-in-selsey-sussex-am-meer\/\">Selsey<\/a><\/td>\n<td>&nbsp;<\/td>\n<\/tr>\n<\/tbody>\n<\/table>\n","protected":false},"excerpt":{"rendered":"<p>Bei uns finden Sie Ferienh\u00e4user zum Verlieben \u2013 so einfach ist das! UrlaubCornwall.de hat eine einzigartige Sammlung pers\u00f6nlich inspizierter Ferienh\u00e4user und Ferienwohnungen in Sussex, S\u00fcdengland und nun auch im gesamten Gro\u00dfbritannien. Suche Ferienh\u00e4user S\u00fcdengland A Chichester Herstmonceux Newhaven Shoreham Arundel E Horsham P St Leonards B East Grinstead L Petworth Steyning Battle Eastbourne Lewes R [&hellip;]<\/p>\n","protected":false},"author":1,"featured_media":0,"parent":0,"menu_order":0,"comment_status":"closed","ping_status":"closed","template":"single-four.php","meta":[],"acf":[],"yoast_head":"<!-- This site is optimized with the Yoast SEO plugin v19.4 - https:\/\/yoast.com\/wordpress\/plugins\/seo\/ -->\n<title>Beliebte Urlaubsorte - Ferienh\u00e4user und Ferienwohnungen Sussex - Urlaub &amp; Reisen<\/title>\n<meta name=\"robots\" content=\"index, follow, max-snippet:-1, max-image-preview:large, max-video-preview:-1\" \/>\n<link rel=\"canonical\" href=\"https:\/\/www.urlaubcornwall.de\/blog\/beliebte-urlaubsorte-ferienhaeuser-und-ferienwohnungen-sussex\/\" \/>\n<meta property=\"og:locale\" content=\"en_US\" \/>\n<meta property=\"og:type\" content=\"article\" \/>\n<meta property=\"og:title\" content=\"Beliebte Urlaubsorte - Ferienh\u00e4user und Ferienwohnungen Sussex - Urlaub &amp; Reisen\" \/>\n<meta property=\"og:description\" content=\"Bei uns finden Sie Ferienh\u00e4user zum Verlieben \u2013 so einfach ist das! UrlaubCornwall.de hat eine einzigartige Sammlung pers\u00f6nlich inspizierter Ferienh\u00e4user und Ferienwohnungen in Sussex, S\u00fcdengland und nun auch im gesamten Gro\u00dfbritannien. Suche Ferienh\u00e4user S\u00fcdengland A Chichester Herstmonceux Newhaven Shoreham Arundel E Horsham P St Leonards B East Grinstead L Petworth Steyning Battle Eastbourne Lewes R [&hellip;]\" \/>\n<meta property=\"og:url\" content=\"https:\/\/www.urlaubcornwall.de\/blog\/beliebte-urlaubsorte-ferienhaeuser-und-ferienwohnungen-sussex\/\" \/>\n<meta property=\"og:site_name\" content=\"Urlaub &amp; Reisen\" \/>\n<meta property=\"article:modified_time\" content=\"2020-07-03T13:14:03+00:00\" \/>\n<meta property=\"og:image\" content=\"https:\/\/www.urlaubcornwall.de\/blog\/wp-content\/uploads\/2019\/04\/Charmante-D\u00f6rfer-cornwall.jpg\" \/>\n<meta name=\"twitter:card\" content=\"summary\" \/>\n<script type=\"application\/ld+json\" class=\"yoast-schema-graph\">{\"@context\":\"https:\/\/schema.org\",\"@graph\":[{\"@type\":\"WebSite\",\"@id\":\"https:\/\/www.urlaubcornwall.de\/blog\/#website\",\"url\":\"https:\/\/www.urlaubcornwall.de\/blog\/\",\"name\":\"Urlaub &amp; Reisen\",\"description\":\"Urlaub, Reisen, Cornwall und S\u00fcdengland: eine perfekte Kombination\",\"potentialAction\":[{\"@type\":\"SearchAction\",\"target\":{\"@type\":\"EntryPoint\",\"urlTemplate\":\"https:\/\/www.urlaubcornwall.de\/blog\/?s={search_term_string}\"},\"query-input\":\"required name=search_term_string\"}],\"inLanguage\":\"en-US\"},{\"@type\":\"WebPage\",\"@id\":\"https:\/\/www.urlaubcornwall.de\/blog\/beliebte-urlaubsorte-ferienhaeuser-und-ferienwohnungen-sussex\/\",\"url\":\"https:\/\/www.urlaubcornwall.de\/blog\/beliebte-urlaubsorte-ferienhaeuser-und-ferienwohnungen-sussex\/\",\"name\":\"Beliebte Urlaubsorte - Ferienh\u00e4user und Ferienwohnungen Sussex - Urlaub &amp; Reisen\",\"isPartOf\":{\"@id\":\"https:\/\/www.urlaubcornwall.de\/blog\/#website\"},\"datePublished\":\"2015-03-24T10:28:20+00:00\",\"dateModified\":\"2020-07-03T13:14:03+00:00\",\"breadcrumb\":{\"@id\":\"https:\/\/www.urlaubcornwall.de\/blog\/beliebte-urlaubsorte-ferienhaeuser-und-ferienwohnungen-sussex\/#breadcrumb\"},\"inLanguage\":\"en-US\",\"potentialAction\":[{\"@type\":\"ReadAction\",\"target\":[\"https:\/\/www.urlaubcornwall.de\/blog\/beliebte-urlaubsorte-ferienhaeuser-und-ferienwohnungen-sussex\/\"]}]},{\"@type\":\"BreadcrumbList\",\"@id\":\"https:\/\/www.urlaubcornwall.de\/blog\/beliebte-urlaubsorte-ferienhaeuser-und-ferienwohnungen-sussex\/#breadcrumb\",\"itemListElement\":[{\"@type\":\"ListItem\",\"position\":1,\"name\":\"Home\",\"item\":\"https:\/\/www.urlaubcornwall.de\/blog\/\"},{\"@type\":\"ListItem\",\"position\":2,\"name\":\"Beliebte Urlaubsorte &#8211; Ferienh\u00e4user und Ferienwohnungen Sussex\"}]}]}<\/script>\n<!-- \/ Yoast SEO plugin. -->","yoast_head_json":{"title":"Beliebte Urlaubsorte - Ferienh\u00e4user und Ferienwohnungen Sussex - Urlaub &amp; Reisen","robots":{"index":"index","follow":"follow","max-snippet":"max-snippet:-1","max-image-preview":"max-image-preview:large","max-video-preview":"max-video-preview:-1"},"canonical":"https:\/\/www.urlaubcornwall.de\/blog\/beliebte-urlaubsorte-ferienhaeuser-und-ferienwohnungen-sussex\/","og_locale":"en_US","og_type":"article","og_title":"Beliebte Urlaubsorte - Ferienh\u00e4user und Ferienwohnungen Sussex - Urlaub &amp; Reisen","og_description":"Bei uns finden Sie Ferienh\u00e4user zum Verlieben \u2013 so einfach ist das! UrlaubCornwall.de hat eine einzigartige Sammlung pers\u00f6nlich inspizierter Ferienh\u00e4user und Ferienwohnungen in Sussex, S\u00fcdengland und nun auch im gesamten Gro\u00dfbritannien. Suche Ferienh\u00e4user S\u00fcdengland A Chichester Herstmonceux Newhaven Shoreham Arundel E Horsham P St Leonards B East Grinstead L Petworth Steyning Battle Eastbourne Lewes R [&hellip;]","og_url":"https:\/\/www.urlaubcornwall.de\/blog\/beliebte-urlaubsorte-ferienhaeuser-und-ferienwohnungen-sussex\/","og_site_name":"Urlaub &amp; Reisen","article_modified_time":"2020-07-03T13:14:03+00:00","og_image":[{"url":"https:\/\/www.urlaubcornwall.de\/blog\/wp-content\/uploads\/2019\/04\/Charmante-D\u00f6rfer-cornwall.jpg"}],"twitter_card":"summary","schema":{"@context":"https:\/\/schema.org","@graph":[{"@type":"WebSite","@id":"https:\/\/www.urlaubcornwall.de\/blog\/#website","url":"https:\/\/www.urlaubcornwall.de\/blog\/","name":"Urlaub &amp; Reisen","description":"Urlaub, Reisen, Cornwall und S\u00fcdengland: eine perfekte Kombination","potentialAction":[{"@type":"SearchAction","target":{"@type":"EntryPoint","urlTemplate":"https:\/\/www.urlaubcornwall.de\/blog\/?s={search_term_string}"},"query-input":"required name=search_term_string"}],"inLanguage":"en-US"},{"@type":"WebPage","@id":"https:\/\/www.urlaubcornwall.de\/blog\/beliebte-urlaubsorte-ferienhaeuser-und-ferienwohnungen-sussex\/","url":"https:\/\/www.urlaubcornwall.de\/blog\/beliebte-urlaubsorte-ferienhaeuser-und-ferienwohnungen-sussex\/","name":"Beliebte Urlaubsorte - Ferienh\u00e4user und Ferienwohnungen Sussex - Urlaub &amp; Reisen","isPartOf":{"@id":"https:\/\/www.urlaubcornwall.de\/blog\/#website"},"datePublished":"2015-03-24T10:28:20+00:00","dateModified":"2020-07-03T13:14:03+00:00","breadcrumb":{"@id":"https:\/\/www.urlaubcornwall.de\/blog\/beliebte-urlaubsorte-ferienhaeuser-und-ferienwohnungen-sussex\/#breadcrumb"},"inLanguage":"en-US","potentialAction":[{"@type":"ReadAction","target":["https:\/\/www.urlaubcornwall.de\/blog\/beliebte-urlaubsorte-ferienhaeuser-und-ferienwohnungen-sussex\/"]}]},{"@type":"BreadcrumbList","@id":"https:\/\/www.urlaubcornwall.de\/blog\/beliebte-urlaubsorte-ferienhaeuser-und-ferienwohnungen-sussex\/#breadcrumb","itemListElement":[{"@type":"ListItem","position":1,"name":"Home","item":"https:\/\/www.urlaubcornwall.de\/blog\/"},{"@type":"ListItem","position":2,"name":"Beliebte Urlaubsorte &#8211; Ferienh\u00e4user und Ferienwohnungen Sussex"}]}]}},"_links":{"self":[{"href":"https:\/\/www.urlaubcornwall.de\/blog\/wp-json\/wp\/v2\/pages\/18665"}],"collection":[{"href":"https:\/\/www.urlaubcornwall.de\/blog\/wp-json\/wp\/v2\/pages"}],"about":[{"href":"https:\/\/www.urlaubcornwall.de\/blog\/wp-json\/wp\/v2\/types\/page"}],"author":[{"embeddable":true,"href":"https:\/\/www.urlaubcornwall.de\/blog\/wp-json\/wp\/v2\/users\/1"}],"replies":[{"embeddable":true,"href":"https:\/\/www.urlaubcornwall.de\/blog\/wp-json\/wp\/v2\/comments?post=18665"}],"version-history":[{"count":16,"href":"https:\/\/www.urlaubcornwall.de\/blog\/wp-json\/wp\/v2\/pages\/18665\/revisions"}],"predecessor-version":[{"id":40495,"href":"https:\/\/www.urlaubcornwall.de\/blog\/wp-json\/wp\/v2\/pages\/18665\/revisions\/40495"}],"wp:attachment":[{"href":"https:\/\/www.urlaubcornwall.de\/blog\/wp-json\/wp\/v2\/media?parent=18665"}],"curies":[{"name":"wp","href":"https:\/\/api.w.org\/{rel}","templated":true}]}}