{"id":18615,"date":"2015-03-10T18:09:43","date_gmt":"2015-03-10T18:09:43","guid":{"rendered":"https:\/\/www.urlaubcornwall.de\/blog\/?page_id=18615"},"modified":"2026-01-06T13:59:14","modified_gmt":"2026-01-06T13:59:14","slug":"10-fakten-zu-cornwall","status":"publish","type":"page","link":"https:\/\/www.urlaubcornwall.de\/blog\/10-fakten-zu-cornwall\/","title":{"rendered":"10 Fakten zu Cornwall\u2026."},"content":{"rendered":"<p>Viele Menschen wissen bereits, dass <a href=\"http:\/\/www.urlaubcornwall.de\/reiseziel\/cornwall.php\">Cornwall<\/a> ein erstaunlich wundersch\u00f6ner Teil Gro\u00dfbritanniens ist, doch hier sind ein paar ungew\u00f6hnliche Fakten zu Cornwall, die Sie m\u00f6glicherweise nicht kennen.<\/p>\n<p><strong>1.<\/strong> Cornwall hat mehr als 300 <a href=\"https:\/\/www.urlaubcornwall.de\/blog\/6-von-cornwalls-versteckt-gelegenen-buchten-und-straenden\/\">Str\u00e4nde<\/a>.<br \/>\n<a href=\"https:\/\/www.urlaubcornwall.de\/blog\/wp-content\/uploads\/2015\/03\/cornwall-strand.jpg\"><img loading=\"lazy\" class=\"aligncenter size-full wp-image-18616\" src=\"https:\/\/www.urlaubcornwall.de\/blog\/wp-content\/uploads\/2015\/03\/cornwall-strand.jpg\" alt=\"cornwall strand\" width=\"748\" height=\"365\" \/><\/a><\/p>\n<p><strong>2.<\/strong> Cornwall verf\u00fcgt \u00fcber die l\u00e4ngste <a href=\"https:\/\/www.urlaubcornwall.de\/blog\/suedwestkuestenpfad-unser-fuehrer-wandern-in-cornwall-devon-und-suedengland\/\">K\u00fcstenstrecke in Gro\u00dfbritannien<\/a> &#8211; 697km.<br \/>\n<a href=\"https:\/\/www.urlaubcornwall.de\/blog\/wp-content\/uploads\/2015\/03\/cornwall-kueste.jpg\"><img loading=\"lazy\" class=\"aligncenter size-full wp-image-18617\" src=\"https:\/\/www.urlaubcornwall.de\/blog\/wp-content\/uploads\/2015\/03\/cornwall-kueste.jpg\" alt=\"cornwall kueste\" width=\"745\" height=\"366\" srcset=\"https:\/\/www.urlaubcornwall.de\/blog\/wp-content\/uploads\/2015\/03\/cornwall-kueste.jpg 745w, https:\/\/www.urlaubcornwall.de\/blog\/wp-content\/uploads\/2015\/03\/cornwall-kueste-300x147.jpg 300w\" sizes=\"(max-width: 745px) 100vw, 745px\" \/><\/a><\/p>\n<p><strong>3.<\/strong> Cornwall hat seine eigene Fahne, die St Piran. Sie ist schwarz mit einem wei\u00dfen Kreuz und stellt somit die hellen Adern von Zinn zwischen geschmolzenem schwarzen Gestein dar.<br \/>\n<a href=\"https:\/\/www.urlaubcornwall.de\/blog\/wp-content\/uploads\/2015\/03\/st-pirans.jpg\"><img loading=\"lazy\" class=\"aligncenter size-full wp-image-18618\" src=\"https:\/\/www.urlaubcornwall.de\/blog\/wp-content\/uploads\/2015\/03\/st-pirans.jpg\" alt=\"st pirans\" width=\"748\" height=\"366\" \/><\/a><\/p>\n<p><strong>4.<\/strong> Fischer in Cornwall k\u00f6nnen \u00fcber 40 <a href=\"https:\/\/www.urlaubcornwall.de\/blog\/fuenf-der-besten-unsere-beliebtesten-haefen-in-cornwall\/\">verschiedene Fischarten<\/a> fangen, mehr Arten als irgendwo sonst in Gro\u00dfbritannien.<\/p>\n<p><a href=\"https:\/\/www.urlaubcornwall.de\/blog\/wp-content\/uploads\/2014\/09\/mevagissey_1.jpg\"><img loading=\"lazy\" class=\"aligncenter size-full wp-image-16784\" src=\"https:\/\/www.urlaubcornwall.de\/blog\/wp-content\/uploads\/2014\/09\/mevagissey_1.jpg\" alt=\"mevagissey hafen\" width=\"748\" height=\"354\" \/><\/a><\/p>\n<p><strong>5.<\/strong> Cornwall stammt vom Wort \u2018Cornovii\u2019 ab, was soviel bedeutet wie H\u00fcgelbewohner, und \u2018Waelas\u2019 bedeutet Fremde \u2013 Fremde also, die auf H\u00fcgeln wohnen!<\/p>\n<p><strong>6.<\/strong> Cornwall r\u00fchmt sich der gr\u00f6\u00dften <a href=\"https:\/\/www.urlaubcornwall.de\/blog\/cornwalls-versteckt-gelegene-gaerten\/\">Sammlung von Pflanzenarten<\/a> der britischen Inseln.<\/p>\n<p><a href=\"https:\/\/www.urlaubcornwall.de\/blog\/wp-content\/uploads\/2015\/03\/Trewidden-Belle_1.jpg\"><img loading=\"lazy\" class=\"aligncenter size-full wp-image-18619\" src=\"https:\/\/www.urlaubcornwall.de\/blog\/wp-content\/uploads\/2015\/03\/Trewidden-Belle_1.jpg\" alt=\"Trewidden Belle\" width=\"749\" height=\"366\" \/><\/a><br \/>\n<strong>7.<\/strong> 90% cornischer Ortsnamen sind keltischen Ursprungs und abgeleitet von der Kernewek Sprache.<\/p>\n<p><strong>8.<\/strong> Die Cornish Pasty (Pastete) bringt der cornischen Wirtschaft \u00a3300 Millionen Pfund pro Jahr. Urlauber verspeisen \u00fcber 6 Millionen davon!<br \/>\n<a href=\"https:\/\/www.urlaubcornwall.de\/blog\/wp-content\/uploads\/2015\/03\/pasty_1.jpg\"><img loading=\"lazy\" class=\"aligncenter size-full wp-image-18620\" src=\"https:\/\/www.urlaubcornwall.de\/blog\/wp-content\/uploads\/2015\/03\/pasty_1.jpg\" alt=\"cornish pasty\" width=\"748\" height=\"365\" \/><\/a><\/p>\n<p><strong>9.<\/strong> Cornwall hat nur eine gr\u00f6\u00dfere Stadt (Die <a href=\"https:\/\/www.urlaubcornwall.de\/blog\/truro-cornwall-geschichte-sehenswuerdigkeiten-und-unterkunft\/\">Hauptstadt Truro<\/a> ist die einzige Stadt) und kein einziges Gef\u00e4ngnis. Das Gef\u00e4ngnis in Bodmin schloss 1922.<\/p>\n<p><strong>10.<\/strong> 30% der cornischen Landschaft wird anerkannt als \u201c<a href=\"http:\/\/www.urlaubcornwall.de\/Scilly-Inseln.php\">Gegend besonderer Natursch\u00f6nheit<\/a>\u201d. Schauen Sie selbst!<\/p>\n<p><a href=\"https:\/\/www.urlaubcornwall.de\/blog\/wp-content\/uploads\/2015\/03\/IMG_2262_1.jpg\"><img loading=\"lazy\" class=\"aligncenter size-full wp-image-18621\" src=\"https:\/\/www.urlaubcornwall.de\/blog\/wp-content\/uploads\/2015\/03\/IMG_2262_1.jpg\" alt=\"\" width=\"748\" height=\"429\" \/><\/a><\/p>\n<p style=\"text-align: center;\"><strong>Englands sch\u00f6nstes Urlaubsziel: <a href=\"http:\/\/www.urlaubcornwall.de\/\"><span style=\"text-decoration: underline;\">Ihr Traumurlaub beginnt hier!<\/span><\/a> <\/strong>Urlaub, Reisen, Cornwall, S\u00fcdengland: eine perfekte Kombination<\/p>\n<p><img loading=\"lazy\" class=\"aligncenter size-full wp-image-24046\" src=\"https:\/\/www.urlaubcornwall.de\/blog\/wp-content\/uploads\/2016\/05\/logo-final-1.jpg\" alt=\"urlaubcornwall.de\" width=\"749\" height=\"298\" \/><\/p>\n<p><a href=\"http:\/\/www.urlaubcornwall.de\/\">UrlaubCornwall.de<\/a> ist ein in Cornwall ans\u00e4ssiges Unternehmen k\u00f6nnen wir uns mit 20 Jahren Erfahrung in der Organisation von Rundreisen durch Cornwall, S\u00fcdwest und S\u00fcdengland r\u00fchmen.<\/p>\n<p>Um Cornwall in Ihre Rundreise durch S\u00fcdengland mit einzugliedern, stellen Sie Ihre <span style=\"text-decoration: underline;\"><a href=\"http:\/\/www.urlaubcornwall.de\/anfrage.php\">Anfrage<\/a><\/span> hier oder w\u00e4hlen Sie ein Ferienhaus aus unserer besten Auswahl <a href=\"http:\/\/www.urlaubcornwall.de\/ferienhaeuser-fewos.php\"><span style=\"text-decoration: underline;\">handverlesener und inspizierter H\u00e4user<\/span><\/a> aus.<\/p>\n","protected":false},"excerpt":{"rendered":"<p>Viele Menschen wissen bereits, dass Cornwall ein erstaunlich wundersch\u00f6ner Teil Gro\u00dfbritanniens ist, doch hier sind ein paar ungew\u00f6hnliche Fakten zu Cornwall, die Sie m\u00f6glicherweise nicht kennen. 1. Cornwall hat mehr als 300 Str\u00e4nde. 2. Cornwall verf\u00fcgt \u00fcber die l\u00e4ngste K\u00fcstenstrecke in Gro\u00dfbritannien &#8211; 697km. 3. Cornwall hat seine eigene Fahne, die St Piran. Sie ist [&hellip;]<\/p>\n","protected":false},"author":1,"featured_media":0,"parent":0,"menu_order":0,"comment_status":"closed","ping_status":"closed","template":"single-four.php","meta":[],"acf":[],"yoast_head":"<!-- This site is optimized with the Yoast SEO plugin v19.4 - https:\/\/yoast.com\/wordpress\/plugins\/seo\/ -->\n<title>10 Fakten zu Cornwall\u2026. - Urlaub &amp; Reisen<\/title>\n<meta name=\"robots\" content=\"index, follow, max-snippet:-1, max-image-preview:large, max-video-preview:-1\" \/>\n<link rel=\"canonical\" href=\"https:\/\/www.urlaubcornwall.de\/blog\/10-fakten-zu-cornwall\/\" \/>\n<meta property=\"og:locale\" content=\"en_US\" \/>\n<meta property=\"og:type\" content=\"article\" \/>\n<meta property=\"og:title\" content=\"10 Fakten zu Cornwall\u2026. - Urlaub &amp; Reisen\" \/>\n<meta property=\"og:description\" content=\"Viele Menschen wissen bereits, dass Cornwall ein erstaunlich wundersch\u00f6ner Teil Gro\u00dfbritanniens ist, doch hier sind ein paar ungew\u00f6hnliche Fakten zu Cornwall, die Sie m\u00f6glicherweise nicht kennen. 1. Cornwall hat mehr als 300 Str\u00e4nde. 2. Cornwall verf\u00fcgt \u00fcber die l\u00e4ngste K\u00fcstenstrecke in Gro\u00dfbritannien &#8211; 697km. 3. Cornwall hat seine eigene Fahne, die St Piran. Sie ist [&hellip;]\" \/>\n<meta property=\"og:url\" content=\"https:\/\/www.urlaubcornwall.de\/blog\/10-fakten-zu-cornwall\/\" \/>\n<meta property=\"og:site_name\" content=\"Urlaub &amp; Reisen\" \/>\n<meta property=\"article:modified_time\" content=\"2026-01-06T13:59:14+00:00\" \/>\n<meta property=\"og:image\" content=\"https:\/\/www.urlaubcornwall.de\/blog\/wp-content\/uploads\/2015\/03\/cornwall-strand.jpg\" \/>\n<meta name=\"twitter:card\" content=\"summary\" \/>\n<meta name=\"twitter:label1\" content=\"Est. reading time\" \/>\n\t<meta name=\"twitter:data1\" content=\"3 minutes\" \/>\n<script type=\"application\/ld+json\" class=\"yoast-schema-graph\">{\"@context\":\"https:\/\/schema.org\",\"@graph\":[{\"@type\":\"WebSite\",\"@id\":\"https:\/\/www.urlaubcornwall.de\/blog\/#website\",\"url\":\"https:\/\/www.urlaubcornwall.de\/blog\/\",\"name\":\"Urlaub &amp; Reisen\",\"description\":\"Urlaub, Reisen, Cornwall und S\u00fcdengland: eine perfekte Kombination\",\"potentialAction\":[{\"@type\":\"SearchAction\",\"target\":{\"@type\":\"EntryPoint\",\"urlTemplate\":\"https:\/\/www.urlaubcornwall.de\/blog\/?s={search_term_string}\"},\"query-input\":\"required name=search_term_string\"}],\"inLanguage\":\"en-US\"},{\"@type\":\"WebPage\",\"@id\":\"https:\/\/www.urlaubcornwall.de\/blog\/10-fakten-zu-cornwall\/\",\"url\":\"https:\/\/www.urlaubcornwall.de\/blog\/10-fakten-zu-cornwall\/\",\"name\":\"10 Fakten zu Cornwall\u2026. - Urlaub &amp; Reisen\",\"isPartOf\":{\"@id\":\"https:\/\/www.urlaubcornwall.de\/blog\/#website\"},\"datePublished\":\"2015-03-10T18:09:43+00:00\",\"dateModified\":\"2026-01-06T13:59:14+00:00\",\"breadcrumb\":{\"@id\":\"https:\/\/www.urlaubcornwall.de\/blog\/10-fakten-zu-cornwall\/#breadcrumb\"},\"inLanguage\":\"en-US\",\"potentialAction\":[{\"@type\":\"ReadAction\",\"target\":[\"https:\/\/www.urlaubcornwall.de\/blog\/10-fakten-zu-cornwall\/\"]}]},{\"@type\":\"BreadcrumbList\",\"@id\":\"https:\/\/www.urlaubcornwall.de\/blog\/10-fakten-zu-cornwall\/#breadcrumb\",\"itemListElement\":[{\"@type\":\"ListItem\",\"position\":1,\"name\":\"Home\",\"item\":\"https:\/\/www.urlaubcornwall.de\/blog\/\"},{\"@type\":\"ListItem\",\"position\":2,\"name\":\"10 Fakten zu Cornwall\u2026.\"}]}]}<\/script>\n<!-- \/ Yoast SEO plugin. -->","yoast_head_json":{"title":"10 Fakten zu Cornwall\u2026. - Urlaub &amp; Reisen","robots":{"index":"index","follow":"follow","max-snippet":"max-snippet:-1","max-image-preview":"max-image-preview:large","max-video-preview":"max-video-preview:-1"},"canonical":"https:\/\/www.urlaubcornwall.de\/blog\/10-fakten-zu-cornwall\/","og_locale":"en_US","og_type":"article","og_title":"10 Fakten zu Cornwall\u2026. - Urlaub &amp; Reisen","og_description":"Viele Menschen wissen bereits, dass Cornwall ein erstaunlich wundersch\u00f6ner Teil Gro\u00dfbritanniens ist, doch hier sind ein paar ungew\u00f6hnliche Fakten zu Cornwall, die Sie m\u00f6glicherweise nicht kennen. 1. Cornwall hat mehr als 300 Str\u00e4nde. 2. Cornwall verf\u00fcgt \u00fcber die l\u00e4ngste K\u00fcstenstrecke in Gro\u00dfbritannien &#8211; 697km. 3. Cornwall hat seine eigene Fahne, die St Piran. Sie ist [&hellip;]","og_url":"https:\/\/www.urlaubcornwall.de\/blog\/10-fakten-zu-cornwall\/","og_site_name":"Urlaub &amp; Reisen","article_modified_time":"2026-01-06T13:59:14+00:00","og_image":[{"url":"https:\/\/www.urlaubcornwall.de\/blog\/wp-content\/uploads\/2015\/03\/cornwall-strand.jpg"}],"twitter_card":"summary","twitter_misc":{"Est. reading time":"3 minutes"},"schema":{"@context":"https:\/\/schema.org","@graph":[{"@type":"WebSite","@id":"https:\/\/www.urlaubcornwall.de\/blog\/#website","url":"https:\/\/www.urlaubcornwall.de\/blog\/","name":"Urlaub &amp; Reisen","description":"Urlaub, Reisen, Cornwall und S\u00fcdengland: eine perfekte Kombination","potentialAction":[{"@type":"SearchAction","target":{"@type":"EntryPoint","urlTemplate":"https:\/\/www.urlaubcornwall.de\/blog\/?s={search_term_string}"},"query-input":"required name=search_term_string"}],"inLanguage":"en-US"},{"@type":"WebPage","@id":"https:\/\/www.urlaubcornwall.de\/blog\/10-fakten-zu-cornwall\/","url":"https:\/\/www.urlaubcornwall.de\/blog\/10-fakten-zu-cornwall\/","name":"10 Fakten zu Cornwall\u2026. - Urlaub &amp; Reisen","isPartOf":{"@id":"https:\/\/www.urlaubcornwall.de\/blog\/#website"},"datePublished":"2015-03-10T18:09:43+00:00","dateModified":"2026-01-06T13:59:14+00:00","breadcrumb":{"@id":"https:\/\/www.urlaubcornwall.de\/blog\/10-fakten-zu-cornwall\/#breadcrumb"},"inLanguage":"en-US","potentialAction":[{"@type":"ReadAction","target":["https:\/\/www.urlaubcornwall.de\/blog\/10-fakten-zu-cornwall\/"]}]},{"@type":"BreadcrumbList","@id":"https:\/\/www.urlaubcornwall.de\/blog\/10-fakten-zu-cornwall\/#breadcrumb","itemListElement":[{"@type":"ListItem","position":1,"name":"Home","item":"https:\/\/www.urlaubcornwall.de\/blog\/"},{"@type":"ListItem","position":2,"name":"10 Fakten zu Cornwall\u2026."}]}]}},"_links":{"self":[{"href":"https:\/\/www.urlaubcornwall.de\/blog\/wp-json\/wp\/v2\/pages\/18615"}],"collection":[{"href":"https:\/\/www.urlaubcornwall.de\/blog\/wp-json\/wp\/v2\/pages"}],"about":[{"href":"https:\/\/www.urlaubcornwall.de\/blog\/wp-json\/wp\/v2\/types\/page"}],"author":[{"embeddable":true,"href":"https:\/\/www.urlaubcornwall.de\/blog\/wp-json\/wp\/v2\/users\/1"}],"replies":[{"embeddable":true,"href":"https:\/\/www.urlaubcornwall.de\/blog\/wp-json\/wp\/v2\/comments?post=18615"}],"version-history":[{"count":20,"href":"https:\/\/www.urlaubcornwall.de\/blog\/wp-json\/wp\/v2\/pages\/18615\/revisions"}],"predecessor-version":[{"id":51948,"href":"https:\/\/www.urlaubcornwall.de\/blog\/wp-json\/wp\/v2\/pages\/18615\/revisions\/51948"}],"wp:attachment":[{"href":"https:\/\/www.urlaubcornwall.de\/blog\/wp-json\/wp\/v2\/media?parent=18615"}],"curies":[{"name":"wp","href":"https:\/\/api.w.org\/{rel}","templated":true}]}}