{"id":18547,"date":"2015-03-07T10:13:26","date_gmt":"2015-03-07T10:13:26","guid":{"rendered":"https:\/\/www.urlaubcornwall.de\/blog\/?page_id=18547"},"modified":"2024-02-20T12:05:53","modified_gmt":"2024-02-20T12:05:53","slug":"cornwalls-fruehlingserwachen-und-das-ende-des-winters","status":"publish","type":"page","link":"https:\/\/www.urlaubcornwall.de\/blog\/cornwalls-fruehlingserwachen-und-das-ende-des-winters\/","title":{"rendered":"Cornwalls Fr\u00fchlingserwachen und das Ende des Winters"},"content":{"rendered":"<p>Der Fr\u00fchling h\u00e4lt in <a href=\"http:\/\/www.urlaubcornwall.de\/reiseziel\/cornwall.php\">Cornwall<\/a> viel fr\u00fcher Einzug als im \u00fcbrigen <a href=\"https:\/\/www.urlaubcornwall.de\/rundreisen\/grossbritannien.php\">Gro\u00dfbritannien<\/a>, und das Erbl\u00fchen der majest\u00e4tischen Magnolienb\u00e4ume verk\u00fcndet seinen Einzug. Die Magnolien sind ein besserer Indikator f\u00fcr den Fr\u00fchling als Narzissen. Sie erbl\u00fchen traditionellerweise zuerst in Cornwall, da die Grafschaft nun \u00fcber l\u00e4ngere Tage und h\u00f6here Temperaturen verf\u00fcgt, die das Erbl\u00fchen in Gang bringen.<\/p>\n<p><a href=\"https:\/\/www.urlaubcornwall.de\/blog\/wp-content\/uploads\/2015\/03\/Trewidden-Belle.jpg\"><img loading=\"lazy\" class=\"aligncenter size-full wp-image-18549\" src=\"https:\/\/www.urlaubcornwall.de\/blog\/wp-content\/uploads\/2015\/03\/Trewidden-Belle.jpg\" alt=\"Trewidden Belle Cornwall\" width=\"749\" height=\"424\"\/><\/a><\/p>\n<p>Um ein offizielles Datum f\u00fcr den Fr\u00fchlingsbeginn festzusetzen, arbeitet die K\u00f6nigliche Gartenbaugesellschaft mit sieben Hauptg\u00e4rtnern der gro\u00dfen <a href=\"https:\/\/www.urlaubcornwall.de\/blog\/cornwalls-versteckt-gelegene-gaerten\/\"><span style=\"text-decoration: underline;\">G\u00e4rten Cornwalls<\/span><\/a> zusammen, um die Daten der ersten Bl\u00fcten besonderer Magnolien, der Magnolia campbellii, in ihren G\u00e4rten zu dokumentieren. Sobald alle sieben B\u00e4ume 50 ge\u00f6ffnete Bl\u00fcten tragen, wird im Rahmen dieses Projekts die Ankunft des Fr\u00fchlings in Cornwall verk\u00fcndet. Dieses Jahr ist es der 18. Februar, und w\u00e4hrend der folgenden paar Wochen k\u00f6nnen Besucher eine spektakul\u00e4re Bl\u00fctenpracht bewundern. <\/p>\n<p><a href=\"https:\/\/www.urlaubcornwall.de\/blog\/wp-content\/uploads\/2015\/03\/trees_1.jpg\"><img loading=\"lazy\" class=\"aligncenter size-full wp-image-18554\" src=\"https:\/\/www.urlaubcornwall.de\/blog\/wp-content\/uploads\/2015\/03\/trees_1.jpg\" alt=\"Magnolia campbellii cornwall\" width=\"749\" height=\"399\"\/><\/a><\/p>\n<p>Fr\u00fchling in Cornwall bietet die Chance, die Grafschaft und seine G\u00e4rten ohne die Menschenmassen zu erkunden und dabei das relativ milde Klima dieser Jahreszeit zu genie\u00dfen.<\/p>\n<p><img loading=\"lazy\" class=\"aligncenter size-full wp-image-23072\" src=\"https:\/\/www.urlaubcornwall.de\/blog\/wp-content\/uploads\/2015\/03\/IMG_0123.jpg\" alt=\"IMG_0123\" width=\"749\" height=\"484\"\/><\/p>\n<p>Der Pr\u00e4sident der K\u00f6niglichen Gartenbaugesellschaft sagt: \u201cDas Erbl\u00fchen der cornischen Magnolien sollte auf Jedermanns Liste stehen. Das Ausma\u00df dieser B\u00e4ume und die Sch\u00f6nheit der Fr\u00fchlingsknospen, die sich \u00f6ffnen, ist ein herrlicher Anblick.\u201c<\/p>\n<p>Mehr zu Urlaubsideen und Informationen zu <a href=\"https:\/\/www.urlaubcornwall.de\/reiseziel\/cornwall.php\"><span style=\"text-decoration: underline;\">Cornwall im Fr\u00fchling finden Sie hier<\/span><\/a>.<\/p>\n<p style=\"text-align: center;\"><a class=\"tidycta\" href=\"https:\/\/www.urlaubcornwall.de\/gartenreise.php\">Gartenreisen in England<\/a><\/p>\n","protected":false},"excerpt":{"rendered":"<p>Der Fr\u00fchling h\u00e4lt in Cornwall viel fr\u00fcher Einzug als im \u00fcbrigen Gro\u00dfbritannien, und das Erbl\u00fchen der majest\u00e4tischen Magnolienb\u00e4ume verk\u00fcndet seinen Einzug. Die Magnolien sind ein besserer Indikator f\u00fcr den Fr\u00fchling als Narzissen. Sie erbl\u00fchen traditionellerweise zuerst in Cornwall, da die Grafschaft nun \u00fcber l\u00e4ngere Tage und h\u00f6here Temperaturen verf\u00fcgt, die das Erbl\u00fchen in Gang bringen. [&hellip;]<\/p>\n","protected":false},"author":1,"featured_media":0,"parent":0,"menu_order":0,"comment_status":"closed","ping_status":"closed","template":"single-four.php","meta":[],"acf":[],"yoast_head":"<!-- This site is optimized with the Yoast SEO plugin v19.4 - https:\/\/yoast.com\/wordpress\/plugins\/seo\/ -->\n<title>Cornwalls Fr\u00fchlingserwachen und das Ende des Winters - Urlaub &amp; Reisen<\/title>\n<meta name=\"robots\" content=\"index, follow, max-snippet:-1, max-image-preview:large, max-video-preview:-1\" \/>\n<link rel=\"canonical\" href=\"https:\/\/www.urlaubcornwall.de\/blog\/cornwalls-fruehlingserwachen-und-das-ende-des-winters\/\" \/>\n<meta property=\"og:locale\" content=\"en_US\" \/>\n<meta property=\"og:type\" content=\"article\" \/>\n<meta property=\"og:title\" content=\"Cornwalls Fr\u00fchlingserwachen und das Ende des Winters - Urlaub &amp; Reisen\" \/>\n<meta property=\"og:description\" content=\"Der Fr\u00fchling h\u00e4lt in Cornwall viel fr\u00fcher Einzug als im \u00fcbrigen Gro\u00dfbritannien, und das Erbl\u00fchen der majest\u00e4tischen Magnolienb\u00e4ume verk\u00fcndet seinen Einzug. Die Magnolien sind ein besserer Indikator f\u00fcr den Fr\u00fchling als Narzissen. Sie erbl\u00fchen traditionellerweise zuerst in Cornwall, da die Grafschaft nun \u00fcber l\u00e4ngere Tage und h\u00f6here Temperaturen verf\u00fcgt, die das Erbl\u00fchen in Gang bringen. [&hellip;]\" \/>\n<meta property=\"og:url\" content=\"https:\/\/www.urlaubcornwall.de\/blog\/cornwalls-fruehlingserwachen-und-das-ende-des-winters\/\" \/>\n<meta property=\"og:site_name\" content=\"Urlaub &amp; Reisen\" \/>\n<meta property=\"article:modified_time\" content=\"2024-02-20T12:05:53+00:00\" \/>\n<meta property=\"og:image\" content=\"https:\/\/www.urlaubcornwall.de\/blog\/wp-content\/uploads\/2015\/03\/Trewidden-Belle.jpg\" \/>\n<meta name=\"twitter:card\" content=\"summary\" \/>\n<meta name=\"twitter:label1\" content=\"Est. reading time\" \/>\n\t<meta name=\"twitter:data1\" content=\"2 minutes\" \/>\n<script type=\"application\/ld+json\" class=\"yoast-schema-graph\">{\"@context\":\"https:\/\/schema.org\",\"@graph\":[{\"@type\":\"WebSite\",\"@id\":\"https:\/\/www.urlaubcornwall.de\/blog\/#website\",\"url\":\"https:\/\/www.urlaubcornwall.de\/blog\/\",\"name\":\"Urlaub &amp; Reisen\",\"description\":\"Urlaub, Reisen, Cornwall und S\u00fcdengland: eine perfekte Kombination\",\"potentialAction\":[{\"@type\":\"SearchAction\",\"target\":{\"@type\":\"EntryPoint\",\"urlTemplate\":\"https:\/\/www.urlaubcornwall.de\/blog\/?s={search_term_string}\"},\"query-input\":\"required name=search_term_string\"}],\"inLanguage\":\"en-US\"},{\"@type\":\"WebPage\",\"@id\":\"https:\/\/www.urlaubcornwall.de\/blog\/cornwalls-fruehlingserwachen-und-das-ende-des-winters\/\",\"url\":\"https:\/\/www.urlaubcornwall.de\/blog\/cornwalls-fruehlingserwachen-und-das-ende-des-winters\/\",\"name\":\"Cornwalls Fr\u00fchlingserwachen und das Ende des Winters - Urlaub &amp; Reisen\",\"isPartOf\":{\"@id\":\"https:\/\/www.urlaubcornwall.de\/blog\/#website\"},\"datePublished\":\"2015-03-07T10:13:26+00:00\",\"dateModified\":\"2024-02-20T12:05:53+00:00\",\"breadcrumb\":{\"@id\":\"https:\/\/www.urlaubcornwall.de\/blog\/cornwalls-fruehlingserwachen-und-das-ende-des-winters\/#breadcrumb\"},\"inLanguage\":\"en-US\",\"potentialAction\":[{\"@type\":\"ReadAction\",\"target\":[\"https:\/\/www.urlaubcornwall.de\/blog\/cornwalls-fruehlingserwachen-und-das-ende-des-winters\/\"]}]},{\"@type\":\"BreadcrumbList\",\"@id\":\"https:\/\/www.urlaubcornwall.de\/blog\/cornwalls-fruehlingserwachen-und-das-ende-des-winters\/#breadcrumb\",\"itemListElement\":[{\"@type\":\"ListItem\",\"position\":1,\"name\":\"Home\",\"item\":\"https:\/\/www.urlaubcornwall.de\/blog\/\"},{\"@type\":\"ListItem\",\"position\":2,\"name\":\"Cornwalls Fr\u00fchlingserwachen und das Ende des Winters\"}]}]}<\/script>\n<!-- \/ Yoast SEO plugin. -->","yoast_head_json":{"title":"Cornwalls Fr\u00fchlingserwachen und das Ende des Winters - Urlaub &amp; Reisen","robots":{"index":"index","follow":"follow","max-snippet":"max-snippet:-1","max-image-preview":"max-image-preview:large","max-video-preview":"max-video-preview:-1"},"canonical":"https:\/\/www.urlaubcornwall.de\/blog\/cornwalls-fruehlingserwachen-und-das-ende-des-winters\/","og_locale":"en_US","og_type":"article","og_title":"Cornwalls Fr\u00fchlingserwachen und das Ende des Winters - Urlaub &amp; Reisen","og_description":"Der Fr\u00fchling h\u00e4lt in Cornwall viel fr\u00fcher Einzug als im \u00fcbrigen Gro\u00dfbritannien, und das Erbl\u00fchen der majest\u00e4tischen Magnolienb\u00e4ume verk\u00fcndet seinen Einzug. Die Magnolien sind ein besserer Indikator f\u00fcr den Fr\u00fchling als Narzissen. Sie erbl\u00fchen traditionellerweise zuerst in Cornwall, da die Grafschaft nun \u00fcber l\u00e4ngere Tage und h\u00f6here Temperaturen verf\u00fcgt, die das Erbl\u00fchen in Gang bringen. [&hellip;]","og_url":"https:\/\/www.urlaubcornwall.de\/blog\/cornwalls-fruehlingserwachen-und-das-ende-des-winters\/","og_site_name":"Urlaub &amp; Reisen","article_modified_time":"2024-02-20T12:05:53+00:00","og_image":[{"url":"https:\/\/www.urlaubcornwall.de\/blog\/wp-content\/uploads\/2015\/03\/Trewidden-Belle.jpg"}],"twitter_card":"summary","twitter_misc":{"Est. reading time":"2 minutes"},"schema":{"@context":"https:\/\/schema.org","@graph":[{"@type":"WebSite","@id":"https:\/\/www.urlaubcornwall.de\/blog\/#website","url":"https:\/\/www.urlaubcornwall.de\/blog\/","name":"Urlaub &amp; Reisen","description":"Urlaub, Reisen, Cornwall und S\u00fcdengland: eine perfekte Kombination","potentialAction":[{"@type":"SearchAction","target":{"@type":"EntryPoint","urlTemplate":"https:\/\/www.urlaubcornwall.de\/blog\/?s={search_term_string}"},"query-input":"required name=search_term_string"}],"inLanguage":"en-US"},{"@type":"WebPage","@id":"https:\/\/www.urlaubcornwall.de\/blog\/cornwalls-fruehlingserwachen-und-das-ende-des-winters\/","url":"https:\/\/www.urlaubcornwall.de\/blog\/cornwalls-fruehlingserwachen-und-das-ende-des-winters\/","name":"Cornwalls Fr\u00fchlingserwachen und das Ende des Winters - Urlaub &amp; Reisen","isPartOf":{"@id":"https:\/\/www.urlaubcornwall.de\/blog\/#website"},"datePublished":"2015-03-07T10:13:26+00:00","dateModified":"2024-02-20T12:05:53+00:00","breadcrumb":{"@id":"https:\/\/www.urlaubcornwall.de\/blog\/cornwalls-fruehlingserwachen-und-das-ende-des-winters\/#breadcrumb"},"inLanguage":"en-US","potentialAction":[{"@type":"ReadAction","target":["https:\/\/www.urlaubcornwall.de\/blog\/cornwalls-fruehlingserwachen-und-das-ende-des-winters\/"]}]},{"@type":"BreadcrumbList","@id":"https:\/\/www.urlaubcornwall.de\/blog\/cornwalls-fruehlingserwachen-und-das-ende-des-winters\/#breadcrumb","itemListElement":[{"@type":"ListItem","position":1,"name":"Home","item":"https:\/\/www.urlaubcornwall.de\/blog\/"},{"@type":"ListItem","position":2,"name":"Cornwalls Fr\u00fchlingserwachen und das Ende des Winters"}]}]}},"_links":{"self":[{"href":"https:\/\/www.urlaubcornwall.de\/blog\/wp-json\/wp\/v2\/pages\/18547"}],"collection":[{"href":"https:\/\/www.urlaubcornwall.de\/blog\/wp-json\/wp\/v2\/pages"}],"about":[{"href":"https:\/\/www.urlaubcornwall.de\/blog\/wp-json\/wp\/v2\/types\/page"}],"author":[{"embeddable":true,"href":"https:\/\/www.urlaubcornwall.de\/blog\/wp-json\/wp\/v2\/users\/1"}],"replies":[{"embeddable":true,"href":"https:\/\/www.urlaubcornwall.de\/blog\/wp-json\/wp\/v2\/comments?post=18547"}],"version-history":[{"count":22,"href":"https:\/\/www.urlaubcornwall.de\/blog\/wp-json\/wp\/v2\/pages\/18547\/revisions"}],"predecessor-version":[{"id":47570,"href":"https:\/\/www.urlaubcornwall.de\/blog\/wp-json\/wp\/v2\/pages\/18547\/revisions\/47570"}],"wp:attachment":[{"href":"https:\/\/www.urlaubcornwall.de\/blog\/wp-json\/wp\/v2\/media?parent=18547"}],"curies":[{"name":"wp","href":"https:\/\/api.w.org\/{rel}","templated":true}]}}