{"id":18444,"date":"2015-02-21T11:10:18","date_gmt":"2015-02-21T11:10:18","guid":{"rendered":"https:\/\/www.urlaubcornwall.de\/blog\/?page_id=18444"},"modified":"2019-04-02T09:07:33","modified_gmt":"2019-04-02T09:07:33","slug":"urlaub-in-gro%ce%b2britannien-unser-osterangebot-2015","status":"publish","type":"page","link":"https:\/\/www.urlaubcornwall.de\/blog\/urlaub-in-gro%ce%b2britannien-unser-osterangebot-2015\/","title":{"rendered":"Ferienh\u00e4user in Gro\u00dfbritannien \u2013 unser Osterangebot"},"content":{"rendered":"<p><strong>Urlaub in Gro\u00dfbritannien \u2013 unser Osterangebot <\/strong>Herausragende Unterk\u00fcnfte in fantastischen Urlaubsregionen in Cornwall, England, Schottland und Wales.<\/p>\n<p>Der Fr\u00fchling bringt l\u00e4ngere, mildere Tage. Daher ist Ostern der ideale Zeitpunkt, hinauszugehen und Zeit im Freien zu verbringen, sowie die Chance, kostbare Zeit mit Familie und Freunden zu verbringen.<\/p>\n<h2><a href=\"https:\/\/www.urlaubcornwall.de\/ferienhaeuser\/suedengland.php\">Ferienh\u00e4user &amp; Ferienwohnungen in England<\/a><\/h2>\n<h3>&nbsp;<\/h3>\n<table>\n<tbody>\n<tr>\n<td><img loading=\"lazy\" class=\"aligncenter size-full wp-image-7093\" style=\"border: 0pt none; padding: 0px;\" src=\"https:\/\/www.urlaubcornwall.de\/blog\/wp-content\/uploads\/2013\/09\/41.jpg\" alt=\"Ferienhaus St Austell \" width=\"148\" height=\"118\"\/><\/td>\n<td>\n<h3><strong>S\u00fcd Cornwall<\/strong><\/h3>\n<p>Die historischen alten B\u00e4che und gesch\u00fctzten Buchten rund um Falmouth und Fowey herum sind eine Spielwiese f\u00fcr Segler. Wir haben Ferienh\u00e4user an der S\u00fcdk\u00fcste von Cornwall f\u00fcr Sie im Angebot &#8230;<\/p>\n<h3>&nbsp;<\/h3>\n<p><a href=\"https:\/\/www.urlaubcornwall.de\/ferienhaeuser-fewos\/suedkueste-cornwall.html\"><strong><\/strong><strong><span style=\"text-decoration: underline;\"><strong>Erfahren Sie mehr<\/strong><\/span><\/strong><strong><\/strong><strong><\/strong><strong>&gt;&gt;<\/strong><\/a><\/p><\/td>\n<\/tr>\n<\/tbody>\n<\/table>\n<table>\n<tbody>\n<tr>\n<td><img loading=\"lazy\" class=\"aligncenter size-full wp-image-7093\" style=\"border: 0pt none; padding: 0px;\" src=\"https:\/\/www.urlaubcornwall.de\/blog\/wp-content\/uploads\/2013\/09\/00214.jpg\" alt=\"Ferienwohnungen Newquay\" width=\"148\" height=\"118\"\/><\/td>\n<td>\n<h3><strong>Nord Cornwall<\/strong><\/h3>\n<h3>&nbsp;<\/h3>\n<p>Die Nordk\u00fcste ist Cornwalls R\u00fcckgrat und bietet mit seiner 50 Meilen (80 km) langer K\u00fcstenstrecke einige der feinsten Str\u00e4nde weltweit.<strong><br \/>\n<\/strong><strong><br \/>\n<\/strong><a href=\"https:\/\/www.urlaubcornwall.de\/ferienhaeuser-fewos\/nordkueste-cornwall.html\"><strong><span style=\"text-decoration: underline;\"><strong>E<\/strong><\/span><\/strong><strong><span style=\"text-decoration: underline;\"><strong>rfahren Sie mehr<\/strong><\/span><\/strong><strong><\/strong><strong>&gt;&gt;<\/strong><\/a><\/p><\/td>\n<\/tr>\n<\/tbody>\n<\/table>\n<table>\n<tbody>\n<tr>\n<td><img loading=\"lazy\" class=\"aligncenter size-full wp-image-7094\" style=\"border: 0pt none; padding: 0px;\" src=\"https:\/\/www.urlaubcornwall.de\/blog\/wp-content\/uploads\/2013\/09\/007.jpg\" alt=\"Yorkshire Dales\" width=\"148\" height=\"118\"\/><\/td>\n<td>\n<h3><strong>Yorkshire Dales, Nordengland<\/strong><\/h3>\n<h3>&nbsp;<\/h3>\n<p>Die Yorkshire Dales bezaubern mit ihrer wundersch\u00f6nen Natur und bieten ihren Besuchern einen Geschmack des l\u00e4ndlichen Nordens von England. Die Ferienh\u00e4user von Natural Retreats liegen in der N\u00e4he der wundersch\u00f6nen Landschaft von Swaledale.<a href=\"https:\/\/www.urlaubcornwall.de\/ferienhaeuser-fewos\/eng\/yorkshire\/yorkshire.html\"><strong><span style=\"text-decoration: underline;\"><br \/>\n<\/span><\/strong><\/a><\/p>\n<h3>&nbsp;<\/h3>\n<p><a href=\"https:\/\/www.urlaubcornwall.de\/ferienhaeuser-fewos\/eng\/yorkshire\/yorkshire.html\"><span style=\"text-decoration: underline;\"><strong>Erfahren Sie mehr<\/strong><\/span><strong>&gt;&gt;<\/strong><\/a><\/p><\/td>\n<\/tr>\n<\/tbody>\n<\/table>\n<h3>&nbsp;<\/h3>\n<h2><a href=\"https:\/\/www.urlaubcornwall.de\/ferienhaeuser\/wales.php\"><strong>Ferienh\u00e4user &amp; Ferienwohnungen in Wales<\/strong><\/a><\/h2>\n<h3>&nbsp;<\/h3>\n<table>\n<tbody>\n<tr>\n<td><img loading=\"lazy\" class=\"aligncenter size-full wp-image-7095\" style=\"border: 0pt none; padding: 0px;\" src=\"https:\/\/www.urlaubcornwall.de\/blog\/wp-content\/uploads\/2013\/08\/IMGA0012.jpg\" alt=\"Ferienhaus Nordwales \" width=\"148\" height=\"118\"\/><\/td>\n<td>\n<h3><strong>Urlaub in Wales<\/strong><\/h3>\n<h3>&nbsp;<\/h3>\n<p>AWales hat jedoch mehr zu bieten als Berge; es verf\u00fcgt \u00fcber 1207 Kilometer K\u00fcste mit 100 Str\u00e4nden und wirkt bisweilen mediterran, da die laue Luft des Golfstroms diesen Teil Britanniens zuerst erreicht.<\/p>\n<h3>&nbsp;<\/h3>\n<p><a href=\"https:\/\/www.urlaubcornwall.de\/ferienhaeuser\/wales.php\"><strong><span style=\"text-decoration: underline;\">Erfahren Sie mehr<\/span><\/strong><strong> &gt;&gt;<\/strong><\/a><\/p><\/td>\n<\/tr>\n<\/tbody>\n<\/table>\n<h3>&nbsp;<\/h3>\n<h2><a href=\"https:\/\/www.urlaubcornwall.de\/ferienhaeuser\/schottland.php\">Ferienh\u00e4user &amp; Ferienwohnungen in Schottland<\/a><\/h2>\n<h3>&nbsp;<\/h3>\n<table>\n<tbody>\n<tr>\n<td><img loading=\"lazy\" class=\"aligncenter size-full wp-image-7095\" style=\"border: 0pt none; padding: 0px;\" src=\"https:\/\/www.urlaubcornwall.de\/blog\/wp-content\/uploads\/2013\/07\/001112.jpg\" alt=\"Highlands Schottland \" width=\"148\" height=\"118\"\/><\/td>\n<td>\n<h3><strong>Urlaub in Schottland Highlands<br \/>\n<\/strong><\/h3>\n<p>Wir haben auch eine gro\u00dfe Auswahl an Selbstversorger-Cottages, die Sie in Zentralschottland, S\u00fcdschottland, dem Grenzgebiet und in vielen weiteren schottischen St\u00e4dten und D\u00f6rfern mieten k\u00f6nnen.<\/p>\n<h3>&nbsp;<\/h3>\n<p><a href=\"https:\/\/www.urlaubcornwall.de\/blog\/ferienhaeuser-in-den-west-highlands-von-schottland\/\"><span style=\"text-decoration: underline;\"><strong>Erfahren Sie mehr <\/strong><\/span><strong>&gt;&gt;<\/strong><\/a><\/p><\/td>\n<\/tr>\n<\/tbody>\n<\/table>\n","protected":false},"excerpt":{"rendered":"<p>Urlaub in Gro\u00dfbritannien \u2013 unser Osterangebot Herausragende Unterk\u00fcnfte in fantastischen Urlaubsregionen in Cornwall, England, Schottland und Wales. Der Fr\u00fchling bringt l\u00e4ngere, mildere Tage. Daher ist Ostern der ideale Zeitpunkt, hinauszugehen und Zeit im Freien zu verbringen, sowie die Chance, kostbare Zeit mit Familie und Freunden zu verbringen. Ferienh\u00e4user &amp; Ferienwohnungen in England &nbsp; S\u00fcd Cornwall [&hellip;]<\/p>\n","protected":false},"author":1,"featured_media":0,"parent":0,"menu_order":0,"comment_status":"closed","ping_status":"closed","template":"single-four.php","meta":[],"acf":[],"yoast_head":"<!-- This site is optimized with the Yoast SEO plugin v19.4 - https:\/\/yoast.com\/wordpress\/plugins\/seo\/ -->\n<title>Ferienh\u00e4user in Gro\u00dfbritannien \u2013 unser Osterangebot - Urlaub &amp; Reisen<\/title>\n<meta name=\"robots\" content=\"index, follow, max-snippet:-1, max-image-preview:large, max-video-preview:-1\" \/>\n<link rel=\"canonical\" href=\"https:\/\/www.urlaubcornwall.de\/blog\/urlaub-in-gro\u03b2britannien-unser-osterangebot-2015\/\" \/>\n<meta property=\"og:locale\" content=\"en_US\" \/>\n<meta property=\"og:type\" content=\"article\" \/>\n<meta property=\"og:title\" content=\"Ferienh\u00e4user in Gro\u00dfbritannien \u2013 unser Osterangebot - Urlaub &amp; Reisen\" \/>\n<meta property=\"og:description\" content=\"Urlaub in Gro\u00dfbritannien \u2013 unser Osterangebot Herausragende Unterk\u00fcnfte in fantastischen Urlaubsregionen in Cornwall, England, Schottland und Wales. Der Fr\u00fchling bringt l\u00e4ngere, mildere Tage. Daher ist Ostern der ideale Zeitpunkt, hinauszugehen und Zeit im Freien zu verbringen, sowie die Chance, kostbare Zeit mit Familie und Freunden zu verbringen. Ferienh\u00e4user &amp; Ferienwohnungen in England &nbsp; S\u00fcd Cornwall [&hellip;]\" \/>\n<meta property=\"og:url\" content=\"https:\/\/www.urlaubcornwall.de\/blog\/urlaub-in-gro\u03b2britannien-unser-osterangebot-2015\/\" \/>\n<meta property=\"og:site_name\" content=\"Urlaub &amp; Reisen\" \/>\n<meta property=\"article:modified_time\" content=\"2019-04-02T09:07:33+00:00\" \/>\n<meta property=\"og:image\" content=\"https:\/\/www.urlaubcornwall.de\/blog\/wp-content\/uploads\/2013\/09\/41.jpg\" \/>\n<meta name=\"twitter:card\" content=\"summary\" \/>\n<meta name=\"twitter:label1\" content=\"Est. reading time\" \/>\n\t<meta name=\"twitter:data1\" content=\"1 minute\" \/>\n<script type=\"application\/ld+json\" class=\"yoast-schema-graph\">{\"@context\":\"https:\/\/schema.org\",\"@graph\":[{\"@type\":\"WebSite\",\"@id\":\"https:\/\/www.urlaubcornwall.de\/blog\/#website\",\"url\":\"https:\/\/www.urlaubcornwall.de\/blog\/\",\"name\":\"Urlaub &amp; Reisen\",\"description\":\"Urlaub, Reisen, Cornwall und S\u00fcdengland: eine perfekte Kombination\",\"potentialAction\":[{\"@type\":\"SearchAction\",\"target\":{\"@type\":\"EntryPoint\",\"urlTemplate\":\"https:\/\/www.urlaubcornwall.de\/blog\/?s={search_term_string}\"},\"query-input\":\"required name=search_term_string\"}],\"inLanguage\":\"en-US\"},{\"@type\":\"WebPage\",\"@id\":\"https:\/\/www.urlaubcornwall.de\/blog\/urlaub-in-gro%ce%b2britannien-unser-osterangebot-2015\/\",\"url\":\"https:\/\/www.urlaubcornwall.de\/blog\/urlaub-in-gro%ce%b2britannien-unser-osterangebot-2015\/\",\"name\":\"Ferienh\u00e4user in Gro\u00dfbritannien \u2013 unser Osterangebot - Urlaub &amp; Reisen\",\"isPartOf\":{\"@id\":\"https:\/\/www.urlaubcornwall.de\/blog\/#website\"},\"datePublished\":\"2015-02-21T11:10:18+00:00\",\"dateModified\":\"2019-04-02T09:07:33+00:00\",\"breadcrumb\":{\"@id\":\"https:\/\/www.urlaubcornwall.de\/blog\/urlaub-in-gro%ce%b2britannien-unser-osterangebot-2015\/#breadcrumb\"},\"inLanguage\":\"en-US\",\"potentialAction\":[{\"@type\":\"ReadAction\",\"target\":[\"https:\/\/www.urlaubcornwall.de\/blog\/urlaub-in-gro%ce%b2britannien-unser-osterangebot-2015\/\"]}]},{\"@type\":\"BreadcrumbList\",\"@id\":\"https:\/\/www.urlaubcornwall.de\/blog\/urlaub-in-gro%ce%b2britannien-unser-osterangebot-2015\/#breadcrumb\",\"itemListElement\":[{\"@type\":\"ListItem\",\"position\":1,\"name\":\"Home\",\"item\":\"https:\/\/www.urlaubcornwall.de\/blog\/\"},{\"@type\":\"ListItem\",\"position\":2,\"name\":\"Ferienh\u00e4user in Gro\u00dfbritannien \u2013 unser Osterangebot\"}]}]}<\/script>\n<!-- \/ Yoast SEO plugin. -->","yoast_head_json":{"title":"Ferienh\u00e4user in Gro\u00dfbritannien \u2013 unser Osterangebot - Urlaub &amp; Reisen","robots":{"index":"index","follow":"follow","max-snippet":"max-snippet:-1","max-image-preview":"max-image-preview:large","max-video-preview":"max-video-preview:-1"},"canonical":"https:\/\/www.urlaubcornwall.de\/blog\/urlaub-in-gro\u03b2britannien-unser-osterangebot-2015\/","og_locale":"en_US","og_type":"article","og_title":"Ferienh\u00e4user in Gro\u00dfbritannien \u2013 unser Osterangebot - Urlaub &amp; Reisen","og_description":"Urlaub in Gro\u00dfbritannien \u2013 unser Osterangebot Herausragende Unterk\u00fcnfte in fantastischen Urlaubsregionen in Cornwall, England, Schottland und Wales. Der Fr\u00fchling bringt l\u00e4ngere, mildere Tage. Daher ist Ostern der ideale Zeitpunkt, hinauszugehen und Zeit im Freien zu verbringen, sowie die Chance, kostbare Zeit mit Familie und Freunden zu verbringen. Ferienh\u00e4user &amp; Ferienwohnungen in England &nbsp; S\u00fcd Cornwall [&hellip;]","og_url":"https:\/\/www.urlaubcornwall.de\/blog\/urlaub-in-gro\u03b2britannien-unser-osterangebot-2015\/","og_site_name":"Urlaub &amp; Reisen","article_modified_time":"2019-04-02T09:07:33+00:00","og_image":[{"url":"https:\/\/www.urlaubcornwall.de\/blog\/wp-content\/uploads\/2013\/09\/41.jpg"}],"twitter_card":"summary","twitter_misc":{"Est. reading time":"1 minute"},"schema":{"@context":"https:\/\/schema.org","@graph":[{"@type":"WebSite","@id":"https:\/\/www.urlaubcornwall.de\/blog\/#website","url":"https:\/\/www.urlaubcornwall.de\/blog\/","name":"Urlaub &amp; Reisen","description":"Urlaub, Reisen, Cornwall und S\u00fcdengland: eine perfekte Kombination","potentialAction":[{"@type":"SearchAction","target":{"@type":"EntryPoint","urlTemplate":"https:\/\/www.urlaubcornwall.de\/blog\/?s={search_term_string}"},"query-input":"required name=search_term_string"}],"inLanguage":"en-US"},{"@type":"WebPage","@id":"https:\/\/www.urlaubcornwall.de\/blog\/urlaub-in-gro%ce%b2britannien-unser-osterangebot-2015\/","url":"https:\/\/www.urlaubcornwall.de\/blog\/urlaub-in-gro%ce%b2britannien-unser-osterangebot-2015\/","name":"Ferienh\u00e4user in Gro\u00dfbritannien \u2013 unser Osterangebot - Urlaub &amp; Reisen","isPartOf":{"@id":"https:\/\/www.urlaubcornwall.de\/blog\/#website"},"datePublished":"2015-02-21T11:10:18+00:00","dateModified":"2019-04-02T09:07:33+00:00","breadcrumb":{"@id":"https:\/\/www.urlaubcornwall.de\/blog\/urlaub-in-gro%ce%b2britannien-unser-osterangebot-2015\/#breadcrumb"},"inLanguage":"en-US","potentialAction":[{"@type":"ReadAction","target":["https:\/\/www.urlaubcornwall.de\/blog\/urlaub-in-gro%ce%b2britannien-unser-osterangebot-2015\/"]}]},{"@type":"BreadcrumbList","@id":"https:\/\/www.urlaubcornwall.de\/blog\/urlaub-in-gro%ce%b2britannien-unser-osterangebot-2015\/#breadcrumb","itemListElement":[{"@type":"ListItem","position":1,"name":"Home","item":"https:\/\/www.urlaubcornwall.de\/blog\/"},{"@type":"ListItem","position":2,"name":"Ferienh\u00e4user in Gro\u00dfbritannien \u2013 unser Osterangebot"}]}]}},"_links":{"self":[{"href":"https:\/\/www.urlaubcornwall.de\/blog\/wp-json\/wp\/v2\/pages\/18444"}],"collection":[{"href":"https:\/\/www.urlaubcornwall.de\/blog\/wp-json\/wp\/v2\/pages"}],"about":[{"href":"https:\/\/www.urlaubcornwall.de\/blog\/wp-json\/wp\/v2\/types\/page"}],"author":[{"embeddable":true,"href":"https:\/\/www.urlaubcornwall.de\/blog\/wp-json\/wp\/v2\/users\/1"}],"replies":[{"embeddable":true,"href":"https:\/\/www.urlaubcornwall.de\/blog\/wp-json\/wp\/v2\/comments?post=18444"}],"version-history":[{"count":12,"href":"https:\/\/www.urlaubcornwall.de\/blog\/wp-json\/wp\/v2\/pages\/18444\/revisions"}],"predecessor-version":[{"id":37154,"href":"https:\/\/www.urlaubcornwall.de\/blog\/wp-json\/wp\/v2\/pages\/18444\/revisions\/37154"}],"wp:attachment":[{"href":"https:\/\/www.urlaubcornwall.de\/blog\/wp-json\/wp\/v2\/media?parent=18444"}],"curies":[{"name":"wp","href":"https:\/\/api.w.org\/{rel}","templated":true}]}}