{"id":18217,"date":"2015-02-17T12:29:33","date_gmt":"2015-02-17T12:29:33","guid":{"rendered":"https:\/\/www.urlaubcornwall.de\/blog\/?page_id=18217"},"modified":"2024-04-02T15:48:23","modified_gmt":"2024-04-02T15:48:23","slug":"ferienparks-und-ferienanlage-in-schottland-fuer-ihren-urlaub-in-den-highlands","status":"publish","type":"page","link":"https:\/\/www.urlaubcornwall.de\/blog\/ferienparks-und-ferienanlage-in-schottland-fuer-ihren-urlaub-in-den-highlands\/","title":{"rendered":"Ferienparks und Ferienanlagen in Schottland f\u00fcr Ihren Urlaub in den Highlands."},"content":{"rendered":"<p><img loading=\"lazy\" class=\"aligncenter size-full wp-image-48021\" src=\"https:\/\/www.urlaubcornwall.de\/blog\/wp-content\/uploads\/2024\/03\/Quirang-View-Digg-schottland.jpg\" alt=\"Quirang View, Digg schottland\" width=\"750\" height=\"456\" srcset=\"https:\/\/www.urlaubcornwall.de\/blog\/wp-content\/uploads\/2024\/03\/Quirang-View-Digg-schottland.jpg 750w, https:\/\/www.urlaubcornwall.de\/blog\/wp-content\/uploads\/2024\/03\/Quirang-View-Digg-schottland-300x182.jpg 300w\" sizes=\"(max-width: 750px) 100vw, 750px\" \/><\/p>\n<p><strong>Bei uns finden Sie\u00a0Ferienparks und Ferienanlage zum Verlieben \u2013 so einfach ist das!<\/strong> UrlaubCornwall.de verf\u00fcgt <a href=\"https:\/\/www.booking.com\/holiday-parks\/region\/gb\/scotland.de.html?aid=1320750\" rel=\"nofollow\">Ferienparks und Ferienanlagein Schottland<\/a> f\u00fcr Ihren G\u00fcnstig Urlaub in in den schottischen Highlands.<\/p>\n<p>Um mit unserem Team in Kontakt zu treten, schicken Sie uns <a href=\"rel=\"nofollow\"><strong><u>Ihre Anforderungen<\/u><\/strong>. <\/a>Lassen Sie ein konkretes Angebot kostenlos erstellen, wir beraten Sie gerne!<\/p>\n<table>\n<tbody>\n<tr>\n<td><img loading=\"lazy\" class=\"aligncenter size-full wp-image-7090\" style=\"border: 0pt none; padding: 0px;\" src=\"https:\/\/www.urlaubcornwall.de\/blog\/wp-content\/uploads\/2015\/02\/ferienpark_in_fort_william__gbs01063_01.jpg\" alt=\"Ferienpark in Fort William\" width=\"148\" height=\"98\" \/><\/td>\n<td><b><a href=\"https:\/\/www.booking.com\/holiday-parks\/region\/gb\/scotland.de.html?aid=1320750\" rel=\"nofollow\"\">Ferienpark in Fort William<\/a><\/b>, <strong>Schottland, Highlands<\/strong>\n<h3><\/h3>\n<p>Holzh\u00e4user, gem\u00fctlich eingerichtet, 2-3 Schlafzimmer, Schlafplatz f\u00fcr 4-6, hundefreundlich, Offene K\u00fcche, WLAN, Glencoe 32 km, Ben vis 8 km, Flughafen Glasgow 167 km.<\/p>\n<h3><\/h3>\n<p><strong>ab 526,- <b>\u20ac<br \/>\n<\/b><\/strong><\/p><\/td>\n<\/tr>\n<\/tbody>\n<\/table>\n<table>\n<tbody>\n<tr>\n<td><img loading=\"lazy\" class=\"aligncenter size-full wp-image-7090\" style=\"border: 0pt none; padding: 0px;\" src=\" https:\/\/www.urlaubcornwall.de\/blog\/wp-content\/uploads\/2015\/02\/clan_donald_skye_lodges_in_armadale_isle_of_skye__gbs01060_20.jpg\" alt=\"Ferienpark Deeside\" width=\"148\" height=\"98\" \/><\/td>\n<td><strong><b><a href=\"https:\/\/www.booking.com\/holiday-parks\/region\/gb\/scotland.de.html?aid=1320750\" rel=\"nofollow\"\">Clan Donald Skye Ferienh\u00e4user<\/a>, Insel Skye<\/b><br \/>\n<\/strong>\n<h3><\/h3>\n<p>Komfortable Appartements, Lodges sowie ein traditionelles Cottage in ruhiger Lage, 2-3 Schlafzimmer , Schlafplatz f\u00fcr 4-5, Restaurant, Caf\u00e9, Ortszentrum 4.2 km, Restaurant im Ort, Bahnhof Kyle of Lochalsh 32 km, Fort William 81 km, Flughafen Glasgow 239 km.<\/p>\n<h3><\/h3>\n<p><strong>ab 529,- <b>\u20ac<br \/>\n<\/b><\/strong><\/p><\/td>\n<\/tr>\n<\/tbody>\n<\/table>\n<table>\n<tbody>\n<tr>\n<td><img loading=\"lazy\" class=\"aligncenter size-full wp-image-7090\" style=\"border: 0pt none; padding: 0px;\" src=\" https:\/\/www.urlaubcornwall.de\/blog\/wp-content\/uploads\/2015\/02\/lochanhully_woodland_club_in_carrbridge__gbs01003_01.jpg\" alt=\"ferienhaus cairngorms \" width=\"148\" height=\"98\" \/><\/td>\n<td><strong><span class=\"fn\"><a href=\"https:\/\/www.booking.com\/holiday-parks\/region\/gb\/scotland.de.html?aid=1320750\" rel=\"nofollow\"\">Ferienpark in Carrbridge<\/a>, Cairngorms Nationalpark<br \/>\n<\/span><\/strong>\n<h3><\/h3>\n<p>2 Schlafzimmer , Schlafplatz f\u00fcr 6 , See Lochanhully 50 m, Pub im Ort, hundefreundlich, Sauna, Ferienhaus 14km von Aviemore .<\/p>\n<h3><\/h3>\n<p><strong> ab 589,-<\/strong> <b>\u20ac<br \/>\n<\/b><\/p><\/td>\n<\/tr>\n<\/tbody>\n<tbody>\n<tr>\n<td><img loading=\"lazy\" class=\"aligncenter size-full wp-image-7090\" style=\"border: 0pt none; padding: 0px;\" src=\" https:\/\/www.urlaubcornwall.de\/blog\/wp-content\/uploads\/2015\/02\/achmony_holiday_chalets_in_drumnadrochit__gbs01033_10.jpg\" alt=\"ferienhaus loch ness\" width=\"148\" height=\"98\" \/><\/td>\n<td><b><a href=\"https:\/\/www.booking.com\/holiday-parks\/region\/gb\/scotland.de.html?aid=1320750\" rel=\"nofollow\"\">Kleine Ferienanlage in Drumnadrochit<\/a>, Schottland Highlands<br \/>\n<\/b>\n<h3><\/h3>\n<p>3 Schlafzimmer , Schlafplatz f\u00fcr 6 , See Loch Ness 1.2 km , Einkauf im Ort, Pub 1 km, Ferienhaus Drumnadrochit 32km von Flughafen Inverness .<\/p>\n<h3><\/h3>\n<p><strong> ab 679,- <b>\u20ac<br \/>\n<\/b><\/strong><\/p><\/td>\n<\/tr>\n<\/tbody>\n<tbody>\n<tr>\n<td><img loading=\"lazy\" class=\"aligncenter size-full wp-image-7090\" style=\"border: 0pt none; padding: 0px;\" src=\"https:\/\/www.urlaubcornwall.de\/blog\/wp-content\/uploads\/2015\/02\/cottages_und_lodges_in_tomich__gbs01059_01.jpg\" alt=\"cottage schottland highlands\" width=\"148\" height=\"98\" \/><\/td>\n<td><b><strong><a href=\"https:\/\/www.booking.com\/holiday-parks\/region\/gb\/scotland.de.html?aid=1320750\" rel=\"nofollow\"\">Ferienh\u00e4user und Lodges in Tomich<\/a>, Schottland, Highlands, in der N\u00e4he Beauly<\/strong><br \/>\n<\/b>\n<h3><\/h3>\n<p>2-3 Schlafzimmer, Schlafplatz f\u00fcr 4-6, 150 qm, See Loch Ness 25 km, 62 Kilometer von Flughafen Inverness.<\/p>\n<h3><\/h3>\n<p><strong>ab 442,- <b>\u20ac<br \/>\n<\/b><\/strong><\/p><\/td>\n<\/tr>\n<\/tbody>\n<tbody>\n<tr>\n<td><img loading=\"lazy\" class=\"aligncenter size-full wp-image-7090\" style=\"border: 0pt none; padding: 0px;\" src=\" https:\/\/www.urlaubcornwall.de\/blog\/wp-content\/uploads\/2015\/02\/kiltarlity_lodges_bei_beauly__gbs01054_01.jpg \" alt=\"Ferienanlage Schottland Highlands\" width=\"148\" height=\"98\" \/><\/td>\n<td><strong><b><a href=\"https:\/\/www.booking.com\/holiday-parks\/region\/gb\/scotland.de.html?aid=1320750\" rel=\"nofollow\"\">Kleine Ferienanlage direkt am River Beauly<\/a>, Schottland, Highlands, Inverness-shire<br \/>\n<\/b><\/strong>\n<h3><\/h3>\n<p>2-3 Schlafzimmer , Schlafplatz f\u00fcr 4-6 , Chalets, einfache, aber gepflegte Einrichtung, See Loch Ness (11 km), Ferienh\u00e4user 22 Kilometer von Inverness.<\/p>\n<h3><\/h3>\n<p><strong>ab 475,- <b>\u20ac<br \/>\n<\/b><\/strong><\/p><\/td>\n<\/tr>\n<\/tbody>\n<tbody>\n<tr>\n<td><img loading=\"lazy\" class=\"aligncenter size-full wp-image-7090\" style=\"border: 0pt none; padding: 0px;\" src=\" https:\/\/www.urlaubcornwall.de\/blog\/wp-content\/uploads\/2015\/02\/spey_valley_golf_und_country_club_in_dalfaber__gbs01050_22.jpg \" alt=\"Ferienhauser aviemore\" width=\"148\" height=\"98\" \/><\/td>\n<td><strong><b><a href=\"https:\/\/www.booking.com\/holiday-parks\/region\/gb\/scotland.de.html?aid=1320750\" rel=\"nofollow\"\">Spey Valley Golfplatz &amp; Country Club in Dalfaber<\/a>, Schottland, Highlands, Aviemore<br \/>\n<\/b><\/strong>\n<h3><\/h3>\n<p>2 Schlafzimmer , Schlafplatz f\u00fcr max. 6, 55-110 qm , gem\u00fctlichen Chalets im Tal des River Spey, See Loch Ness 60 km, Ortszentrum 2 km, Bahnhof aviemore\/Cairngorm 2 km, Flughafen Inverness 57 km, Edinburgh 204 km.<\/p>\n<h3><\/h3>\n<p><strong>ab 589,- <b>\u20ac<br \/>\n<\/b><\/strong><\/p><\/td>\n<\/tr>\n<\/tbody>\n<tbody>\n<tr>\n<td><img loading=\"lazy\" class=\"aligncenter size-full wp-image-7090\" style=\"border: 0pt none; padding: 0px;\" src=\" https:\/\/www.urlaubcornwall.de\/blog\/wp-content\/uploads\/2015\/02\/lochinver_holiday_lodges_in_lochinver__gbs01042_19.jpg \" alt=\" ferienhaus lochinver \" width=\"148\" height=\"98\" \/><\/td>\n<td><b><strong><a href=\"https:\/\/www.booking.com\/holiday-parks\/region\/gb\/scotland.de.html?aid=1320750\" rel=\"nofollow\"\">Lochinver Ferienh\u00e4user am Meer Lochinver<\/a><\/strong><\/b>\n<h3><\/h3>\n<p>Geschmackvoll eingerichtete Ferienh\u00e4user in Traumlage, 2 Schlafzimmer , Schlafplatz f\u00fcr 4, WLAN , PKW-Stellpl\u00e4tze, Ferienhaus 3km von Lochinver, Ullapool 40km.<\/p>\n<h3><\/h3>\n<p><strong> ab 619,- <b>\u20ac<br \/>\n<\/b><\/strong><\/p><\/td>\n<\/tr>\n<\/tbody>\n<tbody>\n<tr>\n<td><img loading=\"lazy\" class=\"aligncenter size-full wp-image-7090\" style=\"border: 0pt none; padding: 0px;\" src=\" https:\/\/www.urlaubcornwall.de\/blog\/wp-content\/uploads\/2015\/02\/appartment_river_walk_in_inverness__gbs01062_01.jpg\" alt=\"Appartment inverness \" width=\"148\" height=\"98\" \/><\/td>\n<td><strong><span class=\"fn\"><b><a href=\"https:\/\/www.booking.com\/holiday-parks\/region\/gb\/scotland.de.html?aid=1320750\" rel=\"nofollow\"\">Appartments in Inverness<\/a><\/b>, Schottland, Highlands<br \/>\n<\/span><\/strong>\n<h3><\/h3>\n<p>Ferienwohnungen dicht am Fluss in Inverness<b>, <\/b>2 Schlafzimmer , Schlafplatz f\u00fcr 2-4 , 72 qm, im modernen Stil, Einkauf 700 m, Pub und Restaurant 500 m, WLAN.<\/p>\n<h3><\/h3>\n<p><strong> ab 689,-<\/strong> <b>\u20ac<br \/>\n<\/b><\/p><\/td>\n<\/tr>\n<\/tbody>\n<\/table>\n<p><strong>Wenn Sie Ihre Selbstfahrerreise bei uns buchen, genie\u00dfen Sie folgende Vorteile:<\/strong><\/p>\n<ol>\n<li>Gerne erstellen wir Ihnen einen individuellen Reiseverlauf<\/li>\n<li>Grosse Auswahl und Kontingente, auch in der Hochsaison<\/li>\n<li>Kompetente Beratung und Planung<\/li>\n<li>G\u00fcnstiger als bei einer Buchung vor Ort<\/li>\n<li>Zeitersparnis im Vorfeld und vor Ort, wenn alles schon vorgebucht ist<\/li>\n<\/ol>\n<p style=\"text-align: left;\">Hier finden Sie unsere Auswahl an fantastischen<strong> <a href=\"https:\/\/www.urlaubcornwall.de\/blog\/rundreisen-schottland\/\">Rundreisen <\/a><\/strong> und <strong><a href=\"https:\/\/www.urlaubcornwall.de\/blog\/busreisen-durch-schottland-schottischen-highlands-und-inseln\/\"> Busrundreisen in Schottland<\/a>.<\/strong><\/p>\n<p>Unsere Websitedetails zeigen lediglich eine kleine Auswahl dessen, was wir anbieten k\u00f6nnen. Hier finden Sie eine Auswahl an Touren und Rundreisen in Schottland.<\/p>\n<p><strong>Oder<\/strong> wenn Sie vielleicht ganz besondere Anforderungen haben, k\u00f6nnen wir Ihnen ein auf Sie zugeschnittenes Paket zusammenstellen. Unsere Urlaubsspezialisten bieten einen umfassenden Reiseservice einschlie\u00dflich Fl\u00fcgen, F\u00e4hren, Autovermietung und Unterkunft, die jedem Geldbeutel gerecht werden.<\/p>\n<p>Um mit unserem Team in Kontakt zu treten, schicken Sie uns <a href=\"http:\/\/www.urlaubcornwall.de\/anfrage.php\"><strong><u>Ihre Anforderungen<\/u><\/strong>. <\/a>Lassen Sie ein konkretes Angebot kostenlos erstellen, wir beraten Sie gerne!<\/p>\n","protected":false},"excerpt":{"rendered":"<p>Bei uns finden Sie\u00a0Ferienparks und Ferienanlage zum Verlieben \u2013 so einfach ist das! UrlaubCornwall.de verf\u00fcgt Ferienparks und Ferienanlagein Schottland f\u00fcr Ihren G\u00fcnstig Urlaub in in den schottischen Highlands. Um mit unserem Team in Kontakt zu treten, schicken Sie uns Ferienpark in Fort William, Schottland, Highlands Holzh\u00e4user, gem\u00fctlich eingerichtet, 2-3 Schlafzimmer, Schlafplatz f\u00fcr 4-6, hundefreundlich, Offene [&hellip;]<\/p>\n","protected":false},"author":1,"featured_media":0,"parent":0,"menu_order":0,"comment_status":"closed","ping_status":"closed","template":"single-four.php","meta":[],"acf":[],"yoast_head":"<!-- This site is optimized with the Yoast SEO plugin v19.4 - https:\/\/yoast.com\/wordpress\/plugins\/seo\/ -->\n<title>Ferienparks und Ferienanlagen in Schottland f\u00fcr Ihren Urlaub in den Highlands. - Urlaub &amp; Reisen<\/title>\n<meta name=\"robots\" content=\"index, follow, max-snippet:-1, max-image-preview:large, max-video-preview:-1\" \/>\n<link rel=\"canonical\" href=\"https:\/\/www.urlaubcornwall.de\/blog\/ferienparks-und-ferienanlage-in-schottland-fuer-ihren-urlaub-in-den-highlands\/\" \/>\n<meta property=\"og:locale\" content=\"en_US\" \/>\n<meta property=\"og:type\" content=\"article\" \/>\n<meta property=\"og:title\" content=\"Ferienparks und Ferienanlagen in Schottland f\u00fcr Ihren Urlaub in den Highlands. - Urlaub &amp; Reisen\" \/>\n<meta property=\"og:description\" content=\"Bei uns finden Sie\u00a0Ferienparks und Ferienanlage zum Verlieben \u2013 so einfach ist das! UrlaubCornwall.de verf\u00fcgt Ferienparks und Ferienanlagein Schottland f\u00fcr Ihren G\u00fcnstig Urlaub in in den schottischen Highlands. Um mit unserem Team in Kontakt zu treten, schicken Sie uns Ferienpark in Fort William, Schottland, Highlands Holzh\u00e4user, gem\u00fctlich eingerichtet, 2-3 Schlafzimmer, Schlafplatz f\u00fcr 4-6, hundefreundlich, Offene [&hellip;]\" \/>\n<meta property=\"og:url\" content=\"https:\/\/www.urlaubcornwall.de\/blog\/ferienparks-und-ferienanlage-in-schottland-fuer-ihren-urlaub-in-den-highlands\/\" \/>\n<meta property=\"og:site_name\" content=\"Urlaub &amp; Reisen\" \/>\n<meta property=\"article:modified_time\" content=\"2024-04-02T15:48:23+00:00\" \/>\n<meta property=\"og:image\" content=\"https:\/\/www.urlaubcornwall.de\/blog\/wp-content\/uploads\/2024\/03\/Quirang-View-Digg-schottland.jpg\" \/>\n<meta name=\"twitter:card\" content=\"summary\" \/>\n<meta name=\"twitter:label1\" content=\"Est. reading time\" \/>\n\t<meta name=\"twitter:data1\" content=\"5 minutes\" \/>\n<script type=\"application\/ld+json\" class=\"yoast-schema-graph\">{\"@context\":\"https:\/\/schema.org\",\"@graph\":[{\"@type\":\"WebSite\",\"@id\":\"https:\/\/www.urlaubcornwall.de\/blog\/#website\",\"url\":\"https:\/\/www.urlaubcornwall.de\/blog\/\",\"name\":\"Urlaub &amp; Reisen\",\"description\":\"Urlaub, Reisen, Cornwall und S\u00fcdengland: eine perfekte Kombination\",\"potentialAction\":[{\"@type\":\"SearchAction\",\"target\":{\"@type\":\"EntryPoint\",\"urlTemplate\":\"https:\/\/www.urlaubcornwall.de\/blog\/?s={search_term_string}\"},\"query-input\":\"required name=search_term_string\"}],\"inLanguage\":\"en-US\"},{\"@type\":\"WebPage\",\"@id\":\"https:\/\/www.urlaubcornwall.de\/blog\/ferienparks-und-ferienanlage-in-schottland-fuer-ihren-urlaub-in-den-highlands\/\",\"url\":\"https:\/\/www.urlaubcornwall.de\/blog\/ferienparks-und-ferienanlage-in-schottland-fuer-ihren-urlaub-in-den-highlands\/\",\"name\":\"Ferienparks und Ferienanlagen in Schottland f\u00fcr Ihren Urlaub in den Highlands. - Urlaub &amp; Reisen\",\"isPartOf\":{\"@id\":\"https:\/\/www.urlaubcornwall.de\/blog\/#website\"},\"datePublished\":\"2015-02-17T12:29:33+00:00\",\"dateModified\":\"2024-04-02T15:48:23+00:00\",\"breadcrumb\":{\"@id\":\"https:\/\/www.urlaubcornwall.de\/blog\/ferienparks-und-ferienanlage-in-schottland-fuer-ihren-urlaub-in-den-highlands\/#breadcrumb\"},\"inLanguage\":\"en-US\",\"potentialAction\":[{\"@type\":\"ReadAction\",\"target\":[\"https:\/\/www.urlaubcornwall.de\/blog\/ferienparks-und-ferienanlage-in-schottland-fuer-ihren-urlaub-in-den-highlands\/\"]}]},{\"@type\":\"BreadcrumbList\",\"@id\":\"https:\/\/www.urlaubcornwall.de\/blog\/ferienparks-und-ferienanlage-in-schottland-fuer-ihren-urlaub-in-den-highlands\/#breadcrumb\",\"itemListElement\":[{\"@type\":\"ListItem\",\"position\":1,\"name\":\"Home\",\"item\":\"https:\/\/www.urlaubcornwall.de\/blog\/\"},{\"@type\":\"ListItem\",\"position\":2,\"name\":\"Ferienparks und Ferienanlagen in Schottland f\u00fcr Ihren Urlaub in den Highlands.\"}]}]}<\/script>\n<!-- \/ Yoast SEO plugin. -->","yoast_head_json":{"title":"Ferienparks und Ferienanlagen in Schottland f\u00fcr Ihren Urlaub in den Highlands. - Urlaub &amp; Reisen","robots":{"index":"index","follow":"follow","max-snippet":"max-snippet:-1","max-image-preview":"max-image-preview:large","max-video-preview":"max-video-preview:-1"},"canonical":"https:\/\/www.urlaubcornwall.de\/blog\/ferienparks-und-ferienanlage-in-schottland-fuer-ihren-urlaub-in-den-highlands\/","og_locale":"en_US","og_type":"article","og_title":"Ferienparks und Ferienanlagen in Schottland f\u00fcr Ihren Urlaub in den Highlands. - Urlaub &amp; Reisen","og_description":"Bei uns finden Sie\u00a0Ferienparks und Ferienanlage zum Verlieben \u2013 so einfach ist das! UrlaubCornwall.de verf\u00fcgt Ferienparks und Ferienanlagein Schottland f\u00fcr Ihren G\u00fcnstig Urlaub in in den schottischen Highlands. Um mit unserem Team in Kontakt zu treten, schicken Sie uns Ferienpark in Fort William, Schottland, Highlands Holzh\u00e4user, gem\u00fctlich eingerichtet, 2-3 Schlafzimmer, Schlafplatz f\u00fcr 4-6, hundefreundlich, Offene [&hellip;]","og_url":"https:\/\/www.urlaubcornwall.de\/blog\/ferienparks-und-ferienanlage-in-schottland-fuer-ihren-urlaub-in-den-highlands\/","og_site_name":"Urlaub &amp; Reisen","article_modified_time":"2024-04-02T15:48:23+00:00","og_image":[{"url":"https:\/\/www.urlaubcornwall.de\/blog\/wp-content\/uploads\/2024\/03\/Quirang-View-Digg-schottland.jpg"}],"twitter_card":"summary","twitter_misc":{"Est. reading time":"5 minutes"},"schema":{"@context":"https:\/\/schema.org","@graph":[{"@type":"WebSite","@id":"https:\/\/www.urlaubcornwall.de\/blog\/#website","url":"https:\/\/www.urlaubcornwall.de\/blog\/","name":"Urlaub &amp; Reisen","description":"Urlaub, Reisen, Cornwall und S\u00fcdengland: eine perfekte Kombination","potentialAction":[{"@type":"SearchAction","target":{"@type":"EntryPoint","urlTemplate":"https:\/\/www.urlaubcornwall.de\/blog\/?s={search_term_string}"},"query-input":"required name=search_term_string"}],"inLanguage":"en-US"},{"@type":"WebPage","@id":"https:\/\/www.urlaubcornwall.de\/blog\/ferienparks-und-ferienanlage-in-schottland-fuer-ihren-urlaub-in-den-highlands\/","url":"https:\/\/www.urlaubcornwall.de\/blog\/ferienparks-und-ferienanlage-in-schottland-fuer-ihren-urlaub-in-den-highlands\/","name":"Ferienparks und Ferienanlagen in Schottland f\u00fcr Ihren Urlaub in den Highlands. - Urlaub &amp; Reisen","isPartOf":{"@id":"https:\/\/www.urlaubcornwall.de\/blog\/#website"},"datePublished":"2015-02-17T12:29:33+00:00","dateModified":"2024-04-02T15:48:23+00:00","breadcrumb":{"@id":"https:\/\/www.urlaubcornwall.de\/blog\/ferienparks-und-ferienanlage-in-schottland-fuer-ihren-urlaub-in-den-highlands\/#breadcrumb"},"inLanguage":"en-US","potentialAction":[{"@type":"ReadAction","target":["https:\/\/www.urlaubcornwall.de\/blog\/ferienparks-und-ferienanlage-in-schottland-fuer-ihren-urlaub-in-den-highlands\/"]}]},{"@type":"BreadcrumbList","@id":"https:\/\/www.urlaubcornwall.de\/blog\/ferienparks-und-ferienanlage-in-schottland-fuer-ihren-urlaub-in-den-highlands\/#breadcrumb","itemListElement":[{"@type":"ListItem","position":1,"name":"Home","item":"https:\/\/www.urlaubcornwall.de\/blog\/"},{"@type":"ListItem","position":2,"name":"Ferienparks und Ferienanlagen in Schottland f\u00fcr Ihren Urlaub in den Highlands."}]}]}},"_links":{"self":[{"href":"https:\/\/www.urlaubcornwall.de\/blog\/wp-json\/wp\/v2\/pages\/18217"}],"collection":[{"href":"https:\/\/www.urlaubcornwall.de\/blog\/wp-json\/wp\/v2\/pages"}],"about":[{"href":"https:\/\/www.urlaubcornwall.de\/blog\/wp-json\/wp\/v2\/types\/page"}],"author":[{"embeddable":true,"href":"https:\/\/www.urlaubcornwall.de\/blog\/wp-json\/wp\/v2\/users\/1"}],"replies":[{"embeddable":true,"href":"https:\/\/www.urlaubcornwall.de\/blog\/wp-json\/wp\/v2\/comments?post=18217"}],"version-history":[{"count":11,"href":"https:\/\/www.urlaubcornwall.de\/blog\/wp-json\/wp\/v2\/pages\/18217\/revisions"}],"predecessor-version":[{"id":48622,"href":"https:\/\/www.urlaubcornwall.de\/blog\/wp-json\/wp\/v2\/pages\/18217\/revisions\/48622"}],"wp:attachment":[{"href":"https:\/\/www.urlaubcornwall.de\/blog\/wp-json\/wp\/v2\/media?parent=18217"}],"curies":[{"name":"wp","href":"https:\/\/api.w.org\/{rel}","templated":true}]}}