{"id":18214,"date":"2015-02-17T11:04:42","date_gmt":"2015-02-17T11:04:42","guid":{"rendered":"https:\/\/www.urlaubcornwall.de\/blog\/?page_id=18214"},"modified":"2024-04-05T09:56:36","modified_gmt":"2024-04-05T09:56:36","slug":"caravanparks-in-schottland-fuer-ihren-familienurlaub-in-den-highlands","status":"publish","type":"page","link":"https:\/\/www.urlaubcornwall.de\/blog\/caravanparks-in-schottland-fuer-ihren-familienurlaub-in-den-highlands\/","title":{"rendered":"Caravanparks in Schottland f\u00fcr Ihren Familienurlaub in den Highlands."},"content":{"rendered":"<p><a href=\"https:\/\/www.urlaubcornwall.de\/blog\/wp-content\/uploads\/2024\/03\/loch-fyne.jpg\"><img loading=\"lazy\" src=\"https:\/\/www.urlaubcornwall.de\/blog\/wp-content\/uploads\/2024\/03\/loch-fyne.jpg\" alt=\"loch fyne. inveraray, scotland.\" width=\"830\" height=\"577\" class=\"alignnone size-full wp-image-47800\" srcset=\"https:\/\/www.urlaubcornwall.de\/blog\/wp-content\/uploads\/2024\/03\/loch-fyne.jpg 830w, https:\/\/www.urlaubcornwall.de\/blog\/wp-content\/uploads\/2024\/03\/loch-fyne-300x209.jpg 300w, https:\/\/www.urlaubcornwall.de\/blog\/wp-content\/uploads\/2024\/03\/loch-fyne-768x534.jpg 768w\" sizes=\"(max-width: 830px) 100vw, 830px\" \/><\/a><\/p>\n<p><strong>Bei uns finden Sie Ferienh\u00e4user und <span id=\"result_box\" class=\"short_text\" lang=\"de\"><span class=\"hps\">Wohnwagen<\/span><\/span> zum Verlieben \u2013 so einfach ist das!<\/strong> UrlaubCornwall verf\u00fcgt Carvanparks in Schottland f\u00fcr Ihren <a href=\"https:\/\/www.urlaubcornwall.de\/reiseziel\/schottland.php\">Urlaub in den Highlands.<\/a><\/p>\n<table>\n<tbody>\n<tr>\n<td><img loading=\"lazy\" class=\"aligncenter size-full wp-image-7090\" style=\"border: 0pt none; padding: 0px;\" src=\" https:\/\/www.urlaubcornwall.de\/blog\/wp-content\/uploads\/2015\/02\/caravanpark_haven_seton_sands_in_longniddry__gbs05010_01.jpg\" alt=\"ferienanlage Schottland Highlands\" height=\"98\" width=\"148\"\/><\/td>\n<td><strong><b>Caravanpark am Meer in S\u00fcdschottland, East Lothian<br \/>\n<\/b><\/strong>\n<h3>&nbsp;<\/h3>\n<p>Mobile Homes, gem\u00fctlich und komfortabel eingerichtet, 2-3 Schlafzimmer , Schlafplatz f\u00fcr 4-8 , Restaurant, Snack-Bar, Supermarkt, Bar, Edinburgh 20 km .<\/p>\n<h3>&nbsp;<\/h3>\n<p><strong>ab 455,- <b>\u20ac<br \/>\n<\/b><\/strong><\/p><\/td>\n<\/tr>\n<\/tbody>\n<\/table>\n<table>\n<tbody>\n<tr>\n<td><img loading=\"lazy\" class=\"aligncenter size-full wp-image-7090\" style=\"border: 0pt none; padding: 0px;\" src=\" https:\/\/www.urlaubcornwall.de\/blog\/wp-content\/uploads\/2015\/02\/caravanpark_in_fort_william__gbs01064_01.jpg \" alt=\"Caravanpark in Fort William\" height=\"98\" width=\"148\"\/><\/td>\n<td><strong><b>Caravanpark in Fort William, Schottland, Highlands<br \/>\n<\/b><\/strong>\n<h3>&nbsp;<\/h3>\n<p>Caravanpark in wundersch\u00f6ner Umgebung, einfach und praktisch eingerichtet, 2 separate Schlafr\u00e4ume , Schlafplatz f\u00fcr max. 4, hundefreundlich, Restaurant 5 km, See Loch Eil 80 m, Sand-\/Kiesstrand 100 m, Fort William 7km, Flughafen Glasgow 167 km.<\/p>\n<h3>&nbsp;<\/h3>\n<p><strong>ab 419,- <b>\u20ac<br \/>\n<\/b><\/strong><\/p><\/td>\n<\/tr>\n<\/tbody>\n<\/table>\n","protected":false},"excerpt":{"rendered":"<p>Bei uns finden Sie Ferienh\u00e4user und Wohnwagen zum Verlieben \u2013 so einfach ist das! UrlaubCornwall verf\u00fcgt Carvanparks in Schottland f\u00fcr Ihren Urlaub in den Highlands. Caravanpark am Meer in S\u00fcdschottland, East Lothian &nbsp; Mobile Homes, gem\u00fctlich und komfortabel eingerichtet, 2-3 Schlafzimmer , Schlafplatz f\u00fcr 4-8 , Restaurant, Snack-Bar, Supermarkt, Bar, Edinburgh 20 km . &nbsp; [&hellip;]<\/p>\n","protected":false},"author":1,"featured_media":0,"parent":0,"menu_order":0,"comment_status":"closed","ping_status":"closed","template":"single-four.php","meta":[],"acf":[],"yoast_head":"<!-- This site is optimized with the Yoast SEO plugin v19.4 - https:\/\/yoast.com\/wordpress\/plugins\/seo\/ -->\n<title>Caravanparks in Schottland f\u00fcr Ihren Familienurlaub in den Highlands. - Urlaub &amp; Reisen<\/title>\n<meta name=\"robots\" content=\"index, follow, max-snippet:-1, max-image-preview:large, max-video-preview:-1\" \/>\n<link rel=\"canonical\" href=\"https:\/\/www.urlaubcornwall.de\/blog\/caravanparks-in-schottland-fuer-ihren-familienurlaub-in-den-highlands\/\" \/>\n<meta property=\"og:locale\" content=\"en_US\" \/>\n<meta property=\"og:type\" content=\"article\" \/>\n<meta property=\"og:title\" content=\"Caravanparks in Schottland f\u00fcr Ihren Familienurlaub in den Highlands. - Urlaub &amp; Reisen\" \/>\n<meta property=\"og:description\" content=\"Bei uns finden Sie Ferienh\u00e4user und Wohnwagen zum Verlieben \u2013 so einfach ist das! UrlaubCornwall verf\u00fcgt Carvanparks in Schottland f\u00fcr Ihren Urlaub in den Highlands. Caravanpark am Meer in S\u00fcdschottland, East Lothian &nbsp; Mobile Homes, gem\u00fctlich und komfortabel eingerichtet, 2-3 Schlafzimmer , Schlafplatz f\u00fcr 4-8 , Restaurant, Snack-Bar, Supermarkt, Bar, Edinburgh 20 km . &nbsp; [&hellip;]\" \/>\n<meta property=\"og:url\" content=\"https:\/\/www.urlaubcornwall.de\/blog\/caravanparks-in-schottland-fuer-ihren-familienurlaub-in-den-highlands\/\" \/>\n<meta property=\"og:site_name\" content=\"Urlaub &amp; Reisen\" \/>\n<meta property=\"article:modified_time\" content=\"2024-04-05T09:56:36+00:00\" \/>\n<meta property=\"og:image\" content=\"https:\/\/www.urlaubcornwall.de\/blog\/wp-content\/uploads\/2024\/03\/loch-fyne.jpg\" \/>\n<meta name=\"twitter:card\" content=\"summary\" \/>\n<meta name=\"twitter:label1\" content=\"Est. reading time\" \/>\n\t<meta name=\"twitter:data1\" content=\"2 minutes\" \/>\n<script type=\"application\/ld+json\" class=\"yoast-schema-graph\">{\"@context\":\"https:\/\/schema.org\",\"@graph\":[{\"@type\":\"WebSite\",\"@id\":\"https:\/\/www.urlaubcornwall.de\/blog\/#website\",\"url\":\"https:\/\/www.urlaubcornwall.de\/blog\/\",\"name\":\"Urlaub &amp; Reisen\",\"description\":\"Urlaub, Reisen, Cornwall und S\u00fcdengland: eine perfekte Kombination\",\"potentialAction\":[{\"@type\":\"SearchAction\",\"target\":{\"@type\":\"EntryPoint\",\"urlTemplate\":\"https:\/\/www.urlaubcornwall.de\/blog\/?s={search_term_string}\"},\"query-input\":\"required name=search_term_string\"}],\"inLanguage\":\"en-US\"},{\"@type\":\"WebPage\",\"@id\":\"https:\/\/www.urlaubcornwall.de\/blog\/caravanparks-in-schottland-fuer-ihren-familienurlaub-in-den-highlands\/\",\"url\":\"https:\/\/www.urlaubcornwall.de\/blog\/caravanparks-in-schottland-fuer-ihren-familienurlaub-in-den-highlands\/\",\"name\":\"Caravanparks in Schottland f\u00fcr Ihren Familienurlaub in den Highlands. - Urlaub &amp; Reisen\",\"isPartOf\":{\"@id\":\"https:\/\/www.urlaubcornwall.de\/blog\/#website\"},\"datePublished\":\"2015-02-17T11:04:42+00:00\",\"dateModified\":\"2024-04-05T09:56:36+00:00\",\"breadcrumb\":{\"@id\":\"https:\/\/www.urlaubcornwall.de\/blog\/caravanparks-in-schottland-fuer-ihren-familienurlaub-in-den-highlands\/#breadcrumb\"},\"inLanguage\":\"en-US\",\"potentialAction\":[{\"@type\":\"ReadAction\",\"target\":[\"https:\/\/www.urlaubcornwall.de\/blog\/caravanparks-in-schottland-fuer-ihren-familienurlaub-in-den-highlands\/\"]}]},{\"@type\":\"BreadcrumbList\",\"@id\":\"https:\/\/www.urlaubcornwall.de\/blog\/caravanparks-in-schottland-fuer-ihren-familienurlaub-in-den-highlands\/#breadcrumb\",\"itemListElement\":[{\"@type\":\"ListItem\",\"position\":1,\"name\":\"Home\",\"item\":\"https:\/\/www.urlaubcornwall.de\/blog\/\"},{\"@type\":\"ListItem\",\"position\":2,\"name\":\"Caravanparks in Schottland f\u00fcr Ihren Familienurlaub in den Highlands.\"}]}]}<\/script>\n<!-- \/ Yoast SEO plugin. -->","yoast_head_json":{"title":"Caravanparks in Schottland f\u00fcr Ihren Familienurlaub in den Highlands. - Urlaub &amp; Reisen","robots":{"index":"index","follow":"follow","max-snippet":"max-snippet:-1","max-image-preview":"max-image-preview:large","max-video-preview":"max-video-preview:-1"},"canonical":"https:\/\/www.urlaubcornwall.de\/blog\/caravanparks-in-schottland-fuer-ihren-familienurlaub-in-den-highlands\/","og_locale":"en_US","og_type":"article","og_title":"Caravanparks in Schottland f\u00fcr Ihren Familienurlaub in den Highlands. - Urlaub &amp; Reisen","og_description":"Bei uns finden Sie Ferienh\u00e4user und Wohnwagen zum Verlieben \u2013 so einfach ist das! UrlaubCornwall verf\u00fcgt Carvanparks in Schottland f\u00fcr Ihren Urlaub in den Highlands. Caravanpark am Meer in S\u00fcdschottland, East Lothian &nbsp; Mobile Homes, gem\u00fctlich und komfortabel eingerichtet, 2-3 Schlafzimmer , Schlafplatz f\u00fcr 4-8 , Restaurant, Snack-Bar, Supermarkt, Bar, Edinburgh 20 km . &nbsp; [&hellip;]","og_url":"https:\/\/www.urlaubcornwall.de\/blog\/caravanparks-in-schottland-fuer-ihren-familienurlaub-in-den-highlands\/","og_site_name":"Urlaub &amp; Reisen","article_modified_time":"2024-04-05T09:56:36+00:00","og_image":[{"url":"https:\/\/www.urlaubcornwall.de\/blog\/wp-content\/uploads\/2024\/03\/loch-fyne.jpg"}],"twitter_card":"summary","twitter_misc":{"Est. reading time":"2 minutes"},"schema":{"@context":"https:\/\/schema.org","@graph":[{"@type":"WebSite","@id":"https:\/\/www.urlaubcornwall.de\/blog\/#website","url":"https:\/\/www.urlaubcornwall.de\/blog\/","name":"Urlaub &amp; Reisen","description":"Urlaub, Reisen, Cornwall und S\u00fcdengland: eine perfekte Kombination","potentialAction":[{"@type":"SearchAction","target":{"@type":"EntryPoint","urlTemplate":"https:\/\/www.urlaubcornwall.de\/blog\/?s={search_term_string}"},"query-input":"required name=search_term_string"}],"inLanguage":"en-US"},{"@type":"WebPage","@id":"https:\/\/www.urlaubcornwall.de\/blog\/caravanparks-in-schottland-fuer-ihren-familienurlaub-in-den-highlands\/","url":"https:\/\/www.urlaubcornwall.de\/blog\/caravanparks-in-schottland-fuer-ihren-familienurlaub-in-den-highlands\/","name":"Caravanparks in Schottland f\u00fcr Ihren Familienurlaub in den Highlands. - Urlaub &amp; Reisen","isPartOf":{"@id":"https:\/\/www.urlaubcornwall.de\/blog\/#website"},"datePublished":"2015-02-17T11:04:42+00:00","dateModified":"2024-04-05T09:56:36+00:00","breadcrumb":{"@id":"https:\/\/www.urlaubcornwall.de\/blog\/caravanparks-in-schottland-fuer-ihren-familienurlaub-in-den-highlands\/#breadcrumb"},"inLanguage":"en-US","potentialAction":[{"@type":"ReadAction","target":["https:\/\/www.urlaubcornwall.de\/blog\/caravanparks-in-schottland-fuer-ihren-familienurlaub-in-den-highlands\/"]}]},{"@type":"BreadcrumbList","@id":"https:\/\/www.urlaubcornwall.de\/blog\/caravanparks-in-schottland-fuer-ihren-familienurlaub-in-den-highlands\/#breadcrumb","itemListElement":[{"@type":"ListItem","position":1,"name":"Home","item":"https:\/\/www.urlaubcornwall.de\/blog\/"},{"@type":"ListItem","position":2,"name":"Caravanparks in Schottland f\u00fcr Ihren Familienurlaub in den Highlands."}]}]}},"_links":{"self":[{"href":"https:\/\/www.urlaubcornwall.de\/blog\/wp-json\/wp\/v2\/pages\/18214"}],"collection":[{"href":"https:\/\/www.urlaubcornwall.de\/blog\/wp-json\/wp\/v2\/pages"}],"about":[{"href":"https:\/\/www.urlaubcornwall.de\/blog\/wp-json\/wp\/v2\/types\/page"}],"author":[{"embeddable":true,"href":"https:\/\/www.urlaubcornwall.de\/blog\/wp-json\/wp\/v2\/users\/1"}],"replies":[{"embeddable":true,"href":"https:\/\/www.urlaubcornwall.de\/blog\/wp-json\/wp\/v2\/comments?post=18214"}],"version-history":[{"count":6,"href":"https:\/\/www.urlaubcornwall.de\/blog\/wp-json\/wp\/v2\/pages\/18214\/revisions"}],"predecessor-version":[{"id":48957,"href":"https:\/\/www.urlaubcornwall.de\/blog\/wp-json\/wp\/v2\/pages\/18214\/revisions\/48957"}],"wp:attachment":[{"href":"https:\/\/www.urlaubcornwall.de\/blog\/wp-json\/wp\/v2\/media?parent=18214"}],"curies":[{"name":"wp","href":"https:\/\/api.w.org\/{rel}","templated":true}]}}