{"id":18194,"date":"2015-02-16T16:31:20","date_gmt":"2015-02-16T16:31:20","guid":{"rendered":"https:\/\/www.urlaubcornwall.de\/blog\/?page_id=18194"},"modified":"2017-01-28T16:52:16","modified_gmt":"2017-01-28T16:52:16","slug":"ferienhaeuser-und-ferienwohnungen-im-schottischen-borders-und-fluss-tweed","status":"publish","type":"page","link":"https:\/\/www.urlaubcornwall.de\/blog\/ferienhaeuser-und-ferienwohnungen-im-schottischen-borders-und-fluss-tweed\/","title":{"rendered":"Ferienh\u00e4user im schottischen Borders und Fluss Tweed."},"content":{"rendered":"<p><a href=\"https:\/\/www.urlaubcornwall.de\/blog\/wp-content\/uploads\/2015\/02\/11.jpg\"><img loading=\"lazy\" class=\"aligncenter size-full wp-image-18200\" src=\"https:\/\/www.urlaubcornwall.de\/blog\/wp-content\/uploads\/2015\/02\/11.jpg\" alt=\"1\" height=\"318\" width=\"742\" srcset=\"https:\/\/www.urlaubcornwall.de\/blog\/wp-content\/uploads\/2015\/02\/11.jpg 742w, https:\/\/www.urlaubcornwall.de\/blog\/wp-content\/uploads\/2015\/02\/11-300x128.jpg 300w\" sizes=\"(max-width: 742px) 100vw, 742px\" \/><\/a><\/p>\n<p><strong>Bei uns finden Sie Ferienh\u00e4user zum Verlieben \u2013 so einfach ist das!<\/strong> UrlaubCornwall verf\u00fcgt Ferienh\u00e4user und Ferienwohnungen im schottischen Borders und Fluss Tweed f\u00fcr Ihren <a href=\"https:\/\/www.urlaubcornwall.de\/reiseziel\/schottland.php\"><span style=\"text-decoration: underline;\"><strong>Urlaub in Schottland<\/strong><\/span><\/a>.<\/p>\n<table>\n<tbody>\n<tr>\n<td><img loading=\"lazy\" class=\"aligncenter size-full wp-image-7090\" style=\"border: 0pt none; padding: 0px;\" src=\"https:\/\/www.urlaubcornwall.de\/blog\/wp-content\/uploads\/2015\/02\/reihenhaeuser_the_waterhouses_in_new_lanark__gbs05005_01.jpg\" alt=\"ferienhaus fluss clyde\" height=\"98\" width=\"148\"\/><\/td>\n<td><b>Ferienh\u00e4user in New Lanark, Schottland, S\u00fcdschottland, New Lanark<\/b>\n<h3>&nbsp;<\/h3>\n<p>Die gem\u00fctlichen Reihenh\u00e4user mit Blick auf den Fluss Clyde, 1-2 Schlafzimmer, Schlafplatz f\u00fcr 2-4, hundefreundlich, Restaurant am Hotel, Glasgow 53 km, Flughafen Edinburgh 53 km.<\/p>\n<h3>&nbsp;<\/h3>\n<p><strong>ab 629,- <b>\u20ac<br \/>\n<\/b><\/strong><\/p><\/td>\n<\/tr>\n<\/tbody>\n<\/table>\n<table>\n<tbody>\n<tr>\n<td><img loading=\"lazy\" class=\"aligncenter size-full wp-image-7090\" style=\"border: 0pt none; padding: 0px;\" src=\" https:\/\/www.urlaubcornwall.de\/blog\/wp-content\/uploads\/2015\/02\/larkhall_burn_luxury_cottages_in_jedburgh__gbs05001_37.jpg\" alt=\"ferienhaus tweed fluss \" height=\"98\" width=\"148\"\/><\/td>\n<td><strong><span class=\"fn\">Ferienh\u00e4user mit traumhaftem Panoramablick \u00fcber das Tweed Valley in den Scottish Borders<br \/>\n<\/span><\/strong>\n<h3>&nbsp;<\/h3>\n<p>2 Schlafzimmer , Schlafplatz f\u00fcr 4-5 , Ortszentrum (250 m), Pub und Restaurant im Ort, hundefreundlich, WLAN, Ferienhasus 53km von Berwick-upon-Tweed, F\u00e4hrhafen Newcastle 109 km.<\/p>\n<h3>&nbsp;<\/h3>\n<p><strong> ab 557,-<\/strong> <b>\u20ac<br \/>\n<\/b><\/p><\/td>\n<\/tr>\n<\/tbody>\n<\/table>\n","protected":false},"excerpt":{"rendered":"<p>Bei uns finden Sie Ferienh\u00e4user zum Verlieben \u2013 so einfach ist das! UrlaubCornwall verf\u00fcgt Ferienh\u00e4user und Ferienwohnungen im schottischen Borders und Fluss Tweed f\u00fcr Ihren Urlaub in Schottland. Ferienh\u00e4user in New Lanark, Schottland, S\u00fcdschottland, New Lanark &nbsp; Die gem\u00fctlichen Reihenh\u00e4user mit Blick auf den Fluss Clyde, 1-2 Schlafzimmer, Schlafplatz f\u00fcr 2-4, hundefreundlich, Restaurant am Hotel, [&hellip;]<\/p>\n","protected":false},"author":1,"featured_media":0,"parent":0,"menu_order":0,"comment_status":"closed","ping_status":"closed","template":"single-four.php","meta":[],"acf":[],"yoast_head":"<!-- This site is optimized with the Yoast SEO plugin v19.4 - https:\/\/yoast.com\/wordpress\/plugins\/seo\/ -->\n<title>Ferienh\u00e4user im schottischen Borders und Fluss Tweed. - Urlaub &amp; Reisen<\/title>\n<meta name=\"robots\" content=\"index, follow, max-snippet:-1, max-image-preview:large, max-video-preview:-1\" \/>\n<link rel=\"canonical\" href=\"https:\/\/www.urlaubcornwall.de\/blog\/ferienhaeuser-und-ferienwohnungen-im-schottischen-borders-und-fluss-tweed\/\" \/>\n<meta property=\"og:locale\" content=\"en_US\" \/>\n<meta property=\"og:type\" content=\"article\" \/>\n<meta property=\"og:title\" content=\"Ferienh\u00e4user im schottischen Borders und Fluss Tweed. - Urlaub &amp; Reisen\" \/>\n<meta property=\"og:description\" content=\"Bei uns finden Sie Ferienh\u00e4user zum Verlieben \u2013 so einfach ist das! UrlaubCornwall verf\u00fcgt Ferienh\u00e4user und Ferienwohnungen im schottischen Borders und Fluss Tweed f\u00fcr Ihren Urlaub in Schottland. Ferienh\u00e4user in New Lanark, Schottland, S\u00fcdschottland, New Lanark &nbsp; Die gem\u00fctlichen Reihenh\u00e4user mit Blick auf den Fluss Clyde, 1-2 Schlafzimmer, Schlafplatz f\u00fcr 2-4, hundefreundlich, Restaurant am Hotel, [&hellip;]\" \/>\n<meta property=\"og:url\" content=\"https:\/\/www.urlaubcornwall.de\/blog\/ferienhaeuser-und-ferienwohnungen-im-schottischen-borders-und-fluss-tweed\/\" \/>\n<meta property=\"og:site_name\" content=\"Urlaub &amp; Reisen\" \/>\n<meta property=\"article:modified_time\" content=\"2017-01-28T16:52:16+00:00\" \/>\n<meta property=\"og:image\" content=\"https:\/\/www.urlaubcornwall.de\/blog\/wp-content\/uploads\/2015\/02\/11.jpg\" \/>\n<meta name=\"twitter:card\" content=\"summary\" \/>\n<meta name=\"twitter:label1\" content=\"Est. reading time\" \/>\n\t<meta name=\"twitter:data1\" content=\"1 minute\" \/>\n<script type=\"application\/ld+json\" class=\"yoast-schema-graph\">{\"@context\":\"https:\/\/schema.org\",\"@graph\":[{\"@type\":\"WebSite\",\"@id\":\"https:\/\/www.urlaubcornwall.de\/blog\/#website\",\"url\":\"https:\/\/www.urlaubcornwall.de\/blog\/\",\"name\":\"Urlaub &amp; Reisen\",\"description\":\"Urlaub, Reisen, Cornwall und S\u00fcdengland: eine perfekte Kombination\",\"potentialAction\":[{\"@type\":\"SearchAction\",\"target\":{\"@type\":\"EntryPoint\",\"urlTemplate\":\"https:\/\/www.urlaubcornwall.de\/blog\/?s={search_term_string}\"},\"query-input\":\"required name=search_term_string\"}],\"inLanguage\":\"en-US\"},{\"@type\":\"WebPage\",\"@id\":\"https:\/\/www.urlaubcornwall.de\/blog\/ferienhaeuser-und-ferienwohnungen-im-schottischen-borders-und-fluss-tweed\/\",\"url\":\"https:\/\/www.urlaubcornwall.de\/blog\/ferienhaeuser-und-ferienwohnungen-im-schottischen-borders-und-fluss-tweed\/\",\"name\":\"Ferienh\u00e4user im schottischen Borders und Fluss Tweed. - Urlaub &amp; Reisen\",\"isPartOf\":{\"@id\":\"https:\/\/www.urlaubcornwall.de\/blog\/#website\"},\"datePublished\":\"2015-02-16T16:31:20+00:00\",\"dateModified\":\"2017-01-28T16:52:16+00:00\",\"breadcrumb\":{\"@id\":\"https:\/\/www.urlaubcornwall.de\/blog\/ferienhaeuser-und-ferienwohnungen-im-schottischen-borders-und-fluss-tweed\/#breadcrumb\"},\"inLanguage\":\"en-US\",\"potentialAction\":[{\"@type\":\"ReadAction\",\"target\":[\"https:\/\/www.urlaubcornwall.de\/blog\/ferienhaeuser-und-ferienwohnungen-im-schottischen-borders-und-fluss-tweed\/\"]}]},{\"@type\":\"BreadcrumbList\",\"@id\":\"https:\/\/www.urlaubcornwall.de\/blog\/ferienhaeuser-und-ferienwohnungen-im-schottischen-borders-und-fluss-tweed\/#breadcrumb\",\"itemListElement\":[{\"@type\":\"ListItem\",\"position\":1,\"name\":\"Home\",\"item\":\"https:\/\/www.urlaubcornwall.de\/blog\/\"},{\"@type\":\"ListItem\",\"position\":2,\"name\":\"Ferienh\u00e4user im schottischen Borders und Fluss Tweed.\"}]}]}<\/script>\n<!-- \/ Yoast SEO plugin. -->","yoast_head_json":{"title":"Ferienh\u00e4user im schottischen Borders und Fluss Tweed. - Urlaub &amp; Reisen","robots":{"index":"index","follow":"follow","max-snippet":"max-snippet:-1","max-image-preview":"max-image-preview:large","max-video-preview":"max-video-preview:-1"},"canonical":"https:\/\/www.urlaubcornwall.de\/blog\/ferienhaeuser-und-ferienwohnungen-im-schottischen-borders-und-fluss-tweed\/","og_locale":"en_US","og_type":"article","og_title":"Ferienh\u00e4user im schottischen Borders und Fluss Tweed. - Urlaub &amp; Reisen","og_description":"Bei uns finden Sie Ferienh\u00e4user zum Verlieben \u2013 so einfach ist das! UrlaubCornwall verf\u00fcgt Ferienh\u00e4user und Ferienwohnungen im schottischen Borders und Fluss Tweed f\u00fcr Ihren Urlaub in Schottland. Ferienh\u00e4user in New Lanark, Schottland, S\u00fcdschottland, New Lanark &nbsp; Die gem\u00fctlichen Reihenh\u00e4user mit Blick auf den Fluss Clyde, 1-2 Schlafzimmer, Schlafplatz f\u00fcr 2-4, hundefreundlich, Restaurant am Hotel, [&hellip;]","og_url":"https:\/\/www.urlaubcornwall.de\/blog\/ferienhaeuser-und-ferienwohnungen-im-schottischen-borders-und-fluss-tweed\/","og_site_name":"Urlaub &amp; Reisen","article_modified_time":"2017-01-28T16:52:16+00:00","og_image":[{"url":"https:\/\/www.urlaubcornwall.de\/blog\/wp-content\/uploads\/2015\/02\/11.jpg"}],"twitter_card":"summary","twitter_misc":{"Est. reading time":"1 minute"},"schema":{"@context":"https:\/\/schema.org","@graph":[{"@type":"WebSite","@id":"https:\/\/www.urlaubcornwall.de\/blog\/#website","url":"https:\/\/www.urlaubcornwall.de\/blog\/","name":"Urlaub &amp; Reisen","description":"Urlaub, Reisen, Cornwall und S\u00fcdengland: eine perfekte Kombination","potentialAction":[{"@type":"SearchAction","target":{"@type":"EntryPoint","urlTemplate":"https:\/\/www.urlaubcornwall.de\/blog\/?s={search_term_string}"},"query-input":"required name=search_term_string"}],"inLanguage":"en-US"},{"@type":"WebPage","@id":"https:\/\/www.urlaubcornwall.de\/blog\/ferienhaeuser-und-ferienwohnungen-im-schottischen-borders-und-fluss-tweed\/","url":"https:\/\/www.urlaubcornwall.de\/blog\/ferienhaeuser-und-ferienwohnungen-im-schottischen-borders-und-fluss-tweed\/","name":"Ferienh\u00e4user im schottischen Borders und Fluss Tweed. - Urlaub &amp; Reisen","isPartOf":{"@id":"https:\/\/www.urlaubcornwall.de\/blog\/#website"},"datePublished":"2015-02-16T16:31:20+00:00","dateModified":"2017-01-28T16:52:16+00:00","breadcrumb":{"@id":"https:\/\/www.urlaubcornwall.de\/blog\/ferienhaeuser-und-ferienwohnungen-im-schottischen-borders-und-fluss-tweed\/#breadcrumb"},"inLanguage":"en-US","potentialAction":[{"@type":"ReadAction","target":["https:\/\/www.urlaubcornwall.de\/blog\/ferienhaeuser-und-ferienwohnungen-im-schottischen-borders-und-fluss-tweed\/"]}]},{"@type":"BreadcrumbList","@id":"https:\/\/www.urlaubcornwall.de\/blog\/ferienhaeuser-und-ferienwohnungen-im-schottischen-borders-und-fluss-tweed\/#breadcrumb","itemListElement":[{"@type":"ListItem","position":1,"name":"Home","item":"https:\/\/www.urlaubcornwall.de\/blog\/"},{"@type":"ListItem","position":2,"name":"Ferienh\u00e4user im schottischen Borders und Fluss Tweed."}]}]}},"_links":{"self":[{"href":"https:\/\/www.urlaubcornwall.de\/blog\/wp-json\/wp\/v2\/pages\/18194"}],"collection":[{"href":"https:\/\/www.urlaubcornwall.de\/blog\/wp-json\/wp\/v2\/pages"}],"about":[{"href":"https:\/\/www.urlaubcornwall.de\/blog\/wp-json\/wp\/v2\/types\/page"}],"author":[{"embeddable":true,"href":"https:\/\/www.urlaubcornwall.de\/blog\/wp-json\/wp\/v2\/users\/1"}],"replies":[{"embeddable":true,"href":"https:\/\/www.urlaubcornwall.de\/blog\/wp-json\/wp\/v2\/comments?post=18194"}],"version-history":[{"count":8,"href":"https:\/\/www.urlaubcornwall.de\/blog\/wp-json\/wp\/v2\/pages\/18194\/revisions"}],"predecessor-version":[{"id":26297,"href":"https:\/\/www.urlaubcornwall.de\/blog\/wp-json\/wp\/v2\/pages\/18194\/revisions\/26297"}],"wp:attachment":[{"href":"https:\/\/www.urlaubcornwall.de\/blog\/wp-json\/wp\/v2\/media?parent=18194"}],"curies":[{"name":"wp","href":"https:\/\/api.w.org\/{rel}","templated":true}]}}