{"id":18141,"date":"2015-02-16T08:34:49","date_gmt":"2015-02-16T08:34:49","guid":{"rendered":"https:\/\/www.urlaubcornwall.de\/blog\/?page_id=18141"},"modified":"2024-05-27T11:30:50","modified_gmt":"2024-05-27T11:30:50","slug":"top-10-tipps-fuer-gruppenleiter-die-eine-reise-ins-vereinigte-koenigreich-planen","status":"publish","type":"page","link":"https:\/\/www.urlaubcornwall.de\/blog\/top-10-tipps-fuer-gruppenleiter-die-eine-reise-ins-vereinigte-koenigreich-planen\/","title":{"rendered":"Top 10 Tipps f\u00fcr Gruppenleiter, die eine Reise ins Gro\u00dfbritannien planen"},"content":{"rendered":"<p><img loading=\"lazy\" class=\"aligncenter size-full wp-image-25548\" src=\"https:\/\/www.urlaubcornwall.de\/blog\/wp-content\/uploads\/2016\/11\/Schloss-cardiff-urlaub.jpg\" alt=\"schloss cardiff Sehensw\u00fcrdigkeiten\" height=\"360\" width=\"748\" srcset=\"https:\/\/www.urlaubcornwall.de\/blog\/wp-content\/uploads\/2016\/11\/Schloss-cardiff-urlaub.jpg 745w, https:\/\/www.urlaubcornwall.de\/blog\/wp-content\/uploads\/2016\/11\/Schloss-cardiff-urlaub-300x145.jpg 300w\" sizes=\"(max-width: 748px) 100vw, 748px\" \/><\/p>\n<p>Als Gruppenleiter wollen Sie sichergehen, dass bei der Planung eines Urlaubs oder einer Tour nach Gro\u00dfbritannien alles so glatt wie m\u00f6glich l\u00e4uft. Das Organisieren von Gruppenreisen oder Sch\u00fclerreisen birgt eine Menge Herausforderungen und R\u00fccksichtsnahmen in sich, die angesprochen werden m\u00fcssen, um eine erfolgreiche, stressfreie, und vor allem sichere Reise zu gew\u00e4hrleisten.<\/p>\n<p>Wir von UrlaubCornwall haben aufgrund unserer mehr als <a href=\"http:\/\/www.urlaubcornwall.de\/massgeschneiderte-gruppenreisen-und-touren.php\">30j\u00e4hrigen Erfahrung im Bereich Gruppenreisen<\/a> unsere 10 Tipps zusammengestellt, die Sie beachten sollten, so dass Ihre Gruppe am meisten von der Reise profitiert:<\/p>\n<p><strong>1.<\/strong> Da die meisten britischen Menschen nicht Deutsch sprechen, ist es wichtig, dass Sie zumindest eine rudiment\u00e4re Vorstellung der englischen Sprache haben.<\/p>\n<p><strong>2.<\/strong> \u00dcberpr\u00fcfen Sie, ob sich Ihr Besuch mit britischen Feiertagen \u00fcberschneidet. Eine Liste dieser Tage kann <a title=\"Wikipedia\" href=\"https:\/\/www.urlaubcornwall.de\/blog\/feiertage-bank-holidays-in-england-und-wales-und-schottland\/\">hier gefunden werden<\/a>.<\/p>\n<p><strong>3.<\/strong> Falls Sie ins Vereinigte K\u00f6nigreich fliegen und sich in einem Hotel treffen, stellen Sie sicher, dass Ihre Weiterreise im Voraus gebucht ist mit einem Taxiunternehmen wie zum Beispiel das bedeutet, dass Sie nicht Schlange stehen m\u00fcssen f\u00fcr die teuren Flughafentaxis, sondern ein Fahrer wird Sie bei der Ankunft bereits erwarten.<\/p>\n<div class=\"snippet\"> <a class=\"featured-item\" href=\" https:\/\/www.urlaubcornwall.de\/massgeschneiderte-gruppenreisen-und-touren.php \"> <span class=\"image-holder\" style=\"background-image: url(' https:\/\/www.urlaubcornwall.de\/blog\/wp-content\/uploads\/2024\/05\/gruppenreisen.jpg ');\"><\/span> <span class=\"featured-content\"> \n<h2 class=\"featured-title\"> Ma\u00dfgeschneiderte Gruppenreisen in Gro\u00dfbritannien<\/h2>\n<p class=\"featured-body\">Wir k\u00f6nnen Ihnen behilflich sein, eine fantastische Gruppenreise zusammenzustellen, auf der Sie die sch\u00f6nsten Sehensw\u00fcrdigkeiten Englands entdecken k\u00f6nnen. Auch interessante Themenreisen, wie z.B. eine Gartentour ,Literaturreise, oder Chorreise auf der Sie die ber\u00fchmten Schaupl\u00e4tze der Rosamunde Pilcher Verfilmungen besichtigen k\u00f6nnen, sind m\u00f6glich&#8230;.<\/p>\n<\/span> <span class=\"featured-link-holder\"> <span class=\"featured-extra-info\"> \n<p>M\u00f6chten Sie eine private Busreise, Vereinreise, Seniorenreise, Klassenfahrt oder Gruppenfahrt organisieren?<\/p>\n<\/span> \n<p class=\"featured-link\">DETAILS<\/p>\n<\/span> <\/a><\/div>\n<p><strong>4.<\/strong> Falls Sie eine Reise nach Cornwall oder abgelegenere Teile des Vereinigten K\u00f6nigreichs planen, nehmen Sie die Angebote einer Busgesellschaft wahr, die sich mit den lokalen Stra\u00dfen gut auskennt. Einige deutsche Busunternehmen, die dem Navigator vertrauen, sind in den engen Landstra\u00dfen bereits stecken geblieben \u2013 Seien Sie nicht eine von diesen!<\/p>\n<p><strong>5.<\/strong> Investieren Sie in eine \u201cpay-as-you go\u201d SIM Card mit einer britischen Nummer \u2013 dies vermeidet unn\u00f6tige und teure Geb\u00fchren, wenn Sie angerufen werden oder britische Nummern anw\u00e4hlen.<\/p>\n<p><strong>6.<\/strong> Versuchen Sie, Autobahnen wie die Londoner M25 w\u00e4hrend der Hauptverkehrszeiten zwischen 07.00 &#8211; 09.00 Uhr und 17.00 und 19.00 Uhr zu vermeiden.<\/p>\n<p><strong>7<\/strong>. Stellen Sie gr\u00fcndliche Nachforschungen an, was Ihr Urlaubsziel betrifft und stellen Sie sicher, dass Ihre geplante Reise sich nicht mit lokalen Festen oder Veranstaltungen \u00fcberschneidet \u2013 es sei denn, Sie wollen diese besuchen!<\/p>\n<p><strong>8.<\/strong> Das Wetter im Vereinigten K\u00f6nigreich ist unzuverl\u00e4ssig \u2013 stellen Sie sicher, dass Ihre Gruppe gen\u00fcgend Kleidung dabei hat, um allen Wetterlagen gerecht zu werden \u2013 und vergessen Sie nicht, Regenschirme mitzubringen!<\/p>\n<p><strong>9.<\/strong> Wenn Sie ein Abendessen f\u00fcr Ihre Gruppe planen, bedenken Sie, dass das Vereinigte K\u00f6nigreich kein mediterranes Land ist und dass einige Restaurants recht fr\u00fch schlie\u03b2en \u2013 besonders in eher abgelegenen Gebieten. Der optimale Zeitpunkt f\u00fcr eine Tischreservierung ist zwischen 19:00 und 20:00 Uhr.<\/p>\n<p><strong>10.<\/strong> Machen Sie Gebrauch von einer professionellen Firma, die \u00fcber die n\u00f6tige Erfahrung darin verf\u00fcgt, ma\u00dfgeschneiderte Reisepl\u00e4ne zu kreieren und die f\u00fcr Sie s\u00e4mtliche Arrangements \u00fcbernehmen kann.<\/p>\n<p style=\"text-align: center;\"><a class=\"tidycta\" href=\"http:\/\/www.urlaubcornwall.de\/gruppenanfrage.php\">Gruppenreisen Anfrage<\/a><\/p>\n<p style=\"text-align: center;\"><strong>Wir garantieren Ihnen eine Antwort innerhalb von 24 Stunden.<\/strong><\/p>\n","protected":false},"excerpt":{"rendered":"<p>Als Gruppenleiter wollen Sie sichergehen, dass bei der Planung eines Urlaubs oder einer Tour nach Gro\u00dfbritannien alles so glatt wie m\u00f6glich l\u00e4uft. Das Organisieren von Gruppenreisen oder Sch\u00fclerreisen birgt eine Menge Herausforderungen und R\u00fccksichtsnahmen in sich, die angesprochen werden m\u00fcssen, um eine erfolgreiche, stressfreie, und vor allem sichere Reise zu gew\u00e4hrleisten. Wir von UrlaubCornwall haben [&hellip;]<\/p>\n","protected":false},"author":1,"featured_media":0,"parent":0,"menu_order":0,"comment_status":"closed","ping_status":"closed","template":"single-four.php","meta":[],"acf":[],"yoast_head":"<!-- This site is optimized with the Yoast SEO plugin v19.4 - https:\/\/yoast.com\/wordpress\/plugins\/seo\/ -->\n<title>Top 10 Tipps f\u00fcr Gruppenleiter, die eine Reise ins Gro\u00dfbritannien planen - Urlaub &amp; Reisen<\/title>\n<meta name=\"robots\" content=\"index, follow, max-snippet:-1, max-image-preview:large, max-video-preview:-1\" \/>\n<link rel=\"canonical\" href=\"https:\/\/www.urlaubcornwall.de\/blog\/top-10-tipps-fuer-gruppenleiter-die-eine-reise-ins-vereinigte-koenigreich-planen\/\" \/>\n<meta property=\"og:locale\" content=\"en_US\" \/>\n<meta property=\"og:type\" content=\"article\" \/>\n<meta property=\"og:title\" content=\"Top 10 Tipps f\u00fcr Gruppenleiter, die eine Reise ins Gro\u00dfbritannien planen - Urlaub &amp; Reisen\" \/>\n<meta property=\"og:description\" content=\"Als Gruppenleiter wollen Sie sichergehen, dass bei der Planung eines Urlaubs oder einer Tour nach Gro\u00dfbritannien alles so glatt wie m\u00f6glich l\u00e4uft. Das Organisieren von Gruppenreisen oder Sch\u00fclerreisen birgt eine Menge Herausforderungen und R\u00fccksichtsnahmen in sich, die angesprochen werden m\u00fcssen, um eine erfolgreiche, stressfreie, und vor allem sichere Reise zu gew\u00e4hrleisten. Wir von UrlaubCornwall haben [&hellip;]\" \/>\n<meta property=\"og:url\" content=\"https:\/\/www.urlaubcornwall.de\/blog\/top-10-tipps-fuer-gruppenleiter-die-eine-reise-ins-vereinigte-koenigreich-planen\/\" \/>\n<meta property=\"og:site_name\" content=\"Urlaub &amp; Reisen\" \/>\n<meta property=\"article:modified_time\" content=\"2024-05-27T11:30:50+00:00\" \/>\n<meta property=\"og:image\" content=\"https:\/\/www.urlaubcornwall.de\/blog\/wp-content\/uploads\/2016\/11\/Schloss-cardiff-urlaub.jpg\" \/>\n<meta name=\"twitter:card\" content=\"summary\" \/>\n<meta name=\"twitter:label1\" content=\"Est. reading time\" \/>\n\t<meta name=\"twitter:data1\" content=\"3 minutes\" \/>\n<script type=\"application\/ld+json\" class=\"yoast-schema-graph\">{\"@context\":\"https:\/\/schema.org\",\"@graph\":[{\"@type\":\"WebSite\",\"@id\":\"https:\/\/www.urlaubcornwall.de\/blog\/#website\",\"url\":\"https:\/\/www.urlaubcornwall.de\/blog\/\",\"name\":\"Urlaub &amp; Reisen\",\"description\":\"Urlaub, Reisen, Cornwall und S\u00fcdengland: eine perfekte Kombination\",\"potentialAction\":[{\"@type\":\"SearchAction\",\"target\":{\"@type\":\"EntryPoint\",\"urlTemplate\":\"https:\/\/www.urlaubcornwall.de\/blog\/?s={search_term_string}\"},\"query-input\":\"required name=search_term_string\"}],\"inLanguage\":\"en-US\"},{\"@type\":\"WebPage\",\"@id\":\"https:\/\/www.urlaubcornwall.de\/blog\/top-10-tipps-fuer-gruppenleiter-die-eine-reise-ins-vereinigte-koenigreich-planen\/\",\"url\":\"https:\/\/www.urlaubcornwall.de\/blog\/top-10-tipps-fuer-gruppenleiter-die-eine-reise-ins-vereinigte-koenigreich-planen\/\",\"name\":\"Top 10 Tipps f\u00fcr Gruppenleiter, die eine Reise ins Gro\u00dfbritannien planen - Urlaub &amp; Reisen\",\"isPartOf\":{\"@id\":\"https:\/\/www.urlaubcornwall.de\/blog\/#website\"},\"datePublished\":\"2015-02-16T08:34:49+00:00\",\"dateModified\":\"2024-05-27T11:30:50+00:00\",\"breadcrumb\":{\"@id\":\"https:\/\/www.urlaubcornwall.de\/blog\/top-10-tipps-fuer-gruppenleiter-die-eine-reise-ins-vereinigte-koenigreich-planen\/#breadcrumb\"},\"inLanguage\":\"en-US\",\"potentialAction\":[{\"@type\":\"ReadAction\",\"target\":[\"https:\/\/www.urlaubcornwall.de\/blog\/top-10-tipps-fuer-gruppenleiter-die-eine-reise-ins-vereinigte-koenigreich-planen\/\"]}]},{\"@type\":\"BreadcrumbList\",\"@id\":\"https:\/\/www.urlaubcornwall.de\/blog\/top-10-tipps-fuer-gruppenleiter-die-eine-reise-ins-vereinigte-koenigreich-planen\/#breadcrumb\",\"itemListElement\":[{\"@type\":\"ListItem\",\"position\":1,\"name\":\"Home\",\"item\":\"https:\/\/www.urlaubcornwall.de\/blog\/\"},{\"@type\":\"ListItem\",\"position\":2,\"name\":\"Top 10 Tipps f\u00fcr Gruppenleiter, die eine Reise ins Gro\u00dfbritannien planen\"}]}]}<\/script>\n<!-- \/ Yoast SEO plugin. -->","yoast_head_json":{"title":"Top 10 Tipps f\u00fcr Gruppenleiter, die eine Reise ins Gro\u00dfbritannien planen - Urlaub &amp; Reisen","robots":{"index":"index","follow":"follow","max-snippet":"max-snippet:-1","max-image-preview":"max-image-preview:large","max-video-preview":"max-video-preview:-1"},"canonical":"https:\/\/www.urlaubcornwall.de\/blog\/top-10-tipps-fuer-gruppenleiter-die-eine-reise-ins-vereinigte-koenigreich-planen\/","og_locale":"en_US","og_type":"article","og_title":"Top 10 Tipps f\u00fcr Gruppenleiter, die eine Reise ins Gro\u00dfbritannien planen - Urlaub &amp; Reisen","og_description":"Als Gruppenleiter wollen Sie sichergehen, dass bei der Planung eines Urlaubs oder einer Tour nach Gro\u00dfbritannien alles so glatt wie m\u00f6glich l\u00e4uft. Das Organisieren von Gruppenreisen oder Sch\u00fclerreisen birgt eine Menge Herausforderungen und R\u00fccksichtsnahmen in sich, die angesprochen werden m\u00fcssen, um eine erfolgreiche, stressfreie, und vor allem sichere Reise zu gew\u00e4hrleisten. Wir von UrlaubCornwall haben [&hellip;]","og_url":"https:\/\/www.urlaubcornwall.de\/blog\/top-10-tipps-fuer-gruppenleiter-die-eine-reise-ins-vereinigte-koenigreich-planen\/","og_site_name":"Urlaub &amp; Reisen","article_modified_time":"2024-05-27T11:30:50+00:00","og_image":[{"url":"https:\/\/www.urlaubcornwall.de\/blog\/wp-content\/uploads\/2016\/11\/Schloss-cardiff-urlaub.jpg"}],"twitter_card":"summary","twitter_misc":{"Est. reading time":"3 minutes"},"schema":{"@context":"https:\/\/schema.org","@graph":[{"@type":"WebSite","@id":"https:\/\/www.urlaubcornwall.de\/blog\/#website","url":"https:\/\/www.urlaubcornwall.de\/blog\/","name":"Urlaub &amp; Reisen","description":"Urlaub, Reisen, Cornwall und S\u00fcdengland: eine perfekte Kombination","potentialAction":[{"@type":"SearchAction","target":{"@type":"EntryPoint","urlTemplate":"https:\/\/www.urlaubcornwall.de\/blog\/?s={search_term_string}"},"query-input":"required name=search_term_string"}],"inLanguage":"en-US"},{"@type":"WebPage","@id":"https:\/\/www.urlaubcornwall.de\/blog\/top-10-tipps-fuer-gruppenleiter-die-eine-reise-ins-vereinigte-koenigreich-planen\/","url":"https:\/\/www.urlaubcornwall.de\/blog\/top-10-tipps-fuer-gruppenleiter-die-eine-reise-ins-vereinigte-koenigreich-planen\/","name":"Top 10 Tipps f\u00fcr Gruppenleiter, die eine Reise ins Gro\u00dfbritannien planen - Urlaub &amp; Reisen","isPartOf":{"@id":"https:\/\/www.urlaubcornwall.de\/blog\/#website"},"datePublished":"2015-02-16T08:34:49+00:00","dateModified":"2024-05-27T11:30:50+00:00","breadcrumb":{"@id":"https:\/\/www.urlaubcornwall.de\/blog\/top-10-tipps-fuer-gruppenleiter-die-eine-reise-ins-vereinigte-koenigreich-planen\/#breadcrumb"},"inLanguage":"en-US","potentialAction":[{"@type":"ReadAction","target":["https:\/\/www.urlaubcornwall.de\/blog\/top-10-tipps-fuer-gruppenleiter-die-eine-reise-ins-vereinigte-koenigreich-planen\/"]}]},{"@type":"BreadcrumbList","@id":"https:\/\/www.urlaubcornwall.de\/blog\/top-10-tipps-fuer-gruppenleiter-die-eine-reise-ins-vereinigte-koenigreich-planen\/#breadcrumb","itemListElement":[{"@type":"ListItem","position":1,"name":"Home","item":"https:\/\/www.urlaubcornwall.de\/blog\/"},{"@type":"ListItem","position":2,"name":"Top 10 Tipps f\u00fcr Gruppenleiter, die eine Reise ins Gro\u00dfbritannien planen"}]}]}},"_links":{"self":[{"href":"https:\/\/www.urlaubcornwall.de\/blog\/wp-json\/wp\/v2\/pages\/18141"}],"collection":[{"href":"https:\/\/www.urlaubcornwall.de\/blog\/wp-json\/wp\/v2\/pages"}],"about":[{"href":"https:\/\/www.urlaubcornwall.de\/blog\/wp-json\/wp\/v2\/types\/page"}],"author":[{"embeddable":true,"href":"https:\/\/www.urlaubcornwall.de\/blog\/wp-json\/wp\/v2\/users\/1"}],"replies":[{"embeddable":true,"href":"https:\/\/www.urlaubcornwall.de\/blog\/wp-json\/wp\/v2\/comments?post=18141"}],"version-history":[{"count":12,"href":"https:\/\/www.urlaubcornwall.de\/blog\/wp-json\/wp\/v2\/pages\/18141\/revisions"}],"predecessor-version":[{"id":50279,"href":"https:\/\/www.urlaubcornwall.de\/blog\/wp-json\/wp\/v2\/pages\/18141\/revisions\/50279"}],"wp:attachment":[{"href":"https:\/\/www.urlaubcornwall.de\/blog\/wp-json\/wp\/v2\/media?parent=18141"}],"curies":[{"name":"wp","href":"https:\/\/api.w.org\/{rel}","templated":true}]}}