{"id":17928,"date":"2015-02-10T11:39:00","date_gmt":"2015-02-10T11:39:00","guid":{"rendered":"https:\/\/www.urlaubcornwall.de\/blog\/?page_id=17928"},"modified":"2019-02-27T10:57:12","modified_gmt":"2019-02-27T10:57:12","slug":"ferienhaeuser-und-ferienwohnungen-in-goodwood-sussex-downs","status":"publish","type":"page","link":"https:\/\/www.urlaubcornwall.de\/blog\/ferienhaeuser-und-ferienwohnungen-in-goodwood-sussex-downs\/","title":{"rendered":"Ferienh\u00e4user in Goodwood, Sussex Downs"},"content":{"rendered":"<p><a href=\"https:\/\/www.urlaubcornwall.de\/blog\/wp-content\/uploads\/2015\/02\/FQW3h85.jpg\"><img loading=\"lazy\" class=\"aligncenter size-full wp-image-17926\" src=\"https:\/\/www.urlaubcornwall.de\/blog\/wp-content\/uploads\/2015\/02\/FQW3h85.jpg\" alt=\"sussex downs goodwood\" height=\"327\" width=\"740\" srcset=\"https:\/\/www.urlaubcornwall.de\/blog\/wp-content\/uploads\/2015\/02\/FQW3h85.jpg 740w, https:\/\/www.urlaubcornwall.de\/blog\/wp-content\/uploads\/2015\/02\/FQW3h85-300x132.jpg 300w\" sizes=\"(max-width: 740px) 100vw, 740px\" \/><\/a><\/p>\n<p style=\"text-align: center;\"><strong>Bei uns finden Sie Ferienh\u00e4user in Goodwood zum Verlieben \u2013 so einfach ist das!<\/strong><\/p>\n<p style=\"text-align: center;\">UrlaubCornwall.de hat eine einzigartige Sammlung pers\u00f6nlich inspizierter Ferienh\u00e4user und Ferienwohnungen in Sussex, <a href=\"https:\/\/www.urlaubcornwall.de\/ferienhaueser\/suedengland.php\">S\u00fcdengland<\/a> und nun auch im gesamten Gro\u00dfbritannien.<\/p>\n<p style=\"text-align: center;\"><a class=\"tidycta\" href=\"https:\/\/www.urlaubcornwall.de\/ferienhaeuser\/sussex.php\">Suche Ferienh\u00e4user Sussex<\/a><\/p>\n\n<table>\n<tbody>\n<tr>\n<td><img loading=\"lazy\" class=\"aligncenter size-full wp-image-7090\" style=\"border: 0pt none; padding: 0px;\" src=\" https:\/\/www.urlaubcornwall.de\/blog\/wp-content\/uploads\/2014\/03\/The-Stables.jpg \" alt=\"cottage sussex\" height=\"98\" width=\"148\"\/><\/td>\n<td><strong><\/strong><strong>The Stables<\/strong> , Sussex Downs\n<h3>&nbsp;<\/h3>\n<p>2 Schlafzimmer , Schlafplatz f\u00fcr 4 , leider keine Haustiere erlaubt , Ferienhaus Walberton 10 Kilometer von Goodwood , West Sussex .<\/p>\n<h3>&nbsp;<\/h3>\n<p>Preisepanne \u00a3420-\u00a3745<\/p><\/td>\n<\/tr>\n<\/tbody>\n<\/table>\n<table>\n<tbody>\n<tr>\n<td><img loading=\"lazy\" class=\"aligncenter size-full wp-image-7090\" style=\"border: 0pt none; padding: 0px;\" src=\" https:\/\/www.urlaubcornwall.de\/blog\/wp-content\/uploads\/2014\/03\/Old-Barn.jpg \" alt=\"\" height=\"98\" width=\"148\"\/><\/td>\n<td><strong><\/strong><strong>Old Barn<\/strong> , Sussex K\u00fcste\n<h3>&nbsp;<\/h3>\n<p>3 Schlafzimmer , Schlafplatz f\u00fcr 6 , hundefreundlich , Ferienhaus Flansham 5 Kilometer von Bognor Regis , West Sussex .<\/p>\n<h3>&nbsp;<\/h3>\n<p>Preisepanne \u00a3550-\u00a3975<\/p><\/td>\n<\/tr>\n<\/tbody>\n<\/table>\n<table>\n<tbody>\n<tr>\n<td><img loading=\"lazy\" class=\"aligncenter size-full wp-image-7090\" style=\"border: 0pt none; padding: 0px;\" src=\" https:\/\/www.urlaubcornwall.de\/blog\/wp-content\/uploads\/2014\/03\/Pindars.jpg\" alt=\"Ferienhaus mit pool sussex\" height=\"98\" width=\"148\"\/><\/td>\n<td><strong><\/strong><strong>Pindars <\/strong> , Sussex K\u00fcste\n<h3>&nbsp;<\/h3>\n<p>4 Schlafzimmer , Schlafplatz f\u00fcr 8 , leider keine Haustiere erlaubt , Ferienhaus Lyminster mit Pool 3 Kilometer von Arundel , Sussex .<\/p>\n<h3>&nbsp;<\/h3>\n<p>Preisepanne \u00a31400-2400<\/p><\/td>\n<\/tr>\n<\/tbody>\n<\/table>\n<table>\n<tbody>\n<tr>\n<td><img loading=\"lazy\" class=\"aligncenter size-full wp-image-7090\" style=\"border: 0pt none; padding: 0px;\" src=\"https:\/\/www.urlaubcornwall.de\/blog\/wp-content\/uploads\/2014\/03\/North-Mundham-House-Studio1.jpg\" alt=\"\" height=\"98\" width=\"148\"\/><\/td>\n<td><strong>North Mundham House Studio<\/strong>&#8211; Chichester und Chichester Hafen\n<h3>&nbsp;<\/h3>\n<p>1 Schlafzimmer, Schlafplatz f\u00fcr 2, leider keine Haustiere erlaubt, Ferienwohnung North Mundham 3 Kilometer SO von Chichester, West Sussex.<\/p>\n<h3>&nbsp;<\/h3>\n<p>Preisepanne \u00a3300-\u00a3495<\/p><\/td>\n<\/tr>\n<\/tbody>\n<\/table>\n<table>\n<tbody>\n<tr>\n<td><img loading=\"lazy\" class=\"aligncenter size-full wp-image-7090\" style=\"border: 0pt none; padding: 0px;\" src=\"https:\/\/www.urlaubcornwall.de\/blog\/wp-content\/uploads\/2014\/03\/The-Cowstall1.jpg\" alt=\"Ferienwohnung chichester\" height=\"98\" width=\"148\"\/><\/td>\n<td><strong><\/strong><strong>The Cowstall<\/strong> <strong>Cottage:<\/strong> Chichester und Chichester Hafen\n<h3>&nbsp;<\/h3>\n<p>1 Schlafzimmer, Schlafplatz f\u00fcr 2, leider keine Haustiere erlaubt, Ferienhaus Merston 4.5 Kilometer O von Chichester, West Sussex.<\/p>\n<h3>&nbsp;<\/h3>\n<p>Preisepanne \u00a3380-580<\/p><\/td>\n<\/tr>\n<\/tbody>\n<\/table>\n<table>\n<tbody>\n<tr>\n<td><img loading=\"lazy\" class=\"aligncenter size-full wp-image-7090\" style=\"border: 0pt none; padding: 0px;\" src=\" https:\/\/www.urlaubcornwall.de\/blog\/wp-content\/uploads\/2014\/03\/The-Old-School-House1.jpg \" alt=\"cottage sussex\" height=\"98\" width=\"148\"\/><\/td>\n<td><strong><\/strong><strong>The Old School House <\/strong>Chichester und Chichester Hafen\n<h3>&nbsp;<\/h3>\n<p>2 Schlafzimmer , Schlafplatz f\u00fcr 4 , hundefreundlich , Ferienhaus Bosham am Meer 6 Kilometer S\u00fcd von Chichester , West Sussex.<\/p>\n<h3>&nbsp;<\/h3>\n<p>Preisepanne \u00a3375-\u00a3625<\/p><\/td>\n<\/tr>\n<\/tbody>\n<\/table>\n<table>\n<tbody>\n<tr>\n<td><img loading=\"lazy\" class=\"aligncenter size-full wp-image-7090\" style=\"border: 0pt none; padding: 0px;\" src=\" https:\/\/www.urlaubcornwall.de\/blog\/wp-content\/uploads\/2014\/03\/The-Fisher-Dairy1.jpg \" alt=\"Ferienhaus sussex \" height=\"98\" width=\"148\"\/><\/td>\n<td><strong><\/strong><strong>The Fisher Dairy<\/strong> Chichester und Chichester Hafen\n<h3>&nbsp;<\/h3>\n<p>2 Schlafzimmer , Schlafplatz f\u00fcr 4 , hundefreundlich , Ferienhaus South Mundham 4.5 Kilometer von Chichester , West Sussex.<\/p>\n<h3>&nbsp;<\/h3>\n<p>Preisepanne \u00a3395-\u00a3685<\/p><\/td>\n<\/tr>\n<\/tbody>\n<\/table>\n<table>\n<tbody>\n<tr>\n<td><img loading=\"lazy\" class=\"aligncenter size-full wp-image-7090\" style=\"border: 0pt none; padding: 0px;\" src=\" https:\/\/www.urlaubcornwall.de\/blog\/wp-content\/uploads\/2014\/03\/North-Walls-Cottage1.jpg \" alt=\"cottage sussex\" height=\"98\" width=\"148\"\/><\/td>\n<td><strong><\/strong><strong>North Walls Cottage <\/strong> Chichester und Chichester Hafen\n<h3>&nbsp;<\/h3>\n<p>2 Schlafzimmer , Schlafplatz f\u00fcr 4 , leider keine Haustiere&nbsp; erlaubt , Ferienhaus Chichester , West Sussex .<\/p>\n<h3>&nbsp;<\/h3>\n<p>Preisepanne \u00a3495-\u00a3675<\/p><\/td>\n<\/tr>\n<\/tbody>\n<\/table>\n<table>\n<tbody>\n<tr>\n<td><img loading=\"lazy\" class=\"aligncenter size-full wp-image-7090\" style=\"border: 0pt none; padding: 0px;\" src=\" https:\/\/www.urlaubcornwall.de\/blog\/wp-content\/uploads\/2014\/03\/Roman-Quarter1.jpg \" alt=\"cottage sussex\" height=\"98\" width=\"148\"\/><\/td>\n<td><strong><\/strong><strong>Roman Quarter <\/strong> Chichester und Chichester Hafen\n<h3>&nbsp;<\/h3>\n<p>2 Schlafzimmer , Schlafplatz f\u00fcr 4 , leider keine Haustiere erlaubt , Ferienwohnung Chichester , West Sussex .<\/p>\n<h3>&nbsp;<\/h3>\n<p>Preisepanne \u00a3600-\u00a3950<\/p><\/td>\n<\/tr>\n<\/tbody>\n<\/table>\n<table>\n<tbody>\n<tr>\n<td><img loading=\"lazy\" class=\"aligncenter size-full wp-image-7090\" style=\"border: 0pt none; padding: 0px;\" src=\" https:\/\/www.urlaubcornwall.de\/blog\/wp-content\/uploads\/2014\/03\/Pheasant-Cottage.jpg \" alt=\"\" height=\"98\" width=\"148\"\/><\/td>\n<td><strong><\/strong><strong>Pheasant Cottage<\/strong> , Chichester und Chichester Hafen\n<h3>&nbsp;<\/h3>\n<p>3 Schlafzimmer , Schlafplatz f\u00fcr 6 , leider keine Haustiere erlaubt , Ferienhaus Itchenor 6 Kilometer von Chichester , West Sussex .<\/p>\n<h3>&nbsp;<\/h3>\n<p>Preisepanne \u00a3550-\u00a3950<\/p><\/td>\n<\/tr>\n<\/tbody>\n<\/table>\n<p>W\u00e4hlen Sie aus \u00fcber 1000 pers\u00f6nlich inspizierten Ferienh\u00e4usern, Cottages &amp; Ferienwohnungen in Kent, Sussex und S\u00fcdostengland. Unterk\u00fcnfte der Spitzenklasse f\u00fcr 2 Personen, Familien und Gruppen mit 4, 6, 8, 10 oder 12 G\u00e4sten.<\/p>\n","protected":false},"excerpt":{"rendered":"<p>Bei uns finden Sie Ferienh\u00e4user in Goodwood zum Verlieben \u2013 so einfach ist das! UrlaubCornwall.de hat eine einzigartige Sammlung pers\u00f6nlich inspizierter Ferienh\u00e4user und Ferienwohnungen in Sussex, S\u00fcdengland und nun auch im gesamten Gro\u00dfbritannien. Suche Ferienh\u00e4user Sussex The Stables , Sussex Downs &nbsp; 2 Schlafzimmer , Schlafplatz f\u00fcr 4 , leider keine Haustiere erlaubt , Ferienhaus [&hellip;]<\/p>\n","protected":false},"author":1,"featured_media":0,"parent":0,"menu_order":0,"comment_status":"closed","ping_status":"closed","template":"single-four.php","meta":[],"acf":[],"yoast_head":"<!-- This site is optimized with the Yoast SEO plugin v19.4 - https:\/\/yoast.com\/wordpress\/plugins\/seo\/ -->\n<title>Ferienh\u00e4user in Goodwood, Sussex Downs - Urlaub &amp; Reisen<\/title>\n<meta name=\"robots\" content=\"index, follow, max-snippet:-1, max-image-preview:large, max-video-preview:-1\" \/>\n<link rel=\"canonical\" href=\"https:\/\/www.urlaubcornwall.de\/blog\/ferienhaeuser-und-ferienwohnungen-in-goodwood-sussex-downs\/\" \/>\n<meta property=\"og:locale\" content=\"en_US\" \/>\n<meta property=\"og:type\" content=\"article\" \/>\n<meta property=\"og:title\" content=\"Ferienh\u00e4user in Goodwood, Sussex Downs - Urlaub &amp; Reisen\" \/>\n<meta property=\"og:description\" content=\"Bei uns finden Sie Ferienh\u00e4user in Goodwood zum Verlieben \u2013 so einfach ist das! UrlaubCornwall.de hat eine einzigartige Sammlung pers\u00f6nlich inspizierter Ferienh\u00e4user und Ferienwohnungen in Sussex, S\u00fcdengland und nun auch im gesamten Gro\u00dfbritannien. Suche Ferienh\u00e4user Sussex The Stables , Sussex Downs &nbsp; 2 Schlafzimmer , Schlafplatz f\u00fcr 4 , leider keine Haustiere erlaubt , Ferienhaus [&hellip;]\" \/>\n<meta property=\"og:url\" content=\"https:\/\/www.urlaubcornwall.de\/blog\/ferienhaeuser-und-ferienwohnungen-in-goodwood-sussex-downs\/\" \/>\n<meta property=\"og:site_name\" content=\"Urlaub &amp; Reisen\" \/>\n<meta property=\"article:modified_time\" content=\"2019-02-27T10:57:12+00:00\" \/>\n<meta property=\"og:image\" content=\"https:\/\/www.urlaubcornwall.de\/blog\/wp-content\/uploads\/2015\/02\/FQW3h85.jpg\" \/>\n<meta name=\"twitter:card\" content=\"summary\" \/>\n<meta name=\"twitter:label1\" content=\"Est. reading time\" \/>\n\t<meta name=\"twitter:data1\" content=\"2 minutes\" \/>\n<script type=\"application\/ld+json\" class=\"yoast-schema-graph\">{\"@context\":\"https:\/\/schema.org\",\"@graph\":[{\"@type\":\"WebSite\",\"@id\":\"https:\/\/www.urlaubcornwall.de\/blog\/#website\",\"url\":\"https:\/\/www.urlaubcornwall.de\/blog\/\",\"name\":\"Urlaub &amp; Reisen\",\"description\":\"Urlaub, Reisen, Cornwall und S\u00fcdengland: eine perfekte Kombination\",\"potentialAction\":[{\"@type\":\"SearchAction\",\"target\":{\"@type\":\"EntryPoint\",\"urlTemplate\":\"https:\/\/www.urlaubcornwall.de\/blog\/?s={search_term_string}\"},\"query-input\":\"required name=search_term_string\"}],\"inLanguage\":\"en-US\"},{\"@type\":\"WebPage\",\"@id\":\"https:\/\/www.urlaubcornwall.de\/blog\/ferienhaeuser-und-ferienwohnungen-in-goodwood-sussex-downs\/\",\"url\":\"https:\/\/www.urlaubcornwall.de\/blog\/ferienhaeuser-und-ferienwohnungen-in-goodwood-sussex-downs\/\",\"name\":\"Ferienh\u00e4user in Goodwood, Sussex Downs - Urlaub &amp; Reisen\",\"isPartOf\":{\"@id\":\"https:\/\/www.urlaubcornwall.de\/blog\/#website\"},\"datePublished\":\"2015-02-10T11:39:00+00:00\",\"dateModified\":\"2019-02-27T10:57:12+00:00\",\"breadcrumb\":{\"@id\":\"https:\/\/www.urlaubcornwall.de\/blog\/ferienhaeuser-und-ferienwohnungen-in-goodwood-sussex-downs\/#breadcrumb\"},\"inLanguage\":\"en-US\",\"potentialAction\":[{\"@type\":\"ReadAction\",\"target\":[\"https:\/\/www.urlaubcornwall.de\/blog\/ferienhaeuser-und-ferienwohnungen-in-goodwood-sussex-downs\/\"]}]},{\"@type\":\"BreadcrumbList\",\"@id\":\"https:\/\/www.urlaubcornwall.de\/blog\/ferienhaeuser-und-ferienwohnungen-in-goodwood-sussex-downs\/#breadcrumb\",\"itemListElement\":[{\"@type\":\"ListItem\",\"position\":1,\"name\":\"Home\",\"item\":\"https:\/\/www.urlaubcornwall.de\/blog\/\"},{\"@type\":\"ListItem\",\"position\":2,\"name\":\"Ferienh\u00e4user in Goodwood, Sussex Downs\"}]}]}<\/script>\n<!-- \/ Yoast SEO plugin. -->","yoast_head_json":{"title":"Ferienh\u00e4user in Goodwood, Sussex Downs - Urlaub &amp; Reisen","robots":{"index":"index","follow":"follow","max-snippet":"max-snippet:-1","max-image-preview":"max-image-preview:large","max-video-preview":"max-video-preview:-1"},"canonical":"https:\/\/www.urlaubcornwall.de\/blog\/ferienhaeuser-und-ferienwohnungen-in-goodwood-sussex-downs\/","og_locale":"en_US","og_type":"article","og_title":"Ferienh\u00e4user in Goodwood, Sussex Downs - Urlaub &amp; Reisen","og_description":"Bei uns finden Sie Ferienh\u00e4user in Goodwood zum Verlieben \u2013 so einfach ist das! UrlaubCornwall.de hat eine einzigartige Sammlung pers\u00f6nlich inspizierter Ferienh\u00e4user und Ferienwohnungen in Sussex, S\u00fcdengland und nun auch im gesamten Gro\u00dfbritannien. Suche Ferienh\u00e4user Sussex The Stables , Sussex Downs &nbsp; 2 Schlafzimmer , Schlafplatz f\u00fcr 4 , leider keine Haustiere erlaubt , Ferienhaus [&hellip;]","og_url":"https:\/\/www.urlaubcornwall.de\/blog\/ferienhaeuser-und-ferienwohnungen-in-goodwood-sussex-downs\/","og_site_name":"Urlaub &amp; Reisen","article_modified_time":"2019-02-27T10:57:12+00:00","og_image":[{"url":"https:\/\/www.urlaubcornwall.de\/blog\/wp-content\/uploads\/2015\/02\/FQW3h85.jpg"}],"twitter_card":"summary","twitter_misc":{"Est. reading time":"2 minutes"},"schema":{"@context":"https:\/\/schema.org","@graph":[{"@type":"WebSite","@id":"https:\/\/www.urlaubcornwall.de\/blog\/#website","url":"https:\/\/www.urlaubcornwall.de\/blog\/","name":"Urlaub &amp; Reisen","description":"Urlaub, Reisen, Cornwall und S\u00fcdengland: eine perfekte Kombination","potentialAction":[{"@type":"SearchAction","target":{"@type":"EntryPoint","urlTemplate":"https:\/\/www.urlaubcornwall.de\/blog\/?s={search_term_string}"},"query-input":"required name=search_term_string"}],"inLanguage":"en-US"},{"@type":"WebPage","@id":"https:\/\/www.urlaubcornwall.de\/blog\/ferienhaeuser-und-ferienwohnungen-in-goodwood-sussex-downs\/","url":"https:\/\/www.urlaubcornwall.de\/blog\/ferienhaeuser-und-ferienwohnungen-in-goodwood-sussex-downs\/","name":"Ferienh\u00e4user in Goodwood, Sussex Downs - Urlaub &amp; Reisen","isPartOf":{"@id":"https:\/\/www.urlaubcornwall.de\/blog\/#website"},"datePublished":"2015-02-10T11:39:00+00:00","dateModified":"2019-02-27T10:57:12+00:00","breadcrumb":{"@id":"https:\/\/www.urlaubcornwall.de\/blog\/ferienhaeuser-und-ferienwohnungen-in-goodwood-sussex-downs\/#breadcrumb"},"inLanguage":"en-US","potentialAction":[{"@type":"ReadAction","target":["https:\/\/www.urlaubcornwall.de\/blog\/ferienhaeuser-und-ferienwohnungen-in-goodwood-sussex-downs\/"]}]},{"@type":"BreadcrumbList","@id":"https:\/\/www.urlaubcornwall.de\/blog\/ferienhaeuser-und-ferienwohnungen-in-goodwood-sussex-downs\/#breadcrumb","itemListElement":[{"@type":"ListItem","position":1,"name":"Home","item":"https:\/\/www.urlaubcornwall.de\/blog\/"},{"@type":"ListItem","position":2,"name":"Ferienh\u00e4user in Goodwood, Sussex Downs"}]}]}},"_links":{"self":[{"href":"https:\/\/www.urlaubcornwall.de\/blog\/wp-json\/wp\/v2\/pages\/17928"}],"collection":[{"href":"https:\/\/www.urlaubcornwall.de\/blog\/wp-json\/wp\/v2\/pages"}],"about":[{"href":"https:\/\/www.urlaubcornwall.de\/blog\/wp-json\/wp\/v2\/types\/page"}],"author":[{"embeddable":true,"href":"https:\/\/www.urlaubcornwall.de\/blog\/wp-json\/wp\/v2\/users\/1"}],"replies":[{"embeddable":true,"href":"https:\/\/www.urlaubcornwall.de\/blog\/wp-json\/wp\/v2\/comments?post=17928"}],"version-history":[{"count":8,"href":"https:\/\/www.urlaubcornwall.de\/blog\/wp-json\/wp\/v2\/pages\/17928\/revisions"}],"predecessor-version":[{"id":36636,"href":"https:\/\/www.urlaubcornwall.de\/blog\/wp-json\/wp\/v2\/pages\/17928\/revisions\/36636"}],"wp:attachment":[{"href":"https:\/\/www.urlaubcornwall.de\/blog\/wp-json\/wp\/v2\/media?parent=17928"}],"curies":[{"name":"wp","href":"https:\/\/api.w.org\/{rel}","templated":true}]}}