{"id":17923,"date":"2015-02-10T11:17:36","date_gmt":"2015-02-10T11:17:36","guid":{"rendered":"https:\/\/www.urlaubcornwall.de\/blog\/?page_id=17923"},"modified":"2019-02-27T10:56:53","modified_gmt":"2019-02-27T10:56:53","slug":"ferienhaeuser-und-ferienwohnungen-in-forest-row-ashdwon-forest-sussex","status":"publish","type":"page","link":"https:\/\/www.urlaubcornwall.de\/blog\/ferienhaeuser-und-ferienwohnungen-in-forest-row-ashdwon-forest-sussex\/","title":{"rendered":"Ferienh\u00e4user in Forest Row, Ashdown Forest Sussex"},"content":{"rendered":"<p><a href=\"https:\/\/www.urlaubcornwall.de\/blog\/wp-content\/uploads\/2015\/02\/FQW3h85.jpg\"><img loading=\"lazy\" class=\"aligncenter size-full wp-image-17926\" src=\"https:\/\/www.urlaubcornwall.de\/blog\/wp-content\/uploads\/2015\/02\/FQW3h85.jpg\" alt=\"ashdown forest sussex\" height=\"327\" width=\"740\" srcset=\"https:\/\/www.urlaubcornwall.de\/blog\/wp-content\/uploads\/2015\/02\/FQW3h85.jpg 740w, https:\/\/www.urlaubcornwall.de\/blog\/wp-content\/uploads\/2015\/02\/FQW3h85-300x132.jpg 300w\" sizes=\"(max-width: 740px) 100vw, 740px\" \/><\/a><\/p>\n<p style=\"text-align: center;\"><strong>Bei uns finden Sie Ferienh\u00e4user in Asdown Forest zum Verlieben \u2013 so einfach ist das!<\/strong><\/p>\n<p style=\"text-align: center;\">UrlaubCornwall.de hat eine einzigartige Sammlung pers\u00f6nlich inspizierter Ferienh\u00e4user und Ferienwohnungen in Sussex, <a href=\"https:\/\/www.urlaubcornwall.de\/ferienhaueser\/suedengland.php\">S\u00fcdengland<\/a> und nun auch im gesamten Gro\u00dfbritannien.<\/p>\n<p style=\"text-align: center;\"><a class=\"tidycta\" href=\"https:\/\/www.urlaubcornwall.de\/ferienhaeuser\/sussex.php\">Suche Ferienh\u00e4user Sussex<\/a><\/p>\n<table>\n<tbody>\n<tr>\n<td><img loading=\"lazy\" class=\"aligncenter size-full wp-image-7090\" style=\"border: 0pt none; padding: 0px;\" src=\" https:\/\/www.urlaubcornwall.de\/blog\/wp-content\/uploads\/2014\/03\/The-Coach-House.jpg\" alt=\"Ferienhaus naehe east grinstead\" height=\"98\" width=\"148\"\/><\/td>\n<td><strong><\/strong><strong>The Coach House, <\/strong> Sussex Weald\n<h3>&nbsp;<\/h3>\n<p>2 Schlafzimmer , Schlafplatz f\u00fcr 4 , leider keine Haustiere erlaubt , Ferienhaus Kingscote 4.5 Kilometer von East Grinstead , East Sussex.<\/p>\n<h3>&nbsp;<\/h3>\n<p>Preisepanne \u00a3375-\u00a3655<\/p><\/td>\n<\/tr>\n<\/tbody>\n<\/table>\n<table>\n<tbody>\n<tr>\n<td><img loading=\"lazy\" class=\"aligncenter size-full wp-image-7090\" style=\"border: 0pt none; padding: 0px;\" src=\" https:\/\/www.urlaubcornwall.de\/blog\/wp-content\/uploads\/2014\/03\/Coombe-Tye-Garden-Cottage.jpg\" alt=\" Ferienhaus east grinstead \" height=\"98\" width=\"148\"\/><\/td>\n<td><strong><\/strong><strong>Coombe Tye Garden Cottage<\/strong> , Sussex Weald\n<h3>&nbsp;<\/h3>\n<p>1 Schlafzimmer , Schlafplatz f\u00fcr 2 , leider keine Haustiere erlaubt , Ferienhaus mit Pool 1.5 Kilometer von East Grinstead , East Sussex.<\/p>\n<h3>&nbsp;<\/h3>\n<p>Preisepanne \u00a3300-\u00a3420<\/p><\/td>\n<\/tr>\n<\/tbody>\n<tbody>\n<tr>\n<td><img loading=\"lazy\" class=\"aligncenter size-full wp-image-7090\" style=\"border: 0pt none; padding: 0px;\" src=\" https:\/\/www.urlaubcornwall.de\/blog\/wp-content\/uploads\/2014\/03\/The-Coach-House.jpg\" alt=\"Ferienhaus naehe east grinstead\" height=\"98\" width=\"148\"\/><\/td>\n<td><strong><\/strong><strong>The Coach House <\/strong> Sussex Weald\n<h3>&nbsp;<\/h3>\n<p>2 Schlafzimmer , Schlafplatz f\u00fcr 4 , leider keine Haustiere erlaubt , Ferienhaus Kingscote 4.5 Kilometer von East Grinstead , East Sussex.<\/p>\n<h3>&nbsp;<\/h3>\n<p>Preisepanne \u00a3375-\u00a3655<\/p><\/td>\n<\/tr>\n<\/tbody>\n<tbody>\n<tr>\n<td><img loading=\"lazy\" class=\"aligncenter size-full wp-image-7090\" style=\"border: 0pt none; padding: 0px;\" src=\" https:\/\/www.urlaubcornwall.de\/blog\/wp-content\/uploads\/2014\/03\/Priors-Barn.jpg\" alt=\"Ferienhaus uckfield\" height=\"98\" width=\"148\"\/><\/td>\n<td><strong><\/strong><strong>Priors Barn <\/strong> Sussex Weald\n<h3>&nbsp;<\/h3>\n<p>1 Schlafzimmer , Schlafplatz f\u00fcr 2 , hundefreundlich , Ferienhaus Underhill 3 Kilometer von Uckfield , East Sussex.<\/p>\n<h3>&nbsp;<\/h3>\n<p>Preisepanne \u00a3415-\u00a3595<\/p><\/td>\n<\/tr>\n<\/tbody>\n<\/table>\n<table>\n<tbody>\n<tr>\n<td><img loading=\"lazy\" class=\"aligncenter size-full wp-image-7090\" style=\"border: 0pt none; padding: 0px;\" src=\" https:\/\/www.urlaubcornwall.de\/blog\/wp-content\/uploads\/2014\/03\/Mallingdown-Oast.jpg \" alt=\"landhaus battle sussex\" height=\"98\" width=\"148\"\/><\/td>\n<td><strong><\/strong><strong>Mallingdown Oast<\/strong> Sussex Weald\n<h3>&nbsp;<\/h3>\n<p>2 Schlafzimmer , Schlafplatz f\u00fcr 4 , leider keine Haustiere erlaubt , Ferienhaus Piltdown 5 Kilometer von Uckfield , East Sussex.<\/p>\n<h3>&nbsp;<\/h3>\n<p>Preisepanne \u00a3460-\u00a3670<\/p><\/td>\n<\/tr>\n<\/tbody>\n<\/table>\n<p>W\u00e4hlen Sie aus \u00fcber 1000 pers\u00f6nlich inspizierten Ferienh\u00e4usern, Cottages &amp; Ferienwohnungen in Kent, Sussex und S\u00fcdostengland. Unterk\u00fcnfte der Spitzenklasse f\u00fcr 2 Personen, Familien und Gruppen mit 4, 6, 8, 10 oder 12 G\u00e4sten.<\/p>\n","protected":false},"excerpt":{"rendered":"<p>Bei uns finden Sie Ferienh\u00e4user in Asdown Forest zum Verlieben \u2013 so einfach ist das! UrlaubCornwall.de hat eine einzigartige Sammlung pers\u00f6nlich inspizierter Ferienh\u00e4user und Ferienwohnungen in Sussex, S\u00fcdengland und nun auch im gesamten Gro\u00dfbritannien. Suche Ferienh\u00e4user Sussex The Coach House, Sussex Weald &nbsp; 2 Schlafzimmer , Schlafplatz f\u00fcr 4 , leider keine Haustiere erlaubt , [&hellip;]<\/p>\n","protected":false},"author":1,"featured_media":0,"parent":0,"menu_order":0,"comment_status":"closed","ping_status":"closed","template":"single-four.php","meta":[],"acf":[],"yoast_head":"<!-- This site is optimized with the Yoast SEO plugin v19.4 - https:\/\/yoast.com\/wordpress\/plugins\/seo\/ -->\n<title>Ferienh\u00e4user in Forest Row, Ashdown Forest Sussex - Urlaub &amp; Reisen<\/title>\n<meta name=\"robots\" content=\"index, follow, max-snippet:-1, max-image-preview:large, max-video-preview:-1\" \/>\n<link rel=\"canonical\" href=\"https:\/\/www.urlaubcornwall.de\/blog\/ferienhaeuser-und-ferienwohnungen-in-forest-row-ashdwon-forest-sussex\/\" \/>\n<meta property=\"og:locale\" content=\"en_US\" \/>\n<meta property=\"og:type\" content=\"article\" \/>\n<meta property=\"og:title\" content=\"Ferienh\u00e4user in Forest Row, Ashdown Forest Sussex - Urlaub &amp; Reisen\" \/>\n<meta property=\"og:description\" content=\"Bei uns finden Sie Ferienh\u00e4user in Asdown Forest zum Verlieben \u2013 so einfach ist das! UrlaubCornwall.de hat eine einzigartige Sammlung pers\u00f6nlich inspizierter Ferienh\u00e4user und Ferienwohnungen in Sussex, S\u00fcdengland und nun auch im gesamten Gro\u00dfbritannien. Suche Ferienh\u00e4user Sussex The Coach House, Sussex Weald &nbsp; 2 Schlafzimmer , Schlafplatz f\u00fcr 4 , leider keine Haustiere erlaubt , [&hellip;]\" \/>\n<meta property=\"og:url\" content=\"https:\/\/www.urlaubcornwall.de\/blog\/ferienhaeuser-und-ferienwohnungen-in-forest-row-ashdwon-forest-sussex\/\" \/>\n<meta property=\"og:site_name\" content=\"Urlaub &amp; Reisen\" \/>\n<meta property=\"article:modified_time\" content=\"2019-02-27T10:56:53+00:00\" \/>\n<meta property=\"og:image\" content=\"https:\/\/www.urlaubcornwall.de\/blog\/wp-content\/uploads\/2015\/02\/FQW3h85.jpg\" \/>\n<meta name=\"twitter:card\" content=\"summary\" \/>\n<meta name=\"twitter:label1\" content=\"Est. reading time\" \/>\n\t<meta name=\"twitter:data1\" content=\"1 minute\" \/>\n<script type=\"application\/ld+json\" class=\"yoast-schema-graph\">{\"@context\":\"https:\/\/schema.org\",\"@graph\":[{\"@type\":\"WebSite\",\"@id\":\"https:\/\/www.urlaubcornwall.de\/blog\/#website\",\"url\":\"https:\/\/www.urlaubcornwall.de\/blog\/\",\"name\":\"Urlaub &amp; Reisen\",\"description\":\"Urlaub, Reisen, Cornwall und S\u00fcdengland: eine perfekte Kombination\",\"potentialAction\":[{\"@type\":\"SearchAction\",\"target\":{\"@type\":\"EntryPoint\",\"urlTemplate\":\"https:\/\/www.urlaubcornwall.de\/blog\/?s={search_term_string}\"},\"query-input\":\"required name=search_term_string\"}],\"inLanguage\":\"en-US\"},{\"@type\":\"WebPage\",\"@id\":\"https:\/\/www.urlaubcornwall.de\/blog\/ferienhaeuser-und-ferienwohnungen-in-forest-row-ashdwon-forest-sussex\/\",\"url\":\"https:\/\/www.urlaubcornwall.de\/blog\/ferienhaeuser-und-ferienwohnungen-in-forest-row-ashdwon-forest-sussex\/\",\"name\":\"Ferienh\u00e4user in Forest Row, Ashdown Forest Sussex - Urlaub &amp; Reisen\",\"isPartOf\":{\"@id\":\"https:\/\/www.urlaubcornwall.de\/blog\/#website\"},\"datePublished\":\"2015-02-10T11:17:36+00:00\",\"dateModified\":\"2019-02-27T10:56:53+00:00\",\"breadcrumb\":{\"@id\":\"https:\/\/www.urlaubcornwall.de\/blog\/ferienhaeuser-und-ferienwohnungen-in-forest-row-ashdwon-forest-sussex\/#breadcrumb\"},\"inLanguage\":\"en-US\",\"potentialAction\":[{\"@type\":\"ReadAction\",\"target\":[\"https:\/\/www.urlaubcornwall.de\/blog\/ferienhaeuser-und-ferienwohnungen-in-forest-row-ashdwon-forest-sussex\/\"]}]},{\"@type\":\"BreadcrumbList\",\"@id\":\"https:\/\/www.urlaubcornwall.de\/blog\/ferienhaeuser-und-ferienwohnungen-in-forest-row-ashdwon-forest-sussex\/#breadcrumb\",\"itemListElement\":[{\"@type\":\"ListItem\",\"position\":1,\"name\":\"Home\",\"item\":\"https:\/\/www.urlaubcornwall.de\/blog\/\"},{\"@type\":\"ListItem\",\"position\":2,\"name\":\"Ferienh\u00e4user in Forest Row, Ashdown Forest Sussex\"}]}]}<\/script>\n<!-- \/ Yoast SEO plugin. -->","yoast_head_json":{"title":"Ferienh\u00e4user in Forest Row, Ashdown Forest Sussex - Urlaub &amp; Reisen","robots":{"index":"index","follow":"follow","max-snippet":"max-snippet:-1","max-image-preview":"max-image-preview:large","max-video-preview":"max-video-preview:-1"},"canonical":"https:\/\/www.urlaubcornwall.de\/blog\/ferienhaeuser-und-ferienwohnungen-in-forest-row-ashdwon-forest-sussex\/","og_locale":"en_US","og_type":"article","og_title":"Ferienh\u00e4user in Forest Row, Ashdown Forest Sussex - Urlaub &amp; Reisen","og_description":"Bei uns finden Sie Ferienh\u00e4user in Asdown Forest zum Verlieben \u2013 so einfach ist das! UrlaubCornwall.de hat eine einzigartige Sammlung pers\u00f6nlich inspizierter Ferienh\u00e4user und Ferienwohnungen in Sussex, S\u00fcdengland und nun auch im gesamten Gro\u00dfbritannien. Suche Ferienh\u00e4user Sussex The Coach House, Sussex Weald &nbsp; 2 Schlafzimmer , Schlafplatz f\u00fcr 4 , leider keine Haustiere erlaubt , [&hellip;]","og_url":"https:\/\/www.urlaubcornwall.de\/blog\/ferienhaeuser-und-ferienwohnungen-in-forest-row-ashdwon-forest-sussex\/","og_site_name":"Urlaub &amp; Reisen","article_modified_time":"2019-02-27T10:56:53+00:00","og_image":[{"url":"https:\/\/www.urlaubcornwall.de\/blog\/wp-content\/uploads\/2015\/02\/FQW3h85.jpg"}],"twitter_card":"summary","twitter_misc":{"Est. reading time":"1 minute"},"schema":{"@context":"https:\/\/schema.org","@graph":[{"@type":"WebSite","@id":"https:\/\/www.urlaubcornwall.de\/blog\/#website","url":"https:\/\/www.urlaubcornwall.de\/blog\/","name":"Urlaub &amp; Reisen","description":"Urlaub, Reisen, Cornwall und S\u00fcdengland: eine perfekte Kombination","potentialAction":[{"@type":"SearchAction","target":{"@type":"EntryPoint","urlTemplate":"https:\/\/www.urlaubcornwall.de\/blog\/?s={search_term_string}"},"query-input":"required name=search_term_string"}],"inLanguage":"en-US"},{"@type":"WebPage","@id":"https:\/\/www.urlaubcornwall.de\/blog\/ferienhaeuser-und-ferienwohnungen-in-forest-row-ashdwon-forest-sussex\/","url":"https:\/\/www.urlaubcornwall.de\/blog\/ferienhaeuser-und-ferienwohnungen-in-forest-row-ashdwon-forest-sussex\/","name":"Ferienh\u00e4user in Forest Row, Ashdown Forest Sussex - Urlaub &amp; Reisen","isPartOf":{"@id":"https:\/\/www.urlaubcornwall.de\/blog\/#website"},"datePublished":"2015-02-10T11:17:36+00:00","dateModified":"2019-02-27T10:56:53+00:00","breadcrumb":{"@id":"https:\/\/www.urlaubcornwall.de\/blog\/ferienhaeuser-und-ferienwohnungen-in-forest-row-ashdwon-forest-sussex\/#breadcrumb"},"inLanguage":"en-US","potentialAction":[{"@type":"ReadAction","target":["https:\/\/www.urlaubcornwall.de\/blog\/ferienhaeuser-und-ferienwohnungen-in-forest-row-ashdwon-forest-sussex\/"]}]},{"@type":"BreadcrumbList","@id":"https:\/\/www.urlaubcornwall.de\/blog\/ferienhaeuser-und-ferienwohnungen-in-forest-row-ashdwon-forest-sussex\/#breadcrumb","itemListElement":[{"@type":"ListItem","position":1,"name":"Home","item":"https:\/\/www.urlaubcornwall.de\/blog\/"},{"@type":"ListItem","position":2,"name":"Ferienh\u00e4user in Forest Row, Ashdown Forest Sussex"}]}]}},"_links":{"self":[{"href":"https:\/\/www.urlaubcornwall.de\/blog\/wp-json\/wp\/v2\/pages\/17923"}],"collection":[{"href":"https:\/\/www.urlaubcornwall.de\/blog\/wp-json\/wp\/v2\/pages"}],"about":[{"href":"https:\/\/www.urlaubcornwall.de\/blog\/wp-json\/wp\/v2\/types\/page"}],"author":[{"embeddable":true,"href":"https:\/\/www.urlaubcornwall.de\/blog\/wp-json\/wp\/v2\/users\/1"}],"replies":[{"embeddable":true,"href":"https:\/\/www.urlaubcornwall.de\/blog\/wp-json\/wp\/v2\/comments?post=17923"}],"version-history":[{"count":10,"href":"https:\/\/www.urlaubcornwall.de\/blog\/wp-json\/wp\/v2\/pages\/17923\/revisions"}],"predecessor-version":[{"id":36635,"href":"https:\/\/www.urlaubcornwall.de\/blog\/wp-json\/wp\/v2\/pages\/17923\/revisions\/36635"}],"wp:attachment":[{"href":"https:\/\/www.urlaubcornwall.de\/blog\/wp-json\/wp\/v2\/media?parent=17923"}],"curies":[{"name":"wp","href":"https:\/\/api.w.org\/{rel}","templated":true}]}}