{"id":17918,"date":"2015-02-10T10:50:29","date_gmt":"2015-02-10T10:50:29","guid":{"rendered":"https:\/\/www.urlaubcornwall.de\/blog\/?page_id=17918"},"modified":"2024-06-03T09:43:43","modified_gmt":"2024-06-03T09:43:43","slug":"ferienhaeuser-und-ferienwohnungen-in-bracklesham-bay-sussex-am-meer","status":"publish","type":"page","link":"https:\/\/www.urlaubcornwall.de\/blog\/ferienhaeuser-und-ferienwohnungen-in-bracklesham-bay-sussex-am-meer\/","title":{"rendered":"Ferienh\u00e4user in Bracklesham Bay, Sussex am Meer"},"content":{"rendered":"<p style=\"text-align: center;\"><strong>Bei uns finden Sie Ferienh\u00e4user in Bracklesham Bay zum Verlieben \u2013 so einfach ist das!<\/strong><\/p>\n<p style=\"text-align: center;\">UrlaubCornwall.de hat eine einzigartige Sammlung pers\u00f6nlich inspizierter Ferienh\u00e4user und Ferienwohnungen in Sussex,&nbsp;f\u00fcr Ihren Urlaub in <a href=\"https:\/\/www.urlaubcornwall.de\/ferienhaueser\/suedengland.php\">S\u00fcdengland<\/a> und nun auch im gesamten Gro\u00dfbritannien.<\/p>\n<p style=\"text-align: center;\"><a class=\"tidycta\" href=\"https:\/\/www.urlaubcornwall.de\/ferienhaeuser\/sussex.php\">Suche Ferienh\u00e4user Sussex<\/a><\/p>\n<table>\n<tbody>\n<tr>\n<td><img loading=\"lazy\" class=\"aligncenter size-full wp-image-7090\" style=\"border: 0pt none; padding: 0px;\" src=\" https:\/\/www.urlaubcornwall.de\/blog\/wp-content\/uploads\/2014\/03\/Wellow-Barn.jpg\" alt=\" Reetdachhaus sussex\" height=\"98\" width=\"148\"\/><\/td>\n<td><strong><\/strong><strong>Wellow Barn <\/strong> Sussex K\u00fcste\n<h3>&nbsp;<\/h3>\n<p>2 Schlafzimmer , Schlafplatz f\u00fcr 4 , hundefreundlich , Ferienhaus Flansham 3 Kilometer von Bognor Regis , East Sussex.<\/p>\n<h3>&nbsp;<\/h3>\n<p>Preisepanne \u00a3390-\u00a3675<\/p><\/td>\n<\/tr>\n<\/tbody>\n<\/table>\n<table>\n<tbody>\n<tr>\n<td><img loading=\"lazy\" class=\"aligncenter size-full wp-image-7090\" style=\"border: 0pt none; padding: 0px;\" src=\" https:\/\/www.urlaubcornwall.de\/blog\/wp-content\/uploads\/2014\/03\/South-Cottage.jpg \" alt=\"cottage sussex\" height=\"98\" width=\"148\"\/><\/td>\n<td><strong><\/strong><strong>South Cottage <\/strong> Sussex am Meer\n<h3>&nbsp;<\/h3>\n<p>2 Schlafzimmer , Schlafplatz f\u00fcr 4 , leider keine Haustiere erlaubt , Ferienhaus Aldwick 3 Kilometer von Bognor Regis , Sussex .<\/p>\n<h3>&nbsp;<\/h3>\n<p>Preisepanne \u00a3395-\u00a3675<\/p><\/td>\n<\/tr>\n<\/tbody>\n<\/table>\n<table>\n<tbody>\n<tr>\n<td><img loading=\"lazy\" class=\"aligncenter size-full wp-image-7090\" style=\"border: 0pt none; padding: 0px;\" src=\" https:\/\/www.urlaubcornwall.de\/blog\/wp-content\/uploads\/2014\/03\/Old-Barn.jpg \" alt=\"\" height=\"98\" width=\"148\"\/><\/td>\n<td><strong><\/strong><strong>Old Barn<\/strong> , Sussex K\u00fcste\n<h3>&nbsp;<\/h3>\n<p>3 Schlafzimmer , Schlafplatz f\u00fcr 6 , hundefreundlich , Ferienhaus Flansham 5 Kilometer von Bognor Regis , West Sussex .<\/p>\n<h3>&nbsp;<\/h3>\n<p>Preisepanne \u00a3550-\u00a3975<\/p><\/td>\n<\/tr>\n<\/tbody>\n<\/table>\n<table>\n<tbody>\n<tr>\n<td><img loading=\"lazy\" class=\"aligncenter size-full wp-image-7090\" style=\"border: 0pt none; padding: 0px;\" src=\"https:\/\/www.urlaubcornwall.de\/blog\/wp-content\/uploads\/2014\/03\/Little-Timbers.jpg\" alt=\"ferienhaus bognor regis\" height=\"98\" width=\"148\"\/><\/td>\n<td><strong><\/strong><strong>Little Timbers<\/strong> Sussex am Meer\n<h3>&nbsp;<\/h3>\n<p>3 Schlafzimmer, Schlafplatz f\u00fcr 6, hundefreundlich, Ferienhaus strandnah Aldwick 5 Kilometer von Bognor Regis, West Sussex, S\u00fcdost-England.<\/p>\n<h3>&nbsp;<\/h3>\n<p>Preisepanne \u00a3595-\u00a3895<\/p><\/td>\n<\/tr>\n<\/tbody>\n<\/table>\n<table>\n<tbody>\n<tr>\n<td><img loading=\"lazy\" class=\"aligncenter size-full wp-image-7090\" style=\"border: 0pt none; padding: 0px;\" src=\" https:\/\/www.urlaubcornwall.de\/blog\/wp-content\/uploads\/2014\/03\/Pindars.jpg\" alt=\"Ferienhaus mit pool sussex\" height=\"98\" width=\"148\"\/><\/td>\n<td><strong><\/strong><strong>Pindars <\/strong> , Sussex K\u00fcste\n<h3>&nbsp;<\/h3>\n<p>4 Schlafzimmer , Schlafplatz f\u00fcr 8 , leider keine Haustiere erlaubt , Ferienhaus Lyminster mit Pool 3 Kilometer von Arundel , Sussex .<\/p>\n<h3>&nbsp;<\/h3>\n<p>Preisepanne \u00a31400-2400<\/p><\/td>\n<\/tr>\n<\/tbody>\n<\/table>\n<p>W\u00e4hlen Sie aus \u00fcber 1000 pers\u00f6nlich inspizierten Ferienh\u00e4usern, Cottages &amp; Ferienwohnungen in Kent, Sussex und S\u00fcdostengland. Unterk\u00fcnfte der Spitzenklasse f\u00fcr 2 Personen, Familien und Gruppen mit 4, 6, 8, 10 oder 12 G\u00e4sten.<\/p>\n\n","protected":false},"excerpt":{"rendered":"<p>Bei uns finden Sie Ferienh\u00e4user in Bracklesham Bay zum Verlieben \u2013 so einfach ist das! UrlaubCornwall.de hat eine einzigartige Sammlung pers\u00f6nlich inspizierter Ferienh\u00e4user und Ferienwohnungen in Sussex,&nbsp;f\u00fcr Ihren Urlaub in S\u00fcdengland und nun auch im gesamten Gro\u00dfbritannien. Suche Ferienh\u00e4user Sussex Wellow Barn Sussex K\u00fcste &nbsp; 2 Schlafzimmer , Schlafplatz f\u00fcr 4 , hundefreundlich , Ferienhaus [&hellip;]<\/p>\n","protected":false},"author":1,"featured_media":0,"parent":0,"menu_order":0,"comment_status":"closed","ping_status":"closed","template":"single-four.php","meta":[],"acf":[],"yoast_head":"<!-- This site is optimized with the Yoast SEO plugin v19.4 - https:\/\/yoast.com\/wordpress\/plugins\/seo\/ -->\n<title>Ferienh\u00e4user in Bracklesham Bay, Sussex am Meer - Urlaub &amp; Reisen<\/title>\n<meta name=\"robots\" content=\"index, follow, max-snippet:-1, max-image-preview:large, max-video-preview:-1\" \/>\n<link rel=\"canonical\" href=\"https:\/\/www.urlaubcornwall.de\/blog\/ferienhaeuser-und-ferienwohnungen-in-bracklesham-bay-sussex-am-meer\/\" \/>\n<meta property=\"og:locale\" content=\"en_US\" \/>\n<meta property=\"og:type\" content=\"article\" \/>\n<meta property=\"og:title\" content=\"Ferienh\u00e4user in Bracklesham Bay, Sussex am Meer - Urlaub &amp; Reisen\" \/>\n<meta property=\"og:description\" content=\"Bei uns finden Sie Ferienh\u00e4user in Bracklesham Bay zum Verlieben \u2013 so einfach ist das! UrlaubCornwall.de hat eine einzigartige Sammlung pers\u00f6nlich inspizierter Ferienh\u00e4user und Ferienwohnungen in Sussex,&nbsp;f\u00fcr Ihren Urlaub in S\u00fcdengland und nun auch im gesamten Gro\u00dfbritannien. Suche Ferienh\u00e4user Sussex Wellow Barn Sussex K\u00fcste &nbsp; 2 Schlafzimmer , Schlafplatz f\u00fcr 4 , hundefreundlich , Ferienhaus [&hellip;]\" \/>\n<meta property=\"og:url\" content=\"https:\/\/www.urlaubcornwall.de\/blog\/ferienhaeuser-und-ferienwohnungen-in-bracklesham-bay-sussex-am-meer\/\" \/>\n<meta property=\"og:site_name\" content=\"Urlaub &amp; Reisen\" \/>\n<meta property=\"article:modified_time\" content=\"2024-06-03T09:43:43+00:00\" \/>\n<meta property=\"og:image\" content=\"https:\/\/www.urlaubcornwall.de\/blog\/wp-content\/uploads\/2014\/03\/Little-Timbers.jpg\" \/>\n<meta name=\"twitter:card\" content=\"summary\" \/>\n<meta name=\"twitter:label1\" content=\"Est. reading time\" \/>\n\t<meta name=\"twitter:data1\" content=\"3 minutes\" \/>\n<script type=\"application\/ld+json\" class=\"yoast-schema-graph\">{\"@context\":\"https:\/\/schema.org\",\"@graph\":[{\"@type\":\"WebSite\",\"@id\":\"https:\/\/www.urlaubcornwall.de\/blog\/#website\",\"url\":\"https:\/\/www.urlaubcornwall.de\/blog\/\",\"name\":\"Urlaub &amp; Reisen\",\"description\":\"Urlaub, Reisen, Cornwall und S\u00fcdengland: eine perfekte Kombination\",\"potentialAction\":[{\"@type\":\"SearchAction\",\"target\":{\"@type\":\"EntryPoint\",\"urlTemplate\":\"https:\/\/www.urlaubcornwall.de\/blog\/?s={search_term_string}\"},\"query-input\":\"required name=search_term_string\"}],\"inLanguage\":\"en-US\"},{\"@type\":\"WebPage\",\"@id\":\"https:\/\/www.urlaubcornwall.de\/blog\/ferienhaeuser-und-ferienwohnungen-in-bracklesham-bay-sussex-am-meer\/\",\"url\":\"https:\/\/www.urlaubcornwall.de\/blog\/ferienhaeuser-und-ferienwohnungen-in-bracklesham-bay-sussex-am-meer\/\",\"name\":\"Ferienh\u00e4user in Bracklesham Bay, Sussex am Meer - Urlaub &amp; Reisen\",\"isPartOf\":{\"@id\":\"https:\/\/www.urlaubcornwall.de\/blog\/#website\"},\"datePublished\":\"2015-02-10T10:50:29+00:00\",\"dateModified\":\"2024-06-03T09:43:43+00:00\",\"breadcrumb\":{\"@id\":\"https:\/\/www.urlaubcornwall.de\/blog\/ferienhaeuser-und-ferienwohnungen-in-bracklesham-bay-sussex-am-meer\/#breadcrumb\"},\"inLanguage\":\"en-US\",\"potentialAction\":[{\"@type\":\"ReadAction\",\"target\":[\"https:\/\/www.urlaubcornwall.de\/blog\/ferienhaeuser-und-ferienwohnungen-in-bracklesham-bay-sussex-am-meer\/\"]}]},{\"@type\":\"BreadcrumbList\",\"@id\":\"https:\/\/www.urlaubcornwall.de\/blog\/ferienhaeuser-und-ferienwohnungen-in-bracklesham-bay-sussex-am-meer\/#breadcrumb\",\"itemListElement\":[{\"@type\":\"ListItem\",\"position\":1,\"name\":\"Home\",\"item\":\"https:\/\/www.urlaubcornwall.de\/blog\/\"},{\"@type\":\"ListItem\",\"position\":2,\"name\":\"Ferienh\u00e4user in Bracklesham Bay, Sussex am Meer\"}]}]}<\/script>\n<!-- \/ Yoast SEO plugin. -->","yoast_head_json":{"title":"Ferienh\u00e4user in Bracklesham Bay, Sussex am Meer - Urlaub &amp; Reisen","robots":{"index":"index","follow":"follow","max-snippet":"max-snippet:-1","max-image-preview":"max-image-preview:large","max-video-preview":"max-video-preview:-1"},"canonical":"https:\/\/www.urlaubcornwall.de\/blog\/ferienhaeuser-und-ferienwohnungen-in-bracklesham-bay-sussex-am-meer\/","og_locale":"en_US","og_type":"article","og_title":"Ferienh\u00e4user in Bracklesham Bay, Sussex am Meer - Urlaub &amp; Reisen","og_description":"Bei uns finden Sie Ferienh\u00e4user in Bracklesham Bay zum Verlieben \u2013 so einfach ist das! UrlaubCornwall.de hat eine einzigartige Sammlung pers\u00f6nlich inspizierter Ferienh\u00e4user und Ferienwohnungen in Sussex,&nbsp;f\u00fcr Ihren Urlaub in S\u00fcdengland und nun auch im gesamten Gro\u00dfbritannien. Suche Ferienh\u00e4user Sussex Wellow Barn Sussex K\u00fcste &nbsp; 2 Schlafzimmer , Schlafplatz f\u00fcr 4 , hundefreundlich , Ferienhaus [&hellip;]","og_url":"https:\/\/www.urlaubcornwall.de\/blog\/ferienhaeuser-und-ferienwohnungen-in-bracklesham-bay-sussex-am-meer\/","og_site_name":"Urlaub &amp; Reisen","article_modified_time":"2024-06-03T09:43:43+00:00","og_image":[{"url":"https:\/\/www.urlaubcornwall.de\/blog\/wp-content\/uploads\/2014\/03\/Little-Timbers.jpg"}],"twitter_card":"summary","twitter_misc":{"Est. reading time":"3 minutes"},"schema":{"@context":"https:\/\/schema.org","@graph":[{"@type":"WebSite","@id":"https:\/\/www.urlaubcornwall.de\/blog\/#website","url":"https:\/\/www.urlaubcornwall.de\/blog\/","name":"Urlaub &amp; Reisen","description":"Urlaub, Reisen, Cornwall und S\u00fcdengland: eine perfekte Kombination","potentialAction":[{"@type":"SearchAction","target":{"@type":"EntryPoint","urlTemplate":"https:\/\/www.urlaubcornwall.de\/blog\/?s={search_term_string}"},"query-input":"required name=search_term_string"}],"inLanguage":"en-US"},{"@type":"WebPage","@id":"https:\/\/www.urlaubcornwall.de\/blog\/ferienhaeuser-und-ferienwohnungen-in-bracklesham-bay-sussex-am-meer\/","url":"https:\/\/www.urlaubcornwall.de\/blog\/ferienhaeuser-und-ferienwohnungen-in-bracklesham-bay-sussex-am-meer\/","name":"Ferienh\u00e4user in Bracklesham Bay, Sussex am Meer - Urlaub &amp; Reisen","isPartOf":{"@id":"https:\/\/www.urlaubcornwall.de\/blog\/#website"},"datePublished":"2015-02-10T10:50:29+00:00","dateModified":"2024-06-03T09:43:43+00:00","breadcrumb":{"@id":"https:\/\/www.urlaubcornwall.de\/blog\/ferienhaeuser-und-ferienwohnungen-in-bracklesham-bay-sussex-am-meer\/#breadcrumb"},"inLanguage":"en-US","potentialAction":[{"@type":"ReadAction","target":["https:\/\/www.urlaubcornwall.de\/blog\/ferienhaeuser-und-ferienwohnungen-in-bracklesham-bay-sussex-am-meer\/"]}]},{"@type":"BreadcrumbList","@id":"https:\/\/www.urlaubcornwall.de\/blog\/ferienhaeuser-und-ferienwohnungen-in-bracklesham-bay-sussex-am-meer\/#breadcrumb","itemListElement":[{"@type":"ListItem","position":1,"name":"Home","item":"https:\/\/www.urlaubcornwall.de\/blog\/"},{"@type":"ListItem","position":2,"name":"Ferienh\u00e4user in Bracklesham Bay, Sussex am Meer"}]}]}},"_links":{"self":[{"href":"https:\/\/www.urlaubcornwall.de\/blog\/wp-json\/wp\/v2\/pages\/17918"}],"collection":[{"href":"https:\/\/www.urlaubcornwall.de\/blog\/wp-json\/wp\/v2\/pages"}],"about":[{"href":"https:\/\/www.urlaubcornwall.de\/blog\/wp-json\/wp\/v2\/types\/page"}],"author":[{"embeddable":true,"href":"https:\/\/www.urlaubcornwall.de\/blog\/wp-json\/wp\/v2\/users\/1"}],"replies":[{"embeddable":true,"href":"https:\/\/www.urlaubcornwall.de\/blog\/wp-json\/wp\/v2\/comments?post=17918"}],"version-history":[{"count":10,"href":"https:\/\/www.urlaubcornwall.de\/blog\/wp-json\/wp\/v2\/pages\/17918\/revisions"}],"predecessor-version":[{"id":51459,"href":"https:\/\/www.urlaubcornwall.de\/blog\/wp-json\/wp\/v2\/pages\/17918\/revisions\/51459"}],"wp:attachment":[{"href":"https:\/\/www.urlaubcornwall.de\/blog\/wp-json\/wp\/v2\/media?parent=17918"}],"curies":[{"name":"wp","href":"https:\/\/api.w.org\/{rel}","templated":true}]}}