{"id":17901,"date":"2015-02-09T17:29:29","date_gmt":"2015-02-09T17:29:29","guid":{"rendered":"https:\/\/www.urlaubcornwall.de\/blog\/?page_id=17901"},"modified":"2024-04-04T09:55:47","modified_gmt":"2024-04-04T09:55:47","slug":"ferienhaeuser-und-ferienwohnungen-in-battle-east-sussex","status":"publish","type":"page","link":"https:\/\/www.urlaubcornwall.de\/blog\/ferienhaeuser-und-ferienwohnungen-in-battle-east-sussex\/","title":{"rendered":"Ferienh\u00e4user in Battle, East Sussex"},"content":{"rendered":"<p><a href=\"https:\/\/www.urlaubcornwall.de\/blog\/wp-content\/uploads\/2024\/03\/sussex-strand.jpg\"><img loading=\"lazy\" src=\"https:\/\/www.urlaubcornwall.de\/blog\/wp-content\/uploads\/2024\/03\/sussex-strand.jpg\" alt=\"sussex strand\" width=\"750\" height=\"563\" class=\"alignnone size-full wp-image-48172\" srcset=\"https:\/\/www.urlaubcornwall.de\/blog\/wp-content\/uploads\/2024\/03\/sussex-strand.jpg 750w, https:\/\/www.urlaubcornwall.de\/blog\/wp-content\/uploads\/2024\/03\/sussex-strand-300x225.jpg 300w\" sizes=\"(max-width: 750px) 100vw, 750px\" \/><\/a><\/p>\n<p style=\"text-align: center;\"><strong>Bei uns finden Sie Ferienh\u00e4user in Battle zum Verlieben \u2013 so einfach ist das!<\/strong><\/p>\n<p style=\"text-align: center;\">Hier hat im Jahre 1066 Wilhelm der Eroberer den Sachsenk\u00f6nig Harold besiegt und damit den Verlauf der englischen Geschichte ge\u00e4ndert. Von der ber\u00fchmten Schlacht leitet sich auch der Name der Stadt her. Diese attraktive Stadt wuchs um die Abtei herum, die von Wilhelm dem Eroberer nach seinem Sieg erbaut wurde.<\/p>\n<p style=\"text-align: center;\">UrlaubCornwall.de hat eine einzigartige Sammlung pers\u00f6nlich inspizierter Ferienh\u00e4user und Ferienwohnungen in Sussex,&nbsp;f\u00fcr Ihren Urlaub in <a href=\"https:\/\/www.urlaubcornwall.de\/ferienhaueser\/suedengland.php\">S\u00fcdengland<\/a> am Meer und nun auch im gesamten Gro\u00dfbritannien.<\/p>\n<p style=\"text-align: center;\"><a class=\"tidycta\" href=\"https:\/\/www.urlaubcornwall.de\/ferienhaeuser\/sussex.php\">Suche Ferienh\u00e4user Sussex<\/a><\/p>\n\n<table>\n<tbody>\n<tr>\n<td><img loading=\"lazy\" class=\"aligncenter size-full wp-image-7090\" style=\"border: 0pt none; padding: 0px;\" src=\" https:\/\/www.urlaubcornwall.de\/blog\/wp-content\/uploads\/2014\/03\/Millennium-Cottage.jpg\" alt=\" \" height=\"98\" width=\"148\"\/><\/td>\n<td><strong><\/strong><strong>Millenium Cottage<\/strong> , Hastings\n<h3>&nbsp;<\/h3>\n<p>1 Schlafzimmer , Schlafplatz f\u00fcr 2 , leider keine Haustiere erlaubt , Ferienhaus 8km von Battle , East Sussex.<\/p>\n<h3>&nbsp;<\/h3>\n<p>Preisepanne \u00a3295-\u00a3350&nbsp;<\/p><\/td>\n<\/tr>\n<\/tbody>\n<\/table>\n<table>\n<tbody>\n<tr>\n<td><img loading=\"lazy\" class=\"aligncenter size-full wp-image-7090\" style=\"border: 0pt none; padding: 0px;\" src=\" https:\/\/www.urlaubcornwall.de\/blog\/wp-content\/uploads\/2014\/03\/Knowle-Croft.jpg\" alt=\" \" height=\"98\" width=\"148\"\/><\/td>\n<td><strong><\/strong><strong>Knowle Croft<\/strong> , Hastings\n<h3>&nbsp;<\/h3>\n<p>2 Schlafzimmer , Schlafplatz f\u00fcr 4 , leider keine Haustiere erlaubt , Ferienhaus Fairlight 4 Kilometer O von Hastings , Sussex.<\/p>\n<h3>&nbsp;<\/h3>\n<p>Preisepanne \u00a3375-\u00a3625<\/p><\/td>\n<\/tr>\n<\/tbody>\n<\/table>\n<table>\n<tbody>\n<tr>\n<td><img loading=\"lazy\" class=\"aligncenter size-full wp-image-7090\" style=\"border: 0pt none; padding: 0px;\" src=\" https:\/\/www.urlaubcornwall.de\/blog\/wp-content\/uploads\/2014\/03\/The-Thatched-Cottage.jpg\" alt=\" Reetdachhaus sussex\" height=\"98\" width=\"148\"\/><\/td>\n<td><strong><\/strong><strong>Das Reetdachhaus <\/strong> Sussex Weald\n<h3>&nbsp;<\/h3>\n<p>2 Schlafzimmer , Schlafplatz f\u00fcr 4 , leider keine Haustiere erlaubt , Ferienhaus Steven\u2019s Crouch 3 Kilometer von Battle , East Sussex .<\/p>\n<h3>&nbsp;<\/h3>\n<p>Preisepanne \u00a3450-\u00a3725<\/p><\/td>\n<\/tr>\n<\/tbody>\n<\/table>\n<table>\n<tbody>\n<tr>\n<td><img loading=\"lazy\" class=\"aligncenter size-full wp-image-7090\" style=\"border: 0pt none; padding: 0px;\" src=\" https:\/\/www.urlaubcornwall.de\/blog\/wp-content\/uploads\/2014\/03\/Tackleway-Cottage.jpg \" alt=\"cottage hastings\" height=\"98\" width=\"148\"\/><\/td>\n<td><strong><\/strong><strong>Tackleway Cottage <\/strong> , Hastings\n<h3>&nbsp;<\/h3>\n<p>3 Schlafzimmer , Schlafplatz f\u00fcr 5 , leider keine Haustiere erlaubt , Ferienhaus Hastings Old Town, Sussex K\u00fcste.<\/p>\n<h3>&nbsp;<\/h3>\n<p>Preisepanne \u00a3385-\u00a3625<\/p><\/td>\n<\/tr>\n<\/tbody>\n<\/table>\n<table>\n<tbody>\n<tr>\n<td><img loading=\"lazy\" class=\"aligncenter size-full wp-image-7090\" style=\"border: 0pt none; padding: 0px;\" src=\" https:\/\/www.urlaubcornwall.de\/blog\/wp-content\/uploads\/2014\/03\/Sea-Glint.jpg \" alt=\"Ferienhaus meerblick hastings\" height=\"98\" width=\"148\"\/><\/td>\n<td><strong><\/strong><strong>Sea Glint am Meer <\/strong> , Sussex K\u00fcste\n<h3>&nbsp;<\/h3>\n<p>3 Schlafzimmer , Schlafplatz f\u00fcr 6 , hundefreundlich, Ferienhaus mit Meerblick Fairlight 7 Kilometer von Hastings, East Sussex .<\/p>\n<h3>&nbsp;<\/h3>\n<p>Preisepanne \u00a3625-\u00a31200<\/p><\/td>\n<\/tr>\n<\/tbody>\n<\/table>\n<p>W\u00e4hlen Sie aus \u00fcber 1000 pers\u00f6nlich inspizierten Ferienh\u00e4usern, Cottages &amp; Ferienwohnungen in Kent, Sussex und S\u00fcdostengland. Unterk\u00fcnfte der Spitzenklasse f\u00fcr 2 Personen, Familien und Gruppen mit 4, 6, 8, 10 oder 12 G\u00e4sten.<\/p>\n","protected":false},"excerpt":{"rendered":"<p>Bei uns finden Sie Ferienh\u00e4user in Battle zum Verlieben \u2013 so einfach ist das! Hier hat im Jahre 1066 Wilhelm der Eroberer den Sachsenk\u00f6nig Harold besiegt und damit den Verlauf der englischen Geschichte ge\u00e4ndert. Von der ber\u00fchmten Schlacht leitet sich auch der Name der Stadt her. Diese attraktive Stadt wuchs um die Abtei herum, die [&hellip;]<\/p>\n","protected":false},"author":1,"featured_media":0,"parent":0,"menu_order":0,"comment_status":"closed","ping_status":"closed","template":"single-four.php","meta":[],"acf":[],"yoast_head":"<!-- This site is optimized with the Yoast SEO plugin v19.4 - https:\/\/yoast.com\/wordpress\/plugins\/seo\/ -->\n<title>Ferienh\u00e4user in Battle, East Sussex - Urlaub &amp; Reisen<\/title>\n<meta name=\"robots\" content=\"index, follow, max-snippet:-1, max-image-preview:large, max-video-preview:-1\" \/>\n<link rel=\"canonical\" href=\"https:\/\/www.urlaubcornwall.de\/blog\/ferienhaeuser-und-ferienwohnungen-in-battle-east-sussex\/\" \/>\n<meta property=\"og:locale\" content=\"en_US\" \/>\n<meta property=\"og:type\" content=\"article\" \/>\n<meta property=\"og:title\" content=\"Ferienh\u00e4user in Battle, East Sussex - Urlaub &amp; Reisen\" \/>\n<meta property=\"og:description\" content=\"Bei uns finden Sie Ferienh\u00e4user in Battle zum Verlieben \u2013 so einfach ist das! Hier hat im Jahre 1066 Wilhelm der Eroberer den Sachsenk\u00f6nig Harold besiegt und damit den Verlauf der englischen Geschichte ge\u00e4ndert. Von der ber\u00fchmten Schlacht leitet sich auch der Name der Stadt her. Diese attraktive Stadt wuchs um die Abtei herum, die [&hellip;]\" \/>\n<meta property=\"og:url\" content=\"https:\/\/www.urlaubcornwall.de\/blog\/ferienhaeuser-und-ferienwohnungen-in-battle-east-sussex\/\" \/>\n<meta property=\"og:site_name\" content=\"Urlaub &amp; Reisen\" \/>\n<meta property=\"article:modified_time\" content=\"2024-04-04T09:55:47+00:00\" \/>\n<meta property=\"og:image\" content=\"https:\/\/www.urlaubcornwall.de\/blog\/wp-content\/uploads\/2024\/03\/sussex-strand.jpg\" \/>\n<meta name=\"twitter:card\" content=\"summary\" \/>\n<meta name=\"twitter:label1\" content=\"Est. reading time\" \/>\n\t<meta name=\"twitter:data1\" content=\"3 minutes\" \/>\n<script type=\"application\/ld+json\" class=\"yoast-schema-graph\">{\"@context\":\"https:\/\/schema.org\",\"@graph\":[{\"@type\":\"WebSite\",\"@id\":\"https:\/\/www.urlaubcornwall.de\/blog\/#website\",\"url\":\"https:\/\/www.urlaubcornwall.de\/blog\/\",\"name\":\"Urlaub &amp; Reisen\",\"description\":\"Urlaub, Reisen, Cornwall und S\u00fcdengland: eine perfekte Kombination\",\"potentialAction\":[{\"@type\":\"SearchAction\",\"target\":{\"@type\":\"EntryPoint\",\"urlTemplate\":\"https:\/\/www.urlaubcornwall.de\/blog\/?s={search_term_string}\"},\"query-input\":\"required name=search_term_string\"}],\"inLanguage\":\"en-US\"},{\"@type\":\"WebPage\",\"@id\":\"https:\/\/www.urlaubcornwall.de\/blog\/ferienhaeuser-und-ferienwohnungen-in-battle-east-sussex\/\",\"url\":\"https:\/\/www.urlaubcornwall.de\/blog\/ferienhaeuser-und-ferienwohnungen-in-battle-east-sussex\/\",\"name\":\"Ferienh\u00e4user in Battle, East Sussex - Urlaub &amp; Reisen\",\"isPartOf\":{\"@id\":\"https:\/\/www.urlaubcornwall.de\/blog\/#website\"},\"datePublished\":\"2015-02-09T17:29:29+00:00\",\"dateModified\":\"2024-04-04T09:55:47+00:00\",\"breadcrumb\":{\"@id\":\"https:\/\/www.urlaubcornwall.de\/blog\/ferienhaeuser-und-ferienwohnungen-in-battle-east-sussex\/#breadcrumb\"},\"inLanguage\":\"en-US\",\"potentialAction\":[{\"@type\":\"ReadAction\",\"target\":[\"https:\/\/www.urlaubcornwall.de\/blog\/ferienhaeuser-und-ferienwohnungen-in-battle-east-sussex\/\"]}]},{\"@type\":\"BreadcrumbList\",\"@id\":\"https:\/\/www.urlaubcornwall.de\/blog\/ferienhaeuser-und-ferienwohnungen-in-battle-east-sussex\/#breadcrumb\",\"itemListElement\":[{\"@type\":\"ListItem\",\"position\":1,\"name\":\"Home\",\"item\":\"https:\/\/www.urlaubcornwall.de\/blog\/\"},{\"@type\":\"ListItem\",\"position\":2,\"name\":\"Ferienh\u00e4user in Battle, East Sussex\"}]}]}<\/script>\n<!-- \/ Yoast SEO plugin. -->","yoast_head_json":{"title":"Ferienh\u00e4user in Battle, East Sussex - Urlaub &amp; Reisen","robots":{"index":"index","follow":"follow","max-snippet":"max-snippet:-1","max-image-preview":"max-image-preview:large","max-video-preview":"max-video-preview:-1"},"canonical":"https:\/\/www.urlaubcornwall.de\/blog\/ferienhaeuser-und-ferienwohnungen-in-battle-east-sussex\/","og_locale":"en_US","og_type":"article","og_title":"Ferienh\u00e4user in Battle, East Sussex - Urlaub &amp; Reisen","og_description":"Bei uns finden Sie Ferienh\u00e4user in Battle zum Verlieben \u2013 so einfach ist das! Hier hat im Jahre 1066 Wilhelm der Eroberer den Sachsenk\u00f6nig Harold besiegt und damit den Verlauf der englischen Geschichte ge\u00e4ndert. Von der ber\u00fchmten Schlacht leitet sich auch der Name der Stadt her. Diese attraktive Stadt wuchs um die Abtei herum, die [&hellip;]","og_url":"https:\/\/www.urlaubcornwall.de\/blog\/ferienhaeuser-und-ferienwohnungen-in-battle-east-sussex\/","og_site_name":"Urlaub &amp; Reisen","article_modified_time":"2024-04-04T09:55:47+00:00","og_image":[{"url":"https:\/\/www.urlaubcornwall.de\/blog\/wp-content\/uploads\/2024\/03\/sussex-strand.jpg"}],"twitter_card":"summary","twitter_misc":{"Est. reading time":"3 minutes"},"schema":{"@context":"https:\/\/schema.org","@graph":[{"@type":"WebSite","@id":"https:\/\/www.urlaubcornwall.de\/blog\/#website","url":"https:\/\/www.urlaubcornwall.de\/blog\/","name":"Urlaub &amp; Reisen","description":"Urlaub, Reisen, Cornwall und S\u00fcdengland: eine perfekte Kombination","potentialAction":[{"@type":"SearchAction","target":{"@type":"EntryPoint","urlTemplate":"https:\/\/www.urlaubcornwall.de\/blog\/?s={search_term_string}"},"query-input":"required name=search_term_string"}],"inLanguage":"en-US"},{"@type":"WebPage","@id":"https:\/\/www.urlaubcornwall.de\/blog\/ferienhaeuser-und-ferienwohnungen-in-battle-east-sussex\/","url":"https:\/\/www.urlaubcornwall.de\/blog\/ferienhaeuser-und-ferienwohnungen-in-battle-east-sussex\/","name":"Ferienh\u00e4user in Battle, East Sussex - Urlaub &amp; Reisen","isPartOf":{"@id":"https:\/\/www.urlaubcornwall.de\/blog\/#website"},"datePublished":"2015-02-09T17:29:29+00:00","dateModified":"2024-04-04T09:55:47+00:00","breadcrumb":{"@id":"https:\/\/www.urlaubcornwall.de\/blog\/ferienhaeuser-und-ferienwohnungen-in-battle-east-sussex\/#breadcrumb"},"inLanguage":"en-US","potentialAction":[{"@type":"ReadAction","target":["https:\/\/www.urlaubcornwall.de\/blog\/ferienhaeuser-und-ferienwohnungen-in-battle-east-sussex\/"]}]},{"@type":"BreadcrumbList","@id":"https:\/\/www.urlaubcornwall.de\/blog\/ferienhaeuser-und-ferienwohnungen-in-battle-east-sussex\/#breadcrumb","itemListElement":[{"@type":"ListItem","position":1,"name":"Home","item":"https:\/\/www.urlaubcornwall.de\/blog\/"},{"@type":"ListItem","position":2,"name":"Ferienh\u00e4user in Battle, East Sussex"}]}]}},"_links":{"self":[{"href":"https:\/\/www.urlaubcornwall.de\/blog\/wp-json\/wp\/v2\/pages\/17901"}],"collection":[{"href":"https:\/\/www.urlaubcornwall.de\/blog\/wp-json\/wp\/v2\/pages"}],"about":[{"href":"https:\/\/www.urlaubcornwall.de\/blog\/wp-json\/wp\/v2\/types\/page"}],"author":[{"embeddable":true,"href":"https:\/\/www.urlaubcornwall.de\/blog\/wp-json\/wp\/v2\/users\/1"}],"replies":[{"embeddable":true,"href":"https:\/\/www.urlaubcornwall.de\/blog\/wp-json\/wp\/v2\/comments?post=17901"}],"version-history":[{"count":12,"href":"https:\/\/www.urlaubcornwall.de\/blog\/wp-json\/wp\/v2\/pages\/17901\/revisions"}],"predecessor-version":[{"id":48878,"href":"https:\/\/www.urlaubcornwall.de\/blog\/wp-json\/wp\/v2\/pages\/17901\/revisions\/48878"}],"wp:attachment":[{"href":"https:\/\/www.urlaubcornwall.de\/blog\/wp-json\/wp\/v2\/media?parent=17901"}],"curies":[{"name":"wp","href":"https:\/\/api.w.org\/{rel}","templated":true}]}}