{"id":17798,"date":"2015-02-03T12:08:29","date_gmt":"2015-02-03T12:08:29","guid":{"rendered":"https:\/\/www.urlaubcornwall.de\/blog\/?page_id=17798"},"modified":"2024-08-22T12:27:05","modified_gmt":"2024-08-22T12:27:05","slug":"ferienhaeuser-und-ferienwohnungen-auf-guernsey-fuer-ihren-urlaub-auf-den-kanalinseln","status":"publish","type":"page","link":"https:\/\/www.urlaubcornwall.de\/blog\/ferienhaeuser-und-ferienwohnungen-auf-guernsey-fuer-ihren-urlaub-auf-den-kanalinseln\/","title":{"rendered":"Hotels auf Guernsey f\u00fcr Ihren Urlaub auf den Kanalinseln."},"content":{"rendered":"<p><strong>Entdecken Sie das einzigartige Paradies im Atlantik<\/strong> &#8211; Finden Sie Ihre Wunsch-Reise zu diesem einzigartigen Paradies im Atlantik und w\u00e4hlen Sie aus tagesaktuellen und handgefertigten Angeboten. <\/p>\n<p><strong><a href=\"https:\/\/www.urlaubcornwall.de\/blog\/spezialist-reisen-kanalinseln\/\">Pauschalreisen auf den Kanalinslen<\/a><\/strong> &#8211; \u00dcppige botanische G\u00e4rten, verf\u00fchrerische versteckte Buchten und herrliche Sonnenunterg\u00e4nge \u00fcber dem Atlantischen Ozean vermitteln der <a href=\"https:\/\/www.urlaubcornwall.de\/reiseziel\/kanalinseln\/guernsey.php\">Kanalinsel Guernsey<\/a> ein einzigartiges subtropisches Gef\u00fchl. Gerade einmal 45 km vor der K\u00fcste der Normandie in Frankreich gelegen, mutet diese kleine Insel auch gallisch an mit franz\u00f6sischen Stra\u00dfennamen, exquisitem kulinarischem Flair und einer Leichtigkeit, mit der viele Menschen sowohl Englisch als auch Franz\u00f6sisch sprechen. All dies verleiht der Insel eine romantische Qualit\u00e4t.<\/p>\n<p>F\u00fcr all jene, die innerhalb von <a href=\"https:\/\/www.urlaubcornwall.de\/reiseziel\/kanalinseln\/\">Kanalinselns wundervoller Landschaft<\/a> untergebracht sein wollen, k\u00f6nnen wir fantastische handverlesenen Hotels der Sterne-Kategorie 3 oder 4 anbieten, die jedem Geldbeutel gerecht werden.<\/p>\n","protected":false},"excerpt":{"rendered":"<p>Entdecken Sie das einzigartige Paradies im Atlantik &#8211; Finden Sie Ihre Wunsch-Reise zu diesem einzigartigen Paradies im Atlantik und w\u00e4hlen Sie aus tagesaktuellen und handgefertigten Angeboten. Pauschalreisen auf den Kanalinslen &#8211; \u00dcppige botanische G\u00e4rten, verf\u00fchrerische versteckte Buchten und herrliche Sonnenunterg\u00e4nge \u00fcber dem Atlantischen Ozean vermitteln der Kanalinsel Guernsey ein einzigartiges subtropisches Gef\u00fchl. Gerade einmal 45 [&hellip;]<\/p>\n","protected":false},"author":1,"featured_media":0,"parent":0,"menu_order":0,"comment_status":"closed","ping_status":"closed","template":"page-products.php","meta":[],"acf":[],"yoast_head":"<!-- This site is optimized with the Yoast SEO plugin v19.4 - https:\/\/yoast.com\/wordpress\/plugins\/seo\/ -->\n<title>Hotels auf Guernsey f\u00fcr Ihren Urlaub auf den Kanalinseln. - Urlaub &amp; Reisen<\/title>\n<meta name=\"description\" content=\"Die Kanalinseln liegen 22,5km vor der franz\u00f6sischen K\u00fcste. Sie befinden sich n\u00e4her an Frankreich als an Britannien und waren doch niemals\" \/>\n<meta name=\"robots\" content=\"index, follow, max-snippet:-1, max-image-preview:large, max-video-preview:-1\" \/>\n<link rel=\"canonical\" href=\"https:\/\/www.urlaubcornwall.de\/blog\/ferienhaeuser-und-ferienwohnungen-auf-guernsey-fuer-ihren-urlaub-auf-den-kanalinseln\/\" \/>\n<meta property=\"og:locale\" content=\"en_US\" \/>\n<meta property=\"og:type\" content=\"article\" \/>\n<meta property=\"og:title\" content=\"Hotels auf Guernsey f\u00fcr Ihren Urlaub auf den Kanalinseln. - Urlaub &amp; Reisen\" \/>\n<meta property=\"og:description\" content=\"Die Kanalinseln liegen 22,5km vor der franz\u00f6sischen K\u00fcste. Sie befinden sich n\u00e4her an Frankreich als an Britannien und waren doch niemals\" \/>\n<meta property=\"og:url\" content=\"https:\/\/www.urlaubcornwall.de\/blog\/ferienhaeuser-und-ferienwohnungen-auf-guernsey-fuer-ihren-urlaub-auf-den-kanalinseln\/\" \/>\n<meta property=\"og:site_name\" content=\"Urlaub &amp; Reisen\" \/>\n<meta property=\"article:modified_time\" content=\"2024-08-22T12:27:05+00:00\" \/>\n<meta name=\"twitter:card\" content=\"summary\" \/>\n<meta name=\"twitter:label1\" content=\"Est. reading time\" \/>\n\t<meta name=\"twitter:data1\" content=\"1 minute\" \/>\n<script type=\"application\/ld+json\" class=\"yoast-schema-graph\">{\"@context\":\"https:\/\/schema.org\",\"@graph\":[{\"@type\":\"WebSite\",\"@id\":\"https:\/\/www.urlaubcornwall.de\/blog\/#website\",\"url\":\"https:\/\/www.urlaubcornwall.de\/blog\/\",\"name\":\"Urlaub &amp; Reisen\",\"description\":\"Urlaub, Reisen, Cornwall und S\u00fcdengland: eine perfekte Kombination\",\"potentialAction\":[{\"@type\":\"SearchAction\",\"target\":{\"@type\":\"EntryPoint\",\"urlTemplate\":\"https:\/\/www.urlaubcornwall.de\/blog\/?s={search_term_string}\"},\"query-input\":\"required name=search_term_string\"}],\"inLanguage\":\"en-US\"},{\"@type\":\"WebPage\",\"@id\":\"https:\/\/www.urlaubcornwall.de\/blog\/ferienhaeuser-und-ferienwohnungen-auf-guernsey-fuer-ihren-urlaub-auf-den-kanalinseln\/\",\"url\":\"https:\/\/www.urlaubcornwall.de\/blog\/ferienhaeuser-und-ferienwohnungen-auf-guernsey-fuer-ihren-urlaub-auf-den-kanalinseln\/\",\"name\":\"Hotels auf Guernsey f\u00fcr Ihren Urlaub auf den Kanalinseln. - Urlaub &amp; Reisen\",\"isPartOf\":{\"@id\":\"https:\/\/www.urlaubcornwall.de\/blog\/#website\"},\"datePublished\":\"2015-02-03T12:08:29+00:00\",\"dateModified\":\"2024-08-22T12:27:05+00:00\",\"description\":\"Die Kanalinseln liegen 22,5km vor der franz\u00f6sischen K\u00fcste. Sie befinden sich n\u00e4her an Frankreich als an Britannien und waren doch niemals\",\"breadcrumb\":{\"@id\":\"https:\/\/www.urlaubcornwall.de\/blog\/ferienhaeuser-und-ferienwohnungen-auf-guernsey-fuer-ihren-urlaub-auf-den-kanalinseln\/#breadcrumb\"},\"inLanguage\":\"en-US\",\"potentialAction\":[{\"@type\":\"ReadAction\",\"target\":[\"https:\/\/www.urlaubcornwall.de\/blog\/ferienhaeuser-und-ferienwohnungen-auf-guernsey-fuer-ihren-urlaub-auf-den-kanalinseln\/\"]}]},{\"@type\":\"BreadcrumbList\",\"@id\":\"https:\/\/www.urlaubcornwall.de\/blog\/ferienhaeuser-und-ferienwohnungen-auf-guernsey-fuer-ihren-urlaub-auf-den-kanalinseln\/#breadcrumb\",\"itemListElement\":[{\"@type\":\"ListItem\",\"position\":1,\"name\":\"Home\",\"item\":\"https:\/\/www.urlaubcornwall.de\/blog\/\"},{\"@type\":\"ListItem\",\"position\":2,\"name\":\"Hotels auf Guernsey f\u00fcr Ihren Urlaub auf den Kanalinseln.\"}]}]}<\/script>\n<!-- \/ Yoast SEO plugin. -->","yoast_head_json":{"title":"Hotels auf Guernsey f\u00fcr Ihren Urlaub auf den Kanalinseln. - Urlaub &amp; Reisen","description":"Die Kanalinseln liegen 22,5km vor der franz\u00f6sischen K\u00fcste. Sie befinden sich n\u00e4her an Frankreich als an Britannien und waren doch niemals","robots":{"index":"index","follow":"follow","max-snippet":"max-snippet:-1","max-image-preview":"max-image-preview:large","max-video-preview":"max-video-preview:-1"},"canonical":"https:\/\/www.urlaubcornwall.de\/blog\/ferienhaeuser-und-ferienwohnungen-auf-guernsey-fuer-ihren-urlaub-auf-den-kanalinseln\/","og_locale":"en_US","og_type":"article","og_title":"Hotels auf Guernsey f\u00fcr Ihren Urlaub auf den Kanalinseln. - Urlaub &amp; Reisen","og_description":"Die Kanalinseln liegen 22,5km vor der franz\u00f6sischen K\u00fcste. Sie befinden sich n\u00e4her an Frankreich als an Britannien und waren doch niemals","og_url":"https:\/\/www.urlaubcornwall.de\/blog\/ferienhaeuser-und-ferienwohnungen-auf-guernsey-fuer-ihren-urlaub-auf-den-kanalinseln\/","og_site_name":"Urlaub &amp; Reisen","article_modified_time":"2024-08-22T12:27:05+00:00","twitter_card":"summary","twitter_misc":{"Est. reading time":"1 minute"},"schema":{"@context":"https:\/\/schema.org","@graph":[{"@type":"WebSite","@id":"https:\/\/www.urlaubcornwall.de\/blog\/#website","url":"https:\/\/www.urlaubcornwall.de\/blog\/","name":"Urlaub &amp; Reisen","description":"Urlaub, Reisen, Cornwall und S\u00fcdengland: eine perfekte Kombination","potentialAction":[{"@type":"SearchAction","target":{"@type":"EntryPoint","urlTemplate":"https:\/\/www.urlaubcornwall.de\/blog\/?s={search_term_string}"},"query-input":"required name=search_term_string"}],"inLanguage":"en-US"},{"@type":"WebPage","@id":"https:\/\/www.urlaubcornwall.de\/blog\/ferienhaeuser-und-ferienwohnungen-auf-guernsey-fuer-ihren-urlaub-auf-den-kanalinseln\/","url":"https:\/\/www.urlaubcornwall.de\/blog\/ferienhaeuser-und-ferienwohnungen-auf-guernsey-fuer-ihren-urlaub-auf-den-kanalinseln\/","name":"Hotels auf Guernsey f\u00fcr Ihren Urlaub auf den Kanalinseln. - Urlaub &amp; Reisen","isPartOf":{"@id":"https:\/\/www.urlaubcornwall.de\/blog\/#website"},"datePublished":"2015-02-03T12:08:29+00:00","dateModified":"2024-08-22T12:27:05+00:00","description":"Die Kanalinseln liegen 22,5km vor der franz\u00f6sischen K\u00fcste. Sie befinden sich n\u00e4her an Frankreich als an Britannien und waren doch niemals","breadcrumb":{"@id":"https:\/\/www.urlaubcornwall.de\/blog\/ferienhaeuser-und-ferienwohnungen-auf-guernsey-fuer-ihren-urlaub-auf-den-kanalinseln\/#breadcrumb"},"inLanguage":"en-US","potentialAction":[{"@type":"ReadAction","target":["https:\/\/www.urlaubcornwall.de\/blog\/ferienhaeuser-und-ferienwohnungen-auf-guernsey-fuer-ihren-urlaub-auf-den-kanalinseln\/"]}]},{"@type":"BreadcrumbList","@id":"https:\/\/www.urlaubcornwall.de\/blog\/ferienhaeuser-und-ferienwohnungen-auf-guernsey-fuer-ihren-urlaub-auf-den-kanalinseln\/#breadcrumb","itemListElement":[{"@type":"ListItem","position":1,"name":"Home","item":"https:\/\/www.urlaubcornwall.de\/blog\/"},{"@type":"ListItem","position":2,"name":"Hotels auf Guernsey f\u00fcr Ihren Urlaub auf den Kanalinseln."}]}]}},"_links":{"self":[{"href":"https:\/\/www.urlaubcornwall.de\/blog\/wp-json\/wp\/v2\/pages\/17798"}],"collection":[{"href":"https:\/\/www.urlaubcornwall.de\/blog\/wp-json\/wp\/v2\/pages"}],"about":[{"href":"https:\/\/www.urlaubcornwall.de\/blog\/wp-json\/wp\/v2\/types\/page"}],"author":[{"embeddable":true,"href":"https:\/\/www.urlaubcornwall.de\/blog\/wp-json\/wp\/v2\/users\/1"}],"replies":[{"embeddable":true,"href":"https:\/\/www.urlaubcornwall.de\/blog\/wp-json\/wp\/v2\/comments?post=17798"}],"version-history":[{"count":29,"href":"https:\/\/www.urlaubcornwall.de\/blog\/wp-json\/wp\/v2\/pages\/17798\/revisions"}],"predecessor-version":[{"id":51547,"href":"https:\/\/www.urlaubcornwall.de\/blog\/wp-json\/wp\/v2\/pages\/17798\/revisions\/51547"}],"wp:attachment":[{"href":"https:\/\/www.urlaubcornwall.de\/blog\/wp-json\/wp\/v2\/media?parent=17798"}],"curies":[{"name":"wp","href":"https:\/\/api.w.org\/{rel}","templated":true}]}}