{"id":17794,"date":"2015-02-03T12:02:11","date_gmt":"2015-02-03T12:02:11","guid":{"rendered":"https:\/\/www.urlaubcornwall.de\/blog\/?page_id=17794"},"modified":"2024-08-22T12:28:19","modified_gmt":"2024-08-22T12:28:19","slug":"ferienhaeuser-und-ferienwohnungen-auf-jersey-fuer-ihren-urlaub-auf-den-kanalinseln","status":"publish","type":"page","link":"https:\/\/www.urlaubcornwall.de\/blog\/ferienhaeuser-und-ferienwohnungen-auf-jersey-fuer-ihren-urlaub-auf-den-kanalinseln\/","title":{"rendered":"Hotels auf Jersey f\u00fcr Ihren Urlaub auf den Kanalinseln"},"content":{"rendered":"<p><strong>Entdecken Sie das einzigartige Paradies im Atlantik<\/strong> &#8211; Finden Sie Ihre Wunsch-Reise zu diesem einzigartigen Paradies im Atlantik und w\u00e4hlen Sie aus tagesaktuellen und handgefertigten Angeboten. <\/p>\n<p><strong><a href=\"https:\/\/www.urlaubcornwall.de\/blog\/spezialist-reisen-kanalinseln\/\">Pauschalreisen auf den Kanalinslen<\/a><\/strong> &#8211; Die gr\u00f6\u00dfte der Kanalinseln ist <a href=\"https:\/\/www.urlaubcornwall.de\/reiseziel\/kanalinseln\/jersey.php\">Jersey<\/a>. Ihre Landschaft ist vielf\u00e4ltig und atemberaubend und reicht von schimmernden einsamen Buchten und h\u00fcgeligem Ackerland bis hin zu herrlichem Blick von den Klippen aus<\/p>\n<p>F\u00fcr all jene, die innerhalb von <a href=\"https:\/\/www.urlaubcornwall.de\/reiseziel\/kanalinseln\/\">Kanalinselns wundervoller Landschaft<\/a> untergebracht sein wollen, k\u00f6nnen wir fantastische handverlesenen Hotels der Sterne-Kategorie 3 oder 4 anbieten, die jedem Geldbeutel gerecht werden.<\/p>\n","protected":false},"excerpt":{"rendered":"<p>Entdecken Sie das einzigartige Paradies im Atlantik &#8211; Finden Sie Ihre Wunsch-Reise zu diesem einzigartigen Paradies im Atlantik und w\u00e4hlen Sie aus tagesaktuellen und handgefertigten Angeboten. Pauschalreisen auf den Kanalinslen &#8211; Die gr\u00f6\u00dfte der Kanalinseln ist Jersey. Ihre Landschaft ist vielf\u00e4ltig und atemberaubend und reicht von schimmernden einsamen Buchten und h\u00fcgeligem Ackerland bis hin zu [&hellip;]<\/p>\n","protected":false},"author":1,"featured_media":0,"parent":0,"menu_order":0,"comment_status":"closed","ping_status":"closed","template":"page-products.php","meta":[],"acf":[],"yoast_head":"<!-- This site is optimized with the Yoast SEO plugin v19.4 - https:\/\/yoast.com\/wordpress\/plugins\/seo\/ -->\n<title>Hotels auf Jersey f\u00fcr Ihren Urlaub auf den Kanalinseln - Urlaub &amp; Reisen<\/title>\n<meta name=\"description\" content=\"F\u00fcr all jene, die innerhalb von Jerseys wundervoller Landschaft untergebracht sein wollen, k\u00f6nnen wir fantastische 3 &amp; 4 Sterne Hotels\" \/>\n<meta name=\"robots\" content=\"index, follow, max-snippet:-1, max-image-preview:large, max-video-preview:-1\" \/>\n<link rel=\"canonical\" href=\"https:\/\/www.urlaubcornwall.de\/blog\/ferienhaeuser-und-ferienwohnungen-auf-jersey-fuer-ihren-urlaub-auf-den-kanalinseln\/\" \/>\n<meta property=\"og:locale\" content=\"en_US\" \/>\n<meta property=\"og:type\" content=\"article\" \/>\n<meta property=\"og:title\" content=\"Hotels auf Jersey f\u00fcr Ihren Urlaub auf den Kanalinseln - Urlaub &amp; Reisen\" \/>\n<meta property=\"og:description\" content=\"F\u00fcr all jene, die innerhalb von Jerseys wundervoller Landschaft untergebracht sein wollen, k\u00f6nnen wir fantastische 3 &amp; 4 Sterne Hotels\" \/>\n<meta property=\"og:url\" content=\"https:\/\/www.urlaubcornwall.de\/blog\/ferienhaeuser-und-ferienwohnungen-auf-jersey-fuer-ihren-urlaub-auf-den-kanalinseln\/\" \/>\n<meta property=\"og:site_name\" content=\"Urlaub &amp; Reisen\" \/>\n<meta property=\"article:modified_time\" content=\"2024-08-22T12:28:19+00:00\" \/>\n<meta name=\"twitter:card\" content=\"summary\" \/>\n<meta name=\"twitter:label1\" content=\"Est. reading time\" \/>\n\t<meta name=\"twitter:data1\" content=\"1 minute\" \/>\n<script type=\"application\/ld+json\" class=\"yoast-schema-graph\">{\"@context\":\"https:\/\/schema.org\",\"@graph\":[{\"@type\":\"WebSite\",\"@id\":\"https:\/\/www.urlaubcornwall.de\/blog\/#website\",\"url\":\"https:\/\/www.urlaubcornwall.de\/blog\/\",\"name\":\"Urlaub &amp; Reisen\",\"description\":\"Urlaub, Reisen, Cornwall und S\u00fcdengland: eine perfekte Kombination\",\"potentialAction\":[{\"@type\":\"SearchAction\",\"target\":{\"@type\":\"EntryPoint\",\"urlTemplate\":\"https:\/\/www.urlaubcornwall.de\/blog\/?s={search_term_string}\"},\"query-input\":\"required name=search_term_string\"}],\"inLanguage\":\"en-US\"},{\"@type\":\"WebPage\",\"@id\":\"https:\/\/www.urlaubcornwall.de\/blog\/ferienhaeuser-und-ferienwohnungen-auf-jersey-fuer-ihren-urlaub-auf-den-kanalinseln\/\",\"url\":\"https:\/\/www.urlaubcornwall.de\/blog\/ferienhaeuser-und-ferienwohnungen-auf-jersey-fuer-ihren-urlaub-auf-den-kanalinseln\/\",\"name\":\"Hotels auf Jersey f\u00fcr Ihren Urlaub auf den Kanalinseln - Urlaub &amp; Reisen\",\"isPartOf\":{\"@id\":\"https:\/\/www.urlaubcornwall.de\/blog\/#website\"},\"datePublished\":\"2015-02-03T12:02:11+00:00\",\"dateModified\":\"2024-08-22T12:28:19+00:00\",\"description\":\"F\u00fcr all jene, die innerhalb von Jerseys wundervoller Landschaft untergebracht sein wollen, k\u00f6nnen wir fantastische 3 & 4 Sterne Hotels\",\"breadcrumb\":{\"@id\":\"https:\/\/www.urlaubcornwall.de\/blog\/ferienhaeuser-und-ferienwohnungen-auf-jersey-fuer-ihren-urlaub-auf-den-kanalinseln\/#breadcrumb\"},\"inLanguage\":\"en-US\",\"potentialAction\":[{\"@type\":\"ReadAction\",\"target\":[\"https:\/\/www.urlaubcornwall.de\/blog\/ferienhaeuser-und-ferienwohnungen-auf-jersey-fuer-ihren-urlaub-auf-den-kanalinseln\/\"]}]},{\"@type\":\"BreadcrumbList\",\"@id\":\"https:\/\/www.urlaubcornwall.de\/blog\/ferienhaeuser-und-ferienwohnungen-auf-jersey-fuer-ihren-urlaub-auf-den-kanalinseln\/#breadcrumb\",\"itemListElement\":[{\"@type\":\"ListItem\",\"position\":1,\"name\":\"Home\",\"item\":\"https:\/\/www.urlaubcornwall.de\/blog\/\"},{\"@type\":\"ListItem\",\"position\":2,\"name\":\"Hotels auf Jersey f\u00fcr Ihren Urlaub auf den Kanalinseln\"}]}]}<\/script>\n<!-- \/ Yoast SEO plugin. -->","yoast_head_json":{"title":"Hotels auf Jersey f\u00fcr Ihren Urlaub auf den Kanalinseln - Urlaub &amp; Reisen","description":"F\u00fcr all jene, die innerhalb von Jerseys wundervoller Landschaft untergebracht sein wollen, k\u00f6nnen wir fantastische 3 & 4 Sterne Hotels","robots":{"index":"index","follow":"follow","max-snippet":"max-snippet:-1","max-image-preview":"max-image-preview:large","max-video-preview":"max-video-preview:-1"},"canonical":"https:\/\/www.urlaubcornwall.de\/blog\/ferienhaeuser-und-ferienwohnungen-auf-jersey-fuer-ihren-urlaub-auf-den-kanalinseln\/","og_locale":"en_US","og_type":"article","og_title":"Hotels auf Jersey f\u00fcr Ihren Urlaub auf den Kanalinseln - Urlaub &amp; Reisen","og_description":"F\u00fcr all jene, die innerhalb von Jerseys wundervoller Landschaft untergebracht sein wollen, k\u00f6nnen wir fantastische 3 & 4 Sterne Hotels","og_url":"https:\/\/www.urlaubcornwall.de\/blog\/ferienhaeuser-und-ferienwohnungen-auf-jersey-fuer-ihren-urlaub-auf-den-kanalinseln\/","og_site_name":"Urlaub &amp; Reisen","article_modified_time":"2024-08-22T12:28:19+00:00","twitter_card":"summary","twitter_misc":{"Est. reading time":"1 minute"},"schema":{"@context":"https:\/\/schema.org","@graph":[{"@type":"WebSite","@id":"https:\/\/www.urlaubcornwall.de\/blog\/#website","url":"https:\/\/www.urlaubcornwall.de\/blog\/","name":"Urlaub &amp; Reisen","description":"Urlaub, Reisen, Cornwall und S\u00fcdengland: eine perfekte Kombination","potentialAction":[{"@type":"SearchAction","target":{"@type":"EntryPoint","urlTemplate":"https:\/\/www.urlaubcornwall.de\/blog\/?s={search_term_string}"},"query-input":"required name=search_term_string"}],"inLanguage":"en-US"},{"@type":"WebPage","@id":"https:\/\/www.urlaubcornwall.de\/blog\/ferienhaeuser-und-ferienwohnungen-auf-jersey-fuer-ihren-urlaub-auf-den-kanalinseln\/","url":"https:\/\/www.urlaubcornwall.de\/blog\/ferienhaeuser-und-ferienwohnungen-auf-jersey-fuer-ihren-urlaub-auf-den-kanalinseln\/","name":"Hotels auf Jersey f\u00fcr Ihren Urlaub auf den Kanalinseln - Urlaub &amp; Reisen","isPartOf":{"@id":"https:\/\/www.urlaubcornwall.de\/blog\/#website"},"datePublished":"2015-02-03T12:02:11+00:00","dateModified":"2024-08-22T12:28:19+00:00","description":"F\u00fcr all jene, die innerhalb von Jerseys wundervoller Landschaft untergebracht sein wollen, k\u00f6nnen wir fantastische 3 & 4 Sterne Hotels","breadcrumb":{"@id":"https:\/\/www.urlaubcornwall.de\/blog\/ferienhaeuser-und-ferienwohnungen-auf-jersey-fuer-ihren-urlaub-auf-den-kanalinseln\/#breadcrumb"},"inLanguage":"en-US","potentialAction":[{"@type":"ReadAction","target":["https:\/\/www.urlaubcornwall.de\/blog\/ferienhaeuser-und-ferienwohnungen-auf-jersey-fuer-ihren-urlaub-auf-den-kanalinseln\/"]}]},{"@type":"BreadcrumbList","@id":"https:\/\/www.urlaubcornwall.de\/blog\/ferienhaeuser-und-ferienwohnungen-auf-jersey-fuer-ihren-urlaub-auf-den-kanalinseln\/#breadcrumb","itemListElement":[{"@type":"ListItem","position":1,"name":"Home","item":"https:\/\/www.urlaubcornwall.de\/blog\/"},{"@type":"ListItem","position":2,"name":"Hotels auf Jersey f\u00fcr Ihren Urlaub auf den Kanalinseln"}]}]}},"_links":{"self":[{"href":"https:\/\/www.urlaubcornwall.de\/blog\/wp-json\/wp\/v2\/pages\/17794"}],"collection":[{"href":"https:\/\/www.urlaubcornwall.de\/blog\/wp-json\/wp\/v2\/pages"}],"about":[{"href":"https:\/\/www.urlaubcornwall.de\/blog\/wp-json\/wp\/v2\/types\/page"}],"author":[{"embeddable":true,"href":"https:\/\/www.urlaubcornwall.de\/blog\/wp-json\/wp\/v2\/users\/1"}],"replies":[{"embeddable":true,"href":"https:\/\/www.urlaubcornwall.de\/blog\/wp-json\/wp\/v2\/comments?post=17794"}],"version-history":[{"count":32,"href":"https:\/\/www.urlaubcornwall.de\/blog\/wp-json\/wp\/v2\/pages\/17794\/revisions"}],"predecessor-version":[{"id":51548,"href":"https:\/\/www.urlaubcornwall.de\/blog\/wp-json\/wp\/v2\/pages\/17794\/revisions\/51548"}],"wp:attachment":[{"href":"https:\/\/www.urlaubcornwall.de\/blog\/wp-json\/wp\/v2\/media?parent=17794"}],"curies":[{"name":"wp","href":"https:\/\/api.w.org\/{rel}","templated":true}]}}