{"id":17790,"date":"2015-02-03T11:49:28","date_gmt":"2015-02-03T11:49:28","guid":{"rendered":"https:\/\/www.urlaubcornwall.de\/blog\/?page_id=17790"},"modified":"2024-05-29T08:21:41","modified_gmt":"2024-05-29T08:21:41","slug":"urlaub-auf-den-wunderschoenen-kanalinseln-ferienhaeuser-und-ferienwohnungen","status":"publish","type":"page","link":"https:\/\/www.urlaubcornwall.de\/blog\/urlaub-auf-den-wunderschoenen-kanalinseln-ferienhaeuser-und-ferienwohnungen\/","title":{"rendered":"Urlaub auf den wundersch\u00f6nen Kanalinseln- Ferienh\u00e4user und Ferienwohnungen"},"content":{"rendered":"<p><a href=\"https:\/\/www.urlaubcornwall.de\/blog\/wp-content\/uploads\/2023\/02\/gorey-schloss-jersey-kanailinseln.jpg\"><img loading=\"lazy\" src=\"https:\/\/www.urlaubcornwall.de\/blog\/wp-content\/uploads\/2023\/02\/gorey-schloss-jersey-kanailinseln.jpg\" alt=\"gorey schloss jersey kanailinseln\" width=\"750\" height=\"500\" class=\"alignnone size-full wp-image-45940\" srcset=\"https:\/\/www.urlaubcornwall.de\/blog\/wp-content\/uploads\/2023\/02\/gorey-schloss-jersey-kanailinseln.jpg 750w, https:\/\/www.urlaubcornwall.de\/blog\/wp-content\/uploads\/2023\/02\/gorey-schloss-jersey-kanailinseln-300x200.jpg 300w\" sizes=\"(max-width: 750px) 100vw, 750px\" \/><\/a><\/p>\n<p>Direkt vor der K\u00fcste Frankreichs gelegen, bieten die Urlaubsinseln Jersey, Guernsey, Sark, Herm und Alderney ein \u00dcberma\u00df an exquisiter K\u00fcste, h\u00fcbschen H\u00e4fen, schattigen Wegen und Charme vergangener Zeiten. Der warme Golfstrom von St Malo l\u00e4sst subtropische Pflanzen, hervorragende Meeresfr\u00fcchte und eine unglaubliche Vielzahl an Vogelarten gedeihen.<\/p>\n<p>Die gr\u00f6\u00dferen Inseln <a title=\" Ferienh\u00e4user und Ferienwohnungen auf Guernsey\" href=\"https:\/\/www.urlaubcornwall.de\/blog\/ferienhaeuser-und-ferienwohnungen-auf-guernsey-fuer-ihren-urlaub-auf-den-kanalinseln\/\"><span style=\"text-decoration: underline;\"><strong>Guernsey<\/strong><\/span><\/a> und <a title=\" Ferienh\u00e4user und Ferienwohnungen auf Jersey\" href=\"https:\/\/www.urlaubcornwall.de\/blog\/ferienhaeuser-und-ferienwohnungen-auf-jersey-fuer-ihren-urlaub-auf-den-kanalinseln\/\"><span style=\"text-decoration: underline;\"><strong>Jersey<\/strong><\/span><\/a> sind die Hauptanreiseziele mit Fl\u00fcgen und F\u00e4hren sowohl von Deutschland als auch Frankreich aus. Flugverbindungen zwischen Guernsey, Jersey und Alderney sind gut, und F\u00e4hrflotten verbinden sie und die anderen Inseln miteinander. Unterkunftsm\u00f6glichkeiten umfassen fantastische Ferienh\u00e4user und Ferienwohnungen f\u00fcr Paare, Familien oder Gruppen.<\/p>\n<p>W\u00e4hrend des Zweiten Weltkrieges waren die Kanalinseln der einzige britische Grund und Boden, der besetzt wurde, und ergreifende Museen \u2013 einige davon in ehemaligen Kriegstunneln und Bunkern \u2013 geben Einblick ins Leben der Inselbev\u00f6lkerung.<\/p>\n<p>Die Inseln sind stolz darauf, unabh\u00e4ngig zu sein, selbstverwaltende Niederlassungen der Britischen Krone und weisen einen Reichtum an schrulligen Anachronismen auf. Englisch ist die Hauptsprache, und wenngleich Ortsschilder franz\u00f6sisch anmuten, ist doch die Aussprache vor Ort sehr differenziert. Die Inseln pr\u00e4gen ihre eigene Version des britischen Pfunds \u2013 es ist kein legales Geldmittel auf dem Hauptland, doch k\u00f6nnen Sie britisches Geld auf den Inseln benutzen. Um als Tourist hierher zu kommen, ben\u00f6tigen sie dieselben Ausweise wie f\u00fcr das Vereinigte K\u00f6nigreich.<\/p>\n<p><strong><a href=\"https:\/\/www.urlaubcornwall.de\/blog\/familienurlaub-auf-jersey-unsere-top-tipps-mit-kindern\/\">Familienurlaub auf den Kanalinseln<\/a> &#8211; <\/strong>Familien hat es seit Generationen auf die Kanalinseln gezogen, und dies ist sicherlich die Urlaubsregion schlechthin, wo Kinder sich frei bewegen k\u00f6nnen, w\u00e4hrend die Eltern mit einem Buch am Strand entspannen. Es geht sicherlich gem\u00fctlicher zu als auf dem Hauptland Gro\u00dfbritanniens. Somit k\u00f6nnen sich Besucher Zeit nehmen, die K\u00fcste erwandern, eine runde Golf genie\u00dfen und einen Spaziergang durch die Stra\u00dfen von Guernseys h\u00fcbscher Hauptstadt, St Peter Port.<\/p>\n<p><strong><a href=\"https:\/\/www.urlaubcornwall.de\/blog\/die-wunderschoensten-straende-auf-jersey-urlaubstipps-kanalinseln\/\">Strandurlaub Kanalinseln<\/a>&#8211; <\/strong>Die Str\u00e4nde sind von h\u00f6chster Qualit\u00e4t, die Sie auf den britischen Inseln finden werden. Die L\u2019Ancresse Bucht im Norden bildet dabei eine besonders beliebte Option. Jedoch auch diejenigen, die eine insgesamt aufregendere Erfahrung machen wollen, k\u00f6nnen dies hier finden. Erkunden Sie die anderen Inseln auf Tagesreisen zu den benachbarten Inseln Herm, Sark und Jersey, die sehr beliebt sind und t\u00e4gliche F\u00e4hrverbindungen untereinander haben.<\/p>\n<p><strong>Bei uns finden Sie Ferienh\u00e4user zum Verlieben \u2013 so einfach ist das!<\/strong> F\u00fcr den perfekten Urlaub auf den Kanalinseln haben wir eine Auswahl an Ferienh\u00e4usern und Ferienwohnungen bester Qualit\u00e4t auf <a title=\"Ferienh\u00e4user und Ferienwohnungen auf Jersey\" href=\"https:\/\/www.urlaubcornwall.de\/blog\/ferienhaeuser-und-ferienwohnungen-auf-jersey-fuer-ihren-urlaub-auf-den-kanalinseln\/\"><span style=\"text-decoration: underline;\"><strong>Jersey<\/strong><\/span> <\/a>und <strong><a href=\"https:\/\/www.urlaubcornwall.de\/blog\/ferienhaeuser-und-ferienwohnungen-auf-guernsey-fuer-ihren-urlaub-auf-den-kanalinseln\/\"><span style=\"text-decoration: underline;\">Guernsey<\/span><\/a>.<\/strong><\/p>\n<p style=\"text-align: center;\"><a class=\"tidycta\" href=\"https:\/\/www.urlaubcornwall.de\/reiseziel\/kanalinseln\/\">Urlaub auf den Kanalinseln<\/a><\/p>\n","protected":false},"excerpt":{"rendered":"<p>Direkt vor der K\u00fcste Frankreichs gelegen, bieten die Urlaubsinseln Jersey, Guernsey, Sark, Herm und Alderney ein \u00dcberma\u00df an exquisiter K\u00fcste, h\u00fcbschen H\u00e4fen, schattigen Wegen und Charme vergangener Zeiten. Der warme Golfstrom von St Malo l\u00e4sst subtropische Pflanzen, hervorragende Meeresfr\u00fcchte und eine unglaubliche Vielzahl an Vogelarten gedeihen. Die gr\u00f6\u00dferen Inseln Guernsey und Jersey sind die Hauptanreiseziele [&hellip;]<\/p>\n","protected":false},"author":1,"featured_media":0,"parent":0,"menu_order":0,"comment_status":"closed","ping_status":"closed","template":"single-four.php","meta":[],"acf":[],"yoast_head":"<!-- This site is optimized with the Yoast SEO plugin v19.4 - https:\/\/yoast.com\/wordpress\/plugins\/seo\/ -->\n<title>Urlaub auf den wundersch\u00f6nen Kanalinseln- Ferienh\u00e4user und Ferienwohnungen - Urlaub &amp; Reisen<\/title>\n<meta name=\"robots\" content=\"index, follow, max-snippet:-1, max-image-preview:large, max-video-preview:-1\" \/>\n<link rel=\"canonical\" href=\"https:\/\/www.urlaubcornwall.de\/blog\/urlaub-auf-den-wunderschoenen-kanalinseln-ferienhaeuser-und-ferienwohnungen\/\" \/>\n<meta property=\"og:locale\" content=\"en_US\" \/>\n<meta property=\"og:type\" content=\"article\" \/>\n<meta property=\"og:title\" content=\"Urlaub auf den wundersch\u00f6nen Kanalinseln- Ferienh\u00e4user und Ferienwohnungen - Urlaub &amp; Reisen\" \/>\n<meta property=\"og:description\" content=\"Direkt vor der K\u00fcste Frankreichs gelegen, bieten die Urlaubsinseln Jersey, Guernsey, Sark, Herm und Alderney ein \u00dcberma\u00df an exquisiter K\u00fcste, h\u00fcbschen H\u00e4fen, schattigen Wegen und Charme vergangener Zeiten. Der warme Golfstrom von St Malo l\u00e4sst subtropische Pflanzen, hervorragende Meeresfr\u00fcchte und eine unglaubliche Vielzahl an Vogelarten gedeihen. Die gr\u00f6\u00dferen Inseln Guernsey und Jersey sind die Hauptanreiseziele [&hellip;]\" \/>\n<meta property=\"og:url\" content=\"https:\/\/www.urlaubcornwall.de\/blog\/urlaub-auf-den-wunderschoenen-kanalinseln-ferienhaeuser-und-ferienwohnungen\/\" \/>\n<meta property=\"og:site_name\" content=\"Urlaub &amp; Reisen\" \/>\n<meta property=\"article:modified_time\" content=\"2024-05-29T08:21:41+00:00\" \/>\n<meta property=\"og:image\" content=\"https:\/\/www.urlaubcornwall.de\/blog\/wp-content\/uploads\/2023\/02\/gorey-schloss-jersey-kanailinseln.jpg\" \/>\n<meta name=\"twitter:card\" content=\"summary\" \/>\n<meta name=\"twitter:label1\" content=\"Est. reading time\" \/>\n\t<meta name=\"twitter:data1\" content=\"2 minutes\" \/>\n<script type=\"application\/ld+json\" class=\"yoast-schema-graph\">{\"@context\":\"https:\/\/schema.org\",\"@graph\":[{\"@type\":\"WebSite\",\"@id\":\"https:\/\/www.urlaubcornwall.de\/blog\/#website\",\"url\":\"https:\/\/www.urlaubcornwall.de\/blog\/\",\"name\":\"Urlaub &amp; Reisen\",\"description\":\"Urlaub, Reisen, Cornwall und S\u00fcdengland: eine perfekte Kombination\",\"potentialAction\":[{\"@type\":\"SearchAction\",\"target\":{\"@type\":\"EntryPoint\",\"urlTemplate\":\"https:\/\/www.urlaubcornwall.de\/blog\/?s={search_term_string}\"},\"query-input\":\"required name=search_term_string\"}],\"inLanguage\":\"en-US\"},{\"@type\":\"WebPage\",\"@id\":\"https:\/\/www.urlaubcornwall.de\/blog\/urlaub-auf-den-wunderschoenen-kanalinseln-ferienhaeuser-und-ferienwohnungen\/\",\"url\":\"https:\/\/www.urlaubcornwall.de\/blog\/urlaub-auf-den-wunderschoenen-kanalinseln-ferienhaeuser-und-ferienwohnungen\/\",\"name\":\"Urlaub auf den wundersch\u00f6nen Kanalinseln- Ferienh\u00e4user und Ferienwohnungen - Urlaub &amp; Reisen\",\"isPartOf\":{\"@id\":\"https:\/\/www.urlaubcornwall.de\/blog\/#website\"},\"datePublished\":\"2015-02-03T11:49:28+00:00\",\"dateModified\":\"2024-05-29T08:21:41+00:00\",\"breadcrumb\":{\"@id\":\"https:\/\/www.urlaubcornwall.de\/blog\/urlaub-auf-den-wunderschoenen-kanalinseln-ferienhaeuser-und-ferienwohnungen\/#breadcrumb\"},\"inLanguage\":\"en-US\",\"potentialAction\":[{\"@type\":\"ReadAction\",\"target\":[\"https:\/\/www.urlaubcornwall.de\/blog\/urlaub-auf-den-wunderschoenen-kanalinseln-ferienhaeuser-und-ferienwohnungen\/\"]}]},{\"@type\":\"BreadcrumbList\",\"@id\":\"https:\/\/www.urlaubcornwall.de\/blog\/urlaub-auf-den-wunderschoenen-kanalinseln-ferienhaeuser-und-ferienwohnungen\/#breadcrumb\",\"itemListElement\":[{\"@type\":\"ListItem\",\"position\":1,\"name\":\"Home\",\"item\":\"https:\/\/www.urlaubcornwall.de\/blog\/\"},{\"@type\":\"ListItem\",\"position\":2,\"name\":\"Urlaub auf den wundersch\u00f6nen Kanalinseln- Ferienh\u00e4user und Ferienwohnungen\"}]}]}<\/script>\n<!-- \/ Yoast SEO plugin. -->","yoast_head_json":{"title":"Urlaub auf den wundersch\u00f6nen Kanalinseln- Ferienh\u00e4user und Ferienwohnungen - Urlaub &amp; Reisen","robots":{"index":"index","follow":"follow","max-snippet":"max-snippet:-1","max-image-preview":"max-image-preview:large","max-video-preview":"max-video-preview:-1"},"canonical":"https:\/\/www.urlaubcornwall.de\/blog\/urlaub-auf-den-wunderschoenen-kanalinseln-ferienhaeuser-und-ferienwohnungen\/","og_locale":"en_US","og_type":"article","og_title":"Urlaub auf den wundersch\u00f6nen Kanalinseln- Ferienh\u00e4user und Ferienwohnungen - Urlaub &amp; Reisen","og_description":"Direkt vor der K\u00fcste Frankreichs gelegen, bieten die Urlaubsinseln Jersey, Guernsey, Sark, Herm und Alderney ein \u00dcberma\u00df an exquisiter K\u00fcste, h\u00fcbschen H\u00e4fen, schattigen Wegen und Charme vergangener Zeiten. Der warme Golfstrom von St Malo l\u00e4sst subtropische Pflanzen, hervorragende Meeresfr\u00fcchte und eine unglaubliche Vielzahl an Vogelarten gedeihen. Die gr\u00f6\u00dferen Inseln Guernsey und Jersey sind die Hauptanreiseziele [&hellip;]","og_url":"https:\/\/www.urlaubcornwall.de\/blog\/urlaub-auf-den-wunderschoenen-kanalinseln-ferienhaeuser-und-ferienwohnungen\/","og_site_name":"Urlaub &amp; Reisen","article_modified_time":"2024-05-29T08:21:41+00:00","og_image":[{"url":"https:\/\/www.urlaubcornwall.de\/blog\/wp-content\/uploads\/2023\/02\/gorey-schloss-jersey-kanailinseln.jpg"}],"twitter_card":"summary","twitter_misc":{"Est. reading time":"2 minutes"},"schema":{"@context":"https:\/\/schema.org","@graph":[{"@type":"WebSite","@id":"https:\/\/www.urlaubcornwall.de\/blog\/#website","url":"https:\/\/www.urlaubcornwall.de\/blog\/","name":"Urlaub &amp; Reisen","description":"Urlaub, Reisen, Cornwall und S\u00fcdengland: eine perfekte Kombination","potentialAction":[{"@type":"SearchAction","target":{"@type":"EntryPoint","urlTemplate":"https:\/\/www.urlaubcornwall.de\/blog\/?s={search_term_string}"},"query-input":"required name=search_term_string"}],"inLanguage":"en-US"},{"@type":"WebPage","@id":"https:\/\/www.urlaubcornwall.de\/blog\/urlaub-auf-den-wunderschoenen-kanalinseln-ferienhaeuser-und-ferienwohnungen\/","url":"https:\/\/www.urlaubcornwall.de\/blog\/urlaub-auf-den-wunderschoenen-kanalinseln-ferienhaeuser-und-ferienwohnungen\/","name":"Urlaub auf den wundersch\u00f6nen Kanalinseln- Ferienh\u00e4user und Ferienwohnungen - Urlaub &amp; Reisen","isPartOf":{"@id":"https:\/\/www.urlaubcornwall.de\/blog\/#website"},"datePublished":"2015-02-03T11:49:28+00:00","dateModified":"2024-05-29T08:21:41+00:00","breadcrumb":{"@id":"https:\/\/www.urlaubcornwall.de\/blog\/urlaub-auf-den-wunderschoenen-kanalinseln-ferienhaeuser-und-ferienwohnungen\/#breadcrumb"},"inLanguage":"en-US","potentialAction":[{"@type":"ReadAction","target":["https:\/\/www.urlaubcornwall.de\/blog\/urlaub-auf-den-wunderschoenen-kanalinseln-ferienhaeuser-und-ferienwohnungen\/"]}]},{"@type":"BreadcrumbList","@id":"https:\/\/www.urlaubcornwall.de\/blog\/urlaub-auf-den-wunderschoenen-kanalinseln-ferienhaeuser-und-ferienwohnungen\/#breadcrumb","itemListElement":[{"@type":"ListItem","position":1,"name":"Home","item":"https:\/\/www.urlaubcornwall.de\/blog\/"},{"@type":"ListItem","position":2,"name":"Urlaub auf den wundersch\u00f6nen Kanalinseln- Ferienh\u00e4user und Ferienwohnungen"}]}]}},"_links":{"self":[{"href":"https:\/\/www.urlaubcornwall.de\/blog\/wp-json\/wp\/v2\/pages\/17790"}],"collection":[{"href":"https:\/\/www.urlaubcornwall.de\/blog\/wp-json\/wp\/v2\/pages"}],"about":[{"href":"https:\/\/www.urlaubcornwall.de\/blog\/wp-json\/wp\/v2\/types\/page"}],"author":[{"embeddable":true,"href":"https:\/\/www.urlaubcornwall.de\/blog\/wp-json\/wp\/v2\/users\/1"}],"replies":[{"embeddable":true,"href":"https:\/\/www.urlaubcornwall.de\/blog\/wp-json\/wp\/v2\/comments?post=17790"}],"version-history":[{"count":16,"href":"https:\/\/www.urlaubcornwall.de\/blog\/wp-json\/wp\/v2\/pages\/17790\/revisions"}],"predecessor-version":[{"id":50531,"href":"https:\/\/www.urlaubcornwall.de\/blog\/wp-json\/wp\/v2\/pages\/17790\/revisions\/50531"}],"wp:attachment":[{"href":"https:\/\/www.urlaubcornwall.de\/blog\/wp-json\/wp\/v2\/media?parent=17790"}],"curies":[{"name":"wp","href":"https:\/\/api.w.org\/{rel}","templated":true}]}}