{"id":17707,"date":"2015-01-24T11:55:32","date_gmt":"2015-01-24T11:55:32","guid":{"rendered":"https:\/\/www.urlaubcornwall.de\/blog\/?page_id=17707"},"modified":"2018-05-25T10:31:58","modified_gmt":"2018-05-25T10:31:58","slug":"sportreisen-fuer-gruppen-und-vereine-in-grossbritannien","status":"publish","type":"page","link":"https:\/\/www.urlaubcornwall.de\/blog\/sportreisen-fuer-gruppen-und-vereine-in-grossbritannien\/","title":{"rendered":"Sportreisen f\u00fcr Gruppen und Vereine in Gro\u00dfbritannien"},"content":{"rendered":"<p><a href=\"https:\/\/www.urlaubcornwall.de\/blog\/wp-content\/uploads\/2015\/01\/Sportreisen-england.jpg\"><img loading=\"lazy\" class=\"aligncenter size-full wp-image-17708\" src=\"https:\/\/www.urlaubcornwall.de\/blog\/wp-content\/uploads\/2015\/01\/Sportreisen-england.jpg\" alt=\"sportreisen england\" width=\"739\" height=\"413\" srcset=\"https:\/\/www.urlaubcornwall.de\/blog\/wp-content\/uploads\/2015\/01\/Sportreisen-england.jpg 739w, https:\/\/www.urlaubcornwall.de\/blog\/wp-content\/uploads\/2015\/01\/Sportreisen-england-300x167.jpg 300w\" sizes=\"(max-width: 739px) 100vw, 739px\" \/><\/a><\/p>\n<p>Sportgruppen und Vereine aller Arten kommen im Vereinigten K\u00f6nigreich voll auf Ihre Kosten. Da es so viele Sportarten gibt, k\u00f6nnen Sportbegeisterte ihren ganz speziellen Sport entweder als Teilnehmer oder Zuschauer genie\u00dfen. Was auch immer die Anspr\u00fcche Ihrer Gruppe sind, so k\u00f6nnen wir dabei helfen, eine unvergessliche Erfahrung f\u00fcr Ihre Gruppe zu kreieren.<\/p>\n<p class=\"r\"><strong>Fussballreisen <\/strong>\u2013 Im Vereinigten K\u00f6nigreich finden Fu\u00dfballfans jede Menge M\u00f6glichkeiten, diese Sportart zu genie\u00dfen. Vielleicht m\u00f6chte Ihr Team ja die Atmosph\u00e4re eines Premier League Spiels im Heimatland des Fu\u00dfballs aufsaugen und vielleicht sogar einen Blick hinter die Kulissen des legend\u00e4ren Wembley Stadiums erhaschen oder des Old Trafford, dem Zuhause von Manchester United. Unserer Partnerschaft mit dem <a href=\"http:\/\/www.urlaubcornwall.de\/massgeschneiderte-gruppenreisen-und-touren.php\">Spezialisten f\u00fcr Gruppenreisen<\/a> haben wir es zu verdanken, dass wir f\u00fcr Sie sogar ein Freundschaftsspiel mit Ihrer Schwesternstadt arrangieren k\u00f6nnen.<\/p>\n<p class=\"r\"><strong>Formel 1 <\/strong>\u2013 Deutschland\/Osterreich\/die Schweiz und das Vereinigte K\u00f6nigreich teilen sich die Leidenschaft f\u00fcr den Motorsport. Weshalb also Ihre Gruppe nicht teilnehmen lassen an der aufregenden Erfahrung einer der zahlreichen Motorsport-Veranstaltungen? Und vielleicht sogar an einer Tour durch \u2018Motorsport Valley\u2019 in Oxfordshire im Rahmen einer \u201eFormel 1 Reise\u201c? Oder vielleicht ein Besuch des weltber\u00fchmten Festivals der Geschwindigkeit im Glorious Goodwood?<\/p>\n<p><strong>Radfahren<\/strong> \u2013 Ma\u00dfgeschneiderte Reiserouten in herrlicher Landschaft k\u00f6nnen f\u00fcr Freunde des Radsports zusammengestellt werden. Lassen Sie uns f\u00fcr Sie die Grundarrangements \u00fcbernehmen und eine unvergessliche Reise mit dem Fahrrad f\u00fcr Ihre Gruppe organisieren.<\/p>\n<p><strong>Wandern<\/strong> \u2013 Wir stehen in Verbindung mit Deutsch sprechenden Reiseleitern, die Ihre Gruppe auf verschiedenen Wanderrouten in spektakul\u00e4rer Landschaft durch England, Wales oder Scotland f\u00fchren k\u00f6nnen. Von Freizeitwanderern bis hin zu anspruchsvolleren Gruppen k\u00f6nnen wir alles f\u00fcr Sie organisieren.<\/p>\n<p><strong>Pferderennen<\/strong> \u2013 Sie k\u00f6nnen Ihre Gruppe teilhaben lassen an Gro\u00dfbritanniens \u201choher Gesellschaft\u201d, indem Sie eine der zahlreichen Pferderennen besuchen. Wetten werden gerne angenommen, viel Gl\u00fcck!<\/p>\n<p><strong>Kricket<\/strong> \u2013 Es gibt nichts Britischeres als ein Kricketspiel an einem warmen Sonntagnachmittag. Und falls Sie die Regeln nicht verstehen, kann Ihnen ein Deutsch sprechender Reiseleiter dabei behilflich sein!<\/p>\n<p>Anfragen von Gruppen, die sich f\u00fcr den Segelsport, die Jagd, das Angeln oder Laufen interessieren, sind ebenfalls willkommen!<\/p>\n<p style=\"text-align: center;\"><a class=\"tidycta\" href=\"http:\/\/www.urlaubcornwall.de\/gruppenanfrage.php\">Gruppenreisen Anfrage<\/a><\/p>\n<p style=\"text-align: center;\"><strong>Wir garantieren Ihnen eine Antwort innerhalb von 24 Stunden.<\/strong><\/p>\n\n\n","protected":false},"excerpt":{"rendered":"<p>Sportgruppen und Vereine aller Arten kommen im Vereinigten K\u00f6nigreich voll auf Ihre Kosten. Da es so viele Sportarten gibt, k\u00f6nnen Sportbegeisterte ihren ganz speziellen Sport entweder als Teilnehmer oder Zuschauer genie\u00dfen. Was auch immer die Anspr\u00fcche Ihrer Gruppe sind, so k\u00f6nnen wir dabei helfen, eine unvergessliche Erfahrung f\u00fcr Ihre Gruppe zu kreieren. Fussballreisen \u2013 Im [&hellip;]<\/p>\n","protected":false},"author":1,"featured_media":0,"parent":0,"menu_order":0,"comment_status":"closed","ping_status":"closed","template":"single-four.php","meta":[],"acf":[],"yoast_head":"<!-- This site is optimized with the Yoast SEO plugin v19.4 - https:\/\/yoast.com\/wordpress\/plugins\/seo\/ -->\n<title>Sportreisen f\u00fcr Gruppen und Vereine in Gro\u00dfbritannien - Urlaub &amp; Reisen<\/title>\n<meta name=\"robots\" content=\"index, follow, max-snippet:-1, max-image-preview:large, max-video-preview:-1\" \/>\n<link rel=\"canonical\" href=\"https:\/\/www.urlaubcornwall.de\/blog\/sportreisen-fuer-gruppen-und-vereine-in-grossbritannien\/\" \/>\n<meta property=\"og:locale\" content=\"en_US\" \/>\n<meta property=\"og:type\" content=\"article\" \/>\n<meta property=\"og:title\" content=\"Sportreisen f\u00fcr Gruppen und Vereine in Gro\u00dfbritannien - Urlaub &amp; Reisen\" \/>\n<meta property=\"og:description\" content=\"Sportgruppen und Vereine aller Arten kommen im Vereinigten K\u00f6nigreich voll auf Ihre Kosten. Da es so viele Sportarten gibt, k\u00f6nnen Sportbegeisterte ihren ganz speziellen Sport entweder als Teilnehmer oder Zuschauer genie\u00dfen. Was auch immer die Anspr\u00fcche Ihrer Gruppe sind, so k\u00f6nnen wir dabei helfen, eine unvergessliche Erfahrung f\u00fcr Ihre Gruppe zu kreieren. Fussballreisen \u2013 Im [&hellip;]\" \/>\n<meta property=\"og:url\" content=\"https:\/\/www.urlaubcornwall.de\/blog\/sportreisen-fuer-gruppen-und-vereine-in-grossbritannien\/\" \/>\n<meta property=\"og:site_name\" content=\"Urlaub &amp; Reisen\" \/>\n<meta property=\"article:modified_time\" content=\"2018-05-25T10:31:58+00:00\" \/>\n<meta property=\"og:image\" content=\"https:\/\/www.urlaubcornwall.de\/blog\/wp-content\/uploads\/2015\/01\/Sportreisen-england.jpg\" \/>\n<meta name=\"twitter:card\" content=\"summary\" \/>\n<meta name=\"twitter:label1\" content=\"Est. reading time\" \/>\n\t<meta name=\"twitter:data1\" content=\"2 minutes\" \/>\n<script type=\"application\/ld+json\" class=\"yoast-schema-graph\">{\"@context\":\"https:\/\/schema.org\",\"@graph\":[{\"@type\":\"WebSite\",\"@id\":\"https:\/\/www.urlaubcornwall.de\/blog\/#website\",\"url\":\"https:\/\/www.urlaubcornwall.de\/blog\/\",\"name\":\"Urlaub &amp; Reisen\",\"description\":\"Urlaub, Reisen, Cornwall und S\u00fcdengland: eine perfekte Kombination\",\"potentialAction\":[{\"@type\":\"SearchAction\",\"target\":{\"@type\":\"EntryPoint\",\"urlTemplate\":\"https:\/\/www.urlaubcornwall.de\/blog\/?s={search_term_string}\"},\"query-input\":\"required name=search_term_string\"}],\"inLanguage\":\"en-US\"},{\"@type\":\"WebPage\",\"@id\":\"https:\/\/www.urlaubcornwall.de\/blog\/sportreisen-fuer-gruppen-und-vereine-in-grossbritannien\/\",\"url\":\"https:\/\/www.urlaubcornwall.de\/blog\/sportreisen-fuer-gruppen-und-vereine-in-grossbritannien\/\",\"name\":\"Sportreisen f\u00fcr Gruppen und Vereine in Gro\u00dfbritannien - Urlaub &amp; Reisen\",\"isPartOf\":{\"@id\":\"https:\/\/www.urlaubcornwall.de\/blog\/#website\"},\"datePublished\":\"2015-01-24T11:55:32+00:00\",\"dateModified\":\"2018-05-25T10:31:58+00:00\",\"breadcrumb\":{\"@id\":\"https:\/\/www.urlaubcornwall.de\/blog\/sportreisen-fuer-gruppen-und-vereine-in-grossbritannien\/#breadcrumb\"},\"inLanguage\":\"en-US\",\"potentialAction\":[{\"@type\":\"ReadAction\",\"target\":[\"https:\/\/www.urlaubcornwall.de\/blog\/sportreisen-fuer-gruppen-und-vereine-in-grossbritannien\/\"]}]},{\"@type\":\"BreadcrumbList\",\"@id\":\"https:\/\/www.urlaubcornwall.de\/blog\/sportreisen-fuer-gruppen-und-vereine-in-grossbritannien\/#breadcrumb\",\"itemListElement\":[{\"@type\":\"ListItem\",\"position\":1,\"name\":\"Home\",\"item\":\"https:\/\/www.urlaubcornwall.de\/blog\/\"},{\"@type\":\"ListItem\",\"position\":2,\"name\":\"Sportreisen f\u00fcr Gruppen und Vereine in Gro\u00dfbritannien\"}]}]}<\/script>\n<!-- \/ Yoast SEO plugin. -->","yoast_head_json":{"title":"Sportreisen f\u00fcr Gruppen und Vereine in Gro\u00dfbritannien - Urlaub &amp; Reisen","robots":{"index":"index","follow":"follow","max-snippet":"max-snippet:-1","max-image-preview":"max-image-preview:large","max-video-preview":"max-video-preview:-1"},"canonical":"https:\/\/www.urlaubcornwall.de\/blog\/sportreisen-fuer-gruppen-und-vereine-in-grossbritannien\/","og_locale":"en_US","og_type":"article","og_title":"Sportreisen f\u00fcr Gruppen und Vereine in Gro\u00dfbritannien - Urlaub &amp; Reisen","og_description":"Sportgruppen und Vereine aller Arten kommen im Vereinigten K\u00f6nigreich voll auf Ihre Kosten. Da es so viele Sportarten gibt, k\u00f6nnen Sportbegeisterte ihren ganz speziellen Sport entweder als Teilnehmer oder Zuschauer genie\u00dfen. Was auch immer die Anspr\u00fcche Ihrer Gruppe sind, so k\u00f6nnen wir dabei helfen, eine unvergessliche Erfahrung f\u00fcr Ihre Gruppe zu kreieren. Fussballreisen \u2013 Im [&hellip;]","og_url":"https:\/\/www.urlaubcornwall.de\/blog\/sportreisen-fuer-gruppen-und-vereine-in-grossbritannien\/","og_site_name":"Urlaub &amp; Reisen","article_modified_time":"2018-05-25T10:31:58+00:00","og_image":[{"url":"https:\/\/www.urlaubcornwall.de\/blog\/wp-content\/uploads\/2015\/01\/Sportreisen-england.jpg"}],"twitter_card":"summary","twitter_misc":{"Est. reading time":"2 minutes"},"schema":{"@context":"https:\/\/schema.org","@graph":[{"@type":"WebSite","@id":"https:\/\/www.urlaubcornwall.de\/blog\/#website","url":"https:\/\/www.urlaubcornwall.de\/blog\/","name":"Urlaub &amp; Reisen","description":"Urlaub, Reisen, Cornwall und S\u00fcdengland: eine perfekte Kombination","potentialAction":[{"@type":"SearchAction","target":{"@type":"EntryPoint","urlTemplate":"https:\/\/www.urlaubcornwall.de\/blog\/?s={search_term_string}"},"query-input":"required name=search_term_string"}],"inLanguage":"en-US"},{"@type":"WebPage","@id":"https:\/\/www.urlaubcornwall.de\/blog\/sportreisen-fuer-gruppen-und-vereine-in-grossbritannien\/","url":"https:\/\/www.urlaubcornwall.de\/blog\/sportreisen-fuer-gruppen-und-vereine-in-grossbritannien\/","name":"Sportreisen f\u00fcr Gruppen und Vereine in Gro\u00dfbritannien - Urlaub &amp; Reisen","isPartOf":{"@id":"https:\/\/www.urlaubcornwall.de\/blog\/#website"},"datePublished":"2015-01-24T11:55:32+00:00","dateModified":"2018-05-25T10:31:58+00:00","breadcrumb":{"@id":"https:\/\/www.urlaubcornwall.de\/blog\/sportreisen-fuer-gruppen-und-vereine-in-grossbritannien\/#breadcrumb"},"inLanguage":"en-US","potentialAction":[{"@type":"ReadAction","target":["https:\/\/www.urlaubcornwall.de\/blog\/sportreisen-fuer-gruppen-und-vereine-in-grossbritannien\/"]}]},{"@type":"BreadcrumbList","@id":"https:\/\/www.urlaubcornwall.de\/blog\/sportreisen-fuer-gruppen-und-vereine-in-grossbritannien\/#breadcrumb","itemListElement":[{"@type":"ListItem","position":1,"name":"Home","item":"https:\/\/www.urlaubcornwall.de\/blog\/"},{"@type":"ListItem","position":2,"name":"Sportreisen f\u00fcr Gruppen und Vereine in Gro\u00dfbritannien"}]}]}},"_links":{"self":[{"href":"https:\/\/www.urlaubcornwall.de\/blog\/wp-json\/wp\/v2\/pages\/17707"}],"collection":[{"href":"https:\/\/www.urlaubcornwall.de\/blog\/wp-json\/wp\/v2\/pages"}],"about":[{"href":"https:\/\/www.urlaubcornwall.de\/blog\/wp-json\/wp\/v2\/types\/page"}],"author":[{"embeddable":true,"href":"https:\/\/www.urlaubcornwall.de\/blog\/wp-json\/wp\/v2\/users\/1"}],"replies":[{"embeddable":true,"href":"https:\/\/www.urlaubcornwall.de\/blog\/wp-json\/wp\/v2\/comments?post=17707"}],"version-history":[{"count":6,"href":"https:\/\/www.urlaubcornwall.de\/blog\/wp-json\/wp\/v2\/pages\/17707\/revisions"}],"predecessor-version":[{"id":33846,"href":"https:\/\/www.urlaubcornwall.de\/blog\/wp-json\/wp\/v2\/pages\/17707\/revisions\/33846"}],"wp:attachment":[{"href":"https:\/\/www.urlaubcornwall.de\/blog\/wp-json\/wp\/v2\/media?parent=17707"}],"curies":[{"name":"wp","href":"https:\/\/api.w.org\/{rel}","templated":true}]}}