{"id":17696,"date":"2015-01-22T14:10:04","date_gmt":"2015-01-22T14:10:04","guid":{"rendered":"https:\/\/www.urlaubcornwall.de\/blog\/?page_id=17696"},"modified":"2024-05-27T11:25:03","modified_gmt":"2024-05-27T11:25:03","slug":"gruppenreisen-grossbritannien-fuer-freunde-des-theaters-der-musik-und-der-kuenste","status":"publish","type":"page","link":"https:\/\/www.urlaubcornwall.de\/blog\/gruppenreisen-grossbritannien-fuer-freunde-des-theaters-der-musik-und-der-kuenste\/","title":{"rendered":"Gruppenreisen Gro\u00dfbritannien f\u00fcr Freunde des Theaters, der Musik und der K\u00fcnste"},"content":{"rendered":"<p><a href=\"https:\/\/www.urlaubcornwall.de\/blog\/wp-content\/uploads\/2015\/01\/Minack.png\"><img loading=\"lazy\" class=\"aligncenter size-full wp-image-17697\" src=\"https:\/\/www.urlaubcornwall.de\/blog\/wp-content\/uploads\/2015\/01\/Minack.png\" alt=\"Gro\u00dfbritannien f\u00fcr Freunde des Theaters\" width=\"748\" height=\"391\"\/><\/a><\/p>\n<p>Gruppen, die kleinere und gr\u00f6\u00dfere St\u00e4dte in England, Schottland oder Wales besuchen, werden verw\u00f6hnt mit Auswahlm\u00f6glichkeiten, da es in Gro\u00dfbritannien eine so vielf\u00e4ltige und dynamische Kulturszene gibt, die K\u00fcnste betreffend. Es gibt ein breites Angebot an Events, aus denen Sie w\u00e4hlen k\u00f6nnen, einschlie\u00dflich Tanz, Musik, Oper, Konzerte, Theater oder Musicals. Und das nicht nur in London. Die meisten St\u00e4dte des Vereinigten K\u00f6nigreichs haben eine lebendige Kulturszene, die darauf wartet, von Gruppen entdeckt zu werden, die aus Deutschland, \u00d6sterreich und der Schweiz anreisen.<\/p>\n<p>Mit Sitz in England kann <a href=\"https:\/\/www.urlaubcornwall.de\/massgeschneiderte-gruppenreisen-und-touren.php\">unser Deutsch sprechendes Expertenteam<\/a> s\u00e4mtliche Arrangements f\u00fcr Sie treffen, so dass Sie dies nicht selbst tun brauchen. Au\u00dferdem k\u00f6nnen auf das Interesse Ihrer Gruppe zugeschnittene Pakete kreiert werden. So k\u00f6nnen zum <a href=\"https:\/\/www.urlaubcornwall.de\/blog\/chorbesuche-nach-grossbritannien\/\">Beispiel Ch\u00f6re<\/a>, die das Vereinigte K\u00f6nigreich besuchen, die M\u00f6glichkeit bekommen, gemeinsam mit einem englischen Chor zu singen. Dabei k\u00f6nnen sie einen einzigartigen Reiseplan genie\u00dfen, der ganz speziell auf sie zugeschnitten ist, um ein bestimmtes Thema abzudecken, wie zum Beispiel Rosamunde Pilcher.<\/p>\n<p>Ob es nun ein Besuch der weltber\u00fchmten Glyndebourne Opernfestspiele ist oder eine der zahllosen Shows und Konzerte im ganzen Land, so werden Gruppen erfahren, dass das Vereinigte K\u00f6nigreich das perfekte Reiseziel ist f\u00fcr Liebhaber s\u00e4mtlicher Kunstformen und k\u00fcnstlerischer Ausdrucksformen.<\/p>\n<div class=\"snippet\"> <a class=\"featured-item\" href=\" https:\/\/www.urlaubcornwall.de\/massgeschneiderte-gruppenreisen-und-touren.php \"> <span class=\"image-holder\" style=\"background-image: url(' https:\/\/www.urlaubcornwall.de\/blog\/wp-content\/uploads\/2024\/05\/gruppenreisen.jpg ');\"><\/span> <span class=\"featured-content\"> \n<h2 class=\"featured-title\"> Ma\u00dfgeschneiderte Gruppenreisen in Gro\u00dfbritannien<\/h2>\n<p class=\"featured-body\">Wir k\u00f6nnen Ihnen behilflich sein, eine fantastische Gruppenreise zusammenzustellen, auf der Sie die sch\u00f6nsten Sehensw\u00fcrdigkeiten Englands entdecken k\u00f6nnen. Auch interessante Themenreisen, wie z.B. eine Gartentour ,Literaturreise, oder Chorreise auf der Sie die ber\u00fchmten Schaupl\u00e4tze der Rosamunde Pilcher Verfilmungen besichtigen k\u00f6nnen, sind m\u00f6glich&#8230;.<\/p>\n<\/span> <span class=\"featured-link-holder\"> <span class=\"featured-extra-info\"> \n<p>M\u00f6chten Sie eine private Busreise, Vereinreise, Seniorenreise, Klassenfahrt oder Gruppenfahrt organisieren?<\/p>\n<\/span> \n<p class=\"featured-link\">DETAILS<\/p>\n<\/span> <\/a><\/div>\n<p style=\"text-align: center;\"><a class=\"tidycta\" href=\"http:\/\/www.urlaubcornwall.de\/gruppenanfrage.php\">Gruppenreisen Anfrage<\/a><\/p>\n<p style=\"text-align: center;\"><strong>Wir garantieren Ihnen eine Antwort innerhalb von 24 Stunden.<\/strong><\/p>\n\n","protected":false},"excerpt":{"rendered":"<p>Gruppen, die kleinere und gr\u00f6\u00dfere St\u00e4dte in England, Schottland oder Wales besuchen, werden verw\u00f6hnt mit Auswahlm\u00f6glichkeiten, da es in Gro\u00dfbritannien eine so vielf\u00e4ltige und dynamische Kulturszene gibt, die K\u00fcnste betreffend. Es gibt ein breites Angebot an Events, aus denen Sie w\u00e4hlen k\u00f6nnen, einschlie\u00dflich Tanz, Musik, Oper, Konzerte, Theater oder Musicals. Und das nicht nur in [&hellip;]<\/p>\n","protected":false},"author":1,"featured_media":0,"parent":0,"menu_order":0,"comment_status":"closed","ping_status":"closed","template":"single-four.php","meta":[],"acf":[],"yoast_head":"<!-- This site is optimized with the Yoast SEO plugin v19.4 - https:\/\/yoast.com\/wordpress\/plugins\/seo\/ -->\n<title>Gruppenreisen Gro\u00dfbritannien f\u00fcr Freunde des Theaters, der Musik und der K\u00fcnste - Urlaub &amp; Reisen<\/title>\n<meta name=\"robots\" content=\"index, follow, max-snippet:-1, max-image-preview:large, max-video-preview:-1\" \/>\n<link rel=\"canonical\" href=\"https:\/\/www.urlaubcornwall.de\/blog\/gruppenreisen-grossbritannien-fuer-freunde-des-theaters-der-musik-und-der-kuenste\/\" \/>\n<meta property=\"og:locale\" content=\"en_US\" \/>\n<meta property=\"og:type\" content=\"article\" \/>\n<meta property=\"og:title\" content=\"Gruppenreisen Gro\u00dfbritannien f\u00fcr Freunde des Theaters, der Musik und der K\u00fcnste - Urlaub &amp; Reisen\" \/>\n<meta property=\"og:description\" content=\"Gruppen, die kleinere und gr\u00f6\u00dfere St\u00e4dte in England, Schottland oder Wales besuchen, werden verw\u00f6hnt mit Auswahlm\u00f6glichkeiten, da es in Gro\u00dfbritannien eine so vielf\u00e4ltige und dynamische Kulturszene gibt, die K\u00fcnste betreffend. Es gibt ein breites Angebot an Events, aus denen Sie w\u00e4hlen k\u00f6nnen, einschlie\u00dflich Tanz, Musik, Oper, Konzerte, Theater oder Musicals. Und das nicht nur in [&hellip;]\" \/>\n<meta property=\"og:url\" content=\"https:\/\/www.urlaubcornwall.de\/blog\/gruppenreisen-grossbritannien-fuer-freunde-des-theaters-der-musik-und-der-kuenste\/\" \/>\n<meta property=\"og:site_name\" content=\"Urlaub &amp; Reisen\" \/>\n<meta property=\"article:modified_time\" content=\"2024-05-27T11:25:03+00:00\" \/>\n<meta property=\"og:image\" content=\"https:\/\/www.urlaubcornwall.de\/blog\/wp-content\/uploads\/2015\/01\/Minack.png\" \/>\n<meta name=\"twitter:card\" content=\"summary\" \/>\n<meta name=\"twitter:label1\" content=\"Est. reading time\" \/>\n\t<meta name=\"twitter:data1\" content=\"2 minutes\" \/>\n<script type=\"application\/ld+json\" class=\"yoast-schema-graph\">{\"@context\":\"https:\/\/schema.org\",\"@graph\":[{\"@type\":\"WebSite\",\"@id\":\"https:\/\/www.urlaubcornwall.de\/blog\/#website\",\"url\":\"https:\/\/www.urlaubcornwall.de\/blog\/\",\"name\":\"Urlaub &amp; Reisen\",\"description\":\"Urlaub, Reisen, Cornwall und S\u00fcdengland: eine perfekte Kombination\",\"potentialAction\":[{\"@type\":\"SearchAction\",\"target\":{\"@type\":\"EntryPoint\",\"urlTemplate\":\"https:\/\/www.urlaubcornwall.de\/blog\/?s={search_term_string}\"},\"query-input\":\"required name=search_term_string\"}],\"inLanguage\":\"en-US\"},{\"@type\":\"WebPage\",\"@id\":\"https:\/\/www.urlaubcornwall.de\/blog\/gruppenreisen-grossbritannien-fuer-freunde-des-theaters-der-musik-und-der-kuenste\/\",\"url\":\"https:\/\/www.urlaubcornwall.de\/blog\/gruppenreisen-grossbritannien-fuer-freunde-des-theaters-der-musik-und-der-kuenste\/\",\"name\":\"Gruppenreisen Gro\u00dfbritannien f\u00fcr Freunde des Theaters, der Musik und der K\u00fcnste - Urlaub &amp; Reisen\",\"isPartOf\":{\"@id\":\"https:\/\/www.urlaubcornwall.de\/blog\/#website\"},\"datePublished\":\"2015-01-22T14:10:04+00:00\",\"dateModified\":\"2024-05-27T11:25:03+00:00\",\"breadcrumb\":{\"@id\":\"https:\/\/www.urlaubcornwall.de\/blog\/gruppenreisen-grossbritannien-fuer-freunde-des-theaters-der-musik-und-der-kuenste\/#breadcrumb\"},\"inLanguage\":\"en-US\",\"potentialAction\":[{\"@type\":\"ReadAction\",\"target\":[\"https:\/\/www.urlaubcornwall.de\/blog\/gruppenreisen-grossbritannien-fuer-freunde-des-theaters-der-musik-und-der-kuenste\/\"]}]},{\"@type\":\"BreadcrumbList\",\"@id\":\"https:\/\/www.urlaubcornwall.de\/blog\/gruppenreisen-grossbritannien-fuer-freunde-des-theaters-der-musik-und-der-kuenste\/#breadcrumb\",\"itemListElement\":[{\"@type\":\"ListItem\",\"position\":1,\"name\":\"Home\",\"item\":\"https:\/\/www.urlaubcornwall.de\/blog\/\"},{\"@type\":\"ListItem\",\"position\":2,\"name\":\"Gruppenreisen Gro\u00dfbritannien f\u00fcr Freunde des Theaters, der Musik und der K\u00fcnste\"}]}]}<\/script>\n<!-- \/ Yoast SEO plugin. -->","yoast_head_json":{"title":"Gruppenreisen Gro\u00dfbritannien f\u00fcr Freunde des Theaters, der Musik und der K\u00fcnste - Urlaub &amp; Reisen","robots":{"index":"index","follow":"follow","max-snippet":"max-snippet:-1","max-image-preview":"max-image-preview:large","max-video-preview":"max-video-preview:-1"},"canonical":"https:\/\/www.urlaubcornwall.de\/blog\/gruppenreisen-grossbritannien-fuer-freunde-des-theaters-der-musik-und-der-kuenste\/","og_locale":"en_US","og_type":"article","og_title":"Gruppenreisen Gro\u00dfbritannien f\u00fcr Freunde des Theaters, der Musik und der K\u00fcnste - Urlaub &amp; Reisen","og_description":"Gruppen, die kleinere und gr\u00f6\u00dfere St\u00e4dte in England, Schottland oder Wales besuchen, werden verw\u00f6hnt mit Auswahlm\u00f6glichkeiten, da es in Gro\u00dfbritannien eine so vielf\u00e4ltige und dynamische Kulturszene gibt, die K\u00fcnste betreffend. Es gibt ein breites Angebot an Events, aus denen Sie w\u00e4hlen k\u00f6nnen, einschlie\u00dflich Tanz, Musik, Oper, Konzerte, Theater oder Musicals. Und das nicht nur in [&hellip;]","og_url":"https:\/\/www.urlaubcornwall.de\/blog\/gruppenreisen-grossbritannien-fuer-freunde-des-theaters-der-musik-und-der-kuenste\/","og_site_name":"Urlaub &amp; Reisen","article_modified_time":"2024-05-27T11:25:03+00:00","og_image":[{"url":"https:\/\/www.urlaubcornwall.de\/blog\/wp-content\/uploads\/2015\/01\/Minack.png"}],"twitter_card":"summary","twitter_misc":{"Est. reading time":"2 minutes"},"schema":{"@context":"https:\/\/schema.org","@graph":[{"@type":"WebSite","@id":"https:\/\/www.urlaubcornwall.de\/blog\/#website","url":"https:\/\/www.urlaubcornwall.de\/blog\/","name":"Urlaub &amp; Reisen","description":"Urlaub, Reisen, Cornwall und S\u00fcdengland: eine perfekte Kombination","potentialAction":[{"@type":"SearchAction","target":{"@type":"EntryPoint","urlTemplate":"https:\/\/www.urlaubcornwall.de\/blog\/?s={search_term_string}"},"query-input":"required name=search_term_string"}],"inLanguage":"en-US"},{"@type":"WebPage","@id":"https:\/\/www.urlaubcornwall.de\/blog\/gruppenreisen-grossbritannien-fuer-freunde-des-theaters-der-musik-und-der-kuenste\/","url":"https:\/\/www.urlaubcornwall.de\/blog\/gruppenreisen-grossbritannien-fuer-freunde-des-theaters-der-musik-und-der-kuenste\/","name":"Gruppenreisen Gro\u00dfbritannien f\u00fcr Freunde des Theaters, der Musik und der K\u00fcnste - Urlaub &amp; Reisen","isPartOf":{"@id":"https:\/\/www.urlaubcornwall.de\/blog\/#website"},"datePublished":"2015-01-22T14:10:04+00:00","dateModified":"2024-05-27T11:25:03+00:00","breadcrumb":{"@id":"https:\/\/www.urlaubcornwall.de\/blog\/gruppenreisen-grossbritannien-fuer-freunde-des-theaters-der-musik-und-der-kuenste\/#breadcrumb"},"inLanguage":"en-US","potentialAction":[{"@type":"ReadAction","target":["https:\/\/www.urlaubcornwall.de\/blog\/gruppenreisen-grossbritannien-fuer-freunde-des-theaters-der-musik-und-der-kuenste\/"]}]},{"@type":"BreadcrumbList","@id":"https:\/\/www.urlaubcornwall.de\/blog\/gruppenreisen-grossbritannien-fuer-freunde-des-theaters-der-musik-und-der-kuenste\/#breadcrumb","itemListElement":[{"@type":"ListItem","position":1,"name":"Home","item":"https:\/\/www.urlaubcornwall.de\/blog\/"},{"@type":"ListItem","position":2,"name":"Gruppenreisen Gro\u00dfbritannien f\u00fcr Freunde des Theaters, der Musik und der K\u00fcnste"}]}]}},"_links":{"self":[{"href":"https:\/\/www.urlaubcornwall.de\/blog\/wp-json\/wp\/v2\/pages\/17696"}],"collection":[{"href":"https:\/\/www.urlaubcornwall.de\/blog\/wp-json\/wp\/v2\/pages"}],"about":[{"href":"https:\/\/www.urlaubcornwall.de\/blog\/wp-json\/wp\/v2\/types\/page"}],"author":[{"embeddable":true,"href":"https:\/\/www.urlaubcornwall.de\/blog\/wp-json\/wp\/v2\/users\/1"}],"replies":[{"embeddable":true,"href":"https:\/\/www.urlaubcornwall.de\/blog\/wp-json\/wp\/v2\/comments?post=17696"}],"version-history":[{"count":8,"href":"https:\/\/www.urlaubcornwall.de\/blog\/wp-json\/wp\/v2\/pages\/17696\/revisions"}],"predecessor-version":[{"id":50250,"href":"https:\/\/www.urlaubcornwall.de\/blog\/wp-json\/wp\/v2\/pages\/17696\/revisions\/50250"}],"wp:attachment":[{"href":"https:\/\/www.urlaubcornwall.de\/blog\/wp-json\/wp\/v2\/media?parent=17696"}],"curies":[{"name":"wp","href":"https:\/\/api.w.org\/{rel}","templated":true}]}}