{"id":17691,"date":"2015-01-20T17:11:13","date_gmt":"2015-01-20T17:11:13","guid":{"rendered":"https:\/\/www.urlaubcornwall.de\/blog\/?page_id=17691"},"modified":"2024-05-26T13:43:00","modified_gmt":"2024-05-26T13:43:00","slug":"bildungsreisen-grossbritannien-fuer-schulen-colleges-universitaeten-oder-jugendgruppen","status":"publish","type":"page","link":"https:\/\/www.urlaubcornwall.de\/blog\/bildungsreisen-grossbritannien-fuer-schulen-colleges-universitaeten-oder-jugendgruppen\/","title":{"rendered":"Bildungsreisen Gro\u00dfbritannien f\u00fcr Schulen, Colleges, Universit\u00e4ten oder Jugendgruppen."},"content":{"rendered":"<p><a href=\"https:\/\/www.urlaubcornwall.de\/blog\/wp-content\/uploads\/2024\/03\/oxford.jpg\"><img loading=\"lazy\" src=\"https:\/\/www.urlaubcornwall.de\/blog\/wp-content\/uploads\/2024\/03\/oxford.jpg\" alt=\"oxford-Bildungsreisen Gro\u00dfbritannien\" width=\"750\" height=\"431\" class=\"alignnone size-full wp-image-47819\" srcset=\"https:\/\/www.urlaubcornwall.de\/blog\/wp-content\/uploads\/2024\/03\/oxford.jpg 750w, https:\/\/www.urlaubcornwall.de\/blog\/wp-content\/uploads\/2024\/03\/oxford-300x172.jpg 300w\" sizes=\"(max-width: 750px) 100vw, 750px\" \/><\/a><\/p>\n<p><strong>Studienreisen und Klassenfahrten nach Gro\u00dfbritannien &amp; Irland<\/strong><\/p>\n<p>Falls Sie f\u00fcr Ihre Schule oder Gruppe einen Besuch im England, Wales und Schottland planen, dann wissen Sie, wie schwierig es sein kann, s\u00e4mtliche Elemente zusammenzubringen um sicherzustellen, dass Sie genau das bekommen, was Sie von Ihrer Reise oder Au\u00dfer-Haus-Lernerfahrung erwarten. Transportmittel, Unterk\u00fcnfte und entsprechende Aktivit\u00e4ten zu buchen, kann zu einer echten Herausforderung werden.<\/p>\n<p>Mit Sitz in Cornwall (S\u00fcdwestengland) und einem <a href=\"https:\/\/www.urlaubcornwall.de\/massgeschneiderte-gruppenreisen-und-touren.php\">Deutsch sprechenden Team von Spezialisten wei\u00df UrlaubCornwall<\/a> um die Vorz\u00fcge von Lernerfahrungen in fremder Umgebung au\u00dferhalb des Klassenzimmers und kann eine Reihe unterschiedlicher Gelegenheiten anbieten, die jungen Leuten die Chance erm\u00f6glichen, neue Orte zu erkunden und gleichzeitig Spa\u00df in einer aufregenden Umgebung zu haben.<\/p>\n<p>Das Vereinigte K\u00f6nigreich hat eine Vielzahl an Bildungserfahrungen f\u00fcr Schulen, Colleges, Universit\u00e4ten und Jugendgruppen im Angebot. UrlaubCornwall hilft schon seit 35 Jahren Schulen und Gruppen dabei, Reisen zu organisieren. Falls Sie daran denken, eine Bildungsreise nach Gro\u00dfbritannien f\u00fcr Ihre Gruppe zu organisieren, so hilft Ihnen UrlaubCornwall gerne dabei.<\/p>\n<p>UrlaubCornwall kann ma\u00dfgeschneiderte Bildungsreisen f\u00fcr Sch\u00fcler und Studenten jeden Alters zusammenstellen, und diese ma\u00dfgeschneiderten Sch\u00fclerreisen sind ganz speziell f\u00fcr Sie gestaltet. Ein freundliches und hilfsbereites Mitglied unseres Beratungsteams wird gemeinsam mit Ihnen arbeiten, um so sicherzustellen, dass Sie eine gro\u00dfartige ma\u00dfgeschneiderte Sch\u00fclerreise erleben werden. Dabei werden ihre Sch\u00fcler und Studenten eine inspirierende und Lehrerfahrung voller Spa\u00df genie\u00dfen, w\u00e4hrend sie das Vereinigte K\u00f6nigreich besuchen. Ein reicher Schatz an Erfahrung erm\u00f6glicht es uns, Sch\u00fclerreisen zu gestalten, und damit den Bed\u00fcrfnissen Ihrer Gruppe gerecht zu werden, der Gruppengr\u00f6\u00dfe oder den Zielen des Besuches, was immer diese sein m\u00f6gen.<\/p>\n<div class=\"snippet\"> <a class=\"featured-item\" href=\" https:\/\/www.urlaubcornwall.de\/massgeschneiderte-gruppenreisen-und-touren.php \"> <span class=\"image-holder\" style=\"background-image: url(' https:\/\/www.urlaubcornwall.de\/blog\/wp-content\/uploads\/2024\/05\/gruppenreisen.jpg ');\"><\/span> <span class=\"featured-content\"> \n<h2 class=\"featured-title\"> M\u00f6chten Sie eine private Busreise, Vereinreise, Seniorenreise, Klassenfahrt oder Gruppenfahrt organisieren?<\/h2>\n<p class=\"featured-body\">Wir k\u00f6nnen Ihnen behilflich sein, eine fantastische Gruppenreise zusammenzustellen, auf der Sie die sch\u00f6nsten Sehensw\u00fcrdigkeiten S\u00fcdenglands entdecken k\u00f6nnen. Auch interessante Themenreisen, wie z.B. eine Gartentour ,Literaturreise, oder Chorreise auf der Sie die ber\u00fchmten Schaupl\u00e4tze der Rosamunde Pilcher Verfilmungen besichtigen k\u00f6nnen, sind m\u00f6glich&#8230;.<\/p>\n<\/span> <span class=\"featured-link-holder\"> <span class=\"featured-extra-info\"> \n<p>Ma\u00dfgeschneiderte Gruppenreisen in Cornwall &#038; durch Gro\u00dfbritannien<\/p>\n<\/span> \n<p class=\"featured-link\">DETAILS<\/p>\n<\/span> <\/a><\/div>\n","protected":false},"excerpt":{"rendered":"<p>Studienreisen und Klassenfahrten nach Gro\u00dfbritannien &amp; Irland Falls Sie f\u00fcr Ihre Schule oder Gruppe einen Besuch im England, Wales und Schottland planen, dann wissen Sie, wie schwierig es sein kann, s\u00e4mtliche Elemente zusammenzubringen um sicherzustellen, dass Sie genau das bekommen, was Sie von Ihrer Reise oder Au\u00dfer-Haus-Lernerfahrung erwarten. Transportmittel, Unterk\u00fcnfte und entsprechende Aktivit\u00e4ten zu buchen, [&hellip;]<\/p>\n","protected":false},"author":1,"featured_media":0,"parent":0,"menu_order":0,"comment_status":"closed","ping_status":"closed","template":"single-four.php","meta":[],"acf":[],"yoast_head":"<!-- This site is optimized with the Yoast SEO plugin v19.4 - https:\/\/yoast.com\/wordpress\/plugins\/seo\/ -->\n<title>Bildungsreisen Gro\u00dfbritannien f\u00fcr Schulen, Colleges, Universit\u00e4ten oder Jugendgruppen. - Urlaub &amp; Reisen<\/title>\n<meta name=\"robots\" content=\"index, follow, max-snippet:-1, max-image-preview:large, max-video-preview:-1\" \/>\n<link rel=\"canonical\" href=\"https:\/\/www.urlaubcornwall.de\/blog\/bildungsreisen-grossbritannien-fuer-schulen-colleges-universitaeten-oder-jugendgruppen\/\" \/>\n<meta property=\"og:locale\" content=\"en_US\" \/>\n<meta property=\"og:type\" content=\"article\" \/>\n<meta property=\"og:title\" content=\"Bildungsreisen Gro\u00dfbritannien f\u00fcr Schulen, Colleges, Universit\u00e4ten oder Jugendgruppen. - Urlaub &amp; Reisen\" \/>\n<meta property=\"og:description\" content=\"Studienreisen und Klassenfahrten nach Gro\u00dfbritannien &amp; Irland Falls Sie f\u00fcr Ihre Schule oder Gruppe einen Besuch im England, Wales und Schottland planen, dann wissen Sie, wie schwierig es sein kann, s\u00e4mtliche Elemente zusammenzubringen um sicherzustellen, dass Sie genau das bekommen, was Sie von Ihrer Reise oder Au\u00dfer-Haus-Lernerfahrung erwarten. Transportmittel, Unterk\u00fcnfte und entsprechende Aktivit\u00e4ten zu buchen, [&hellip;]\" \/>\n<meta property=\"og:url\" content=\"https:\/\/www.urlaubcornwall.de\/blog\/bildungsreisen-grossbritannien-fuer-schulen-colleges-universitaeten-oder-jugendgruppen\/\" \/>\n<meta property=\"og:site_name\" content=\"Urlaub &amp; Reisen\" \/>\n<meta property=\"article:modified_time\" content=\"2024-05-26T13:43:00+00:00\" \/>\n<meta property=\"og:image\" content=\"https:\/\/www.urlaubcornwall.de\/blog\/wp-content\/uploads\/2024\/03\/oxford.jpg\" \/>\n<meta name=\"twitter:card\" content=\"summary\" \/>\n<meta name=\"twitter:label1\" content=\"Est. reading time\" \/>\n\t<meta name=\"twitter:data1\" content=\"2 minutes\" \/>\n<script type=\"application\/ld+json\" class=\"yoast-schema-graph\">{\"@context\":\"https:\/\/schema.org\",\"@graph\":[{\"@type\":\"WebSite\",\"@id\":\"https:\/\/www.urlaubcornwall.de\/blog\/#website\",\"url\":\"https:\/\/www.urlaubcornwall.de\/blog\/\",\"name\":\"Urlaub &amp; Reisen\",\"description\":\"Urlaub, Reisen, Cornwall und S\u00fcdengland: eine perfekte Kombination\",\"potentialAction\":[{\"@type\":\"SearchAction\",\"target\":{\"@type\":\"EntryPoint\",\"urlTemplate\":\"https:\/\/www.urlaubcornwall.de\/blog\/?s={search_term_string}\"},\"query-input\":\"required name=search_term_string\"}],\"inLanguage\":\"en-US\"},{\"@type\":\"WebPage\",\"@id\":\"https:\/\/www.urlaubcornwall.de\/blog\/bildungsreisen-grossbritannien-fuer-schulen-colleges-universitaeten-oder-jugendgruppen\/\",\"url\":\"https:\/\/www.urlaubcornwall.de\/blog\/bildungsreisen-grossbritannien-fuer-schulen-colleges-universitaeten-oder-jugendgruppen\/\",\"name\":\"Bildungsreisen Gro\u00dfbritannien f\u00fcr Schulen, Colleges, Universit\u00e4ten oder Jugendgruppen. - Urlaub &amp; Reisen\",\"isPartOf\":{\"@id\":\"https:\/\/www.urlaubcornwall.de\/blog\/#website\"},\"datePublished\":\"2015-01-20T17:11:13+00:00\",\"dateModified\":\"2024-05-26T13:43:00+00:00\",\"breadcrumb\":{\"@id\":\"https:\/\/www.urlaubcornwall.de\/blog\/bildungsreisen-grossbritannien-fuer-schulen-colleges-universitaeten-oder-jugendgruppen\/#breadcrumb\"},\"inLanguage\":\"en-US\",\"potentialAction\":[{\"@type\":\"ReadAction\",\"target\":[\"https:\/\/www.urlaubcornwall.de\/blog\/bildungsreisen-grossbritannien-fuer-schulen-colleges-universitaeten-oder-jugendgruppen\/\"]}]},{\"@type\":\"BreadcrumbList\",\"@id\":\"https:\/\/www.urlaubcornwall.de\/blog\/bildungsreisen-grossbritannien-fuer-schulen-colleges-universitaeten-oder-jugendgruppen\/#breadcrumb\",\"itemListElement\":[{\"@type\":\"ListItem\",\"position\":1,\"name\":\"Home\",\"item\":\"https:\/\/www.urlaubcornwall.de\/blog\/\"},{\"@type\":\"ListItem\",\"position\":2,\"name\":\"Bildungsreisen Gro\u00dfbritannien f\u00fcr Schulen, Colleges, Universit\u00e4ten oder Jugendgruppen.\"}]}]}<\/script>\n<!-- \/ Yoast SEO plugin. -->","yoast_head_json":{"title":"Bildungsreisen Gro\u00dfbritannien f\u00fcr Schulen, Colleges, Universit\u00e4ten oder Jugendgruppen. - Urlaub &amp; Reisen","robots":{"index":"index","follow":"follow","max-snippet":"max-snippet:-1","max-image-preview":"max-image-preview:large","max-video-preview":"max-video-preview:-1"},"canonical":"https:\/\/www.urlaubcornwall.de\/blog\/bildungsreisen-grossbritannien-fuer-schulen-colleges-universitaeten-oder-jugendgruppen\/","og_locale":"en_US","og_type":"article","og_title":"Bildungsreisen Gro\u00dfbritannien f\u00fcr Schulen, Colleges, Universit\u00e4ten oder Jugendgruppen. - Urlaub &amp; Reisen","og_description":"Studienreisen und Klassenfahrten nach Gro\u00dfbritannien &amp; Irland Falls Sie f\u00fcr Ihre Schule oder Gruppe einen Besuch im England, Wales und Schottland planen, dann wissen Sie, wie schwierig es sein kann, s\u00e4mtliche Elemente zusammenzubringen um sicherzustellen, dass Sie genau das bekommen, was Sie von Ihrer Reise oder Au\u00dfer-Haus-Lernerfahrung erwarten. Transportmittel, Unterk\u00fcnfte und entsprechende Aktivit\u00e4ten zu buchen, [&hellip;]","og_url":"https:\/\/www.urlaubcornwall.de\/blog\/bildungsreisen-grossbritannien-fuer-schulen-colleges-universitaeten-oder-jugendgruppen\/","og_site_name":"Urlaub &amp; Reisen","article_modified_time":"2024-05-26T13:43:00+00:00","og_image":[{"url":"https:\/\/www.urlaubcornwall.de\/blog\/wp-content\/uploads\/2024\/03\/oxford.jpg"}],"twitter_card":"summary","twitter_misc":{"Est. reading time":"2 minutes"},"schema":{"@context":"https:\/\/schema.org","@graph":[{"@type":"WebSite","@id":"https:\/\/www.urlaubcornwall.de\/blog\/#website","url":"https:\/\/www.urlaubcornwall.de\/blog\/","name":"Urlaub &amp; Reisen","description":"Urlaub, Reisen, Cornwall und S\u00fcdengland: eine perfekte Kombination","potentialAction":[{"@type":"SearchAction","target":{"@type":"EntryPoint","urlTemplate":"https:\/\/www.urlaubcornwall.de\/blog\/?s={search_term_string}"},"query-input":"required name=search_term_string"}],"inLanguage":"en-US"},{"@type":"WebPage","@id":"https:\/\/www.urlaubcornwall.de\/blog\/bildungsreisen-grossbritannien-fuer-schulen-colleges-universitaeten-oder-jugendgruppen\/","url":"https:\/\/www.urlaubcornwall.de\/blog\/bildungsreisen-grossbritannien-fuer-schulen-colleges-universitaeten-oder-jugendgruppen\/","name":"Bildungsreisen Gro\u00dfbritannien f\u00fcr Schulen, Colleges, Universit\u00e4ten oder Jugendgruppen. - Urlaub &amp; Reisen","isPartOf":{"@id":"https:\/\/www.urlaubcornwall.de\/blog\/#website"},"datePublished":"2015-01-20T17:11:13+00:00","dateModified":"2024-05-26T13:43:00+00:00","breadcrumb":{"@id":"https:\/\/www.urlaubcornwall.de\/blog\/bildungsreisen-grossbritannien-fuer-schulen-colleges-universitaeten-oder-jugendgruppen\/#breadcrumb"},"inLanguage":"en-US","potentialAction":[{"@type":"ReadAction","target":["https:\/\/www.urlaubcornwall.de\/blog\/bildungsreisen-grossbritannien-fuer-schulen-colleges-universitaeten-oder-jugendgruppen\/"]}]},{"@type":"BreadcrumbList","@id":"https:\/\/www.urlaubcornwall.de\/blog\/bildungsreisen-grossbritannien-fuer-schulen-colleges-universitaeten-oder-jugendgruppen\/#breadcrumb","itemListElement":[{"@type":"ListItem","position":1,"name":"Home","item":"https:\/\/www.urlaubcornwall.de\/blog\/"},{"@type":"ListItem","position":2,"name":"Bildungsreisen Gro\u00dfbritannien f\u00fcr Schulen, Colleges, Universit\u00e4ten oder Jugendgruppen."}]}]}},"_links":{"self":[{"href":"https:\/\/www.urlaubcornwall.de\/blog\/wp-json\/wp\/v2\/pages\/17691"}],"collection":[{"href":"https:\/\/www.urlaubcornwall.de\/blog\/wp-json\/wp\/v2\/pages"}],"about":[{"href":"https:\/\/www.urlaubcornwall.de\/blog\/wp-json\/wp\/v2\/types\/page"}],"author":[{"embeddable":true,"href":"https:\/\/www.urlaubcornwall.de\/blog\/wp-json\/wp\/v2\/users\/1"}],"replies":[{"embeddable":true,"href":"https:\/\/www.urlaubcornwall.de\/blog\/wp-json\/wp\/v2\/comments?post=17691"}],"version-history":[{"count":15,"href":"https:\/\/www.urlaubcornwall.de\/blog\/wp-json\/wp\/v2\/pages\/17691\/revisions"}],"predecessor-version":[{"id":50224,"href":"https:\/\/www.urlaubcornwall.de\/blog\/wp-json\/wp\/v2\/pages\/17691\/revisions\/50224"}],"wp:attachment":[{"href":"https:\/\/www.urlaubcornwall.de\/blog\/wp-json\/wp\/v2\/media?parent=17691"}],"curies":[{"name":"wp","href":"https:\/\/api.w.org\/{rel}","templated":true}]}}