{"id":17689,"date":"2015-01-20T10:35:05","date_gmt":"2015-01-20T10:35:05","guid":{"rendered":"https:\/\/www.urlaubcornwall.de\/blog\/?page_id=17689"},"modified":"2024-05-30T11:03:55","modified_gmt":"2024-05-30T11:03:55","slug":"gruppenreisen-in-grossbritannien-reisemoeglichkeiten-fuer-ihre-gruppe","status":"publish","type":"page","link":"https:\/\/www.urlaubcornwall.de\/blog\/gruppenreisen-in-grossbritannien-reisemoeglichkeiten-fuer-ihre-gruppe\/","title":{"rendered":"Reisen in Gro\u00dfbritannien: Reisem\u00f6glichkeiten f\u00fcr Ihre Gruppe"},"content":{"rendered":"<p><a href=\"https:\/\/www.urlaubcornwall.de\/blog\/wp-content\/uploads\/2024\/03\/marazion_und-st-michaels-mount-1.jpg\"><img loading=\"lazy\" src=\"https:\/\/www.urlaubcornwall.de\/blog\/wp-content\/uploads\/2024\/03\/marazion_und-st-michaels-mount-1.jpg\" alt=\"marazion_und st michaels mount\" width=\"750\" height=\"500\" class=\"alignnone size-full wp-image-47921\" srcset=\"https:\/\/www.urlaubcornwall.de\/blog\/wp-content\/uploads\/2024\/03\/marazion_und-st-michaels-mount-1.jpg 750w, https:\/\/www.urlaubcornwall.de\/blog\/wp-content\/uploads\/2024\/03\/marazion_und-st-michaels-mount-1-300x200.jpg 300w\" sizes=\"(max-width: 750px) 100vw, 750px\" \/><\/a><\/p>\n<p>Haben Sie spezifische Anspr\u00fcche f\u00fcr Ihre Gruppe, die nach Gro\u00dfbritannien reisen wird? Bei <a href=\"https:\/\/www.urlaubcornwall.de\/blog\/touren-nach-cornwall-und-grossbritannien-gruppenreiseanbieter-sucht-kooperationspartner\/\"><span style=\"text-decoration: underline;\"><strong>UrlaubCornwall<\/strong><\/span><\/a> ist jede erdenkliche logistische Permutation m\u00f6glich. Wir sind Experten darin, ma\u00dfgeschneiderte Reisepl\u00e4ne f\u00fcr kleine oder gro\u00dfe Gruppen, die Gro\u00dfbritannien besuchen, zusammenzustellen. Und das tun wir schon seit \u00fcber 30 Jahren.<\/p>\n<p>Wir brauchen lediglich ein paar Grundinformationen, wie zum Beispiel die Gruppengr\u00f6\u00dfe, den gew\u00fcnschten Standard einer Unterkunft, Anreise- und Abreisedatum sowie den Zweck der Reise. \u00dcberlassen Sie dann den Rest uns! Unsere Arbeit besteht darin, die Logistik zu gestalten und eine fantastische und unvergessliche Reise f\u00fcr Ihre ganz besondere Gruppe zu kreieren.<\/p>\n<p>Vielleicht m\u00f6chte Ihre Gruppe ja zum Beispiel im eigenen Bus ankommen. Kein Problem, wir k\u00f6nnen f\u00fcr all die anderen Arrangements sorgen, sobald Sie hier sind. Oder vielleicht w\u00fcrde Ihre Gruppe lieber fliegen. In diesem Falle k\u00f6nnen wir den Transport organisieren, wenn Sie am Flughafen ankommen. M\u00f6chte Ihre Gruppe einen Deutsch sprechenden Reiseleiter, so k\u00f6nnen wir auch das f\u00fcr Sie arrangieren. Keine Nachfrage ist zu viel oder zu wenig \u2013 unser Job besteht darin, Ihren Besuch im Vereinigten K\u00f6nigreich unvergesslich sein zu lassen.<\/p>\n<div class=\"snippet\"> <a class=\"featured-item\" href=\" https:\/\/www.urlaubcornwall.de\/massgeschneiderte-gruppenreisen-und-touren.php \"> <span class=\"image-holder\" style=\"background-image: url(' https:\/\/www.urlaubcornwall.de\/blog\/wp-content\/uploads\/2024\/05\/gruppenreisen.jpg ');\"><\/span> <span class=\"featured-content\"> \n<h2 class=\"featured-title\"> Ma\u00dfgeschneiderte Gruppenreisen in Gro\u00dfbritannien<\/h2>\n<p class=\"featured-body\">Wir k\u00f6nnen Ihnen behilflich sein, eine fantastische Gruppenreise zusammenzustellen, auf der Sie die sch\u00f6nsten Sehensw\u00fcrdigkeiten Englands entdecken k\u00f6nnen. Auch interessante Themenreisen, wie z.B. eine Gartentour ,Literaturreise, oder Chorreise &#8230;.<\/p>\n<\/span> <span class=\"featured-link-holder\"> <span class=\"featured-extra-info\"> \n<p>M\u00f6chten Sie eine private Busreise, Vereinreise, Seniorenreise, Klassenfahrt oder Gruppenfahrt organisieren?<\/p>\n<\/span> \n<p class=\"featured-link\">DETAILS<\/p>\n<\/span> <\/a><\/div>\n<p style=\"text-align: center;\"><a class=\"tidycta\" href=\"http:\/\/www.urlaubcornwall.de\/gruppenanfrage.php\">Gruppenreisen Anfrage<\/a><\/p>\n<p style=\"text-align: center;\"><strong>Wir garantieren Ihnen eine Antwort innerhalb von 24 Stunden.<\/strong><\/p>\n\n","protected":false},"excerpt":{"rendered":"<p>Haben Sie spezifische Anspr\u00fcche f\u00fcr Ihre Gruppe, die nach Gro\u00dfbritannien reisen wird? Bei UrlaubCornwall ist jede erdenkliche logistische Permutation m\u00f6glich. Wir sind Experten darin, ma\u00dfgeschneiderte Reisepl\u00e4ne f\u00fcr kleine oder gro\u00dfe Gruppen, die Gro\u00dfbritannien besuchen, zusammenzustellen. Und das tun wir schon seit \u00fcber 30 Jahren. Wir brauchen lediglich ein paar Grundinformationen, wie zum Beispiel die Gruppengr\u00f6\u00dfe, [&hellip;]<\/p>\n","protected":false},"author":1,"featured_media":0,"parent":0,"menu_order":0,"comment_status":"closed","ping_status":"closed","template":"single-four.php","meta":[],"acf":[],"yoast_head":"<!-- This site is optimized with the Yoast SEO plugin v19.4 - https:\/\/yoast.com\/wordpress\/plugins\/seo\/ -->\n<title>Reisen in Gro\u00dfbritannien: Reisem\u00f6glichkeiten f\u00fcr Ihre Gruppe - Urlaub &amp; Reisen<\/title>\n<meta name=\"robots\" content=\"index, follow, max-snippet:-1, max-image-preview:large, max-video-preview:-1\" \/>\n<link rel=\"canonical\" href=\"https:\/\/www.urlaubcornwall.de\/blog\/gruppenreisen-in-grossbritannien-reisemoeglichkeiten-fuer-ihre-gruppe\/\" \/>\n<meta property=\"og:locale\" content=\"en_US\" \/>\n<meta property=\"og:type\" content=\"article\" \/>\n<meta property=\"og:title\" content=\"Reisen in Gro\u00dfbritannien: Reisem\u00f6glichkeiten f\u00fcr Ihre Gruppe - Urlaub &amp; Reisen\" \/>\n<meta property=\"og:description\" content=\"Haben Sie spezifische Anspr\u00fcche f\u00fcr Ihre Gruppe, die nach Gro\u00dfbritannien reisen wird? Bei UrlaubCornwall ist jede erdenkliche logistische Permutation m\u00f6glich. Wir sind Experten darin, ma\u00dfgeschneiderte Reisepl\u00e4ne f\u00fcr kleine oder gro\u00dfe Gruppen, die Gro\u00dfbritannien besuchen, zusammenzustellen. Und das tun wir schon seit \u00fcber 30 Jahren. Wir brauchen lediglich ein paar Grundinformationen, wie zum Beispiel die Gruppengr\u00f6\u00dfe, [&hellip;]\" \/>\n<meta property=\"og:url\" content=\"https:\/\/www.urlaubcornwall.de\/blog\/gruppenreisen-in-grossbritannien-reisemoeglichkeiten-fuer-ihre-gruppe\/\" \/>\n<meta property=\"og:site_name\" content=\"Urlaub &amp; Reisen\" \/>\n<meta property=\"article:modified_time\" content=\"2024-05-30T11:03:55+00:00\" \/>\n<meta property=\"og:image\" content=\"https:\/\/www.urlaubcornwall.de\/blog\/wp-content\/uploads\/2024\/03\/marazion_und-st-michaels-mount-1.jpg\" \/>\n<meta name=\"twitter:card\" content=\"summary\" \/>\n<meta name=\"twitter:label1\" content=\"Est. reading time\" \/>\n\t<meta name=\"twitter:data1\" content=\"2 minutes\" \/>\n<script type=\"application\/ld+json\" class=\"yoast-schema-graph\">{\"@context\":\"https:\/\/schema.org\",\"@graph\":[{\"@type\":\"WebSite\",\"@id\":\"https:\/\/www.urlaubcornwall.de\/blog\/#website\",\"url\":\"https:\/\/www.urlaubcornwall.de\/blog\/\",\"name\":\"Urlaub &amp; Reisen\",\"description\":\"Urlaub, Reisen, Cornwall und S\u00fcdengland: eine perfekte Kombination\",\"potentialAction\":[{\"@type\":\"SearchAction\",\"target\":{\"@type\":\"EntryPoint\",\"urlTemplate\":\"https:\/\/www.urlaubcornwall.de\/blog\/?s={search_term_string}\"},\"query-input\":\"required name=search_term_string\"}],\"inLanguage\":\"en-US\"},{\"@type\":\"WebPage\",\"@id\":\"https:\/\/www.urlaubcornwall.de\/blog\/gruppenreisen-in-grossbritannien-reisemoeglichkeiten-fuer-ihre-gruppe\/\",\"url\":\"https:\/\/www.urlaubcornwall.de\/blog\/gruppenreisen-in-grossbritannien-reisemoeglichkeiten-fuer-ihre-gruppe\/\",\"name\":\"Reisen in Gro\u00dfbritannien: Reisem\u00f6glichkeiten f\u00fcr Ihre Gruppe - Urlaub &amp; Reisen\",\"isPartOf\":{\"@id\":\"https:\/\/www.urlaubcornwall.de\/blog\/#website\"},\"datePublished\":\"2015-01-20T10:35:05+00:00\",\"dateModified\":\"2024-05-30T11:03:55+00:00\",\"breadcrumb\":{\"@id\":\"https:\/\/www.urlaubcornwall.de\/blog\/gruppenreisen-in-grossbritannien-reisemoeglichkeiten-fuer-ihre-gruppe\/#breadcrumb\"},\"inLanguage\":\"en-US\",\"potentialAction\":[{\"@type\":\"ReadAction\",\"target\":[\"https:\/\/www.urlaubcornwall.de\/blog\/gruppenreisen-in-grossbritannien-reisemoeglichkeiten-fuer-ihre-gruppe\/\"]}]},{\"@type\":\"BreadcrumbList\",\"@id\":\"https:\/\/www.urlaubcornwall.de\/blog\/gruppenreisen-in-grossbritannien-reisemoeglichkeiten-fuer-ihre-gruppe\/#breadcrumb\",\"itemListElement\":[{\"@type\":\"ListItem\",\"position\":1,\"name\":\"Home\",\"item\":\"https:\/\/www.urlaubcornwall.de\/blog\/\"},{\"@type\":\"ListItem\",\"position\":2,\"name\":\"Reisen in Gro\u00dfbritannien: Reisem\u00f6glichkeiten f\u00fcr Ihre Gruppe\"}]}]}<\/script>\n<!-- \/ Yoast SEO plugin. -->","yoast_head_json":{"title":"Reisen in Gro\u00dfbritannien: Reisem\u00f6glichkeiten f\u00fcr Ihre Gruppe - Urlaub &amp; Reisen","robots":{"index":"index","follow":"follow","max-snippet":"max-snippet:-1","max-image-preview":"max-image-preview:large","max-video-preview":"max-video-preview:-1"},"canonical":"https:\/\/www.urlaubcornwall.de\/blog\/gruppenreisen-in-grossbritannien-reisemoeglichkeiten-fuer-ihre-gruppe\/","og_locale":"en_US","og_type":"article","og_title":"Reisen in Gro\u00dfbritannien: Reisem\u00f6glichkeiten f\u00fcr Ihre Gruppe - Urlaub &amp; Reisen","og_description":"Haben Sie spezifische Anspr\u00fcche f\u00fcr Ihre Gruppe, die nach Gro\u00dfbritannien reisen wird? Bei UrlaubCornwall ist jede erdenkliche logistische Permutation m\u00f6glich. Wir sind Experten darin, ma\u00dfgeschneiderte Reisepl\u00e4ne f\u00fcr kleine oder gro\u00dfe Gruppen, die Gro\u00dfbritannien besuchen, zusammenzustellen. Und das tun wir schon seit \u00fcber 30 Jahren. Wir brauchen lediglich ein paar Grundinformationen, wie zum Beispiel die Gruppengr\u00f6\u00dfe, [&hellip;]","og_url":"https:\/\/www.urlaubcornwall.de\/blog\/gruppenreisen-in-grossbritannien-reisemoeglichkeiten-fuer-ihre-gruppe\/","og_site_name":"Urlaub &amp; Reisen","article_modified_time":"2024-05-30T11:03:55+00:00","og_image":[{"url":"https:\/\/www.urlaubcornwall.de\/blog\/wp-content\/uploads\/2024\/03\/marazion_und-st-michaels-mount-1.jpg"}],"twitter_card":"summary","twitter_misc":{"Est. reading time":"2 minutes"},"schema":{"@context":"https:\/\/schema.org","@graph":[{"@type":"WebSite","@id":"https:\/\/www.urlaubcornwall.de\/blog\/#website","url":"https:\/\/www.urlaubcornwall.de\/blog\/","name":"Urlaub &amp; Reisen","description":"Urlaub, Reisen, Cornwall und S\u00fcdengland: eine perfekte Kombination","potentialAction":[{"@type":"SearchAction","target":{"@type":"EntryPoint","urlTemplate":"https:\/\/www.urlaubcornwall.de\/blog\/?s={search_term_string}"},"query-input":"required name=search_term_string"}],"inLanguage":"en-US"},{"@type":"WebPage","@id":"https:\/\/www.urlaubcornwall.de\/blog\/gruppenreisen-in-grossbritannien-reisemoeglichkeiten-fuer-ihre-gruppe\/","url":"https:\/\/www.urlaubcornwall.de\/blog\/gruppenreisen-in-grossbritannien-reisemoeglichkeiten-fuer-ihre-gruppe\/","name":"Reisen in Gro\u00dfbritannien: Reisem\u00f6glichkeiten f\u00fcr Ihre Gruppe - Urlaub &amp; Reisen","isPartOf":{"@id":"https:\/\/www.urlaubcornwall.de\/blog\/#website"},"datePublished":"2015-01-20T10:35:05+00:00","dateModified":"2024-05-30T11:03:55+00:00","breadcrumb":{"@id":"https:\/\/www.urlaubcornwall.de\/blog\/gruppenreisen-in-grossbritannien-reisemoeglichkeiten-fuer-ihre-gruppe\/#breadcrumb"},"inLanguage":"en-US","potentialAction":[{"@type":"ReadAction","target":["https:\/\/www.urlaubcornwall.de\/blog\/gruppenreisen-in-grossbritannien-reisemoeglichkeiten-fuer-ihre-gruppe\/"]}]},{"@type":"BreadcrumbList","@id":"https:\/\/www.urlaubcornwall.de\/blog\/gruppenreisen-in-grossbritannien-reisemoeglichkeiten-fuer-ihre-gruppe\/#breadcrumb","itemListElement":[{"@type":"ListItem","position":1,"name":"Home","item":"https:\/\/www.urlaubcornwall.de\/blog\/"},{"@type":"ListItem","position":2,"name":"Reisen in Gro\u00dfbritannien: Reisem\u00f6glichkeiten f\u00fcr Ihre Gruppe"}]}]}},"_links":{"self":[{"href":"https:\/\/www.urlaubcornwall.de\/blog\/wp-json\/wp\/v2\/pages\/17689"}],"collection":[{"href":"https:\/\/www.urlaubcornwall.de\/blog\/wp-json\/wp\/v2\/pages"}],"about":[{"href":"https:\/\/www.urlaubcornwall.de\/blog\/wp-json\/wp\/v2\/types\/page"}],"author":[{"embeddable":true,"href":"https:\/\/www.urlaubcornwall.de\/blog\/wp-json\/wp\/v2\/users\/1"}],"replies":[{"embeddable":true,"href":"https:\/\/www.urlaubcornwall.de\/blog\/wp-json\/wp\/v2\/comments?post=17689"}],"version-history":[{"count":5,"href":"https:\/\/www.urlaubcornwall.de\/blog\/wp-json\/wp\/v2\/pages\/17689\/revisions"}],"predecessor-version":[{"id":50947,"href":"https:\/\/www.urlaubcornwall.de\/blog\/wp-json\/wp\/v2\/pages\/17689\/revisions\/50947"}],"wp:attachment":[{"href":"https:\/\/www.urlaubcornwall.de\/blog\/wp-json\/wp\/v2\/media?parent=17689"}],"curies":[{"name":"wp","href":"https:\/\/api.w.org\/{rel}","templated":true}]}}