{"id":17674,"date":"2015-01-20T10:26:49","date_gmt":"2015-01-20T10:26:49","guid":{"rendered":"https:\/\/www.urlaubcornwall.de\/blog\/?page_id=17674"},"modified":"2024-05-27T11:30:29","modified_gmt":"2024-05-27T11:30:29","slug":"spezielle-interessen-gruppenreisen-in-england-schottland-und-wales","status":"publish","type":"page","link":"https:\/\/www.urlaubcornwall.de\/blog\/spezielle-interessen-gruppenreisen-in-england-schottland-und-wales\/","title":{"rendered":"Spezielle Interessen &#8211; Gruppenreisen in England, Schottland und Wales"},"content":{"rendered":"<p><a href=\"https:\/\/www.urlaubcornwall.de\/blog\/wp-content\/uploads\/2015\/01\/Bath.jpg\"><img loading=\"lazy\" class=\"aligncenter size-full wp-image-17681\" src=\"https:\/\/www.urlaubcornwall.de\/blog\/wp-content\/uploads\/2015\/01\/Bath.jpg\" alt=\"gruppenreisen bath england\" width=\"744\" height=\"353\" srcset=\"https:\/\/www.urlaubcornwall.de\/blog\/wp-content\/uploads\/2015\/01\/Bath.jpg 744w, https:\/\/www.urlaubcornwall.de\/blog\/wp-content\/uploads\/2015\/01\/Bath-300x142.jpg 300w\" sizes=\"(max-width: 744px) 100vw, 744px\" \/><\/a><\/p>\n<p>Unsere Spezialit\u00e4t bei UrlaubCornwall ist die Kreation ma\u00dfgeschneiderter <a href=\"http:\/\/www.urlaubcornwall.de\/massgeschneiderte-gruppenreisen-und-touren.php\">Reisepl\u00e4ne f\u00fcr kleine und gro\u00dfe Gruppen<\/a>, die Gro\u00dfbritannien besuchen. Und das tun wir schon seit \u00fcber 30 Jahren. Ganz egal, wie sonderbar auch das Interesse Ihrer ganz besonderen Gruppe ist, wir k\u00f6nnen eine Reise zusammenstellen, die das spezielle Interesse Ihrer Gruppe befriedigt. Das k\u00f6nnen wir am besten \u2013 je ungew\u00f6hnlicher, desto besser. Vielleicht interessiert sich ja Ihre Gruppe f\u00fcr Traktoren. Kein Problem, wir k\u00f6nnen eine Reise zusammenstellen, die sich um dieses Thema dreht, sogar Treffen arrangieren mit Traktorbegeisterten des Vereinigten K\u00f6nigreichs. Wir haben selbst Reisen organisiert f\u00fcr Gruppen, die sich f\u00fcr Puppenh\u00e4user interessierten!<\/p>\n<p>Vielleicht hat Ihre Gruppe ja auch ein gemeinsames, berufliches Interesse. So k\u00f6nnen wir dann einen Plan zusammenstellen, der Exkursionen an Orte und zu Ereignissen mit einschlie\u00dft, die von Interesse w\u00e4ren. Weitere, eher Reisen allgemeinen Interesses, die wir f\u00fcr Sie organisieren k\u00f6nnten, beinhalten Arch\u00e4ologie, Kochen &amp; Lebensmittel, Tanzen, Angeln, Fitness, Holistisches &amp; Wohlbefinden, Malen, Photographie, Yoga und Weinproben.<\/p>\n<div class=\"snippet\"> <a class=\"featured-item\" href=\" https:\/\/www.urlaubcornwall.de\/massgeschneiderte-gruppenreisen-und-touren.php \"> <span class=\"image-holder\" style=\"background-image: url(' https:\/\/www.urlaubcornwall.de\/blog\/wp-content\/uploads\/2024\/05\/gruppenreisen.jpg ');\"><\/span> <span class=\"featured-content\"> \n<h2 class=\"featured-title\"> M\u00f6chten Sie eine private Busreise, Vereinreise, Seniorenreise, Klassenfahrt oder Gruppenfahrt organisieren?<\/h2>\n<p class=\"featured-body\">Wir k\u00f6nnen Ihnen behilflich sein, eine fantastische Gruppenreise zusammenzustellen, auf der Sie die sch\u00f6nsten Sehensw\u00fcrdigkeiten S\u00fcdenglands entdecken k\u00f6nnen. Auch interessante Themenreisen, wie z.B. eine Gartentour ,Literaturreise, oder Chorreise auf der Sie die ber\u00fchmten Schaupl\u00e4tze der Rosamunde Pilcher Verfilmungen besichtigen k\u00f6nnen, sind m\u00f6glich&#8230;.<\/p>\n<\/span> <span class=\"featured-link-holder\"> <span class=\"featured-extra-info\"> \n<p>Ma\u00dfgeschneiderte Gruppenreisen in Cornwall &#038; durch Gro\u00dfbritannien<\/p>\n<\/span> \n<p class=\"featured-link\">MEHR DETAILS<\/p>\n<\/span> <\/a><\/div>\n<p style=\"text-align: center;\"><a class=\"tidycta\" href=\"http:\/\/www.urlaubcornwall.de\/gruppenanfrage.php\">Gruppenreisen Anfrage<\/a><\/p>\n<p style=\"text-align: center;\">Wir garantieren Ihnen eine Antwort innerhalb von 24 Stunden.<\/p>\n<p>Was auch immer Ihr besonderes Interesse sein mag, wir k\u00f6nnen Ihrer ganz besondere Gruppe eine unvergessliche Erfahrung erm\u00f6glichen.<\/p>\n<p><strong>Beispielreisen&#8230;&#8230;Gruppenreisen nach England f\u00fcr Oldtimerfans<\/strong><\/p>\n<h3>&nbsp;<\/h3>\n<table>\n<tbody>\n<tr>\n<td>\n<p style=\"text-align: center;\"><img loading=\"lazy\" class=\"size-full wp-image-7096 aligncenter\" style=\"border: 0pt none; padding: 0px;\" src=\"https:\/\/www.urlaubcornwall.de\/blog\/wp-content\/uploads\/2015\/01\/Classic-Car-Festival-0191.jpg\" alt=\"oldtimer gruppe\" width=\"148\" height=\"118\"\/><\/p>\n<\/td>\n<td>Der Classic Car Markt ist nun bekannterweise der weltweit anspruchsvollste, und eine der Hauptst\u00e4rken liegt auf den UK Oldtimern. Briten haben schon immer ihre Autos geliebt, und heutzutage gibt es einen vollen Kalender klassischer Rennen&#8230;.\n<h3>&nbsp;<\/h3>\n<p><strong><span class=\"minvk\">&nbsp;<a href=\"https:\/\/www.urlaubcornwall.de\/blog\/gruppenreisen-nach-england-fuer-oldtimerfans\/\"><span style=\"text-decoration: underline;\">Mehr<\/span> &gt;&gt;<\/a><br \/>\n<\/span><\/strong><\/p><\/td>\n<\/tr>\n<\/tbody>\n<\/table>\n<h3>&nbsp;<\/h3>\n<p><strong>Reisen nach London: Gruppenreisen f\u00fcr Vereine<\/strong><\/p>\n<h3>&nbsp;<\/h3>\n<table>\n<tbody>\n<tr>\n<td><img loading=\"lazy\" class=\"aligncenter size-full wp-image-6899\" style=\"border: 0pt none; padding: 0px;\" src=\"https:\/\/www.urlaubcornwall.de\/blog\/wp-content\/uploads\/2015\/01\/gruppenreisen-london.jpg\" alt=\"luxus gruppenreisen london\" width=\"148\" height=\"118\"\/><\/td>\n<td>Auf eine gewisse Art ist London ein eigenes Land, unabh\u00e4ngig vom Gro\u00dfbritannien. Eine lebhafte Metropole von \u00fcber 13 Millionen Menschen macht London zur einzigen wahren Metropole Europase&#8230;\n<h3>&nbsp;<\/h3>\n<p><strong><span class=\"minvk\"><a href=\"https:\/\/www.urlaubcornwall.de\/blog\/reisen-nach-london-gruppenreisen-und-gruppenurlaub\/\"><span style=\"text-decoration: underline;\">Mehr<\/span> &gt;&gt;<\/a><br \/>\n<\/span><\/strong><\/p><\/td>\n<\/tr>\n<\/tbody>\n<\/table>\n<h3>&nbsp;<\/h3>\n<p><strong>Chorbesuche nach Gro\u00dfbritannien<\/strong><\/p>\n<h3>&nbsp;<\/h3>\n<table>\n<tbody>\n<tr>\n<td><img loading=\"lazy\" class=\"aligncenter size-full wp-image-7249\" style=\"border: 0pt none; padding: 0px;\" src=\"https:\/\/www.urlaubcornwall.de\/blog\/wp-content\/uploads\/2015\/01\/truro-cathederal.jpg\" alt=\"Chorbesuche nach Gro\u00dfbritannien \" width=\"148\" height=\"118\"\/><\/td>\n<td>Von allen Arten von Gruppenreisen, die w\u00e4hrend eines Besuchs in Gro\u00dfbritannien m\u00f6glich sind, so sind es wom\u00f6glich die des Chors, welche zu den sch\u00f6nsten und lohnenswertesten z\u00e4hlt&#8230;\n<h3>&nbsp;<\/h3>\n<p><strong><span class=\"minvk\"><a href=\"https:\/\/www.urlaubcornwall.de\/blog\/chorbesuche-nach-grossbritannien\/\"><span style=\"text-decoration: underline;\">Mehr<\/span> &gt;&gt;<\/a><br \/>\n<\/span><\/strong><\/p><\/td>\n<\/tr>\n<\/tbody>\n<\/table>\n<h3>&nbsp;<\/h3>\n<p><strong>Gruppenreisen durch Gro\u00dfbritannien f\u00fcr Eisenbahnfreunde<\/strong><\/p>\n<h3>&nbsp;<\/h3>\n<table>\n<tbody>\n<tr>\n<td><img loading=\"lazy\" class=\"aligncenter size-full wp-image-6603\" style=\"border: 0pt none; padding: 0px;\" src=\"https:\/\/www.urlaubcornwall.de\/blog\/wp-content\/uploads\/2014\/12\/Severn-Valley-Railway-2.jpg\" alt=\"Dampflokomotiven England\" width=\"148\" height=\"118\"\/><\/td>\n<td>Da Gro\u00dfbritannien die Geburtsst\u00e4tte der Eisenbahn ist, gibt es eine Reihe an nahezu 200 historischer Bahnstrecken, die im ganzen Land verstreut liegen, und die es Eisenbahnfreunden erm\u00f6glichen&#8230;\n<h3>&nbsp;<\/h3>\n<p><strong><span class=\"minvk\"><a href=\"https:\/\/www.urlaubcornwall.de\/blog\/gruppenreisen-durch-grossbritannien-fuer-eisenbahnfreunde-england-wales-und-schottland\/\"><span style=\"text-decoration: underline;\">Mehr<\/span> &gt;&gt;<\/a><br \/>\n<\/span><\/strong><\/p><\/td>\n<\/tr>\n<\/tbody>\n<\/table>\n","protected":false},"excerpt":{"rendered":"<p>Unsere Spezialit\u00e4t bei UrlaubCornwall ist die Kreation ma\u00dfgeschneiderter Reisepl\u00e4ne f\u00fcr kleine und gro\u00dfe Gruppen, die Gro\u00dfbritannien besuchen. Und das tun wir schon seit \u00fcber 30 Jahren. Ganz egal, wie sonderbar auch das Interesse Ihrer ganz besonderen Gruppe ist, wir k\u00f6nnen eine Reise zusammenstellen, die das spezielle Interesse Ihrer Gruppe befriedigt. Das k\u00f6nnen wir am besten [&hellip;]<\/p>\n","protected":false},"author":1,"featured_media":0,"parent":0,"menu_order":0,"comment_status":"closed","ping_status":"closed","template":"single-four.php","meta":[],"acf":[],"yoast_head":"<!-- This site is optimized with the Yoast SEO plugin v19.4 - https:\/\/yoast.com\/wordpress\/plugins\/seo\/ -->\n<title>Spezielle Interessen - Gruppenreisen in England, Schottland und Wales - Urlaub &amp; Reisen<\/title>\n<meta name=\"robots\" content=\"index, follow, max-snippet:-1, max-image-preview:large, max-video-preview:-1\" \/>\n<link rel=\"canonical\" href=\"https:\/\/www.urlaubcornwall.de\/blog\/spezielle-interessen-gruppenreisen-in-england-schottland-und-wales\/\" \/>\n<meta property=\"og:locale\" content=\"en_US\" \/>\n<meta property=\"og:type\" content=\"article\" \/>\n<meta property=\"og:title\" content=\"Spezielle Interessen - Gruppenreisen in England, Schottland und Wales - Urlaub &amp; Reisen\" \/>\n<meta property=\"og:description\" content=\"Unsere Spezialit\u00e4t bei UrlaubCornwall ist die Kreation ma\u00dfgeschneiderter Reisepl\u00e4ne f\u00fcr kleine und gro\u00dfe Gruppen, die Gro\u00dfbritannien besuchen. Und das tun wir schon seit \u00fcber 30 Jahren. Ganz egal, wie sonderbar auch das Interesse Ihrer ganz besonderen Gruppe ist, wir k\u00f6nnen eine Reise zusammenstellen, die das spezielle Interesse Ihrer Gruppe befriedigt. Das k\u00f6nnen wir am besten [&hellip;]\" \/>\n<meta property=\"og:url\" content=\"https:\/\/www.urlaubcornwall.de\/blog\/spezielle-interessen-gruppenreisen-in-england-schottland-und-wales\/\" \/>\n<meta property=\"og:site_name\" content=\"Urlaub &amp; Reisen\" \/>\n<meta property=\"article:modified_time\" content=\"2024-05-27T11:30:29+00:00\" \/>\n<meta property=\"og:image\" content=\"https:\/\/www.urlaubcornwall.de\/blog\/wp-content\/uploads\/2015\/01\/Bath.jpg\" \/>\n<meta name=\"twitter:card\" content=\"summary\" \/>\n<meta name=\"twitter:label1\" content=\"Est. reading time\" \/>\n\t<meta name=\"twitter:data1\" content=\"3 minutes\" \/>\n<script type=\"application\/ld+json\" class=\"yoast-schema-graph\">{\"@context\":\"https:\/\/schema.org\",\"@graph\":[{\"@type\":\"WebSite\",\"@id\":\"https:\/\/www.urlaubcornwall.de\/blog\/#website\",\"url\":\"https:\/\/www.urlaubcornwall.de\/blog\/\",\"name\":\"Urlaub &amp; Reisen\",\"description\":\"Urlaub, Reisen, Cornwall und S\u00fcdengland: eine perfekte Kombination\",\"potentialAction\":[{\"@type\":\"SearchAction\",\"target\":{\"@type\":\"EntryPoint\",\"urlTemplate\":\"https:\/\/www.urlaubcornwall.de\/blog\/?s={search_term_string}\"},\"query-input\":\"required name=search_term_string\"}],\"inLanguage\":\"en-US\"},{\"@type\":\"WebPage\",\"@id\":\"https:\/\/www.urlaubcornwall.de\/blog\/spezielle-interessen-gruppenreisen-in-england-schottland-und-wales\/\",\"url\":\"https:\/\/www.urlaubcornwall.de\/blog\/spezielle-interessen-gruppenreisen-in-england-schottland-und-wales\/\",\"name\":\"Spezielle Interessen - Gruppenreisen in England, Schottland und Wales - Urlaub &amp; Reisen\",\"isPartOf\":{\"@id\":\"https:\/\/www.urlaubcornwall.de\/blog\/#website\"},\"datePublished\":\"2015-01-20T10:26:49+00:00\",\"dateModified\":\"2024-05-27T11:30:29+00:00\",\"breadcrumb\":{\"@id\":\"https:\/\/www.urlaubcornwall.de\/blog\/spezielle-interessen-gruppenreisen-in-england-schottland-und-wales\/#breadcrumb\"},\"inLanguage\":\"en-US\",\"potentialAction\":[{\"@type\":\"ReadAction\",\"target\":[\"https:\/\/www.urlaubcornwall.de\/blog\/spezielle-interessen-gruppenreisen-in-england-schottland-und-wales\/\"]}]},{\"@type\":\"BreadcrumbList\",\"@id\":\"https:\/\/www.urlaubcornwall.de\/blog\/spezielle-interessen-gruppenreisen-in-england-schottland-und-wales\/#breadcrumb\",\"itemListElement\":[{\"@type\":\"ListItem\",\"position\":1,\"name\":\"Home\",\"item\":\"https:\/\/www.urlaubcornwall.de\/blog\/\"},{\"@type\":\"ListItem\",\"position\":2,\"name\":\"Spezielle Interessen &#8211; Gruppenreisen in England, Schottland und Wales\"}]}]}<\/script>\n<!-- \/ Yoast SEO plugin. -->","yoast_head_json":{"title":"Spezielle Interessen - Gruppenreisen in England, Schottland und Wales - Urlaub &amp; Reisen","robots":{"index":"index","follow":"follow","max-snippet":"max-snippet:-1","max-image-preview":"max-image-preview:large","max-video-preview":"max-video-preview:-1"},"canonical":"https:\/\/www.urlaubcornwall.de\/blog\/spezielle-interessen-gruppenreisen-in-england-schottland-und-wales\/","og_locale":"en_US","og_type":"article","og_title":"Spezielle Interessen - Gruppenreisen in England, Schottland und Wales - Urlaub &amp; Reisen","og_description":"Unsere Spezialit\u00e4t bei UrlaubCornwall ist die Kreation ma\u00dfgeschneiderter Reisepl\u00e4ne f\u00fcr kleine und gro\u00dfe Gruppen, die Gro\u00dfbritannien besuchen. Und das tun wir schon seit \u00fcber 30 Jahren. Ganz egal, wie sonderbar auch das Interesse Ihrer ganz besonderen Gruppe ist, wir k\u00f6nnen eine Reise zusammenstellen, die das spezielle Interesse Ihrer Gruppe befriedigt. Das k\u00f6nnen wir am besten [&hellip;]","og_url":"https:\/\/www.urlaubcornwall.de\/blog\/spezielle-interessen-gruppenreisen-in-england-schottland-und-wales\/","og_site_name":"Urlaub &amp; Reisen","article_modified_time":"2024-05-27T11:30:29+00:00","og_image":[{"url":"https:\/\/www.urlaubcornwall.de\/blog\/wp-content\/uploads\/2015\/01\/Bath.jpg"}],"twitter_card":"summary","twitter_misc":{"Est. reading time":"3 minutes"},"schema":{"@context":"https:\/\/schema.org","@graph":[{"@type":"WebSite","@id":"https:\/\/www.urlaubcornwall.de\/blog\/#website","url":"https:\/\/www.urlaubcornwall.de\/blog\/","name":"Urlaub &amp; Reisen","description":"Urlaub, Reisen, Cornwall und S\u00fcdengland: eine perfekte Kombination","potentialAction":[{"@type":"SearchAction","target":{"@type":"EntryPoint","urlTemplate":"https:\/\/www.urlaubcornwall.de\/blog\/?s={search_term_string}"},"query-input":"required name=search_term_string"}],"inLanguage":"en-US"},{"@type":"WebPage","@id":"https:\/\/www.urlaubcornwall.de\/blog\/spezielle-interessen-gruppenreisen-in-england-schottland-und-wales\/","url":"https:\/\/www.urlaubcornwall.de\/blog\/spezielle-interessen-gruppenreisen-in-england-schottland-und-wales\/","name":"Spezielle Interessen - Gruppenreisen in England, Schottland und Wales - Urlaub &amp; Reisen","isPartOf":{"@id":"https:\/\/www.urlaubcornwall.de\/blog\/#website"},"datePublished":"2015-01-20T10:26:49+00:00","dateModified":"2024-05-27T11:30:29+00:00","breadcrumb":{"@id":"https:\/\/www.urlaubcornwall.de\/blog\/spezielle-interessen-gruppenreisen-in-england-schottland-und-wales\/#breadcrumb"},"inLanguage":"en-US","potentialAction":[{"@type":"ReadAction","target":["https:\/\/www.urlaubcornwall.de\/blog\/spezielle-interessen-gruppenreisen-in-england-schottland-und-wales\/"]}]},{"@type":"BreadcrumbList","@id":"https:\/\/www.urlaubcornwall.de\/blog\/spezielle-interessen-gruppenreisen-in-england-schottland-und-wales\/#breadcrumb","itemListElement":[{"@type":"ListItem","position":1,"name":"Home","item":"https:\/\/www.urlaubcornwall.de\/blog\/"},{"@type":"ListItem","position":2,"name":"Spezielle Interessen &#8211; Gruppenreisen in England, Schottland und Wales"}]}]}},"_links":{"self":[{"href":"https:\/\/www.urlaubcornwall.de\/blog\/wp-json\/wp\/v2\/pages\/17674"}],"collection":[{"href":"https:\/\/www.urlaubcornwall.de\/blog\/wp-json\/wp\/v2\/pages"}],"about":[{"href":"https:\/\/www.urlaubcornwall.de\/blog\/wp-json\/wp\/v2\/types\/page"}],"author":[{"embeddable":true,"href":"https:\/\/www.urlaubcornwall.de\/blog\/wp-json\/wp\/v2\/users\/1"}],"replies":[{"embeddable":true,"href":"https:\/\/www.urlaubcornwall.de\/blog\/wp-json\/wp\/v2\/comments?post=17674"}],"version-history":[{"count":13,"href":"https:\/\/www.urlaubcornwall.de\/blog\/wp-json\/wp\/v2\/pages\/17674\/revisions"}],"predecessor-version":[{"id":50277,"href":"https:\/\/www.urlaubcornwall.de\/blog\/wp-json\/wp\/v2\/pages\/17674\/revisions\/50277"}],"wp:attachment":[{"href":"https:\/\/www.urlaubcornwall.de\/blog\/wp-json\/wp\/v2\/media?parent=17674"}],"curies":[{"name":"wp","href":"https:\/\/api.w.org\/{rel}","templated":true}]}}