{"id":17656,"date":"2015-01-15T17:11:04","date_gmt":"2015-01-15T17:11:04","guid":{"rendered":"https:\/\/www.urlaubcornwall.de\/blog\/?page_id=17656"},"modified":"2024-05-29T08:23:07","modified_gmt":"2024-05-29T08:23:07","slug":"eine-auswahl-an-luxus-boutique-und-designhotels-fuer-ihren-urlaub-in-london","status":"publish","type":"page","link":"https:\/\/www.urlaubcornwall.de\/blog\/eine-auswahl-an-luxus-boutique-und-designhotels-fuer-ihren-urlaub-in-london\/","title":{"rendered":"Eine Auswahl an Luxus-, Boutique- und Designhotels f\u00fcr Ihren Urlaub in London."},"content":{"rendered":"<p><a href=\"https:\/\/www.urlaubcornwall.de\/blog\/wp-content\/uploads\/2024\/03\/tower-of-london.jpg\"><img loading=\"lazy\" src=\"https:\/\/www.urlaubcornwall.de\/blog\/wp-content\/uploads\/2024\/03\/tower-of-london.jpg\" alt=\"tower of london\" width=\"750\" height=\"563\" class=\"alignnone size-full wp-image-47816\" srcset=\"https:\/\/www.urlaubcornwall.de\/blog\/wp-content\/uploads\/2024\/03\/tower-of-london.jpg 750w, https:\/\/www.urlaubcornwall.de\/blog\/wp-content\/uploads\/2024\/03\/tower-of-london-300x225.jpg 300w\" sizes=\"(max-width: 750px) 100vw, 750px\" \/><\/a><\/p>\n<p style=\"text-align: left;\"><strong>Suchen Sie das perfekte Luxushotel London? <\/strong>Da es derart zahlreiche M\u00f6glichkeiten gibt, kam uns unsere knapp 15j\u00e4hrige Erfahrung in der Organisation von Urlauben in London zugute, um eine kleine und pers\u00f6nliche Auswahl handverlesener Hotels zusammenzustellen, die Stil, Luxus und Flair bieten. Mit Sitz im Vereinigten K\u00f6nigreich nutzen wir unser Vor-Ort-Wissen, und durch unser Deutsch sprechendes Reiseteam werden Sie einen individuellen und pers\u00f6nlichen Reiseservice erhalten, sowie Tipps und Ratschl\u00e4ge; als auch die besten Tarife, Geschenke und Angebote.<\/p>\n<p style=\"text-align: left;\">Die 4- und 5-Sterne Hotels unseres Programms in London werden dem hohen Standard gerecht, den Sie sicherlich erwarten. Sie haben die Wahl zwischen einem Designhotel mit modernen Boutique-R\u00e4umlichkeiten, einem Luxus Spa und vielen Extras oder einem traditionellen Hotel in typisch englischem Stil. Vielleicht reisen Sie ja als Familie? Dann schauen Sie sich doch unsere luxuri\u00f6sen Familienhotels in London an mit hervorragenden Familienr\u00e4umen und Suiten, die geradezu perfekt sind f\u00fcr Sie und Ihre Kinder!<\/p>\n<p style=\"text-align: left;\">Gerne sind wir Ihnen behilflich und freuen uns auf Ihre Nachfrage bez\u00fcglich unserer <a href=\"https:\/\/www.urlaubcornwall.de\/blog\/urlaub-oder-rundreisen-in-london-und-suedengland-hotels-bbs\/\"><span style=\"text-decoration: underline;\">Hotels in London<\/span>.<\/a><\/p>\n<p style=\"text-align: left;\"><strong>Wir freuen uns auf<\/strong> <a href=\"http:\/\/www.urlaubcornwall.de\/anfrage.php\"><span style=\"text-decoration: underline;\"><strong>Ihre Anfrage<\/strong><\/span>.<\/a><\/p>\n<h2 style=\"text-align: left;\"><strong>Hier finden Sie unsere beliebtesten Luxushotels in London&#8230;.<\/strong><\/h2>\n<table class=\" alignleft\">\n<tbody>\n<tr>\n<td>\n<p style=\"text-align: center;\"><img loading=\"lazy\" class=\"size-full wp-image-7096 aligncenter\" style=\"border: 0pt none; padding: 0px;\" src=\"https:\/\/www.urlaubcornwall.de\/blog\/wp-content\/uploads\/2015\/01\/croppedimage153104-NrSixteen-front.jpg\" alt=\"luxushotel london\" width=\"148\" height=\"118\"\/><\/p>\n<\/td>\n<td>\n<h3><span style=\"color: #999999;\">NUMBER SIXTEEN<br \/>\n<\/span><\/h3>\n<p>Zentral im eleganten Londoner Stadtteil Kensington gelegenes Hotel, ganz in der N\u00e4he der Kensington Gardens, Harrod&#8217;s, Hyde Park, &#8230; Ideal, um die zahlreichen Sehensw\u00fcrdigkeiten Londons zu entdecken. 2 Min Fu\u00dfweg bis Underground South Kensington.<\/p>\n<h3>&nbsp;<\/h3>\n<p><strong><span class=\"minvk\">ab \u20ac 190,- p.Person\/Nacht<br \/>\n<\/span><\/strong><\/p><\/td>\n<\/tr>\n<\/tbody>\n<\/table>\n<table class=\" alignleft\">\n<tbody>\n<tr>\n<td><img loading=\"lazy\" class=\"aligncenter size-full wp-image-6899\" style=\"border: 0pt none; padding: 0px;\" src=\"https:\/\/www.urlaubcornwall.de\/blog\/wp-content\/uploads\/2015\/01\/croppedimage153104-Knightsbridge-front.jpg\" alt=\"luxushotel knightsbridge\" width=\"148\" height=\"118\"\/><\/td>\n<td>\n<h3><span style=\"color: #999999;\">KNIGHTSBRIDGE HOTEL<br \/>\n<\/span><\/h3>\n<p>In Knightsbridge, in unmittelbarer N\u00e4he zum Kaufhaus Harrod&#8217;s, gelegenes elegantes Hotel mit gepflegtem Ambiente. Sehr zentrale Lage, Sie k\u00f6nnen viel zu Fu\u00df erkunden.<\/p>\n<h3>&nbsp;<\/h3>\n<p><strong><span class=\"minvk\">ab \u20ac 180,- p.Person\/Nacht<br \/>\n<\/span><\/strong><\/p><\/td>\n<\/tr>\n<\/tbody>\n<\/table>\n<table class=\" alignleft\">\n<tbody>\n<tr>\n<td><img loading=\"lazy\" class=\"aligncenter size-full wp-image-7249\" style=\"border: 0pt none; padding: 0px;\" src=\"https:\/\/www.urlaubcornwall.de\/blog\/wp-content\/uploads\/2015\/01\/croppedimage153104-DorsetSquare-front.jpg\" alt=\"luxushotel zentrum london \" width=\"148\" height=\"118\"\/><\/td>\n<td>\n<h3><span style=\"color: #999999;\">DORSET SQUARE HOTEL<br \/>\n<\/span><\/h3>\n<p>Das Dorset Square Hotel liegt am gleichnamigen Platz in unmittelbarer N\u00e4he des Regent Park&#8217;s, des Sherlock Holmes Museums und von Madame Tussaud&#8217;s. Nur 5 Min Fu\u00dfweg bis zur Underground Baker Street.<\/p>\n<h3>&nbsp;<\/h3>\n<p><strong><span class=\"minvk\">ab \u20ac 175,- p.Person\/Nacht<br \/>\n<\/span><\/strong><\/p><\/td>\n<\/tr>\n<\/tbody>\n<\/table>\n<table class=\" alignleft\">\n<tbody>\n<tr>\n<td><img loading=\"lazy\" class=\"aligncenter size-full wp-image-6603\" style=\"border: 0pt none; padding: 0px;\" src=\"https:\/\/www.urlaubcornwall.de\/blog\/wp-content\/uploads\/2015\/01\/croppedimage153104-Browns-ClassicDbl1.jpg\" alt=\"browns hotel london\" width=\"148\" height=\"118\"\/><\/td>\n<td>\n<h3><span style=\"color: #999999;\">BROWNS HOTEL<br \/>\n<\/span><\/h3>\n<p>Brown&#8217;s Hotel, dem elegantesten und \u00e4ltesten 5* Hotel Londons, mitten in der englischen Hauptstadt &#8211; Buckingham Palace und Piccadilly Circus sind zu Fu\u00df zu erreichen. Verbringen Sie Ihren Londonaufenthalt umgeben von luxuri\u00f6sem Ambiente und englischen Charme. Lage: Zone 1. 5 Min Fu\u00dfweg bis Underground (U-Bahn). Zu Fu\u00df: 7 Min bis Piccadilly Circus, 15 Min bis Buckingham Palace und Hyde Park.<\/p>\n<h3>&nbsp;<\/h3>\n<p><strong><span class=\"minvk\">ab \u20ac 170,- p.Person\/Nacht<br \/>\n<\/span><\/strong><\/p><\/td>\n<\/tr>\n<\/tbody>\n<\/table>\n<p style=\"text-align: left;\">Diese wundersch\u00f6nen Hotels liegen zentral in London. Somit haben Sie leichten und per U-Bahn oder Englands ber\u00fchmten roten Bussen raschen Zugang zu vielen der Attraktionen. Das einzige Problem ist, eine Entscheidung zu treffen, was Sie nun tun wollen w\u00e4hrend Sie dort sind, da die Auswahl riesig ist: eine Fahrt im offenen Doppeldeckerbus, ein Besuch des Tower von London (wo die Kronjuwelen der K\u00f6nigin untergebracht sind), ein Spaziergang durch das edle Notting Hill, wo Sie einen Abstecher zum ber\u00fchmten Harrods Einkaufsgesch\u00e4ft nicht vers\u00e4umen sollten, Zeit in der Tate Modern zu verbringen oder einem anderen Museum Londons oder Madame Tussauds, &#8230; Und wenn Sie dann am Abend in Ihr Hotel zur\u00fcckkehren, k\u00f6nnen Sie zu Abend essen, \u00fcber den Tag sprechen, um dann in komfortablen Lederst\u00fchlen an der Bar entspannen.<\/p>\n<p style=\"text-align: left;\"><strong>Wir freuen uns auf<\/strong> <a href=\"http:\/\/www.urlaubcornwall.de\/anfrage.php\"><span style=\"text-decoration: underline;\"><strong>Ihre Anfrage<\/strong><\/span>.<\/a><\/p>\n\n","protected":false},"excerpt":{"rendered":"<p>Suchen Sie das perfekte Luxushotel London? Da es derart zahlreiche M\u00f6glichkeiten gibt, kam uns unsere knapp 15j\u00e4hrige Erfahrung in der Organisation von Urlauben in London zugute, um eine kleine und pers\u00f6nliche Auswahl handverlesener Hotels zusammenzustellen, die Stil, Luxus und Flair bieten. Mit Sitz im Vereinigten K\u00f6nigreich nutzen wir unser Vor-Ort-Wissen, und durch unser Deutsch sprechendes [&hellip;]<\/p>\n","protected":false},"author":1,"featured_media":0,"parent":0,"menu_order":0,"comment_status":"closed","ping_status":"closed","template":"single-four.php","meta":[],"acf":[],"yoast_head":"<!-- This site is optimized with the Yoast SEO plugin v19.4 - https:\/\/yoast.com\/wordpress\/plugins\/seo\/ -->\n<title>Eine Auswahl an Luxus-, Boutique- und Designhotels f\u00fcr Ihren Urlaub in London. - Urlaub &amp; Reisen<\/title>\n<meta name=\"robots\" content=\"index, follow, max-snippet:-1, max-image-preview:large, max-video-preview:-1\" \/>\n<link rel=\"canonical\" href=\"https:\/\/www.urlaubcornwall.de\/blog\/eine-auswahl-an-luxus-boutique-und-designhotels-fuer-ihren-urlaub-in-london\/\" \/>\n<meta property=\"og:locale\" content=\"en_US\" \/>\n<meta property=\"og:type\" content=\"article\" \/>\n<meta property=\"og:title\" content=\"Eine Auswahl an Luxus-, Boutique- und Designhotels f\u00fcr Ihren Urlaub in London. - Urlaub &amp; Reisen\" \/>\n<meta property=\"og:description\" content=\"Suchen Sie das perfekte Luxushotel London? Da es derart zahlreiche M\u00f6glichkeiten gibt, kam uns unsere knapp 15j\u00e4hrige Erfahrung in der Organisation von Urlauben in London zugute, um eine kleine und pers\u00f6nliche Auswahl handverlesener Hotels zusammenzustellen, die Stil, Luxus und Flair bieten. Mit Sitz im Vereinigten K\u00f6nigreich nutzen wir unser Vor-Ort-Wissen, und durch unser Deutsch sprechendes [&hellip;]\" \/>\n<meta property=\"og:url\" content=\"https:\/\/www.urlaubcornwall.de\/blog\/eine-auswahl-an-luxus-boutique-und-designhotels-fuer-ihren-urlaub-in-london\/\" \/>\n<meta property=\"og:site_name\" content=\"Urlaub &amp; Reisen\" \/>\n<meta property=\"article:modified_time\" content=\"2024-05-29T08:23:07+00:00\" \/>\n<meta property=\"og:image\" content=\"https:\/\/www.urlaubcornwall.de\/blog\/wp-content\/uploads\/2024\/03\/tower-of-london.jpg\" \/>\n<meta name=\"twitter:card\" content=\"summary\" \/>\n<meta name=\"twitter:label1\" content=\"Est. reading time\" \/>\n\t<meta name=\"twitter:data1\" content=\"4 minutes\" \/>\n<script type=\"application\/ld+json\" class=\"yoast-schema-graph\">{\"@context\":\"https:\/\/schema.org\",\"@graph\":[{\"@type\":\"WebSite\",\"@id\":\"https:\/\/www.urlaubcornwall.de\/blog\/#website\",\"url\":\"https:\/\/www.urlaubcornwall.de\/blog\/\",\"name\":\"Urlaub &amp; Reisen\",\"description\":\"Urlaub, Reisen, Cornwall und S\u00fcdengland: eine perfekte Kombination\",\"potentialAction\":[{\"@type\":\"SearchAction\",\"target\":{\"@type\":\"EntryPoint\",\"urlTemplate\":\"https:\/\/www.urlaubcornwall.de\/blog\/?s={search_term_string}\"},\"query-input\":\"required name=search_term_string\"}],\"inLanguage\":\"en-US\"},{\"@type\":\"WebPage\",\"@id\":\"https:\/\/www.urlaubcornwall.de\/blog\/eine-auswahl-an-luxus-boutique-und-designhotels-fuer-ihren-urlaub-in-london\/\",\"url\":\"https:\/\/www.urlaubcornwall.de\/blog\/eine-auswahl-an-luxus-boutique-und-designhotels-fuer-ihren-urlaub-in-london\/\",\"name\":\"Eine Auswahl an Luxus-, Boutique- und Designhotels f\u00fcr Ihren Urlaub in London. - Urlaub &amp; Reisen\",\"isPartOf\":{\"@id\":\"https:\/\/www.urlaubcornwall.de\/blog\/#website\"},\"datePublished\":\"2015-01-15T17:11:04+00:00\",\"dateModified\":\"2024-05-29T08:23:07+00:00\",\"breadcrumb\":{\"@id\":\"https:\/\/www.urlaubcornwall.de\/blog\/eine-auswahl-an-luxus-boutique-und-designhotels-fuer-ihren-urlaub-in-london\/#breadcrumb\"},\"inLanguage\":\"en-US\",\"potentialAction\":[{\"@type\":\"ReadAction\",\"target\":[\"https:\/\/www.urlaubcornwall.de\/blog\/eine-auswahl-an-luxus-boutique-und-designhotels-fuer-ihren-urlaub-in-london\/\"]}]},{\"@type\":\"BreadcrumbList\",\"@id\":\"https:\/\/www.urlaubcornwall.de\/blog\/eine-auswahl-an-luxus-boutique-und-designhotels-fuer-ihren-urlaub-in-london\/#breadcrumb\",\"itemListElement\":[{\"@type\":\"ListItem\",\"position\":1,\"name\":\"Home\",\"item\":\"https:\/\/www.urlaubcornwall.de\/blog\/\"},{\"@type\":\"ListItem\",\"position\":2,\"name\":\"Eine Auswahl an Luxus-, Boutique- und Designhotels f\u00fcr Ihren Urlaub in London.\"}]}]}<\/script>\n<!-- \/ Yoast SEO plugin. -->","yoast_head_json":{"title":"Eine Auswahl an Luxus-, Boutique- und Designhotels f\u00fcr Ihren Urlaub in London. - Urlaub &amp; Reisen","robots":{"index":"index","follow":"follow","max-snippet":"max-snippet:-1","max-image-preview":"max-image-preview:large","max-video-preview":"max-video-preview:-1"},"canonical":"https:\/\/www.urlaubcornwall.de\/blog\/eine-auswahl-an-luxus-boutique-und-designhotels-fuer-ihren-urlaub-in-london\/","og_locale":"en_US","og_type":"article","og_title":"Eine Auswahl an Luxus-, Boutique- und Designhotels f\u00fcr Ihren Urlaub in London. - Urlaub &amp; Reisen","og_description":"Suchen Sie das perfekte Luxushotel London? Da es derart zahlreiche M\u00f6glichkeiten gibt, kam uns unsere knapp 15j\u00e4hrige Erfahrung in der Organisation von Urlauben in London zugute, um eine kleine und pers\u00f6nliche Auswahl handverlesener Hotels zusammenzustellen, die Stil, Luxus und Flair bieten. Mit Sitz im Vereinigten K\u00f6nigreich nutzen wir unser Vor-Ort-Wissen, und durch unser Deutsch sprechendes [&hellip;]","og_url":"https:\/\/www.urlaubcornwall.de\/blog\/eine-auswahl-an-luxus-boutique-und-designhotels-fuer-ihren-urlaub-in-london\/","og_site_name":"Urlaub &amp; Reisen","article_modified_time":"2024-05-29T08:23:07+00:00","og_image":[{"url":"https:\/\/www.urlaubcornwall.de\/blog\/wp-content\/uploads\/2024\/03\/tower-of-london.jpg"}],"twitter_card":"summary","twitter_misc":{"Est. reading time":"4 minutes"},"schema":{"@context":"https:\/\/schema.org","@graph":[{"@type":"WebSite","@id":"https:\/\/www.urlaubcornwall.de\/blog\/#website","url":"https:\/\/www.urlaubcornwall.de\/blog\/","name":"Urlaub &amp; Reisen","description":"Urlaub, Reisen, Cornwall und S\u00fcdengland: eine perfekte Kombination","potentialAction":[{"@type":"SearchAction","target":{"@type":"EntryPoint","urlTemplate":"https:\/\/www.urlaubcornwall.de\/blog\/?s={search_term_string}"},"query-input":"required name=search_term_string"}],"inLanguage":"en-US"},{"@type":"WebPage","@id":"https:\/\/www.urlaubcornwall.de\/blog\/eine-auswahl-an-luxus-boutique-und-designhotels-fuer-ihren-urlaub-in-london\/","url":"https:\/\/www.urlaubcornwall.de\/blog\/eine-auswahl-an-luxus-boutique-und-designhotels-fuer-ihren-urlaub-in-london\/","name":"Eine Auswahl an Luxus-, Boutique- und Designhotels f\u00fcr Ihren Urlaub in London. - Urlaub &amp; Reisen","isPartOf":{"@id":"https:\/\/www.urlaubcornwall.de\/blog\/#website"},"datePublished":"2015-01-15T17:11:04+00:00","dateModified":"2024-05-29T08:23:07+00:00","breadcrumb":{"@id":"https:\/\/www.urlaubcornwall.de\/blog\/eine-auswahl-an-luxus-boutique-und-designhotels-fuer-ihren-urlaub-in-london\/#breadcrumb"},"inLanguage":"en-US","potentialAction":[{"@type":"ReadAction","target":["https:\/\/www.urlaubcornwall.de\/blog\/eine-auswahl-an-luxus-boutique-und-designhotels-fuer-ihren-urlaub-in-london\/"]}]},{"@type":"BreadcrumbList","@id":"https:\/\/www.urlaubcornwall.de\/blog\/eine-auswahl-an-luxus-boutique-und-designhotels-fuer-ihren-urlaub-in-london\/#breadcrumb","itemListElement":[{"@type":"ListItem","position":1,"name":"Home","item":"https:\/\/www.urlaubcornwall.de\/blog\/"},{"@type":"ListItem","position":2,"name":"Eine Auswahl an Luxus-, Boutique- und Designhotels f\u00fcr Ihren Urlaub in London."}]}]}},"_links":{"self":[{"href":"https:\/\/www.urlaubcornwall.de\/blog\/wp-json\/wp\/v2\/pages\/17656"}],"collection":[{"href":"https:\/\/www.urlaubcornwall.de\/blog\/wp-json\/wp\/v2\/pages"}],"about":[{"href":"https:\/\/www.urlaubcornwall.de\/blog\/wp-json\/wp\/v2\/types\/page"}],"author":[{"embeddable":true,"href":"https:\/\/www.urlaubcornwall.de\/blog\/wp-json\/wp\/v2\/users\/1"}],"replies":[{"embeddable":true,"href":"https:\/\/www.urlaubcornwall.de\/blog\/wp-json\/wp\/v2\/comments?post=17656"}],"version-history":[{"count":17,"href":"https:\/\/www.urlaubcornwall.de\/blog\/wp-json\/wp\/v2\/pages\/17656\/revisions"}],"predecessor-version":[{"id":50532,"href":"https:\/\/www.urlaubcornwall.de\/blog\/wp-json\/wp\/v2\/pages\/17656\/revisions\/50532"}],"wp:attachment":[{"href":"https:\/\/www.urlaubcornwall.de\/blog\/wp-json\/wp\/v2\/media?parent=17656"}],"curies":[{"name":"wp","href":"https:\/\/api.w.org\/{rel}","templated":true}]}}