{"id":17645,"date":"2015-01-14T16:22:07","date_gmt":"2015-01-14T16:22:07","guid":{"rendered":"https:\/\/www.urlaubcornwall.de\/blog\/?page_id=17645"},"modified":"2015-01-14T16:22:07","modified_gmt":"2015-01-14T16:22:07","slug":"golfunterricht-in-cornwall","status":"publish","type":"page","link":"https:\/\/www.urlaubcornwall.de\/blog\/golfunterricht-in-cornwall\/","title":{"rendered":"Golfunterricht in Cornwall"},"content":{"rendered":"<h1><a href=\"https:\/\/www.urlaubcornwall.de\/blog\/wp-content\/uploads\/2015\/01\/Golfunterricht-in-Cornwall.jpg\"><img loading=\"lazy\" class=\"aligncenter size-full wp-image-17646\" src=\"https:\/\/www.urlaubcornwall.de\/blog\/wp-content\/uploads\/2015\/01\/Golfunterricht-in-Cornwall.jpg\" alt=\"Golfunterricht in Cornwall\" width=\"700\" height=\"341\" srcset=\"https:\/\/www.urlaubcornwall.de\/blog\/wp-content\/uploads\/2015\/01\/Golfunterricht-in-Cornwall.jpg 700w, https:\/\/www.urlaubcornwall.de\/blog\/wp-content\/uploads\/2015\/01\/Golfunterricht-in-Cornwall-300x146.jpg 300w\" sizes=\"(max-width: 700px) 100vw, 700px\" \/><\/a><\/h1>\n<p>UrlaubCornwall und Carlyon Bay Hotel haben sich zusammengeschlossen, um Golfurlaube und Golfkurzurlaube zu einem gro\u00dfartigen Preis-Leistungsverh\u00e4ltnis anzubieten. Dabei haben Sie auch die Chance, Ihr Spiel zu verbessern.<\/p>\n<p>Das Team von Berufsgolfern, allen voran PGA Pro Mark Rowe, einem der top Golflehrer in S\u00fcdwestengland, bieten Golfunterricht an, um s\u00e4mtliche Leistungsebenen zu verbessern. Dabei machen sie Gebrauch von den neuesten Technologien und Techniken, die Ihren Golfunterricht unterst\u00fctzen \u2013 einschlie\u00dflich V1 und Gasp-Videoanalyse, wie sie von Berufsgolfern genutzt wird. Dies ist schlichtweg einer der allerbesten Orte f\u00fcr Golfstunden in Cornwall und S\u00fcdwestengland.<\/p>\n<p>Individueller Golfunterricht in Cornwall \u2013 Individueller Golfunterricht ist ideal f\u00fcr Anf\u00e4nger, die Expertenunterricht in einer entspannten und freundlichen Atmosph\u00e4re erhalten. Der erfahrene Golfspieler hat die M\u00f6glichkeit, eingepr\u00e4gte Fehlhaltungen zu korrigieren, individuelle Aspekte des Spiels zu verbessern und eine Beharrlichkeit f\u00fcr niedere Punktzahl zu entwickeln. Unsere PGA Lehrer sind f\u00fcr jedermann auf jeder Ebene da \u2013Einzelpersonen, Gruppen, Familien und Firmentagungen.<\/p>\n<p>Finden Sie mehr zu <span style=\"text-decoration: underline;\"><strong>Golfurlauben und Rundreisen<\/strong><\/span> mit gro\u00dfartigen Angeboten das ganze Jahr \u00fcber.<\/p>\n","protected":false},"excerpt":{"rendered":"<p>UrlaubCornwall und Carlyon Bay Hotel haben sich zusammengeschlossen, um Golfurlaube und Golfkurzurlaube zu einem gro\u00dfartigen Preis-Leistungsverh\u00e4ltnis anzubieten. Dabei haben Sie auch die Chance, Ihr Spiel zu verbessern. Das Team von Berufsgolfern, allen voran PGA Pro Mark Rowe, einem der top Golflehrer in S\u00fcdwestengland, bieten Golfunterricht an, um s\u00e4mtliche Leistungsebenen zu verbessern. Dabei machen sie Gebrauch [&hellip;]<\/p>\n","protected":false},"author":1,"featured_media":0,"parent":0,"menu_order":0,"comment_status":"closed","ping_status":"closed","template":"single-four.php","meta":[],"acf":[],"yoast_head":"<!-- This site is optimized with the Yoast SEO plugin v19.4 - https:\/\/yoast.com\/wordpress\/plugins\/seo\/ -->\n<title>Golfunterricht in Cornwall - Urlaub &amp; Reisen<\/title>\n<meta name=\"robots\" content=\"index, follow, max-snippet:-1, max-image-preview:large, max-video-preview:-1\" \/>\n<link rel=\"canonical\" href=\"https:\/\/www.urlaubcornwall.de\/blog\/golfunterricht-in-cornwall\/\" \/>\n<meta property=\"og:locale\" content=\"en_US\" \/>\n<meta property=\"og:type\" content=\"article\" \/>\n<meta property=\"og:title\" content=\"Golfunterricht in Cornwall - Urlaub &amp; Reisen\" \/>\n<meta property=\"og:description\" content=\"UrlaubCornwall und Carlyon Bay Hotel haben sich zusammengeschlossen, um Golfurlaube und Golfkurzurlaube zu einem gro\u00dfartigen Preis-Leistungsverh\u00e4ltnis anzubieten. Dabei haben Sie auch die Chance, Ihr Spiel zu verbessern. Das Team von Berufsgolfern, allen voran PGA Pro Mark Rowe, einem der top Golflehrer in S\u00fcdwestengland, bieten Golfunterricht an, um s\u00e4mtliche Leistungsebenen zu verbessern. Dabei machen sie Gebrauch [&hellip;]\" \/>\n<meta property=\"og:url\" content=\"https:\/\/www.urlaubcornwall.de\/blog\/golfunterricht-in-cornwall\/\" \/>\n<meta property=\"og:site_name\" content=\"Urlaub &amp; Reisen\" \/>\n<meta property=\"og:image\" content=\"https:\/\/www.urlaubcornwall.de\/blog\/wp-content\/uploads\/2015\/01\/Golfunterricht-in-Cornwall.jpg\" \/>\n<meta name=\"twitter:card\" content=\"summary\" \/>\n<meta name=\"twitter:label1\" content=\"Est. reading time\" \/>\n\t<meta name=\"twitter:data1\" content=\"1 minute\" \/>\n<script type=\"application\/ld+json\" class=\"yoast-schema-graph\">{\"@context\":\"https:\/\/schema.org\",\"@graph\":[{\"@type\":\"WebSite\",\"@id\":\"https:\/\/www.urlaubcornwall.de\/blog\/#website\",\"url\":\"https:\/\/www.urlaubcornwall.de\/blog\/\",\"name\":\"Urlaub &amp; Reisen\",\"description\":\"Urlaub, Reisen, Cornwall und S\u00fcdengland: eine perfekte Kombination\",\"potentialAction\":[{\"@type\":\"SearchAction\",\"target\":{\"@type\":\"EntryPoint\",\"urlTemplate\":\"https:\/\/www.urlaubcornwall.de\/blog\/?s={search_term_string}\"},\"query-input\":\"required name=search_term_string\"}],\"inLanguage\":\"en-US\"},{\"@type\":\"WebPage\",\"@id\":\"https:\/\/www.urlaubcornwall.de\/blog\/golfunterricht-in-cornwall\/\",\"url\":\"https:\/\/www.urlaubcornwall.de\/blog\/golfunterricht-in-cornwall\/\",\"name\":\"Golfunterricht in Cornwall - Urlaub &amp; Reisen\",\"isPartOf\":{\"@id\":\"https:\/\/www.urlaubcornwall.de\/blog\/#website\"},\"datePublished\":\"2015-01-14T16:22:07+00:00\",\"dateModified\":\"2015-01-14T16:22:07+00:00\",\"breadcrumb\":{\"@id\":\"https:\/\/www.urlaubcornwall.de\/blog\/golfunterricht-in-cornwall\/#breadcrumb\"},\"inLanguage\":\"en-US\",\"potentialAction\":[{\"@type\":\"ReadAction\",\"target\":[\"https:\/\/www.urlaubcornwall.de\/blog\/golfunterricht-in-cornwall\/\"]}]},{\"@type\":\"BreadcrumbList\",\"@id\":\"https:\/\/www.urlaubcornwall.de\/blog\/golfunterricht-in-cornwall\/#breadcrumb\",\"itemListElement\":[{\"@type\":\"ListItem\",\"position\":1,\"name\":\"Home\",\"item\":\"https:\/\/www.urlaubcornwall.de\/blog\/\"},{\"@type\":\"ListItem\",\"position\":2,\"name\":\"Golfunterricht in Cornwall\"}]}]}<\/script>\n<!-- \/ Yoast SEO plugin. -->","yoast_head_json":{"title":"Golfunterricht in Cornwall - Urlaub &amp; Reisen","robots":{"index":"index","follow":"follow","max-snippet":"max-snippet:-1","max-image-preview":"max-image-preview:large","max-video-preview":"max-video-preview:-1"},"canonical":"https:\/\/www.urlaubcornwall.de\/blog\/golfunterricht-in-cornwall\/","og_locale":"en_US","og_type":"article","og_title":"Golfunterricht in Cornwall - Urlaub &amp; Reisen","og_description":"UrlaubCornwall und Carlyon Bay Hotel haben sich zusammengeschlossen, um Golfurlaube und Golfkurzurlaube zu einem gro\u00dfartigen Preis-Leistungsverh\u00e4ltnis anzubieten. Dabei haben Sie auch die Chance, Ihr Spiel zu verbessern. Das Team von Berufsgolfern, allen voran PGA Pro Mark Rowe, einem der top Golflehrer in S\u00fcdwestengland, bieten Golfunterricht an, um s\u00e4mtliche Leistungsebenen zu verbessern. Dabei machen sie Gebrauch [&hellip;]","og_url":"https:\/\/www.urlaubcornwall.de\/blog\/golfunterricht-in-cornwall\/","og_site_name":"Urlaub &amp; Reisen","og_image":[{"url":"https:\/\/www.urlaubcornwall.de\/blog\/wp-content\/uploads\/2015\/01\/Golfunterricht-in-Cornwall.jpg"}],"twitter_card":"summary","twitter_misc":{"Est. reading time":"1 minute"},"schema":{"@context":"https:\/\/schema.org","@graph":[{"@type":"WebSite","@id":"https:\/\/www.urlaubcornwall.de\/blog\/#website","url":"https:\/\/www.urlaubcornwall.de\/blog\/","name":"Urlaub &amp; Reisen","description":"Urlaub, Reisen, Cornwall und S\u00fcdengland: eine perfekte Kombination","potentialAction":[{"@type":"SearchAction","target":{"@type":"EntryPoint","urlTemplate":"https:\/\/www.urlaubcornwall.de\/blog\/?s={search_term_string}"},"query-input":"required name=search_term_string"}],"inLanguage":"en-US"},{"@type":"WebPage","@id":"https:\/\/www.urlaubcornwall.de\/blog\/golfunterricht-in-cornwall\/","url":"https:\/\/www.urlaubcornwall.de\/blog\/golfunterricht-in-cornwall\/","name":"Golfunterricht in Cornwall - Urlaub &amp; Reisen","isPartOf":{"@id":"https:\/\/www.urlaubcornwall.de\/blog\/#website"},"datePublished":"2015-01-14T16:22:07+00:00","dateModified":"2015-01-14T16:22:07+00:00","breadcrumb":{"@id":"https:\/\/www.urlaubcornwall.de\/blog\/golfunterricht-in-cornwall\/#breadcrumb"},"inLanguage":"en-US","potentialAction":[{"@type":"ReadAction","target":["https:\/\/www.urlaubcornwall.de\/blog\/golfunterricht-in-cornwall\/"]}]},{"@type":"BreadcrumbList","@id":"https:\/\/www.urlaubcornwall.de\/blog\/golfunterricht-in-cornwall\/#breadcrumb","itemListElement":[{"@type":"ListItem","position":1,"name":"Home","item":"https:\/\/www.urlaubcornwall.de\/blog\/"},{"@type":"ListItem","position":2,"name":"Golfunterricht in Cornwall"}]}]}},"_links":{"self":[{"href":"https:\/\/www.urlaubcornwall.de\/blog\/wp-json\/wp\/v2\/pages\/17645"}],"collection":[{"href":"https:\/\/www.urlaubcornwall.de\/blog\/wp-json\/wp\/v2\/pages"}],"about":[{"href":"https:\/\/www.urlaubcornwall.de\/blog\/wp-json\/wp\/v2\/types\/page"}],"author":[{"embeddable":true,"href":"https:\/\/www.urlaubcornwall.de\/blog\/wp-json\/wp\/v2\/users\/1"}],"replies":[{"embeddable":true,"href":"https:\/\/www.urlaubcornwall.de\/blog\/wp-json\/wp\/v2\/comments?post=17645"}],"version-history":[{"count":2,"href":"https:\/\/www.urlaubcornwall.de\/blog\/wp-json\/wp\/v2\/pages\/17645\/revisions"}],"predecessor-version":[{"id":17648,"href":"https:\/\/www.urlaubcornwall.de\/blog\/wp-json\/wp\/v2\/pages\/17645\/revisions\/17648"}],"wp:attachment":[{"href":"https:\/\/www.urlaubcornwall.de\/blog\/wp-json\/wp\/v2\/media?parent=17645"}],"curies":[{"name":"wp","href":"https:\/\/api.w.org\/{rel}","templated":true}]}}