{"id":17640,"date":"2015-01-14T16:11:48","date_gmt":"2015-01-14T16:11:48","guid":{"rendered":"https:\/\/www.urlaubcornwall.de\/blog\/?page_id=17640"},"modified":"2024-05-29T08:24:17","modified_gmt":"2024-05-29T08:24:17","slug":"golfurlaub-fuer-gruppen-in-cornwall-devon-und-suedengland","status":"publish","type":"page","link":"https:\/\/www.urlaubcornwall.de\/blog\/golfurlaub-fuer-gruppen-in-cornwall-devon-und-suedengland\/","title":{"rendered":"Golfurlaub f\u00fcr Gruppen in Cornwall, Devon und S\u00fcdengland"},"content":{"rendered":"<p><a href=\"https:\/\/www.urlaubcornwall.de\/blog\/wp-content\/uploads\/2016\/03\/Golf-urlaub-falmouth-cornwall.jpg\"><img loading=\"lazy\" src=\"https:\/\/www.urlaubcornwall.de\/blog\/wp-content\/uploads\/2016\/03\/Golf-urlaub-falmouth-cornwall.jpg\" alt=\"Golf urlaub falmouth cornwall\" width=\"750\" height=\"371\" class=\"alignnone size-full wp-image-23304\" \/><\/a><\/p>\n<p class=\"r\"><strong>Golfurlaub in einer Gruppe<\/strong><\/p>\n<p>Unsere \u201eGruppen-Urlaubsabteilung\u201c hat eine Menge Erfahrung und Wissen gewonnen aufgrund jahrelanger Unterst\u00fctzung von Gruppen in ihrer Planung und Organisation gro\u00dfartiger Golfurlaube und Rundreisen in S\u00fcdengland.<\/p>\n<p><strong>&nbsp;Buchungen Ihres Gruppengolfurlaubes<\/strong><\/p>\n<p>Wir legen Wert darauf, Ihnen ausgezeichneten Service und ein gro\u00dfartiges Preis-Leistungsverh\u00e4ltnis zu bieten sowie Detailgenauigkeit, so dass wir Ihnen erfolgreich dabei helfen k\u00f6nnen, Ihren Gruppengolfurlaub vom Beginn bis zum Ende durchzuplanen, angefangen von kleinen Gruppen von lediglich 8 Golfspielenden bis hin zu gr\u00f6\u00dferen Gruppenurlauben von 16 und mehr Personen. Mit Sitz in Cornwall bieten wir die besten Golfpl\u00e4tze in S\u00fcdwestengland, um jedem Handicap gerecht zu werden und das Leben des Gruppenleiters zu erleichtern, indem wir sicherstellen, dass die gesamte Gruppe eine erfreuliche Zeit hat.<\/p>\n<p><strong>Weshalb als Gruppe reisen?<\/strong><\/p>\n<p>Es gibt eine Menge Vorteile, als Gruppe zu reisen und nicht nur mit den Kneipenkumpeln! Wir haben Gruppennachl\u00e4sse mit vielen unseren Hotels verhandelt, um die Preise f\u00fcr Sie zu dr\u00fccken.<\/p>\n<p><strong>&nbsp;Gruppen, welchen wir geholfen haben<\/strong><\/p>\n<p>Wir haben Gruppengolfurlaube organisiert f\u00fcr Gesellschaften, Firmen, als Anreize f\u00fcr Firmenkunden, Golfklubs und viele mehr, und wir k\u00f6nnen dasselbe auch f\u00fcr Sie tun. <a href=\"https:\/\/www.urlaubcornwall.de\/golfurlaub\/cornwall.php\"><strong><span style=\"text-decoration: underline;\">Finden Sie mehr dazu heraus<\/span> &gt;&gt;<\/strong><\/a><\/p>\n<p><img loading=\"lazy\" class=\"aligncenter size-full wp-image-28670\" src=\"https:\/\/www.urlaubcornwall.de\/blog\/wp-content\/uploads\/2017\/08\/urlaub-und-gro\u00dfbritannien_logo-1.jpg\" alt=\"urlaub-und-gro\u00dfbritannien_logo\" width=\"764\" height=\"464\" srcset=\"https:\/\/www.urlaubcornwall.de\/blog\/wp-content\/uploads\/2017\/08\/urlaub-und-gro\u00dfbritannien_logo-1.jpg 764w, https:\/\/www.urlaubcornwall.de\/blog\/wp-content\/uploads\/2017\/08\/urlaub-und-gro\u00dfbritannien_logo-1-300x182.jpg 300w\" sizes=\"(max-width: 764px) 100vw, 764px\" \/><\/p>\n<p><strong>G<a href=\"https:\/\/www.urlaubcornwall.de\/blog\/golfreisen-golfurlaub-schottland\/\">olfurlaub in Schottland<\/a><\/strong><\/p>\n","protected":false},"excerpt":{"rendered":"<p>Golfurlaub in einer Gruppe Unsere \u201eGruppen-Urlaubsabteilung\u201c hat eine Menge Erfahrung und Wissen gewonnen aufgrund jahrelanger Unterst\u00fctzung von Gruppen in ihrer Planung und Organisation gro\u00dfartiger Golfurlaube und Rundreisen in S\u00fcdengland. &nbsp;Buchungen Ihres Gruppengolfurlaubes Wir legen Wert darauf, Ihnen ausgezeichneten Service und ein gro\u00dfartiges Preis-Leistungsverh\u00e4ltnis zu bieten sowie Detailgenauigkeit, so dass wir Ihnen erfolgreich dabei helfen k\u00f6nnen, [&hellip;]<\/p>\n","protected":false},"author":1,"featured_media":0,"parent":0,"menu_order":0,"comment_status":"closed","ping_status":"closed","template":"single-four.php","meta":[],"acf":[],"yoast_head":"<!-- This site is optimized with the Yoast SEO plugin v19.4 - https:\/\/yoast.com\/wordpress\/plugins\/seo\/ -->\n<title>Golfurlaub f\u00fcr Gruppen in Cornwall, Devon und S\u00fcdengland - Urlaub &amp; Reisen<\/title>\n<meta name=\"robots\" content=\"index, follow, max-snippet:-1, max-image-preview:large, max-video-preview:-1\" \/>\n<link rel=\"canonical\" href=\"https:\/\/www.urlaubcornwall.de\/blog\/golfurlaub-fuer-gruppen-in-cornwall-devon-und-suedengland\/\" \/>\n<meta property=\"og:locale\" content=\"en_US\" \/>\n<meta property=\"og:type\" content=\"article\" \/>\n<meta property=\"og:title\" content=\"Golfurlaub f\u00fcr Gruppen in Cornwall, Devon und S\u00fcdengland - Urlaub &amp; Reisen\" \/>\n<meta property=\"og:description\" content=\"Golfurlaub in einer Gruppe Unsere \u201eGruppen-Urlaubsabteilung\u201c hat eine Menge Erfahrung und Wissen gewonnen aufgrund jahrelanger Unterst\u00fctzung von Gruppen in ihrer Planung und Organisation gro\u00dfartiger Golfurlaube und Rundreisen in S\u00fcdengland. &nbsp;Buchungen Ihres Gruppengolfurlaubes Wir legen Wert darauf, Ihnen ausgezeichneten Service und ein gro\u00dfartiges Preis-Leistungsverh\u00e4ltnis zu bieten sowie Detailgenauigkeit, so dass wir Ihnen erfolgreich dabei helfen k\u00f6nnen, [&hellip;]\" \/>\n<meta property=\"og:url\" content=\"https:\/\/www.urlaubcornwall.de\/blog\/golfurlaub-fuer-gruppen-in-cornwall-devon-und-suedengland\/\" \/>\n<meta property=\"og:site_name\" content=\"Urlaub &amp; Reisen\" \/>\n<meta property=\"article:modified_time\" content=\"2024-05-29T08:24:17+00:00\" \/>\n<meta property=\"og:image\" content=\"https:\/\/www.urlaubcornwall.de\/blog\/wp-content\/uploads\/2016\/03\/Golf-urlaub-falmouth-cornwall.jpg\" \/>\n<meta name=\"twitter:card\" content=\"summary\" \/>\n<meta name=\"twitter:label1\" content=\"Est. reading time\" \/>\n\t<meta name=\"twitter:data1\" content=\"2 minutes\" \/>\n<script type=\"application\/ld+json\" class=\"yoast-schema-graph\">{\"@context\":\"https:\/\/schema.org\",\"@graph\":[{\"@type\":\"WebSite\",\"@id\":\"https:\/\/www.urlaubcornwall.de\/blog\/#website\",\"url\":\"https:\/\/www.urlaubcornwall.de\/blog\/\",\"name\":\"Urlaub &amp; Reisen\",\"description\":\"Urlaub, Reisen, Cornwall und S\u00fcdengland: eine perfekte Kombination\",\"potentialAction\":[{\"@type\":\"SearchAction\",\"target\":{\"@type\":\"EntryPoint\",\"urlTemplate\":\"https:\/\/www.urlaubcornwall.de\/blog\/?s={search_term_string}\"},\"query-input\":\"required name=search_term_string\"}],\"inLanguage\":\"en-US\"},{\"@type\":\"WebPage\",\"@id\":\"https:\/\/www.urlaubcornwall.de\/blog\/golfurlaub-fuer-gruppen-in-cornwall-devon-und-suedengland\/\",\"url\":\"https:\/\/www.urlaubcornwall.de\/blog\/golfurlaub-fuer-gruppen-in-cornwall-devon-und-suedengland\/\",\"name\":\"Golfurlaub f\u00fcr Gruppen in Cornwall, Devon und S\u00fcdengland - Urlaub &amp; Reisen\",\"isPartOf\":{\"@id\":\"https:\/\/www.urlaubcornwall.de\/blog\/#website\"},\"datePublished\":\"2015-01-14T16:11:48+00:00\",\"dateModified\":\"2024-05-29T08:24:17+00:00\",\"breadcrumb\":{\"@id\":\"https:\/\/www.urlaubcornwall.de\/blog\/golfurlaub-fuer-gruppen-in-cornwall-devon-und-suedengland\/#breadcrumb\"},\"inLanguage\":\"en-US\",\"potentialAction\":[{\"@type\":\"ReadAction\",\"target\":[\"https:\/\/www.urlaubcornwall.de\/blog\/golfurlaub-fuer-gruppen-in-cornwall-devon-und-suedengland\/\"]}]},{\"@type\":\"BreadcrumbList\",\"@id\":\"https:\/\/www.urlaubcornwall.de\/blog\/golfurlaub-fuer-gruppen-in-cornwall-devon-und-suedengland\/#breadcrumb\",\"itemListElement\":[{\"@type\":\"ListItem\",\"position\":1,\"name\":\"Home\",\"item\":\"https:\/\/www.urlaubcornwall.de\/blog\/\"},{\"@type\":\"ListItem\",\"position\":2,\"name\":\"Golfurlaub f\u00fcr Gruppen in Cornwall, Devon und S\u00fcdengland\"}]}]}<\/script>\n<!-- \/ Yoast SEO plugin. -->","yoast_head_json":{"title":"Golfurlaub f\u00fcr Gruppen in Cornwall, Devon und S\u00fcdengland - Urlaub &amp; Reisen","robots":{"index":"index","follow":"follow","max-snippet":"max-snippet:-1","max-image-preview":"max-image-preview:large","max-video-preview":"max-video-preview:-1"},"canonical":"https:\/\/www.urlaubcornwall.de\/blog\/golfurlaub-fuer-gruppen-in-cornwall-devon-und-suedengland\/","og_locale":"en_US","og_type":"article","og_title":"Golfurlaub f\u00fcr Gruppen in Cornwall, Devon und S\u00fcdengland - Urlaub &amp; Reisen","og_description":"Golfurlaub in einer Gruppe Unsere \u201eGruppen-Urlaubsabteilung\u201c hat eine Menge Erfahrung und Wissen gewonnen aufgrund jahrelanger Unterst\u00fctzung von Gruppen in ihrer Planung und Organisation gro\u00dfartiger Golfurlaube und Rundreisen in S\u00fcdengland. &nbsp;Buchungen Ihres Gruppengolfurlaubes Wir legen Wert darauf, Ihnen ausgezeichneten Service und ein gro\u00dfartiges Preis-Leistungsverh\u00e4ltnis zu bieten sowie Detailgenauigkeit, so dass wir Ihnen erfolgreich dabei helfen k\u00f6nnen, [&hellip;]","og_url":"https:\/\/www.urlaubcornwall.de\/blog\/golfurlaub-fuer-gruppen-in-cornwall-devon-und-suedengland\/","og_site_name":"Urlaub &amp; Reisen","article_modified_time":"2024-05-29T08:24:17+00:00","og_image":[{"url":"https:\/\/www.urlaubcornwall.de\/blog\/wp-content\/uploads\/2016\/03\/Golf-urlaub-falmouth-cornwall.jpg"}],"twitter_card":"summary","twitter_misc":{"Est. reading time":"2 minutes"},"schema":{"@context":"https:\/\/schema.org","@graph":[{"@type":"WebSite","@id":"https:\/\/www.urlaubcornwall.de\/blog\/#website","url":"https:\/\/www.urlaubcornwall.de\/blog\/","name":"Urlaub &amp; Reisen","description":"Urlaub, Reisen, Cornwall und S\u00fcdengland: eine perfekte Kombination","potentialAction":[{"@type":"SearchAction","target":{"@type":"EntryPoint","urlTemplate":"https:\/\/www.urlaubcornwall.de\/blog\/?s={search_term_string}"},"query-input":"required name=search_term_string"}],"inLanguage":"en-US"},{"@type":"WebPage","@id":"https:\/\/www.urlaubcornwall.de\/blog\/golfurlaub-fuer-gruppen-in-cornwall-devon-und-suedengland\/","url":"https:\/\/www.urlaubcornwall.de\/blog\/golfurlaub-fuer-gruppen-in-cornwall-devon-und-suedengland\/","name":"Golfurlaub f\u00fcr Gruppen in Cornwall, Devon und S\u00fcdengland - Urlaub &amp; Reisen","isPartOf":{"@id":"https:\/\/www.urlaubcornwall.de\/blog\/#website"},"datePublished":"2015-01-14T16:11:48+00:00","dateModified":"2024-05-29T08:24:17+00:00","breadcrumb":{"@id":"https:\/\/www.urlaubcornwall.de\/blog\/golfurlaub-fuer-gruppen-in-cornwall-devon-und-suedengland\/#breadcrumb"},"inLanguage":"en-US","potentialAction":[{"@type":"ReadAction","target":["https:\/\/www.urlaubcornwall.de\/blog\/golfurlaub-fuer-gruppen-in-cornwall-devon-und-suedengland\/"]}]},{"@type":"BreadcrumbList","@id":"https:\/\/www.urlaubcornwall.de\/blog\/golfurlaub-fuer-gruppen-in-cornwall-devon-und-suedengland\/#breadcrumb","itemListElement":[{"@type":"ListItem","position":1,"name":"Home","item":"https:\/\/www.urlaubcornwall.de\/blog\/"},{"@type":"ListItem","position":2,"name":"Golfurlaub f\u00fcr Gruppen in Cornwall, Devon und S\u00fcdengland"}]}]}},"_links":{"self":[{"href":"https:\/\/www.urlaubcornwall.de\/blog\/wp-json\/wp\/v2\/pages\/17640"}],"collection":[{"href":"https:\/\/www.urlaubcornwall.de\/blog\/wp-json\/wp\/v2\/pages"}],"about":[{"href":"https:\/\/www.urlaubcornwall.de\/blog\/wp-json\/wp\/v2\/types\/page"}],"author":[{"embeddable":true,"href":"https:\/\/www.urlaubcornwall.de\/blog\/wp-json\/wp\/v2\/users\/1"}],"replies":[{"embeddable":true,"href":"https:\/\/www.urlaubcornwall.de\/blog\/wp-json\/wp\/v2\/comments?post=17640"}],"version-history":[{"count":6,"href":"https:\/\/www.urlaubcornwall.de\/blog\/wp-json\/wp\/v2\/pages\/17640\/revisions"}],"predecessor-version":[{"id":50533,"href":"https:\/\/www.urlaubcornwall.de\/blog\/wp-json\/wp\/v2\/pages\/17640\/revisions\/50533"}],"wp:attachment":[{"href":"https:\/\/www.urlaubcornwall.de\/blog\/wp-json\/wp\/v2\/media?parent=17640"}],"curies":[{"name":"wp","href":"https:\/\/api.w.org\/{rel}","templated":true}]}}