{"id":17632,"date":"2015-01-14T11:50:45","date_gmt":"2015-01-14T11:50:45","guid":{"rendered":"https:\/\/www.urlaubcornwall.de\/blog\/?page_id=17632"},"modified":"2024-05-27T11:26:38","modified_gmt":"2024-05-27T11:26:38","slug":"gruppenreisen-nach-england-fuer-oldtimerfans","status":"publish","type":"page","link":"https:\/\/www.urlaubcornwall.de\/blog\/gruppenreisen-nach-england-fuer-oldtimerfans\/","title":{"rendered":"Gruppenreisen nach England f\u00fcr Oldtimerfans"},"content":{"rendered":"<p><strong><a href=\"https:\/\/www.urlaubcornwall.de\/blog\/wp-content\/uploads\/2015\/01\/IMG_6477.jpg\"><img loading=\"lazy\" class=\"aligncenter size-full wp-image-17633\" src=\"https:\/\/www.urlaubcornwall.de\/blog\/wp-content\/uploads\/2015\/01\/IMG_6477.jpg\" alt=\"oldtimer england\" width=\"743\" height=\"300\" srcset=\"https:\/\/www.urlaubcornwall.de\/blog\/wp-content\/uploads\/2015\/01\/IMG_6477.jpg 743w, https:\/\/www.urlaubcornwall.de\/blog\/wp-content\/uploads\/2015\/01\/IMG_6477-300x121.jpg 300w\" sizes=\"(max-width: 743px) 100vw, 743px\" \/><\/a><\/strong><\/p>\n<p>Der Classic Car Markt ist nun bekannterweise der weltweit anspruchsvollste, und eine der Hauptst\u00e4rken liegt auf den UK Oldtimern. Briten haben schon immer ihre Autos geliebt, und heutzutage gibt es einen vollen Kalender klassischer Rennen, Veranstaltungen wie Goodwood Revival, Silverstone Classic, sowie eine Myriade gut organisierter Besitzerklubs und klassischer Touren. Somit sind diese Autos der Schl\u00fcssel zu einem Lebensstil, wie auch ein wundervolles St\u00fcck der Geschichte der Mechanik.<\/p>\n<p>Au\u00dferdem gibt es im Vereinigten K\u00f6nigreich jedes Jahr ungef\u00e4hr 800 klassische Sport-, Oldtimer- und Veteranen- Autoveranstaltungen. Darunter ist das<strong> \u201e<\/strong>Goodwood Festival of Speed\u201c m\u00f6glicherweise das bestbekannte und ein absolutes Muss f\u00fcr jeden Oldtimerfan. Da jedoch so viele Veranstaltungen das ganze Jahr \u00fcber stattfinden, stehen die Chancen gut, dass Ihre Gruppe an einer oder mehreren davon teilnehmen kann, w\u00e4hrend sie das Vereinigte K\u00f6nigreich besucht.<\/p>\n<p>Briten lieben ein gutes Museum, und wie wir nur allzu gut wissen, gibt es nichts Besseres als ein Automuseum. Gl\u00fccklicherweise ist dieses Land voller gro\u00dfartiger Automuseen. Vom historischen Brooklands Museum s\u00fcdlich von London gelegen bis hin zum Beaulieu National Motor Museum im Herzen des New Forest, dem Coventrys Transport Museum und dem Kulturerbe Motor Zentrum bei Gaydon, Deutsche Autofans werden geradezu verw\u00f6hnt mit einer reichen Auswahl f\u00fcr gro\u00dfartige Ausfl\u00fcge.<\/p>\n<div class=\"snippet\"> <a class=\"featured-item\" href=\" https:\/\/www.urlaubcornwall.de\/massgeschneiderte-gruppenreisen-und-touren.php \"> <span class=\"image-holder\" style=\"background-image: url(' https:\/\/www.urlaubcornwall.de\/blog\/wp-content\/uploads\/2024\/05\/gruppenreisen.jpg ');\"><\/span> <span class=\"featured-content\"> \n<h2 class=\"featured-title\"> Ma\u00dfgeschneiderte Gruppenreisen in Gro\u00dfbritannien<\/h2>\n<p class=\"featured-body\">Wir k\u00f6nnen Ihnen behilflich sein, eine fantastische Gruppenreise zusammenzustellen, auf der Sie die sch\u00f6nsten Sehensw\u00fcrdigkeiten Englands entdecken k\u00f6nnen. Auch interessante Oldtimer- und Veteranen- Autoveranstaltungen, Themenreisen, wie z.B. eine Gartentour oder Literaturreise&#8230;.<\/p>\n<\/span> <span class=\"featured-link-holder\"> <span class=\"featured-extra-info\"> \n<p>M\u00f6chten Sie eine private Busreise, Vereinreise, Seniorenreise, Klassenfahrt oder Gruppenfahrt organisieren?<\/p>\n<\/span> \n<p class=\"featured-link\">DETAILS<\/p>\n<\/span> <\/a><\/div>\n<p style=\"text-align: center;\"><a class=\"tidycta\" href=\"http:\/\/www.urlaubcornwall.de\/gruppenanfrage.php\">Gruppenreisen Anfrage<\/a><\/p>\n<p style=\"text-align: center;\"><strong>Wir garantieren Ihnen eine Antwort innerhalb von 24 Stunden.<\/strong><\/p>\n<p>Hier finden Sie eine Auswahl an unbedingt sehenswerten Autoveranstaltungen, die unsere Gruppen schon genossen haben:<\/p>\n<p><strong>Haynes Motor Museum: <\/strong>Versteckt gelegen im l\u00e4ndlichen Somerset befindet sich eine Sammlung an Automobilprestige und Geschichte. Das Haynes International Motor Museum bei Sparkford, nahe Yeovil, beheimatet \u00fcber 400 Autos und Motorr\u00e4der und ist Britanniens gr\u00f6\u00dftes Automobilmuseum.<\/p>\n<p>Das Museum wurde einst im Jahre 1985 von John Haynes er\u00f6ffnet, dem Begr\u00fcnder der Haynes Verlagsgruppe, der darauf hoffte, es gemeinsam mit seinem Werkstattgesch\u00e4ft zu betreiben.<\/p>\n<p>Was hier ausgestellt ist, ist eindrucksvoll und repr\u00e4sentiert die Automobilindustrie von 1800 bis hin zum heutigen Tage. Die amerikanische Sammlung umfasst s\u00e4mtliche Muscle Cars vom fr\u00fchen 20. Jahrhundert an, w\u00e4hrend der Vroom Raum \u2013 Teil der neuesten Umgestaltung \u2013 eine Reihe an Superautos pr\u00e4sentiert, einschlie\u00dflich eines Lamborghini Countach. Ebenso neu ist die MG und Morris Garage, die einigen klassischen Modellen der britischen Automobilgeschichte Ehrerbietung zollt. Der Rote Raum bedarf jedoch keiner weiteren Erkl\u00e4rung. Es ist eine Halle voller roter Autos, einschlie\u00dflich Fahrzeugen, die von Michael Schumacher und Sir Stirling Moss gefahren wurden.<\/p>\n<p><strong>Beaulieu National Motor Museum: <\/strong>Ein Name, der allen Autofreunden bekannt ist, ist Beaulieu<strong> &#8211; <\/strong>vollgestopft mit Geschichte und ein gro\u00dfartiger Tagesausflug f\u00fcr Automobilfreunde. Die Hauptexponate umfassen alles, von rekordbr\u00fcchigen Fahrzeugen bis hin zu Autos, die in Filmen eine Rolle spielten, desweiteren Rennw\u00e4gen von Autorennen, Formel Eins und Motorr\u00e4der Championships.<\/p>\n<p><strong>Heritage Motor Centre, Gaydon: <\/strong>Das Kulturerbezentrum feiert dieses Jahr seinen 21. Geburtstag und umfasst eine riesige Sammlung britischer Autos, 300 insgesamt. Die Betonung liegt auf hauseigen hergestellten Fahrzeugen. So finden Sie also Abzeichen neben Marken, die unter Lizenz hier hergestellt wurden.<\/p>\n<p><strong>Brooklands Museum: <\/strong>In Brooklands begann der gesamte Motorsport des K\u00f6nigreichs, und es war Standort der weltersten f\u00fcr diese Zwecke gebauten Rennstrecke. Das Museum zollt dem Ehrerbietung, indem es britische Ingenieurskunst und technische Wunder des 20. Jahrhunderts darstellt. Alternative Transportm\u00f6glichkeiten sind ebenfalls dargeboten mit einem Concorde Exponat und weiteren St\u00fccken der Fluggeschichte. Das gesamte Jahr \u00fcber finden besondere Autotage statt.<\/p>\n<p><strong>Coventry Transport Museum: <\/strong>Dies ist das Zuhause des Landgeschwindigkeits-Rekordhalters Thrust SCC, und es gibt sogar einen Simulator, in dem Besucher einen Eindruck davon gewinnen k\u00f6nnen wie es wohl ist, schneller zu sein als der Schall. Coventry ist auch das Zuhause der weltgr\u00f6\u00dften Sammlung britischen Stra\u00dfentransports mit einer enormen Ausstellung an Autos, kommerziellen Gef\u00e4hrten und R\u00e4dern.<\/p>\n<p><strong>Lakeland Motor Museum: <\/strong>An sich sanft dahin schwingenden H\u00fcgeln am \u00e4u\u00dferen Rand des Lake District gelegen, ist nicht nur die Umgebung des Lakeland Motor Museums eine angenehm zu betrachtende Attraktion. Im Museum erwartet Sie eine riesige Auswahl an Transportmitteln der vergangenen 100 Jahre. Modelle von Aston Martin, Jaguar und DeLorean stellen einen Teil der H\u00f6hepunkte dar.<\/p>\n<p>Gerne stellen wir f\u00fcr Sie einen Reiseplan zusammen, direkt auf Ihre Gruppe zugeschnitten. Falls Sie Mitglied eines Oldtimer Vereins sind, kontaktieren Sie uns noch heute.<\/p>\n<p><a href=\"http:\/\/www.urlaubcornwall.de\/massgeschneiderte-gruppenreisen-und-touren.php\">Gruppenreisen f\u00fcr Oldtimerfans:<\/a> Bei Urlaub Cornwall haben sie eine 30j\u00e4hrige Erfahrung darin, Fans von klassischen Autos dabei behilflich zu sein, ihrer Leidenschaft zu folgen. Wenn Sie also ein Mitglied eines Oldtimer Vereins sind, w\u00fcrden wir uns freuen, f\u00fcr Sie einen ma\u00dfgeschneiderten Reiseplan f\u00fcr Ihre ganz besondere Gruppe zusammenzustellen. Um mehr herauszufinden, kontaktieren Sie uns noch heute.<\/p>\n<p style=\"text-align: center;\"><a class=\"tidycta\" href=\"http:\/\/www.urlaubcornwall.de\/gruppenanfrage.php\">Gruppenreisen Anfrage<\/a><\/p>\n","protected":false},"excerpt":{"rendered":"<p>Der Classic Car Markt ist nun bekannterweise der weltweit anspruchsvollste, und eine der Hauptst\u00e4rken liegt auf den UK Oldtimern. Briten haben schon immer ihre Autos geliebt, und heutzutage gibt es einen vollen Kalender klassischer Rennen, Veranstaltungen wie Goodwood Revival, Silverstone Classic, sowie eine Myriade gut organisierter Besitzerklubs und klassischer Touren. Somit sind diese Autos der [&hellip;]<\/p>\n","protected":false},"author":1,"featured_media":0,"parent":0,"menu_order":0,"comment_status":"closed","ping_status":"closed","template":"single-four.php","meta":[],"acf":[],"yoast_head":"<!-- This site is optimized with the Yoast SEO plugin v19.4 - https:\/\/yoast.com\/wordpress\/plugins\/seo\/ -->\n<title>Gruppenreisen nach England f\u00fcr Oldtimerfans - Urlaub &amp; Reisen<\/title>\n<meta name=\"robots\" content=\"index, follow, max-snippet:-1, max-image-preview:large, max-video-preview:-1\" \/>\n<link rel=\"canonical\" href=\"https:\/\/www.urlaubcornwall.de\/blog\/gruppenreisen-nach-england-fuer-oldtimerfans\/\" \/>\n<meta property=\"og:locale\" content=\"en_US\" \/>\n<meta property=\"og:type\" content=\"article\" \/>\n<meta property=\"og:title\" content=\"Gruppenreisen nach England f\u00fcr Oldtimerfans - Urlaub &amp; Reisen\" \/>\n<meta property=\"og:description\" content=\"Der Classic Car Markt ist nun bekannterweise der weltweit anspruchsvollste, und eine der Hauptst\u00e4rken liegt auf den UK Oldtimern. Briten haben schon immer ihre Autos geliebt, und heutzutage gibt es einen vollen Kalender klassischer Rennen, Veranstaltungen wie Goodwood Revival, Silverstone Classic, sowie eine Myriade gut organisierter Besitzerklubs und klassischer Touren. Somit sind diese Autos der [&hellip;]\" \/>\n<meta property=\"og:url\" content=\"https:\/\/www.urlaubcornwall.de\/blog\/gruppenreisen-nach-england-fuer-oldtimerfans\/\" \/>\n<meta property=\"og:site_name\" content=\"Urlaub &amp; Reisen\" \/>\n<meta property=\"article:modified_time\" content=\"2024-05-27T11:26:38+00:00\" \/>\n<meta property=\"og:image\" content=\"https:\/\/www.urlaubcornwall.de\/blog\/wp-content\/uploads\/2015\/01\/IMG_6477.jpg\" \/>\n<meta name=\"twitter:card\" content=\"summary\" \/>\n<meta name=\"twitter:label1\" content=\"Est. reading time\" \/>\n\t<meta name=\"twitter:data1\" content=\"4 minutes\" \/>\n<script type=\"application\/ld+json\" class=\"yoast-schema-graph\">{\"@context\":\"https:\/\/schema.org\",\"@graph\":[{\"@type\":\"WebSite\",\"@id\":\"https:\/\/www.urlaubcornwall.de\/blog\/#website\",\"url\":\"https:\/\/www.urlaubcornwall.de\/blog\/\",\"name\":\"Urlaub &amp; Reisen\",\"description\":\"Urlaub, Reisen, Cornwall und S\u00fcdengland: eine perfekte Kombination\",\"potentialAction\":[{\"@type\":\"SearchAction\",\"target\":{\"@type\":\"EntryPoint\",\"urlTemplate\":\"https:\/\/www.urlaubcornwall.de\/blog\/?s={search_term_string}\"},\"query-input\":\"required name=search_term_string\"}],\"inLanguage\":\"en-US\"},{\"@type\":\"WebPage\",\"@id\":\"https:\/\/www.urlaubcornwall.de\/blog\/gruppenreisen-nach-england-fuer-oldtimerfans\/\",\"url\":\"https:\/\/www.urlaubcornwall.de\/blog\/gruppenreisen-nach-england-fuer-oldtimerfans\/\",\"name\":\"Gruppenreisen nach England f\u00fcr Oldtimerfans - Urlaub &amp; Reisen\",\"isPartOf\":{\"@id\":\"https:\/\/www.urlaubcornwall.de\/blog\/#website\"},\"datePublished\":\"2015-01-14T11:50:45+00:00\",\"dateModified\":\"2024-05-27T11:26:38+00:00\",\"breadcrumb\":{\"@id\":\"https:\/\/www.urlaubcornwall.de\/blog\/gruppenreisen-nach-england-fuer-oldtimerfans\/#breadcrumb\"},\"inLanguage\":\"en-US\",\"potentialAction\":[{\"@type\":\"ReadAction\",\"target\":[\"https:\/\/www.urlaubcornwall.de\/blog\/gruppenreisen-nach-england-fuer-oldtimerfans\/\"]}]},{\"@type\":\"BreadcrumbList\",\"@id\":\"https:\/\/www.urlaubcornwall.de\/blog\/gruppenreisen-nach-england-fuer-oldtimerfans\/#breadcrumb\",\"itemListElement\":[{\"@type\":\"ListItem\",\"position\":1,\"name\":\"Home\",\"item\":\"https:\/\/www.urlaubcornwall.de\/blog\/\"},{\"@type\":\"ListItem\",\"position\":2,\"name\":\"Gruppenreisen nach England f\u00fcr Oldtimerfans\"}]}]}<\/script>\n<!-- \/ Yoast SEO plugin. -->","yoast_head_json":{"title":"Gruppenreisen nach England f\u00fcr Oldtimerfans - Urlaub &amp; Reisen","robots":{"index":"index","follow":"follow","max-snippet":"max-snippet:-1","max-image-preview":"max-image-preview:large","max-video-preview":"max-video-preview:-1"},"canonical":"https:\/\/www.urlaubcornwall.de\/blog\/gruppenreisen-nach-england-fuer-oldtimerfans\/","og_locale":"en_US","og_type":"article","og_title":"Gruppenreisen nach England f\u00fcr Oldtimerfans - Urlaub &amp; Reisen","og_description":"Der Classic Car Markt ist nun bekannterweise der weltweit anspruchsvollste, und eine der Hauptst\u00e4rken liegt auf den UK Oldtimern. Briten haben schon immer ihre Autos geliebt, und heutzutage gibt es einen vollen Kalender klassischer Rennen, Veranstaltungen wie Goodwood Revival, Silverstone Classic, sowie eine Myriade gut organisierter Besitzerklubs und klassischer Touren. Somit sind diese Autos der [&hellip;]","og_url":"https:\/\/www.urlaubcornwall.de\/blog\/gruppenreisen-nach-england-fuer-oldtimerfans\/","og_site_name":"Urlaub &amp; Reisen","article_modified_time":"2024-05-27T11:26:38+00:00","og_image":[{"url":"https:\/\/www.urlaubcornwall.de\/blog\/wp-content\/uploads\/2015\/01\/IMG_6477.jpg"}],"twitter_card":"summary","twitter_misc":{"Est. reading time":"4 minutes"},"schema":{"@context":"https:\/\/schema.org","@graph":[{"@type":"WebSite","@id":"https:\/\/www.urlaubcornwall.de\/blog\/#website","url":"https:\/\/www.urlaubcornwall.de\/blog\/","name":"Urlaub &amp; Reisen","description":"Urlaub, Reisen, Cornwall und S\u00fcdengland: eine perfekte Kombination","potentialAction":[{"@type":"SearchAction","target":{"@type":"EntryPoint","urlTemplate":"https:\/\/www.urlaubcornwall.de\/blog\/?s={search_term_string}"},"query-input":"required name=search_term_string"}],"inLanguage":"en-US"},{"@type":"WebPage","@id":"https:\/\/www.urlaubcornwall.de\/blog\/gruppenreisen-nach-england-fuer-oldtimerfans\/","url":"https:\/\/www.urlaubcornwall.de\/blog\/gruppenreisen-nach-england-fuer-oldtimerfans\/","name":"Gruppenreisen nach England f\u00fcr Oldtimerfans - Urlaub &amp; Reisen","isPartOf":{"@id":"https:\/\/www.urlaubcornwall.de\/blog\/#website"},"datePublished":"2015-01-14T11:50:45+00:00","dateModified":"2024-05-27T11:26:38+00:00","breadcrumb":{"@id":"https:\/\/www.urlaubcornwall.de\/blog\/gruppenreisen-nach-england-fuer-oldtimerfans\/#breadcrumb"},"inLanguage":"en-US","potentialAction":[{"@type":"ReadAction","target":["https:\/\/www.urlaubcornwall.de\/blog\/gruppenreisen-nach-england-fuer-oldtimerfans\/"]}]},{"@type":"BreadcrumbList","@id":"https:\/\/www.urlaubcornwall.de\/blog\/gruppenreisen-nach-england-fuer-oldtimerfans\/#breadcrumb","itemListElement":[{"@type":"ListItem","position":1,"name":"Home","item":"https:\/\/www.urlaubcornwall.de\/blog\/"},{"@type":"ListItem","position":2,"name":"Gruppenreisen nach England f\u00fcr Oldtimerfans"}]}]}},"_links":{"self":[{"href":"https:\/\/www.urlaubcornwall.de\/blog\/wp-json\/wp\/v2\/pages\/17632"}],"collection":[{"href":"https:\/\/www.urlaubcornwall.de\/blog\/wp-json\/wp\/v2\/pages"}],"about":[{"href":"https:\/\/www.urlaubcornwall.de\/blog\/wp-json\/wp\/v2\/types\/page"}],"author":[{"embeddable":true,"href":"https:\/\/www.urlaubcornwall.de\/blog\/wp-json\/wp\/v2\/users\/1"}],"replies":[{"embeddable":true,"href":"https:\/\/www.urlaubcornwall.de\/blog\/wp-json\/wp\/v2\/comments?post=17632"}],"version-history":[{"count":9,"href":"https:\/\/www.urlaubcornwall.de\/blog\/wp-json\/wp\/v2\/pages\/17632\/revisions"}],"predecessor-version":[{"id":50258,"href":"https:\/\/www.urlaubcornwall.de\/blog\/wp-json\/wp\/v2\/pages\/17632\/revisions\/50258"}],"wp:attachment":[{"href":"https:\/\/www.urlaubcornwall.de\/blog\/wp-json\/wp\/v2\/media?parent=17632"}],"curies":[{"name":"wp","href":"https:\/\/api.w.org\/{rel}","templated":true}]}}