{"id":17448,"date":"2014-12-11T17:17:03","date_gmt":"2014-12-11T17:17:03","guid":{"rendered":"https:\/\/www.urlaubcornwall.de\/blog\/?page_id=17448"},"modified":"2024-05-27T11:20:55","modified_gmt":"2024-05-27T11:20:55","slug":"gruppenreisen-durch-grossbritannien-fuer-eisenbahnfreunde-england-wales-und-schottland","status":"publish","type":"page","link":"https:\/\/www.urlaubcornwall.de\/blog\/gruppenreisen-durch-grossbritannien-fuer-eisenbahnfreunde-england-wales-und-schottland\/","title":{"rendered":"Gruppenreisen durch Gro\u00dfbritannien f\u00fcr Eisenbahnfreunde &#8211; England, Wales und Schottland"},"content":{"rendered":"<p><strong><a href=\"https:\/\/www.urlaubcornwall.de\/blog\/wp-content\/uploads\/2014\/12\/Severn-Valley-Railway-2.jpg\"><img loading=\"lazy\" class=\"aligncenter size-full wp-image-17449\" src=\"https:\/\/www.urlaubcornwall.de\/blog\/wp-content\/uploads\/2014\/12\/Severn-Valley-Railway-2.jpg\" alt=\"Dampflokomotiven England\" height=\"454\" width=\"744\" srcset=\"https:\/\/www.urlaubcornwall.de\/blog\/wp-content\/uploads\/2014\/12\/Severn-Valley-Railway-2.jpg 744w, https:\/\/www.urlaubcornwall.de\/blog\/wp-content\/uploads\/2014\/12\/Severn-Valley-Railway-2-300x183.jpg 300w\" sizes=\"(max-width: 744px) 100vw, 744px\" \/><\/a><\/strong><\/p>\n<p>Da Gro\u00dfbritannien die Geburtsst\u00e4tte der Eisenbahn ist, gibt es eine Reihe an nahezu 200 historischer Bahnstrecken, die im ganzen Land verstreut liegen, und die es Eisenbahnfreunden erm\u00f6glichen, in die Vergangenheit einzutauchen und Bahnfahren einer l\u00e4ngst vergangenen \u00c4ra zu erleben. Die Mehrheit davon hat Dampflokomotiven, die von begeisterten Eisenbahnfreunden liebevoll in Stand gehalten werden. An vielen Strecken befinden sich auch Museen, die es Besuchern erm\u00f6glichen, s\u00e4mtliche Aspekte des Reisens w\u00e4hrend des goldenen Zeitalters der Dampfmaschinen kennen zu lernen.<\/p>\n<div class=\"snippet\"> <a class=\"featured-item\" href=\" https:\/\/www.urlaubcornwall.de\/massgeschneiderte-gruppenreisen-und-touren.php \"> <span class=\"image-holder\" style=\"background-image: url(' https:\/\/www.urlaubcornwall.de\/blog\/wp-content\/uploads\/2024\/05\/gruppenreisen.jpg ');\"><\/span> <span class=\"featured-content\"> \n<h2 class=\"featured-title\">Ma\u00dfgeschneiderte Gruppenreisen in Gro\u00dfbritannien<\/h2>\n<p class=\"featured-body\">Als spezialisierte Tourismusorganisation kann UrlaubCornwall f\u00fcr Sie ma\u00dfgeschneiderte Busrundreisen, Gruppenf\u00fchrungen oder Veranstaltungen mit deutschsprachiger Reisebegleitung und fachkundigen einheimischen Reiseleitern nach Ihren spezifischen Anforderungen und Bed\u00fcrfnissen organisieren&#8230;<\/p>\n<\/span> <span class=\"featured-link-holder\"> <span class=\"featured-extra-info\"> \n<p> Auch interessante Themenreisen, Gartenreise, Literaturreise oder Chorreise\u2026<\/p>\n<\/span> \n<p class=\"featured-link\">DETAILS<\/p>\n<\/span> <\/a><\/div>\n<p>Viele der Normal-Breitspuren (einschlie\u00dflich ehemaliger Zweiglinien und Hauptrouten) wurden urspr\u00fcnglich in den 1960ern von der britischen Eisenbahngenossenschaft geschlossen. Jedoch wurden auch Linien, die w\u00e4hrend der folgenden Jahrzehnten geschlossen wurden, restauriert und als Privat- oder Erblinien betrieben. Eine kleinere Anzahl an Linien war einst industrielle oder&nbsp; Grubeneisenbahn.<\/p>\n<p>Viele dieser bewahrten Bahnstrecken, Linien und Bahnzentren sind beliebte Touristenattraktionen und tragen nicht unerheblich zur Wirtschaft vor Ort bei.<\/p>\n<p>Da derart historische Bahnstrecken ziemlich zu gleichen Anteilen in England, Schottland und Wales verstreut liegen, k\u00f6nnen ma\u00dfgeschneiderte Reisepl\u00e4ne f\u00fcr Gruppen zusammengestellt werden. Somit haben Sie die M\u00f6glichkeit, eine breite Anzahl historischer Bahnstrecken problemlos zu besuchen, ohne zu gro\u00dfe Entfernungen zur\u00fccklegen zu m\u00fcssen.<\/p>\n<p>Eine gut geplante Reise wird ein unvergessliches Erlebnis werden f\u00fcr Gruppen, die daran interessiert sind, das reiche Erbe der britischen Eisenbahn zu entdecken. <a href=\"https:\/\/www.urlaubcornwall.de\/massgeschneiderte-gruppenreisen-und-touren.php\">Mit \u00fcber 30j\u00e4hriger Erfahrung in Gruppenreisen<\/a> sind wir in der Lage, Trittbrettfahrten zu organisieren oder einen Besuch im Weichenstellgeb\u00e4ude, sowie Arbeitserfahrungen f\u00fcr begeisterte Eisenbahnfreunde und sind Ihnen gerne dabei behilflich, jeden Aspekt Ihrer Reise zu planen. Lassen Sie uns eine einzigartige Dampfeisenbahnerfahrung f\u00fcr Ihre Gruppe oder Ihren Klub zusammenstellen.<\/p>\n<p style=\"text-align: center;\"><a class=\"tidycta\" href=\"http:\/\/www.urlaubcornwall.de\/gruppenanfrage.php\">Gruppenreisen Anfrage<\/a><\/p>\n","protected":false},"excerpt":{"rendered":"<p>Da Gro\u00dfbritannien die Geburtsst\u00e4tte der Eisenbahn ist, gibt es eine Reihe an nahezu 200 historischer Bahnstrecken, die im ganzen Land verstreut liegen, und die es Eisenbahnfreunden erm\u00f6glichen, in die Vergangenheit einzutauchen und Bahnfahren einer l\u00e4ngst vergangenen \u00c4ra zu erleben. Die Mehrheit davon hat Dampflokomotiven, die von begeisterten Eisenbahnfreunden liebevoll in Stand gehalten werden. An vielen [&hellip;]<\/p>\n","protected":false},"author":1,"featured_media":0,"parent":0,"menu_order":0,"comment_status":"closed","ping_status":"closed","template":"single-four.php","meta":[],"acf":[],"yoast_head":"<!-- This site is optimized with the Yoast SEO plugin v19.4 - https:\/\/yoast.com\/wordpress\/plugins\/seo\/ -->\n<title>Gruppenreisen durch Gro\u00dfbritannien f\u00fcr Eisenbahnfreunde - England, Wales und Schottland - Urlaub &amp; Reisen<\/title>\n<meta name=\"robots\" content=\"index, follow, max-snippet:-1, max-image-preview:large, max-video-preview:-1\" \/>\n<link rel=\"canonical\" href=\"https:\/\/www.urlaubcornwall.de\/blog\/gruppenreisen-durch-grossbritannien-fuer-eisenbahnfreunde-england-wales-und-schottland\/\" \/>\n<meta property=\"og:locale\" content=\"en_US\" \/>\n<meta property=\"og:type\" content=\"article\" \/>\n<meta property=\"og:title\" content=\"Gruppenreisen durch Gro\u00dfbritannien f\u00fcr Eisenbahnfreunde - England, Wales und Schottland - Urlaub &amp; Reisen\" \/>\n<meta property=\"og:description\" content=\"Da Gro\u00dfbritannien die Geburtsst\u00e4tte der Eisenbahn ist, gibt es eine Reihe an nahezu 200 historischer Bahnstrecken, die im ganzen Land verstreut liegen, und die es Eisenbahnfreunden erm\u00f6glichen, in die Vergangenheit einzutauchen und Bahnfahren einer l\u00e4ngst vergangenen \u00c4ra zu erleben. Die Mehrheit davon hat Dampflokomotiven, die von begeisterten Eisenbahnfreunden liebevoll in Stand gehalten werden. An vielen [&hellip;]\" \/>\n<meta property=\"og:url\" content=\"https:\/\/www.urlaubcornwall.de\/blog\/gruppenreisen-durch-grossbritannien-fuer-eisenbahnfreunde-england-wales-und-schottland\/\" \/>\n<meta property=\"og:site_name\" content=\"Urlaub &amp; Reisen\" \/>\n<meta property=\"article:modified_time\" content=\"2024-05-27T11:20:55+00:00\" \/>\n<meta property=\"og:image\" content=\"https:\/\/www.urlaubcornwall.de\/blog\/wp-content\/uploads\/2014\/12\/Severn-Valley-Railway-2.jpg\" \/>\n<meta name=\"twitter:card\" content=\"summary\" \/>\n<meta name=\"twitter:label1\" content=\"Est. reading time\" \/>\n\t<meta name=\"twitter:data1\" content=\"2 minutes\" \/>\n<script type=\"application\/ld+json\" class=\"yoast-schema-graph\">{\"@context\":\"https:\/\/schema.org\",\"@graph\":[{\"@type\":\"WebSite\",\"@id\":\"https:\/\/www.urlaubcornwall.de\/blog\/#website\",\"url\":\"https:\/\/www.urlaubcornwall.de\/blog\/\",\"name\":\"Urlaub &amp; Reisen\",\"description\":\"Urlaub, Reisen, Cornwall und S\u00fcdengland: eine perfekte Kombination\",\"potentialAction\":[{\"@type\":\"SearchAction\",\"target\":{\"@type\":\"EntryPoint\",\"urlTemplate\":\"https:\/\/www.urlaubcornwall.de\/blog\/?s={search_term_string}\"},\"query-input\":\"required name=search_term_string\"}],\"inLanguage\":\"en-US\"},{\"@type\":\"WebPage\",\"@id\":\"https:\/\/www.urlaubcornwall.de\/blog\/gruppenreisen-durch-grossbritannien-fuer-eisenbahnfreunde-england-wales-und-schottland\/\",\"url\":\"https:\/\/www.urlaubcornwall.de\/blog\/gruppenreisen-durch-grossbritannien-fuer-eisenbahnfreunde-england-wales-und-schottland\/\",\"name\":\"Gruppenreisen durch Gro\u00dfbritannien f\u00fcr Eisenbahnfreunde - England, Wales und Schottland - Urlaub &amp; Reisen\",\"isPartOf\":{\"@id\":\"https:\/\/www.urlaubcornwall.de\/blog\/#website\"},\"datePublished\":\"2014-12-11T17:17:03+00:00\",\"dateModified\":\"2024-05-27T11:20:55+00:00\",\"breadcrumb\":{\"@id\":\"https:\/\/www.urlaubcornwall.de\/blog\/gruppenreisen-durch-grossbritannien-fuer-eisenbahnfreunde-england-wales-und-schottland\/#breadcrumb\"},\"inLanguage\":\"en-US\",\"potentialAction\":[{\"@type\":\"ReadAction\",\"target\":[\"https:\/\/www.urlaubcornwall.de\/blog\/gruppenreisen-durch-grossbritannien-fuer-eisenbahnfreunde-england-wales-und-schottland\/\"]}]},{\"@type\":\"BreadcrumbList\",\"@id\":\"https:\/\/www.urlaubcornwall.de\/blog\/gruppenreisen-durch-grossbritannien-fuer-eisenbahnfreunde-england-wales-und-schottland\/#breadcrumb\",\"itemListElement\":[{\"@type\":\"ListItem\",\"position\":1,\"name\":\"Home\",\"item\":\"https:\/\/www.urlaubcornwall.de\/blog\/\"},{\"@type\":\"ListItem\",\"position\":2,\"name\":\"Gruppenreisen durch Gro\u00dfbritannien f\u00fcr Eisenbahnfreunde &#8211; England, Wales und Schottland\"}]}]}<\/script>\n<!-- \/ Yoast SEO plugin. -->","yoast_head_json":{"title":"Gruppenreisen durch Gro\u00dfbritannien f\u00fcr Eisenbahnfreunde - England, Wales und Schottland - Urlaub &amp; Reisen","robots":{"index":"index","follow":"follow","max-snippet":"max-snippet:-1","max-image-preview":"max-image-preview:large","max-video-preview":"max-video-preview:-1"},"canonical":"https:\/\/www.urlaubcornwall.de\/blog\/gruppenreisen-durch-grossbritannien-fuer-eisenbahnfreunde-england-wales-und-schottland\/","og_locale":"en_US","og_type":"article","og_title":"Gruppenreisen durch Gro\u00dfbritannien f\u00fcr Eisenbahnfreunde - England, Wales und Schottland - Urlaub &amp; Reisen","og_description":"Da Gro\u00dfbritannien die Geburtsst\u00e4tte der Eisenbahn ist, gibt es eine Reihe an nahezu 200 historischer Bahnstrecken, die im ganzen Land verstreut liegen, und die es Eisenbahnfreunden erm\u00f6glichen, in die Vergangenheit einzutauchen und Bahnfahren einer l\u00e4ngst vergangenen \u00c4ra zu erleben. Die Mehrheit davon hat Dampflokomotiven, die von begeisterten Eisenbahnfreunden liebevoll in Stand gehalten werden. An vielen [&hellip;]","og_url":"https:\/\/www.urlaubcornwall.de\/blog\/gruppenreisen-durch-grossbritannien-fuer-eisenbahnfreunde-england-wales-und-schottland\/","og_site_name":"Urlaub &amp; Reisen","article_modified_time":"2024-05-27T11:20:55+00:00","og_image":[{"url":"https:\/\/www.urlaubcornwall.de\/blog\/wp-content\/uploads\/2014\/12\/Severn-Valley-Railway-2.jpg"}],"twitter_card":"summary","twitter_misc":{"Est. reading time":"2 minutes"},"schema":{"@context":"https:\/\/schema.org","@graph":[{"@type":"WebSite","@id":"https:\/\/www.urlaubcornwall.de\/blog\/#website","url":"https:\/\/www.urlaubcornwall.de\/blog\/","name":"Urlaub &amp; Reisen","description":"Urlaub, Reisen, Cornwall und S\u00fcdengland: eine perfekte Kombination","potentialAction":[{"@type":"SearchAction","target":{"@type":"EntryPoint","urlTemplate":"https:\/\/www.urlaubcornwall.de\/blog\/?s={search_term_string}"},"query-input":"required name=search_term_string"}],"inLanguage":"en-US"},{"@type":"WebPage","@id":"https:\/\/www.urlaubcornwall.de\/blog\/gruppenreisen-durch-grossbritannien-fuer-eisenbahnfreunde-england-wales-und-schottland\/","url":"https:\/\/www.urlaubcornwall.de\/blog\/gruppenreisen-durch-grossbritannien-fuer-eisenbahnfreunde-england-wales-und-schottland\/","name":"Gruppenreisen durch Gro\u00dfbritannien f\u00fcr Eisenbahnfreunde - England, Wales und Schottland - Urlaub &amp; Reisen","isPartOf":{"@id":"https:\/\/www.urlaubcornwall.de\/blog\/#website"},"datePublished":"2014-12-11T17:17:03+00:00","dateModified":"2024-05-27T11:20:55+00:00","breadcrumb":{"@id":"https:\/\/www.urlaubcornwall.de\/blog\/gruppenreisen-durch-grossbritannien-fuer-eisenbahnfreunde-england-wales-und-schottland\/#breadcrumb"},"inLanguage":"en-US","potentialAction":[{"@type":"ReadAction","target":["https:\/\/www.urlaubcornwall.de\/blog\/gruppenreisen-durch-grossbritannien-fuer-eisenbahnfreunde-england-wales-und-schottland\/"]}]},{"@type":"BreadcrumbList","@id":"https:\/\/www.urlaubcornwall.de\/blog\/gruppenreisen-durch-grossbritannien-fuer-eisenbahnfreunde-england-wales-und-schottland\/#breadcrumb","itemListElement":[{"@type":"ListItem","position":1,"name":"Home","item":"https:\/\/www.urlaubcornwall.de\/blog\/"},{"@type":"ListItem","position":2,"name":"Gruppenreisen durch Gro\u00dfbritannien f\u00fcr Eisenbahnfreunde &#8211; England, Wales und Schottland"}]}]}},"_links":{"self":[{"href":"https:\/\/www.urlaubcornwall.de\/blog\/wp-json\/wp\/v2\/pages\/17448"}],"collection":[{"href":"https:\/\/www.urlaubcornwall.de\/blog\/wp-json\/wp\/v2\/pages"}],"about":[{"href":"https:\/\/www.urlaubcornwall.de\/blog\/wp-json\/wp\/v2\/types\/page"}],"author":[{"embeddable":true,"href":"https:\/\/www.urlaubcornwall.de\/blog\/wp-json\/wp\/v2\/users\/1"}],"replies":[{"embeddable":true,"href":"https:\/\/www.urlaubcornwall.de\/blog\/wp-json\/wp\/v2\/comments?post=17448"}],"version-history":[{"count":7,"href":"https:\/\/www.urlaubcornwall.de\/blog\/wp-json\/wp\/v2\/pages\/17448\/revisions"}],"predecessor-version":[{"id":50244,"href":"https:\/\/www.urlaubcornwall.de\/blog\/wp-json\/wp\/v2\/pages\/17448\/revisions\/50244"}],"wp:attachment":[{"href":"https:\/\/www.urlaubcornwall.de\/blog\/wp-json\/wp\/v2\/media?parent=17448"}],"curies":[{"name":"wp","href":"https:\/\/api.w.org\/{rel}","templated":true}]}}