{"id":17405,"date":"2014-12-03T17:14:27","date_gmt":"2014-12-03T17:14:27","guid":{"rendered":"https:\/\/www.urlaubcornwall.de\/blog\/?page_id=17405"},"modified":"2021-08-31T15:20:44","modified_gmt":"2021-08-31T15:20:44","slug":"ferienhaus-prussia-cove-am-meer-blue-seas","status":"publish","type":"page","link":"https:\/\/www.urlaubcornwall.de\/blog\/ferienhaus-prussia-cove-am-meer-blue-seas\/","title":{"rendered":"Ferienhaus Prussia Cove am Meer: Blue Seas"},"content":{"rendered":"<p><strong>4 Schlafzimmer, Schlafplatz f\u00fcr 7 + Kinderbett, leider keine Haustiere erlaubt, Ferienhaus mit Meerblick 3.1 Kilometer SO von Marazion, S\u00fcdwest-Cornwall. Preisspanne N (\u00a3516 &#8211; \u00a31386)<\/strong><\/p>\n<p>Der glitzernde atlantische Ozean und St Michael\u2019s Mount sind sichtbar von diesem nach S\u00fcden hin gelegenen Geb\u00e4ude. Mit einem Getr\u00e4nk in der Hand k\u00f6nnen Sie nach einem Strandtag oder einer Erkundungstour durch diese herrliche Region entspannen. Einen kurzen Spaziergang entfernt vom K\u00fcstenpfad, ist Blue Seas eine zeitgen\u00f6ssische, freistehende, ebenerdige Unterkunft in einer kleinen l\u00e4ndlichen Ansiedlung im Binnenland, nicht weit vom Perranuthnoe Strand entfernt.<\/p>\n<p style=\"text-align: center;\"><a class=\"tidycta\" href=\"https:\/\/www.urlaubcornwall.de\/ferienhaeuser-fewos\/marazion.html\"><\/a>Ferienh\u00e4user Marazion<\/p>\n<p>Das stilvolle Wohnzimmer verf\u00fcgt \u00fcber ein loderndes offenes Feuer und riesige Fenster, die das Licht einfluten lassen. Entlang des Korridors, vorbei an zweien der vier Schlafzimmer und dem Familienbadezimmer befindet sich der K\u00fcchen-\/Essbereich. Der Bauerntisch steht an den Terrassent\u00fcren. Von hier aus haben Sie Blick \u00fcber die Landschaft hin zum Meer, w\u00e4hrend Sie zum Beispiel eine Familienzusammenkunft genie\u00dfen. Drau\u00dfen ist die Terrasse ausgestattet mit einem Teakholztisch, St\u00fchlen und einer Menge Topfpflanzen. Bitte beachten Sie, dass das Grundst\u00fcck 2 Fu\u00df abf\u00e4llt hinunter zur Rasenfl\u00e4che und somit diese Unterkunft f\u00fcr Kinder unter acht Jahren ungeeignet sein l\u00e4sst, ausgenommen Babys bis zu sechs Monaten, die getragen werden.<\/p>\n<h3>Ausstattung &amp; Dienstleistungen<\/h3>\n<p>Einschlie\u00dflich Heizung, Kinderreisebett, Hochstuhl, WiFi.<\/p>\n<h3>Verschiedenes<\/h3>\n<ul>\n<li>Private Parkm\u00f6glichkeit f\u00fcr 2 Autos<\/li>\n<li>Gartenm\u00f6bel und Grill<\/li>\n<li>Einkaufsgesch\u00e4ft 1,5 km<\/li>\n<li>Kneipe 1,5km<\/li>\n<li>Golf (18 Loch) 8km<\/li>\n<li>Nichtraucher<\/li>\n<li>Bedauerlicherweise keine Kinder von 1-7 Jahren<\/li>\n<li>Bedauerlicherweise keine Haustiere<\/li>\n<li>Ankunft\/Abreise Freitag<\/li>\n<\/ul>\n<p style=\"text-align: center;\"><a class=\"tidycta\" href=\"https:\/\/www.urlaubcornwall.de\/ferienhaeuser-fewos\/marazion.html\"><\/a>Ferienh\u00e4user Marazion<\/p>\n","protected":false},"excerpt":{"rendered":"<p>4 Schlafzimmer, Schlafplatz f\u00fcr 7 + Kinderbett, leider keine Haustiere erlaubt, Ferienhaus mit Meerblick 3.1 Kilometer SO von Marazion, S\u00fcdwest-Cornwall. Preisspanne N (\u00a3516 &#8211; \u00a31386) Der glitzernde atlantische Ozean und St Michael\u2019s Mount sind sichtbar von diesem nach S\u00fcden hin gelegenen Geb\u00e4ude. Mit einem Getr\u00e4nk in der Hand k\u00f6nnen Sie nach einem Strandtag oder einer [&hellip;]<\/p>\n","protected":false},"author":1,"featured_media":0,"parent":0,"menu_order":0,"comment_status":"closed","ping_status":"closed","template":"single-two.php","meta":[],"acf":[],"yoast_head":"<!-- This site is optimized with the Yoast SEO plugin v19.4 - https:\/\/yoast.com\/wordpress\/plugins\/seo\/ -->\n<title>Ferienhaus Prussia Cove am Meer: Blue Seas - Urlaub &amp; Reisen<\/title>\n<meta name=\"robots\" content=\"index, follow, max-snippet:-1, max-image-preview:large, max-video-preview:-1\" \/>\n<link rel=\"canonical\" href=\"https:\/\/www.urlaubcornwall.de\/blog\/ferienhaus-prussia-cove-am-meer-blue-seas\/\" \/>\n<meta property=\"og:locale\" content=\"en_US\" \/>\n<meta property=\"og:type\" content=\"article\" \/>\n<meta property=\"og:title\" content=\"Ferienhaus Prussia Cove am Meer: Blue Seas - Urlaub &amp; Reisen\" \/>\n<meta property=\"og:description\" content=\"4 Schlafzimmer, Schlafplatz f\u00fcr 7 + Kinderbett, leider keine Haustiere erlaubt, Ferienhaus mit Meerblick 3.1 Kilometer SO von Marazion, S\u00fcdwest-Cornwall. Preisspanne N (\u00a3516 &#8211; \u00a31386) Der glitzernde atlantische Ozean und St Michael\u2019s Mount sind sichtbar von diesem nach S\u00fcden hin gelegenen Geb\u00e4ude. Mit einem Getr\u00e4nk in der Hand k\u00f6nnen Sie nach einem Strandtag oder einer [&hellip;]\" \/>\n<meta property=\"og:url\" content=\"https:\/\/www.urlaubcornwall.de\/blog\/ferienhaus-prussia-cove-am-meer-blue-seas\/\" \/>\n<meta property=\"og:site_name\" content=\"Urlaub &amp; Reisen\" \/>\n<meta property=\"article:modified_time\" content=\"2021-08-31T15:20:44+00:00\" \/>\n<meta name=\"twitter:card\" content=\"summary\" \/>\n<meta name=\"twitter:label1\" content=\"Est. reading time\" \/>\n\t<meta name=\"twitter:data1\" content=\"1 minute\" \/>\n<script type=\"application\/ld+json\" class=\"yoast-schema-graph\">{\"@context\":\"https:\/\/schema.org\",\"@graph\":[{\"@type\":\"WebSite\",\"@id\":\"https:\/\/www.urlaubcornwall.de\/blog\/#website\",\"url\":\"https:\/\/www.urlaubcornwall.de\/blog\/\",\"name\":\"Urlaub &amp; Reisen\",\"description\":\"Urlaub, Reisen, Cornwall und S\u00fcdengland: eine perfekte Kombination\",\"potentialAction\":[{\"@type\":\"SearchAction\",\"target\":{\"@type\":\"EntryPoint\",\"urlTemplate\":\"https:\/\/www.urlaubcornwall.de\/blog\/?s={search_term_string}\"},\"query-input\":\"required name=search_term_string\"}],\"inLanguage\":\"en-US\"},{\"@type\":\"WebPage\",\"@id\":\"https:\/\/www.urlaubcornwall.de\/blog\/ferienhaus-prussia-cove-am-meer-blue-seas\/\",\"url\":\"https:\/\/www.urlaubcornwall.de\/blog\/ferienhaus-prussia-cove-am-meer-blue-seas\/\",\"name\":\"Ferienhaus Prussia Cove am Meer: Blue Seas - Urlaub &amp; Reisen\",\"isPartOf\":{\"@id\":\"https:\/\/www.urlaubcornwall.de\/blog\/#website\"},\"datePublished\":\"2014-12-03T17:14:27+00:00\",\"dateModified\":\"2021-08-31T15:20:44+00:00\",\"breadcrumb\":{\"@id\":\"https:\/\/www.urlaubcornwall.de\/blog\/ferienhaus-prussia-cove-am-meer-blue-seas\/#breadcrumb\"},\"inLanguage\":\"en-US\",\"potentialAction\":[{\"@type\":\"ReadAction\",\"target\":[\"https:\/\/www.urlaubcornwall.de\/blog\/ferienhaus-prussia-cove-am-meer-blue-seas\/\"]}]},{\"@type\":\"BreadcrumbList\",\"@id\":\"https:\/\/www.urlaubcornwall.de\/blog\/ferienhaus-prussia-cove-am-meer-blue-seas\/#breadcrumb\",\"itemListElement\":[{\"@type\":\"ListItem\",\"position\":1,\"name\":\"Home\",\"item\":\"https:\/\/www.urlaubcornwall.de\/blog\/\"},{\"@type\":\"ListItem\",\"position\":2,\"name\":\"Ferienhaus Prussia Cove am Meer: Blue Seas\"}]}]}<\/script>\n<!-- \/ Yoast SEO plugin. -->","yoast_head_json":{"title":"Ferienhaus Prussia Cove am Meer: Blue Seas - Urlaub &amp; Reisen","robots":{"index":"index","follow":"follow","max-snippet":"max-snippet:-1","max-image-preview":"max-image-preview:large","max-video-preview":"max-video-preview:-1"},"canonical":"https:\/\/www.urlaubcornwall.de\/blog\/ferienhaus-prussia-cove-am-meer-blue-seas\/","og_locale":"en_US","og_type":"article","og_title":"Ferienhaus Prussia Cove am Meer: Blue Seas - Urlaub &amp; Reisen","og_description":"4 Schlafzimmer, Schlafplatz f\u00fcr 7 + Kinderbett, leider keine Haustiere erlaubt, Ferienhaus mit Meerblick 3.1 Kilometer SO von Marazion, S\u00fcdwest-Cornwall. Preisspanne N (\u00a3516 &#8211; \u00a31386) Der glitzernde atlantische Ozean und St Michael\u2019s Mount sind sichtbar von diesem nach S\u00fcden hin gelegenen Geb\u00e4ude. Mit einem Getr\u00e4nk in der Hand k\u00f6nnen Sie nach einem Strandtag oder einer [&hellip;]","og_url":"https:\/\/www.urlaubcornwall.de\/blog\/ferienhaus-prussia-cove-am-meer-blue-seas\/","og_site_name":"Urlaub &amp; Reisen","article_modified_time":"2021-08-31T15:20:44+00:00","twitter_card":"summary","twitter_misc":{"Est. reading time":"1 minute"},"schema":{"@context":"https:\/\/schema.org","@graph":[{"@type":"WebSite","@id":"https:\/\/www.urlaubcornwall.de\/blog\/#website","url":"https:\/\/www.urlaubcornwall.de\/blog\/","name":"Urlaub &amp; Reisen","description":"Urlaub, Reisen, Cornwall und S\u00fcdengland: eine perfekte Kombination","potentialAction":[{"@type":"SearchAction","target":{"@type":"EntryPoint","urlTemplate":"https:\/\/www.urlaubcornwall.de\/blog\/?s={search_term_string}"},"query-input":"required name=search_term_string"}],"inLanguage":"en-US"},{"@type":"WebPage","@id":"https:\/\/www.urlaubcornwall.de\/blog\/ferienhaus-prussia-cove-am-meer-blue-seas\/","url":"https:\/\/www.urlaubcornwall.de\/blog\/ferienhaus-prussia-cove-am-meer-blue-seas\/","name":"Ferienhaus Prussia Cove am Meer: Blue Seas - Urlaub &amp; Reisen","isPartOf":{"@id":"https:\/\/www.urlaubcornwall.de\/blog\/#website"},"datePublished":"2014-12-03T17:14:27+00:00","dateModified":"2021-08-31T15:20:44+00:00","breadcrumb":{"@id":"https:\/\/www.urlaubcornwall.de\/blog\/ferienhaus-prussia-cove-am-meer-blue-seas\/#breadcrumb"},"inLanguage":"en-US","potentialAction":[{"@type":"ReadAction","target":["https:\/\/www.urlaubcornwall.de\/blog\/ferienhaus-prussia-cove-am-meer-blue-seas\/"]}]},{"@type":"BreadcrumbList","@id":"https:\/\/www.urlaubcornwall.de\/blog\/ferienhaus-prussia-cove-am-meer-blue-seas\/#breadcrumb","itemListElement":[{"@type":"ListItem","position":1,"name":"Home","item":"https:\/\/www.urlaubcornwall.de\/blog\/"},{"@type":"ListItem","position":2,"name":"Ferienhaus Prussia Cove am Meer: Blue Seas"}]}]}},"_links":{"self":[{"href":"https:\/\/www.urlaubcornwall.de\/blog\/wp-json\/wp\/v2\/pages\/17405"}],"collection":[{"href":"https:\/\/www.urlaubcornwall.de\/blog\/wp-json\/wp\/v2\/pages"}],"about":[{"href":"https:\/\/www.urlaubcornwall.de\/blog\/wp-json\/wp\/v2\/types\/page"}],"author":[{"embeddable":true,"href":"https:\/\/www.urlaubcornwall.de\/blog\/wp-json\/wp\/v2\/users\/1"}],"replies":[{"embeddable":true,"href":"https:\/\/www.urlaubcornwall.de\/blog\/wp-json\/wp\/v2\/comments?post=17405"}],"version-history":[{"count":3,"href":"https:\/\/www.urlaubcornwall.de\/blog\/wp-json\/wp\/v2\/pages\/17405\/revisions"}],"predecessor-version":[{"id":42371,"href":"https:\/\/www.urlaubcornwall.de\/blog\/wp-json\/wp\/v2\/pages\/17405\/revisions\/42371"}],"wp:attachment":[{"href":"https:\/\/www.urlaubcornwall.de\/blog\/wp-json\/wp\/v2\/media?parent=17405"}],"curies":[{"name":"wp","href":"https:\/\/api.w.org\/{rel}","templated":true}]}}