{"id":17395,"date":"2014-12-03T17:05:32","date_gmt":"2014-12-03T17:05:32","guid":{"rendered":"https:\/\/www.urlaubcornwall.de\/blog\/?page_id=17395"},"modified":"2021-08-31T15:19:22","modified_gmt":"2021-08-31T15:19:22","slug":"ferienhaus-newlyn-rubble-cottage","status":"publish","type":"page","link":"https:\/\/www.urlaubcornwall.de\/blog\/ferienhaus-newlyn-rubble-cottage\/","title":{"rendered":"Ferienhaus Newlyn &#8211; Rubble Cottage"},"content":{"rendered":"<p><strong>3 Schlafzimmer, Schlafplatz f\u00fcr 6 + Kinderbett, leider keine Haustiere erlaubt, Ferienhaus 2.3 Kilometer N von Mousehole, West-Cornwall. Preisspanne K (\u00a3435 &#8211; \u00a31134)<\/strong><\/p>\n<p>Ein herrliches Reihen-Ferienhaus aus dem 18. Jahrhundert am Hafen in der \u00e4ltesten Stra\u00dfe Newlyns, dieses stilvolle denkmalgesch\u00fctzte Cottage erstreckt sich \u00fcber drei Stockwerke, hat Kalksteinb\u00f6den, eine Mischung aus zeitgen\u00f6ssischen und antiken M\u00f6beln. Es wurde gemeinsam mit English Heritage vollkommen restauriert.<\/p>\n<p style=\"text-align: center;\"><a class=\"tidycta\" href=\"https:\/\/www.urlaubcornwall.de\/ferienhaeuser-fewos\/newlyn.html\"><\/a>Suche Ferienh\u00e4user Newlyn<\/p>\n<p>Die Eingangshalle f\u00fchrt in einen h\u00fcbschen Gartenraum mit Weidensofa und St\u00fchlen, der wiederum auf eine kleine, eingegrenzte Terrasse mit Schieferboden hinter dem Haus f\u00fchrt. Der K\u00fcchen-Essbereich hat einen cremefarbenen Aga, sowie einen Herd und eine Mikrowelle mit Grill. Der ausziehbare Tisch bietet Raum f\u00fcr sechs Personen. Das gem\u00fctliche Wohnzimmer hat kuschelige stoffbezogene Sofas und einen gro\u00dfen Holzofen. Im ersten Stock befinden sich zwei Schlafzimmer und ein Familienbadezimmer mit Badewanne und separater Dusche. Eine weitere Treppe hinauf befindet sich das ger\u00e4umige en-Suite Hauptschlafzimmer mit einem 6 Fu\u00df-Bett und Fernsehger\u00e4t. Von hier aus k\u00f6nnen Sie einen Blick auf die Mounts Bucht erhaschen. Ganz in der N\u00e4he, im Dorfzentrum, befinden sich Galerien und Gesch\u00e4fte, sowie einige hervorragende Kneipen.<\/p>\n<h3>Ausstattung &amp; Dienstleistungen<\/h3>\n<p>Einschlie\u00dflich Gasheizung, Kinderreisebett, Hochstuhl, WiFi.<\/p>\n<h3>Verschiedenes<\/h3>\n<ul>\n<li>\u00d6ffentlicher Parkplatz 300m ( einschlie\u00dflich Parkticket)<\/li>\n<li>Einkaufsgesch\u00e4ft 300m<\/li>\n<li>Kneipe 100m<\/li>\n<li>Nichtraucher<\/li>\n<li>Bedauerlicherweise keine Haustiere<\/li>\n<li>Ankunft\/Abreise Freitag<\/li>\n<\/ul>\n<p style=\"text-align: center;\"><a class=\"tidycta\" href=\"https:\/\/www.urlaubcornwall.de\/ferienhaeuser-fewos\/newlyn.html\"><\/a>Suche Ferienh\u00e4user Newlyn<\/p>\n","protected":false},"excerpt":{"rendered":"<p>3 Schlafzimmer, Schlafplatz f\u00fcr 6 + Kinderbett, leider keine Haustiere erlaubt, Ferienhaus 2.3 Kilometer N von Mousehole, West-Cornwall. Preisspanne K (\u00a3435 &#8211; \u00a31134) Ein herrliches Reihen-Ferienhaus aus dem 18. Jahrhundert am Hafen in der \u00e4ltesten Stra\u00dfe Newlyns, dieses stilvolle denkmalgesch\u00fctzte Cottage erstreckt sich \u00fcber drei Stockwerke, hat Kalksteinb\u00f6den, eine Mischung aus zeitgen\u00f6ssischen und antiken M\u00f6beln. [&hellip;]<\/p>\n","protected":false},"author":1,"featured_media":0,"parent":0,"menu_order":0,"comment_status":"closed","ping_status":"closed","template":"single-two.php","meta":[],"acf":[],"yoast_head":"<!-- This site is optimized with the Yoast SEO plugin v19.4 - https:\/\/yoast.com\/wordpress\/plugins\/seo\/ -->\n<title>Ferienhaus Newlyn - Rubble Cottage - Urlaub &amp; Reisen<\/title>\n<meta name=\"robots\" content=\"index, follow, max-snippet:-1, max-image-preview:large, max-video-preview:-1\" \/>\n<link rel=\"canonical\" href=\"https:\/\/www.urlaubcornwall.de\/blog\/ferienhaus-newlyn-rubble-cottage\/\" \/>\n<meta property=\"og:locale\" content=\"en_US\" \/>\n<meta property=\"og:type\" content=\"article\" \/>\n<meta property=\"og:title\" content=\"Ferienhaus Newlyn - Rubble Cottage - Urlaub &amp; Reisen\" \/>\n<meta property=\"og:description\" content=\"3 Schlafzimmer, Schlafplatz f\u00fcr 6 + Kinderbett, leider keine Haustiere erlaubt, Ferienhaus 2.3 Kilometer N von Mousehole, West-Cornwall. Preisspanne K (\u00a3435 &#8211; \u00a31134) Ein herrliches Reihen-Ferienhaus aus dem 18. Jahrhundert am Hafen in der \u00e4ltesten Stra\u00dfe Newlyns, dieses stilvolle denkmalgesch\u00fctzte Cottage erstreckt sich \u00fcber drei Stockwerke, hat Kalksteinb\u00f6den, eine Mischung aus zeitgen\u00f6ssischen und antiken M\u00f6beln. [&hellip;]\" \/>\n<meta property=\"og:url\" content=\"https:\/\/www.urlaubcornwall.de\/blog\/ferienhaus-newlyn-rubble-cottage\/\" \/>\n<meta property=\"og:site_name\" content=\"Urlaub &amp; Reisen\" \/>\n<meta property=\"article:modified_time\" content=\"2021-08-31T15:19:22+00:00\" \/>\n<meta name=\"twitter:card\" content=\"summary\" \/>\n<meta name=\"twitter:label1\" content=\"Est. reading time\" \/>\n\t<meta name=\"twitter:data1\" content=\"1 minute\" \/>\n<script type=\"application\/ld+json\" class=\"yoast-schema-graph\">{\"@context\":\"https:\/\/schema.org\",\"@graph\":[{\"@type\":\"WebSite\",\"@id\":\"https:\/\/www.urlaubcornwall.de\/blog\/#website\",\"url\":\"https:\/\/www.urlaubcornwall.de\/blog\/\",\"name\":\"Urlaub &amp; Reisen\",\"description\":\"Urlaub, Reisen, Cornwall und S\u00fcdengland: eine perfekte Kombination\",\"potentialAction\":[{\"@type\":\"SearchAction\",\"target\":{\"@type\":\"EntryPoint\",\"urlTemplate\":\"https:\/\/www.urlaubcornwall.de\/blog\/?s={search_term_string}\"},\"query-input\":\"required name=search_term_string\"}],\"inLanguage\":\"en-US\"},{\"@type\":\"WebPage\",\"@id\":\"https:\/\/www.urlaubcornwall.de\/blog\/ferienhaus-newlyn-rubble-cottage\/\",\"url\":\"https:\/\/www.urlaubcornwall.de\/blog\/ferienhaus-newlyn-rubble-cottage\/\",\"name\":\"Ferienhaus Newlyn - Rubble Cottage - Urlaub &amp; Reisen\",\"isPartOf\":{\"@id\":\"https:\/\/www.urlaubcornwall.de\/blog\/#website\"},\"datePublished\":\"2014-12-03T17:05:32+00:00\",\"dateModified\":\"2021-08-31T15:19:22+00:00\",\"breadcrumb\":{\"@id\":\"https:\/\/www.urlaubcornwall.de\/blog\/ferienhaus-newlyn-rubble-cottage\/#breadcrumb\"},\"inLanguage\":\"en-US\",\"potentialAction\":[{\"@type\":\"ReadAction\",\"target\":[\"https:\/\/www.urlaubcornwall.de\/blog\/ferienhaus-newlyn-rubble-cottage\/\"]}]},{\"@type\":\"BreadcrumbList\",\"@id\":\"https:\/\/www.urlaubcornwall.de\/blog\/ferienhaus-newlyn-rubble-cottage\/#breadcrumb\",\"itemListElement\":[{\"@type\":\"ListItem\",\"position\":1,\"name\":\"Home\",\"item\":\"https:\/\/www.urlaubcornwall.de\/blog\/\"},{\"@type\":\"ListItem\",\"position\":2,\"name\":\"Ferienhaus Newlyn &#8211; Rubble Cottage\"}]}]}<\/script>\n<!-- \/ Yoast SEO plugin. -->","yoast_head_json":{"title":"Ferienhaus Newlyn - Rubble Cottage - Urlaub &amp; Reisen","robots":{"index":"index","follow":"follow","max-snippet":"max-snippet:-1","max-image-preview":"max-image-preview:large","max-video-preview":"max-video-preview:-1"},"canonical":"https:\/\/www.urlaubcornwall.de\/blog\/ferienhaus-newlyn-rubble-cottage\/","og_locale":"en_US","og_type":"article","og_title":"Ferienhaus Newlyn - Rubble Cottage - Urlaub &amp; Reisen","og_description":"3 Schlafzimmer, Schlafplatz f\u00fcr 6 + Kinderbett, leider keine Haustiere erlaubt, Ferienhaus 2.3 Kilometer N von Mousehole, West-Cornwall. Preisspanne K (\u00a3435 &#8211; \u00a31134) Ein herrliches Reihen-Ferienhaus aus dem 18. Jahrhundert am Hafen in der \u00e4ltesten Stra\u00dfe Newlyns, dieses stilvolle denkmalgesch\u00fctzte Cottage erstreckt sich \u00fcber drei Stockwerke, hat Kalksteinb\u00f6den, eine Mischung aus zeitgen\u00f6ssischen und antiken M\u00f6beln. [&hellip;]","og_url":"https:\/\/www.urlaubcornwall.de\/blog\/ferienhaus-newlyn-rubble-cottage\/","og_site_name":"Urlaub &amp; Reisen","article_modified_time":"2021-08-31T15:19:22+00:00","twitter_card":"summary","twitter_misc":{"Est. reading time":"1 minute"},"schema":{"@context":"https:\/\/schema.org","@graph":[{"@type":"WebSite","@id":"https:\/\/www.urlaubcornwall.de\/blog\/#website","url":"https:\/\/www.urlaubcornwall.de\/blog\/","name":"Urlaub &amp; Reisen","description":"Urlaub, Reisen, Cornwall und S\u00fcdengland: eine perfekte Kombination","potentialAction":[{"@type":"SearchAction","target":{"@type":"EntryPoint","urlTemplate":"https:\/\/www.urlaubcornwall.de\/blog\/?s={search_term_string}"},"query-input":"required name=search_term_string"}],"inLanguage":"en-US"},{"@type":"WebPage","@id":"https:\/\/www.urlaubcornwall.de\/blog\/ferienhaus-newlyn-rubble-cottage\/","url":"https:\/\/www.urlaubcornwall.de\/blog\/ferienhaus-newlyn-rubble-cottage\/","name":"Ferienhaus Newlyn - Rubble Cottage - Urlaub &amp; Reisen","isPartOf":{"@id":"https:\/\/www.urlaubcornwall.de\/blog\/#website"},"datePublished":"2014-12-03T17:05:32+00:00","dateModified":"2021-08-31T15:19:22+00:00","breadcrumb":{"@id":"https:\/\/www.urlaubcornwall.de\/blog\/ferienhaus-newlyn-rubble-cottage\/#breadcrumb"},"inLanguage":"en-US","potentialAction":[{"@type":"ReadAction","target":["https:\/\/www.urlaubcornwall.de\/blog\/ferienhaus-newlyn-rubble-cottage\/"]}]},{"@type":"BreadcrumbList","@id":"https:\/\/www.urlaubcornwall.de\/blog\/ferienhaus-newlyn-rubble-cottage\/#breadcrumb","itemListElement":[{"@type":"ListItem","position":1,"name":"Home","item":"https:\/\/www.urlaubcornwall.de\/blog\/"},{"@type":"ListItem","position":2,"name":"Ferienhaus Newlyn &#8211; Rubble Cottage"}]}]}},"_links":{"self":[{"href":"https:\/\/www.urlaubcornwall.de\/blog\/wp-json\/wp\/v2\/pages\/17395"}],"collection":[{"href":"https:\/\/www.urlaubcornwall.de\/blog\/wp-json\/wp\/v2\/pages"}],"about":[{"href":"https:\/\/www.urlaubcornwall.de\/blog\/wp-json\/wp\/v2\/types\/page"}],"author":[{"embeddable":true,"href":"https:\/\/www.urlaubcornwall.de\/blog\/wp-json\/wp\/v2\/users\/1"}],"replies":[{"embeddable":true,"href":"https:\/\/www.urlaubcornwall.de\/blog\/wp-json\/wp\/v2\/comments?post=17395"}],"version-history":[{"count":4,"href":"https:\/\/www.urlaubcornwall.de\/blog\/wp-json\/wp\/v2\/pages\/17395\/revisions"}],"predecessor-version":[{"id":42370,"href":"https:\/\/www.urlaubcornwall.de\/blog\/wp-json\/wp\/v2\/pages\/17395\/revisions\/42370"}],"wp:attachment":[{"href":"https:\/\/www.urlaubcornwall.de\/blog\/wp-json\/wp\/v2\/media?parent=17395"}],"curies":[{"name":"wp","href":"https:\/\/api.w.org\/{rel}","templated":true}]}}