{"id":17384,"date":"2014-12-03T16:54:27","date_gmt":"2014-12-03T16:54:27","guid":{"rendered":"https:\/\/www.urlaubcornwall.de\/blog\/?page_id=17384"},"modified":"2021-09-02T10:03:46","modified_gmt":"2021-09-02T10:03:46","slug":"ferienhaus-perranuthnoe-strand-cliff-house-2789","status":"publish","type":"page","link":"https:\/\/www.urlaubcornwall.de\/blog\/ferienhaus-perranuthnoe-strand-cliff-house-2789\/","title":{"rendered":"Ferienhaus Perranuthnoe Strand: Cliff House"},"content":{"rendered":"<p><strong>4 Schlafzimmer, Schlafplatz f\u00fcr 8 + Kinderbett, leider keine Haustiere erlaubt, Ferienhaus mit Meerblick 2.7 Kilometer SO von Marazion, S\u00fcdwest-Cornwall. Preisspanne V (\u00a3774 &#8211; \u00a32247)<\/strong><\/p>\n<p>Cliff House ist ein warmes, stilvolles, freistehendes Ferienhaus mit un\u00fcbertrefflichem Meeresblick und exquisiter Ausstattung. Die komfortablen Schlafzimmer verf\u00fcgen allesamt \u00fcber herrlichen Meeresblick au\u00dfer einem (im Erdgeschoss), das Blick \u00fcber den eingegrenzten Garten bietet. Das en-Suite Hauptschlafzimmer im ersten Stock ist riesig und hat einen separaten Bereich mit Kinderreisebett. Die beiden Schlafzimmer im Erdgeschoss haben Betten, die getrennt oder verbunden werden k\u00f6nnen, so dass Sie hier flexibel sein k\u00f6nnen. Die K\u00fcche ist herrlich und gut ausgestattet mit s\u00e4mtlichen Ger\u00e4ten, die Sie brauchen, um eine Mahlzeit zuzubereiten. Sie k\u00f6nnen dann vor dem lodernden Holzofen im Ess-\/Wohnbereich sitzen und ein oder zwei Glas Port genie\u00dfen.<\/p>\n<p style=\"text-align: center;\"><a class=\"tidycta\" href=\"https:\/\/www.urlaubcornwall.de\/ferienhaeuser-fewos\/marazion.html\">Suche Ferienh\u00e4user nahe Perranuthnoe<\/a><\/p>\n<p>Hoch \u00fcber dem Perranuthnoe Strand gelegen, ist dies ein hervorragender Ort f\u00fcr ein derart luxuri\u00f6ses Ferienhaus. \u2013 Sie k\u00f6nnen bei Regen oder Sonnenschein Meeresblick genie\u00dfen; im Winter den St\u00fcrmen zuschauen oder an einem hei\u00dfen Sommertag auf der Terrasse sonnenbaden. Perranuthnoes wundersch\u00f6ner Sandstrand ist sicher f\u00fcr Kinder und gut geeignet zum Kajaken und Surfen. Der Klippenpfad verl\u00e4uft ein paar Meter vom Haus entfernt und von dort aus k\u00f6nnen Sie meilenweit spazieren, entweder nach Osten oder Westen. Dabei sind Sie niemals mehr als ein paar Meter vom Meer entfernt. Dies ist tats\u00e4chlich ein perfekter Ort f\u00fcr ganz besondere Familienurlaube.<\/p>\n<h3>Ausstattung &amp; Dienstleistungen<\/h3>\n<p>Einschlie\u00dflich Heizung, Kinderreisebett, Hochstuhl, WiFi.<\/p>\n<h3>Verschiedenes<\/h3>\n<ul>\n<li>Private Parkm\u00f6glichkeit f\u00fcr 3 Autos<\/li>\n<li>Gartenm\u00f6bel und Grill<\/li>\n<li>Einkaufsgesch\u00e4ft 150m<\/li>\n<li>Kneipe 200m<\/li>\n<li>Nichtraucher<\/li>\n<li>Bedauerlicherweise keine Haustiere<\/li>\n<li>Ankunft\/Abreise Freitag<\/li>\n<\/ul>\n<p style=\"text-align: center;\"><a class=\"tidycta\" href=\"https:\/\/www.urlaubcornwall.de\/ferienhaeuser-fewos\/marazion.html\">Suche Ferienh\u00e4user nahe Perranuthnoe<\/a><\/p>\n<p>Um UrlaubCornwall.de einzigartige Kollektion nach Ihrem idealen Ferienhaus zu durchsuchen. <a href=\"https:\/\/www.urlaubcornwall.de\/ferienhaeuser\/cornwall.php\"><span style=\"text-decoration: underline;\">Klicken Sie hier<\/span> &gt;&gt;<\/a><\/p>\n<p>Um UrlaubCornwall.de einzigartige Kollektion nach Ihrem idealen Ferienhaus zu durchsuchen. <a href=\"https:\/\/www.urlaubcornwall.de\/ferienhaeuser\/cornwall.php\"><span style=\"text-decoration: underline;\">Klicken Sie hier<\/span> &gt;&gt;<\/a><\/p>\n","protected":false},"excerpt":{"rendered":"<p>4 Schlafzimmer, Schlafplatz f\u00fcr 8 + Kinderbett, leider keine Haustiere erlaubt, Ferienhaus mit Meerblick 2.7 Kilometer SO von Marazion, S\u00fcdwest-Cornwall. Preisspanne V (\u00a3774 &#8211; \u00a32247) Cliff House ist ein warmes, stilvolles, freistehendes Ferienhaus mit un\u00fcbertrefflichem Meeresblick und exquisiter Ausstattung. Die komfortablen Schlafzimmer verf\u00fcgen allesamt \u00fcber herrlichen Meeresblick au\u00dfer einem (im Erdgeschoss), das Blick \u00fcber den [&hellip;]<\/p>\n","protected":false},"author":1,"featured_media":0,"parent":0,"menu_order":0,"comment_status":"closed","ping_status":"closed","template":"single-two.php","meta":[],"acf":[],"yoast_head":"<!-- This site is optimized with the Yoast SEO plugin v19.4 - https:\/\/yoast.com\/wordpress\/plugins\/seo\/ -->\n<title>Ferienhaus Perranuthnoe Strand: Cliff House - Urlaub &amp; Reisen<\/title>\n<meta name=\"robots\" content=\"index, follow, max-snippet:-1, max-image-preview:large, max-video-preview:-1\" \/>\n<link rel=\"canonical\" href=\"https:\/\/www.urlaubcornwall.de\/blog\/ferienhaus-perranuthnoe-strand-cliff-house-2789\/\" \/>\n<meta property=\"og:locale\" content=\"en_US\" \/>\n<meta property=\"og:type\" content=\"article\" \/>\n<meta property=\"og:title\" content=\"Ferienhaus Perranuthnoe Strand: Cliff House - Urlaub &amp; Reisen\" \/>\n<meta property=\"og:description\" content=\"4 Schlafzimmer, Schlafplatz f\u00fcr 8 + Kinderbett, leider keine Haustiere erlaubt, Ferienhaus mit Meerblick 2.7 Kilometer SO von Marazion, S\u00fcdwest-Cornwall. Preisspanne V (\u00a3774 &#8211; \u00a32247) Cliff House ist ein warmes, stilvolles, freistehendes Ferienhaus mit un\u00fcbertrefflichem Meeresblick und exquisiter Ausstattung. Die komfortablen Schlafzimmer verf\u00fcgen allesamt \u00fcber herrlichen Meeresblick au\u00dfer einem (im Erdgeschoss), das Blick \u00fcber den [&hellip;]\" \/>\n<meta property=\"og:url\" content=\"https:\/\/www.urlaubcornwall.de\/blog\/ferienhaus-perranuthnoe-strand-cliff-house-2789\/\" \/>\n<meta property=\"og:site_name\" content=\"Urlaub &amp; Reisen\" \/>\n<meta property=\"article:modified_time\" content=\"2021-09-02T10:03:46+00:00\" \/>\n<meta name=\"twitter:card\" content=\"summary\" \/>\n<meta name=\"twitter:label1\" content=\"Est. reading time\" \/>\n\t<meta name=\"twitter:data1\" content=\"2 minutes\" \/>\n<script type=\"application\/ld+json\" class=\"yoast-schema-graph\">{\"@context\":\"https:\/\/schema.org\",\"@graph\":[{\"@type\":\"WebSite\",\"@id\":\"https:\/\/www.urlaubcornwall.de\/blog\/#website\",\"url\":\"https:\/\/www.urlaubcornwall.de\/blog\/\",\"name\":\"Urlaub &amp; Reisen\",\"description\":\"Urlaub, Reisen, Cornwall und S\u00fcdengland: eine perfekte Kombination\",\"potentialAction\":[{\"@type\":\"SearchAction\",\"target\":{\"@type\":\"EntryPoint\",\"urlTemplate\":\"https:\/\/www.urlaubcornwall.de\/blog\/?s={search_term_string}\"},\"query-input\":\"required name=search_term_string\"}],\"inLanguage\":\"en-US\"},{\"@type\":\"WebPage\",\"@id\":\"https:\/\/www.urlaubcornwall.de\/blog\/ferienhaus-perranuthnoe-strand-cliff-house-2789\/\",\"url\":\"https:\/\/www.urlaubcornwall.de\/blog\/ferienhaus-perranuthnoe-strand-cliff-house-2789\/\",\"name\":\"Ferienhaus Perranuthnoe Strand: Cliff House - Urlaub &amp; Reisen\",\"isPartOf\":{\"@id\":\"https:\/\/www.urlaubcornwall.de\/blog\/#website\"},\"datePublished\":\"2014-12-03T16:54:27+00:00\",\"dateModified\":\"2021-09-02T10:03:46+00:00\",\"breadcrumb\":{\"@id\":\"https:\/\/www.urlaubcornwall.de\/blog\/ferienhaus-perranuthnoe-strand-cliff-house-2789\/#breadcrumb\"},\"inLanguage\":\"en-US\",\"potentialAction\":[{\"@type\":\"ReadAction\",\"target\":[\"https:\/\/www.urlaubcornwall.de\/blog\/ferienhaus-perranuthnoe-strand-cliff-house-2789\/\"]}]},{\"@type\":\"BreadcrumbList\",\"@id\":\"https:\/\/www.urlaubcornwall.de\/blog\/ferienhaus-perranuthnoe-strand-cliff-house-2789\/#breadcrumb\",\"itemListElement\":[{\"@type\":\"ListItem\",\"position\":1,\"name\":\"Home\",\"item\":\"https:\/\/www.urlaubcornwall.de\/blog\/\"},{\"@type\":\"ListItem\",\"position\":2,\"name\":\"Ferienhaus Perranuthnoe Strand: Cliff House\"}]}]}<\/script>\n<!-- \/ Yoast SEO plugin. -->","yoast_head_json":{"title":"Ferienhaus Perranuthnoe Strand: Cliff House - Urlaub &amp; Reisen","robots":{"index":"index","follow":"follow","max-snippet":"max-snippet:-1","max-image-preview":"max-image-preview:large","max-video-preview":"max-video-preview:-1"},"canonical":"https:\/\/www.urlaubcornwall.de\/blog\/ferienhaus-perranuthnoe-strand-cliff-house-2789\/","og_locale":"en_US","og_type":"article","og_title":"Ferienhaus Perranuthnoe Strand: Cliff House - Urlaub &amp; Reisen","og_description":"4 Schlafzimmer, Schlafplatz f\u00fcr 8 + Kinderbett, leider keine Haustiere erlaubt, Ferienhaus mit Meerblick 2.7 Kilometer SO von Marazion, S\u00fcdwest-Cornwall. Preisspanne V (\u00a3774 &#8211; \u00a32247) Cliff House ist ein warmes, stilvolles, freistehendes Ferienhaus mit un\u00fcbertrefflichem Meeresblick und exquisiter Ausstattung. Die komfortablen Schlafzimmer verf\u00fcgen allesamt \u00fcber herrlichen Meeresblick au\u00dfer einem (im Erdgeschoss), das Blick \u00fcber den [&hellip;]","og_url":"https:\/\/www.urlaubcornwall.de\/blog\/ferienhaus-perranuthnoe-strand-cliff-house-2789\/","og_site_name":"Urlaub &amp; Reisen","article_modified_time":"2021-09-02T10:03:46+00:00","twitter_card":"summary","twitter_misc":{"Est. reading time":"2 minutes"},"schema":{"@context":"https:\/\/schema.org","@graph":[{"@type":"WebSite","@id":"https:\/\/www.urlaubcornwall.de\/blog\/#website","url":"https:\/\/www.urlaubcornwall.de\/blog\/","name":"Urlaub &amp; Reisen","description":"Urlaub, Reisen, Cornwall und S\u00fcdengland: eine perfekte Kombination","potentialAction":[{"@type":"SearchAction","target":{"@type":"EntryPoint","urlTemplate":"https:\/\/www.urlaubcornwall.de\/blog\/?s={search_term_string}"},"query-input":"required name=search_term_string"}],"inLanguage":"en-US"},{"@type":"WebPage","@id":"https:\/\/www.urlaubcornwall.de\/blog\/ferienhaus-perranuthnoe-strand-cliff-house-2789\/","url":"https:\/\/www.urlaubcornwall.de\/blog\/ferienhaus-perranuthnoe-strand-cliff-house-2789\/","name":"Ferienhaus Perranuthnoe Strand: Cliff House - Urlaub &amp; Reisen","isPartOf":{"@id":"https:\/\/www.urlaubcornwall.de\/blog\/#website"},"datePublished":"2014-12-03T16:54:27+00:00","dateModified":"2021-09-02T10:03:46+00:00","breadcrumb":{"@id":"https:\/\/www.urlaubcornwall.de\/blog\/ferienhaus-perranuthnoe-strand-cliff-house-2789\/#breadcrumb"},"inLanguage":"en-US","potentialAction":[{"@type":"ReadAction","target":["https:\/\/www.urlaubcornwall.de\/blog\/ferienhaus-perranuthnoe-strand-cliff-house-2789\/"]}]},{"@type":"BreadcrumbList","@id":"https:\/\/www.urlaubcornwall.de\/blog\/ferienhaus-perranuthnoe-strand-cliff-house-2789\/#breadcrumb","itemListElement":[{"@type":"ListItem","position":1,"name":"Home","item":"https:\/\/www.urlaubcornwall.de\/blog\/"},{"@type":"ListItem","position":2,"name":"Ferienhaus Perranuthnoe Strand: Cliff House"}]}]}},"_links":{"self":[{"href":"https:\/\/www.urlaubcornwall.de\/blog\/wp-json\/wp\/v2\/pages\/17384"}],"collection":[{"href":"https:\/\/www.urlaubcornwall.de\/blog\/wp-json\/wp\/v2\/pages"}],"about":[{"href":"https:\/\/www.urlaubcornwall.de\/blog\/wp-json\/wp\/v2\/types\/page"}],"author":[{"embeddable":true,"href":"https:\/\/www.urlaubcornwall.de\/blog\/wp-json\/wp\/v2\/users\/1"}],"replies":[{"embeddable":true,"href":"https:\/\/www.urlaubcornwall.de\/blog\/wp-json\/wp\/v2\/comments?post=17384"}],"version-history":[{"count":5,"href":"https:\/\/www.urlaubcornwall.de\/blog\/wp-json\/wp\/v2\/pages\/17384\/revisions"}],"predecessor-version":[{"id":42449,"href":"https:\/\/www.urlaubcornwall.de\/blog\/wp-json\/wp\/v2\/pages\/17384\/revisions\/42449"}],"wp:attachment":[{"href":"https:\/\/www.urlaubcornwall.de\/blog\/wp-json\/wp\/v2\/media?parent=17384"}],"curies":[{"name":"wp","href":"https:\/\/api.w.org\/{rel}","templated":true}]}}