{"id":17370,"date":"2014-12-03T16:22:59","date_gmt":"2014-12-03T16:22:59","guid":{"rendered":"https:\/\/www.urlaubcornwall.de\/blog\/?page_id=17370"},"modified":"2021-09-02T09:35:19","modified_gmt":"2021-09-02T09:35:19","slug":"ferienhaus-lelant-driftwood","status":"publish","type":"page","link":"https:\/\/www.urlaubcornwall.de\/blog\/ferienhaus-lelant-driftwood\/","title":{"rendered":"Ferienhaus in Lelant am Meer : Driftwood"},"content":{"rendered":"<p><strong>3 Schlafzimmer, Schlafplatz f\u00fcr 6 + Kinderbett, hundefreundlich, Ferienhaus strandnah 4 Kilometer SO von St Ives, West-Cornwall. Preisspanne M (\u00a3480 &#8211; \u00a31275)<\/strong><\/p>\n<p>Im Zentrum des gesch\u00e4ftigen Dorfes Lelant gelegen, gerade einmal \u00fcber zwei Meilen von St Ives entfernt, ist Driftwood zu jeder Jahreszeit ein stilvolles Ferienhaus. Betreten Sie den offenen K\u00fcchen-\/Essbereich und spazieren Sie hindurch ins Wohnzimmer mit gro\u00dfer komfortabler Sitzecke und Plasmafernseher. Dieser sch\u00f6ne, lichte Raum hat Blick auf die Terrasse und deren moderne Wasserspiele. Eine zweite Terrasse mit beheizter Au\u00dfendusche ist \u00fcber den Haushaltsraum zug\u00e4nglich. Im ersten Stock befinden sich drei moderne Doppelschlafzimmer. Eines davon hat Stufen zum \u201eVersteck\u201c im zweiten Stock \u2013 einem Spieleraum mit Fernsehger\u00e4t und einer Wii- Spielekonsole.<\/p>\n<p style=\"text-align: center;\"><a class=\"tidycta\" href=\"https:\/\/www.urlaubcornwall.de\/ferienhaeuser-fewos\/st-ives.html\">Suche Ferienh\u00e4user St Ives<\/a><\/p>\n<p>Eine ausgezeichnete Kneipe befindet sich gegen\u00fcberliegend, und in 10 Minuten erreichen Sie die herrlichen Str\u00e4nde, den Bahnhof und den Lelant Golfplatz, ein ideales Ziel f\u00fcr Familienurlaube.<\/p>\n<h3>Ausstattung &amp; Dienstleistungen<\/h3>\n<p>Einschlie\u00dflich Heizung, Kinderreisebett, Hochstuhl, WiFi.<\/p>\n<h3>Verschiedenes<\/h3>\n<ul>\n<li>Private Parkm\u00f6glichkeit f\u00fcr 1 Auto<\/li>\n<li>Freisitzm\u00f6bel<\/li>\n<li>Einkaufsgesch\u00e4ft 1 km<\/li>\n<li>Kneipe 100m<\/li>\n<li>Golf (18 Loch) 300m<\/li>\n<li>Reitst\u00e4lle 1 Meile<\/li>\n<li>Nichtraucher<\/li>\n<li>Hunde willkommen (nur 1)<\/li>\n<li>Ankunft\/Abreise Freitag<\/li>\n<\/ul>\n<p style=\"text-align: center;\"><a class=\"tidycta\" href=\"https:\/\/www.urlaubcornwall.de\/ferienhaeuser-fewos\/st-ives.html\">Suche Ferienh\u00e4user St Ives<\/a><\/p>\n<p><strong>Um UrlaubCornwall.de einzigartige Kollektion nach Ihrem idealen Ferienhaus zu durchsuchen.<\/strong> <a href=\"https:\/\/www.urlaubcornwall.de\/ferienhaeuser\/cornwall.php\"><span style=\"text-decoration: underline;\"><strong>Klicken Sie hier<\/strong><\/span><strong> &gt;&gt;<\/strong><\/a><\/p>\n","protected":false},"excerpt":{"rendered":"<p>3 Schlafzimmer, Schlafplatz f\u00fcr 6 + Kinderbett, hundefreundlich, Ferienhaus strandnah 4 Kilometer SO von St Ives, West-Cornwall. Preisspanne M (\u00a3480 &#8211; \u00a31275) Im Zentrum des gesch\u00e4ftigen Dorfes Lelant gelegen, gerade einmal \u00fcber zwei Meilen von St Ives entfernt, ist Driftwood zu jeder Jahreszeit ein stilvolles Ferienhaus. Betreten Sie den offenen K\u00fcchen-\/Essbereich und spazieren Sie hindurch [&hellip;]<\/p>\n","protected":false},"author":1,"featured_media":0,"parent":0,"menu_order":0,"comment_status":"closed","ping_status":"closed","template":"single-two.php","meta":[],"acf":[],"yoast_head":"<!-- This site is optimized with the Yoast SEO plugin v19.4 - https:\/\/yoast.com\/wordpress\/plugins\/seo\/ -->\n<title>Ferienhaus in Lelant am Meer : Driftwood - Urlaub &amp; Reisen<\/title>\n<meta name=\"robots\" content=\"index, follow, max-snippet:-1, max-image-preview:large, max-video-preview:-1\" \/>\n<link rel=\"canonical\" href=\"https:\/\/www.urlaubcornwall.de\/blog\/ferienhaus-lelant-driftwood\/\" \/>\n<meta property=\"og:locale\" content=\"en_US\" \/>\n<meta property=\"og:type\" content=\"article\" \/>\n<meta property=\"og:title\" content=\"Ferienhaus in Lelant am Meer : Driftwood - Urlaub &amp; Reisen\" \/>\n<meta property=\"og:description\" content=\"3 Schlafzimmer, Schlafplatz f\u00fcr 6 + Kinderbett, hundefreundlich, Ferienhaus strandnah 4 Kilometer SO von St Ives, West-Cornwall. Preisspanne M (\u00a3480 &#8211; \u00a31275) Im Zentrum des gesch\u00e4ftigen Dorfes Lelant gelegen, gerade einmal \u00fcber zwei Meilen von St Ives entfernt, ist Driftwood zu jeder Jahreszeit ein stilvolles Ferienhaus. Betreten Sie den offenen K\u00fcchen-\/Essbereich und spazieren Sie hindurch [&hellip;]\" \/>\n<meta property=\"og:url\" content=\"https:\/\/www.urlaubcornwall.de\/blog\/ferienhaus-lelant-driftwood\/\" \/>\n<meta property=\"og:site_name\" content=\"Urlaub &amp; Reisen\" \/>\n<meta property=\"article:modified_time\" content=\"2021-09-02T09:35:19+00:00\" \/>\n<meta name=\"twitter:card\" content=\"summary\" \/>\n<meta name=\"twitter:label1\" content=\"Est. reading time\" \/>\n\t<meta name=\"twitter:data1\" content=\"1 minute\" \/>\n<script type=\"application\/ld+json\" class=\"yoast-schema-graph\">{\"@context\":\"https:\/\/schema.org\",\"@graph\":[{\"@type\":\"WebSite\",\"@id\":\"https:\/\/www.urlaubcornwall.de\/blog\/#website\",\"url\":\"https:\/\/www.urlaubcornwall.de\/blog\/\",\"name\":\"Urlaub &amp; Reisen\",\"description\":\"Urlaub, Reisen, Cornwall und S\u00fcdengland: eine perfekte Kombination\",\"potentialAction\":[{\"@type\":\"SearchAction\",\"target\":{\"@type\":\"EntryPoint\",\"urlTemplate\":\"https:\/\/www.urlaubcornwall.de\/blog\/?s={search_term_string}\"},\"query-input\":\"required name=search_term_string\"}],\"inLanguage\":\"en-US\"},{\"@type\":\"WebPage\",\"@id\":\"https:\/\/www.urlaubcornwall.de\/blog\/ferienhaus-lelant-driftwood\/\",\"url\":\"https:\/\/www.urlaubcornwall.de\/blog\/ferienhaus-lelant-driftwood\/\",\"name\":\"Ferienhaus in Lelant am Meer : Driftwood - Urlaub &amp; Reisen\",\"isPartOf\":{\"@id\":\"https:\/\/www.urlaubcornwall.de\/blog\/#website\"},\"datePublished\":\"2014-12-03T16:22:59+00:00\",\"dateModified\":\"2021-09-02T09:35:19+00:00\",\"breadcrumb\":{\"@id\":\"https:\/\/www.urlaubcornwall.de\/blog\/ferienhaus-lelant-driftwood\/#breadcrumb\"},\"inLanguage\":\"en-US\",\"potentialAction\":[{\"@type\":\"ReadAction\",\"target\":[\"https:\/\/www.urlaubcornwall.de\/blog\/ferienhaus-lelant-driftwood\/\"]}]},{\"@type\":\"BreadcrumbList\",\"@id\":\"https:\/\/www.urlaubcornwall.de\/blog\/ferienhaus-lelant-driftwood\/#breadcrumb\",\"itemListElement\":[{\"@type\":\"ListItem\",\"position\":1,\"name\":\"Home\",\"item\":\"https:\/\/www.urlaubcornwall.de\/blog\/\"},{\"@type\":\"ListItem\",\"position\":2,\"name\":\"Ferienhaus in Lelant am Meer : Driftwood\"}]}]}<\/script>\n<!-- \/ Yoast SEO plugin. -->","yoast_head_json":{"title":"Ferienhaus in Lelant am Meer : Driftwood - Urlaub &amp; Reisen","robots":{"index":"index","follow":"follow","max-snippet":"max-snippet:-1","max-image-preview":"max-image-preview:large","max-video-preview":"max-video-preview:-1"},"canonical":"https:\/\/www.urlaubcornwall.de\/blog\/ferienhaus-lelant-driftwood\/","og_locale":"en_US","og_type":"article","og_title":"Ferienhaus in Lelant am Meer : Driftwood - Urlaub &amp; Reisen","og_description":"3 Schlafzimmer, Schlafplatz f\u00fcr 6 + Kinderbett, hundefreundlich, Ferienhaus strandnah 4 Kilometer SO von St Ives, West-Cornwall. Preisspanne M (\u00a3480 &#8211; \u00a31275) Im Zentrum des gesch\u00e4ftigen Dorfes Lelant gelegen, gerade einmal \u00fcber zwei Meilen von St Ives entfernt, ist Driftwood zu jeder Jahreszeit ein stilvolles Ferienhaus. Betreten Sie den offenen K\u00fcchen-\/Essbereich und spazieren Sie hindurch [&hellip;]","og_url":"https:\/\/www.urlaubcornwall.de\/blog\/ferienhaus-lelant-driftwood\/","og_site_name":"Urlaub &amp; Reisen","article_modified_time":"2021-09-02T09:35:19+00:00","twitter_card":"summary","twitter_misc":{"Est. reading time":"1 minute"},"schema":{"@context":"https:\/\/schema.org","@graph":[{"@type":"WebSite","@id":"https:\/\/www.urlaubcornwall.de\/blog\/#website","url":"https:\/\/www.urlaubcornwall.de\/blog\/","name":"Urlaub &amp; Reisen","description":"Urlaub, Reisen, Cornwall und S\u00fcdengland: eine perfekte Kombination","potentialAction":[{"@type":"SearchAction","target":{"@type":"EntryPoint","urlTemplate":"https:\/\/www.urlaubcornwall.de\/blog\/?s={search_term_string}"},"query-input":"required name=search_term_string"}],"inLanguage":"en-US"},{"@type":"WebPage","@id":"https:\/\/www.urlaubcornwall.de\/blog\/ferienhaus-lelant-driftwood\/","url":"https:\/\/www.urlaubcornwall.de\/blog\/ferienhaus-lelant-driftwood\/","name":"Ferienhaus in Lelant am Meer : Driftwood - Urlaub &amp; Reisen","isPartOf":{"@id":"https:\/\/www.urlaubcornwall.de\/blog\/#website"},"datePublished":"2014-12-03T16:22:59+00:00","dateModified":"2021-09-02T09:35:19+00:00","breadcrumb":{"@id":"https:\/\/www.urlaubcornwall.de\/blog\/ferienhaus-lelant-driftwood\/#breadcrumb"},"inLanguage":"en-US","potentialAction":[{"@type":"ReadAction","target":["https:\/\/www.urlaubcornwall.de\/blog\/ferienhaus-lelant-driftwood\/"]}]},{"@type":"BreadcrumbList","@id":"https:\/\/www.urlaubcornwall.de\/blog\/ferienhaus-lelant-driftwood\/#breadcrumb","itemListElement":[{"@type":"ListItem","position":1,"name":"Home","item":"https:\/\/www.urlaubcornwall.de\/blog\/"},{"@type":"ListItem","position":2,"name":"Ferienhaus in Lelant am Meer : Driftwood"}]}]}},"_links":{"self":[{"href":"https:\/\/www.urlaubcornwall.de\/blog\/wp-json\/wp\/v2\/pages\/17370"}],"collection":[{"href":"https:\/\/www.urlaubcornwall.de\/blog\/wp-json\/wp\/v2\/pages"}],"about":[{"href":"https:\/\/www.urlaubcornwall.de\/blog\/wp-json\/wp\/v2\/types\/page"}],"author":[{"embeddable":true,"href":"https:\/\/www.urlaubcornwall.de\/blog\/wp-json\/wp\/v2\/users\/1"}],"replies":[{"embeddable":true,"href":"https:\/\/www.urlaubcornwall.de\/blog\/wp-json\/wp\/v2\/comments?post=17370"}],"version-history":[{"count":6,"href":"https:\/\/www.urlaubcornwall.de\/blog\/wp-json\/wp\/v2\/pages\/17370\/revisions"}],"predecessor-version":[{"id":42434,"href":"https:\/\/www.urlaubcornwall.de\/blog\/wp-json\/wp\/v2\/pages\/17370\/revisions\/42434"}],"wp:attachment":[{"href":"https:\/\/www.urlaubcornwall.de\/blog\/wp-json\/wp\/v2\/media?parent=17370"}],"curies":[{"name":"wp","href":"https:\/\/api.w.org\/{rel}","templated":true}]}}