{"id":17357,"date":"2014-12-03T14:24:55","date_gmt":"2014-12-03T14:24:55","guid":{"rendered":"https:\/\/www.urlaubcornwall.de\/blog\/?page_id=17357"},"modified":"2021-09-02T10:16:30","modified_gmt":"2021-09-02T10:16:30","slug":"ferienhaus-porthledden-bei-cape-cornwall","status":"publish","type":"page","link":"https:\/\/www.urlaubcornwall.de\/blog\/ferienhaus-porthledden-bei-cape-cornwall\/","title":{"rendered":"Ferienhaus Porthledden bei Cape Cornwall"},"content":{"rendered":"<p>Suchen Sie eine Luxusunterkunft auf den Klippen Cornwalls? Mit Meeresblick von fast jedem Fenster aus bietet der Westfl\u00fcgel des Herrenhauses aus dem 19. Jahrhundert, Porthledden bei Cape Cornwall, alles, was Sie sich nur w\u00fcnschen k\u00f6nnten, in wundersch\u00f6ner Lage, mit gro\u00dfz\u00fcgigem Grund und stilvollem Dekor. Die Pracht dieses Hauses ist atemberaubend, wie auch der Blick und das Meer, das an die zerkl\u00fcftete K\u00fcste unterhalb schl\u00e4gt.<\/p>\n<p><strong>3 Schlafzimmer, Schlafplatz f\u00fcr 6 + Kinderbett, leider keine Haustiere erlaubt, Ferienwohnung mit Meerblick 1.6 Kilometer W von St Just, West-Cornwall. Preisspanne V\u00a0(\u00a3774\u00a0&#8211;\u00a0\u00a32247)<\/strong><\/p>\n<p>Das Ferienhaus selbst erstreckt sich \u00fcber zwei Stockwerke; im Erdgeschoss befindet sich der pr\u00e4chtige K\u00fcchen-\/Essbereich, sowie ein gro\u00dfes zeitgen\u00f6ssisches Badezimmer zwischen zweien der Schlafzimmer und dem Wohnzimmer. Der K\u00fcchen-\/Essbereich ist komfortabel und stilvoll eingerichtet, so dass Sie den St\u00fcrmen zuschauen oder in h\u00f6chstem Komfort zu jeder Jahreszeit die Sonnenunterg\u00e4nge beobachten k\u00f6nnen. Eine zeitgen\u00f6ssische Treppe f\u00fchrt hinauf ins Hauptschlafzimmer; ein ger\u00e4umiges Schlafzimmer mit Sitzecke und herrlichem Meeresblick. Au\u00dferdem hat es ein modernes en-Suite Badezimmer.<\/p>\n<p>Der riesige Grund und Boden hat eine private Terrasse und Rasen zur alleinigen Nutzung durch die G\u00e4ste, hervorragenden Meeresblick, auch der <a href=\"https:\/\/www.urlaubcornwall.de\/wanderurlaub\/cornwall.php\">S\u00fcdwestk\u00fcstenpfad<\/a> f\u00fchrt direkt hier entlang. Sie k\u00f6nnen in der Priests Bucht unterhalb des Hauses sowohl im Meer als auch im gezeitenabh\u00e4ngigen Swimming Pool schwimmen, der in den Fels gehauen ist oder Sie surfen in der Porthledden Bucht. Ein kurzer Spaziergang den Weg hinauf f\u00fchrt nach St Just, wo Sie entz\u00fcckt sein werden von der Anzahl an Galerien, Gesch\u00e4ften und Kneipen.<\/p>\n<h3>Ausstattung &amp; Dienstleistungen<\/h3>\n<p><em>Einschlie\u00dflich <\/em>Heizung &#8211; Fu\u00dfbodenheizung (geothermal), Kinderreisebett, Hochstuhl, WiFi<\/p>\n<h3>Verschiedenes<\/h3>\n<ul>\n<li>Private Parkm\u00f6glichkeit f\u00fcr 3 Autos<\/li>\n<li>Gartenm\u00f6bel und Grill<\/li>\n<li>Einkaufsgesch\u00e4ft 1,5 km<\/li>\n<li>Kneipe 1,5km<\/li>\n<li>Golf (18 Loch) 1 km<\/li>\n<li>Nichtraucher<\/li>\n<li>Bedauerlicherweise keine Haustiere<\/li>\n<li>Ankunft\/Abreise Freitag<\/li>\n<\/ul>\n<p style=\"text-align: center;\"><a class=\"tidycta\" href=\"https:\/\/www.urlaubcornwall.de\/ferienhaeuser-fewos\/st-just.html\">Suche Ferienh\u00e4user Cape Cornwall<\/a><\/p>\n<p>Um UrlaubCornwall.de einzigartige Kollektion nach Ihrem idealen Ferienhaus zu durchsuchen. <a href=\"https:\/\/www.urlaubcornwall.de\/ferienhaeuser\/cornwall.php\"><span style=\"text-decoration: underline;\">Klicken Sie hier<\/span> &gt;&gt;<\/a><\/p>\n","protected":false},"excerpt":{"rendered":"<p>Suchen Sie eine Luxusunterkunft auf den Klippen Cornwalls? Mit Meeresblick von fast jedem Fenster aus bietet der Westfl\u00fcgel des Herrenhauses aus dem 19. Jahrhundert, Porthledden bei Cape Cornwall, alles, was Sie sich nur w\u00fcnschen k\u00f6nnten, in wundersch\u00f6ner Lage, mit gro\u00dfz\u00fcgigem Grund und stilvollem Dekor. Die Pracht dieses Hauses ist atemberaubend, wie auch der Blick und [&hellip;]<\/p>\n","protected":false},"author":1,"featured_media":0,"parent":0,"menu_order":0,"comment_status":"closed","ping_status":"closed","template":"single-two.php","meta":[],"acf":[],"yoast_head":"<!-- This site is optimized with the Yoast SEO plugin v19.4 - https:\/\/yoast.com\/wordpress\/plugins\/seo\/ -->\n<title>Ferienhaus Porthledden bei Cape Cornwall - Urlaub &amp; Reisen<\/title>\n<meta name=\"robots\" content=\"index, follow, max-snippet:-1, max-image-preview:large, max-video-preview:-1\" \/>\n<link rel=\"canonical\" href=\"https:\/\/www.urlaubcornwall.de\/blog\/ferienhaus-porthledden-bei-cape-cornwall\/\" \/>\n<meta property=\"og:locale\" content=\"en_US\" \/>\n<meta property=\"og:type\" content=\"article\" \/>\n<meta property=\"og:title\" content=\"Ferienhaus Porthledden bei Cape Cornwall - Urlaub &amp; Reisen\" \/>\n<meta property=\"og:description\" content=\"Suchen Sie eine Luxusunterkunft auf den Klippen Cornwalls? Mit Meeresblick von fast jedem Fenster aus bietet der Westfl\u00fcgel des Herrenhauses aus dem 19. Jahrhundert, Porthledden bei Cape Cornwall, alles, was Sie sich nur w\u00fcnschen k\u00f6nnten, in wundersch\u00f6ner Lage, mit gro\u00dfz\u00fcgigem Grund und stilvollem Dekor. Die Pracht dieses Hauses ist atemberaubend, wie auch der Blick und [&hellip;]\" \/>\n<meta property=\"og:url\" content=\"https:\/\/www.urlaubcornwall.de\/blog\/ferienhaus-porthledden-bei-cape-cornwall\/\" \/>\n<meta property=\"og:site_name\" content=\"Urlaub &amp; Reisen\" \/>\n<meta property=\"article:modified_time\" content=\"2021-09-02T10:16:30+00:00\" \/>\n<meta name=\"twitter:card\" content=\"summary\" \/>\n<meta name=\"twitter:label1\" content=\"Est. reading time\" \/>\n\t<meta name=\"twitter:data1\" content=\"2 minutes\" \/>\n<script type=\"application\/ld+json\" class=\"yoast-schema-graph\">{\"@context\":\"https:\/\/schema.org\",\"@graph\":[{\"@type\":\"WebSite\",\"@id\":\"https:\/\/www.urlaubcornwall.de\/blog\/#website\",\"url\":\"https:\/\/www.urlaubcornwall.de\/blog\/\",\"name\":\"Urlaub &amp; Reisen\",\"description\":\"Urlaub, Reisen, Cornwall und S\u00fcdengland: eine perfekte Kombination\",\"potentialAction\":[{\"@type\":\"SearchAction\",\"target\":{\"@type\":\"EntryPoint\",\"urlTemplate\":\"https:\/\/www.urlaubcornwall.de\/blog\/?s={search_term_string}\"},\"query-input\":\"required name=search_term_string\"}],\"inLanguage\":\"en-US\"},{\"@type\":\"WebPage\",\"@id\":\"https:\/\/www.urlaubcornwall.de\/blog\/ferienhaus-porthledden-bei-cape-cornwall\/\",\"url\":\"https:\/\/www.urlaubcornwall.de\/blog\/ferienhaus-porthledden-bei-cape-cornwall\/\",\"name\":\"Ferienhaus Porthledden bei Cape Cornwall - Urlaub &amp; Reisen\",\"isPartOf\":{\"@id\":\"https:\/\/www.urlaubcornwall.de\/blog\/#website\"},\"datePublished\":\"2014-12-03T14:24:55+00:00\",\"dateModified\":\"2021-09-02T10:16:30+00:00\",\"breadcrumb\":{\"@id\":\"https:\/\/www.urlaubcornwall.de\/blog\/ferienhaus-porthledden-bei-cape-cornwall\/#breadcrumb\"},\"inLanguage\":\"en-US\",\"potentialAction\":[{\"@type\":\"ReadAction\",\"target\":[\"https:\/\/www.urlaubcornwall.de\/blog\/ferienhaus-porthledden-bei-cape-cornwall\/\"]}]},{\"@type\":\"BreadcrumbList\",\"@id\":\"https:\/\/www.urlaubcornwall.de\/blog\/ferienhaus-porthledden-bei-cape-cornwall\/#breadcrumb\",\"itemListElement\":[{\"@type\":\"ListItem\",\"position\":1,\"name\":\"Home\",\"item\":\"https:\/\/www.urlaubcornwall.de\/blog\/\"},{\"@type\":\"ListItem\",\"position\":2,\"name\":\"Ferienhaus Porthledden bei Cape Cornwall\"}]}]}<\/script>\n<!-- \/ Yoast SEO plugin. -->","yoast_head_json":{"title":"Ferienhaus Porthledden bei Cape Cornwall - Urlaub &amp; Reisen","robots":{"index":"index","follow":"follow","max-snippet":"max-snippet:-1","max-image-preview":"max-image-preview:large","max-video-preview":"max-video-preview:-1"},"canonical":"https:\/\/www.urlaubcornwall.de\/blog\/ferienhaus-porthledden-bei-cape-cornwall\/","og_locale":"en_US","og_type":"article","og_title":"Ferienhaus Porthledden bei Cape Cornwall - Urlaub &amp; Reisen","og_description":"Suchen Sie eine Luxusunterkunft auf den Klippen Cornwalls? Mit Meeresblick von fast jedem Fenster aus bietet der Westfl\u00fcgel des Herrenhauses aus dem 19. Jahrhundert, Porthledden bei Cape Cornwall, alles, was Sie sich nur w\u00fcnschen k\u00f6nnten, in wundersch\u00f6ner Lage, mit gro\u00dfz\u00fcgigem Grund und stilvollem Dekor. Die Pracht dieses Hauses ist atemberaubend, wie auch der Blick und [&hellip;]","og_url":"https:\/\/www.urlaubcornwall.de\/blog\/ferienhaus-porthledden-bei-cape-cornwall\/","og_site_name":"Urlaub &amp; Reisen","article_modified_time":"2021-09-02T10:16:30+00:00","twitter_card":"summary","twitter_misc":{"Est. reading time":"2 minutes"},"schema":{"@context":"https:\/\/schema.org","@graph":[{"@type":"WebSite","@id":"https:\/\/www.urlaubcornwall.de\/blog\/#website","url":"https:\/\/www.urlaubcornwall.de\/blog\/","name":"Urlaub &amp; Reisen","description":"Urlaub, Reisen, Cornwall und S\u00fcdengland: eine perfekte Kombination","potentialAction":[{"@type":"SearchAction","target":{"@type":"EntryPoint","urlTemplate":"https:\/\/www.urlaubcornwall.de\/blog\/?s={search_term_string}"},"query-input":"required name=search_term_string"}],"inLanguage":"en-US"},{"@type":"WebPage","@id":"https:\/\/www.urlaubcornwall.de\/blog\/ferienhaus-porthledden-bei-cape-cornwall\/","url":"https:\/\/www.urlaubcornwall.de\/blog\/ferienhaus-porthledden-bei-cape-cornwall\/","name":"Ferienhaus Porthledden bei Cape Cornwall - Urlaub &amp; Reisen","isPartOf":{"@id":"https:\/\/www.urlaubcornwall.de\/blog\/#website"},"datePublished":"2014-12-03T14:24:55+00:00","dateModified":"2021-09-02T10:16:30+00:00","breadcrumb":{"@id":"https:\/\/www.urlaubcornwall.de\/blog\/ferienhaus-porthledden-bei-cape-cornwall\/#breadcrumb"},"inLanguage":"en-US","potentialAction":[{"@type":"ReadAction","target":["https:\/\/www.urlaubcornwall.de\/blog\/ferienhaus-porthledden-bei-cape-cornwall\/"]}]},{"@type":"BreadcrumbList","@id":"https:\/\/www.urlaubcornwall.de\/blog\/ferienhaus-porthledden-bei-cape-cornwall\/#breadcrumb","itemListElement":[{"@type":"ListItem","position":1,"name":"Home","item":"https:\/\/www.urlaubcornwall.de\/blog\/"},{"@type":"ListItem","position":2,"name":"Ferienhaus Porthledden bei Cape Cornwall"}]}]}},"_links":{"self":[{"href":"https:\/\/www.urlaubcornwall.de\/blog\/wp-json\/wp\/v2\/pages\/17357"}],"collection":[{"href":"https:\/\/www.urlaubcornwall.de\/blog\/wp-json\/wp\/v2\/pages"}],"about":[{"href":"https:\/\/www.urlaubcornwall.de\/blog\/wp-json\/wp\/v2\/types\/page"}],"author":[{"embeddable":true,"href":"https:\/\/www.urlaubcornwall.de\/blog\/wp-json\/wp\/v2\/users\/1"}],"replies":[{"embeddable":true,"href":"https:\/\/www.urlaubcornwall.de\/blog\/wp-json\/wp\/v2\/comments?post=17357"}],"version-history":[{"count":6,"href":"https:\/\/www.urlaubcornwall.de\/blog\/wp-json\/wp\/v2\/pages\/17357\/revisions"}],"predecessor-version":[{"id":42452,"href":"https:\/\/www.urlaubcornwall.de\/blog\/wp-json\/wp\/v2\/pages\/17357\/revisions\/42452"}],"wp:attachment":[{"href":"https:\/\/www.urlaubcornwall.de\/blog\/wp-json\/wp\/v2\/media?parent=17357"}],"curies":[{"name":"wp","href":"https:\/\/api.w.org\/{rel}","templated":true}]}}