{"id":17346,"date":"2014-12-03T14:12:38","date_gmt":"2014-12-03T14:12:38","guid":{"rendered":"https:\/\/www.urlaubcornwall.de\/blog\/?page_id=17346"},"modified":"2021-09-02T10:15:11","modified_gmt":"2021-09-02T10:15:11","slug":"ferienhaus-porthallow-manor-farmhouse-lizard-cornwall","status":"publish","type":"page","link":"https:\/\/www.urlaubcornwall.de\/blog\/ferienhaus-porthallow-manor-farmhouse-lizard-cornwall\/","title":{"rendered":"Ferienhaus Porthallow : Manor Farmhouse, Lizard Cornwall"},"content":{"rendered":"<p>Manor Farmhouse bietet Ihnen alles \u2013 eine gro\u00dfartige Lage, eindrucksvollen Wohnraum und ein durch und durch luxuri\u00f6ses Gef\u00fchl. Somit ist dieses Haus f\u00fcr viele ein traumhaftes Urlaubscottage.<\/p>\n<p><strong>4 Schlafzimmer, Schlafplatz f\u00fcr 8 + Kinderbett, hundefreundlich, Ferienhaus mit Meerblick Porthallow, S\u00fcdwest-Cornwall. Preisspanne U\/Q\u00a0(\u00a3567\u00a0&#8211;\u00a0\u00a32076)<\/strong><\/p>\n<p>Auf dem H\u00fcgel \u00fcber Porthallow gelegen mit herrlichem Blick \u00fcber die K\u00fcste und die Landschaft, k\u00f6nnte dies der ideale Urlaubsr\u00fcckzugsort f\u00fcr Familien und Freunde sein. Die Liebe zum Detail ist im gesamten wundersch\u00f6nen Ferienhaus sichtbar. Naturstein befindet sich neben solider Eiche. Glas und Granit tragen dazu bei, dass viele der Originalelemente dieses ehemaligen Bauerngeb\u00e4udes erhalten blieben. Die smarte und stilvolle Einrichtung und Ausstattung zeugt von Qualit\u00e4t und bietet Urlaubern ein Zuhause vom Zuhause, w\u00e4hrend der Au\u00dfenbereich von Manor Farmhouse einer Wundert\u00fcte gleicht, die immer wieder neu Erstaunen hervorruft. Eine fabelhafte Dampfwanne erwartet Sie in einer Ecke des umgrenzten Freisitzes, der auch vom Hauptschlafzimmer aus zug\u00e4nglich ist. Unterhalb des Bauernhauses liegt eine erh\u00f6hte Gartenterrasse, die aufgrund des unverstellten Meeresblickes das perfekte Pl\u00e4tzchen schlechthin ist, um im Freien zu speisen oder auch nur in der Sonne oder im Schatten des Sommerhauses zu entspannen.<\/p>\n<p>Eine sehr gute Kneipe befindet sich einen kurzen Spaziergang h\u00fcgelabw\u00e4rts, K\u00fcstenpfade sind vor der Haust\u00fcre und die Lizard-Halbinsel ist leicht zu erreichen, wie auch die Helford Passage und dar\u00fcber hinaus. Kurzum, Manor Farmhouse k\u00f6nnte Ihr Traumferienhaus in Cornwall sein.<\/p>\n<h3>Ausstattung &amp; Dienstleistungen<\/h3>\n<ul>\n<li>Private Parkm\u00f6glichkeit f\u00fcr 3 Autos<\/li>\n<li>Gartenm\u00f6bel und Grill<\/li>\n<li>Einkaufsgesch\u00e4ft 4 km<\/li>\n<li>Kneipe 1km<\/li>\n<li>Nichtraucher<\/li>\n<li>Hunde willkommen<\/li>\n<li>Ankunft\/Abreise Freitag<\/li>\n<\/ul>\n<p style=\"text-align: center;\"><a class=\"tidycta\" href=\"https:\/\/www.urlaubcornwall.de\/ferienhaeuser-fewos\/porthallow.html\">Suche Ferienh\u00e4user Porthallow<\/a><\/p>\n<p>Um UrlaubCornwall.de einzigartige Kollektion nach Ihrem idealen Ferienhaus zu durchsuchen. <a href=\"https:\/\/www.urlaubcornwall.de\/ferienhaeuser\/cornwall.php\"><span style=\"text-decoration: underline;\">Klicken Sie hier<\/span> &gt;&gt;<\/a><\/p>\n","protected":false},"excerpt":{"rendered":"<p>Manor Farmhouse bietet Ihnen alles \u2013 eine gro\u00dfartige Lage, eindrucksvollen Wohnraum und ein durch und durch luxuri\u00f6ses Gef\u00fchl. Somit ist dieses Haus f\u00fcr viele ein traumhaftes Urlaubscottage. 4 Schlafzimmer, Schlafplatz f\u00fcr 8 + Kinderbett, hundefreundlich, Ferienhaus mit Meerblick Porthallow, S\u00fcdwest-Cornwall. Preisspanne U\/Q\u00a0(\u00a3567\u00a0&#8211;\u00a0\u00a32076) Auf dem H\u00fcgel \u00fcber Porthallow gelegen mit herrlichem Blick \u00fcber die K\u00fcste und [&hellip;]<\/p>\n","protected":false},"author":1,"featured_media":0,"parent":0,"menu_order":0,"comment_status":"closed","ping_status":"closed","template":"single-two.php","meta":[],"acf":[],"yoast_head":"<!-- This site is optimized with the Yoast SEO plugin v19.4 - https:\/\/yoast.com\/wordpress\/plugins\/seo\/ -->\n<title>Ferienhaus Porthallow : Manor Farmhouse, Lizard Cornwall - Urlaub &amp; Reisen<\/title>\n<meta name=\"robots\" content=\"index, follow, max-snippet:-1, max-image-preview:large, max-video-preview:-1\" \/>\n<link rel=\"canonical\" href=\"https:\/\/www.urlaubcornwall.de\/blog\/ferienhaus-porthallow-manor-farmhouse-lizard-cornwall\/\" \/>\n<meta property=\"og:locale\" content=\"en_US\" \/>\n<meta property=\"og:type\" content=\"article\" \/>\n<meta property=\"og:title\" content=\"Ferienhaus Porthallow : Manor Farmhouse, Lizard Cornwall - Urlaub &amp; Reisen\" \/>\n<meta property=\"og:description\" content=\"Manor Farmhouse bietet Ihnen alles \u2013 eine gro\u00dfartige Lage, eindrucksvollen Wohnraum und ein durch und durch luxuri\u00f6ses Gef\u00fchl. Somit ist dieses Haus f\u00fcr viele ein traumhaftes Urlaubscottage. 4 Schlafzimmer, Schlafplatz f\u00fcr 8 + Kinderbett, hundefreundlich, Ferienhaus mit Meerblick Porthallow, S\u00fcdwest-Cornwall. Preisspanne U\/Q\u00a0(\u00a3567\u00a0&#8211;\u00a0\u00a32076) Auf dem H\u00fcgel \u00fcber Porthallow gelegen mit herrlichem Blick \u00fcber die K\u00fcste und [&hellip;]\" \/>\n<meta property=\"og:url\" content=\"https:\/\/www.urlaubcornwall.de\/blog\/ferienhaus-porthallow-manor-farmhouse-lizard-cornwall\/\" \/>\n<meta property=\"og:site_name\" content=\"Urlaub &amp; Reisen\" \/>\n<meta property=\"article:modified_time\" content=\"2021-09-02T10:15:11+00:00\" \/>\n<meta name=\"twitter:card\" content=\"summary\" \/>\n<meta name=\"twitter:label1\" content=\"Est. reading time\" \/>\n\t<meta name=\"twitter:data1\" content=\"1 minute\" \/>\n<script type=\"application\/ld+json\" class=\"yoast-schema-graph\">{\"@context\":\"https:\/\/schema.org\",\"@graph\":[{\"@type\":\"WebSite\",\"@id\":\"https:\/\/www.urlaubcornwall.de\/blog\/#website\",\"url\":\"https:\/\/www.urlaubcornwall.de\/blog\/\",\"name\":\"Urlaub &amp; Reisen\",\"description\":\"Urlaub, Reisen, Cornwall und S\u00fcdengland: eine perfekte Kombination\",\"potentialAction\":[{\"@type\":\"SearchAction\",\"target\":{\"@type\":\"EntryPoint\",\"urlTemplate\":\"https:\/\/www.urlaubcornwall.de\/blog\/?s={search_term_string}\"},\"query-input\":\"required name=search_term_string\"}],\"inLanguage\":\"en-US\"},{\"@type\":\"WebPage\",\"@id\":\"https:\/\/www.urlaubcornwall.de\/blog\/ferienhaus-porthallow-manor-farmhouse-lizard-cornwall\/\",\"url\":\"https:\/\/www.urlaubcornwall.de\/blog\/ferienhaus-porthallow-manor-farmhouse-lizard-cornwall\/\",\"name\":\"Ferienhaus Porthallow : Manor Farmhouse, Lizard Cornwall - Urlaub &amp; Reisen\",\"isPartOf\":{\"@id\":\"https:\/\/www.urlaubcornwall.de\/blog\/#website\"},\"datePublished\":\"2014-12-03T14:12:38+00:00\",\"dateModified\":\"2021-09-02T10:15:11+00:00\",\"breadcrumb\":{\"@id\":\"https:\/\/www.urlaubcornwall.de\/blog\/ferienhaus-porthallow-manor-farmhouse-lizard-cornwall\/#breadcrumb\"},\"inLanguage\":\"en-US\",\"potentialAction\":[{\"@type\":\"ReadAction\",\"target\":[\"https:\/\/www.urlaubcornwall.de\/blog\/ferienhaus-porthallow-manor-farmhouse-lizard-cornwall\/\"]}]},{\"@type\":\"BreadcrumbList\",\"@id\":\"https:\/\/www.urlaubcornwall.de\/blog\/ferienhaus-porthallow-manor-farmhouse-lizard-cornwall\/#breadcrumb\",\"itemListElement\":[{\"@type\":\"ListItem\",\"position\":1,\"name\":\"Home\",\"item\":\"https:\/\/www.urlaubcornwall.de\/blog\/\"},{\"@type\":\"ListItem\",\"position\":2,\"name\":\"Ferienhaus Porthallow : Manor Farmhouse, Lizard Cornwall\"}]}]}<\/script>\n<!-- \/ Yoast SEO plugin. -->","yoast_head_json":{"title":"Ferienhaus Porthallow : Manor Farmhouse, Lizard Cornwall - Urlaub &amp; Reisen","robots":{"index":"index","follow":"follow","max-snippet":"max-snippet:-1","max-image-preview":"max-image-preview:large","max-video-preview":"max-video-preview:-1"},"canonical":"https:\/\/www.urlaubcornwall.de\/blog\/ferienhaus-porthallow-manor-farmhouse-lizard-cornwall\/","og_locale":"en_US","og_type":"article","og_title":"Ferienhaus Porthallow : Manor Farmhouse, Lizard Cornwall - Urlaub &amp; Reisen","og_description":"Manor Farmhouse bietet Ihnen alles \u2013 eine gro\u00dfartige Lage, eindrucksvollen Wohnraum und ein durch und durch luxuri\u00f6ses Gef\u00fchl. Somit ist dieses Haus f\u00fcr viele ein traumhaftes Urlaubscottage. 4 Schlafzimmer, Schlafplatz f\u00fcr 8 + Kinderbett, hundefreundlich, Ferienhaus mit Meerblick Porthallow, S\u00fcdwest-Cornwall. Preisspanne U\/Q\u00a0(\u00a3567\u00a0&#8211;\u00a0\u00a32076) Auf dem H\u00fcgel \u00fcber Porthallow gelegen mit herrlichem Blick \u00fcber die K\u00fcste und [&hellip;]","og_url":"https:\/\/www.urlaubcornwall.de\/blog\/ferienhaus-porthallow-manor-farmhouse-lizard-cornwall\/","og_site_name":"Urlaub &amp; Reisen","article_modified_time":"2021-09-02T10:15:11+00:00","twitter_card":"summary","twitter_misc":{"Est. reading time":"1 minute"},"schema":{"@context":"https:\/\/schema.org","@graph":[{"@type":"WebSite","@id":"https:\/\/www.urlaubcornwall.de\/blog\/#website","url":"https:\/\/www.urlaubcornwall.de\/blog\/","name":"Urlaub &amp; Reisen","description":"Urlaub, Reisen, Cornwall und S\u00fcdengland: eine perfekte Kombination","potentialAction":[{"@type":"SearchAction","target":{"@type":"EntryPoint","urlTemplate":"https:\/\/www.urlaubcornwall.de\/blog\/?s={search_term_string}"},"query-input":"required name=search_term_string"}],"inLanguage":"en-US"},{"@type":"WebPage","@id":"https:\/\/www.urlaubcornwall.de\/blog\/ferienhaus-porthallow-manor-farmhouse-lizard-cornwall\/","url":"https:\/\/www.urlaubcornwall.de\/blog\/ferienhaus-porthallow-manor-farmhouse-lizard-cornwall\/","name":"Ferienhaus Porthallow : Manor Farmhouse, Lizard Cornwall - Urlaub &amp; Reisen","isPartOf":{"@id":"https:\/\/www.urlaubcornwall.de\/blog\/#website"},"datePublished":"2014-12-03T14:12:38+00:00","dateModified":"2021-09-02T10:15:11+00:00","breadcrumb":{"@id":"https:\/\/www.urlaubcornwall.de\/blog\/ferienhaus-porthallow-manor-farmhouse-lizard-cornwall\/#breadcrumb"},"inLanguage":"en-US","potentialAction":[{"@type":"ReadAction","target":["https:\/\/www.urlaubcornwall.de\/blog\/ferienhaus-porthallow-manor-farmhouse-lizard-cornwall\/"]}]},{"@type":"BreadcrumbList","@id":"https:\/\/www.urlaubcornwall.de\/blog\/ferienhaus-porthallow-manor-farmhouse-lizard-cornwall\/#breadcrumb","itemListElement":[{"@type":"ListItem","position":1,"name":"Home","item":"https:\/\/www.urlaubcornwall.de\/blog\/"},{"@type":"ListItem","position":2,"name":"Ferienhaus Porthallow : Manor Farmhouse, Lizard Cornwall"}]}]}},"_links":{"self":[{"href":"https:\/\/www.urlaubcornwall.de\/blog\/wp-json\/wp\/v2\/pages\/17346"}],"collection":[{"href":"https:\/\/www.urlaubcornwall.de\/blog\/wp-json\/wp\/v2\/pages"}],"about":[{"href":"https:\/\/www.urlaubcornwall.de\/blog\/wp-json\/wp\/v2\/types\/page"}],"author":[{"embeddable":true,"href":"https:\/\/www.urlaubcornwall.de\/blog\/wp-json\/wp\/v2\/users\/1"}],"replies":[{"embeddable":true,"href":"https:\/\/www.urlaubcornwall.de\/blog\/wp-json\/wp\/v2\/comments?post=17346"}],"version-history":[{"count":5,"href":"https:\/\/www.urlaubcornwall.de\/blog\/wp-json\/wp\/v2\/pages\/17346\/revisions"}],"predecessor-version":[{"id":42451,"href":"https:\/\/www.urlaubcornwall.de\/blog\/wp-json\/wp\/v2\/pages\/17346\/revisions\/42451"}],"wp:attachment":[{"href":"https:\/\/www.urlaubcornwall.de\/blog\/wp-json\/wp\/v2\/media?parent=17346"}],"curies":[{"name":"wp","href":"https:\/\/api.w.org\/{rel}","templated":true}]}}