{"id":17333,"date":"2014-12-03T13:59:42","date_gmt":"2014-12-03T13:59:42","guid":{"rendered":"https:\/\/www.urlaubcornwall.de\/blog\/?page_id=17333"},"modified":"2021-09-02T10:18:13","modified_gmt":"2021-09-02T10:18:13","slug":"ferienhaus-redruth-downalong-cottage","status":"publish","type":"page","link":"https:\/\/www.urlaubcornwall.de\/blog\/ferienhaus-redruth-downalong-cottage\/","title":{"rendered":"Ferienhaus Redruth : Downalong Cottage"},"content":{"rendered":"<p>Downalongs private Dampfwanne ist der reine Luxus \u2013 und dieses ger\u00e4umige, lichtdurchflutete ebenerdige Cottage ist auch im Innern luxuri\u00f6s, stilvoll eingerichtet mit einer Mischung aus sowohl zeitgen\u00f6ssischen als auch heimeligen Elementen. Das frei stehende Downalong liegt in einem historischen Bergbaugebiet bei Carharrack. Vor der Haust\u00fcre befinden sich zahlreiche Radwege und Wanderpfade, und es ist lediglich eine 15min\u00fctige Autofahrt vom Sandstrand bei Portreath entfernt oder zum S\u00fcden hin nach Falmouth.<\/p>\n<p><strong>3 Schlafzimmer, Schlafplatz f\u00fcr 6 + Kinderbett, leider keine Haustiere erlaubt, Ferienhaus 4 Kilometer von Redruth, S\u00fcdk\u00fcste Cornwall. Preisspanne M\/I\u00a0(\u00a3396\u00a0&#8211;\u00a0\u00a31275)<\/strong><\/p>\n<p>Der offene Wohnbereich verf\u00fcgt \u00fcber WiFi und einen Holzofen, sowie Terrassent\u00fcren zum sonnigen erh\u00f6hten Freisitz hin und der Dampfwanne, von der aus Sie einen wundersch\u00f6nen Blick \u00fcber die Landschaft haben. Es gibt drei Schlafzimmer, eines davon en-Suite, sowie eine herrliche Nasszelle. Das Zwillingszimmer hat verglaste T\u00fcren zum vorderen Freisitz hin, und im Schlafzimmer mit Stockbett kann die obere Betth\u00e4lfte entfernt werden, falls nur ein Einzelbett erw\u00fcnscht ist. Doppelglast\u00fcren vom Wohnzimmer aus \u00f6ffnen sich ebenfalls hin zum Freisitz und der Grillfl\u00e4che, die wiederum hinunter f\u00fchrt zu einem Rasengarten, wo es gen\u00fcgend Platz zum Spielen gibt \u2013 und manchmal ein paar der frei laufenden H\u00fchner der Besitzer! Das mit einem Zaun umgebene solarbeheizte Au\u00dfenschwimmbecken steht Ihnen w\u00e4hrend Ihres Aufenthalts zur gemeinsamen Nutzung zur Verf\u00fcgung.<\/p>\n<h3>Ausstattung &amp; Dienstleistungen<\/h3>\n<p>Einschlie\u00dflich Heizung, Kinderreisebett, Hochstuhl, Dampfwanne, WiFi, Private Parkm\u00f6glichkeit f\u00fcr 2 Autos, Freisitzm\u00f6bel und Grill, Einkaufsgesch\u00e4ft 1,5km, Kneipe 1km, Nichtraucher, bedauerlicherweise keine Haustiere, Ankunft\/Abreise Samstag<\/p>\n<p style=\"text-align: center;\"><a class=\"tidycta\" href=\"https:\/\/www.urlaubcornwall.de\/ferienhaeuser-fewos\/redruth.html\">Suche Ferienh\u00e4user Redruth<\/a><\/p>\n<p>Um UrlaubCornwall.de einzigartige Kollektion nach Ihrem idealen Ferienhaus zu durchsuchen. <a href=\"https:\/\/www.urlaubcornwall.de\/ferienhaeuser\/cornwall.php\"><span style=\"text-decoration: underline;\">Klicken Sie hier<\/span> &gt;&gt;<\/a><\/p>\n","protected":false},"excerpt":{"rendered":"<p>Downalongs private Dampfwanne ist der reine Luxus \u2013 und dieses ger\u00e4umige, lichtdurchflutete ebenerdige Cottage ist auch im Innern luxuri\u00f6s, stilvoll eingerichtet mit einer Mischung aus sowohl zeitgen\u00f6ssischen als auch heimeligen Elementen. Das frei stehende Downalong liegt in einem historischen Bergbaugebiet bei Carharrack. Vor der Haust\u00fcre befinden sich zahlreiche Radwege und Wanderpfade, und es ist lediglich [&hellip;]<\/p>\n","protected":false},"author":1,"featured_media":0,"parent":0,"menu_order":0,"comment_status":"closed","ping_status":"closed","template":"single-two.php","meta":[],"acf":[],"yoast_head":"<!-- This site is optimized with the Yoast SEO plugin v19.4 - https:\/\/yoast.com\/wordpress\/plugins\/seo\/ -->\n<title>Ferienhaus Redruth : Downalong Cottage - Urlaub &amp; Reisen<\/title>\n<meta name=\"robots\" content=\"index, follow, max-snippet:-1, max-image-preview:large, max-video-preview:-1\" \/>\n<link rel=\"canonical\" href=\"https:\/\/www.urlaubcornwall.de\/blog\/ferienhaus-redruth-downalong-cottage\/\" \/>\n<meta property=\"og:locale\" content=\"en_US\" \/>\n<meta property=\"og:type\" content=\"article\" \/>\n<meta property=\"og:title\" content=\"Ferienhaus Redruth : Downalong Cottage - Urlaub &amp; Reisen\" \/>\n<meta property=\"og:description\" content=\"Downalongs private Dampfwanne ist der reine Luxus \u2013 und dieses ger\u00e4umige, lichtdurchflutete ebenerdige Cottage ist auch im Innern luxuri\u00f6s, stilvoll eingerichtet mit einer Mischung aus sowohl zeitgen\u00f6ssischen als auch heimeligen Elementen. Das frei stehende Downalong liegt in einem historischen Bergbaugebiet bei Carharrack. Vor der Haust\u00fcre befinden sich zahlreiche Radwege und Wanderpfade, und es ist lediglich [&hellip;]\" \/>\n<meta property=\"og:url\" content=\"https:\/\/www.urlaubcornwall.de\/blog\/ferienhaus-redruth-downalong-cottage\/\" \/>\n<meta property=\"og:site_name\" content=\"Urlaub &amp; Reisen\" \/>\n<meta property=\"article:modified_time\" content=\"2021-09-02T10:18:13+00:00\" \/>\n<meta name=\"twitter:card\" content=\"summary\" \/>\n<meta name=\"twitter:label1\" content=\"Est. reading time\" \/>\n\t<meta name=\"twitter:data1\" content=\"1 minute\" \/>\n<script type=\"application\/ld+json\" class=\"yoast-schema-graph\">{\"@context\":\"https:\/\/schema.org\",\"@graph\":[{\"@type\":\"WebSite\",\"@id\":\"https:\/\/www.urlaubcornwall.de\/blog\/#website\",\"url\":\"https:\/\/www.urlaubcornwall.de\/blog\/\",\"name\":\"Urlaub &amp; Reisen\",\"description\":\"Urlaub, Reisen, Cornwall und S\u00fcdengland: eine perfekte Kombination\",\"potentialAction\":[{\"@type\":\"SearchAction\",\"target\":{\"@type\":\"EntryPoint\",\"urlTemplate\":\"https:\/\/www.urlaubcornwall.de\/blog\/?s={search_term_string}\"},\"query-input\":\"required name=search_term_string\"}],\"inLanguage\":\"en-US\"},{\"@type\":\"WebPage\",\"@id\":\"https:\/\/www.urlaubcornwall.de\/blog\/ferienhaus-redruth-downalong-cottage\/\",\"url\":\"https:\/\/www.urlaubcornwall.de\/blog\/ferienhaus-redruth-downalong-cottage\/\",\"name\":\"Ferienhaus Redruth : Downalong Cottage - Urlaub &amp; Reisen\",\"isPartOf\":{\"@id\":\"https:\/\/www.urlaubcornwall.de\/blog\/#website\"},\"datePublished\":\"2014-12-03T13:59:42+00:00\",\"dateModified\":\"2021-09-02T10:18:13+00:00\",\"breadcrumb\":{\"@id\":\"https:\/\/www.urlaubcornwall.de\/blog\/ferienhaus-redruth-downalong-cottage\/#breadcrumb\"},\"inLanguage\":\"en-US\",\"potentialAction\":[{\"@type\":\"ReadAction\",\"target\":[\"https:\/\/www.urlaubcornwall.de\/blog\/ferienhaus-redruth-downalong-cottage\/\"]}]},{\"@type\":\"BreadcrumbList\",\"@id\":\"https:\/\/www.urlaubcornwall.de\/blog\/ferienhaus-redruth-downalong-cottage\/#breadcrumb\",\"itemListElement\":[{\"@type\":\"ListItem\",\"position\":1,\"name\":\"Home\",\"item\":\"https:\/\/www.urlaubcornwall.de\/blog\/\"},{\"@type\":\"ListItem\",\"position\":2,\"name\":\"Ferienhaus Redruth : Downalong Cottage\"}]}]}<\/script>\n<!-- \/ Yoast SEO plugin. -->","yoast_head_json":{"title":"Ferienhaus Redruth : Downalong Cottage - Urlaub &amp; Reisen","robots":{"index":"index","follow":"follow","max-snippet":"max-snippet:-1","max-image-preview":"max-image-preview:large","max-video-preview":"max-video-preview:-1"},"canonical":"https:\/\/www.urlaubcornwall.de\/blog\/ferienhaus-redruth-downalong-cottage\/","og_locale":"en_US","og_type":"article","og_title":"Ferienhaus Redruth : Downalong Cottage - Urlaub &amp; Reisen","og_description":"Downalongs private Dampfwanne ist der reine Luxus \u2013 und dieses ger\u00e4umige, lichtdurchflutete ebenerdige Cottage ist auch im Innern luxuri\u00f6s, stilvoll eingerichtet mit einer Mischung aus sowohl zeitgen\u00f6ssischen als auch heimeligen Elementen. Das frei stehende Downalong liegt in einem historischen Bergbaugebiet bei Carharrack. Vor der Haust\u00fcre befinden sich zahlreiche Radwege und Wanderpfade, und es ist lediglich [&hellip;]","og_url":"https:\/\/www.urlaubcornwall.de\/blog\/ferienhaus-redruth-downalong-cottage\/","og_site_name":"Urlaub &amp; Reisen","article_modified_time":"2021-09-02T10:18:13+00:00","twitter_card":"summary","twitter_misc":{"Est. reading time":"1 minute"},"schema":{"@context":"https:\/\/schema.org","@graph":[{"@type":"WebSite","@id":"https:\/\/www.urlaubcornwall.de\/blog\/#website","url":"https:\/\/www.urlaubcornwall.de\/blog\/","name":"Urlaub &amp; Reisen","description":"Urlaub, Reisen, Cornwall und S\u00fcdengland: eine perfekte Kombination","potentialAction":[{"@type":"SearchAction","target":{"@type":"EntryPoint","urlTemplate":"https:\/\/www.urlaubcornwall.de\/blog\/?s={search_term_string}"},"query-input":"required name=search_term_string"}],"inLanguage":"en-US"},{"@type":"WebPage","@id":"https:\/\/www.urlaubcornwall.de\/blog\/ferienhaus-redruth-downalong-cottage\/","url":"https:\/\/www.urlaubcornwall.de\/blog\/ferienhaus-redruth-downalong-cottage\/","name":"Ferienhaus Redruth : Downalong Cottage - Urlaub &amp; Reisen","isPartOf":{"@id":"https:\/\/www.urlaubcornwall.de\/blog\/#website"},"datePublished":"2014-12-03T13:59:42+00:00","dateModified":"2021-09-02T10:18:13+00:00","breadcrumb":{"@id":"https:\/\/www.urlaubcornwall.de\/blog\/ferienhaus-redruth-downalong-cottage\/#breadcrumb"},"inLanguage":"en-US","potentialAction":[{"@type":"ReadAction","target":["https:\/\/www.urlaubcornwall.de\/blog\/ferienhaus-redruth-downalong-cottage\/"]}]},{"@type":"BreadcrumbList","@id":"https:\/\/www.urlaubcornwall.de\/blog\/ferienhaus-redruth-downalong-cottage\/#breadcrumb","itemListElement":[{"@type":"ListItem","position":1,"name":"Home","item":"https:\/\/www.urlaubcornwall.de\/blog\/"},{"@type":"ListItem","position":2,"name":"Ferienhaus Redruth : Downalong Cottage"}]}]}},"_links":{"self":[{"href":"https:\/\/www.urlaubcornwall.de\/blog\/wp-json\/wp\/v2\/pages\/17333"}],"collection":[{"href":"https:\/\/www.urlaubcornwall.de\/blog\/wp-json\/wp\/v2\/pages"}],"about":[{"href":"https:\/\/www.urlaubcornwall.de\/blog\/wp-json\/wp\/v2\/types\/page"}],"author":[{"embeddable":true,"href":"https:\/\/www.urlaubcornwall.de\/blog\/wp-json\/wp\/v2\/users\/1"}],"replies":[{"embeddable":true,"href":"https:\/\/www.urlaubcornwall.de\/blog\/wp-json\/wp\/v2\/comments?post=17333"}],"version-history":[{"count":7,"href":"https:\/\/www.urlaubcornwall.de\/blog\/wp-json\/wp\/v2\/pages\/17333\/revisions"}],"predecessor-version":[{"id":42454,"href":"https:\/\/www.urlaubcornwall.de\/blog\/wp-json\/wp\/v2\/pages\/17333\/revisions\/42454"}],"wp:attachment":[{"href":"https:\/\/www.urlaubcornwall.de\/blog\/wp-json\/wp\/v2\/media?parent=17333"}],"curies":[{"name":"wp","href":"https:\/\/api.w.org\/{rel}","templated":true}]}}