{"id":17320,"date":"2014-12-03T13:41:41","date_gmt":"2014-12-03T13:41:41","guid":{"rendered":"https:\/\/www.urlaubcornwall.de\/blog\/?page_id=17320"},"modified":"2021-08-31T15:17:44","modified_gmt":"2021-08-31T15:17:44","slug":"ferienhaus-porthtowan-treburgett-am-meer-nord-cornwall","status":"publish","type":"page","link":"https:\/\/www.urlaubcornwall.de\/blog\/ferienhaus-porthtowan-treburgett-am-meer-nord-cornwall\/","title":{"rendered":"Ferienhaus Porthtowan: Treburgett am Meer, Nord Cornwall"},"content":{"rendered":"<p><strong>2 Schlafzimmer, Schlafplatz f\u00fcr 4 + Kinderbett, leider keine Haustiere erlaubt, Ferienhaus 3.5 Kilometer s\u00fcdwestlich von St Agnes, Nordk\u00fcste Cornwall.<\/strong> <strong>Preisspanne H (\u00a3378 &#8211; \u00a3915) <\/strong><\/p>\n<p>Treburgett im Towan Tal ist der R\u00fcckzugsort schlechthin im Surferparadies, umweltfreundlich und lediglich einen kurzen Spaziergang vom Strand bei Porthtowan an der Nordk\u00fcste entfernt, sozusagen dem spirituellen Geburtsort des Surfens in Cornwall. Als eines von 30 nachhaltig holzverkleideten Geb\u00e4uden in einem friedlichen Tal, ist dieses gro\u00dfartige Strandhaus ideal f\u00fcr Paare und Familien gleicherma\u00dfen, die in die Lebensweise der Einwohner eintauchen m\u00f6chten; t\u00e4gliche Klippen- und Strandspazierg\u00e4nge, Miesmuschelsammeln bei Ebbe und nat\u00fcrlich die herrlichen Sonnenunterg\u00e4nge von der Blauen Bar aus beobachten, die sich unterhalb der dramatischen Klippen in lediglich 10min\u00fctiger Entfernung befindet. Vor den Geb\u00e4uden befinden sich gemeinsam zu nutzende Duschen, um nach einem Strandtag den Sand abzuwaschen.<\/p>\n<p style=\"text-align: center;\"><a class=\"tidycta\" href=\"https:\/\/www.urlaubcornwall.de\/ferienhaeuser-fewos\/porthtowan.html\"><\/a>Suche Ferienh\u00e4user Porthtowan<\/p>\n<p>Treburgetts einfach gestalteter, ger\u00e4umiger Wohn-Essbereich ist sehr komfortabel; die gut ausgestattete K\u00fcche verf\u00fcgt \u00fcber s\u00e4mtliche Ger\u00e4te, und die beiden sch\u00f6nen Schlafzimmer wurden zur Entspannung designt. Das Hauptschlafzimmer hat einen en-Suite Duschraum und einen kleinen Balkon. Bringen Sie also Ihr Surfbrett, Flipflops und Wanderschuhe mit und genie\u00dfen sie das Meer, den Strand und atemberaubende Klippen- und K\u00fcstenwanderwege. Die Ufer Cornwalls erwarten Sie im Fr\u00fchling, Sommer, Herbst und Winter.<\/p>\n<h3>Ausstattung &amp; Dienstleistungen<\/h3>\n<p>Einschlie\u00dflich Heizung, Kinderreisebett, Hochstuhl, Treppengitter, WiFi<\/p>\n<ul>\n<li>Private Parkm\u00f6glichkeit f\u00fcr 1 Auto<\/li>\n<li>Freisitzm\u00f6bel<\/li>\n<li>Einkaufsgesch\u00e4ft 1km<\/li>\n<li>Kneipe 1km<\/li>\n<li>Nichtraucher<\/li>\n<li>bedauerlicherweise keine Haustiere<\/li>\n<li>Ankunft\/Abreise Samstag<\/li>\n<\/ul>\n<p style=\"text-align: center;\"><a class=\"tidycta\" href=\"https:\/\/www.urlaubcornwall.de\/ferienhaeuser-fewos\/porthtowan.html\"><\/a>Suche Ferienh\u00e4user Porthtowan<\/p>\n","protected":false},"excerpt":{"rendered":"<p>2 Schlafzimmer, Schlafplatz f\u00fcr 4 + Kinderbett, leider keine Haustiere erlaubt, Ferienhaus 3.5 Kilometer s\u00fcdwestlich von St Agnes, Nordk\u00fcste Cornwall. Preisspanne H (\u00a3378 &#8211; \u00a3915) Treburgett im Towan Tal ist der R\u00fcckzugsort schlechthin im Surferparadies, umweltfreundlich und lediglich einen kurzen Spaziergang vom Strand bei Porthtowan an der Nordk\u00fcste entfernt, sozusagen dem spirituellen Geburtsort des Surfens [&hellip;]<\/p>\n","protected":false},"author":1,"featured_media":0,"parent":0,"menu_order":0,"comment_status":"closed","ping_status":"closed","template":"single-two.php","meta":[],"acf":[],"yoast_head":"<!-- This site is optimized with the Yoast SEO plugin v19.4 - https:\/\/yoast.com\/wordpress\/plugins\/seo\/ -->\n<title>Ferienhaus Porthtowan: Treburgett am Meer, Nord Cornwall - Urlaub &amp; Reisen<\/title>\n<meta name=\"robots\" content=\"index, follow, max-snippet:-1, max-image-preview:large, max-video-preview:-1\" \/>\n<link rel=\"canonical\" href=\"https:\/\/www.urlaubcornwall.de\/blog\/ferienhaus-porthtowan-treburgett-am-meer-nord-cornwall\/\" \/>\n<meta property=\"og:locale\" content=\"en_US\" \/>\n<meta property=\"og:type\" content=\"article\" \/>\n<meta property=\"og:title\" content=\"Ferienhaus Porthtowan: Treburgett am Meer, Nord Cornwall - Urlaub &amp; Reisen\" \/>\n<meta property=\"og:description\" content=\"2 Schlafzimmer, Schlafplatz f\u00fcr 4 + Kinderbett, leider keine Haustiere erlaubt, Ferienhaus 3.5 Kilometer s\u00fcdwestlich von St Agnes, Nordk\u00fcste Cornwall. Preisspanne H (\u00a3378 &#8211; \u00a3915) Treburgett im Towan Tal ist der R\u00fcckzugsort schlechthin im Surferparadies, umweltfreundlich und lediglich einen kurzen Spaziergang vom Strand bei Porthtowan an der Nordk\u00fcste entfernt, sozusagen dem spirituellen Geburtsort des Surfens [&hellip;]\" \/>\n<meta property=\"og:url\" content=\"https:\/\/www.urlaubcornwall.de\/blog\/ferienhaus-porthtowan-treburgett-am-meer-nord-cornwall\/\" \/>\n<meta property=\"og:site_name\" content=\"Urlaub &amp; Reisen\" \/>\n<meta property=\"article:modified_time\" content=\"2021-08-31T15:17:44+00:00\" \/>\n<meta name=\"twitter:card\" content=\"summary\" \/>\n<meta name=\"twitter:label1\" content=\"Est. reading time\" \/>\n\t<meta name=\"twitter:data1\" content=\"1 minute\" \/>\n<script type=\"application\/ld+json\" class=\"yoast-schema-graph\">{\"@context\":\"https:\/\/schema.org\",\"@graph\":[{\"@type\":\"WebSite\",\"@id\":\"https:\/\/www.urlaubcornwall.de\/blog\/#website\",\"url\":\"https:\/\/www.urlaubcornwall.de\/blog\/\",\"name\":\"Urlaub &amp; Reisen\",\"description\":\"Urlaub, Reisen, Cornwall und S\u00fcdengland: eine perfekte Kombination\",\"potentialAction\":[{\"@type\":\"SearchAction\",\"target\":{\"@type\":\"EntryPoint\",\"urlTemplate\":\"https:\/\/www.urlaubcornwall.de\/blog\/?s={search_term_string}\"},\"query-input\":\"required name=search_term_string\"}],\"inLanguage\":\"en-US\"},{\"@type\":\"WebPage\",\"@id\":\"https:\/\/www.urlaubcornwall.de\/blog\/ferienhaus-porthtowan-treburgett-am-meer-nord-cornwall\/\",\"url\":\"https:\/\/www.urlaubcornwall.de\/blog\/ferienhaus-porthtowan-treburgett-am-meer-nord-cornwall\/\",\"name\":\"Ferienhaus Porthtowan: Treburgett am Meer, Nord Cornwall - Urlaub &amp; Reisen\",\"isPartOf\":{\"@id\":\"https:\/\/www.urlaubcornwall.de\/blog\/#website\"},\"datePublished\":\"2014-12-03T13:41:41+00:00\",\"dateModified\":\"2021-08-31T15:17:44+00:00\",\"breadcrumb\":{\"@id\":\"https:\/\/www.urlaubcornwall.de\/blog\/ferienhaus-porthtowan-treburgett-am-meer-nord-cornwall\/#breadcrumb\"},\"inLanguage\":\"en-US\",\"potentialAction\":[{\"@type\":\"ReadAction\",\"target\":[\"https:\/\/www.urlaubcornwall.de\/blog\/ferienhaus-porthtowan-treburgett-am-meer-nord-cornwall\/\"]}]},{\"@type\":\"BreadcrumbList\",\"@id\":\"https:\/\/www.urlaubcornwall.de\/blog\/ferienhaus-porthtowan-treburgett-am-meer-nord-cornwall\/#breadcrumb\",\"itemListElement\":[{\"@type\":\"ListItem\",\"position\":1,\"name\":\"Home\",\"item\":\"https:\/\/www.urlaubcornwall.de\/blog\/\"},{\"@type\":\"ListItem\",\"position\":2,\"name\":\"Ferienhaus Porthtowan: Treburgett am Meer, Nord Cornwall\"}]}]}<\/script>\n<!-- \/ Yoast SEO plugin. -->","yoast_head_json":{"title":"Ferienhaus Porthtowan: Treburgett am Meer, Nord Cornwall - Urlaub &amp; Reisen","robots":{"index":"index","follow":"follow","max-snippet":"max-snippet:-1","max-image-preview":"max-image-preview:large","max-video-preview":"max-video-preview:-1"},"canonical":"https:\/\/www.urlaubcornwall.de\/blog\/ferienhaus-porthtowan-treburgett-am-meer-nord-cornwall\/","og_locale":"en_US","og_type":"article","og_title":"Ferienhaus Porthtowan: Treburgett am Meer, Nord Cornwall - Urlaub &amp; Reisen","og_description":"2 Schlafzimmer, Schlafplatz f\u00fcr 4 + Kinderbett, leider keine Haustiere erlaubt, Ferienhaus 3.5 Kilometer s\u00fcdwestlich von St Agnes, Nordk\u00fcste Cornwall. Preisspanne H (\u00a3378 &#8211; \u00a3915) Treburgett im Towan Tal ist der R\u00fcckzugsort schlechthin im Surferparadies, umweltfreundlich und lediglich einen kurzen Spaziergang vom Strand bei Porthtowan an der Nordk\u00fcste entfernt, sozusagen dem spirituellen Geburtsort des Surfens [&hellip;]","og_url":"https:\/\/www.urlaubcornwall.de\/blog\/ferienhaus-porthtowan-treburgett-am-meer-nord-cornwall\/","og_site_name":"Urlaub &amp; Reisen","article_modified_time":"2021-08-31T15:17:44+00:00","twitter_card":"summary","twitter_misc":{"Est. reading time":"1 minute"},"schema":{"@context":"https:\/\/schema.org","@graph":[{"@type":"WebSite","@id":"https:\/\/www.urlaubcornwall.de\/blog\/#website","url":"https:\/\/www.urlaubcornwall.de\/blog\/","name":"Urlaub &amp; Reisen","description":"Urlaub, Reisen, Cornwall und S\u00fcdengland: eine perfekte Kombination","potentialAction":[{"@type":"SearchAction","target":{"@type":"EntryPoint","urlTemplate":"https:\/\/www.urlaubcornwall.de\/blog\/?s={search_term_string}"},"query-input":"required name=search_term_string"}],"inLanguage":"en-US"},{"@type":"WebPage","@id":"https:\/\/www.urlaubcornwall.de\/blog\/ferienhaus-porthtowan-treburgett-am-meer-nord-cornwall\/","url":"https:\/\/www.urlaubcornwall.de\/blog\/ferienhaus-porthtowan-treburgett-am-meer-nord-cornwall\/","name":"Ferienhaus Porthtowan: Treburgett am Meer, Nord Cornwall - Urlaub &amp; Reisen","isPartOf":{"@id":"https:\/\/www.urlaubcornwall.de\/blog\/#website"},"datePublished":"2014-12-03T13:41:41+00:00","dateModified":"2021-08-31T15:17:44+00:00","breadcrumb":{"@id":"https:\/\/www.urlaubcornwall.de\/blog\/ferienhaus-porthtowan-treburgett-am-meer-nord-cornwall\/#breadcrumb"},"inLanguage":"en-US","potentialAction":[{"@type":"ReadAction","target":["https:\/\/www.urlaubcornwall.de\/blog\/ferienhaus-porthtowan-treburgett-am-meer-nord-cornwall\/"]}]},{"@type":"BreadcrumbList","@id":"https:\/\/www.urlaubcornwall.de\/blog\/ferienhaus-porthtowan-treburgett-am-meer-nord-cornwall\/#breadcrumb","itemListElement":[{"@type":"ListItem","position":1,"name":"Home","item":"https:\/\/www.urlaubcornwall.de\/blog\/"},{"@type":"ListItem","position":2,"name":"Ferienhaus Porthtowan: Treburgett am Meer, Nord Cornwall"}]}]}},"_links":{"self":[{"href":"https:\/\/www.urlaubcornwall.de\/blog\/wp-json\/wp\/v2\/pages\/17320"}],"collection":[{"href":"https:\/\/www.urlaubcornwall.de\/blog\/wp-json\/wp\/v2\/pages"}],"about":[{"href":"https:\/\/www.urlaubcornwall.de\/blog\/wp-json\/wp\/v2\/types\/page"}],"author":[{"embeddable":true,"href":"https:\/\/www.urlaubcornwall.de\/blog\/wp-json\/wp\/v2\/users\/1"}],"replies":[{"embeddable":true,"href":"https:\/\/www.urlaubcornwall.de\/blog\/wp-json\/wp\/v2\/comments?post=17320"}],"version-history":[{"count":8,"href":"https:\/\/www.urlaubcornwall.de\/blog\/wp-json\/wp\/v2\/pages\/17320\/revisions"}],"predecessor-version":[{"id":42369,"href":"https:\/\/www.urlaubcornwall.de\/blog\/wp-json\/wp\/v2\/pages\/17320\/revisions\/42369"}],"wp:attachment":[{"href":"https:\/\/www.urlaubcornwall.de\/blog\/wp-json\/wp\/v2\/media?parent=17320"}],"curies":[{"name":"wp","href":"https:\/\/api.w.org\/{rel}","templated":true}]}}