{"id":17312,"date":"2014-12-03T11:45:25","date_gmt":"2014-12-03T11:45:25","guid":{"rendered":"https:\/\/www.urlaubcornwall.de\/blog\/?page_id=17312"},"modified":"2019-04-01T09:12:22","modified_gmt":"2019-04-01T09:12:22","slug":"ferienhaus-sissinghurst-appleshaw-loft-kent-auf-dem-lande","status":"publish","type":"page","link":"https:\/\/www.urlaubcornwall.de\/blog\/ferienhaus-sissinghurst-appleshaw-loft-kent-auf-dem-lande\/","title":{"rendered":"Ferienhaus Sissinghurst : Appleshaw Loft, Kent auf dem Lande"},"content":{"rendered":"<p>Ein h\u00fcbsches, charaktervolles Appartement in perfekter Lage, um die Wanderwege des High Weald zu erkunden und den atemberaubenden Blick aufzusaugen.<\/p>\n<p><strong>2 Schlafzimmer , Schlafplatz f\u00fcr 4 , leider keine Haustiere erlaubt , <a href=\"https:\/\/www.urlaubcornwall.de\/ferienhaeuser-fewos\/eng\/kent\/kent.html\">Ferienhaus Benenden 5 km von Sissinghurst<\/a>, Kent.<\/strong><br \/>\n<strong> Preisepanne \u00a3560-\u00a3650<\/strong><\/p>\n<p>Appleshaw Loft ist ein traditionelles eichenvert\u00e4feltes Appartement in der N\u00e4he des Hauses der Besitzer in Dingleden. Es ist der perfekte Ort f\u00fcr Paare, junge Familien, Radfahrer und Wanderer, um die wundersch\u00f6ne Landschaft Kents zu erkunden.<\/p>\n<p>\u2022 Geschirrsp\u00fclmaschine<br \/>\n\u2022 Parkm\u00f6glichkeit<br \/>\n\u2022 Internetzugang<br \/>\n\u2022 Bettzeug und Handt\u00fccher inklusive<br \/>\n\u2022 Fernseher und DVD<br \/>\n\u2022 Kinderreisebett auf Wunsch erh\u00e4ltlich<br \/>\n\u2022 M\u00f6glichkeit, W\u00e4sche zu waschen<\/p>\n<p>Unmittelbar am High Weald Pfad gelegen, befindet sich die Stadt Benenden nur eine 3min\u00fctige Autofahrt entfernt. Die \u00f6rtlichen ruhigen Landstra\u00dfen sind ideal f\u00fcr Radfahrer, die abseits der Hauptverkehrsstra\u00dfe bleiben wollen.<\/p>\n<p>Das Appartement verf\u00fcgt \u00fcber ein kleines Badezimmer mit Waschbecken, Badewanne mit Dusche, WC, einen offenen<br \/>\nWohnbereich, in dem sich ein gro\u00dfes Doppelsofabett befindet und ein Doppelschlafzimmer, das zu einem Zwillingszimmer umgestaltet werden kann, sowie eine voll ausgestatteten K\u00fcche.<\/p>\n<p><strong>Attraktionen in der N\u00e4he<\/strong><\/p>\n<p>Appleshaw Loft liegt am Ende einer ruhigen Landstra\u00dfe in Dingleden, lediglich eine 3min\u00fctige Autofahrt vom h\u00fcbschen Dorf Benenden entfernt. Dort gibt es 3 Landkneipen mit gro\u00dfartigem Speiseangebot, sowie G\u00e4rten in Benenden und Iden Green. In Rolvenden gibt es einen Bauernmarkt und in Woodchurch das Zuchtzentrum f\u00fcr seltene Arten; geradezu perfekt f\u00fcr einen Familienausflug.<\/p>\n<p>Eine kurze malerische Autofahrt durch die Landschaft Kents f\u00fchrt Sie zu vielen National Trust Geb\u00e4uden, G\u00e4rten und weiteren interessanten Orten, die es zu erkunden gilt. Die Burg Leeds, Schloss Sissinghurst, Schloss Bodiam, das Herrenhaus Pashley, Chartwell, Finchcocks und weitere Sehensw\u00fcrdigkeiten befinden sich allesamt in geringer Entfernung, so dass Sie jeden Tag einen anderen Ort besuchen k\u00f6nnten.<\/p>\n<p>Cranbrook befindet sich eine 5min\u00fctige Autofahrt entfernt, Tenterden 10 Minuten, und die Str\u00e4nde von Camber Sands und Dymchurch sind nur 30 Minuten Autofahrt entfernt.<\/p>\n<p style=\"text-align: center;\"><strong>Bei uns finden Sie Ferienh\u00e4user zum Verlieben \u2013 so einfach ist das!<\/strong><\/p>\n<p style=\"text-align: center;\"><a class=\"tidycta\" href=\"https:\/\/www.urlaubcornwall.de\/ferienhaeuser-fewos\/eng\/kent\/kent.html\">Suche Ferienh\u00e4user in Kent<\/a><\/p>\n<p style=\"text-align: center;\">Um Kent in Ihre Rundreise durch S\u00fcdengland mit einzugliedern, stellen Sie Ihre Anfrage hier oder w\u00e4hlen Sie ein Ferienhaus aus unserer besten Auswahl handverlesener und inspizierter H\u00e4user aus.<\/p>\n\n\n","protected":false},"excerpt":{"rendered":"<p>Ein h\u00fcbsches, charaktervolles Appartement in perfekter Lage, um die Wanderwege des High Weald zu erkunden und den atemberaubenden Blick aufzusaugen. 2 Schlafzimmer , Schlafplatz f\u00fcr 4 , leider keine Haustiere erlaubt , Ferienhaus Benenden 5 km von Sissinghurst, Kent. Preisepanne \u00a3560-\u00a3650 Appleshaw Loft ist ein traditionelles eichenvert\u00e4feltes Appartement in der N\u00e4he des Hauses der Besitzer [&hellip;]<\/p>\n","protected":false},"author":1,"featured_media":0,"parent":0,"menu_order":0,"comment_status":"closed","ping_status":"closed","template":"single-two.php","meta":[],"acf":[],"yoast_head":"<!-- This site is optimized with the Yoast SEO plugin v19.4 - https:\/\/yoast.com\/wordpress\/plugins\/seo\/ -->\n<title>Ferienhaus Sissinghurst : Appleshaw Loft, Kent auf dem Lande - Urlaub &amp; Reisen<\/title>\n<meta name=\"robots\" content=\"index, follow, max-snippet:-1, max-image-preview:large, max-video-preview:-1\" \/>\n<link rel=\"canonical\" href=\"https:\/\/www.urlaubcornwall.de\/blog\/ferienhaus-sissinghurst-appleshaw-loft-kent-auf-dem-lande\/\" \/>\n<meta property=\"og:locale\" content=\"en_US\" \/>\n<meta property=\"og:type\" content=\"article\" \/>\n<meta property=\"og:title\" content=\"Ferienhaus Sissinghurst : Appleshaw Loft, Kent auf dem Lande - Urlaub &amp; Reisen\" \/>\n<meta property=\"og:description\" content=\"Ein h\u00fcbsches, charaktervolles Appartement in perfekter Lage, um die Wanderwege des High Weald zu erkunden und den atemberaubenden Blick aufzusaugen. 2 Schlafzimmer , Schlafplatz f\u00fcr 4 , leider keine Haustiere erlaubt , Ferienhaus Benenden 5 km von Sissinghurst, Kent. Preisepanne \u00a3560-\u00a3650 Appleshaw Loft ist ein traditionelles eichenvert\u00e4feltes Appartement in der N\u00e4he des Hauses der Besitzer [&hellip;]\" \/>\n<meta property=\"og:url\" content=\"https:\/\/www.urlaubcornwall.de\/blog\/ferienhaus-sissinghurst-appleshaw-loft-kent-auf-dem-lande\/\" \/>\n<meta property=\"og:site_name\" content=\"Urlaub &amp; Reisen\" \/>\n<meta property=\"article:modified_time\" content=\"2019-04-01T09:12:22+00:00\" \/>\n<meta name=\"twitter:card\" content=\"summary\" \/>\n<meta name=\"twitter:label1\" content=\"Est. reading time\" \/>\n\t<meta name=\"twitter:data1\" content=\"2 minutes\" \/>\n<script type=\"application\/ld+json\" class=\"yoast-schema-graph\">{\"@context\":\"https:\/\/schema.org\",\"@graph\":[{\"@type\":\"WebSite\",\"@id\":\"https:\/\/www.urlaubcornwall.de\/blog\/#website\",\"url\":\"https:\/\/www.urlaubcornwall.de\/blog\/\",\"name\":\"Urlaub &amp; Reisen\",\"description\":\"Urlaub, Reisen, Cornwall und S\u00fcdengland: eine perfekte Kombination\",\"potentialAction\":[{\"@type\":\"SearchAction\",\"target\":{\"@type\":\"EntryPoint\",\"urlTemplate\":\"https:\/\/www.urlaubcornwall.de\/blog\/?s={search_term_string}\"},\"query-input\":\"required name=search_term_string\"}],\"inLanguage\":\"en-US\"},{\"@type\":\"WebPage\",\"@id\":\"https:\/\/www.urlaubcornwall.de\/blog\/ferienhaus-sissinghurst-appleshaw-loft-kent-auf-dem-lande\/\",\"url\":\"https:\/\/www.urlaubcornwall.de\/blog\/ferienhaus-sissinghurst-appleshaw-loft-kent-auf-dem-lande\/\",\"name\":\"Ferienhaus Sissinghurst : Appleshaw Loft, Kent auf dem Lande - Urlaub &amp; Reisen\",\"isPartOf\":{\"@id\":\"https:\/\/www.urlaubcornwall.de\/blog\/#website\"},\"datePublished\":\"2014-12-03T11:45:25+00:00\",\"dateModified\":\"2019-04-01T09:12:22+00:00\",\"breadcrumb\":{\"@id\":\"https:\/\/www.urlaubcornwall.de\/blog\/ferienhaus-sissinghurst-appleshaw-loft-kent-auf-dem-lande\/#breadcrumb\"},\"inLanguage\":\"en-US\",\"potentialAction\":[{\"@type\":\"ReadAction\",\"target\":[\"https:\/\/www.urlaubcornwall.de\/blog\/ferienhaus-sissinghurst-appleshaw-loft-kent-auf-dem-lande\/\"]}]},{\"@type\":\"BreadcrumbList\",\"@id\":\"https:\/\/www.urlaubcornwall.de\/blog\/ferienhaus-sissinghurst-appleshaw-loft-kent-auf-dem-lande\/#breadcrumb\",\"itemListElement\":[{\"@type\":\"ListItem\",\"position\":1,\"name\":\"Home\",\"item\":\"https:\/\/www.urlaubcornwall.de\/blog\/\"},{\"@type\":\"ListItem\",\"position\":2,\"name\":\"Ferienhaus Sissinghurst : Appleshaw Loft, Kent auf dem Lande\"}]}]}<\/script>\n<!-- \/ Yoast SEO plugin. -->","yoast_head_json":{"title":"Ferienhaus Sissinghurst : Appleshaw Loft, Kent auf dem Lande - Urlaub &amp; Reisen","robots":{"index":"index","follow":"follow","max-snippet":"max-snippet:-1","max-image-preview":"max-image-preview:large","max-video-preview":"max-video-preview:-1"},"canonical":"https:\/\/www.urlaubcornwall.de\/blog\/ferienhaus-sissinghurst-appleshaw-loft-kent-auf-dem-lande\/","og_locale":"en_US","og_type":"article","og_title":"Ferienhaus Sissinghurst : Appleshaw Loft, Kent auf dem Lande - Urlaub &amp; Reisen","og_description":"Ein h\u00fcbsches, charaktervolles Appartement in perfekter Lage, um die Wanderwege des High Weald zu erkunden und den atemberaubenden Blick aufzusaugen. 2 Schlafzimmer , Schlafplatz f\u00fcr 4 , leider keine Haustiere erlaubt , Ferienhaus Benenden 5 km von Sissinghurst, Kent. Preisepanne \u00a3560-\u00a3650 Appleshaw Loft ist ein traditionelles eichenvert\u00e4feltes Appartement in der N\u00e4he des Hauses der Besitzer [&hellip;]","og_url":"https:\/\/www.urlaubcornwall.de\/blog\/ferienhaus-sissinghurst-appleshaw-loft-kent-auf-dem-lande\/","og_site_name":"Urlaub &amp; Reisen","article_modified_time":"2019-04-01T09:12:22+00:00","twitter_card":"summary","twitter_misc":{"Est. reading time":"2 minutes"},"schema":{"@context":"https:\/\/schema.org","@graph":[{"@type":"WebSite","@id":"https:\/\/www.urlaubcornwall.de\/blog\/#website","url":"https:\/\/www.urlaubcornwall.de\/blog\/","name":"Urlaub &amp; Reisen","description":"Urlaub, Reisen, Cornwall und S\u00fcdengland: eine perfekte Kombination","potentialAction":[{"@type":"SearchAction","target":{"@type":"EntryPoint","urlTemplate":"https:\/\/www.urlaubcornwall.de\/blog\/?s={search_term_string}"},"query-input":"required name=search_term_string"}],"inLanguage":"en-US"},{"@type":"WebPage","@id":"https:\/\/www.urlaubcornwall.de\/blog\/ferienhaus-sissinghurst-appleshaw-loft-kent-auf-dem-lande\/","url":"https:\/\/www.urlaubcornwall.de\/blog\/ferienhaus-sissinghurst-appleshaw-loft-kent-auf-dem-lande\/","name":"Ferienhaus Sissinghurst : Appleshaw Loft, Kent auf dem Lande - Urlaub &amp; Reisen","isPartOf":{"@id":"https:\/\/www.urlaubcornwall.de\/blog\/#website"},"datePublished":"2014-12-03T11:45:25+00:00","dateModified":"2019-04-01T09:12:22+00:00","breadcrumb":{"@id":"https:\/\/www.urlaubcornwall.de\/blog\/ferienhaus-sissinghurst-appleshaw-loft-kent-auf-dem-lande\/#breadcrumb"},"inLanguage":"en-US","potentialAction":[{"@type":"ReadAction","target":["https:\/\/www.urlaubcornwall.de\/blog\/ferienhaus-sissinghurst-appleshaw-loft-kent-auf-dem-lande\/"]}]},{"@type":"BreadcrumbList","@id":"https:\/\/www.urlaubcornwall.de\/blog\/ferienhaus-sissinghurst-appleshaw-loft-kent-auf-dem-lande\/#breadcrumb","itemListElement":[{"@type":"ListItem","position":1,"name":"Home","item":"https:\/\/www.urlaubcornwall.de\/blog\/"},{"@type":"ListItem","position":2,"name":"Ferienhaus Sissinghurst : Appleshaw Loft, Kent auf dem Lande"}]}]}},"_links":{"self":[{"href":"https:\/\/www.urlaubcornwall.de\/blog\/wp-json\/wp\/v2\/pages\/17312"}],"collection":[{"href":"https:\/\/www.urlaubcornwall.de\/blog\/wp-json\/wp\/v2\/pages"}],"about":[{"href":"https:\/\/www.urlaubcornwall.de\/blog\/wp-json\/wp\/v2\/types\/page"}],"author":[{"embeddable":true,"href":"https:\/\/www.urlaubcornwall.de\/blog\/wp-json\/wp\/v2\/users\/1"}],"replies":[{"embeddable":true,"href":"https:\/\/www.urlaubcornwall.de\/blog\/wp-json\/wp\/v2\/comments?post=17312"}],"version-history":[{"count":6,"href":"https:\/\/www.urlaubcornwall.de\/blog\/wp-json\/wp\/v2\/pages\/17312\/revisions"}],"predecessor-version":[{"id":36939,"href":"https:\/\/www.urlaubcornwall.de\/blog\/wp-json\/wp\/v2\/pages\/17312\/revisions\/36939"}],"wp:attachment":[{"href":"https:\/\/www.urlaubcornwall.de\/blog\/wp-json\/wp\/v2\/media?parent=17312"}],"curies":[{"name":"wp","href":"https:\/\/api.w.org\/{rel}","templated":true}]}}