{"id":17294,"date":"2014-12-03T11:03:53","date_gmt":"2014-12-03T11:03:53","guid":{"rendered":"https:\/\/www.urlaubcornwall.de\/blog\/?page_id=17294"},"modified":"2019-04-01T08:52:58","modified_gmt":"2019-04-01T08:52:58","slug":"ferienhaus-ashford-potkiln-farmhouse-cottage-kent","status":"publish","type":"page","link":"https:\/\/www.urlaubcornwall.de\/blog\/ferienhaus-ashford-potkiln-farmhouse-cottage-kent\/","title":{"rendered":"Ferienhaus Ashford: Potkiln Farmhouse Cottage, Kent"},"content":{"rendered":"<p><strong>Bleiben Sie in diesem gem\u00fctlichen Ferienhaus f\u00fcr vier Personen im Herzen Kents, in der N\u00e4he von Ashford.<\/strong><\/p>\n<p>Sie betreten das Geb\u00e4ude durch eine gro\u00dfe alte Eichent\u00fcr, die direkt in den offenen Wohnbereich f\u00fchrt mit Eichenbalken und sonnigem Ausblick. Sie finden auch eine gut ausgestattete K\u00fcche mit s\u00e4mtlichen modernen Annehmlichkeiten, die Ihnen dabei helfen, diesen Selbstversorgerurlaub zu genie\u00dfen. Gro\u00dfe, bequeme Sofas befinden sich um den Kaffeetisch herum \u2013 gerade richtig f\u00fcr abendliche Brettspiele oder um vor dem Fernseher zu entspannen.<\/p>\n<p><strong>2 Schlafzimmer , Schlafplatz f\u00fcr 4 , hundefreundlich , Ferienhaus High Halden 5 Kilometer von Tenterden , Kent<\/strong><br \/>\n<strong> Preisepanne \u00a3395-\u00a3635<\/strong><\/p>\n<p>Das Doppelschlafzimmer befindet sich neben dem Wohnzimmer. Es ist licht und ger\u00e4umig mit Blick \u00fcber die G\u00e4rten und die Landschaft Kents. Das gro\u00dfe Familienbadezimmer verf\u00fcgt \u00fcber eine Dusche, WC und Waschbecken. Das Zwillingszimmer liegt neben dem Badezimmer, weiter entfernt vom offenen Wohnbereich und somit perfekt, um die Kleinen ins Bett zu bringen und selbst einen langen Abend zu genie\u00dfen.<\/p>\n<p>Franz\u00f6sische T\u00fcren \u00f6ffnen sich direkt zur offenen Rasenfl\u00e4che hin, samt Bistrotisch und St\u00fchlen f\u00fcr einen fr\u00fchen morgendlichen Kaffee oder Getr\u00e4nke zur Nacht. Es gibt einen eingez\u00e4unten Teich mit Gartent\u00fcr. Vor dem Geb\u00e4ude befindet sich ein Spielbereich f\u00fcr Kinder mit Schaukel, Rutsche und Kletterger\u00fcst.<\/p>\n<p>Das Cottage befindet sich an einem ruhigen Landweg im Dorf High Halden im Herzen der Landschaft Kents. Die Gemeinde wird im Domesday Buch aufgef\u00fchrt.<\/p>\n<ul>\n<li>Grillm\u00f6glichkeit<\/li>\n<li>Unkomplizierte Parkm\u00f6glichkeit<\/li>\n<li>Garten<\/li>\n<li>Schlafzimmer und Badezimmer im Erdgeschoss<\/li>\n<li>Internetzugang<\/li>\n<li>Bettzeug und Handt\u00fccher inclusive<\/li>\n<li>Haustiere willkommen<\/li>\n<li>Fernseher und DVD<\/li>\n<li>M\u00f6glichkeit, W\u00e4sche zu waschen<\/li>\n<li>Kinderreisebett<\/li>\n<\/ul>\n<p>Die Stadt Ashford befindet sich ungef\u00e4hr zwanzig Minuten Autofahrt entfernt, und von hier aus k\u00f6nnen Sie Hauptzugverbindungen nach London erhalten, falls Sie f\u00fcr einen Tag in die Hauptstadt reisen m\u00f6chten. Lediglich zehn Minuten Autofahrt von Rye entfernt, befindet sich das Rye Hafen-Naturreservoir, wo Sie entlang der Hafenmauer spazieren k\u00f6nnen bis hinaus ins Marschland, um Flora und Fauna zu genie\u00dfen.<\/p>\n<p style=\"text-align: center;\"><strong>Bei uns finden Sie Ferienh\u00e4user zum Verlieben \u2013 so einfach ist das!<\/strong><\/p>\n<p style=\"text-align: center;\"><a class=\"tidycta\" href=\"https:\/\/www.urlaubcornwall.de\/ferienhaeuser\/suedengland.php\">Suche Ferienh\u00e4user in Kent<\/a><\/p>\n<p style=\"text-align: center;\">Um Kent in Ihre Rundreise durch S\u00fcdengland mit einzugliedern, stellen Sie Ihre Anfrage hier oder w\u00e4hlen Sie ein Ferienhaus aus unserer besten Auswahl handverlesener und inspizierter H\u00e4user aus.<\/p>\n\n","protected":false},"excerpt":{"rendered":"<p>Bleiben Sie in diesem gem\u00fctlichen Ferienhaus f\u00fcr vier Personen im Herzen Kents, in der N\u00e4he von Ashford. Sie betreten das Geb\u00e4ude durch eine gro\u00dfe alte Eichent\u00fcr, die direkt in den offenen Wohnbereich f\u00fchrt mit Eichenbalken und sonnigem Ausblick. Sie finden auch eine gut ausgestattete K\u00fcche mit s\u00e4mtlichen modernen Annehmlichkeiten, die Ihnen dabei helfen, diesen Selbstversorgerurlaub [&hellip;]<\/p>\n","protected":false},"author":1,"featured_media":0,"parent":0,"menu_order":0,"comment_status":"closed","ping_status":"closed","template":"single-two.php","meta":[],"acf":[],"yoast_head":"<!-- This site is optimized with the Yoast SEO plugin v19.4 - https:\/\/yoast.com\/wordpress\/plugins\/seo\/ -->\n<title>Ferienhaus Ashford: Potkiln Farmhouse Cottage, Kent - Urlaub &amp; Reisen<\/title>\n<meta name=\"robots\" content=\"index, follow, max-snippet:-1, max-image-preview:large, max-video-preview:-1\" \/>\n<link rel=\"canonical\" href=\"https:\/\/www.urlaubcornwall.de\/blog\/ferienhaus-ashford-potkiln-farmhouse-cottage-kent\/\" \/>\n<meta property=\"og:locale\" content=\"en_US\" \/>\n<meta property=\"og:type\" content=\"article\" \/>\n<meta property=\"og:title\" content=\"Ferienhaus Ashford: Potkiln Farmhouse Cottage, Kent - Urlaub &amp; Reisen\" \/>\n<meta property=\"og:description\" content=\"Bleiben Sie in diesem gem\u00fctlichen Ferienhaus f\u00fcr vier Personen im Herzen Kents, in der N\u00e4he von Ashford. Sie betreten das Geb\u00e4ude durch eine gro\u00dfe alte Eichent\u00fcr, die direkt in den offenen Wohnbereich f\u00fchrt mit Eichenbalken und sonnigem Ausblick. Sie finden auch eine gut ausgestattete K\u00fcche mit s\u00e4mtlichen modernen Annehmlichkeiten, die Ihnen dabei helfen, diesen Selbstversorgerurlaub [&hellip;]\" \/>\n<meta property=\"og:url\" content=\"https:\/\/www.urlaubcornwall.de\/blog\/ferienhaus-ashford-potkiln-farmhouse-cottage-kent\/\" \/>\n<meta property=\"og:site_name\" content=\"Urlaub &amp; Reisen\" \/>\n<meta property=\"article:modified_time\" content=\"2019-04-01T08:52:58+00:00\" \/>\n<meta name=\"twitter:card\" content=\"summary\" \/>\n<meta name=\"twitter:label1\" content=\"Est. reading time\" \/>\n\t<meta name=\"twitter:data1\" content=\"2 minutes\" \/>\n<script type=\"application\/ld+json\" class=\"yoast-schema-graph\">{\"@context\":\"https:\/\/schema.org\",\"@graph\":[{\"@type\":\"WebSite\",\"@id\":\"https:\/\/www.urlaubcornwall.de\/blog\/#website\",\"url\":\"https:\/\/www.urlaubcornwall.de\/blog\/\",\"name\":\"Urlaub &amp; Reisen\",\"description\":\"Urlaub, Reisen, Cornwall und S\u00fcdengland: eine perfekte Kombination\",\"potentialAction\":[{\"@type\":\"SearchAction\",\"target\":{\"@type\":\"EntryPoint\",\"urlTemplate\":\"https:\/\/www.urlaubcornwall.de\/blog\/?s={search_term_string}\"},\"query-input\":\"required name=search_term_string\"}],\"inLanguage\":\"en-US\"},{\"@type\":\"WebPage\",\"@id\":\"https:\/\/www.urlaubcornwall.de\/blog\/ferienhaus-ashford-potkiln-farmhouse-cottage-kent\/\",\"url\":\"https:\/\/www.urlaubcornwall.de\/blog\/ferienhaus-ashford-potkiln-farmhouse-cottage-kent\/\",\"name\":\"Ferienhaus Ashford: Potkiln Farmhouse Cottage, Kent - Urlaub &amp; Reisen\",\"isPartOf\":{\"@id\":\"https:\/\/www.urlaubcornwall.de\/blog\/#website\"},\"datePublished\":\"2014-12-03T11:03:53+00:00\",\"dateModified\":\"2019-04-01T08:52:58+00:00\",\"breadcrumb\":{\"@id\":\"https:\/\/www.urlaubcornwall.de\/blog\/ferienhaus-ashford-potkiln-farmhouse-cottage-kent\/#breadcrumb\"},\"inLanguage\":\"en-US\",\"potentialAction\":[{\"@type\":\"ReadAction\",\"target\":[\"https:\/\/www.urlaubcornwall.de\/blog\/ferienhaus-ashford-potkiln-farmhouse-cottage-kent\/\"]}]},{\"@type\":\"BreadcrumbList\",\"@id\":\"https:\/\/www.urlaubcornwall.de\/blog\/ferienhaus-ashford-potkiln-farmhouse-cottage-kent\/#breadcrumb\",\"itemListElement\":[{\"@type\":\"ListItem\",\"position\":1,\"name\":\"Home\",\"item\":\"https:\/\/www.urlaubcornwall.de\/blog\/\"},{\"@type\":\"ListItem\",\"position\":2,\"name\":\"Ferienhaus Ashford: Potkiln Farmhouse Cottage, Kent\"}]}]}<\/script>\n<!-- \/ Yoast SEO plugin. -->","yoast_head_json":{"title":"Ferienhaus Ashford: Potkiln Farmhouse Cottage, Kent - Urlaub &amp; Reisen","robots":{"index":"index","follow":"follow","max-snippet":"max-snippet:-1","max-image-preview":"max-image-preview:large","max-video-preview":"max-video-preview:-1"},"canonical":"https:\/\/www.urlaubcornwall.de\/blog\/ferienhaus-ashford-potkiln-farmhouse-cottage-kent\/","og_locale":"en_US","og_type":"article","og_title":"Ferienhaus Ashford: Potkiln Farmhouse Cottage, Kent - Urlaub &amp; Reisen","og_description":"Bleiben Sie in diesem gem\u00fctlichen Ferienhaus f\u00fcr vier Personen im Herzen Kents, in der N\u00e4he von Ashford. Sie betreten das Geb\u00e4ude durch eine gro\u00dfe alte Eichent\u00fcr, die direkt in den offenen Wohnbereich f\u00fchrt mit Eichenbalken und sonnigem Ausblick. Sie finden auch eine gut ausgestattete K\u00fcche mit s\u00e4mtlichen modernen Annehmlichkeiten, die Ihnen dabei helfen, diesen Selbstversorgerurlaub [&hellip;]","og_url":"https:\/\/www.urlaubcornwall.de\/blog\/ferienhaus-ashford-potkiln-farmhouse-cottage-kent\/","og_site_name":"Urlaub &amp; Reisen","article_modified_time":"2019-04-01T08:52:58+00:00","twitter_card":"summary","twitter_misc":{"Est. reading time":"2 minutes"},"schema":{"@context":"https:\/\/schema.org","@graph":[{"@type":"WebSite","@id":"https:\/\/www.urlaubcornwall.de\/blog\/#website","url":"https:\/\/www.urlaubcornwall.de\/blog\/","name":"Urlaub &amp; Reisen","description":"Urlaub, Reisen, Cornwall und S\u00fcdengland: eine perfekte Kombination","potentialAction":[{"@type":"SearchAction","target":{"@type":"EntryPoint","urlTemplate":"https:\/\/www.urlaubcornwall.de\/blog\/?s={search_term_string}"},"query-input":"required name=search_term_string"}],"inLanguage":"en-US"},{"@type":"WebPage","@id":"https:\/\/www.urlaubcornwall.de\/blog\/ferienhaus-ashford-potkiln-farmhouse-cottage-kent\/","url":"https:\/\/www.urlaubcornwall.de\/blog\/ferienhaus-ashford-potkiln-farmhouse-cottage-kent\/","name":"Ferienhaus Ashford: Potkiln Farmhouse Cottage, Kent - Urlaub &amp; Reisen","isPartOf":{"@id":"https:\/\/www.urlaubcornwall.de\/blog\/#website"},"datePublished":"2014-12-03T11:03:53+00:00","dateModified":"2019-04-01T08:52:58+00:00","breadcrumb":{"@id":"https:\/\/www.urlaubcornwall.de\/blog\/ferienhaus-ashford-potkiln-farmhouse-cottage-kent\/#breadcrumb"},"inLanguage":"en-US","potentialAction":[{"@type":"ReadAction","target":["https:\/\/www.urlaubcornwall.de\/blog\/ferienhaus-ashford-potkiln-farmhouse-cottage-kent\/"]}]},{"@type":"BreadcrumbList","@id":"https:\/\/www.urlaubcornwall.de\/blog\/ferienhaus-ashford-potkiln-farmhouse-cottage-kent\/#breadcrumb","itemListElement":[{"@type":"ListItem","position":1,"name":"Home","item":"https:\/\/www.urlaubcornwall.de\/blog\/"},{"@type":"ListItem","position":2,"name":"Ferienhaus Ashford: Potkiln Farmhouse Cottage, Kent"}]}]}},"_links":{"self":[{"href":"https:\/\/www.urlaubcornwall.de\/blog\/wp-json\/wp\/v2\/pages\/17294"}],"collection":[{"href":"https:\/\/www.urlaubcornwall.de\/blog\/wp-json\/wp\/v2\/pages"}],"about":[{"href":"https:\/\/www.urlaubcornwall.de\/blog\/wp-json\/wp\/v2\/types\/page"}],"author":[{"embeddable":true,"href":"https:\/\/www.urlaubcornwall.de\/blog\/wp-json\/wp\/v2\/users\/1"}],"replies":[{"embeddable":true,"href":"https:\/\/www.urlaubcornwall.de\/blog\/wp-json\/wp\/v2\/comments?post=17294"}],"version-history":[{"count":7,"href":"https:\/\/www.urlaubcornwall.de\/blog\/wp-json\/wp\/v2\/pages\/17294\/revisions"}],"predecessor-version":[{"id":36935,"href":"https:\/\/www.urlaubcornwall.de\/blog\/wp-json\/wp\/v2\/pages\/17294\/revisions\/36935"}],"wp:attachment":[{"href":"https:\/\/www.urlaubcornwall.de\/blog\/wp-json\/wp\/v2\/media?parent=17294"}],"curies":[{"name":"wp","href":"https:\/\/api.w.org\/{rel}","templated":true}]}}