{"id":17254,"date":"2014-11-28T14:44:36","date_gmt":"2014-11-28T14:44:36","guid":{"rendered":"https:\/\/www.urlaubcornwall.de\/blog\/?page_id=17254"},"modified":"2021-09-02T10:02:19","modified_gmt":"2021-09-02T10:02:19","slug":"ferienhaus-pendeen-shady-lane-cottage-lands-end","status":"publish","type":"page","link":"https:\/\/www.urlaubcornwall.de\/blog\/ferienhaus-pendeen-shady-lane-cottage-lands-end\/","title":{"rendered":"Ferienhaus Pendeen &#8211; Shady Lane Cottage, Lands End"},"content":{"rendered":"<p><strong>2 Schlafzimmer,  4 Personen + Kinderreisebett, hundefreundlich, Ferienhaus 8.5 Kilometer N von Sennen, West-Cornwall. Preisspanne G (\u00a3360 &#8211; \u00a3852)  <\/strong><\/p>\n<p>Innerhalb von zwei Meilen dramatischer K\u00fcste im fernen Westende Cornwalls gelegen, bildet Shady Lane Cottage einen idyllischen R\u00fcckzugsort f\u00fcr Strandurlaube. Sie werden von diesem h\u00fcbschen, gem\u00fctlichen Cottage entz\u00fcckt sein. Sie gelangen durch den sch\u00f6nen, eingegrenzten Garten zu diesem ger\u00e4umigen und komfortablen Cottage.<\/p>\n<p style=\"text-align: center;\"><a class=\"tidycta\" href=\"https:\/\/www.urlaubcornwall.de\/ferienhaeuser-fewos\/lands-end.html\">Suche Ferienh\u00e4user Pendeen<\/a><\/p>\n<p>Stilvoll mit Flair f\u00fchrt Sie die Eingangshalle mit Schieferboden zu einem gro\u00dfen Wohnzimmer mit Eichenb\u00f6den und einem w\u00e4rmenden Holzofen. Der K\u00fcchen-\/Essbereich ist gut ausgestattet mit einer ma\u00dfgeschneiderten, im Shaker-Stil gestrichenen K\u00fcche mit einem Bauerntisch; perfekt f\u00fcr ein Zusammenkommen von Freunden oder Familie. Von hier aus f\u00fchrt eine T\u00fcr hinaus zum sonnigen hinteren Freisitz. Eine Treppe f\u00fchrt hinauf zum modernen Familienbadezimmer und zwei h\u00fcbschen Doppelschlafzimmern. Sie k\u00f6nnen vom ersten Stock aus einen Meeresblick erhaschen, und ein ausgezeichneter Einkaufsladen und eine Kneipe sind ganz in der N\u00e4he. Wonach mehr k\u00f6nnten Sie also verlangen f\u00fcr einen wahrhaft entspannenden Urlaub?<\/p>\n<p>Einrichtung &amp; Dienstleistungen<\/p>\n<p><em>Einschlie\u00dflich <\/em>Gasheizung, Kinderreisebett, WiFi.<\/p>\n<ul>\n<li>Private Parkm\u00f6glichkeit f\u00fcr ein Auto<\/li>\n<li>Gartenm\u00f6bel<\/li>\n<li>Einkaufsladen 300 m<\/li>\n<li>Kneipe 300 m<\/li>\n<li>Golf (18 Loch) 3km<\/li>\n<li>Nichtraucher<\/li>\n<li>Hunde willkommen (1 kleiner Hund)<\/li>\n<li>Ankunft\/Abreise Freitag<\/li>\n<\/ul>\n<p style=\"text-align: center;\"><a class=\"tidycta\" href=\"https:\/\/www.urlaubcornwall.de\/ferienhaeuser-fewos\/lands-end.html\">Suche Ferienh\u00e4user Pendeen<\/a><\/p>\n<p>Um UrlaubCornwall.de einzigartige Kollektion nach Ihrem idealen Ferienhaus zu durchsuchen. <a href=\"https:\/\/www.urlaubcornwall.de\/ferienhaeuser\/cornwall.php\"><span style=\"text-decoration: underline;\">Klicken Sie hier<\/span> &gt;&gt;<\/a><\/p>\n","protected":false},"excerpt":{"rendered":"<p>2 Schlafzimmer, 4 Personen + Kinderreisebett, hundefreundlich, Ferienhaus 8.5 Kilometer N von Sennen, West-Cornwall. Preisspanne G (\u00a3360 &#8211; \u00a3852) Innerhalb von zwei Meilen dramatischer K\u00fcste im fernen Westende Cornwalls gelegen, bildet Shady Lane Cottage einen idyllischen R\u00fcckzugsort f\u00fcr Strandurlaube. Sie werden von diesem h\u00fcbschen, gem\u00fctlichen Cottage entz\u00fcckt sein. Sie gelangen durch den sch\u00f6nen, eingegrenzten Garten [&hellip;]<\/p>\n","protected":false},"author":1,"featured_media":0,"parent":0,"menu_order":0,"comment_status":"closed","ping_status":"closed","template":"single-two.php","meta":[],"acf":[],"yoast_head":"<!-- This site is optimized with the Yoast SEO plugin v19.4 - https:\/\/yoast.com\/wordpress\/plugins\/seo\/ -->\n<title>Ferienhaus Pendeen - Shady Lane Cottage, Lands End - Urlaub &amp; Reisen<\/title>\n<meta name=\"robots\" content=\"index, follow, max-snippet:-1, max-image-preview:large, max-video-preview:-1\" \/>\n<link rel=\"canonical\" href=\"https:\/\/www.urlaubcornwall.de\/blog\/ferienhaus-pendeen-shady-lane-cottage-lands-end\/\" \/>\n<meta property=\"og:locale\" content=\"en_US\" \/>\n<meta property=\"og:type\" content=\"article\" \/>\n<meta property=\"og:title\" content=\"Ferienhaus Pendeen - Shady Lane Cottage, Lands End - Urlaub &amp; Reisen\" \/>\n<meta property=\"og:description\" content=\"2 Schlafzimmer, 4 Personen + Kinderreisebett, hundefreundlich, Ferienhaus 8.5 Kilometer N von Sennen, West-Cornwall. Preisspanne G (\u00a3360 &#8211; \u00a3852) Innerhalb von zwei Meilen dramatischer K\u00fcste im fernen Westende Cornwalls gelegen, bildet Shady Lane Cottage einen idyllischen R\u00fcckzugsort f\u00fcr Strandurlaube. Sie werden von diesem h\u00fcbschen, gem\u00fctlichen Cottage entz\u00fcckt sein. Sie gelangen durch den sch\u00f6nen, eingegrenzten Garten [&hellip;]\" \/>\n<meta property=\"og:url\" content=\"https:\/\/www.urlaubcornwall.de\/blog\/ferienhaus-pendeen-shady-lane-cottage-lands-end\/\" \/>\n<meta property=\"og:site_name\" content=\"Urlaub &amp; Reisen\" \/>\n<meta property=\"article:modified_time\" content=\"2021-09-02T10:02:19+00:00\" \/>\n<meta name=\"twitter:card\" content=\"summary\" \/>\n<meta name=\"twitter:label1\" content=\"Est. reading time\" \/>\n\t<meta name=\"twitter:data1\" content=\"1 minute\" \/>\n<script type=\"application\/ld+json\" class=\"yoast-schema-graph\">{\"@context\":\"https:\/\/schema.org\",\"@graph\":[{\"@type\":\"WebSite\",\"@id\":\"https:\/\/www.urlaubcornwall.de\/blog\/#website\",\"url\":\"https:\/\/www.urlaubcornwall.de\/blog\/\",\"name\":\"Urlaub &amp; Reisen\",\"description\":\"Urlaub, Reisen, Cornwall und S\u00fcdengland: eine perfekte Kombination\",\"potentialAction\":[{\"@type\":\"SearchAction\",\"target\":{\"@type\":\"EntryPoint\",\"urlTemplate\":\"https:\/\/www.urlaubcornwall.de\/blog\/?s={search_term_string}\"},\"query-input\":\"required name=search_term_string\"}],\"inLanguage\":\"en-US\"},{\"@type\":\"WebPage\",\"@id\":\"https:\/\/www.urlaubcornwall.de\/blog\/ferienhaus-pendeen-shady-lane-cottage-lands-end\/\",\"url\":\"https:\/\/www.urlaubcornwall.de\/blog\/ferienhaus-pendeen-shady-lane-cottage-lands-end\/\",\"name\":\"Ferienhaus Pendeen - Shady Lane Cottage, Lands End - Urlaub &amp; Reisen\",\"isPartOf\":{\"@id\":\"https:\/\/www.urlaubcornwall.de\/blog\/#website\"},\"datePublished\":\"2014-11-28T14:44:36+00:00\",\"dateModified\":\"2021-09-02T10:02:19+00:00\",\"breadcrumb\":{\"@id\":\"https:\/\/www.urlaubcornwall.de\/blog\/ferienhaus-pendeen-shady-lane-cottage-lands-end\/#breadcrumb\"},\"inLanguage\":\"en-US\",\"potentialAction\":[{\"@type\":\"ReadAction\",\"target\":[\"https:\/\/www.urlaubcornwall.de\/blog\/ferienhaus-pendeen-shady-lane-cottage-lands-end\/\"]}]},{\"@type\":\"BreadcrumbList\",\"@id\":\"https:\/\/www.urlaubcornwall.de\/blog\/ferienhaus-pendeen-shady-lane-cottage-lands-end\/#breadcrumb\",\"itemListElement\":[{\"@type\":\"ListItem\",\"position\":1,\"name\":\"Home\",\"item\":\"https:\/\/www.urlaubcornwall.de\/blog\/\"},{\"@type\":\"ListItem\",\"position\":2,\"name\":\"Ferienhaus Pendeen &#8211; Shady Lane Cottage, Lands End\"}]}]}<\/script>\n<!-- \/ Yoast SEO plugin. -->","yoast_head_json":{"title":"Ferienhaus Pendeen - Shady Lane Cottage, Lands End - Urlaub &amp; Reisen","robots":{"index":"index","follow":"follow","max-snippet":"max-snippet:-1","max-image-preview":"max-image-preview:large","max-video-preview":"max-video-preview:-1"},"canonical":"https:\/\/www.urlaubcornwall.de\/blog\/ferienhaus-pendeen-shady-lane-cottage-lands-end\/","og_locale":"en_US","og_type":"article","og_title":"Ferienhaus Pendeen - Shady Lane Cottage, Lands End - Urlaub &amp; Reisen","og_description":"2 Schlafzimmer, 4 Personen + Kinderreisebett, hundefreundlich, Ferienhaus 8.5 Kilometer N von Sennen, West-Cornwall. Preisspanne G (\u00a3360 &#8211; \u00a3852) Innerhalb von zwei Meilen dramatischer K\u00fcste im fernen Westende Cornwalls gelegen, bildet Shady Lane Cottage einen idyllischen R\u00fcckzugsort f\u00fcr Strandurlaube. Sie werden von diesem h\u00fcbschen, gem\u00fctlichen Cottage entz\u00fcckt sein. Sie gelangen durch den sch\u00f6nen, eingegrenzten Garten [&hellip;]","og_url":"https:\/\/www.urlaubcornwall.de\/blog\/ferienhaus-pendeen-shady-lane-cottage-lands-end\/","og_site_name":"Urlaub &amp; Reisen","article_modified_time":"2021-09-02T10:02:19+00:00","twitter_card":"summary","twitter_misc":{"Est. reading time":"1 minute"},"schema":{"@context":"https:\/\/schema.org","@graph":[{"@type":"WebSite","@id":"https:\/\/www.urlaubcornwall.de\/blog\/#website","url":"https:\/\/www.urlaubcornwall.de\/blog\/","name":"Urlaub &amp; Reisen","description":"Urlaub, Reisen, Cornwall und S\u00fcdengland: eine perfekte Kombination","potentialAction":[{"@type":"SearchAction","target":{"@type":"EntryPoint","urlTemplate":"https:\/\/www.urlaubcornwall.de\/blog\/?s={search_term_string}"},"query-input":"required name=search_term_string"}],"inLanguage":"en-US"},{"@type":"WebPage","@id":"https:\/\/www.urlaubcornwall.de\/blog\/ferienhaus-pendeen-shady-lane-cottage-lands-end\/","url":"https:\/\/www.urlaubcornwall.de\/blog\/ferienhaus-pendeen-shady-lane-cottage-lands-end\/","name":"Ferienhaus Pendeen - Shady Lane Cottage, Lands End - Urlaub &amp; Reisen","isPartOf":{"@id":"https:\/\/www.urlaubcornwall.de\/blog\/#website"},"datePublished":"2014-11-28T14:44:36+00:00","dateModified":"2021-09-02T10:02:19+00:00","breadcrumb":{"@id":"https:\/\/www.urlaubcornwall.de\/blog\/ferienhaus-pendeen-shady-lane-cottage-lands-end\/#breadcrumb"},"inLanguage":"en-US","potentialAction":[{"@type":"ReadAction","target":["https:\/\/www.urlaubcornwall.de\/blog\/ferienhaus-pendeen-shady-lane-cottage-lands-end\/"]}]},{"@type":"BreadcrumbList","@id":"https:\/\/www.urlaubcornwall.de\/blog\/ferienhaus-pendeen-shady-lane-cottage-lands-end\/#breadcrumb","itemListElement":[{"@type":"ListItem","position":1,"name":"Home","item":"https:\/\/www.urlaubcornwall.de\/blog\/"},{"@type":"ListItem","position":2,"name":"Ferienhaus Pendeen &#8211; Shady Lane Cottage, Lands End"}]}]}},"_links":{"self":[{"href":"https:\/\/www.urlaubcornwall.de\/blog\/wp-json\/wp\/v2\/pages\/17254"}],"collection":[{"href":"https:\/\/www.urlaubcornwall.de\/blog\/wp-json\/wp\/v2\/pages"}],"about":[{"href":"https:\/\/www.urlaubcornwall.de\/blog\/wp-json\/wp\/v2\/types\/page"}],"author":[{"embeddable":true,"href":"https:\/\/www.urlaubcornwall.de\/blog\/wp-json\/wp\/v2\/users\/1"}],"replies":[{"embeddable":true,"href":"https:\/\/www.urlaubcornwall.de\/blog\/wp-json\/wp\/v2\/comments?post=17254"}],"version-history":[{"count":7,"href":"https:\/\/www.urlaubcornwall.de\/blog\/wp-json\/wp\/v2\/pages\/17254\/revisions"}],"predecessor-version":[{"id":42447,"href":"https:\/\/www.urlaubcornwall.de\/blog\/wp-json\/wp\/v2\/pages\/17254\/revisions\/42447"}],"wp:attachment":[{"href":"https:\/\/www.urlaubcornwall.de\/blog\/wp-json\/wp\/v2\/media?parent=17254"}],"curies":[{"name":"wp","href":"https:\/\/api.w.org\/{rel}","templated":true}]}}